{"id":20127,"date":"2025-03-19T15:33:21","date_gmt":"2025-03-19T15:33:21","guid":{"rendered":"https:\/\/white-ant-267257.hostingersite.com\/?page_id=20127"},"modified":"2025-04-06T08:20:50","modified_gmt":"2025-04-06T08:20:50","slug":"unforgettable-leaders-book","status":"publish","type":"page","link":"https:\/\/tamerbadr.com\/pl\/unforgettable-leaders-book","title":{"rendered":"Ksi\u0105\u017cka Niezapomniani Liderzy"},"content":{"rendered":"<div data-elementor-type=\"wp-page\" data-elementor-id=\"20127\" class=\"elementor elementor-20127\" data-elementor-post-type=\"page\">\n\t\t\t\t<div class=\"elementor-element elementor-element-c8c7aab e-flex e-con-boxed e-con e-parent\" data-id=\"c8c7aab\" data-element_type=\"container\">\n\t\t\t\t\t<div class=\"e-con-inner\">\n\t\t<div class=\"elementor-element elementor-element-6483b1a e-con-full e-flex e-con e-child\" data-id=\"6483b1a\" data-element_type=\"container\">\n\t\t\t\t<div class=\"elementor-element elementor-element-6058eb2 elementor-widget elementor-widget-wc-elements\" data-id=\"6058eb2\" data-element_type=\"widget\" data-widget_type=\"wc-elements.default\">\n\t\t\t\t<div class=\"elementor-widget-container\">\n\t\t\t\t\t<div class=\"woocommerce\">\t\t\t<div class=\"single-product\" data-product-page-preselected-id=\"0\">\n\t\t\t\t<div class=\"woocommerce-notices-wrapper\"><\/div><div id=\"product-19581\" class=\"product type-product post-19581 status-publish first instock product_cat-189 has-post-thumbnail downloadable shipping-taxable purchasable product-type-simple\">\n\n\t<div class=\"woocommerce-product-gallery woocommerce-product-gallery--with-images woocommerce-product-gallery--columns-4 images\" data-columns=\"4\" style=\"opacity: 0; transition: opacity .25s ease-in-out;\">\n\t<div class=\"woocommerce-product-gallery__wrapper\">\n\t\t<div data-thumb=\"https:\/\/tamerbadr.com\/wp-content\/uploads\/2025\/03\/\u0642\u0627\u062f\u0629-\u0644\u0627-\u062a\u0646\u0633\u0649--scaled-scaled.jpg\" data-thumb-alt=\"\u0643\u062a\u0627\u0628 \u0642\u0627\u062f\u0629 \u0644\u0627 \u062a\u0646\u0633\u0649\" data-thumb-srcset=\"\"  data-thumb-sizes=\"(max-width: 100px) 100vw, 100px\" class=\"woocommerce-product-gallery__image\"><a href=\"https:\/\/tamerbadr.com\/wp-content\/uploads\/2025\/03\/\u0642\u0627\u062f\u0629-\u0644\u0627-\u062a\u0646\u0633\u0649--scaled-scaled.jpg\"><img fetchpriority=\"high\" decoding=\"async\" width=\"2049\" height=\"1453\" src=\"https:\/\/tamerbadr.com\/wp-content\/uploads\/2025\/03\/\u0642\u0627\u062f\u0629-\u0644\u0627-\u062a\u0646\u0633\u0649--scaled-scaled.jpg\" class=\"wp-post-image\" alt=\"Ksi\u0105\u017cka Niezapomniani Liderzy\" data-caption=\"\" data-src=\"https:\/\/tamerbadr.com\/wp-content\/uploads\/2025\/03\/\u0642\u0627\u062f\u0629-\u0644\u0627-\u062a\u0646\u0633\u0649--scaled-scaled.jpg\" data-large_image=\"https:\/\/tamerbadr.com\/wp-content\/uploads\/2025\/03\/\u0642\u0627\u062f\u0629-\u0644\u0627-\u062a\u0646\u0633\u0649--scaled-scaled.jpg\" data-large_image_width=\"2049\" data-large_image_height=\"1453\" \/><\/a><\/div><div data-thumb=\"https:\/\/tamerbadr.com\/wp-content\/uploads\/2025\/03\/\u0642\u0627\u062f\u0629-\u0644\u0627-\u062a\u0646\u0633\u0649.jpeg\" data-thumb-alt=\"\u0643\u062a\u0627\u0628 \u0642\u0627\u062f\u0629 \u0644\u0627 \u062a\u0646\u0633\u0649 - obrazek 2\" data-thumb-srcset=\"\"  data-thumb-sizes=\"(max-width: 67px) 100vw, 67px\" class=\"woocommerce-product-gallery__image\" data-no-translation-data-thumb-alt=\"\"><a href=\"https:\/\/tamerbadr.com\/wp-content\/uploads\/2025\/03\/\u0642\u0627\u062f\u0629-\u0644\u0627-\u062a\u0646\u0633\u0649.jpeg\"><img decoding=\"async\" width=\"532\" height=\"796\" src=\"https:\/\/tamerbadr.com\/wp-content\/uploads\/2025\/03\/\u0642\u0627\u062f\u0629-\u0644\u0627-\u062a\u0646\u0633\u0649.jpeg\" class=\"\" alt=\"\u0643\u062a\u0627\u0628 \u0642\u0627\u062f\u0629 \u0644\u0627 \u062a\u0646\u0633\u0649 - obrazek 2\" data-caption=\"\" data-src=\"https:\/\/tamerbadr.com\/wp-content\/uploads\/2025\/03\/\u0642\u0627\u062f\u0629-\u0644\u0627-\u062a\u0646\u0633\u0649.jpeg\" data-large_image=\"https:\/\/tamerbadr.com\/wp-content\/uploads\/2025\/03\/\u0642\u0627\u062f\u0629-\u0644\u0627-\u062a\u0646\u0633\u0649.jpeg\" data-large_image_width=\"532\" data-large_image_height=\"796\" data-no-translation-alt=\"\" \/><\/a><\/div><div data-thumb=\"https:\/\/tamerbadr.com\/wp-content\/uploads\/2025\/03\/\u0645\u0624\u0644\u0641\u0627\u062a-\u062a\u0627\u0645\u0631-\u0628\u062f\u0631-1-6.jpg\" data-thumb-alt=\"\u0643\u062a\u0627\u0628 \u0642\u0627\u062f\u0629 \u0644\u0627 \u062a\u0646\u0633\u0649 - obrazek 3\" data-thumb-srcset=\"\"  data-thumb-sizes=\"(max-width: 92px) 100vw, 92px\" class=\"woocommerce-product-gallery__image\" data-no-translation-data-thumb-alt=\"\"><a href=\"https:\/\/tamerbadr.com\/wp-content\/uploads\/2025\/03\/\u0645\u0624\u0644\u0641\u0627\u062a-\u062a\u0627\u0645\u0631-\u0628\u062f\u0631-1-6.jpg\"><img decoding=\"async\" width=\"389\" height=\"422\" src=\"https:\/\/tamerbadr.com\/wp-content\/uploads\/2025\/03\/\u0645\u0624\u0644\u0641\u0627\u062a-\u062a\u0627\u0645\u0631-\u0628\u062f\u0631-1-6.jpg\" class=\"\" alt=\"\u0643\u062a\u0627\u0628 \u0642\u0627\u062f\u0629 \u0644\u0627 \u062a\u0646\u0633\u0649 - obrazek 3\" data-caption=\"CREATOR: gd-jpeg v1.0 (using IJG JPEG v62), quality = 90\" data-src=\"https:\/\/tamerbadr.com\/wp-content\/uploads\/2025\/03\/\u0645\u0624\u0644\u0641\u0627\u062a-\u062a\u0627\u0645\u0631-\u0628\u062f\u0631-1-6.jpg\" data-large_image=\"https:\/\/tamerbadr.com\/wp-content\/uploads\/2025\/03\/\u0645\u0624\u0644\u0641\u0627\u062a-\u062a\u0627\u0645\u0631-\u0628\u062f\u0631-1-6.jpg\" data-large_image_width=\"389\" data-large_image_height=\"422\" data-no-translation-alt=\"\" \/><\/a><\/div>\t<\/div>\n<\/div>\n\n\t<div class=\"summary entry-summary\">\n\t\t<h1 class=\"product_title entry-title\">Ksi\u0105\u017cka Niezapomniani Liderzy<\/h1><p class=\"price\"><span class=\"woocommerce-Price-amount amount\"><bdi><span class=\"woocommerce-Price-currencySymbol\">EGP<\/span>60.00<\/bdi><\/span><\/p>\n\n\t\n\t<form class=\"cart\" action=\"\" method=\"post\" enctype='multipart\/form-data' data-trp-original-action=\"\">\n\t\t\n\t\t<div class=\"quantity\">\n\t\t<label class=\"screen-reader-text\" for=\"quantity_6a06345cc498b\" data-no-translation=\"\" data-trp-gettext=\"\">ilo\u015b\u0107 \u0643\u062a\u0627\u0628 \u0642\u0627\u062f\u0629 \u0644\u0627 \u062a\u0646\u0633\u0649<\/label>\n\t<input\n\t\ttype=\"number\"\n\t\t\t\tid=\"quantity_6a06345cc498b\"\n\t\tclass=\"input-text qty text\"\n\t\tname=\"quantity\"\n\t\tvalue=\"1\"\n\t\taria-label=\"Ilo\u015b\u0107 produktu\"\n\t\t\t\tmin=\"1\"\n\t\t\t\t\t\t\tstep=\"1\"\n\t\t\tplaceholder=\"\"\n\t\t\tinputmode=\"numeric\"\n\t\t\tautocomplete=\"off\" data-no-translation-aria-label=\"\"\n\t\t\t\/>\n\t<\/div>\n\n\t\t<button type=\"submit\" name=\"add-to-cart\" value=\"19581\" class=\"single_add_to_cart_button button alt\" data-no-translation=\"\" data-trp-gettext=\"\">Dodaj do koszyka<\/button>\n\n\t\t\n        <script>\n            document.addEventListener('DOMContentLoaded', function(){\n                document.addEventListener('click', function(event){\n                    if(!event.target.matches('.single_add_to_cart_button')){\n                        return;\n                    }\n\n                    const quantity = document.querySelector('input.qty').value || '1';\n                    const formProductVariation = document.querySelector('form[data-product_variations]')\n                    const variationItem = document.querySelector('.variation_id')\n\n                    let price = 60\n                    if(formProductVariation && variationItem){\n                        try{\n                            const variations = JSON.parse(formProductVariation.dataset.product_variations)\n                            const variationId = variationItem.value\n                            for(const variation of variations){\n                                if(variation.variation_id == Number(variationId)){\n                                    price = variation.display_price\n                                }\n                            }\n                        }\n                        catch{\n                        }\n                    }\n\n                    gtag('event', 'add_to_cart', {\n                        'items': [ {\n                            'item_id':'19581',\n                            'item_name': '\u0643\u062a\u0627\u0628 \u0642\u0627\u062f\u0629 \u0644\u0627 \u062a\u0646\u0633\u0649',\n                            'list_name': '\u0643\u062a\u0627\u0628 \u0642\u0627\u062f\u0629 \u0644\u0627 \u062a\u0646\u0633\u0649',\n                            'quantity': quantity,\n                            'price': price,\n                            \"item_category\":\"\u062a\u0627\u0631\u064a\u062e \u0639\u0633\u0643\u0631\u064a\"\n                        }]\n                    });\n                })\n            });\n        <\/script>\n        \t<input type=\"hidden\" name=\"trp-form-language\" value=\"pl\"\/><\/form>\n\n\t\n<div class=\"product_meta\">\n\n\t\n\t\n\t<span class=\"posted_in\">Kategoria: <a href=\"https:\/\/tamerbadr.com\/pl\/kategoria-produktu\/%d8%aa%d8%a7%d8%b1%d9%8a%d8%ae-%d8%b9%d8%b3%d9%83%d8%b1%d9%8a\" rel=\"tag\">historia wojskowo\u015bci<\/a><\/span>\n\t\n\t\n<\/div>\n\t<\/div>\n\n\t\n\t<div class=\"woocommerce-tabs wc-tabs-wrapper\">\n\t\t<ul class=\"tabs wc-tabs\" role=\"tablist\">\n\t\t\t\t\t\t\t<li role=\"presentation\" class=\"description_tab\" id=\"tab-title-description\">\n\t\t\t\t\t<a href=\"#tab-description\" role=\"tab\" aria-controls=\"tab-description\">\n\t\t\t\t\t\tOpis\t\t\t\t\t<\/a>\n\t\t\t\t<\/li>\n\t\t\t\t\t\t\t<li role=\"presentation\" class=\"reviews_tab\" id=\"tab-title-reviews\">\n\t\t\t\t\t<a href=\"#tab-reviews\" role=\"tab\" aria-controls=\"tab-reviews\">\n\t\t\t\t\t\tOpinie (0)\t\t\t\t\t<\/a>\n\t\t\t\t<\/li>\n\t\t\t\t\t<\/ul>\n\t\t\t\t\t<div class=\"woocommerce-Tabs-panel woocommerce-Tabs-panel--description panel entry-content wc-tab\" id=\"tab-description\" role=\"tabpanel\" aria-labelledby=\"tab-title-description\">\n\t\t\t\t\n\t<h2 data-no-translation=\"\" data-trp-gettext=\"\">Opis<\/h2>\n\n<h1 style=\"text-align: center;\"><strong>Wprowadzenie profesora dr. Ragheba El-Sergany&#039;ego do ksi\u0105\u017cki Niezapomniani przyw\u00f3dcy<\/strong><\/h1>\n<h1 style=\"text-align: center;\">W historii narodu islamskiego byli ludzie, kt\u00f3rzy rzucali \u015bwiat\u0142o na bieg historii tym, kt\u00f3rzy przyszli po nich, ludzie, kt\u00f3rzy wyr\u00f3\u017cnili si\u0119 na ka\u017cdym polu.<\/h1>\n<h1 style=\"text-align: center;\">By\u0107 mo\u017ce nie znajdziecie w historii \u017cadnego narodu tylu wybitnych postaci. Za Ibn Umarem, niech B\u00f3g b\u0119dzie z niego zadowolony, kt\u00f3ry powiedzia\u0142: Wys\u0142annik Boga, niech B\u00f3g go b\u0142ogos\u0142awi i obdarzy pokojem, powiedzia\u0142: \u201eZnajdziecie ludzi gromadz\u0105cych si\u0119 w setkach miejsc, a ani jeden cz\u0142owiek nie znajdzie w\u015br\u00f3d nich wierzchowca\u201d. Przekazali Al-Buchari i Muslim.<\/h1>\n<h1 style=\"text-align: center;\">Tak wi\u0119c, niewielu jest wybitnych m\u0119\u017c\u00f3w w historii powszechnej, ale wielu z nich pojawi\u0142o si\u0119 i odnios\u0142o sukces w historii islamu i cywilizacji islamskiej.<\/h1>\n<h1 style=\"text-align: center;\">Pa\u0144stwo Islamskie narodzi\u0142o si\u0119 z odwa\u017cnych, bohaterskich mud\u017cahedin\u00f3w. Historia islamu zna wielu przyw\u00f3dc\u00f3w, kt\u00f3rzy poprowadzili armie islamskie do wielkich zwyci\u0119stw \u2013 dzi\u0119ki Bogu Wszechmog\u0105cemu, a tak\u017ce ich geniuszowi i odwadze!<\/h1>\n<h1 style=\"text-align: center;\">Wiek nie by\u0142 czynnikiem decyduj\u0105cym o wyborze przyw\u00f3dc\u00f3w w islamie, lecz kompetencje i umiej\u0119tno\u015bci. Pos\u0142aniec Bo\u017cy, niech B\u00f3g go b\u0142ogos\u0142awi i obdarzy pokojem, wybra\u0142 Osam\u0119 ibn Zaida, kt\u00f3ry mia\u0142 osiemna\u015bcie lat, na dow\u00f3dc\u0119 armii walcz\u0105cej z Rzymianami, a pod jego dow\u00f3dztwem znajdowali si\u0119 Abu Bakr i Umar ibn Al-Khattab.<\/h1>\n<h1 style=\"text-align: center;\">Bycie pierwszym, kt\u00f3ry przyj\u0105\u0142 islam, r\u00f3wnie\u017c nie mia\u0142o znaczenia. Pos\u0142aniec Bo\u017cy, niech B\u00f3g go b\u0142ogos\u0142awi i obdarzy pokojem, wyznaczy\u0142 Amra ibn al-Aasa (oby B\u00f3g by\u0142 z niego zadowolony) na dow\u00f3dc\u0119 starszych towarzyszy w bitwie pod Dhat al-Salasil, mimo \u017ce ten przeszed\u0142 na islam zaledwie kilka dni wcze\u015bniej. Podobnie, Chalid ibn al-Walid (oby B\u00f3g by\u0142 z niego zadowolony) poprowadzi\u0142 starszych towarzyszy w bitwie pod Mu&#039;tah, mimo \u017ce niedawno przeszed\u0142 na islam.<\/h1>\n<h1 style=\"text-align: center;\">Kryteria wyboru przyw\u00f3dc\u00f3w w historii islamu by\u0142y obiektywne i opiera\u0142y si\u0119 wy\u0142\u0105cznie na kompetencjach. Dlatego te\u017c, na przestrzeni dziej\u00f3w, cywilizacja islamska wykszta\u0142ci\u0142a wyj\u0105tkowych przyw\u00f3dc\u00f3w, kt\u00f3rzy nie mieli sobie r\u00f3wnych.<\/h1>\n<h1 style=\"text-align: center;\">P\u00f3\u017aniej muzu\u0142manie zrozumieli, \u017ce musz\u0105 przygotowywa\u0107 przysz\u0142ych przyw\u00f3dc\u00f3w, st\u0105d rozpowszechni\u0142y si\u0119 szkolenia w zakresie jazdy konnej, d\u017cihadu i \u0142ucznictwa.<\/h1>\n<h1 style=\"text-align: center;\">Historia przyw\u00f3dztwa w islamie jest pe\u0142na g\u0142\u0119bokich znacze\u0144, koncepcji i wyj\u0105tkowych osobowo\u015bci, st\u0105d znaczenie tej ksi\u0105\u017cki.<\/h1>\n<h1 style=\"text-align: center;\">Autor, Brat Tamer Badr - oby B\u00f3g mia\u0142 go w swojej opiece - zainteresowa\u0142 si\u0119 prze\u015bledzeniem biografii przyw\u00f3dc\u00f3w muzu\u0142ma\u0144skich i przedstawi\u0142 je nam w...<\/h1>\n<h1 style=\"text-align: center;\">\u0141atwy, elegancki i zwi\u0119z\u0142y styl, w kt\u00f3rym wyci\u0105ga\u0142 najwa\u017cniejsze punkty, kt\u00f3rych nar\u00f3d potrzebuje, aby zrozumie\u0107, jak by\u0142o.<\/h1>\n<h1 style=\"text-align: center;\">Przyw\u00f3dcy s\u0105 przygotowani, aby mo\u017cna by\u0142o wychowa\u0107 nowe pokolenia.<\/h1>\n<h1 style=\"text-align: center;\">Jak ju\u017c autor przyzwyczai\u0142 nas w swojej poprzedniej ksi\u0105\u017cce (\u201eNiezapomniane dni\u201d), ksi\u0105\u017cka zachwyca wci\u0105gaj\u0105cym stylem. Gdy tylko zaczniesz j\u0105 czyta\u0107, poczujesz potrzeb\u0119 kontynuacji a\u017c do samego ko\u0144ca.<\/h1>\n<h1 style=\"text-align: center;\">Prosz\u0119 Boga Wszechmog\u0105cego, aby przyj\u0105\u0142 wysi\u0142ki autora w\u0142o\u017cone w jego ksi\u0105\u017ck\u0119, aby j\u0105 przyj\u0105\u0142 i aby dzi\u0119ki niej przynios\u0142a po\u017cytek muzu\u0142manom. On jest tego Stra\u017cnikiem i jest w stanie to uczyni\u0107.<\/h1>\n<h1 style=\"text-align: center;\">\u00a0Prof. dr Ragheb Al-Sergani<\/h1>\n<h1 style=\"text-align: center;\">Kair w listopadzie 2011 r.<\/h1>\n\t\t\t<\/div>\n\t\t\t\t\t<div class=\"woocommerce-Tabs-panel woocommerce-Tabs-panel--reviews panel entry-content wc-tab\" id=\"tab-reviews\" role=\"tabpanel\" aria-labelledby=\"tab-title-reviews\">\n\t\t\t\t<div id=\"reviews\" class=\"woocommerce-Reviews\">\n\t<div id=\"comments\">\n\t\t<h2 class=\"woocommerce-Reviews-title\">\n\t\t\tOpinie\t\t<\/h2>\n\n\t\t\t\t\t<p class=\"woocommerce-noreviews\" data-no-translation=\"\" data-trp-gettext=\"\">Na razie nie ma opinii o produkcie.<\/p>\n\t\t\t<\/div>\n\n\t\t\t<div id=\"review_form_wrapper\">\n\t\t\t<div id=\"review_form\">\n\t\t\t\t\t<div id=\"respond\" class=\"comment-respond\">\n\t\t<span id=\"reply-title\" class=\"comment-reply-title\" role=\"heading\" aria-level=\"3\">Napisz pierwsz\u0105 opini\u0119 o &bdquo;\u0643\u062a\u0627\u0628 \u0642\u0627\u062f\u0629 \u0644\u0627 \u062a\u0646\u0633\u0649&rdquo; <small><a rel=\"nofollow\" id=\"cancel-comment-reply-link\" href=\"\/pl\/wp-json\/wp\/v2\/pages\/20127#respond\" style=\"display:none;\">Anuluj pisanie odpowiedzi<\/a><\/small><\/span><p class=\"must-log-in\" data-no-translation=\"\" data-trp-gettext=\"\">Musisz si\u0119 <a href=\"https:\/\/tamerbadr.com\/pl\/\">zalogowa\u0107<\/a>, aby doda\u0107 opini\u0119.<\/p>\t<\/div><!-- #respond -->\n\t\t\t\t<\/div>\n\t\t<\/div>\n\t\n\t<div class=\"clear\"><\/div>\n<\/div>\n\t\t\t<\/div>\n\t\t\n\t\t\t<\/div>\n\n\n\t<section class=\"related products\">\n\n\t\t\t\t\t<h2 data-no-translation=\"\" data-trp-gettext=\"\">Podobne produkty<\/h2>\n\t\t\t\t<ul class=\"products columns-4\">\n\n\t\t\t\n\t\t\t\t\t<li class=\"product type-product post-19575 status-publish first instock product_cat-189 has-post-thumbnail downloadable shipping-taxable purchasable product-type-simple\">\n\t<a href=\"https:\/\/tamerbadr.com\/pl\/produkt\/unforgettable-days-book\" class=\"woocommerce-LoopProduct-link woocommerce-loop-product__link\"><img loading=\"lazy\" decoding=\"async\" width=\"2049\" height=\"1453\" src=\"https:\/\/tamerbadr.com\/wp-content\/uploads\/2025\/03\/\u0623\u064a\u0627\u0645-\u0644\u0627-\u062a\u0646\u0633\u0649-scaled-scaled.jpg\" class=\"attachment-woocommerce_thumbnail size-woocommerce_thumbnail\" alt=\"Ksi\u0105\u017cka Niezapomniane dni\" \/><h2 class=\"woocommerce-loop-product__title\">Ksi\u0105\u017cka Niezapomniane dni<\/h2>\n\t<span class=\"price\"><span class=\"woocommerce-Price-amount amount\"><bdi><span class=\"woocommerce-Price-currencySymbol\">EGP<\/span>60.00<\/bdi><\/span><\/span>\n<\/a><a href=\"\/pl\/wp-json\/wp\/v2\/pages\/20127?add-to-cart=19575\" aria-describedby=\"woocommerce_loop_add_to_cart_link_describedby_19575\" data-quantity=\"1\" class=\"button product_type_simple add_to_cart_button ajax_add_to_cart\" data-product_id=\"19575\" data-product_sku=\"\" aria-label=\"Dodaj do koszyka: \u201e\u0643\u062a\u0627\u0628 \u0623\u064a\u0627\u0645 \u0644\u0627 \u062a\u0646\u0633\u0649\u201d\" rel=\"nofollow\" data-success_message=\"\u201c\u0643\u062a\u0627\u0628 \u0623\u064a\u0627\u0645 \u0644\u0627 \u062a\u0646\u0633\u0649\u201d zosta\u0142 dodany do twojego koszyka\" data-no-translation=\"\" data-trp-gettext=\"\" data-no-translation-aria-label=\"\" data-no-translation-data-success_message=\"\">Dodaj do koszyka<\/a>\t<span id=\"woocommerce_loop_add_to_cart_link_describedby_19575\" class=\"screen-reader-text\">\n\t\t\t<\/span>\n\n        <script>\n            document.addEventListener('DOMContentLoaded', function(){\n                function getParameterByName(name, url) {\n                    name = name.replace(\/[\\[\\]]\/g, '\\$&');\n                    var regex = new RegExp('[?&]' + name + '(=([^&#]*)|&|#|$)'),\n                        results = regex.exec(url);\n                    if (!results) return null;\n                    if (!results[2]) return '';\n                    return decodeURIComponent(results[2].replace(\/\\+\/g, ' '));\n                }\n\n                document.addEventListener('click', function(event){\n                    const namedItem = event.target.attributes.getNamedItem('data-product_id')\n                    if(!event.target.matches('.ajax_add_to_cart')){\n                        return;\n                    }\n\n                    var item_id = null;\n\n                    if(!namedItem){\n                        try{\n                            item_id = getParameterByName('add-to-cart', new URL(event.target.href).search)\n                        }\n                        catch(e){}\n                    }\n                    else{\n                        item_id = namedItem.value\n                    }\n\n                    if(item_id != 19575){\n                        return;\n                    }\n\n                    gtag('event', 'add_to_cart', {'items': [ {\"item_id\":\"19575\",\"item_name\":\"\\u0643\\u062a\\u0627\\u0628 \\u0623\\u064a\\u0627\\u0645 \\u0644\\u0627 \\u062a\\u0646\\u0633\\u0649\",\"list_name\":\"\\u0643\\u062a\\u0627\\u0628 \\u0623\\u064a\\u0627\\u0645 \\u0644\\u0627 \\u062a\\u0646\\u0633\\u0649\",\"quantity\":1,\"price\":60,\"item_category\":\"\\u062a\\u0627\\u0631\\u064a\\u062e \\u0639\\u0633\\u0643\\u0631\\u064a\"} ]});\n                })\n\n            });\n        <\/script>\n        <\/li>\n\n\t\t\t\n\t\t\t\t\t<li class=\"product type-product post-19583 status-publish instock product_cat-189 has-post-thumbnail downloadable shipping-taxable purchasable product-type-simple\">\n\t<a href=\"https:\/\/tamerbadr.com\/pl\/produkt\/the-book-of-islam-and-war\" class=\"woocommerce-LoopProduct-link woocommerce-loop-product__link\"><img loading=\"lazy\" decoding=\"async\" width=\"2049\" height=\"1401\" src=\"https:\/\/tamerbadr.com\/wp-content\/uploads\/2025\/03\/\u0627\u0644\u0625\u0633\u0644\u0627\u0645-\u0648\u0627\u0644\u062d\u0631\u0628-\u063a\u0644\u0627\u0641-scaled-scaled.jpg\" class=\"attachment-woocommerce_thumbnail size-woocommerce_thumbnail\" alt=\"Ksi\u0119ga Islamu i Wojny\" \/><h2 class=\"woocommerce-loop-product__title\">Ksi\u0119ga Islamu i Wojny<\/h2>\n\t<span class=\"price\"><span class=\"woocommerce-Price-amount amount\"><bdi><span class=\"woocommerce-Price-currencySymbol\">EGP<\/span>60.00<\/bdi><\/span><\/span>\n<\/a><a href=\"\/pl\/wp-json\/wp\/v2\/pages\/20127?add-to-cart=19583\" aria-describedby=\"woocommerce_loop_add_to_cart_link_describedby_19583\" data-quantity=\"1\" class=\"button product_type_simple add_to_cart_button ajax_add_to_cart\" data-product_id=\"19583\" data-product_sku=\"\" aria-label=\"Dodaj do koszyka: \u201e\u0643\u062a\u0627\u0628 \u0627\u0644\u0627\u0633\u0644\u0627\u0645 \u0648\u0627\u0644\u062d\u0631\u0628\u201d\" rel=\"nofollow\" data-success_message=\"\u201c\u0643\u062a\u0627\u0628 \u0627\u0644\u0627\u0633\u0644\u0627\u0645 \u0648\u0627\u0644\u062d\u0631\u0628\u201d zosta\u0142 dodany do twojego koszyka\" data-no-translation=\"\" data-trp-gettext=\"\" data-no-translation-aria-label=\"\" data-no-translation-data-success_message=\"\">Dodaj do koszyka<\/a>\t<span id=\"woocommerce_loop_add_to_cart_link_describedby_19583\" class=\"screen-reader-text\">\n\t\t\t<\/span>\n\n        <script>\n            document.addEventListener('DOMContentLoaded', function(){\n                function getParameterByName(name, url) {\n                    name = name.replace(\/[\\[\\]]\/g, '\\$&');\n                    var regex = new RegExp('[?&]' + name + '(=([^&#]*)|&|#|$)'),\n                        results = regex.exec(url);\n                    if (!results) return null;\n                    if (!results[2]) return '';\n                    return decodeURIComponent(results[2].replace(\/\\+\/g, ' '));\n                }\n\n                document.addEventListener('click', function(event){\n                    const namedItem = event.target.attributes.getNamedItem('data-product_id')\n                    if(!event.target.matches('.ajax_add_to_cart')){\n                        return;\n                    }\n\n                    var item_id = null;\n\n                    if(!namedItem){\n                        try{\n                            item_id = getParameterByName('add-to-cart', new URL(event.target.href).search)\n                        }\n                        catch(e){}\n                    }\n                    else{\n                        item_id = namedItem.value\n                    }\n\n                    if(item_id != 19583){\n                        return;\n                    }\n\n                    gtag('event', 'add_to_cart', {'items': [ {\"item_id\":\"19583\",\"item_name\":\"\\u0643\\u062a\\u0627\\u0628 \\u0627\\u0644\\u0627\\u0633\\u0644\\u0627\\u0645 \\u0648\\u0627\\u0644\\u062d\\u0631\\u0628\",\"list_name\":\"\\u0643\\u062a\\u0627\\u0628 \\u0627\\u0644\\u0627\\u0633\\u0644\\u0627\\u0645 \\u0648\\u0627\\u0644\\u062d\\u0631\\u0628\",\"quantity\":1,\"price\":60,\"item_category\":\"\\u062a\\u0627\\u0631\\u064a\\u062e \\u0639\\u0633\\u0643\\u0631\\u064a\"} ]});\n                })\n\n            });\n        <\/script>\n        <\/li>\n\n\t\t\t\n\t\t<\/ul>\n\n\t<\/section>\n\t<\/div>\n\n\t\t\t<\/div>\n\t\t\t<\/div>\t\t\t\t<\/div>\n\t\t\t\t<\/div>\n\t\t\t\t<\/div>\n\t\t\t\t\t<\/div>\n\t\t\t\t<\/div>\n\t\t\t\t<\/div>","protected":false},"excerpt":{"rendered":"","protected":false},"author":1,"featured_media":0,"parent":0,"menu_order":0,"comment_status":"closed","ping_status":"closed","template":"elementor_header_footer","meta":{"_seopress_robots_primary_cat":"","_seopress_titles_title":"","_seopress_titles_desc":"","_seopress_robots_index":"","inline_featured_image":false,"_uf_show_specific_survey":0,"_uf_disable_surveys":false,"footnotes":""},"class_list":["post-20127","page","type-page","status-publish"],"_links":{"self":[{"href":"https:\/\/tamerbadr.com\/pl\/wp-json\/wp\/v2\/pages\/20127","targetHints":{"allow":["GET"]}}],"collection":[{"href":"https:\/\/tamerbadr.com\/pl\/wp-json\/wp\/v2\/pages"}],"about":[{"href":"https:\/\/tamerbadr.com\/pl\/wp-json\/wp\/v2\/types\/page"}],"author":[{"embeddable":true,"href":"https:\/\/tamerbadr.com\/pl\/wp-json\/wp\/v2\/users\/1"}],"replies":[{"embeddable":true,"href":"https:\/\/tamerbadr.com\/pl\/wp-json\/wp\/v2\/comments?post=20127"}],"version-history":[{"count":0,"href":"https:\/\/tamerbadr.com\/pl\/wp-json\/wp\/v2\/pages\/20127\/revisions"}],"wp:attachment":[{"href":"https:\/\/tamerbadr.com\/pl\/wp-json\/wp\/v2\/media?parent=20127"}],"curies":[{"name":"wp","href":"https:\/\/api.w.org\/{rel}","templated":true}]}}