{"id":20107,"date":"2025-03-19T15:25:05","date_gmt":"2025-03-19T15:25:05","guid":{"rendered":"https:\/\/white-ant-267257.hostingersite.com\/?page_id=20107"},"modified":"2025-04-06T08:17:19","modified_gmt":"2025-04-06T08:17:19","slug":"the-book-of-the-characteristics-of-the-shepherd-and-the-flock","status":"publish","type":"page","link":"https:\/\/tamerbadr.com\/pl\/the-book-of-the-characteristics-of-the-shepherd-and-the-flock","title":{"rendered":"Ksi\u0119ga cech pasterza i trzody"},"content":{"rendered":"<div data-elementor-type=\"wp-page\" data-elementor-id=\"20107\" class=\"elementor elementor-20107\" data-elementor-post-type=\"page\">\n\t\t\t\t<div class=\"elementor-element elementor-element-c8c7aab e-flex e-con-boxed e-con e-parent\" data-id=\"c8c7aab\" data-element_type=\"container\">\n\t\t\t\t\t<div class=\"e-con-inner\">\n\t\t<div class=\"elementor-element elementor-element-6483b1a e-con-full e-flex e-con e-child\" data-id=\"6483b1a\" data-element_type=\"container\">\n\t\t\t\t<div class=\"elementor-element elementor-element-6058eb2 elementor-widget elementor-widget-wc-elements\" data-id=\"6058eb2\" data-element_type=\"widget\" data-widget_type=\"wc-elements.default\">\n\t\t\t\t<div class=\"elementor-widget-container\">\n\t\t\t\t\t<div class=\"woocommerce\">\t\t\t<div class=\"single-product\" data-product-page-preselected-id=\"0\">\n\t\t\t\t<div class=\"woocommerce-notices-wrapper\"><\/div><div id=\"product-19585\" class=\"product type-product post-19585 status-publish first instock product_cat-187 has-post-thumbnail downloadable shipping-taxable purchasable product-type-simple\">\n\n\t<div class=\"woocommerce-product-gallery woocommerce-product-gallery--with-images woocommerce-product-gallery--columns-4 images\" data-columns=\"4\" style=\"opacity: 0; transition: opacity .25s ease-in-out;\">\n\t<div class=\"woocommerce-product-gallery__wrapper\">\n\t\t<div data-thumb=\"https:\/\/tamerbadr.com\/wp-content\/uploads\/2025\/03\/\u0635\u0641\u0629-\u0627\u0644\u0631\u0627\u0639\u0649-\u0648\u0627\u0644\u0631\u0627\u0639\u064a\u0629-scaled-scaled.jpg\" data-thumb-alt=\"\u0643\u062a\u0627\u0628 \u0635\u0641\u0629 \u0627\u0644\u0631\u0627\u0639\u064a \u0648\u0627\u0644\u0631\u0639\u064a\u0629\" data-thumb-srcset=\"\"  data-thumb-sizes=\"(max-width: 100px) 100vw, 100px\" class=\"woocommerce-product-gallery__image\"><a href=\"https:\/\/tamerbadr.com\/wp-content\/uploads\/2025\/03\/\u0635\u0641\u0629-\u0627\u0644\u0631\u0627\u0639\u0649-\u0648\u0627\u0644\u0631\u0627\u0639\u064a\u0629-scaled-scaled.jpg\"><img fetchpriority=\"high\" decoding=\"async\" width=\"2049\" height=\"1405\" src=\"https:\/\/tamerbadr.com\/wp-content\/uploads\/2025\/03\/\u0635\u0641\u0629-\u0627\u0644\u0631\u0627\u0639\u0649-\u0648\u0627\u0644\u0631\u0627\u0639\u064a\u0629-scaled-scaled.jpg\" class=\"wp-post-image\" alt=\"Ksi\u0119ga cech pasterza i trzody\" data-caption=\"\" data-src=\"https:\/\/tamerbadr.com\/wp-content\/uploads\/2025\/03\/\u0635\u0641\u0629-\u0627\u0644\u0631\u0627\u0639\u0649-\u0648\u0627\u0644\u0631\u0627\u0639\u064a\u0629-scaled-scaled.jpg\" data-large_image=\"https:\/\/tamerbadr.com\/wp-content\/uploads\/2025\/03\/\u0635\u0641\u0629-\u0627\u0644\u0631\u0627\u0639\u0649-\u0648\u0627\u0644\u0631\u0627\u0639\u064a\u0629-scaled-scaled.jpg\" data-large_image_width=\"2049\" data-large_image_height=\"1405\" \/><\/a><\/div><div data-thumb=\"https:\/\/tamerbadr.com\/wp-content\/uploads\/2025\/03\/\u0635\u0641\u0629-\u0627\u0644\u0631\u0627\u0639\u0649-\u0648\u0627\u0644\u0631\u0627\u0639\u064a\u0629-Copy-scaled.jpg\" data-thumb-alt=\"\u0643\u062a\u0627\u0628 \u0635\u0641\u0629 \u0627\u0644\u0631\u0627\u0639\u064a \u0648\u0627\u0644\u0631\u0639\u064a\u0629 - obrazek 2\" data-thumb-srcset=\"\"  data-thumb-sizes=\"(max-width: 71px) 100vw, 71px\" class=\"woocommerce-product-gallery__image\" data-no-translation-data-thumb-alt=\"\"><a href=\"https:\/\/tamerbadr.com\/wp-content\/uploads\/2025\/03\/\u0635\u0641\u0629-\u0627\u0644\u0631\u0627\u0639\u0649-\u0648\u0627\u0644\u0631\u0627\u0639\u064a\u0629-Copy-scaled.jpg\"><img decoding=\"async\" width=\"1808\" height=\"2560\" src=\"https:\/\/tamerbadr.com\/wp-content\/uploads\/2025\/03\/\u0635\u0641\u0629-\u0627\u0644\u0631\u0627\u0639\u0649-\u0648\u0627\u0644\u0631\u0627\u0639\u064a\u0629-Copy-scaled.jpg\" class=\"\" alt=\"\u0643\u062a\u0627\u0628 \u0635\u0641\u0629 \u0627\u0644\u0631\u0627\u0639\u064a \u0648\u0627\u0644\u0631\u0639\u064a\u0629 - obrazek 2\" data-caption=\"\" data-src=\"https:\/\/tamerbadr.com\/wp-content\/uploads\/2025\/03\/\u0635\u0641\u0629-\u0627\u0644\u0631\u0627\u0639\u0649-\u0648\u0627\u0644\u0631\u0627\u0639\u064a\u0629-Copy-scaled.jpg\" data-large_image=\"https:\/\/tamerbadr.com\/wp-content\/uploads\/2025\/03\/\u0635\u0641\u0629-\u0627\u0644\u0631\u0627\u0639\u0649-\u0648\u0627\u0644\u0631\u0627\u0639\u064a\u0629-Copy-scaled.jpg\" data-large_image_width=\"1808\" data-large_image_height=\"2560\" data-no-translation-alt=\"\" \/><\/a><\/div><div data-thumb=\"https:\/\/tamerbadr.com\/wp-content\/uploads\/2025\/03\/\u0645\u0624\u0644\u0641\u0627\u062a-\u062a\u0627\u0645\u0631-\u0628\u062f\u0631-1-2.jpg\" data-thumb-alt=\"\u0643\u062a\u0627\u0628 \u0635\u0641\u0629 \u0627\u0644\u0631\u0627\u0639\u064a \u0648\u0627\u0644\u0631\u0639\u064a\u0629 - obrazek 3\" data-thumb-srcset=\"\"  data-thumb-sizes=\"(max-width: 92px) 100vw, 92px\" class=\"woocommerce-product-gallery__image\" data-no-translation-data-thumb-alt=\"\"><a href=\"https:\/\/tamerbadr.com\/wp-content\/uploads\/2025\/03\/\u0645\u0624\u0644\u0641\u0627\u062a-\u062a\u0627\u0645\u0631-\u0628\u062f\u0631-1-2.jpg\"><img decoding=\"async\" width=\"389\" height=\"422\" src=\"https:\/\/tamerbadr.com\/wp-content\/uploads\/2025\/03\/\u0645\u0624\u0644\u0641\u0627\u062a-\u062a\u0627\u0645\u0631-\u0628\u062f\u0631-1-2.jpg\" class=\"\" alt=\"\u0643\u062a\u0627\u0628 \u0635\u0641\u0629 \u0627\u0644\u0631\u0627\u0639\u064a \u0648\u0627\u0644\u0631\u0639\u064a\u0629 - obrazek 3\" data-caption=\"CREATOR: gd-jpeg v1.0 (using IJG JPEG v62), quality = 90\" data-src=\"https:\/\/tamerbadr.com\/wp-content\/uploads\/2025\/03\/\u0645\u0624\u0644\u0641\u0627\u062a-\u062a\u0627\u0645\u0631-\u0628\u062f\u0631-1-2.jpg\" data-large_image=\"https:\/\/tamerbadr.com\/wp-content\/uploads\/2025\/03\/\u0645\u0624\u0644\u0641\u0627\u062a-\u062a\u0627\u0645\u0631-\u0628\u062f\u0631-1-2.jpg\" data-large_image_width=\"389\" data-large_image_height=\"422\" data-no-translation-alt=\"\" \/><\/a><\/div><div data-thumb=\"https:\/\/tamerbadr.com\/wp-content\/uploads\/2025\/03\/\u0641\u0647\u0631\u0633-\u0635\u0641\u0629-\u0627\u0644\u0631\u0627\u0639\u0649-\u0648\u0627\u0644\u0631\u0639\u064a\u0629-\u0643\u0627\u0645\u0644.jpg\" data-thumb-alt=\"\u0643\u062a\u0627\u0628 \u0635\u0641\u0629 \u0627\u0644\u0631\u0627\u0639\u064a \u0648\u0627\u0644\u0631\u0639\u064a\u0629 - obrazek 4\" data-thumb-srcset=\"\"  data-thumb-sizes=\"(max-width: 100px) 100vw, 100px\" class=\"woocommerce-product-gallery__image\" data-no-translation-data-thumb-alt=\"\"><a href=\"https:\/\/tamerbadr.com\/wp-content\/uploads\/2025\/03\/\u0641\u0647\u0631\u0633-\u0635\u0641\u0629-\u0627\u0644\u0631\u0627\u0639\u0649-\u0648\u0627\u0644\u0631\u0639\u064a\u0629-\u0643\u0627\u0645\u0644.jpg\"><img loading=\"lazy\" decoding=\"async\" width=\"1921\" height=\"1650\" src=\"https:\/\/tamerbadr.com\/wp-content\/uploads\/2025\/03\/\u0641\u0647\u0631\u0633-\u0635\u0641\u0629-\u0627\u0644\u0631\u0627\u0639\u0649-\u0648\u0627\u0644\u0631\u0639\u064a\u0629-\u0643\u0627\u0645\u0644.jpg\" class=\"\" alt=\"\u0643\u062a\u0627\u0628 \u0635\u0641\u0629 \u0627\u0644\u0631\u0627\u0639\u064a \u0648\u0627\u0644\u0631\u0639\u064a\u0629 - obrazek 4\" data-caption=\"\" data-src=\"https:\/\/tamerbadr.com\/wp-content\/uploads\/2025\/03\/\u0641\u0647\u0631\u0633-\u0635\u0641\u0629-\u0627\u0644\u0631\u0627\u0639\u0649-\u0648\u0627\u0644\u0631\u0639\u064a\u0629-\u0643\u0627\u0645\u0644.jpg\" data-large_image=\"https:\/\/tamerbadr.com\/wp-content\/uploads\/2025\/03\/\u0641\u0647\u0631\u0633-\u0635\u0641\u0629-\u0627\u0644\u0631\u0627\u0639\u0649-\u0648\u0627\u0644\u0631\u0639\u064a\u0629-\u0643\u0627\u0645\u0644.jpg\" data-large_image_width=\"1921\" data-large_image_height=\"1650\" data-no-translation-alt=\"\" \/><\/a><\/div>\t<\/div>\n<\/div>\n\n\t<div class=\"summary entry-summary\">\n\t\t<h1 class=\"product_title entry-title\">Ksi\u0119ga cech pasterza i trzody<\/h1><p class=\"price\"><span class=\"woocommerce-Price-amount amount\"><bdi><span class=\"woocommerce-Price-currencySymbol\">EGP<\/span>60.00<\/bdi><\/span><\/p>\n\n\t\n\t<form class=\"cart\" action=\"\" method=\"post\" enctype='multipart\/form-data' data-trp-original-action=\"\">\n\t\t\n\t\t<div class=\"quantity\">\n\t\t<label class=\"screen-reader-text\" for=\"quantity_69fee658adbb6\" data-no-translation=\"\" data-trp-gettext=\"\">ilo\u015b\u0107 \u0643\u062a\u0627\u0628 \u0635\u0641\u0629 \u0627\u0644\u0631\u0627\u0639\u064a \u0648\u0627\u0644\u0631\u0639\u064a\u0629<\/label>\n\t<input\n\t\ttype=\"number\"\n\t\t\t\tid=\"quantity_69fee658adbb6\"\n\t\tclass=\"input-text qty text\"\n\t\tname=\"quantity\"\n\t\tvalue=\"1\"\n\t\taria-label=\"Ilo\u015b\u0107 produktu\"\n\t\t\t\tmin=\"1\"\n\t\t\t\t\t\t\tstep=\"1\"\n\t\t\tplaceholder=\"\"\n\t\t\tinputmode=\"numeric\"\n\t\t\tautocomplete=\"off\" data-no-translation-aria-label=\"\"\n\t\t\t\/>\n\t<\/div>\n\n\t\t<button type=\"submit\" name=\"add-to-cart\" value=\"19585\" class=\"single_add_to_cart_button button alt\" data-no-translation=\"\" data-trp-gettext=\"\">Dodaj do koszyka<\/button>\n\n\t\t\n        <script>\n            document.addEventListener('DOMContentLoaded', function(){\n                document.addEventListener('click', function(event){\n                    if(!event.target.matches('.single_add_to_cart_button')){\n                        return;\n                    }\n\n                    const quantity = document.querySelector('input.qty').value || '1';\n                    const formProductVariation = document.querySelector('form[data-product_variations]')\n                    const variationItem = document.querySelector('.variation_id')\n\n                    let price = 60\n                    if(formProductVariation && variationItem){\n                        try{\n                            const variations = JSON.parse(formProductVariation.dataset.product_variations)\n                            const variationId = variationItem.value\n                            for(const variation of variations){\n                                if(variation.variation_id == Number(variationId)){\n                                    price = variation.display_price\n                                }\n                            }\n                        }\n                        catch{\n                        }\n                    }\n\n                    gtag('event', 'add_to_cart', {\n                        'items': [ {\n                            'item_id':'19585',\n                            'item_name': '\u0643\u062a\u0627\u0628 \u0635\u0641\u0629 \u0627\u0644\u0631\u0627\u0639\u064a \u0648\u0627\u0644\u0631\u0639\u064a\u0629',\n                            'list_name': '\u0643\u062a\u0627\u0628 \u0635\u0641\u0629 \u0627\u0644\u0631\u0627\u0639\u064a \u0648\u0627\u0644\u0631\u0639\u064a\u0629',\n                            'quantity': quantity,\n                            'price': price,\n                            \"item_category\":\"\u0633\u064a\u0627\u0633\u0629 \u0625\u0633\u0644\u0627\u0645\u064a\u0629\"\n                        }]\n                    });\n                })\n            });\n        <\/script>\n        \t<input type=\"hidden\" name=\"trp-form-language\" value=\"pl\"\/><\/form>\n\n\t\n<div class=\"product_meta\">\n\n\t\n\t\n\t<span class=\"posted_in\">Kategoria: <a href=\"https:\/\/tamerbadr.com\/pl\/kategoria-produktu\/%d8%b3%d9%8a%d8%a7%d8%b3%d8%a9-%d8%a5%d8%b3%d9%84%d8%a7%d9%85%d9%8a%d8%a9\" rel=\"tag\">Polityka islamska<\/a><\/span>\n\t\n\t\n<\/div>\n\t<\/div>\n\n\t\n\t<div class=\"woocommerce-tabs wc-tabs-wrapper\">\n\t\t<ul class=\"tabs wc-tabs\" role=\"tablist\">\n\t\t\t\t\t\t\t<li role=\"presentation\" class=\"description_tab\" id=\"tab-title-description\">\n\t\t\t\t\t<a href=\"#tab-description\" role=\"tab\" aria-controls=\"tab-description\">\n\t\t\t\t\t\tOpis\t\t\t\t\t<\/a>\n\t\t\t\t<\/li>\n\t\t\t\t\t\t\t<li role=\"presentation\" class=\"reviews_tab\" id=\"tab-title-reviews\">\n\t\t\t\t\t<a href=\"#tab-reviews\" role=\"tab\" aria-controls=\"tab-reviews\">\n\t\t\t\t\t\tOpinie (0)\t\t\t\t\t<\/a>\n\t\t\t\t<\/li>\n\t\t\t\t\t<\/ul>\n\t\t\t\t\t<div class=\"woocommerce-Tabs-panel woocommerce-Tabs-panel--description panel entry-content wc-tab\" id=\"tab-description\" role=\"tabpanel\" aria-labelledby=\"tab-title-description\">\n\t\t\t\t\n\t<h2 data-no-translation=\"\" data-trp-gettext=\"\">Opis<\/h2>\n\n<h1 style=\"text-align: center;\"><strong>Wprowadzenie do ksi\u0105\u017cki Cechy pasterza i trzody<\/strong><\/h1>\n<h1 style=\"text-align: center;\">Islam ustanowi\u0142 jasne i kompleksowe podej\u015bcie do relacji mi\u0119dzy w\u0142adc\u0105 a jego poddanymi. Uczeni omawiaj\u0105 t\u0119 relacj\u0119 w ksi\u0105\u017ckach po\u015bwi\u0119conych polityce islamskiej, w tym obowi\u0105zki i prawa ka\u017cdej ze stron, dowodz\u0105c, \u017ce islam ma sw\u00f3j w\u0142asny system jako spos\u00f3b \u017cycia. Z politycznego punktu widzenia, je\u015bli chodzi o relacje mi\u0119dzy w\u0142adc\u0105 a jego poddanymi, historia islamu nie zna\u0142a konkretnego islamskiego systemu rz\u0105d\u00f3w. Islam, ostateczne prawo boskie, nie ustanowi\u0142 konkretnego systemu, kt\u00f3ry mia\u0142by by\u0107 narzucony muzu\u0142manom we wszystkich czasach i miejscach. Ustanowi\u0142 raczej og\u00f3lne zasady, odpowiednie dla wszystkich czas\u00f3w i miejsc, bez zag\u0142\u0119biania si\u0119 w szczeg\u00f3\u0142y, metody i szczeg\u00f3\u0142y, kt\u00f3re ze swej natury ewoluuj\u0105 i zmieniaj\u0105 si\u0119 wraz ze zmieniaj\u0105cymi si\u0119 okoliczno\u015bciami czasu i miejsca, tak aby ka\u017cdy nar\u00f3d m\u00f3g\u0142 wzi\u0105\u0107 pod uwag\u0119 to, co odpowiada jego okoliczno\u015bciom i wymaganiom jego interes\u00f3w.<\/h1>\n<h1 style=\"text-align: center;\">W zwi\u0105zku z tym, je\u015bli chodzi o teori\u0119 pa\u0144stwa, islam nie ustanowi\u0142 systemu politycznego, kt\u00f3ry nie podlega\u0142by zmianom ani modyfikacjom, ani nie zag\u0142\u0119bia\u0142 si\u0119 w szczeg\u00f3\u0142y o absolutnych, ostatecznych warto\u015bciach. Ustanowi\u0142 jedynie og\u00f3lne zasady i kompleksowe regu\u0142y, na kt\u00f3rych ta teoria powinna si\u0119 opiera\u0107. Islamska teoria pa\u0144stwa (w odniesieniu do szczeg\u00f3\u0142\u00f3w i konkret\u00f3w), podobnie jak wszystkie inne islamskie teorie polityczne, podlega zmianom, modyfikacjom i uzupe\u0142nieniom. Jej sformu\u0142owania nie s\u0105 ani ostateczne, ani absolutne, ani te\u017c nie s\u0105 uj\u0119te w sztywny schemat. Islam dopuszcza rozw\u00f3j i modyfikacj\u0119 teorii politycznych, kt\u00f3re muzu\u0142ma\u0144scy uczeni starali si\u0119 formu\u0142owa\u0107 zgodnie z wymogami epoki oraz okoliczno\u015bciami czasu i miejsca.<\/h1>\n<h1 style=\"text-align: center;\">Nie ma \u017cadnego rozd\u017awi\u0119ku mi\u0119dzy rozmow\u0105 o islamie a pa\u0144stwem cywilnym, o islamie a obywatelstwem, czy o islamie a wolno\u015bci\u0105 opinii i wyznania. Ci, kt\u00f3rzy zak\u0142adaj\u0105 rozd\u017awi\u0119k mi\u0119dzy islamem a wszystkimi tymi wsp\u00f3\u0142czesnymi ideami, sami nie rozumiej\u0105 prawdziwej natury islamu ani nie czytaj\u0105 historii Proroka (pok\u00f3j i b\u0142ogos\u0142awie\u0144stwo z nim) i jego szlachetnych Towarzyszy (oby Allah by\u0142 z nich zadowolony) poprawnie i uczciwie. Dlatego pa\u0144stwo w islamie ma swoje w\u0142asne, charakterystyczne cechy, tak jak system rz\u0105d\u00f3w w islamie ma swoje w\u0142asne fundamenty: s\u0142u\u017cb\u0119 Bogu, sprawiedliwo\u015b\u0107, konsultacje i ich obowi\u0105zek, r\u00f3wno\u015b\u0107, pos\u0142usze\u0144stwo wobec os\u00f3b sprawuj\u0105cych w\u0142adz\u0119, obowi\u0105zek doradzania osobom sprawuj\u0105cym w\u0142adz\u0119, odpowiedzialno\u015b\u0107 w\u0142adcy lub pasterza i jego podporz\u0105dkowanie nadzorowi s\u0105downictwa i narodu, polityczna jedno\u015b\u0107 narodu, gwarancja praw i obowi\u0105zk\u00f3w oraz wolno\u015b\u0107. Fundamenty te stanowi\u0105 rdze\u0144 systemu islamskiego i fundamenty, kt\u00f3re najlepiej wyra\u017caj\u0105 jego wyj\u0105tkowo\u015b\u0107. Stara\u0142em si\u0119, w miar\u0119 mo\u017cliwo\u015bci, poruszy\u0107 ten temat w mojej ksi\u0105\u017cce.<\/h1>\n<h1 style=\"text-align: center;\">Na koniec prosz\u0119 Boga Wszechmog\u0105cego, aby moja praca by\u0142a szczera dla Jego dobra, aby nagrodzi\u0142 mnie za ka\u017cde napisane przeze mnie s\u0142owo, umie\u015bci\u0142 je na li\u015bcie moich dobrych uczynk\u00f3w i nagrodzi\u0142 moich braci, kt\u00f3rzy pomogli mi we wszystkim, co mogli, abym m\u00f3g\u0142 uko\u0144czy\u0107 t\u0119 ksi\u0105\u017ck\u0119.<\/h1>\n<h1 style=\"text-align: center;\">\u201eChwa\u0142a Tobie, Bo\u017ce, i cze\u015b\u0107 Tobie. \u015awiadcz\u0119, \u017ce nie ma boga opr\u00f3cz Ciebie. Prosz\u0119 Ci\u0119 o przebaczenie i pokutuj\u0119 przed Tob\u0105. Nasza ostatnia pro\u015bba brzmi: Wszelka chwa\u0142a nale\u017cy si\u0119 Bogu, Panu \u015bwiat\u00f3w\u201d.<\/h1>\n<h1 style=\"text-align: center;\">Biedny, kt\u00f3ry potrzebuje przebaczenia i darowania od swego Pana<\/h1>\n<h1 style=\"text-align: center;\">Tamer Badr<\/h1>\n<h1 style=\"text-align: center;\">Niedziela, Rad\u017cab 3, 1440 AH<\/h1>\n<h1 style=\"text-align: center;\">10 marca 2019<\/h1>\n\t\t\t<\/div>\n\t\t\t\t\t<div class=\"woocommerce-Tabs-panel woocommerce-Tabs-panel--reviews panel entry-content wc-tab\" id=\"tab-reviews\" role=\"tabpanel\" aria-labelledby=\"tab-title-reviews\">\n\t\t\t\t<div id=\"reviews\" class=\"woocommerce-Reviews\">\n\t<div id=\"comments\">\n\t\t<h2 class=\"woocommerce-Reviews-title\">\n\t\t\tOpinie\t\t<\/h2>\n\n\t\t\t\t\t<p class=\"woocommerce-noreviews\" data-no-translation=\"\" data-trp-gettext=\"\">Na razie nie ma opinii o produkcie.<\/p>\n\t\t\t<\/div>\n\n\t\t\t<div id=\"review_form_wrapper\">\n\t\t\t<div id=\"review_form\">\n\t\t\t\t\t<div id=\"respond\" class=\"comment-respond\">\n\t\t<span id=\"reply-title\" class=\"comment-reply-title\" role=\"heading\" aria-level=\"3\">Napisz pierwsz\u0105 opini\u0119 o &bdquo;\u0643\u062a\u0627\u0628 \u0635\u0641\u0629 \u0627\u0644\u0631\u0627\u0639\u064a \u0648\u0627\u0644\u0631\u0639\u064a\u0629&rdquo; <small><a rel=\"nofollow\" id=\"cancel-comment-reply-link\" href=\"\/pl\/wp-json\/wp\/v2\/pages\/20107#respond\" style=\"display:none;\">Anuluj pisanie odpowiedzi<\/a><\/small><\/span><p class=\"must-log-in\" data-no-translation=\"\" data-trp-gettext=\"\">Musisz si\u0119 <a href=\"https:\/\/tamerbadr.com\/pl\/\">zalogowa\u0107<\/a>, aby doda\u0107 opini\u0119.<\/p>\t<\/div><!-- #respond -->\n\t\t\t\t<\/div>\n\t\t<\/div>\n\t\n\t<div class=\"clear\"><\/div>\n<\/div>\n\t\t\t<\/div>\n\t\t\n\t\t\t<\/div>\n\n<\/div>\n\n\t\t\t<\/div>\n\t\t\t<\/div>\t\t\t\t<\/div>\n\t\t\t\t<\/div>\n\t\t\t\t<\/div>\n\t\t\t\t\t<\/div>\n\t\t\t\t<\/div>\n\t\t\t\t<\/div>","protected":false},"excerpt":{"rendered":"","protected":false},"author":1,"featured_media":0,"parent":0,"menu_order":0,"comment_status":"closed","ping_status":"closed","template":"elementor_header_footer","meta":{"_seopress_robots_primary_cat":"","_seopress_titles_title":"","_seopress_titles_desc":"","_seopress_robots_index":"","inline_featured_image":false,"_uf_show_specific_survey":0,"_uf_disable_surveys":false,"footnotes":""},"class_list":["post-20107","page","type-page","status-publish"],"_links":{"self":[{"href":"https:\/\/tamerbadr.com\/pl\/wp-json\/wp\/v2\/pages\/20107","targetHints":{"allow":["GET"]}}],"collection":[{"href":"https:\/\/tamerbadr.com\/pl\/wp-json\/wp\/v2\/pages"}],"about":[{"href":"https:\/\/tamerbadr.com\/pl\/wp-json\/wp\/v2\/types\/page"}],"author":[{"embeddable":true,"href":"https:\/\/tamerbadr.com\/pl\/wp-json\/wp\/v2\/users\/1"}],"replies":[{"embeddable":true,"href":"https:\/\/tamerbadr.com\/pl\/wp-json\/wp\/v2\/comments?post=20107"}],"version-history":[{"count":0,"href":"https:\/\/tamerbadr.com\/pl\/wp-json\/wp\/v2\/pages\/20107\/revisions"}],"wp:attachment":[{"href":"https:\/\/tamerbadr.com\/pl\/wp-json\/wp\/v2\/media?parent=20107"}],"curies":[{"name":"wp","href":"https:\/\/api.w.org\/{rel}","templated":true}]}}