{"id":19585,"date":"2025-03-16T21:59:57","date_gmt":"2025-03-16T21:59:57","guid":{"rendered":"https:\/\/white-ant-267257.hostingersite.com\/?post_type=product&#038;p=19585"},"modified":"2025-07-13T07:17:53","modified_gmt":"2025-07-13T07:17:53","slug":"the-book-of-the-characteristics-of-the-shepherd-and-the-flock","status":"publish","type":"product","link":"https:\/\/tamerbadr.com\/nb\/produkt\/the-book-of-the-characteristics-of-the-shepherd-and-the-flock","title":{"rendered":"Boken om hyrdens og flokkens kjennetegn"},"content":{"rendered":"<h1 style=\"text-align: center;\"><strong>Introduksjon til boken Hyrdens og flokkens kjennetegn<\/strong><\/h1>\n<h1 style=\"text-align: center;\">Islam har etablert en klar og omfattende tiln\u00e6rming til forholdet mellom herskeren og hans unders\u00e5tter. Forskere har diskutert dette forholdet i b\u00f8ker om islamsk politikk, inkludert pliktene og rettighetene til hvert parti, noe som viser at islam har sitt eget system som en livsstil. Fra et politisk perspektiv, n\u00e5r det gjelder forholdet mellom herskeren og hans unders\u00e5tter, har islamsk historie ikke kjent et spesifikt islamsk styresett. Islam, den endelige guddommelige loven, etablerte ikke et spesifikt system som skal p\u00e5legges muslimer til alle tider og steder. Snarere etablerte den generelle prinsipper som passer for alle tider og steder, uten \u00e5 fordype seg i detaljene, metodene og s\u00e6regenhetene som i sin natur utvikler seg og endrer seg med de skiftende omstendighetene i tid og sted, slik at hver nasjon kan ta hensyn til hva som passer dens omstendigheter og hva dens interesser krever.<\/h1>\n<h1 style=\"text-align: center;\">F\u00f8lgelig, med hensyn til teorien om staten, lovfestet ikke islam et politisk system som ikke er gjenstand for endring eller modifikasjon, og den fordypet seg heller ikke i detaljer med absolutte, endelige verdier. Snarere etablerte den bare de generelle prinsippene og de omfattende reglene som denne teorien skulle baseres p\u00e5. Den islamske teorien om staten (med hensyn til detaljer og s\u00e6regenheter), som alle andre islamske politiske teorier, er gjenstand for endring, modifikasjon og tillegg. Formuleringene er verken endelige eller absolutte, og de er heller ikke satt i en stiv form. Islam tillater utvikling og modifikasjon av politiske teorier, som muslimske l\u00e6rde har fors\u00f8kt \u00e5 formulere i samsvar med tidens krav og omstendighetene i tid og sted.<\/h1>\n<h1 style=\"text-align: center;\">Det er ikke noe brudd overhodet mellom \u00e5 snakke om islam og den sivile staten, eller om islam og statsborgerskap, eller om islam og menings- og trosfrihet. De som antar et brudd mellom islam og alle disse moderne ideene, forst\u00e5r ikke islams sanne natur, og de leser heller ikke historien til profeten (fred og velsignelser v\u00e6re med ham) og hans edle f\u00f8lgesvenner (m\u00e5tte Allah v\u00e6re forn\u00f8yd med dem) riktig eller rettferdig. Dette er grunnen til at staten i islam har sine egne s\u00e6regne kjennetegn, akkurat som styresettet i islam har sine egne fundamenter: tjeneste for Gud, rettferdighet, konsultasjon og dens forpliktelse, likhet, lydighet mot de som har autoritet, plikten til \u00e5 gi r\u00e5d til de som har autoritet, herskerens eller hyrdens ansvar og hans underkastelse til rettsvesenets og nasjonens tilsyn, nasjonens politiske enhet, garantien for rettigheter og plikter og frihet. Disse fundamentene representerer kjernen i det islamske systemet og de fundamentene som mest uttrykker dets unikhet. Jeg har fors\u00f8kt, s\u00e5 mye som mulig, \u00e5 ta opp dette i boken min.<\/h1>\n<h1 style=\"text-align: center;\">Til slutt ber jeg Gud den allmektige om \u00e5 gj\u00f8re mitt arbeid oppriktig for Hans skyld, om \u00e5 bel\u00f8nne meg for hvert ord jeg har skrevet, om \u00e5 sette det i vektsk\u00e5len for mine gode gjerninger, og om \u00e5 bel\u00f8nne mine br\u00f8dre som hjalp meg med alt de hadde for \u00e5 fullf\u00f8re denne boken.<\/h1>\n<h1 style=\"text-align: center;\">\u00ab\u00c6re v\u00e6re deg, Gud, og pris v\u00e6re deg. Jeg vitner om at det ikke finnes noen gud uten deg. Jeg s\u00f8ker din tilgivelse og omvender meg til deg. V\u00e5r siste b\u00f8nn er: All pris tilkommer Gud, verdens Herre.\u00bb<\/h1>\n<h1 style=\"text-align: center;\">Den stakkars som trenger sin Herres tilgivelse og ben\u00e5dning<\/h1>\n<h1 style=\"text-align: center;\">Tamer Badr<\/h1>\n<h1 style=\"text-align: center;\">S\u00f8ndag, 3. Rajab, 1440 AH<\/h1>\n<h1 style=\"text-align: center;\">10. mars 2019<\/h1>","protected":false},"excerpt":{"rendered":"<p>\u0645\u0642\u062f\u0645\u0629 \u0643\u062a\u0627\u0628 \u0635\u0641\u0629 \u0627\u0644\u0631\u0627\u0639\u064a \u0648\u0627\u0644\u0631\u0639\u064a\u0629 \u0644\u0642\u062f \u0648\u0636\u0639 \u0627\u0644\u0625\u0633\u0644\u0627\u0645 \u0645\u0646\u0647\u062c\u064b\u0627 \u0628\u064a\u0651\u0650\u0646\u064b\u0627 \u0648\u0648\u0627\u0641\u064a\u064b\u0627 \u0641\u064a \u0627\u0644\u0639\u0644\u0627\u0642\u0629 \u0628\u064a\u0646 \u0627\u0644\u0631\u0627\u0639\u064a \u0648\u0627\u0644\u0631\u0639\u064a\u0629\u060c \u0648\u0628\u064e\u062d\u064e\u062b\u064e \u0623\u0647\u0644\u064f \u0627\u0644\u0639\u0644\u0645 \u0641\u064a \u0643\u062a\u0628 \u0627\u0644\u0633\u064a\u0627\u0633\u0629 \u0627\u0644\u0634\u0631\u0639\u064a\u0629 \u0645\u0627 \u064a\u062a\u0639\u0644\u0651\u064e\u0642 \u0628\u0647\u0630\u0647 \u0627\u0644\u0639\u0644\u0627\u0642\u0629\u060c \u0648\u0648\u0627\u062c\u0628\u0627\u062a \u0643\u0644 \u0645\u0646 \u0627\u0644\u0637\u0631\u0641\u064a\u0646 \u0648\u062d\u0642\u0648\u0642\u0647 \u0639\u0644\u0649 \u0648\u062c\u0647 \u064a\u064f\u0628\u064e\u064a\u0651\u0650\u0646 \u0623\u0646 \u0627\u0644\u0625\u0633\u0644\u0627\u0645 \u0644\u0647 \u0646\u0638\u0627\u0645\u0647 \u0627\u0644\u062e\u0627\u0635 \u0645\u0646\u0647\u062c\u064b\u0627 \u0644\u0644\u062d\u064a\u0627\u0629\u061b \u0648\u0645\u0646 \u0627\u0644\u0646\u0627\u062d\u064a\u0629 \u0627\u0644\u0633\u064a\u0627\u0633\u064a\u0629 \u0641\u064a\u0645\u0627 \u064a\u062a\u0639\u0644\u0642 \u0628\u0639\u0644\u0627\u0642\u0629 \u0627\u0644\u0625\u0645\u0627\u0645 \u0648\u0631\u0639\u064a\u062a\u0647 \u0645\u0646 \u0627\u0644\u0645\u0648\u0627\u0637\u0646\u064a\u0646 \u0641\u0644\u0645 \u064a\u0639\u0631\u0641 \u0627\u0644\u062a\u0627\u0631\u064a\u062e [&hellip;]<\/p>","protected":false},"featured_media":19692,"comment_status":"open","ping_status":"closed","template":"","meta":{"_seopress_robots_primary_cat":"","_seopress_titles_title":"","_seopress_titles_desc":"","_seopress_robots_index":"","inline_featured_image":false,"_uf_show_specific_survey":0,"_uf_disable_surveys":false},"product_brand":[],"product_cat":[187],"product_tag":[],"class_list":{"0":"post-19585","1":"product","2":"type-product","3":"status-publish","4":"has-post-thumbnail","6":"product_cat-187","8":"first","9":"instock","10":"downloadable","11":"shipping-taxable","12":"purchasable","13":"product-type-simple"},"_links":{"self":[{"href":"https:\/\/tamerbadr.com\/nb\/wp-json\/wp\/v2\/product\/19585","targetHints":{"allow":["GET"]}}],"collection":[{"href":"https:\/\/tamerbadr.com\/nb\/wp-json\/wp\/v2\/product"}],"about":[{"href":"https:\/\/tamerbadr.com\/nb\/wp-json\/wp\/v2\/types\/product"}],"replies":[{"embeddable":true,"href":"https:\/\/tamerbadr.com\/nb\/wp-json\/wp\/v2\/comments?post=19585"}],"wp:featuredmedia":[{"embeddable":true,"href":"https:\/\/tamerbadr.com\/nb\/wp-json\/wp\/v2\/media\/19692"}],"wp:attachment":[{"href":"https:\/\/tamerbadr.com\/nb\/wp-json\/wp\/v2\/media?parent=19585"}],"wp:term":[{"taxonomy":"product_brand","embeddable":true,"href":"https:\/\/tamerbadr.com\/nb\/wp-json\/wp\/v2\/product_brand?post=19585"},{"taxonomy":"product_cat","embeddable":true,"href":"https:\/\/tamerbadr.com\/nb\/wp-json\/wp\/v2\/product_cat?post=19585"},{"taxonomy":"product_tag","embeddable":true,"href":"https:\/\/tamerbadr.com\/nb\/wp-json\/wp\/v2\/product_tag?post=19585"}],"curies":[{"name":"wp","href":"https:\/\/api.w.org\/{rel}","templated":true}]}}