{"id":19581,"date":"2025-03-16T21:53:58","date_gmt":"2025-03-16T21:53:58","guid":{"rendered":"https:\/\/white-ant-267257.hostingersite.com\/?post_type=product&#038;p=19581"},"modified":"2025-07-13T07:21:59","modified_gmt":"2025-07-13T07:21:59","slug":"unforgettable-leaders-book","status":"publish","type":"product","link":"https:\/\/tamerbadr.com\/nb\/produkt\/unforgettable-leaders-book","title":{"rendered":"Uforglemmelige ledere-bok"},"content":{"rendered":"<h1 style=\"text-align: center;\"><strong>Introduksjon av professor Dr. Ragheb El-Sergany til boken Uforglemmelige ledere<\/strong><\/h1>\n<h1 style=\"text-align: center;\">I den islamske nasjonens historie finnes det menn som har belyst historien for de som kom etter dem, menn som utmerket seg p\u00e5 alle felt.<\/h1>\n<h1 style=\"text-align: center;\">Kanskje du ikke finner s\u00e5 mange str\u00e5lende skikkelser i noen nasjons historie. P\u00e5 autoritet av Ibn Umar, m\u00e5tte Gud v\u00e6re forn\u00f8yd med ham, som sa: Guds sendebud, m\u00e5tte Gud velsigne ham og gi ham fred, sa: \u00abDu vil finne folk som samles p\u00e5 hundre steder, og ikke en eneste mann vil finne et hest blant dem.\u00bb Fortalt av Al-Bukhari og Muslim.<\/h1>\n<h1 style=\"text-align: center;\">S\u00e5 de fremtredende mennene i den generelle historien er f\u00e5, men mange av disse f\u00e5 har dukket opp og utmerket seg i islamsk historie og islamsk sivilisasjon.<\/h1>\n<h1 style=\"text-align: center;\">Den islamske staten ble f\u00f8dt av modige, heroiske mujahedin. Islamsk historie har visst hvor mange ledere som dukket opp og ledet islamske h\u00e6rer til store seire, takket v\u00e6re Gud den allmektige, og deretter takket v\u00e6re deres genialitet og mot!<\/h1>\n<h1 style=\"text-align: center;\">Alder var ikke en faktor i \u00e5 bestemme ledere i islam, men snarere kompetanse og evner. Guds sendebud, m\u00e5tte Gud velsigne ham og gi ham fred, valgte Usama bin Zaid, som var atten \u00e5r gammel, til \u00e5 lede en h\u00e6r for \u00e5 bekjempe romerne, og under hans kommando var Abu Bakr og Umar bin Al-Khattab.<\/h1>\n<h1 style=\"text-align: center;\">\u00c5 v\u00e6re den f\u00f8rste til \u00e5 omfavne islam var heller ikke en faktor. Guds sendebud, m\u00e5tte Gud velsigne ham og gi ham fred, utnevnte Amr ibn al-Aas (m\u00e5tte Gud v\u00e6re forn\u00f8yd med ham) over de eldre f\u00f8lgesvennene i slaget ved Dhat al-Salasil, selv om han bare hadde konvertert til islam noen dager tidligere. P\u00e5 samme m\u00e5te ledet Khalid ibn al-Walid (m\u00e5tte Gud v\u00e6re forn\u00f8yd med ham) de eldre f\u00f8lgesvennene i slaget ved Mu&#039;tah, selv om han nylig hadde konvertert til islam.<\/h1>\n<h1 style=\"text-align: center;\">Kriteriene for \u00e5 velge ledere i islamsk historie var objektive og utelukkende knyttet til kompetanse. Derfor har den islamske sivilisasjonen gjennom hele sin historie produsert eksepsjonelle ledere som var uten sidestykke.<\/h1>\n<h1 style=\"text-align: center;\">Etter det l\u00e6rte muslimer at de m\u00e5tte forberede fremtidige ledere; derfor finner vi spredningen av trening i hestekunst, jihad og bueskyting.<\/h1>\n<h1 style=\"text-align: center;\">Historien om lederskap i islam er rik p\u00e5 dype betydninger, konsepter og unike personligheter; derav viktigheten av denne boken.<\/h1>\n<h1 style=\"text-align: center;\">Forfatteren, bror Tamer Badr \u2013 m\u00e5tte Gud beskytte ham \u2013 var interessert i \u00e5 spore biografiene til muslimske ledere, og presenterte dem for oss i...<\/h1>\n<h1 style=\"text-align: center;\">En lett, elegant og konsis stil, der han trakk ut de viktigste poengene som nasjonen trenger for \u00e5 forst\u00e5 hvordan den var.<\/h1>\n<h1 style=\"text-align: center;\">Ledere er forberedt, slik at du kan produsere nye generasjoner av dem.<\/h1>\n<h1 style=\"text-align: center;\">Som forfatteren har vant oss til i sin forrige bok (Uforglemmelige dager), vil du finne boken fengslende i stil. N\u00e5r du f\u00f8rst begynner \u00e5 lese den, vil du f\u00f8le deg tvunget til \u00e5 fortsette til slutten.<\/h1>\n<h1 style=\"text-align: center;\">Jeg ber Gud den allmektige om \u00e5 akseptere forfatterens innsats i boken sin, gi boken aksept og gagne muslimer gjennom den. Han er Vokteren av det og er i stand til \u00e5 gj\u00f8re det.<\/h1>\n<h1 style=\"text-align: center;\">\u00a0Prof. Dr. Ragheb Al-Sergani<\/h1>\n<h1 style=\"text-align: center;\">Kairo i november 2011<\/h1>","protected":false},"excerpt":{"rendered":"<p>\u0645\u0642\u062f\u0645\u0629 \u0627\u0644\u0627\u0633\u062a\u0627\u0630 \u0627\u0644\u062f\u0643\u062a\u0648\u0631 \u0631\u0627\u063a\u0628 \u0627\u0644\u0633\u0631\u062c\u0627\u0646\u064a \u0644\u0643\u062a\u0627\u0628 \u0642\u0627\u062f\u0629 \u0644\u0627 \u062a\u0646\u0633\u0649 \u0641\u064a \u062a\u0627\u0631\u064a\u062e \u0623\u064f\u0645\u0629 \u0627\u0644\u0625\u0633\u0644\u0627\u0645 \u0631\u062c\u0627\u0644 \u0623\u0636\u0627\u0621\u0648\u0627 \u0627\u0644\u062a\u0627\u0631\u064a\u062e \u0644\u0645\u0646 \u062c\u0627\u0621 \u0628\u0639\u062f\u0647\u0645\u060c \u0631\u062c\u0627\u0644 \u062a\u0645\u064a\u0632\u0648\u0627 \u0641\u064a \u0643\u0644 \u0645\u062c\u0627\u0644\u060c \u0648\u0631\u0628\u0645\u0627 \u0644\u0627 \u062a\u062c\u062f \u0641\u064a \u062a\u0627\u0631\u064a\u062e \u0623\u064f\u0645\u0629 \u0645\u0646 \u0627\u0644\u0623\u0645\u0645 \u0647\u0630\u0627 \u0627\u0644\u0639\u062f\u062f \u0645\u0646 \u0627\u0644\u0631\u0645\u0648\u0632 \u0627\u0644\u0644\u0627\u0645\u0639\u0629\u061b \u0641\u0639\u0646 \u0627\u0628\u0646 \u0639\u0645\u0631 \u0631\u0636\u064a \u0627\u0644\u0644\u0647 \u0639\u0646\u0647 \u0642\u0627\u0644: \u0642\u0627\u0644 \u0631\u0633\u0648\u0644 \u0627\u0644\u0644\u0647 \ufdfa: \u00ab\u062a\u064e\u062c\u0650\u062f\u064f\u0648\u0646\u064e \u0627\u0644\u0646\u0651\u064e\u0627\u0633\u064e \u0643\u064e\u0627\u0628\u0650\u0644 \u0645\u0650\u0627\u0626\u064e\u0629\u064d \u0644\u064e\u0627 \u064a\u064e\u062c\u0650\u062f\u064f \u0627\u0644\u0631\u0651\u064e\u062c\u064f\u0644\u064f [&hellip;]<\/p>","protected":false},"featured_media":19693,"comment_status":"open","ping_status":"closed","template":"","meta":{"_seopress_robots_primary_cat":"","_seopress_titles_title":"","_seopress_titles_desc":"","_seopress_robots_index":"","inline_featured_image":false,"_uf_show_specific_survey":0,"_uf_disable_surveys":false},"product_brand":[],"product_cat":[189],"product_tag":[],"class_list":{"0":"post-19581","1":"product","2":"type-product","3":"status-publish","4":"has-post-thumbnail","6":"product_cat-189","8":"first","9":"instock","10":"downloadable","11":"shipping-taxable","12":"purchasable","13":"product-type-simple"},"_links":{"self":[{"href":"https:\/\/tamerbadr.com\/nb\/wp-json\/wp\/v2\/product\/19581","targetHints":{"allow":["GET"]}}],"collection":[{"href":"https:\/\/tamerbadr.com\/nb\/wp-json\/wp\/v2\/product"}],"about":[{"href":"https:\/\/tamerbadr.com\/nb\/wp-json\/wp\/v2\/types\/product"}],"replies":[{"embeddable":true,"href":"https:\/\/tamerbadr.com\/nb\/wp-json\/wp\/v2\/comments?post=19581"}],"wp:featuredmedia":[{"embeddable":true,"href":"https:\/\/tamerbadr.com\/nb\/wp-json\/wp\/v2\/media\/19693"}],"wp:attachment":[{"href":"https:\/\/tamerbadr.com\/nb\/wp-json\/wp\/v2\/media?parent=19581"}],"wp:term":[{"taxonomy":"product_brand","embeddable":true,"href":"https:\/\/tamerbadr.com\/nb\/wp-json\/wp\/v2\/product_brand?post=19581"},{"taxonomy":"product_cat","embeddable":true,"href":"https:\/\/tamerbadr.com\/nb\/wp-json\/wp\/v2\/product_cat?post=19581"},{"taxonomy":"product_tag","embeddable":true,"href":"https:\/\/tamerbadr.com\/nb\/wp-json\/wp\/v2\/product_tag?post=19581"}],"curies":[{"name":"wp","href":"https:\/\/api.w.org\/{rel}","templated":true}]}}