{"id":20313,"date":"2025-03-21T17:43:18","date_gmt":"2025-03-21T17:43:18","guid":{"rendered":"https:\/\/white-ant-267257.hostingersite.com\/?page_id=20313"},"modified":"2025-07-31T13:33:04","modified_gmt":"2025-07-31T13:33:04","slug":"visions-2011-2015","status":"publish","type":"page","link":"https:\/\/tamerbadr.com\/nb\/visions-2011-2015","title":{"rendered":"Visjoner 2011\u20132015"},"content":{"rendered":"<div data-elementor-type=\"wp-page\" data-elementor-id=\"20313\" class=\"elementor elementor-20313\" data-elementor-post-type=\"page\">\n\t\t\t\t\t\t<section class=\"elementor-section elementor-top-section elementor-element elementor-element-325f7dc elementor-section-full_width elementor-section-height-default elementor-section-height-default\" data-id=\"325f7dc\" data-element_type=\"section\" data-settings=\"{&quot;background_background&quot;:&quot;classic&quot;}\">\n\t\t\t\t\t\t<div class=\"elementor-container elementor-column-gap-no\">\n\t\t\t\t\t<div class=\"elementor-column elementor-col-100 elementor-top-column elementor-element elementor-element-a5ff8d0\" data-id=\"a5ff8d0\" data-element_type=\"column\">\n\t\t\t<div class=\"elementor-widget-wrap elementor-element-populated\">\n\t\t\t\t\t\t<section class=\"elementor-section elementor-inner-section elementor-element elementor-element-dce55a7 elementor-section-content-middle elementor-section-boxed elementor-section-height-default elementor-section-height-default\" data-id=\"dce55a7\" data-element_type=\"section\" data-settings=\"{&quot;background_background&quot;:&quot;classic&quot;}\">\n\t\t\t\t\t\t<div class=\"elementor-container elementor-column-gap-no\">\n\t\t\t\t\t<div class=\"elementor-column elementor-col-50 elementor-inner-column elementor-element elementor-element-07e74d4\" data-id=\"07e74d4\" data-element_type=\"column\">\n\t\t\t<div class=\"elementor-widget-wrap elementor-element-populated\">\n\t\t\t\t\t\t<div class=\"elementor-element elementor-element-3f5a13a elementor-invisible elementor-widget elementor-widget-heading\" data-id=\"3f5a13a\" data-element_type=\"widget\" data-settings=\"{&quot;_animation&quot;:&quot;fadeInLeft&quot;}\" data-widget_type=\"heading.default\">\n\t\t\t\t<div class=\"elementor-widget-container\">\n\t\t\t\t\t<h3 class=\"elementor-heading-title elementor-size-default\">Tamer Badrs visjoner<\/h3>\t\t\t\t<\/div>\n\t\t\t\t<\/div>\n\t\t\t\t<div class=\"elementor-element elementor-element-dbbb606 elementor-invisible elementor-widget elementor-widget-heading\" data-id=\"dbbb606\" data-element_type=\"widget\" data-settings=\"{&quot;_animation&quot;:&quot;fadeInRight&quot;}\" data-widget_type=\"heading.default\">\n\t\t\t\t<div class=\"elementor-widget-container\">\n\t\t\t\t\t<h2 class=\"elementor-heading-title elementor-size-default\">2011-2015\n<\/h2>\t\t\t\t<\/div>\n\t\t\t\t<\/div>\n\t\t\t\t\t<\/div>\n\t\t<\/div>\n\t\t\t\t<div class=\"elementor-column elementor-col-50 elementor-inner-column elementor-element elementor-element-a748cf0\" data-id=\"a748cf0\" data-element_type=\"column\">\n\t\t\t<div class=\"elementor-widget-wrap elementor-element-populated\">\n\t\t\t\t\t\t<div class=\"elementor-element elementor-element-86be1ed elementor-widget__width-auto elementor-widget-laptop__width-initial elementor-widget-tablet__width-auto elementor-invisible elementor-widget elementor-widget-image\" data-id=\"86be1ed\" data-element_type=\"widget\" data-settings=\"{&quot;_animation&quot;:&quot;fadeInLeft&quot;}\" data-widget_type=\"image.default\">\n\t\t\t\t<div class=\"elementor-widget-container\">\n\t\t\t\t\t\t\t\t\t\t\t\t\t\t\t<img alt=\"\" fetchpriority=\"high\" decoding=\"async\" width=\"330\" height=\"250\" src=\"https:\/\/tamerbadr.com\/wp-content\/uploads\/2025\/03\/463441143_8625855717500959_1120569030532963356_n-1.jpg\" class=\"elementor-animation-float attachment-full size-full wp-image-20368\" \/>\t\t\t\t\t\t\t\t\t\t\t\t\t\t\t<\/div>\n\t\t\t\t<\/div>\n\t\t\t\t\t<\/div>\n\t\t<\/div>\n\t\t\t\t\t<\/div>\n\t\t<\/section>\n\t\t\t\t<div class=\"elementor-element elementor-element-f3f2f23 elementor-widget__width-auto elementor-absolute elementor-widget elementor-widget-image\" data-id=\"f3f2f23\" data-element_type=\"widget\" data-settings=\"{&quot;_position&quot;:&quot;absolute&quot;}\" data-widget_type=\"image.default\">\n\t\t\t\t<div class=\"elementor-widget-container\">\n\t\t\t\t\t\t\t\t\t\t\t\t\t\t\t<img alt=\"\" decoding=\"async\" width=\"956\" height=\"825\" src=\"https:\/\/tamerbadr.com\/wp-content\/uploads\/2022\/10\/about-dot-vector.png\" class=\"attachment-full size-full wp-image-883\" \/>\t\t\t\t\t\t\t\t\t\t\t\t\t\t\t<\/div>\n\t\t\t\t<\/div>\n\t\t\t\t\t<\/div>\n\t\t<\/div>\n\t\t\t\t\t<\/div>\n\t\t<\/section>\n\t\t\t\t<section class=\"elementor-section elementor-top-section elementor-element elementor-element-b661bd3 elementor-section-full_width elementor-section-height-default elementor-section-height-default\" data-id=\"b661bd3\" data-element_type=\"section\" data-settings=\"{&quot;background_background&quot;:&quot;classic&quot;}\">\n\t\t\t\t\t\t<div class=\"elementor-container elementor-column-gap-no\">\n\t\t\t\t\t<div class=\"elementor-column elementor-col-100 elementor-top-column elementor-element elementor-element-e5c672a\" data-id=\"e5c672a\" data-element_type=\"column\">\n\t\t\t<div class=\"elementor-widget-wrap elementor-element-populated\">\n\t\t\t\t\t\t<div class=\"elementor-element elementor-element-e1053d6 elementor-widget__width-auto elementor-absolute elementor-invisible elementor-widget elementor-widget-image\" data-id=\"e1053d6\" data-element_type=\"widget\" data-settings=\"{&quot;_position&quot;:&quot;absolute&quot;,&quot;_animation&quot;:&quot;fadeInLeft&quot;,&quot;_animation_delay&quot;:200}\" data-widget_type=\"image.default\">\n\t\t\t\t<div class=\"elementor-widget-container\">\n\t\t\t\t\t\t\t\t\t\t\t\t\t\t\t<img alt=\"\" decoding=\"async\" width=\"305\" height=\"227\" src=\"https:\/\/tamerbadr.com\/wp-content\/uploads\/2022\/10\/opening-quote-icon.png\" class=\"attachment-full size-full wp-image-1947\" \/>\t\t\t\t\t\t\t\t\t\t\t\t\t\t\t<\/div>\n\t\t\t\t<\/div>\n\t\t\t\t\t<\/div>\n\t\t<\/div>\n\t\t\t\t\t<\/div>\n\t\t<\/section>\n\t\t<div class=\"elementor-element elementor-element-1dcdb37 e-flex e-con-boxed elementor-invisible e-con e-parent\" data-id=\"1dcdb37\" data-element_type=\"container\" data-settings=\"{&quot;animation&quot;:&quot;fadeInUp&quot;}\">\n\t\t\t\t\t<div class=\"e-con-inner\">\n\t\t\t\t<div class=\"elementor-element elementor-element-019de4b elementor-grid-3 elementor-grid-tablet-2 elementor-grid-mobile-1 elementor-posts--thumbnail-top elementor-widget elementor-widget-posts\" data-id=\"019de4b\" data-element_type=\"widget\" data-settings=\"{&quot;pagination_type&quot;:&quot;numbers_and_prev_next&quot;,&quot;classic_columns&quot;:&quot;3&quot;,&quot;classic_columns_tablet&quot;:&quot;2&quot;,&quot;classic_columns_mobile&quot;:&quot;1&quot;,&quot;classic_row_gap&quot;:{&quot;unit&quot;:&quot;px&quot;,&quot;size&quot;:35,&quot;sizes&quot;:[]},&quot;classic_row_gap_laptop&quot;:{&quot;unit&quot;:&quot;px&quot;,&quot;size&quot;:&quot;&quot;,&quot;sizes&quot;:[]},&quot;classic_row_gap_tablet&quot;:{&quot;unit&quot;:&quot;px&quot;,&quot;size&quot;:&quot;&quot;,&quot;sizes&quot;:[]},&quot;classic_row_gap_mobile&quot;:{&quot;unit&quot;:&quot;px&quot;,&quot;size&quot;:&quot;&quot;,&quot;sizes&quot;:[]}}\" data-widget_type=\"posts.classic\">\n\t\t\t\t<div class=\"elementor-widget-container\">\n\t\t\t\t\t\t\t<div class=\"elementor-posts-container elementor-posts elementor-posts--skin-classic elementor-grid\">\n\t\t\t\t<article class=\"elementor-post elementor-grid-item post-20414 post type-post status-publish format-standard has-post-thumbnail category--2011-2015\">\n\t\t\t\t<a class=\"elementor-post__thumbnail__link\" href=\"https:\/\/tamerbadr.com\/nb\/archives\/20414\" tabindex=\"-1\" >\n\t\t\t<div class=\"elementor-post__thumbnail\"><img alt=\"\" loading=\"lazy\" decoding=\"async\" width=\"300\" height=\"227\" src=\"https:\/\/tamerbadr.com\/wp-content\/uploads\/2025\/03\/464490956_8683443388408858_5348914672852186503_n.jpg\" class=\"attachment-medium size-medium wp-image-20415\" \/><\/div>\n\t\t<\/a>\n\t\t\t\t<div class=\"elementor-post__text\">\n\t\t\t\t<h3 class=\"elementor-post__title\">\n\t\t\t<a href=\"https:\/\/tamerbadr.com\/nb\/archives\/20414\" >\n\t\t\t\tEn visjon fra profetens tid, fred og velsignelser v\u00e6re med ham, og den gyllenhudede datoen i desember 2014\t\t\t<\/a>\n\t\t<\/h3>\n\t\t\t\t<div class=\"elementor-post__meta-data\">\n\t\t\t\t\t<span class=\"elementor-post-date\">\n\t\t\t23\/03\/2025\t\t<\/span>\n\t\t\t\t<span class=\"elementor-post-avatar\">\n\t\t\tIngen kommentar\t\t<\/span>\n\t\t\t\t<\/div>\n\t\t\t\t<div class=\"elementor-post__excerpt\">\n\t\t\t<p>Jeg hadde en visjon der jeg var p\u00e5 profetens tid, m\u00e5tte Gud velsigne ham og gi ham fred, i Medina, og folket stelte palmer, og jeg h\u00f8rte den edle hadithen.<\/p>\n\t\t<\/div>\n\t\t\n\t\t<a class=\"elementor-post__read-more\" href=\"https:\/\/tamerbadr.com\/nb\/archives\/20414\" aria-label=\"Read more about \u0631\u0624\u064a\u0627 \u0632\u0645\u0646 \u0627\u0644\u0646\u0628\u064a \ufdfa \u0648\u0627\u0644\u062a\u0645\u0631 \u0630\u0648 \u0627\u0644\u0642\u0634\u0631\u0629 \u0627\u0644\u0630\u0647\u0628\u064a\u0629 \u0641\u064a \u062f\u064a\u0633\u0645\u0628\u0631 2014\" tabindex=\"-1\" >\n\t\t\tLes mer \u00bb\t\t<\/a>\n\n\t\t\t\t<\/div>\n\t\t\t\t<\/article>\n\t\t\t\t<article class=\"elementor-post elementor-grid-item post-20411 post type-post status-publish format-standard has-post-thumbnail category--2011-2015\">\n\t\t\t\t<a class=\"elementor-post__thumbnail__link\" href=\"https:\/\/tamerbadr.com\/nb\/archives\/20411\" tabindex=\"-1\" >\n\t\t\t<div class=\"elementor-post__thumbnail\"><img alt=\"\" loading=\"lazy\" decoding=\"async\" width=\"300\" height=\"225\" src=\"https:\/\/tamerbadr.com\/wp-content\/uploads\/2025\/03\/463378929_8622435111176353_2051944066958697765_n-1.jpg\" class=\"attachment-medium size-medium wp-image-20412\" \/><\/div>\n\t\t<\/a>\n\t\t\t\t<div class=\"elementor-post__text\">\n\t\t\t\t<h3 class=\"elementor-post__title\">\n\t\t\t<a href=\"https:\/\/tamerbadr.com\/nb\/archives\/20411\" >\n\t\t\t\tEn visjon av profetens ansikt som fylte m\u00e5nens sirkel i juli 2014\t\t\t<\/a>\n\t\t<\/h3>\n\t\t\t\t<div class=\"elementor-post__meta-data\">\n\t\t\t\t\t<span class=\"elementor-post-date\">\n\t\t\t23\/03\/2025\t\t<\/span>\n\t\t\t\t<span class=\"elementor-post-avatar\">\n\t\t\tIngen kommentar\t\t<\/span>\n\t\t\t\t<\/div>\n\t\t\t\t<div class=\"elementor-post__excerpt\">\n\t\t\t<p>Jeg s\u00e5 et syn der profetens ansikt, m\u00e5tte Gud velsigne ham og gi ham fred, fylte m\u00e5nens sirkel, og han s\u00e5 p\u00e5 meg og smilte.<\/p>\n\t\t<\/div>\n\t\t\n\t\t<a class=\"elementor-post__read-more\" href=\"https:\/\/tamerbadr.com\/nb\/archives\/20411\" aria-label=\"Read more about \u0631\u0624\u064a\u0627 \u0648\u062c\u0647 \u0627\u0644\u0646\u0628\u064a \ufdfa \u064a\u0645\u0644\u0623 \u062f\u0627\u0626\u0631\u0629 \u0627\u0644\u0642\u0645\u0631 \u0641\u064a \u064a\u0648\u0644\u064a\u0648 2014\" tabindex=\"-1\" >\n\t\t\tLes mer \u00bb\t\t<\/a>\n\n\t\t\t\t<\/div>\n\t\t\t\t<\/article>\n\t\t\t\t<article class=\"elementor-post elementor-grid-item post-20408 post type-post status-publish format-standard has-post-thumbnail category--2011-2015\">\n\t\t\t\t<a class=\"elementor-post__thumbnail__link\" href=\"https:\/\/tamerbadr.com\/nb\/archives\/20408\" tabindex=\"-1\" >\n\t\t\t<div class=\"elementor-post__thumbnail\"><img alt=\"\" loading=\"lazy\" decoding=\"async\" width=\"300\" height=\"212\" src=\"https:\/\/tamerbadr.com\/wp-content\/uploads\/2025\/03\/463862253_8625494970870367_7697878096377184312_n-1.jpg\" class=\"attachment-medium size-medium wp-image-20409\" \/><\/div>\n\t\t<\/a>\n\t\t\t\t<div class=\"elementor-post__text\">\n\t\t\t\t<h3 class=\"elementor-post__title\">\n\t\t\t<a href=\"https:\/\/tamerbadr.com\/nb\/archives\/20408\" >\n\t\t\t\tVisjon av solen, de fire m\u00e5nene og Venus i juni 2014\t\t\t<\/a>\n\t\t<\/h3>\n\t\t\t\t<div class=\"elementor-post__meta-data\">\n\t\t\t\t\t<span class=\"elementor-post-date\">\n\t\t\t23\/03\/2025\t\t<\/span>\n\t\t\t\t<span class=\"elementor-post-avatar\">\n\t\t\tIngen kommentar\t\t<\/span>\n\t\t\t\t<\/div>\n\t\t\t\t<div class=\"elementor-post__excerpt\">\n\t\t\t<p>Jeg s\u00e5 solen og fire m\u00e5ner, hvorav \u00e9n hadde skrevet \u00abDet er ingen gud uten Gud\u00bb, og de tre andre m\u00e5nene hadde uklar skrift p\u00e5 seg, og jeg s\u00e5 en veldig lyssterk planet ved siden av dem.<\/p>\n\t\t<\/div>\n\t\t\n\t\t<a class=\"elementor-post__read-more\" href=\"https:\/\/tamerbadr.com\/nb\/archives\/20408\" aria-label=\"Read more about \u0631\u0624\u064a\u0627 \u0627\u0644\u0634\u0645\u0633 \u0648\u0627\u0644\u0623\u0642\u0645\u0627\u0631 \u0627\u0644\u0623\u0631\u0628\u0639\u0629 \u0648\u0627\u0644\u0632\u0647\u0631\u0629 \u0641\u064a \u064a\u0648\u0646\u064a\u0648 2014\" tabindex=\"-1\" >\n\t\t\tLes mer \u00bb\t\t<\/a>\n\n\t\t\t\t<\/div>\n\t\t\t\t<\/article>\n\t\t\t\t<article class=\"elementor-post elementor-grid-item post-20405 post type-post status-publish format-standard has-post-thumbnail category--2011-2015\">\n\t\t\t\t<a class=\"elementor-post__thumbnail__link\" href=\"https:\/\/tamerbadr.com\/nb\/archives\/20405\" tabindex=\"-1\" >\n\t\t\t<div class=\"elementor-post__thumbnail\"><img alt=\"\" loading=\"lazy\" decoding=\"async\" width=\"272\" height=\"186\" src=\"https:\/\/tamerbadr.com\/wp-content\/uploads\/2025\/03\/52297862_2168634933223102_76675491334979584_n-1.jpg\" class=\"attachment-medium size-medium wp-image-20406\" \/><\/div>\n\t\t<\/a>\n\t\t\t\t<div class=\"elementor-post__text\">\n\t\t\t\t<h3 class=\"elementor-post__title\">\n\t\t\t<a href=\"https:\/\/tamerbadr.com\/nb\/archives\/20405\" >\n\t\t\t\tEn visjon om \u00e5 ri p\u00e5 en elefant mellom havet og slottsmuren under fengslingen i 2012\t\t\t<\/a>\n\t\t<\/h3>\n\t\t\t\t<div class=\"elementor-post__meta-data\">\n\t\t\t\t\t<span class=\"elementor-post-date\">\n\t\t\t23\/03\/2025\t\t<\/span>\n\t\t\t\t<span class=\"elementor-post-avatar\">\n\t\t\tIngen kommentar\t\t<\/span>\n\t\t\t\t<\/div>\n\t\t\t\t<div class=\"elementor-post__excerpt\">\n\t\t\t<p>Jeg hadde et syn mens jeg satt i fengsel. Jeg s\u00e5 meg selv ri p\u00e5 en elefant, og den l\u00f8p med meg p\u00e5 stranden. Til h\u00f8yre for meg var havet, og til venstre var det en borgmur. Elefanten fortsatte \u00e5 l\u00f8pe.<\/p>\n\t\t<\/div>\n\t\t\n\t\t<a class=\"elementor-post__read-more\" href=\"https:\/\/tamerbadr.com\/nb\/archives\/20405\" aria-label=\"Read more about \u0631\u0624\u064a\u0627 \u0631\u0643\u0648\u0628 \u0627\u0644\u0641\u064a\u0644 \u0628\u064a\u0646 \u0627\u0644\u0628\u062d\u0631 \u0648\u0633\u0648\u0631 \u0627\u0644\u0642\u0644\u0639\u0629 \u0623\u062b\u0646\u0627\u0621 \u0627\u0644\u062d\u0628\u0633 \u0641\u064a \u0639\u0627\u0645 2012\" tabindex=\"-1\" >\n\t\t\tLes mer \u00bb\t\t<\/a>\n\n\t\t\t\t<\/div>\n\t\t\t\t<\/article>\n\t\t\t\t<article class=\"elementor-post elementor-grid-item post-20401 post type-post status-publish format-standard has-post-thumbnail category--2011-2015\">\n\t\t\t\t<a class=\"elementor-post__thumbnail__link\" href=\"https:\/\/tamerbadr.com\/nb\/archives\/20401\" tabindex=\"-1\" >\n\t\t\t<div class=\"elementor-post__thumbnail\"><img alt=\"\" loading=\"lazy\" decoding=\"async\" width=\"300\" height=\"194\" src=\"https:\/\/tamerbadr.com\/wp-content\/uploads\/2025\/03\/464494000_8664621016957762_4145907753442508077_n-1.jpg\" class=\"attachment-medium size-medium wp-image-20402\" \/><\/div>\n\t\t<\/a>\n\t\t\t\t<div class=\"elementor-post__text\">\n\t\t\t\t<h3 class=\"elementor-post__title\">\n\t\t\t<a href=\"https:\/\/tamerbadr.com\/nb\/archives\/20401\" >\n\t\t\t\tEn visjon om 25. januar-revolusjonens fiasko under fengsling i 2012\t\t\t<\/a>\n\t\t<\/h3>\n\t\t\t\t<div class=\"elementor-post__meta-data\">\n\t\t\t\t\t<span class=\"elementor-post-date\">\n\t\t\t23\/03\/2025\t\t<\/span>\n\t\t\t\t<span class=\"elementor-post-avatar\">\n\t\t\tIngen kommentar\t\t<\/span>\n\t\t\t\t<\/div>\n\t\t\t\t<div class=\"elementor-post__excerpt\">\n\t\t\t<p>I en visjon jeg hadde mens jeg satt i fengsel i 2012, visste jeg gjennom den at et kupp ville finne sted, s\u00e5 jeg var sikker p\u00e5 at det ville finne sted.<\/p>\n\t\t<\/div>\n\t\t\n\t\t<a class=\"elementor-post__read-more\" href=\"https:\/\/tamerbadr.com\/nb\/archives\/20401\" aria-label=\"Read more about \u0631\u0624\u064a\u0627 \u0641\u0634\u0644 \u062b\u0648\u0631\u0629 \u0627\u0644\u062e\u0627\u0645\u0633 \u0648\u0627\u0644\u0639\u0634\u0631\u0648\u0646 \u0645\u0646 \u064a\u0646\u0627\u064a\u0631 \u0623\u062b\u0646\u0627\u0621 \u0627\u0644\u062d\u0628\u0633 \u0641\u064a \u0639\u0627\u0645 2012\" tabindex=\"-1\" >\n\t\t\tLes mer \u00bb\t\t<\/a>\n\n\t\t\t\t<\/div>\n\t\t\t\t<\/article>\n\t\t\t\t<article class=\"elementor-post elementor-grid-item post-20394 post type-post status-publish format-standard has-post-thumbnail category--2011-2015\">\n\t\t\t\t<a class=\"elementor-post__thumbnail__link\" href=\"https:\/\/tamerbadr.com\/nb\/archives\/20394\" tabindex=\"-1\" >\n\t\t\t<div class=\"elementor-post__thumbnail\"><img alt=\"\" loading=\"lazy\" decoding=\"async\" width=\"300\" height=\"169\" src=\"https:\/\/tamerbadr.com\/wp-content\/uploads\/2025\/03\/ScreenShot001-1.jpg\" class=\"attachment-medium size-medium wp-image-20399\" \/><\/div>\n\t\t<\/a>\n\t\t\t\t<div class=\"elementor-post__text\">\n\t\t\t\t<h3 class=\"elementor-post__title\">\n\t\t\t<a href=\"https:\/\/tamerbadr.com\/nb\/archives\/20394\" >\n\t\t\t\tProfeten Josefs syn, fred v\u00e6re med ham, i desember 2011\t\t\t<\/a>\n\t\t<\/h3>\n\t\t\t\t<div class=\"elementor-post__meta-data\">\n\t\t\t\t\t<span class=\"elementor-post-date\">\n\t\t\t23\/03\/2025\t\t<\/span>\n\t\t\t\t<span class=\"elementor-post-avatar\">\n\t\t\tIngen kommentar\t\t<\/span>\n\t\t\t\t<\/div>\n\t\t\t\t<div class=\"elementor-post__excerpt\">\n\t\t\t<p>Synet var etter at jeg ble arrestert p\u00e5 Tahrir-plassen og plassert i isolasjon i Milit\u00e6rens etterretningsfengsel. Dette synet var i isolasjon. Jeg s\u00e5 v\u00e5r herre Josef, fred v\u00e6re med ham.<\/p>\n\t\t<\/div>\n\t\t\n\t\t<a class=\"elementor-post__read-more\" href=\"https:\/\/tamerbadr.com\/nb\/archives\/20394\" aria-label=\"Read more about \u0631\u0624\u064a\u0627 \u0633\u064a\u062f\u0646\u0627 \u064a\u0648\u0633\u0641 \u0639\u0644\u064a\u0647 \u0627\u0644\u0633\u0644\u0627\u0645 \u0641\u064a \u062f\u064a\u0633\u0645\u0628\u0631 2011\" tabindex=\"-1\" >\n\t\t\tLes mer \u00bb\t\t<\/a>\n\n\t\t\t\t<\/div>\n\t\t\t\t<\/article>\n\t\t\t\t<article class=\"elementor-post elementor-grid-item post-20395 post type-post status-publish format-standard has-post-thumbnail category--2011-2015\">\n\t\t\t\t<a class=\"elementor-post__thumbnail__link\" href=\"https:\/\/tamerbadr.com\/nb\/archives\/20395\" tabindex=\"-1\" >\n\t\t\t<div class=\"elementor-post__thumbnail\"><img alt=\"\" loading=\"lazy\" decoding=\"async\" width=\"300\" height=\"225\" src=\"https:\/\/tamerbadr.com\/wp-content\/uploads\/2025\/03\/464665585_8683443405075523_5056367428049651258_n-1.jpg\" class=\"attachment-medium size-medium wp-image-20392\" \/><\/div>\n\t\t<\/a>\n\t\t\t\t<div class=\"elementor-post__text\">\n\t\t\t\t<h3 class=\"elementor-post__title\">\n\t\t\t<a href=\"https:\/\/tamerbadr.com\/nb\/archives\/20395\" >\n\t\t\t\tEn visjon om \u00e5 b\u00e6re profeten, fred og velsignelser v\u00e6re med ham, som et barn i desember 2011\t\t\t<\/a>\n\t\t<\/h3>\n\t\t\t\t<div class=\"elementor-post__meta-data\">\n\t\t\t\t\t<span class=\"elementor-post-date\">\n\t\t\t23\/03\/2025\t\t<\/span>\n\t\t\t\t<span class=\"elementor-post-avatar\">\n\t\t\tIngen kommentar\t\t<\/span>\n\t\t\t\t<\/div>\n\t\t\t\t<div class=\"elementor-post__excerpt\">\n\t\t\t<p>Jeg hadde et syn da jeg protesterte p\u00e5 Tahrir-plassen under Mohamed Mahmoud-hendelsene i 2011. Jeg s\u00e5 en eldre kvinne mellom femti og seksti \u00e5r g\u00e5 i retning av...<\/p>\n\t\t<\/div>\n\t\t\n\t\t<a class=\"elementor-post__read-more\" href=\"https:\/\/tamerbadr.com\/nb\/archives\/20395\" aria-label=\"Read more about \u0631\u0624\u064a\u0627 \u062d\u0645\u0644 \u0627\u0644\u0646\u0628\u064a \ufdfa \u0648\u0647\u0648 \u0637\u0641\u0644 \u0641\u064a \u062f\u064a\u0633\u0645\u0628\u0631 2011\" tabindex=\"-1\" >\n\t\t\tLes mer \u00bb\t\t<\/a>\n\n\t\t\t\t<\/div>\n\t\t\t\t<\/article>\n\t\t\t\t<\/div>\n\t\t\n\t\t\t\t\t\t<\/div>\n\t\t\t\t<\/div>\n\t\t\t\t\t<\/div>\n\t\t\t\t<\/div>\n\t\t\t\t<section class=\"elementor-section elementor-top-section elementor-element elementor-element-8485e6c elementor-section-full_width elementor-section-height-default elementor-section-height-default elementor-invisible\" data-id=\"8485e6c\" data-element_type=\"section\" data-settings=\"{&quot;animation&quot;:&quot;fadeInUp&quot;}\">\n\t\t\t\t\t\t<div class=\"elementor-container elementor-column-gap-no\">\n\t\t\t\t\t<div class=\"elementor-column elementor-col-100 elementor-top-column elementor-element elementor-element-0475cf1\" data-id=\"0475cf1\" data-element_type=\"column\" data-settings=\"{&quot;background_background&quot;:&quot;classic&quot;}\">\n\t\t\t<div class=\"elementor-widget-wrap elementor-element-populated\">\n\t\t\t\t\t\t<div class=\"elementor-element elementor-element-efcca8d elementor-widget__width-auto elementor-absolute elementor-invisible elementor-widget elementor-widget-image\" data-id=\"efcca8d\" data-element_type=\"widget\" data-settings=\"{&quot;_position&quot;:&quot;absolute&quot;,&quot;_animation&quot;:&quot;fadeInLeft&quot;,&quot;_animation_delay&quot;:200}\" data-widget_type=\"image.default\">\n\t\t\t\t<div class=\"elementor-widget-container\">\n\t\t\t\t\t\t\t\t\t\t\t\t\t\t\t<img alt=\"\" decoding=\"async\" width=\"305\" height=\"227\" src=\"https:\/\/tamerbadr.com\/wp-content\/uploads\/2022\/10\/opening-quote-icon.png\" class=\"attachment-full size-full wp-image-1947\" \/>\t\t\t\t\t\t\t\t\t\t\t\t\t\t\t<\/div>\n\t\t\t\t<\/div>\n\t\t\t\t\t<\/div>\n\t\t<\/div>\n\t\t\t\t\t<\/div>\n\t\t<\/section>\n\t\t\t\t<\/div>","protected":false},"excerpt":{"rendered":"<p>Tamer Badrs visjoner 2011\u20132015<\/p>","protected":false},"author":1,"featured_media":4468,"parent":0,"menu_order":0,"comment_status":"closed","ping_status":"closed","template":"elementor_header_footer","meta":{"_seopress_robots_primary_cat":"","_seopress_titles_title":"","_seopress_titles_desc":"","_seopress_robots_index":"","inline_featured_image":false,"_uf_show_specific_survey":0,"_uf_disable_surveys":false,"footnotes":""},"class_list":["post-20313","page","type-page","status-publish","has-post-thumbnail"],"_links":{"self":[{"href":"https:\/\/tamerbadr.com\/nb\/wp-json\/wp\/v2\/pages\/20313","targetHints":{"allow":["GET"]}}],"collection":[{"href":"https:\/\/tamerbadr.com\/nb\/wp-json\/wp\/v2\/pages"}],"about":[{"href":"https:\/\/tamerbadr.com\/nb\/wp-json\/wp\/v2\/types\/page"}],"author":[{"embeddable":true,"href":"https:\/\/tamerbadr.com\/nb\/wp-json\/wp\/v2\/users\/1"}],"replies":[{"embeddable":true,"href":"https:\/\/tamerbadr.com\/nb\/wp-json\/wp\/v2\/comments?post=20313"}],"version-history":[{"count":0,"href":"https:\/\/tamerbadr.com\/nb\/wp-json\/wp\/v2\/pages\/20313\/revisions"}],"wp:featuredmedia":[{"embeddable":true,"href":"https:\/\/tamerbadr.com\/nb\/wp-json\/wp\/v2\/media\/4468"}],"wp:attachment":[{"href":"https:\/\/tamerbadr.com\/nb\/wp-json\/wp\/v2\/media?parent=20313"}],"curies":[{"name":"wp","href":"https:\/\/api.w.org\/{rel}","templated":true}]}}