{"id":20137,"date":"2025-03-19T15:40:18","date_gmt":"2025-03-19T15:40:18","guid":{"rendered":"https:\/\/white-ant-267257.hostingersite.com\/?page_id=20137"},"modified":"2025-04-06T08:18:15","modified_gmt":"2025-04-06T08:18:15","slug":"the-book-of-the-virtue-of-patience-in-the-face-of-adversity","status":"publish","type":"page","link":"https:\/\/tamerbadr.com\/nb\/the-book-of-the-virtue-of-patience-in-the-face-of-adversity","title":{"rendered":"Boken om dyden t\u00e5lmodighet i m\u00f8te med motgang"},"content":{"rendered":"<div data-elementor-type=\"wp-page\" data-elementor-id=\"20137\" class=\"elementor elementor-20137\" data-elementor-post-type=\"page\">\n\t\t\t\t<div class=\"elementor-element elementor-element-c8c7aab e-flex e-con-boxed e-con e-parent\" data-id=\"c8c7aab\" data-element_type=\"container\">\n\t\t\t\t\t<div class=\"e-con-inner\">\n\t\t<div class=\"elementor-element elementor-element-6483b1a e-con-full e-flex e-con e-child\" data-id=\"6483b1a\" data-element_type=\"container\">\n\t\t\t\t<div class=\"elementor-element elementor-element-6058eb2 elementor-widget elementor-widget-wc-elements\" data-id=\"6058eb2\" data-element_type=\"widget\" data-widget_type=\"wc-elements.default\">\n\t\t\t\t<div class=\"elementor-widget-container\">\n\t\t\t\t\t<div class=\"woocommerce\">\t\t\t<div class=\"single-product\" data-product-page-preselected-id=\"0\">\n\t\t\t\t<div class=\"woocommerce-notices-wrapper\"><\/div><div id=\"product-19573\" class=\"product type-product post-19573 status-publish first instock product_cat-191 has-post-thumbnail downloadable shipping-taxable purchasable product-type-simple\">\n\n\t<div class=\"woocommerce-product-gallery woocommerce-product-gallery--with-images woocommerce-product-gallery--columns-4 images\" data-columns=\"4\" style=\"opacity: 0; transition: opacity .25s ease-in-out;\">\n\t<div class=\"woocommerce-product-gallery__wrapper\">\n\t\t<div data-thumb=\"https:\/\/tamerbadr.com\/wp-content\/uploads\/2025\/03\/\u0641\u0636\u0644-\u0627\u0644\u0635\u0628\u0631-\u0639\u0644\u0649-\u0627\u0644\u0628\u0644\u0627\u0621.jpg\" data-thumb-alt=\"\u0643\u062a\u0627\u0628 \u0641\u0636\u0644 \u0627\u0644\u0635\u0628\u0631 \u0639\u0644\u064a \u0627\u0644\u0628\u0644\u0627\u0621\" data-thumb-srcset=\"\"  data-thumb-sizes=\"(max-width: 71px) 100vw, 71px\" class=\"woocommerce-product-gallery__image\"><a href=\"https:\/\/tamerbadr.com\/wp-content\/uploads\/2025\/03\/\u0641\u0636\u0644-\u0627\u0644\u0635\u0628\u0631-\u0639\u0644\u0649-\u0627\u0644\u0628\u0644\u0627\u0621.jpg\"><img fetchpriority=\"high\" decoding=\"async\" width=\"480\" height=\"676\" src=\"https:\/\/tamerbadr.com\/wp-content\/uploads\/2025\/03\/\u0641\u0636\u0644-\u0627\u0644\u0635\u0628\u0631-\u0639\u0644\u0649-\u0627\u0644\u0628\u0644\u0627\u0621.jpg\" class=\"wp-post-image\" alt=\"Boken om dyden t\u00e5lmodighet i m\u00f8te med motgang\" data-caption=\"\" data-src=\"https:\/\/tamerbadr.com\/wp-content\/uploads\/2025\/03\/\u0641\u0636\u0644-\u0627\u0644\u0635\u0628\u0631-\u0639\u0644\u0649-\u0627\u0644\u0628\u0644\u0627\u0621.jpg\" data-large_image=\"https:\/\/tamerbadr.com\/wp-content\/uploads\/2025\/03\/\u0641\u0636\u0644-\u0627\u0644\u0635\u0628\u0631-\u0639\u0644\u0649-\u0627\u0644\u0628\u0644\u0627\u0621.jpg\" data-large_image_width=\"480\" data-large_image_height=\"676\" \/><\/a><\/div><div data-thumb=\"https:\/\/tamerbadr.com\/wp-content\/uploads\/2025\/03\/\u0645\u0624\u0644\u0641\u0627\u062a-\u062a\u0627\u0645\u0631-\u0628\u062f\u0631-1-6.jpg\" data-thumb-alt=\"\u0643\u062a\u0627\u0628 \u0641\u0636\u0644 \u0627\u0644\u0635\u0628\u0631 \u0639\u0644\u064a \u0627\u0644\u0628\u0644\u0627\u0621 - Bilde 2\" data-thumb-srcset=\"\"  data-thumb-sizes=\"(max-width: 92px) 100vw, 92px\" class=\"woocommerce-product-gallery__image\" data-no-translation-data-thumb-alt=\"\"><a href=\"https:\/\/tamerbadr.com\/wp-content\/uploads\/2025\/03\/\u0645\u0624\u0644\u0641\u0627\u062a-\u062a\u0627\u0645\u0631-\u0628\u062f\u0631-1-6.jpg\"><img decoding=\"async\" width=\"389\" height=\"422\" src=\"https:\/\/tamerbadr.com\/wp-content\/uploads\/2025\/03\/\u0645\u0624\u0644\u0641\u0627\u062a-\u062a\u0627\u0645\u0631-\u0628\u062f\u0631-1-6.jpg\" class=\"\" alt=\"\u0643\u062a\u0627\u0628 \u0641\u0636\u0644 \u0627\u0644\u0635\u0628\u0631 \u0639\u0644\u064a \u0627\u0644\u0628\u0644\u0627\u0621 - Bilde 2\" data-caption=\"CREATOR: gd-jpeg v1.0 (using IJG JPEG v62), quality = 90\" data-src=\"https:\/\/tamerbadr.com\/wp-content\/uploads\/2025\/03\/\u0645\u0624\u0644\u0641\u0627\u062a-\u062a\u0627\u0645\u0631-\u0628\u062f\u0631-1-6.jpg\" data-large_image=\"https:\/\/tamerbadr.com\/wp-content\/uploads\/2025\/03\/\u0645\u0624\u0644\u0641\u0627\u062a-\u062a\u0627\u0645\u0631-\u0628\u062f\u0631-1-6.jpg\" data-large_image_width=\"389\" data-large_image_height=\"422\" data-no-translation-alt=\"\" \/><\/a><\/div>\t<\/div>\n<\/div>\n\n\t<div class=\"summary entry-summary\">\n\t\t<h1 class=\"product_title entry-title\">Boken om dyden t\u00e5lmodighet i m\u00f8te med motgang<\/h1><p class=\"price\"><span class=\"woocommerce-Price-amount amount\"><bdi><span class=\"woocommerce-Price-currencySymbol\">EGP<\/span>40.00<\/bdi><\/span><\/p>\n\n\t\n\t<form class=\"cart\" action=\"\" method=\"post\" enctype='multipart\/form-data' data-trp-original-action=\"\">\n\t\t\n\t\t<div class=\"quantity\">\n\t\t<label class=\"screen-reader-text\" for=\"quantity_69fee6dfcfad7\" data-no-translation=\"\" data-trp-gettext=\"\">\u0643\u062a\u0627\u0628 \u0641\u0636\u0644 \u0627\u0644\u0635\u0628\u0631 \u0639\u0644\u064a \u0627\u0644\u0628\u0644\u0627\u0621 antall<\/label>\n\t<input\n\t\ttype=\"number\"\n\t\t\t\tid=\"quantity_69fee6dfcfad7\"\n\t\tclass=\"input-text qty text\"\n\t\tname=\"quantity\"\n\t\tvalue=\"1\"\n\t\taria-label=\"Produkt antall\"\n\t\t\t\tmin=\"1\"\n\t\t\t\t\t\t\tstep=\"1\"\n\t\t\tplaceholder=\"\"\n\t\t\tinputmode=\"numeric\"\n\t\t\tautocomplete=\"off\" data-no-translation-aria-label=\"\"\n\t\t\t\/>\n\t<\/div>\n\n\t\t<button type=\"submit\" name=\"add-to-cart\" value=\"19573\" class=\"single_add_to_cart_button button alt\" data-no-translation=\"\" data-trp-gettext=\"\">Legg i handlekurv<\/button>\n\n\t\t\n        <script>\n            document.addEventListener('DOMContentLoaded', function(){\n                document.addEventListener('click', function(event){\n                    if(!event.target.matches('.single_add_to_cart_button')){\n                        return;\n                    }\n\n                    const quantity = document.querySelector('input.qty').value || '1';\n                    const formProductVariation = document.querySelector('form[data-product_variations]')\n                    const variationItem = document.querySelector('.variation_id')\n\n                    let price = 40\n                    if(formProductVariation && variationItem){\n                        try{\n                            const variations = JSON.parse(formProductVariation.dataset.product_variations)\n                            const variationId = variationItem.value\n                            for(const variation of variations){\n                                if(variation.variation_id == Number(variationId)){\n                                    price = variation.display_price\n                                }\n                            }\n                        }\n                        catch{\n                        }\n                    }\n\n                    gtag('event', 'add_to_cart', {\n                        'items': [ {\n                            'item_id':'19573',\n                            'item_name': '\u0643\u062a\u0627\u0628 \u0641\u0636\u0644 \u0627\u0644\u0635\u0628\u0631 \u0639\u0644\u064a \u0627\u0644\u0628\u0644\u0627\u0621',\n                            'list_name': '\u0643\u062a\u0627\u0628 \u0641\u0636\u0644 \u0627\u0644\u0635\u0628\u0631 \u0639\u0644\u064a \u0627\u0644\u0628\u0644\u0627\u0621',\n                            'quantity': quantity,\n                            'price': price,\n                            \"item_category\":\"\u062f\u064a\u0646 \u0625\u0633\u0644\u0627\u0645\u064a\"\n                        }]\n                    });\n                })\n            });\n        <\/script>\n        \t<input type=\"hidden\" name=\"trp-form-language\" value=\"nb\"\/><\/form>\n\n\t\n<div class=\"product_meta\">\n\n\t\n\t\n\t<span class=\"posted_in\">Kategori: <a href=\"https:\/\/tamerbadr.com\/nb\/produktkategori\/%d8%af%d9%8a%d9%86-%d8%a5%d8%b3%d9%84%d8%a7%d9%85%d9%8a\" rel=\"tag\">Islamsk religion<\/a><\/span>\n\t\n\t\n<\/div>\n\t<\/div>\n\n\t\n\t<div class=\"woocommerce-tabs wc-tabs-wrapper\">\n\t\t<ul class=\"tabs wc-tabs\" role=\"tablist\">\n\t\t\t\t\t\t\t<li role=\"presentation\" class=\"description_tab\" id=\"tab-title-description\">\n\t\t\t\t\t<a href=\"#tab-description\" role=\"tab\" aria-controls=\"tab-description\">\n\t\t\t\t\t\tBeskrivelse\t\t\t\t\t<\/a>\n\t\t\t\t<\/li>\n\t\t\t\t\t\t\t<li role=\"presentation\" class=\"reviews_tab\" id=\"tab-title-reviews\">\n\t\t\t\t\t<a href=\"#tab-reviews\" role=\"tab\" aria-controls=\"tab-reviews\">\n\t\t\t\t\t\tOmtaler (0)\t\t\t\t\t<\/a>\n\t\t\t\t<\/li>\n\t\t\t\t\t<\/ul>\n\t\t\t\t\t<div class=\"woocommerce-Tabs-panel woocommerce-Tabs-panel--description panel entry-content wc-tab\" id=\"tab-description\" role=\"tabpanel\" aria-labelledby=\"tab-title-description\">\n\t\t\t\t\n\t<h2 data-no-translation=\"\" data-trp-gettext=\"\">Beskrivelse<\/h2>\n\n<h1 style=\"text-align: center;\"><strong>Introduksjon av Sheikh Muhammad Hassan til boken T\u00e5lmodighetens dyd i m\u00f8te med motgang<\/strong><\/h1>\n<h1 style=\"text-align: center;\">Lovet v\u00e6re Gud, og m\u00e5tte Guds b\u00f8nner og fred v\u00e6re over Guds sendebud, m\u00e5tte Gud velsigne ham og gi ham fred.<\/h1>\n<h1 style=\"text-align: center;\">Allah, Den allmektige, gjorde t\u00e5lmodighet til en urokkelig hest, en uovervinnelig h\u00e6r og en uforgjengelig festning. Han, Den allmektige, sa at de t\u00e5lmodige er i Allahs selskap, og Han elsker dem. For en \u00e6re!!<\/h1>\n<h1 style=\"text-align: center;\">Gud den allmektige sa: \u00abSannelig, Gud er med den t\u00e5lmodige.\u00bb (Al-Baqarah: 153)<\/h1>\n<h1 style=\"text-align: center;\">Gud den allmektige sa: \u00abOg Gud elsker de t\u00e5lmodige.\u00bb (Al Imran: 146)<\/h1>\n<h1 style=\"text-align: center;\">Og Han gjorde religionens lederskap avhengig av t\u00e5lmodighet og sikkerhet, s\u00e5 Han, Den Allmektige, sa: \u00abOg Vi gjorde blant dem ledere som veiledet etter V\u00e5r befaling n\u00e5r de var t\u00e5lmodige og sikre p\u00e5 V\u00e5re tegn.\u00bb [As-Sajdah: 24]<\/h1>\n<h1 style=\"text-align: center;\">Og Han har samlet disse glade budskapene for de t\u00e5lmodige som Han ikke har samlet for andre, s\u00e5 Han, Den H\u00f8yeste, sa: \u00abOg Vi vil visselig sette dere p\u00e5 pr\u00f8ve med frykt og sult og tap av rikdom og liv og frukt, men gi gode budskap til de t\u00e5lmodige (155) som, n\u00e5r ulykken rammer dem, sier: \u00abVi tilh\u00f8rer sannelig Gud, og til Ham skal vi vende tilbake.\u00bb (156) De vil f\u00e5 velsignelser fra sin Herre og barmhjertighet. Og det er de som er de [rett] veiledede.\u00bb (157) [Al-Baqarah]<\/h1>\n<h1 style=\"text-align: center;\">S\u00e5 forklarte Den Allmektige de t\u00e5lmodiges \u00e6re i Paradis ved at englene kom inn for \u00e5 hilse p\u00e5 dem og hilse p\u00e5 dem, slik Han, Den Allmektige, sa: \u00abOg englene skal g\u00e5 inn imot dem fra hver port og si: \u2018Fred v\u00e6re med dere for det dere t\u00e5lmodig utholdt. Og herlig er det endelige hjemmet!\u2019\u00bb (Al-Ra\u2019d).<\/h1>\n<h1 style=\"text-align: center;\">Han oppsummerte deres fortjeneste og deres ubegrensede bel\u00f8nning og sa: \u00abBare den t\u00e5lmodige vil f\u00e5 sin fulle bel\u00f8nning, uten regnskap.\u00bb (Az-Zumar: 10)<\/h1>\n<h1 style=\"text-align: center;\">Ja, t\u00e5lmodighet er som navnet antyder, smaken er bitter, men konsekvensene er s\u00f8tere enn honning.<\/h1>\n<h1 style=\"text-align: center;\">Hva er t\u00e5lmodighet?<\/h1>\n<h1 style=\"text-align: center;\">T\u00e5lmodighet i spr\u00e5ket: er forebygging og innesperring.<\/h1>\n<h1 style=\"text-align: center;\">T\u00e5lmodighet, if\u00f8lge islamsk lov, betyr \u00e5 holde seg unna bekymringer, holde tungen unna klaging og holde lemmene unna synder.<\/h1>\n<h1 style=\"text-align: center;\">* Den er delt inn i tre seksjoner:<\/h1>\n<h1 style=\"text-align: center;\">T\u00e5lmodighet med kommandoen. Det vil si t\u00e5lmodighet med lydighet.<\/h1>\n<h1 style=\"text-align: center;\">- Og t\u00e5lmodighet med \u00e5 unng\u00e5 det som er forbudt. Det vil si t\u00e5lmodighet med \u00e5 unng\u00e5 synd.<\/h1>\n<h1 style=\"text-align: center;\">\u2013 Og t\u00e5lmodighet i m\u00f8te med skjebnen. Det vil si t\u00e5lmodighet i m\u00f8te med de ulykker og pr\u00f8velser som Gud den allmektige har bestemt for tjeneren.<\/h1>\n<h1 style=\"text-align: center;\">Vakker t\u00e5lmodighet er den som dens eier s\u00f8ker Allahs, Den H\u00f8yestes, Den St\u00f8rstes, velbehag, ikke av frykt for mennesker, slik at de ikke kan si at han er ut\u00e5lmodig, og heller ikke av pynt for menneskers skyld, slik at de ikke kan si at han er t\u00e5lmodig. Snarere er han t\u00e5lmodig, tror p\u00e5 Allahs bestemmelse, b\u00e5de god og ond, hever seg over smerte og hever seg over klage.<\/h1>\n<h1 style=\"text-align: center;\">Unders\u00f8kelsen viser at det finnes to typer klager:<\/h1>\n<h1 style=\"text-align: center;\">En klage til Gud, og en klage fra Gud!!<\/h1>\n<h1 style=\"text-align: center;\">N\u00e5r det gjelder \u00e5 klage til Gud, motsier det ikke t\u00e5lmodighet, slik Gud sa i en fortelling fra Jakob, fred v\u00e6re med ham: \u00abT\u00e5lmodighet er derfor den beste l\u00f8sningen, og Gud s\u00f8kes for hjelp mot det du beskriver.\u00bb (Yusuf: 18)<\/h1>\n<h1 style=\"text-align: center;\">Han klaget imidlertid til Gud og sa: \u00abJeg klager bare til Gud over min lidelse og min sorg\u00bb (Yusuf: 86).<\/h1>\n<h1 style=\"text-align: center;\">Gud den allmektige priste Job, fred v\u00e6re med ham, men han klaget til Gud og sa: \u00abOg Job, da han ropte til sin Herre, \u2018Sannelig, motgang har grepet meg, og Du er den mest barmhjertige av de barmhjertige.\u2019\u00bb (Al-Anbiya: 83)<\/h1>\n<h1 style=\"text-align: center;\">Den kloke troende burde vite at denne verden er et sted for pr\u00f8velser og pr\u00f8velser, og dens glede er dr\u00f8mmer og en flyktig skygge. Hvis den f\u00e5r deg til \u00e5 le litt, f\u00e5r den deg til \u00e5 gr\u00e5te mye. Hvis den gj\u00f8r deg glad i en dag, gj\u00f8r den deg trist for livet. Hvis den gir deg litt glede, fratar den deg for lenge. Og for hver glede er det en sorg!!<\/h1>\n<h1 style=\"text-align: center;\">Den kloke er den som ser med innsiktens \u00f8yne og troens lys og vet med sikkerhet at det som rammet ham ikke kunne ha g\u00e5tt ham forbi, og at det som gikk ham forbi ikke kunne ha rammet ham. S\u00e5 han ser i Guds allmektige bok og i sunnahen til Hans sendebud, m\u00e5tte Gud velsigne ham og gi ham fred, for \u00e5 forst\u00e5 t\u00e5lmodighetens bel\u00f8nning.<\/h1>\n<h1 style=\"text-align: center;\">La ham s\u00e5 slukke ilden av ulykker og pr\u00f8velser med den ro \u00e5 f\u00f8lge eksemplet til de som har blitt rammet, spesielt sendebudene og profetene.<\/h1>\n<h1 style=\"text-align: center;\">Hvis han s\u00e5 s\u00e5 og lette blant jordens folk, ville han ikke se noen blant dem annet enn noen som var rammet av tapet av en kj\u00e6r person eller noe ubehagelig som hadde skjedd!!<\/h1>\n<h1 style=\"text-align: center;\">Hvor mye vi trenger en konstant p\u00e5minnelse i en tid hvor pr\u00f8velser og trengsler er mange og pr\u00f8velser og trengsler er alvorlige.<\/h1>\n<h1 style=\"text-align: center;\">Takket v\u00e6re t\u00e5lmodighet i m\u00f8te med motgang, forst\u00e5else av visdommen bak motgang, l\u00e6ring om typene motgang, \u00e5 f\u00f8lge budbringernes og profetenes eksempel, og andre viktige sp\u00f8rsm\u00e5l knyttet til dette edle emnet.<\/h1>\n<h1 style=\"text-align: center;\">Jeg har i hendene en hyggelig beskjed om dette fra v\u00e5r kj\u00e6re bror Tamer Badr. M\u00e5tte Gud bel\u00f8nne ham med godt og gj\u00f8re oss og ham til de t\u00e5lmodige, og m\u00e5tte Han glede v\u00e5re \u00f8yne med denne religionens seier. M\u00e5tte Guds b\u00f8nner og fred v\u00e6re over profetenes leder og over hele hans familie og ledsagere.<\/h1>\n<h1 style=\"text-align: center;\">Skrevet av<\/h1>\n\t\t\t<\/div>\n\t\t\t\t\t<div class=\"woocommerce-Tabs-panel woocommerce-Tabs-panel--reviews panel entry-content wc-tab\" id=\"tab-reviews\" role=\"tabpanel\" aria-labelledby=\"tab-title-reviews\">\n\t\t\t\t<div id=\"reviews\" class=\"woocommerce-Reviews\">\n\t<div id=\"comments\">\n\t\t<h2 class=\"woocommerce-Reviews-title\">\n\t\t\tOmtaler\t\t<\/h2>\n\n\t\t\t\t\t<p class=\"woocommerce-noreviews\" data-no-translation=\"\" data-trp-gettext=\"\">Det er ingen omtaler enn\u00e5.<\/p>\n\t\t\t<\/div>\n\n\t\t\t<div id=\"review_form_wrapper\">\n\t\t\t<div id=\"review_form\">\n\t\t\t\t\t<div id=\"respond\" class=\"comment-respond\">\n\t\t<span id=\"reply-title\" class=\"comment-reply-title\" role=\"heading\" aria-level=\"3\">Bli den f\u00f8rste til \u00e5 omtale \u00ab\u0643\u062a\u0627\u0628 \u0641\u0636\u0644 \u0627\u0644\u0635\u0628\u0631 \u0639\u0644\u064a \u0627\u0644\u0628\u0644\u0627\u0621\u00bb <small><a rel=\"nofollow\" id=\"cancel-comment-reply-link\" href=\"\/nb\/wp-json\/wp\/v2\/pages\/20137#respond\" style=\"display:none;\">Avbryt svar<\/a><\/small><\/span><p class=\"must-log-in\" data-no-translation=\"\" data-trp-gettext=\"\">Du m\u00e5 v\u00e6re <a href=\"https:\/\/tamerbadr.com\/nb\/\">logget inn<\/a> for \u00e5 legge inn en omtale.<\/p>\t<\/div><!-- #respond -->\n\t\t\t\t<\/div>\n\t\t<\/div>\n\t\n\t<div class=\"clear\"><\/div>\n<\/div>\n\t\t\t<\/div>\n\t\t\n\t\t\t<\/div>\n\n<\/div>\n\n\t\t\t<\/div>\n\t\t\t<\/div>\t\t\t\t<\/div>\n\t\t\t\t<\/div>\n\t\t\t\t<\/div>\n\t\t\t\t\t<\/div>\n\t\t\t\t<\/div>\n\t\t\t\t<\/div>","protected":false},"excerpt":{"rendered":"","protected":false},"author":1,"featured_media":0,"parent":0,"menu_order":0,"comment_status":"closed","ping_status":"closed","template":"elementor_header_footer","meta":{"_seopress_robots_primary_cat":"","_seopress_titles_title":"","_seopress_titles_desc":"","_seopress_robots_index":"","inline_featured_image":false,"_uf_show_specific_survey":0,"_uf_disable_surveys":false,"footnotes":""},"class_list":["post-20137","page","type-page","status-publish"],"_links":{"self":[{"href":"https:\/\/tamerbadr.com\/nb\/wp-json\/wp\/v2\/pages\/20137","targetHints":{"allow":["GET"]}}],"collection":[{"href":"https:\/\/tamerbadr.com\/nb\/wp-json\/wp\/v2\/pages"}],"about":[{"href":"https:\/\/tamerbadr.com\/nb\/wp-json\/wp\/v2\/types\/page"}],"author":[{"embeddable":true,"href":"https:\/\/tamerbadr.com\/nb\/wp-json\/wp\/v2\/users\/1"}],"replies":[{"embeddable":true,"href":"https:\/\/tamerbadr.com\/nb\/wp-json\/wp\/v2\/comments?post=20137"}],"version-history":[{"count":0,"href":"https:\/\/tamerbadr.com\/nb\/wp-json\/wp\/v2\/pages\/20137\/revisions"}],"wp:attachment":[{"href":"https:\/\/tamerbadr.com\/nb\/wp-json\/wp\/v2\/media?parent=20137"}],"curies":[{"name":"wp","href":"https:\/\/api.w.org\/{rel}","templated":true}]}}