{"id":20112,"date":"2025-03-19T15:27:38","date_gmt":"2025-03-19T15:27:38","guid":{"rendered":"https:\/\/white-ant-267257.hostingersite.com\/?page_id=20112"},"modified":"2025-04-06T08:15:33","modified_gmt":"2025-04-06T08:15:33","slug":"riyad-as-sunnah-book-from-the-authentic-six-books","status":"publish","type":"page","link":"https:\/\/tamerbadr.com\/nb\/riyad-as-sunnah-book-from-the-authentic-six-books","title":{"rendered":"Riyad as-Sunnah-boken fra de seks autentiske b\u00f8kene"},"content":{"rendered":"<div data-elementor-type=\"wp-page\" data-elementor-id=\"20112\" class=\"elementor elementor-20112\" data-elementor-post-type=\"page\">\n\t\t\t\t<div class=\"elementor-element elementor-element-c8c7aab e-flex e-con-boxed e-con e-parent\" data-id=\"c8c7aab\" data-element_type=\"container\">\n\t\t\t\t\t<div class=\"e-con-inner\">\n\t\t<div class=\"elementor-element elementor-element-6483b1a e-con-full e-flex e-con e-child\" data-id=\"6483b1a\" data-element_type=\"container\">\n\t\t\t\t<div class=\"elementor-element elementor-element-6058eb2 elementor-widget elementor-widget-wc-elements\" data-id=\"6058eb2\" data-element_type=\"widget\" data-widget_type=\"wc-elements.default\">\n\t\t\t\t<div class=\"elementor-widget-container\">\n\t\t\t\t\t<div class=\"woocommerce\">\t\t\t<div class=\"single-product\" data-product-page-preselected-id=\"0\">\n\t\t\t\t<div class=\"woocommerce-notices-wrapper\"><\/div><div id=\"product-19584\" class=\"product type-product post-19584 status-publish first instock product_cat-188 has-post-thumbnail downloadable shipping-taxable purchasable product-type-simple\">\n\n\t<div class=\"woocommerce-product-gallery woocommerce-product-gallery--with-images woocommerce-product-gallery--columns-4 images\" data-columns=\"4\" style=\"opacity: 0; transition: opacity .25s ease-in-out;\">\n\t<div class=\"woocommerce-product-gallery__wrapper\">\n\t\t<div data-thumb=\"https:\/\/tamerbadr.com\/wp-content\/uploads\/2025\/03\/\u0631\u064a\u0627\u0636-\u0627\u0644\u0633\u0646\u0629-\u063a\u0644\u0627\u0641-scaled-scaled.jpg\" data-thumb-alt=\"\u0643\u062a\u0627\u0628 \u0631\u064a\u0627\u0636 \u0627\u0644\u0633\u0646\u0629 \u0645\u0646 \u0635\u062d\u064a\u062d \u0627\u0644\u0643\u062a\u0628 \u0627\u0644\u0633\u062a\u0629\" data-thumb-srcset=\"\"  data-thumb-sizes=\"(max-width: 100px) 100vw, 100px\" class=\"woocommerce-product-gallery__image\"><a href=\"https:\/\/tamerbadr.com\/wp-content\/uploads\/2025\/03\/\u0631\u064a\u0627\u0636-\u0627\u0644\u0633\u0646\u0629-\u063a\u0644\u0627\u0641-scaled-scaled.jpg\"><img fetchpriority=\"high\" decoding=\"async\" width=\"2049\" height=\"1329\" src=\"https:\/\/tamerbadr.com\/wp-content\/uploads\/2025\/03\/\u0631\u064a\u0627\u0636-\u0627\u0644\u0633\u0646\u0629-\u063a\u0644\u0627\u0641-scaled-scaled.jpg\" class=\"wp-post-image\" alt=\"Riyad as-Sunnah-boken fra de seks autentiske b\u00f8kene\" data-caption=\"\" data-src=\"https:\/\/tamerbadr.com\/wp-content\/uploads\/2025\/03\/\u0631\u064a\u0627\u0636-\u0627\u0644\u0633\u0646\u0629-\u063a\u0644\u0627\u0641-scaled-scaled.jpg\" data-large_image=\"https:\/\/tamerbadr.com\/wp-content\/uploads\/2025\/03\/\u0631\u064a\u0627\u0636-\u0627\u0644\u0633\u0646\u0629-\u063a\u0644\u0627\u0641-scaled-scaled.jpg\" data-large_image_width=\"2049\" data-large_image_height=\"1329\" \/><\/a><\/div><div data-thumb=\"https:\/\/tamerbadr.com\/wp-content\/uploads\/2025\/03\/\u0631\u064a\u0627\u0636-\u0627\u0644\u0633\u0646\u0629-1\u063a\u0644\u0627\u0641-\u0627\u0644\u0644\u0624\u0644\u0624\u0629-scaled.jpg\" data-thumb-alt=\"\u0643\u062a\u0627\u0628 \u0631\u064a\u0627\u0636 \u0627\u0644\u0633\u0646\u0629 \u0645\u0646 \u0635\u062d\u064a\u062d \u0627\u0644\u0643\u062a\u0628 \u0627\u0644\u0633\u062a\u0629 - Bilde 2\" data-thumb-srcset=\"\"  data-thumb-sizes=\"(max-width: 75px) 100vw, 75px\" class=\"woocommerce-product-gallery__image\" data-no-translation-data-thumb-alt=\"\"><a href=\"https:\/\/tamerbadr.com\/wp-content\/uploads\/2025\/03\/\u0631\u064a\u0627\u0636-\u0627\u0644\u0633\u0646\u0629-1\u063a\u0644\u0627\u0641-\u0627\u0644\u0644\u0624\u0644\u0624\u0629-scaled.jpg\"><img decoding=\"async\" width=\"1928\" height=\"2560\" src=\"https:\/\/tamerbadr.com\/wp-content\/uploads\/2025\/03\/\u0631\u064a\u0627\u0636-\u0627\u0644\u0633\u0646\u0629-1\u063a\u0644\u0627\u0641-\u0627\u0644\u0644\u0624\u0644\u0624\u0629-scaled.jpg\" class=\"\" alt=\"\u0643\u062a\u0627\u0628 \u0631\u064a\u0627\u0636 \u0627\u0644\u0633\u0646\u0629 \u0645\u0646 \u0635\u062d\u064a\u062d \u0627\u0644\u0643\u062a\u0628 \u0627\u0644\u0633\u062a\u0629 - Bilde 2\" data-caption=\"\" data-src=\"https:\/\/tamerbadr.com\/wp-content\/uploads\/2025\/03\/\u0631\u064a\u0627\u0636-\u0627\u0644\u0633\u0646\u0629-1\u063a\u0644\u0627\u0641-\u0627\u0644\u0644\u0624\u0644\u0624\u0629-scaled.jpg\" data-large_image=\"https:\/\/tamerbadr.com\/wp-content\/uploads\/2025\/03\/\u0631\u064a\u0627\u0636-\u0627\u0644\u0633\u0646\u0629-1\u063a\u0644\u0627\u0641-\u0627\u0644\u0644\u0624\u0644\u0624\u0629-scaled.jpg\" data-large_image_width=\"1928\" data-large_image_height=\"2560\" data-no-translation-alt=\"\" \/><\/a><\/div><div data-thumb=\"https:\/\/tamerbadr.com\/wp-content\/uploads\/2025\/03\/\u0645\u0624\u0644\u0641\u0627\u062a-\u062a\u0627\u0645\u0631-\u0628\u062f\u0631-1-3.jpg\" data-thumb-alt=\"\u0643\u062a\u0627\u0628 \u0631\u064a\u0627\u0636 \u0627\u0644\u0633\u0646\u0629 \u0645\u0646 \u0635\u062d\u064a\u062d \u0627\u0644\u0643\u062a\u0628 \u0627\u0644\u0633\u062a\u0629 - Bilde 3\" data-thumb-srcset=\"\"  data-thumb-sizes=\"(max-width: 92px) 100vw, 92px\" class=\"woocommerce-product-gallery__image\" data-no-translation-data-thumb-alt=\"\"><a href=\"https:\/\/tamerbadr.com\/wp-content\/uploads\/2025\/03\/\u0645\u0624\u0644\u0641\u0627\u062a-\u062a\u0627\u0645\u0631-\u0628\u062f\u0631-1-3.jpg\"><img decoding=\"async\" width=\"389\" height=\"422\" src=\"https:\/\/tamerbadr.com\/wp-content\/uploads\/2025\/03\/\u0645\u0624\u0644\u0641\u0627\u062a-\u062a\u0627\u0645\u0631-\u0628\u062f\u0631-1-3.jpg\" class=\"\" alt=\"\u0643\u062a\u0627\u0628 \u0631\u064a\u0627\u0636 \u0627\u0644\u0633\u0646\u0629 \u0645\u0646 \u0635\u062d\u064a\u062d \u0627\u0644\u0643\u062a\u0628 \u0627\u0644\u0633\u062a\u0629 - Bilde 3\" data-caption=\"CREATOR: gd-jpeg v1.0 (using IJG JPEG v62), quality = 90\" data-src=\"https:\/\/tamerbadr.com\/wp-content\/uploads\/2025\/03\/\u0645\u0624\u0644\u0641\u0627\u062a-\u062a\u0627\u0645\u0631-\u0628\u062f\u0631-1-3.jpg\" data-large_image=\"https:\/\/tamerbadr.com\/wp-content\/uploads\/2025\/03\/\u0645\u0624\u0644\u0641\u0627\u062a-\u062a\u0627\u0645\u0631-\u0628\u062f\u0631-1-3.jpg\" data-large_image_width=\"389\" data-large_image_height=\"422\" data-no-translation-alt=\"\" \/><\/a><\/div>\t<\/div>\n<\/div>\n\n\t<div class=\"summary entry-summary\">\n\t\t<h1 class=\"product_title entry-title\">Riyad as-Sunnah-boken fra de seks autentiske b\u00f8kene<\/h1><p class=\"price\"><span class=\"woocommerce-Price-amount amount\"><bdi><span class=\"woocommerce-Price-currencySymbol\">EGP<\/span>80.00<\/bdi><\/span><\/p>\n\n\t\n\t<form class=\"cart\" action=\"\" method=\"post\" enctype='multipart\/form-data' data-trp-original-action=\"\">\n\t\t\n\t\t<div class=\"quantity\">\n\t\t<label class=\"screen-reader-text\" for=\"quantity_69fee721014e9\" data-no-translation=\"\" data-trp-gettext=\"\">\u0643\u062a\u0627\u0628 \u0631\u064a\u0627\u0636 \u0627\u0644\u0633\u0646\u0629 \u0645\u0646 \u0635\u062d\u064a\u062d \u0627\u0644\u0643\u062a\u0628 \u0627\u0644\u0633\u062a\u0629 antall<\/label>\n\t<input\n\t\ttype=\"number\"\n\t\t\t\tid=\"quantity_69fee721014e9\"\n\t\tclass=\"input-text qty text\"\n\t\tname=\"quantity\"\n\t\tvalue=\"1\"\n\t\taria-label=\"Produkt antall\"\n\t\t\t\tmin=\"1\"\n\t\t\t\t\t\t\tstep=\"1\"\n\t\t\tplaceholder=\"\"\n\t\t\tinputmode=\"numeric\"\n\t\t\tautocomplete=\"off\" data-no-translation-aria-label=\"\"\n\t\t\t\/>\n\t<\/div>\n\n\t\t<button type=\"submit\" name=\"add-to-cart\" value=\"19584\" class=\"single_add_to_cart_button button alt\" data-no-translation=\"\" data-trp-gettext=\"\">Legg i handlekurv<\/button>\n\n\t\t\n        <script>\n            document.addEventListener('DOMContentLoaded', function(){\n                document.addEventListener('click', function(event){\n                    if(!event.target.matches('.single_add_to_cart_button')){\n                        return;\n                    }\n\n                    const quantity = document.querySelector('input.qty').value || '1';\n                    const formProductVariation = document.querySelector('form[data-product_variations]')\n                    const variationItem = document.querySelector('.variation_id')\n\n                    let price = 80\n                    if(formProductVariation && variationItem){\n                        try{\n                            const variations = JSON.parse(formProductVariation.dataset.product_variations)\n                            const variationId = variationItem.value\n                            for(const variation of variations){\n                                if(variation.variation_id == Number(variationId)){\n                                    price = variation.display_price\n                                }\n                            }\n                        }\n                        catch{\n                        }\n                    }\n\n                    gtag('event', 'add_to_cart', {\n                        'items': [ {\n                            'item_id':'19584',\n                            'item_name': '\u0643\u062a\u0627\u0628 \u0631\u064a\u0627\u0636 \u0627\u0644\u0633\u0646\u0629 \u0645\u0646 \u0635\u062d\u064a\u062d \u0627\u0644\u0643\u062a\u0628 \u0627\u0644\u0633\u062a\u0629',\n                            'list_name': '\u0643\u062a\u0627\u0628 \u0631\u064a\u0627\u0636 \u0627\u0644\u0633\u0646\u0629 \u0645\u0646 \u0635\u062d\u064a\u062d \u0627\u0644\u0643\u062a\u0628 \u0627\u0644\u0633\u062a\u0629',\n                            'quantity': quantity,\n                            'price': price,\n                            \"item_category\":\"\u0623\u062d\u0627\u062f\u064a\u062b \u0646\u0628\u0648\u064a\u0629\"\n                        }]\n                    });\n                })\n            });\n        <\/script>\n        \t<input type=\"hidden\" name=\"trp-form-language\" value=\"nb\"\/><\/form>\n\n\t\n<div class=\"product_meta\">\n\n\t\n\t\n\t<span class=\"posted_in\">Kategori: <a href=\"https:\/\/tamerbadr.com\/nb\/produktkategori\/%d8%a3%d8%ad%d8%a7%d8%af%d9%8a%d8%ab-%d9%86%d8%a8%d9%88%d9%8a%d8%a9\" rel=\"tag\">Hadithene<\/a><\/span>\n\t\n\t\n<\/div>\n\t<\/div>\n\n\t\n\t<div class=\"woocommerce-tabs wc-tabs-wrapper\">\n\t\t<ul class=\"tabs wc-tabs\" role=\"tablist\">\n\t\t\t\t\t\t\t<li role=\"presentation\" class=\"description_tab\" id=\"tab-title-description\">\n\t\t\t\t\t<a href=\"#tab-description\" role=\"tab\" aria-controls=\"tab-description\">\n\t\t\t\t\t\tBeskrivelse\t\t\t\t\t<\/a>\n\t\t\t\t<\/li>\n\t\t\t\t\t\t\t<li role=\"presentation\" class=\"reviews_tab\" id=\"tab-title-reviews\">\n\t\t\t\t\t<a href=\"#tab-reviews\" role=\"tab\" aria-controls=\"tab-reviews\">\n\t\t\t\t\t\tOmtaler (0)\t\t\t\t\t<\/a>\n\t\t\t\t<\/li>\n\t\t\t\t\t<\/ul>\n\t\t\t\t\t<div class=\"woocommerce-Tabs-panel woocommerce-Tabs-panel--description panel entry-content wc-tab\" id=\"tab-description\" role=\"tabpanel\" aria-labelledby=\"tab-title-description\">\n\t\t\t\t\n\t<h2 data-no-translation=\"\" data-trp-gettext=\"\">Beskrivelse<\/h2>\n\n<h1 style=\"text-align: center;\"><strong>Introduksjon til boken Riyad as-Sunnah fra Sahih al-Kutub al-Sittah<\/strong><\/h1>\n<h1 style=\"text-align: center;\">Profetens biografi, fred og velsignelser v\u00e6re med ham, er den beste biografien noensinne, og hans tale, fred og velsignelser v\u00e6re med ham, er den beste talen, og hans veiledning er den beste veiledningen, og hans tale er den mest sannferdige talen, m\u00e5tte Guds b\u00f8nner og fred v\u00e6re med ham. Derfor befalte Gud den allmektige sin nasjon \u00e5 f\u00f8lge hans lov, og forb\u00f8d dem \u00e5 v\u00e6re ulydige mot den, s\u00e5 Han, den H\u00f8yeste, sa: {\u00c5 dere som har trodd, adlyd Gud og adlyd Sendebudet og ugyldiggj\u00f8r ikke deres gjerninger (33)} [Surat Muhammad].<\/h1>\n<h1 style=\"text-align: center;\">Og Den H\u00f8yeste sa: {\u00c5 dere som har trodd, adlyd Allah og adlyd Sendebudet og de som har myndighet blant dere. Og hvis dere er uenige om noe, legg det frem for Allah og Sendebudet, hvis dere skulle tro p\u00e5 Allah og den siste dag. Det er det beste og mest passende utfallet.} (59) [Surat An-Nisa\u2019].<\/h1>\n<h1 style=\"text-align: center;\">Og Den H\u00f8yeste sa: {Og den som adlyder Gud og Sendebudet \u2013 de vil v\u00e6re blant dem som Gud har vist profetenes gunst, de standhaftige bekrefterne av sannheten, martyrene og de rettferdige. Og utmerkede er de som er ledsagere. (69)} [Surat An-Nisa\u2019].<\/h1>\n<h1 style=\"text-align: center;\">Det profeten, fred og velsignelser v\u00e6re med ham, sa: \u00abSnart vil en mann komme, liggende p\u00e5 sin divan, og fortelle en av mine hadither. Han vil si: \u2018Mellom oss og dere er Allahs bok, den allmektige og majestetiske. Alt vi finner i den som lovlig, anser vi som lovlig, og alt vi finner i den som forbudt, anser vi som forbudt. Sannelig, det Allahs sendebud, fred og velsignelser v\u00e6re med ham, har forbudt, er som det Allah har forbudt.\u2019\u00bb<\/h1>\n<h1 style=\"text-align: center;\">[Sahih]. Fortalt av (H). [Sahih al-Jami\u2019: 8186].<\/h1>\n<h1 style=\"text-align: center;\">Derfor er den edle profetiske hadithen den andre kilden til islamsk lovgivning etter den hellige Koranen. Den hellige Koranen befalte b\u00f8nn, zakat, faste og Hajj uten detaljer eller forklaring, men den profetiske hadithen kom for \u00e5 forklare og klargj\u00f8re dette i detalj.<\/h1>\n<h1 style=\"text-align: center;\">De edle profetiske hadithene er skjemmet av mange svake og oppdiktede hadither som ikke kan bevises. Det finnes imidlertid en stor, tilstrekkelig og bevist mengde autentiske og gode hadither fra Guds sendebud, m\u00e5tte Gud velsigne ham og gi ham fred, og fra f\u00f8lgesvennene, m\u00e5tte Gud v\u00e6re forn\u00f8yd med dem. Den gode hadithen er av lavere rang enn den autentiske hadithen, men den kan brukes som bevis og handles ut fra.<\/h1>\n<h1 style=\"text-align: center;\">Derfor har jeg i denne boken samlet de autentiske og gode hadithene fra de mest autentiske og ber\u00f8mte uttalelsene til hadith-l\u00e6rde, og jeg har brukt f\u00f8lgende kilder til det: (Sahih al-Bukhari, Sahih al-Bukhari, Sunan Abu Dawud, Sunan al-Tirmidhi, Sunan al-Nasa\u2019i, Sunan Ibn Majah).<\/h1>\n<h1 style=\"text-align: center;\">Jeg har valgt ut fra de seks b\u00f8kene de autentiske og gode hadithene basert p\u00e5 det som ble bekreftet av den store l\u00e6rde Sheikh Muhammad Nasir al-Din al-Albani (m\u00e5tte Allah v\u00e6re barmhjertig med ham), en av de mest fremtredende muslimske l\u00e6rde i moderne tid. Sheikh al-Albani regnes som en av de mest fremtredende hadith-l\u00e6rde, og er unik innen vitenskapen om autentisering og svekkelse. Sheikh al-Albani er en stor l\u00e6rd innen hadith-terminologi, og moderne l\u00e6rde har sagt om ham at han gjenopplivet hadith-vitenskapen etter at den hadde blitt glemt.<\/h1>\n<h1 style=\"text-align: center;\">Mens jeg samlet de edle hadithene i denne boken, husket jeg hadithen til profeten, fred og velsignelser v\u00e6re med ham: \u00abFortell fra meg, om det bare er ett vers, og fortell fra Israels barn, og det er ingen skyld p\u00e5 dere. Og den som lyver om meg med vilje, la ham ta sin plass i helvete.\u00bb<\/h1>\n<h1 style=\"text-align: center;\">[Sahih]. Fortalt av (Kh. T). [Sahih al-Jami\u2019: 2837].<\/h1>\n<h1 style=\"text-align: center;\">Derfor har jeg i denne boken valgt ut de autentiske og gode hadithene basert p\u00e5 f\u00f8lgende:<\/h1>\n<h1 style=\"text-align: center;\">A \u2013 Hvis hadithens overf\u00f8ringskjede er den samme og hadithens tekst er lik i to eller flere lignende fortellinger, slik som:<\/h1>\n<h1 style=\"text-align: center;\">P\u00e5 autoriteten til Abu Saeed Al-Khudri, m\u00e5tte Gud v\u00e6re forn\u00f8yd med ham, som sa: Guds sendebud, m\u00e5tte Gud velsigne ham og gi ham fred, sa: \u00abDen beste av dine parfymer er moskus.\u00bb<\/h1>\n<h1 style=\"text-align: center;\">[Sahih]. Fortalt av (N). [Sahih al-Jami\u2019: 5914].<\/h1>\n<h1 style=\"text-align: center;\">P\u00e5 autoriteten til Abu Saeed Al-Khudri, m\u00e5tte Gud v\u00e6re forn\u00f8yd med ham, som sa: Guds sendebud, m\u00e5tte Gud velsigne ham og gi ham fred, sa: \u00abDen beste parfymen er moskus.\u00bb<\/h1>\n<h1 style=\"text-align: center;\">[Sahih]. Fortalt av (T, M, N). [Sahih al-Jami\u2019: 1032].<\/h1>\n<h1 style=\"text-align: center;\">S\u00e5 jeg valgte den andre hadithen p\u00e5 grunn av dens mange fortellinger.<\/h1>\n<h1 style=\"text-align: center;\">B \u2013 Hvis to eller flere hadither er like, slik som:<\/h1>\n<h1 style=\"text-align: center;\">P\u00e5 Abu Hurairahs autoritet (m\u00e5tte Allah v\u00e6re forn\u00f8yd med ham), sa Allahs sendebud (fred og velsignelser v\u00e6re med ham): \u00abN\u00e5r imamen sier: &#039;Allah h\u00f8rer de som priser Ham,&#039; s\u00e5 si: &#039;\u00c5 Allah, v\u00e5r Herre, til deg v\u00e6re lovprist.&#039; For den som har ord som samsvarer med englenes ord, hans tidligere synder vil bli tilgitt.\u00bb<\/h1>\n<h1 style=\"text-align: center;\">[Sahih]. Fortalt av (Kh, M, D, T, N). [Sahih al-Jami&#039;: 705].<\/h1>\n<h1 style=\"text-align: center;\">P\u00e5 Abu Sa&#039;id Al-Khudris autoritet (m\u00e5tte Allah v\u00e6re forn\u00f8yd med ham) h\u00f8rte han Allahs sendebud (fred v\u00e6re med ham) si: \u00abN\u00e5r imamen sier: &#039;Allah h\u00f8rer de som priser Ham,&#039; s\u00e5 si: &#039;\u00c5 Allah, v\u00e5r Herre, og til Deg er lovprisning.&#039;\u00bb<\/h1>\n<h1 style=\"text-align: center;\">[Sahih]. Fortalt av (H). [Sahih al-Jami\u2019: 706].<\/h1>\n<h1 style=\"text-align: center;\">S\u00e5 jeg valgte den omfattende hadithen med klar betydning, som i den f\u00f8rste hadithen.<\/h1>\n<h1 style=\"text-align: center;\">C - Hadithene nevnt i Sahih al-Jami\u2019 al-Saghir og al-Silsilah al-Sahihah av al-Albani [for Musnaden til Imam Ahmad ibn Hanbal, eller al-Tabarani, eller al-Hakim, eller al-Bayhaqi] pleide jeg \u00e5 plassere i denne boken hadithene som ligner p\u00e5 dem i ordlyd fra b\u00f8kene til de seks imamene.<\/h1>\n<h1 style=\"text-align: center;\">For eksempel, hadithen fortalt av Buraydah al-Aslami (m\u00e5tte Allah v\u00e6re forn\u00f8yd med ham) fra profeten (Allahs fred og velsignelser v\u00e6re med ham): \u00abDen som gir noen i vanskeligheter utsettelse, vil ha dobbelt s\u00e5 mye veldedighet for hver dag f\u00f8r gjelden forfaller. N\u00e5r gjelden forfaller og han gir ham utsettelse, vil han ha dobbelt s\u00e5 mye veldedighet for hver dag.\u00bb [Sahih]. Fortalt av (Ahmad ibn Hanbal, Ibn Majah). Det er nevnt i Sahih al-Jami\u2019 under nummer [6108]. S\u00e5 jeg inkluderte ordlyden fra hadithen som finnes i Sunan Ibn Majah i denne boken, slik som i denne hadithen.<\/h1>\n<h1 style=\"text-align: center;\">P\u00e5 autoriteten til Buraydah al-Aslami (m\u00e5tte Allah v\u00e6re forn\u00f8yd med ham), sa profeten (fred og velsignelser v\u00e6re med ham): \u00abDen som gir en insolvent utsettelse, vil f\u00e5 en veldedighet gitt for hver dag, og den som gir ham utsettelse etter at fristen er utl\u00f8pt, vil f\u00e5 en slik veldedighet for hver dag.\u00bb [Sahih]. Fortalt av (Ibn Majah).<\/h1>\n<h1 style=\"text-align: center;\">A \u2013 Jeg pleide \u00e5 fullf\u00f8re de ufullstendige hadithene som er nevnt i Sahih al-Jami\u2019 al-Saghir og al-Silsilah al-Sahihah av al-Albani fra b\u00f8kene til de seks imamene.<\/h1>\n<h1 style=\"text-align: center;\">For eksempel, hadithen: \u00ab\u00c5 faste tre dager i hver m\u00e5ned, fra Ramadan til Ramadan, er som \u00e5 faste livet ut.\u00bb<\/h1>\n<h1 style=\"text-align: center;\">[Sahih]. Fortalt av (H.M.M.) p\u00e5 autoritet av Abu Qatada. [Sahih al-Jami\u2019: 3802].<\/h1>\n<h1 style=\"text-align: center;\">Denne hadithen er fra Musnad til Imam Ahmad ibn Hanbal og er ufullstendig, s\u00e5 jeg fullf\u00f8rte den med ordlyden som finnes i Sahih Muslim og plasserte den i boken som f\u00f8lger.<\/h1>\n<h1 style=\"text-align: center;\">P\u00e5 autoritet av Abu Qatada Al-Ansari (m\u00e5tte Allah v\u00e6re forn\u00f8yd med ham), ble Allahs sendebud (fred og velsignelser v\u00e6re med ham) spurt om hans faste. Allahs sendebud (fred og velsignelser v\u00e6re med ham) ble sint. Umar (m\u00e5tte Allah v\u00e6re forn\u00f8yd med ham) sa: \u00abVi er forn\u00f8yde med Allah som v\u00e5r Herre, islam som v\u00e5r religion, Muhammed som v\u00e5rt sendebud, og v\u00e5r troskapsed som v\u00e5r ed.\u00bb Han ble deretter spurt om faste gjennom hele livet. Han sa: \u00abHan verken fastet eller br\u00f8t fasten sin.\u00bb Eller: \u00abHan verken fastet eller br\u00f8t fasten sin.\u00bb Han sa: Han ble spurt om \u00e5 faste i to dager og bryte fasten dagen etter. Han sa: \u00abHvem kan gj\u00f8re det?\u00bb Han sa: Han ble spurt om \u00e5 faste \u00e9n dag og bryte fasten i to dager. Han sa: \u00abOm bare Allah hadde gitt oss styrken til \u00e5 gj\u00f8re det.\u00bb Han sa: Han ble spurt om \u00e5 faste \u00e9n dag og bryte fasten dagen etter. Han sa: \u00abDet er min bror Davids faste, fred v\u00e6re med ham.\u00bb Han sa: Han ble spurt om faste p\u00e5 mandager. Han sa: \u00abDet er dagen jeg ble f\u00f8dt, og dagen jeg ble sendt som profet, eller da det ble sendt en \u00e5penbaring til meg.\u00bb Han sa: \u00ab\u00c5 faste tre dager i hver m\u00e5ned, og faste fra den ene ramadanen til den neste, er \u00e5 faste livet ut.\u00bb Han ble spurt om faste p\u00e5 arafah-dagen. Han sa: \u00abDet soner syndene fra det foreg\u00e5ende \u00e5ret og det kommende \u00e5ret.\u00bb Han ble ogs\u00e5 spurt om faste p\u00e5 ashura-dagen. Han sa: \u00abDet soner syndene fra det siste \u00e5ret.\u00bb<\/h1>\n<h1 style=\"text-align: center;\">[Sahih]. Fortalt av (M). [Sahih al-Jami\u2019: 3802].<\/h1>\n<h1 style=\"text-align: center;\">E - Ordlyden i enhver hadith i boken er hentet fra fornavnet til hadith-fortelleren. Hvis den for eksempel ble skrevet \u00abFortalt av (M, Kh, D, T, N, H)\u00bb, er ordlyden i hadithen lik i de seks b\u00f8kene og finnes i b\u00f8kene til den l\u00e6rde Sheikh Al-Albani. Ordlyden i hadithen i denne boken er imidlertid hentet fra Sahih Muslim, og derfor er den skrevet f\u00f8rst i forkortelse.<\/h1>\n<h1 style=\"text-align: center;\">Og jeg nevnte ikke overf\u00f8ringskjeden i hadithene, bortsett fra navnet p\u00e5 ledsageren som gjenfortalte hadithen mest fremtredende, for \u00e5 gj\u00f8re det lettere for leseren \u00e5 unders\u00f8ke boken uten \u00e5 gj\u00f8re den for lang, ettersom mange lesere bare \u00f8nsker \u00e5 lese teksten i hadithen.<\/h1>\n<h1 style=\"text-align: center;\">Z \u2013 Jeg diskuterte ikke hadithene i profetens biografi i denne boken, ettersom de er nevnt i mange b\u00f8ker om profetens biografi og biografiene til f\u00f8lgesvennene, m\u00e5tte Gud v\u00e6re forn\u00f8yd med dem.<\/h1>\n<h1 style=\"text-align: center;\">H \u2013 Betydningen av noen vanskelige ord i hadithene er plassert p\u00e5 slutten av hver side for \u00e5 gj\u00f8re det s\u00e5 enkelt som mulig for leseren \u00e5 forst\u00e5 hadithene.<\/h1>\n<h1 style=\"text-align: center;\">T- Alle hadithene i denne boken er utstyrt med diakritiske tegn slik at de kan leses riktig.<\/h1>\n<h1 style=\"text-align: center;\">Denne boken ble p\u00e5begynt tidlig i 2009 og fullf\u00f8rt i 2019. Dette er fors\u00f8k vi har brukt for \u00e5 tjene v\u00e5r store religion og st\u00f8tte v\u00e5r profet, sendebudenes segl, \ufdfa, gjennom det han sa og gjorde til fordel for v\u00e5re br\u00f8dre, i samsvar med Guds allmektige ord: {Sannelig, i Guds sendebud har dere et utmerket m\u00f8nster for alle som har h\u00e5p til Gud og den siste dag og [som] ofte husker Gud.} [Al-Ahzab: 22]. Vi ber Gud den allmektige om \u00e5 gj\u00f8re det nyttig og gj\u00f8re v\u00e5rt arbeid oppriktig for Hans skyld. {V\u00e5r Herre, legg ikke skyld p\u00e5 oss hvis vi glemmer eller gj\u00f8r en feil.} Han er tilstrekkelig for oss, og Han er den beste Ordneren over saker.<\/h1>\n<h1 style=\"text-align: center;\">Kairo, 18. Sha&#039;ban 1440 AH<\/h1>\n<h1 style=\"text-align: center;\">Tilsvarende 24. april 2019<\/h1>\n<h1 style=\"text-align: center;\">\u00a0\u00a0\u00a0\u00a0\u00a0\u00a0 Tamer Badr<\/h1>\n\t\t\t<\/div>\n\t\t\t\t\t<div class=\"woocommerce-Tabs-panel woocommerce-Tabs-panel--reviews panel entry-content wc-tab\" id=\"tab-reviews\" role=\"tabpanel\" aria-labelledby=\"tab-title-reviews\">\n\t\t\t\t<div id=\"reviews\" class=\"woocommerce-Reviews\">\n\t<div id=\"comments\">\n\t\t<h2 class=\"woocommerce-Reviews-title\">\n\t\t\tOmtaler\t\t<\/h2>\n\n\t\t\t\t\t<p class=\"woocommerce-noreviews\" data-no-translation=\"\" data-trp-gettext=\"\">Det er ingen omtaler enn\u00e5.<\/p>\n\t\t\t<\/div>\n\n\t\t\t<div id=\"review_form_wrapper\">\n\t\t\t<div id=\"review_form\">\n\t\t\t\t\t<div id=\"respond\" class=\"comment-respond\">\n\t\t<span id=\"reply-title\" class=\"comment-reply-title\" role=\"heading\" aria-level=\"3\">Bli den f\u00f8rste til \u00e5 omtale \u00ab\u0643\u062a\u0627\u0628 \u0631\u064a\u0627\u0636 \u0627\u0644\u0633\u0646\u0629 \u0645\u0646 \u0635\u062d\u064a\u062d \u0627\u0644\u0643\u062a\u0628 \u0627\u0644\u0633\u062a\u0629\u00bb <small><a rel=\"nofollow\" id=\"cancel-comment-reply-link\" href=\"\/nb\/wp-json\/wp\/v2\/pages\/20112#respond\" style=\"display:none;\">Avbryt svar<\/a><\/small><\/span><p class=\"must-log-in\" data-no-translation=\"\" data-trp-gettext=\"\">Du m\u00e5 v\u00e6re <a href=\"https:\/\/tamerbadr.com\/nb\/\">logget inn<\/a> for \u00e5 legge inn en omtale.<\/p>\t<\/div><!-- #respond -->\n\t\t\t\t<\/div>\n\t\t<\/div>\n\t\n\t<div class=\"clear\"><\/div>\n<\/div>\n\t\t\t<\/div>\n\t\t\n\t\t\t<\/div>\n\n<\/div>\n\n\t\t\t<\/div>\n\t\t\t<\/div>\t\t\t\t<\/div>\n\t\t\t\t<\/div>\n\t\t\t\t<\/div>\n\t\t\t\t\t<\/div>\n\t\t\t\t<\/div>\n\t\t\t\t<\/div>","protected":false},"excerpt":{"rendered":"","protected":false},"author":1,"featured_media":0,"parent":0,"menu_order":0,"comment_status":"closed","ping_status":"closed","template":"elementor_header_footer","meta":{"_seopress_robots_primary_cat":"","_seopress_titles_title":"","_seopress_titles_desc":"","_seopress_robots_index":"","inline_featured_image":false,"_uf_show_specific_survey":0,"_uf_disable_surveys":false,"footnotes":""},"class_list":["post-20112","page","type-page","status-publish"],"_links":{"self":[{"href":"https:\/\/tamerbadr.com\/nb\/wp-json\/wp\/v2\/pages\/20112","targetHints":{"allow":["GET"]}}],"collection":[{"href":"https:\/\/tamerbadr.com\/nb\/wp-json\/wp\/v2\/pages"}],"about":[{"href":"https:\/\/tamerbadr.com\/nb\/wp-json\/wp\/v2\/types\/page"}],"author":[{"embeddable":true,"href":"https:\/\/tamerbadr.com\/nb\/wp-json\/wp\/v2\/users\/1"}],"replies":[{"embeddable":true,"href":"https:\/\/tamerbadr.com\/nb\/wp-json\/wp\/v2\/comments?post=20112"}],"version-history":[{"count":0,"href":"https:\/\/tamerbadr.com\/nb\/wp-json\/wp\/v2\/pages\/20112\/revisions"}],"wp:attachment":[{"href":"https:\/\/tamerbadr.com\/nb\/wp-json\/wp\/v2\/media?parent=20112"}],"curies":[{"name":"wp","href":"https:\/\/api.w.org\/{rel}","templated":true}]}}