{"id":19582,"date":"2025-03-16T21:56:12","date_gmt":"2025-03-16T21:56:12","guid":{"rendered":"https:\/\/white-ant-267257.hostingersite.com\/?post_type=product&#038;p=19582"},"modified":"2025-07-13T07:21:17","modified_gmt":"2025-07-13T07:21:17","slug":"unforgettable-countries-book","status":"publish","type":"product","link":"https:\/\/tamerbadr.com\/lv\/products\/unforgettable-countries-book","title":{"rendered":"Neaizmirstamu valstu gr\u0101mata"},"content":{"rendered":"<h1 style=\"text-align: center;\"><strong>Profesora Dr. Rageba El-Sergani ievads gr\u0101matai &quot;Neaizmirstamas valstis&quot;<\/strong><\/h1>\n<h1 style=\"text-align: center;\">Daudzi sagroz\u012bt\u0101ji un viltot\u0101ji izplata ideju, ka isl\u0101ma v\u0113stur\u0113 nav kr\u0101\u0161\u0146as pag\u0101tnes, iz\u0146emot V\u0113stne\u0161a (lai Dievs vi\u0146u sv\u0113t\u012b un dod vi\u0146am mieru), Abu Bakra un Um\u0101ra (lai Dievs ar vi\u0146iem ir apmierin\u0101ts) periodu. \u0160\u012b vilto\u0161ana ir paredz\u0113ta tikai, lai izplat\u012btu neapmierin\u0101t\u012bbu musulma\u0146u sird\u012bs un liktu vi\u0146iem justies t\u0101, ka vi\u0146u sacel\u0161an\u0101s iesp\u0113ja ir k\u013cuvusi \u013coti t\u0101la un ka isl\u0101ma pieeja nesp\u0113j uzcelt valsti vai atdz\u012bvin\u0101t n\u0101ciju. Tas viss ir pretrun\u0101 ar paties\u012bbu un t\u0101lu no paties\u012bbas. T\u0101p\u0113c ir steidzami j\u0101izskaidro m\u016bsu tautas v\u0113stures da\u017e\u0101die posmi un ka tauta, lai cik v\u0101ja t\u0101 k\u013c\u016btu, atkal celsies, un, ja t\u0101s karogs krit\u012bs vien\u0101 viet\u0101, t\u0101 karogi tiks pacelti citur. Un ka Dieva likums ir t\u0101ds, ka paliks patiesi musulma\u0146i, kas atbalst\u012bs \u0161\u012bs tautas lietu un saglab\u0101s t\u0101s cie\u0146u. T\u0101 ir Dieva V\u0113stne\u0161a (lai Dievs vi\u0146u sv\u0113t\u012b un dod vi\u0146am mieru) had\u012bta paties\u012bba: &quot;Manas tautas grupa vienm\u0113r uzvar\u0113s ikvienu...&quot;<\/h1>\n<h1 style=\"text-align: center;\">Vi\u0146i uzbruks tiem, iekarojot tos, un tie, kas tiem pretojas, tiem nekait\u0113s, kam\u0113r pie vi\u0146iem nen\u0101ks All\u0101ha pav\u0113le, un vi\u0146i t\u0101di ar\u012b paliks. (St\u0101st\u012bjis Al-Bukhari un Muslims)<\/h1>\n<h1 style=\"text-align: center;\">Dieva V\u0113stnesis, lai Dievs vi\u0146u sv\u0113t\u012b un pie\u0161\u0137ir vi\u0146am mieru, r\u0101da mums lielisku piem\u0113ru valsts dibin\u0101\u0161an\u0101 un n\u0101cijas veido\u0161an\u0101. To darot, vi\u0146\u0161 sad\u016br\u0101s ar t\u0101 laika apspie\u0161anas sp\u0113kiem, kurus p\u0101rst\u0101v\u0113ja Ar\u0101bijas pussalas netic\u012bgie, kuru vad\u012bb\u0101 bija Mekas netic\u012bgie, un ebreji ar sav\u0101m da\u017e\u0101daj\u0101m cilt\u012bm, k\u0101 ar\u012b milz\u012bg\u0101 Romas imp\u0113rija. Neskatoties uz \u0161o \u0161ausmino\u0161o sadursmi, Visvarenais Dievs vi\u0146am noteica uzvaru un pan\u0101kumus, l\u012bdz vi\u0146a valsts tika nodibin\u0101ta k\u0101 jauna un lepna n\u0101cija.<\/h1>\n<h1 style=\"text-align: center;\">P\u0113c All\u0101ha v\u0113stne\u0161a, miers un sv\u0113t\u012bba lai ir p\u0101r vi\u0146u, pareizi vad\u012btie kalifi uzc\u0113la sp\u0113c\u012bgu un di\u017eenu valsti, kas sp\u0113ja g\u0101zt Khosrau un C\u0113zara tro\u0146us, sp\u0113ja izvirz\u012bt musulma\u0146us pasaules priek\u0161gal\u0101 un p\u0101rsp\u0113ja visus politiski, ekonomiski, zin\u0101tniski, kult\u016bras un mor\u0101li. Pirms visa t\u0101 t\u0101 p\u0101rsp\u0113ja vi\u0146us doktr\u012bn\u0101, t\u0101p\u0113c sp\u0113ja reform\u0113t savu pasauli ar savu reli\u0123iju un paaugstin\u0101t dz\u012bves l\u012bmeni sav\u0101 valst\u012b ar sava Kunga likumu, un pan\u0101ca sare\u017e\u0123\u012bto vien\u0101dojumu, kas apvieno laimi ab\u0101s pasaul\u0113s: \u0161aj\u0101 pasaul\u0113 un aizsaul\u0113.<\/h1>\n<h1 style=\"text-align: center;\">Isl\u0101ma n\u0101cijas ce\u013cojums neapst\u0101j\u0101s pie Pareizi Vad\u012bto Kalifu laikiem, bet gan turpin\u0101ja savu civiliz\u0101cijas ce\u013cojumu kop\u0101 ar liel\u0101m un c\u0113l\u0101m n\u0101cij\u0101m, kas sasniedza slavu un godu un visur augstu pac\u0113la musulma\u0146u v\u0101rdu. Bija Umaij\u0101du un Abas\u012bdu kalif\u0101ti, Aj\u016bb\u012bdu un Mamluku valstis, lielais Osma\u0146u kalif\u0101ts un daudzas ietekm\u012bgas n\u0101cijas Andal\u016bzijas v\u0113stur\u0113. Bija ar\u012b citas n\u0101cijas, kas main\u012bja cilv\u0113ces gaitu ar br\u012bni\u0161\u0137\u012bg\u0101m, pozit\u012bv\u0101m p\u0101rmai\u0146\u0101m, kas vairo \u0161\u012bs milz\u012bg\u0101s n\u0101cijas, isl\u0101ma n\u0101cijas, reput\u0101ciju.<\/h1>\n<h1 style=\"text-align: center;\">\u0160\u012b spo\u017e\u0101 v\u0113sture ir vislab\u0101k\u0101 v\u0113sture vis\u0101 pasaul\u0113, tom\u0113r tikai da\u017ei cilv\u0113ki par to zina. Diem\u017e\u0113l pat pa\u0161i musulma\u0146i nezina par \u0161o kr\u0101\u0161\u0146o v\u0113sturi. T\u0101p\u0113c esmu \u013coti priec\u012bgs, kad redzu gr\u0101matu vai jebkuru liter\u0101ru vai m\u0101kslas darbu, kas atjauno musulma\u0146iem vi\u0146u kr\u0101\u0161\u0146\u0101s v\u0113stures patieso t\u0113lu un vairo vi\u0146u lepnumu un godu \u0161aj\u0101 c\u0113laj\u0101 taut\u0101.<\/h1>\n<h1 style=\"text-align: center;\">M\u016bsu priek\u0161\u0101 ir viena no \u0161\u012bm v\u0113rt\u012bgaj\u0101m gr\u0101mat\u0101m, kuras autors Tamers Badrs kungs dedz\u012bgi izsekoja m\u016bsu v\u0113stures da\u017e\u0101dajiem slavas posmiem no s\u0101kuma l\u012bdz beig\u0101m, iepaz\u012bstinot m\u016bs ar da\u017eiem no \u0161\u012bs v\u0113stures di\u017e\u0101kajiem d\u0101rgumiem un past\u0101stot par vair\u0101ku isl\u0101ma valstu v\u0113sturi, kas ir pac\u0113lu\u0161as musulma\u0146u v\u0101rdu augstu debes\u012bs.<\/h1>\n<h1 style=\"text-align: center;\">T\u0101 ir skaista gr\u0101mata, eleganti uzrakst\u012bta un skaisti noform\u0113ta, satur bag\u0101t\u012bgu un prec\u012bzu inform\u0101ciju, un t\u0101 papildina m\u016bsu isl\u0101ma bibliot\u0113ku ar skaistu gr\u0101matu, ar kuru leposies ikviens musulmanis.<\/h1>\n<h1 style=\"text-align: center;\">Ak Dievs, padari \u0161\u012bs p\u016bles par labu darbu rakstniekam un padari \u0161\u012bs rindas par labu darbu ikvienam, kas t\u0101s lasa...<\/h1>\n<h1 style=\"text-align: center;\">Es l\u016bdzu Dievu, lai vi\u0146\u0161 godina isl\u0101mu un musulma\u0146us<\/h1>\n<h1 style=\"text-align: center;\">Profesors Dr. Raghebs Al-Sergani<\/h1>\n<h1 style=\"text-align: center;\">Kaira, 2012. gada maijs<\/h1>","protected":false},"excerpt":{"rendered":"<p>\u0645\u0642\u062f\u0645\u0629 \u0627\u0644\u0627\u0633\u062a\u0627\u0630 \u0627\u0644\u062f\u0643\u062a\u0648\u0631 \u0631\u0627\u063a\u0628 \u0627\u0644\u0633\u0631\u062c\u0627\u0646\u064a \u0644\u0643\u062a\u0627\u0628 \u062f\u0648\u0644 \u0644\u0627 \u062a\u0646\u0633\u0649 \u064a\u0634\u064a\u0639 \u0643\u062b\u064a\u0631 \u0645\u0646 \u0627\u0644\u0645\u062d\u0631\u0641\u064a\u0646 \u0648\u0627\u0644\u0645\u0632\u0648\u0631\u064a\u0646 \u0623\u0646 \u0627\u0644\u062a\u0627\u0631\u064a\u062e \u0627\u0644\u0625\u0633\u0644\u0627\u0645\u064a \u0644\u0627 \u064a\u062d\u0648\u064a \u0645\u0627\u0636\u064a\u0627 \u0645\u062c\u064a\u062f\u0627\u061b \u0625\u0644\u0627 \u0641\u064a \u0641\u062a\u0631\u0629 \u0627\u0644\u0631\u0633\u0648\u0644 \ufdfa \u0648\u0623\u0628\u064a \u0628\u0643\u0631 \u0648\u0639\u0645\u0631 \u0631\u0636\u064a \u0627\u0644\u0644\u0647 \u0639\u0646\u0647\u0645\u0627 \u060c \u0648\u0644\u064a\u0633 \u0647\u0630\u0627 \u0627\u0644\u062a\u0632\u0648\u064a\u0631 \u0625\u0644\u0627 \u0644\u0628\u062b \u0627\u0644\u0625\u062d\u0628\u0627\u0637 \u0641\u064a \u0642\u0644\u0648\u0628 \u0627\u0644\u0645\u0633\u0644\u0645\u064a\u0646 \u0648\u0625\u0634\u0639\u0627\u0631\u0647\u0645 \u0623\u0646 \u0627\u062d\u062a\u0645\u0627\u0644\u064a\u0629 \u0642\u064a\u0627\u0645\u0647\u0645 \u0635\u0627\u0631\u062a \u0628\u0639\u064a\u062f\u0629 \u062c\u062f\u0627\u060c \u0648\u0623\u0646 \u0627\u0644\u0645\u0646\u0647\u062c \u0627\u0644\u0625\u0633\u0644\u0627\u0645\u064a \u063a\u064a\u0631 \u0642\u0627\u062f\u0631 \u0639\u0644\u0649 [&hellip;]<\/p>","protected":false},"featured_media":19690,"comment_status":"open","ping_status":"closed","template":"","meta":{"_seopress_robots_primary_cat":"","_seopress_titles_title":"","_seopress_titles_desc":"","_seopress_robots_index":"","inline_featured_image":false,"_uf_show_specific_survey":0,"_uf_disable_surveys":false},"product_brand":[],"product_cat":[190],"product_tag":[],"class_list":{"0":"post-19582","1":"product","2":"type-product","3":"status-publish","4":"has-post-thumbnail","6":"product_cat-190","8":"first","9":"instock","10":"downloadable","11":"shipping-taxable","12":"purchasable","13":"product-type-simple"},"_links":{"self":[{"href":"https:\/\/tamerbadr.com\/lv\/wp-json\/wp\/v2\/product\/19582","targetHints":{"allow":["GET"]}}],"collection":[{"href":"https:\/\/tamerbadr.com\/lv\/wp-json\/wp\/v2\/product"}],"about":[{"href":"https:\/\/tamerbadr.com\/lv\/wp-json\/wp\/v2\/types\/product"}],"replies":[{"embeddable":true,"href":"https:\/\/tamerbadr.com\/lv\/wp-json\/wp\/v2\/comments?post=19582"}],"wp:featuredmedia":[{"embeddable":true,"href":"https:\/\/tamerbadr.com\/lv\/wp-json\/wp\/v2\/media\/19690"}],"wp:attachment":[{"href":"https:\/\/tamerbadr.com\/lv\/wp-json\/wp\/v2\/media?parent=19582"}],"wp:term":[{"taxonomy":"product_brand","embeddable":true,"href":"https:\/\/tamerbadr.com\/lv\/wp-json\/wp\/v2\/product_brand?post=19582"},{"taxonomy":"product_cat","embeddable":true,"href":"https:\/\/tamerbadr.com\/lv\/wp-json\/wp\/v2\/product_cat?post=19582"},{"taxonomy":"product_tag","embeddable":true,"href":"https:\/\/tamerbadr.com\/lv\/wp-json\/wp\/v2\/product_tag?post=19582"}],"curies":[{"name":"wp","href":"https:\/\/api.w.org\/{rel}","templated":true}]}}