{"id":19573,"date":"2025-03-16T21:36:30","date_gmt":"2025-03-16T21:36:30","guid":{"rendered":"https:\/\/white-ant-267257.hostingersite.com\/?post_type=product&#038;p=19573"},"modified":"2025-12-22T11:39:34","modified_gmt":"2025-12-22T11:39:34","slug":"the-book-of-the-virtue-of-patience-in-the-face-of-adversity","status":"publish","type":"product","link":"https:\/\/tamerbadr.com\/lv\/products\/the-book-of-the-virtue-of-patience-in-the-face-of-adversity","title":{"rendered":"Paciet\u012bbas tikuma gr\u0101mata gr\u016bt\u012bbu priek\u0161\u0101"},"content":{"rendered":"<h1 style=\"text-align: center;\"><strong>\u0160eiha Muhameda Hasana ievads gr\u0101matai &quot;Paciet\u012bbas tikums gr\u016bt\u012bbu priek\u0161\u0101&quot;<\/strong><\/h1>\n<h1 style=\"text-align: center;\">Lai slav\u0113ts Dievs, un lai Dieva l\u016bg\u0161anas un miers ir ar Dieva V\u0113stnesi, lai Dievs vi\u0146u sv\u0113t\u012b un pie\u0161\u0137ir vi\u0146am mieru.<\/h1>\n<h1 style=\"text-align: center;\">Visvarenais All\u0101hs padar\u012bja paciet\u012bbu par neuzvaramu zirgu, neuzvaramu armiju un nesagraujamu cietoksni. Vi\u0146\u0161, Visvarenais, teica, ka paciet\u012bgie ir All\u0101ha sabiedr\u012bb\u0101 un Vi\u0146\u0161 vi\u0146us m\u012bl. K\u0101ds gods!<\/h1>\n<h1 style=\"text-align: center;\">Visvarenais Dievs teica: \u201cPatiesi, All\u0101hs ir ar paciet\u012bgajiem.\u201d (Al-Baqarah: 153)<\/h1>\n<h1 style=\"text-align: center;\">Visvarenais Dievs teica: \u201cUn Dievs m\u012bl paciet\u012bgos.\u201d (Al Imran: 146)<\/h1>\n<h1 style=\"text-align: center;\">Un Vi\u0146\u0161 reli\u0123ijas vad\u012bbu padar\u012bja atkar\u012bgu no paciet\u012bbas un p\u0101rliec\u012bbas, t\u0101p\u0113c Vi\u0146\u0161, Visvarenais, teica: \u201cUn M\u0113s no vi\u0146u vidus iec\u0113l\u0101m vad\u012bt\u0101jus, kas vad\u012bja p\u0113c M\u016bsu pav\u0113les, kad vi\u0146i bija paciet\u012bgi un p\u0101rliecin\u0101ti par M\u016bsu z\u012bm\u0113m.\u201d [As-Sajdah: 24]<\/h1>\n<h1 style=\"text-align: center;\">Un Vi\u0146\u0161 ir apkopojis paciet\u012bgajiem \u0161\u012bs lab\u0101s v\u0113stis, ko Vi\u0146\u0161 nav apkopojis citiem, t\u0101p\u0113c Vi\u0146\u0161, Visaugst\u0101kais, teica: \u201cUn M\u0113s j\u016bs noteikti p\u0101rbaud\u012bsim ar bail\u0113m, badu, bag\u0101t\u012bbas, dz\u012bv\u012bbas un aug\u013cu zaud\u0113\u0161anu, bet paciet\u012bgajiem (155) sniedziet lab\u0101s zi\u0146as, kas, kad vi\u0146us piemekl\u0113 nelaime, saka: \u201cPatiesi, m\u0113s piederam Dievam, un patiesi, pie Vi\u0146a m\u0113s atgriez\u012bsimies.\u201d (156) Tiem b\u016bs sv\u0113t\u012bba no vi\u0146u Kunga un \u017e\u0113last\u012bba. Un tie\u0161i tie ir tie, kas ir [pareizi] vad\u012bti.\u201d (157) [Al-Baqarah]<\/h1>\n<h1 style=\"text-align: center;\">Tad Visvarenais paskaidroja paciet\u012bgo godu Parad\u012bz\u0113 ar e\u0146\u0123e\u013ciem, kas ien\u0101ca, lai vi\u0146us sveicin\u0101tu un sveiktu, k\u0101 Vi\u0146\u0161, Visvarenais, teica: \u201cUn e\u0146\u0123e\u013ci ien\u0101ks pie vi\u0146iem no katriem v\u0101rtiem, [sakot]: \u201cMiers lai ir ar jums par to, ko j\u016bs paciet\u012bgi iztur\u0113j\u0101t. Un br\u012bni\u0161\u0137\u012bgas ir p\u0113d\u0113j\u0101s m\u0101jas!\u201d\u201d (Al-Ra\u2019d).<\/h1>\n<h1 style=\"text-align: center;\">Vi\u0146\u0161 rezum\u0113ja vi\u0146u nopelnu un neierobe\u017eoto atl\u012bdz\u012bbu, sakot: \u201cTikai paciet\u012bgajiem tiks pie\u0161\u0137irta pilna atl\u012bdz\u012bba, bez jebk\u0101das atskaites.\u201d (Az-Zumar: 10)<\/h1>\n<h1 style=\"text-align: center;\">J\u0101, paciet\u012bba, k\u0101 jau nor\u0101da t\u0101s nosaukums, ir r\u016bgta gar\u0161a, bet sekas sald\u0101kas par medu.<\/h1>\n<h1 style=\"text-align: center;\">Kas ir paciet\u012bba?<\/h1>\n<h1 style=\"text-align: center;\">Paciet\u012bba valod\u0101: ir profilakse un ierobe\u017eo\u0161ana.<\/h1>\n<h1 style=\"text-align: center;\">Saska\u0146\u0101 ar isl\u0101ma likumiem paciet\u012bba noz\u012bm\u0113 attur\u0113ties no raiz\u0113m, attur\u0113t m\u0113li no s\u016bdz\u012bb\u0101m un attur\u0113t locek\u013cus no gr\u0113ku izdar\u012b\u0161anas.<\/h1>\n<h1 style=\"text-align: center;\">* Tas ir sadal\u012bts tr\u012bs da\u013c\u0101s:<\/h1>\n<h1 style=\"text-align: center;\">Paciet\u012bba ar pav\u0113li. Tas ir, paciet\u012bba ar paklaus\u012bbu.<\/h1>\n<h1 style=\"text-align: center;\">- Un paciet\u012bbu, izvairoties no aizliegt\u0101. Tas ir, paciet\u012bbu, izvairoties no gr\u0113ka.<\/h1>\n<h1 style=\"text-align: center;\">- Paciet\u012bba likte\u0146a priek\u0161\u0101. Tas ir, paciet\u012bba nelaimju un p\u0101rbaud\u012bjumu priek\u0161\u0101, ko Visvarenais Dievs ir nol\u0113mis kalpam.<\/h1>\n<h1 style=\"text-align: center;\">Skaista paciet\u012bba ir t\u0101, kuras \u012bpa\u0161nieks mekl\u0113 All\u0101ha, Visaugst\u0101k\u0101, Visliel\u0101k\u0101, labv\u0113l\u012bbu nevis baidoties no cilv\u0113kiem, lai tie neteiktu, ka vi\u0146\u0161 ir nepaciet\u012bgs, ne ar\u012b izpu\u0161\u0137ojoties cilv\u0113ku lab\u0101, lai tie neteiktu, ka vi\u0146\u0161 ir paciet\u012bgs. Dr\u012bz\u0101k vi\u0146\u0161 ir paciet\u012bgs, ticot All\u0101ha likumam, gan labajam, gan sliktajam, pace\u013coties p\u0101ri s\u0101p\u0113m un pace\u013coties p\u0101ri s\u016bdz\u012bb\u0101m.<\/h1>\n<h1 style=\"text-align: center;\">Izmekl\u0113\u0161ana liecina, ka past\u0101v divu veidu s\u016bdz\u012bbas:<\/h1>\n<h1 style=\"text-align: center;\">S\u016bdz\u012bba Dievam un s\u016bdz\u012bba no Dieva!!<\/h1>\n<h1 style=\"text-align: center;\">Kas attiecas uz s\u016bdz\u0113\u0161anos Dievam, tas nav pretrun\u0101 ar paciet\u012bbu, k\u0101 Dievs teica J\u0113kaba st\u0101st\u012bjum\u0101 (lai miers ir ar vi\u0146u): \u201cT\u0101tad paciet\u012bba ir vispiem\u0113rot\u0101k\u0101, un Dievs ir tas, kuram tiek mekl\u0113ta pal\u012bdz\u012bba pret to, ko j\u016bs aprakst\u0101t.\u201d (J\u016bsufs: 18)<\/h1>\n<h1 style=\"text-align: center;\">Tom\u0113r vi\u0146\u0161 c\u0113la savu s\u016bdz\u012bbu Dievam, sakot: \u201cEs s\u016bdzos Dievam tikai par sav\u0101m cie\u0161an\u0101m un b\u0113d\u0101m\u201d (J\u016bsufs: 86).<\/h1>\n<h1 style=\"text-align: center;\">Visvarenais Dievs slav\u0113ja \u012ajabu, miers lai ir ar vi\u0146u, tom\u0113r vi\u0146\u0161 c\u0113la savu s\u016bdz\u012bbu Dievam, sakot: \u201cUn \u012ajabs, kad vi\u0146\u0161 sauca savu Kungu: \u201cPatiesi, mani ir p\u0101r\u0146\u0113mu\u0161as nelaimes, un Tu esi Vis\u017e\u0113l\u012bg\u0101kais no \u017e\u0113lsird\u012bgajiem.\u201d\u201d (Al-Anbiya: 83)<\/h1>\n<h1 style=\"text-align: center;\">Gudram tic\u012bgajam j\u0101zina, ka \u0161\u012b pasaule ir p\u0101rbaud\u012bjumu un p\u0101rbaud\u012bjumu vieta, un t\u0101s prieks ir sap\u0146i un \u012bslaic\u012bga \u0113na. Ja t\u0101 liek mazliet smieties, t\u0101 liek daudz raud\u0101t. Ja t\u0101 liek jums iepriecin\u0101t vienu dienu, t\u0101 liek jums skumt visu m\u016b\u017eu. Ja t\u0101 sniedz jums mazliet prieka, t\u0101 jums to at\u0146em uz ilgu laiku. Un katram priekam ir b\u0113das!!<\/h1>\n<h1 style=\"text-align: center;\">Gudrs cilv\u0113ks ir tas, kur\u0161 raug\u0101s ar savas atzi\u0146as ac\u012bm un tic\u012bbas gaismu un ar p\u0101rliec\u012bbu zina, ka tas, kas vi\u0146u piedz\u012bvoja, nevar\u0113ja vi\u0146u nepiedz\u012bvot, un ka tas, kas vi\u0146u nepiedz\u012bvoja, nevar\u0113ja vi\u0146u piemekl\u0113t. T\u0101p\u0113c vi\u0146\u0161 ieskat\u0101s Visvaren\u0101 Dieva Gr\u0101mat\u0101 un Vi\u0146a V\u0113stne\u0161a (lai Dievs vi\u0146u sv\u0113t\u012b un pie\u0161\u0137ir vi\u0146am mieru) sunn\u0101, lai saprastu paciet\u012bbas atl\u012bdz\u012bbu.<\/h1>\n<h1 style=\"text-align: center;\">Tad lai vi\u0146\u0161 nodz\u0113\u0161 nelaimju un p\u0101rbaud\u012bjumu uguni ar aukstasin\u012bbu, sekojot to piem\u0113ram, kas ir cietu\u0161i, \u012bpa\u0161i V\u0113stne\u0161u un Pravie\u0161u.<\/h1>\n<h1 style=\"text-align: center;\">Tad, ja vi\u0146\u0161 mekl\u0113tu un mekl\u0113tu starp zemes iedz\u012bvot\u0101jiem, vi\u0146\u0161 starp tiem neredz\u0113tu nevienu citu k\u0101 vien k\u0101du, kuru ir nomoc\u012bjis m\u012b\u013cota cilv\u0113ka zaud\u0113jums vai kas nepat\u012bkams!<\/h1>\n<h1 style=\"text-align: center;\">Cik \u013coti mums ir nepiecie\u0161ams past\u0101v\u012bgs atg\u0101din\u0101jums laik\u0101, kad ir daudz p\u0101rbaud\u012bjumu un likstu, un p\u0101rbaud\u012bjumi un likstas ir smagas.<\/h1>\n<h1 style=\"text-align: center;\">Pateicoties paciet\u012bbai gr\u016bt\u012bbu priek\u0161\u0101, izpratnei par gr\u016bt\u012bbu gudr\u012bbu, m\u0101coties par gr\u016bt\u012bbu veidiem, sekojot v\u0113stne\u0161u un pravie\u0161u piem\u0113ram un citiem svar\u012bgiem jaut\u0101jumiem, kas saist\u012bti ar \u0161o c\u0113lo t\u0113mu.<\/h1>\n<h1 style=\"text-align: center;\">Man\u0101s rok\u0101s ir jauks v\u0113st\u012bjums par \u0161o jaut\u0101jumu no m\u016bsu d\u0101rg\u0101 br\u0101\u013ca Tamera Badra. Lai Dievs vi\u0146u atalgo ar labu un padara m\u016bs un vi\u0146u par paciet\u012bgajiem, un lai Vi\u0146\u0161 iepriecina m\u016bsu acis ar \u0161\u012bs reli\u0123ijas uzvaru. Lai Dieva l\u016bg\u0161anas un miers ir ar pravie\u0161u vad\u012bt\u0101ju, visu vi\u0146a \u0123imeni un l\u012bdzgaitniekiem.<\/h1>\n<h1 style=\"text-align: center;\">Sarakst\u012bjis<\/h1>","protected":false},"excerpt":{"rendered":"<p>\u0645\u0642\u062f\u0645\u0629 \u0627\u0644\u0634\u064a\u062e \u0645\u062d\u0645\u062f \u062d\u0633\u0627\u0646 \u0644\u0643\u062a\u0627\u0628 \u0641\u0636\u0644 \u0627\u0644\u0635\u0628\u0631 \u0639\u0644\u064a \u0627\u0644\u0628\u0644\u0627\u0621 \u0627\u0644\u062d\u0645\u062f \u0644\u0644\u0647 \u0648\u0627\u0644\u0635\u0644\u0627\u0629 \u0648\u0627\u0644\u0633\u0644\u0627\u0645 \u0639\u0644\u0649 \u0631\u0633\u0648\u0644 \u0627\u0644\u0644\u0647 \ufdfa \u0648\u0628\u0639\u062f.. \u0641\u0625\u0646 \u0627\u0644\u0644\u0647 \u062c\u0644 \u0648\u0639\u0644\u0627 \u062c\u0639\u0644 \u0627\u0644\u0635\u0628\u0631 \u062c\u064e\u0648\u064e\u0627\u062f\u064b\u0627 \u0644\u0627 \u064a\u0643\u0628\u0648\u060c \u0648\u062c\u0646\u062f\u064b\u0627 \u0644\u0627 \u064a\u064f\u0647\u0632\u0645\u060c \u0648\u062d\u0635\u0646\u064b\u0627 \u0644\u0627 \u064a\u064f\u0647\u062f\u0645. \u0648\u0623\u062e\u0628\u0631 \u062c\u0644 \u0648\u0639\u0644\u0627 \u0623\u0646 \u0627\u0644\u0635\u0627\u0628\u0631\u064a\u0646 \u0641\u064a \u0645\u0639\u064a\u0629 \u0627\u0644\u0644\u0647 \u0648\u0647\u0648 \u064a\u062d\u0628\u0647\u0645\u060c \u0648\u064a\u0627\u0644\u0647\u0627 \u0645\u0646 \u0643\u0631\u0627\u0645\u0629 !! \u0642\u0627\u0644 \u062a\u0639\u0627\u0644\u0649 : \u0625\u0650\u0646\u064e\u0651 \u0627\u0644\u0644\u064e\u0651\u0647\u064e \u0645\u064e\u0639\u064e \u0627\u0644\u0635\u064e\u0651\u0627\u0628\u0650\u0631\u0650\u064a\u0646\u064e \ufd3e [&hellip;]<\/p>","protected":false},"featured_media":19574,"comment_status":"open","ping_status":"closed","template":"","meta":{"_seopress_robots_primary_cat":"","_seopress_titles_title":"","_seopress_titles_desc":"","_seopress_robots_index":"","inline_featured_image":false,"_uf_show_specific_survey":0,"_uf_disable_surveys":false},"product_brand":[],"product_cat":[191],"product_tag":[],"class_list":{"0":"post-19573","1":"product","2":"type-product","3":"status-publish","4":"has-post-thumbnail","6":"product_cat-191","8":"first","9":"instock","10":"downloadable","11":"shipping-taxable","12":"purchasable","13":"product-type-simple"},"_links":{"self":[{"href":"https:\/\/tamerbadr.com\/lv\/wp-json\/wp\/v2\/product\/19573","targetHints":{"allow":["GET"]}}],"collection":[{"href":"https:\/\/tamerbadr.com\/lv\/wp-json\/wp\/v2\/product"}],"about":[{"href":"https:\/\/tamerbadr.com\/lv\/wp-json\/wp\/v2\/types\/product"}],"replies":[{"embeddable":true,"href":"https:\/\/tamerbadr.com\/lv\/wp-json\/wp\/v2\/comments?post=19573"}],"wp:featuredmedia":[{"embeddable":true,"href":"https:\/\/tamerbadr.com\/lv\/wp-json\/wp\/v2\/media\/19574"}],"wp:attachment":[{"href":"https:\/\/tamerbadr.com\/lv\/wp-json\/wp\/v2\/media?parent=19573"}],"wp:term":[{"taxonomy":"product_brand","embeddable":true,"href":"https:\/\/tamerbadr.com\/lv\/wp-json\/wp\/v2\/product_brand?post=19573"},{"taxonomy":"product_cat","embeddable":true,"href":"https:\/\/tamerbadr.com\/lv\/wp-json\/wp\/v2\/product_cat?post=19573"},{"taxonomy":"product_tag","embeddable":true,"href":"https:\/\/tamerbadr.com\/lv\/wp-json\/wp\/v2\/product_tag?post=19573"}],"curies":[{"name":"wp","href":"https:\/\/api.w.org\/{rel}","templated":true}]}}