{"id":20178,"date":"2025-03-19T18:42:34","date_gmt":"2025-03-19T18:42:34","guid":{"rendered":"https:\/\/white-ant-267257.hostingersite.com\/?page_id=20178"},"modified":"2025-07-30T19:25:45","modified_gmt":"2025-07-30T19:25:45","slug":"privacy-policy","status":"publish","type":"page","link":"https:\/\/tamerbadr.com\/lv\/privacy-policy","title":{"rendered":"priv\u0101tuma politika"},"content":{"rendered":"<div data-elementor-type=\"wp-page\" data-elementor-id=\"20178\" class=\"elementor elementor-20178\" data-elementor-post-type=\"page\">\n\t\t\t\t\t\t<section class=\"elementor-section elementor-top-section elementor-element elementor-element-325f7dc elementor-section-full_width elementor-section-height-default elementor-section-height-default\" data-id=\"325f7dc\" data-element_type=\"section\" data-settings=\"{&quot;background_background&quot;:&quot;classic&quot;}\">\n\t\t\t\t\t\t<div class=\"elementor-container elementor-column-gap-no\">\n\t\t\t\t\t<div class=\"elementor-column elementor-col-100 elementor-top-column elementor-element elementor-element-a5ff8d0\" data-id=\"a5ff8d0\" data-element_type=\"column\">\n\t\t\t<div class=\"elementor-widget-wrap elementor-element-populated\">\n\t\t\t\t\t\t<section class=\"elementor-section elementor-inner-section elementor-element elementor-element-dce55a7 elementor-section-content-middle elementor-section-boxed elementor-section-height-default elementor-section-height-default\" data-id=\"dce55a7\" data-element_type=\"section\" data-settings=\"{&quot;background_background&quot;:&quot;classic&quot;}\">\n\t\t\t\t\t\t<div class=\"elementor-container elementor-column-gap-no\">\n\t\t\t\t\t<div class=\"elementor-column elementor-col-50 elementor-inner-column elementor-element elementor-element-07e74d4\" data-id=\"07e74d4\" data-element_type=\"column\">\n\t\t\t<div class=\"elementor-widget-wrap elementor-element-populated\">\n\t\t\t\t\t\t<div class=\"elementor-element elementor-element-edd75c2 elementor-invisible elementor-widget elementor-widget-heading\" data-id=\"edd75c2\" data-element_type=\"widget\" data-settings=\"{&quot;_animation&quot;:&quot;fadeInLeft&quot;}\" data-widget_type=\"heading.default\">\n\t\t\t\t<div class=\"elementor-widget-container\">\n\t\t\t\t\t<h2 class=\"elementor-heading-title elementor-size-default\">Tamers Badrs<\/h2>\t\t\t\t<\/div>\n\t\t\t\t<\/div>\n\t\t\t\t<div class=\"elementor-element elementor-element-3f5a13a elementor-invisible elementor-widget elementor-widget-heading\" data-id=\"3f5a13a\" data-element_type=\"widget\" data-settings=\"{&quot;_animation&quot;:&quot;fadeInRight&quot;}\" data-widget_type=\"heading.default\">\n\t\t\t\t<div class=\"elementor-widget-container\">\n\t\t\t\t\t<h2 class=\"elementor-heading-title elementor-size-default\">priv\u0101tuma politika<\/h2>\t\t\t\t<\/div>\n\t\t\t\t<\/div>\n\t\t\t\t\t<\/div>\n\t\t<\/div>\n\t\t\t\t<div class=\"elementor-column elementor-col-50 elementor-inner-column elementor-element elementor-element-a748cf0\" data-id=\"a748cf0\" data-element_type=\"column\">\n\t\t\t<div class=\"elementor-widget-wrap elementor-element-populated\">\n\t\t\t\t\t\t<div class=\"elementor-element elementor-element-7476b1a elementor-position-left elementor-vertical-align-top elementor-widget elementor-widget-image-box\" data-id=\"7476b1a\" data-element_type=\"widget\" data-widget_type=\"image-box.default\">\n\t\t\t\t<div class=\"elementor-widget-container\">\n\t\t\t\t\t<div class=\"elementor-image-box-wrapper\"><figure class=\"elementor-image-box-img\"><img alt=\"\" decoding=\"async\" width=\"170\" height=\"157\" src=\"https:\/\/tamerbadr.com\/wp-content\/uploads\/2022\/10\/service-1.png\" class=\"elementor-animation-bob attachment-full size-full wp-image-515\" \/><\/figure><\/div>\t\t\t\t<\/div>\n\t\t\t\t<\/div>\n\t\t\t\t\t<\/div>\n\t\t<\/div>\n\t\t\t\t\t<\/div>\n\t\t<\/section>\n\t\t\t\t<div class=\"elementor-element elementor-element-9ae5934 elementor-widget__width-auto elementor-absolute elementor-widget elementor-widget-image\" data-id=\"9ae5934\" data-element_type=\"widget\" data-settings=\"{&quot;_position&quot;:&quot;absolute&quot;}\" data-widget_type=\"image.default\">\n\t\t\t\t<div class=\"elementor-widget-container\">\n\t\t\t\t\t\t\t\t\t\t\t\t\t\t\t<img alt=\"\" fetchpriority=\"high\" decoding=\"async\" width=\"956\" height=\"825\" src=\"https:\/\/tamerbadr.com\/wp-content\/uploads\/2022\/10\/about-dot-vector.png\" class=\"attachment-full size-full wp-image-883\" \/>\t\t\t\t\t\t\t\t\t\t\t\t\t\t\t<\/div>\n\t\t\t\t<\/div>\n\t\t\t\t\t<\/div>\n\t\t<\/div>\n\t\t\t\t\t<\/div>\n\t\t<\/section>\n\t\t\t\t<section class=\"elementor-section elementor-top-section elementor-element elementor-element-b661bd3 elementor-section-full_width elementor-section-height-default elementor-section-height-default\" data-id=\"b661bd3\" data-element_type=\"section\" data-settings=\"{&quot;background_background&quot;:&quot;classic&quot;}\">\n\t\t\t\t\t\t<div class=\"elementor-container elementor-column-gap-no\">\n\t\t\t\t\t<div class=\"elementor-column elementor-col-100 elementor-top-column elementor-element elementor-element-e5c672a\" data-id=\"e5c672a\" data-element_type=\"column\">\n\t\t\t<div class=\"elementor-widget-wrap elementor-element-populated\">\n\t\t\t\t\t\t<div class=\"elementor-element elementor-element-e1053d6 elementor-widget__width-auto elementor-absolute elementor-invisible elementor-widget elementor-widget-image\" data-id=\"e1053d6\" data-element_type=\"widget\" data-settings=\"{&quot;_position&quot;:&quot;absolute&quot;,&quot;_animation&quot;:&quot;fadeInLeft&quot;,&quot;_animation_delay&quot;:200}\" data-widget_type=\"image.default\">\n\t\t\t\t<div class=\"elementor-widget-container\">\n\t\t\t\t\t\t\t\t\t\t\t\t\t\t\t<img alt=\"\" decoding=\"async\" width=\"305\" height=\"227\" src=\"https:\/\/tamerbadr.com\/wp-content\/uploads\/2022\/10\/opening-quote-icon.png\" class=\"attachment-full size-full wp-image-1947\" \/>\t\t\t\t\t\t\t\t\t\t\t\t\t\t\t<\/div>\n\t\t\t\t<\/div>\n\t\t\t\t\t<\/div>\n\t\t<\/div>\n\t\t\t\t\t<\/div>\n\t\t<\/section>\n\t\t<div class=\"elementor-element elementor-element-1a52feb e-flex e-con-boxed e-con e-parent\" data-id=\"1a52feb\" data-element_type=\"container\">\n\t\t\t\t\t<div class=\"e-con-inner\">\n\t\t\t\t<div class=\"elementor-element elementor-element-4b1dd68 elementor-widget elementor-widget-text-editor\" data-id=\"4b1dd68\" data-element_type=\"widget\" data-widget_type=\"text-editor.default\">\n\t\t\t\t<div class=\"elementor-widget-container\">\n\t\t\t\t\t\t\t\t\t<h4>Konfidencialit\u0101tes politika \u2014 Tamer Badr (tamerbadr.com)<\/h4><h2>P\u0113d\u0113joreiz atjaunin\u0101ts: (2025. gada 27. marts)<\/h2><h1>Laipni l\u016bdzam Tamer Badr t\u012bmek\u013ca vietn\u0113 (tamerbadr.com) (\u201cVietne\u201d, \u201cm\u0113s\u201d, \u201cm\u016bsu\u201d vai \u201cm\u016bsu\u201d). M\u0113s esam ap\u0146\u0113mu\u0161ies aizsarg\u0101t j\u016bsu priv\u0101tumu un cien\u012bt j\u016bsu personas datus. \u0160aj\u0101 politik\u0101 ir paskaidrots, k\u0101 j\u016bsu inform\u0101cija tiek apkopota un izmantota, kad p\u0101rl\u016bkojat m\u016bsu vietni vai ieg\u0101d\u0101jaties e-gr\u0101matas m\u016bsu veikal\u0101.<\/h1><p>\u2e3b<\/p><h3 class=\"translation-block\">1. M\u016bsu apkopot\u0101 inform\u0101cija<\/h3><h2>a) Inform\u0101cija, ko j\u016bs mums sniedzat<\/h2><h1 class=\"translation-block\">Kad j\u016bs veicat pirkumus vai sazin\u0101ties ar mums, m\u0113s varam apkopot \u0161\u0101du inform\u0101ciju:<br> \u2022 pilns v\u0101rds<br> \u2022 E-pasta adrese<br> \u2022 t\u0101lru\u0146a numurs<br> \u2022 Maks\u0101jumu dati (m\u0113s tos neuzglab\u0101jam, tie tiek apstr\u0101d\u0101ti, izmantojot dro\u0161us maks\u0101jumu pakalpojumu sniedz\u0113jus)<\/h1><h2>b) Autom\u0101tiski apkopot\u0101 inform\u0101cija<\/h2><h4 class=\"translation-block\">Kad j\u016bs p\u0101rl\u016bkojat vietni, m\u0113s varam autom\u0101tiski apkopot noteiktu inform\u0101ciju, piem\u0113ram:<\/h4><h1 class=\"translation-block\">\u2022 J\u016bsu ier\u012bces IP adrese<br> \u2022 P\u0101rl\u016bkprogrammas veids un iestat\u012bjumi<br> \u2022 Vietnes lapas, kuras apmekl\u0113jat<br> \u2022 J\u016bsu apmekl\u0113juma laiks un datums<br> \u2022 S\u012bkfaili un citas izseko\u0161anas tehnolo\u0123ijas<\/h1><p>\u2e3b<\/p><h3>2. K\u0101 izmantot inform\u0101ciju<\/h3><h2 class=\"translation-block\">M\u0113s izmantojam j\u016bsu datus, lai:<\/h2><h1 class=\"translation-block\">\u2022 Pas\u016bt\u012bjumu apstr\u0101de un e-gr\u0101matu lejupiel\u0101des iesp\u0113jas nodro\u0161in\u0101\u0161ana.<br> \u2022 Uzlabot lietot\u0101ja pieredzi un personaliz\u0113t saturu.<br> \u2022 M\u0101rketinga pazi\u0146ojumu s\u016bt\u012b\u0161ana, ja j\u016bs tam piekr\u012btat.<br> \u2022 Analiz\u0113jiet vietnes veiktsp\u0113ju, izmantojot t\u0101dus r\u012bkus k\u0101 Google Analytics.<br> \u2022 Iev\u0113rot likumus un aizsarg\u0101t m\u016bsu ties\u012bbas.<\/h1><p>\u2e3b<\/p><h3>3. Tie\u0161saistes veikala politika<\/h3><h2>a) Maks\u0101jums:<\/h2><h1 class=\"translation-block\">\u2022 Maks\u0101jums tiek veikts, izmantojot Instapay, Visa, Vodafone Cash vai jebkuru citu elektronisko maks\u0101juma metodi.<br> \u2022 M\u0113s neuzglab\u0101jam maks\u0101jumu datus, jo dar\u012bjumi tiek veikti, izmantojot autoriz\u0113tus maks\u0101jumu pakalpojumu sniedz\u0113jus.<\/h1><h2 class=\"translation-block\">b) Atmaksa:<\/h2><h1 class=\"translation-block\">\u2022 P\u0113c e-gr\u0101matu ieg\u0101des un lejupiel\u0101des nauda par t\u0101m netiek atgriezta.<br> \u2022 Ja rodas tehniska probl\u0113ma, kas ne\u013cauj lejupiel\u0101d\u0113t gr\u0101matu, varat sazin\u0101ties ar mums, lai atrisin\u0101tu probl\u0113mu.<\/h1><h2>c) Lejupiel\u0101d\u0113t e-gr\u0101matas:<\/h2><h1>\u2022 P\u0113c veiksm\u012bgas apmaksas lietot\u0101js var\u0113s tie\u0161i lejupiel\u0101d\u0113t gr\u0101matu.<\/h1><h1>\u2022 Ja rodas probl\u0113mas ar lejupiel\u0101di, l\u016bdzu, sazinieties ar mums, izmantojot kontaktinform\u0101cijas lapu.<\/h1><p>\u2e3b<\/p><h3>4. Rekl\u0101ma un Google AdSense izmanto\u0161ana<\/h3><h1>M\u016bsu vietne izmanto Google AdSense, lai r\u0101d\u012btu rekl\u0101mas, un Google var izmantot s\u012bkfailus, lai apkopotu datus par j\u016bsu mijiedarb\u012bbu ar rekl\u0101m\u0101m. J\u016bs varat atteikties no personaliz\u0113t\u0101m rekl\u0101m\u0101m, apmekl\u0113jot Google rekl\u0101mu iestat\u012bjumus. Lai ieg\u016btu pla\u0161\u0101ku inform\u0101ciju, skatiet Google konfidencialit\u0101tes politiku.<\/h1><p>\u2e3b<\/p><h3>5. Datu koplieto\u0161ana ar tre\u0161aj\u0101m person\u0101m<\/h3><h2>M\u0113s nep\u0101rdodam un nekop\u012bgojam j\u016bsu personas datus, iz\u0146emot:<\/h2><h1>\u2022 Maks\u0101jumu pakalpojumu sniedz\u0113ji: lai apstr\u0101d\u0101tu pas\u016bt\u012bjumus.<\/h1><h1>\u2022 Atbilst\u012bba likumiem: Ja nepiecie\u0161ams, lai aizsarg\u0101tu m\u016bsu ties\u012bbas vai iev\u0113rotu likumu.<\/h1><p>\u2e3b<\/p><h3>6. S\u012bkfaili un izseko\u0161anas tehnolo\u0123ijas<\/h3><h1>M\u0113s izmantojam s\u012bkfailus, lai uzlabotu j\u016bsu lietot\u0101ja pieredzi, ko varat kontrol\u0113t savas p\u0101rl\u016bkprogrammas iestat\u012bjumos.<\/h1><p>\u2e3b<\/p><h3>7. Inform\u0101cijas dro\u0161\u012bba<\/h3><h1>M\u0113s veicam dro\u0161\u012bbas pas\u0101kumus, lai aizsarg\u0101tu j\u016bsu datus, ta\u010du m\u0113s nevaram garant\u0113t absol\u016btu dro\u0161\u012bbu tie\u0161saist\u0113.<\/h1><p>\u2e3b<\/p><h3>8. J\u016bsu ties\u012bbas<\/h3><h1>J\u016bs varat jebkur\u0101 laik\u0101 piepras\u012bt savu datu atjaunin\u0101\u0161anu vai dz\u0113\u0161anu vai atteikties no m\u0101rketinga zi\u0146ojumu sa\u0146em\u0161anas, sazinoties ar mums.<\/h1><p>\u2e3b<\/p><h3>9. Politikas groz\u012bjumi<\/h3><h1>M\u0113s varam atjaunin\u0101t savu Priv\u0101tuma politiku, un visas izmai\u0146as tiks public\u0113tas \u0161aj\u0101 lap\u0101.<\/h1><p>\u2e3b<\/p><h3>10. K\u0101 ar mums sazin\u0101ties<\/h3><h1><img decoding=\"async\" class=\"emoji\" role=\"img\" draggable=\"false\" src=\"https:\/\/s.w.org\/images\/core\/emoji\/15.0.3\/svg\/1f4e7.svg\" alt=\"\ud83d\udce7\" \/> info@tamerbadr.com<\/h1><h5><img decoding=\"async\" class=\"emoji\" role=\"img\" draggable=\"false\" src=\"https:\/\/s.w.org\/images\/core\/emoji\/15.0.3\/svg\/1f310.svg\" alt=\"\ud83c\udf10\" \/> <a href=\"https:\/\/tamerbadr.com\/lv\/contact-us\/\">tamerbadr.com\/kontakts<\/a><\/h5><p>\u2e3b<\/p>\t\t\t\t\t\t\t\t<\/div>\n\t\t\t\t<\/div>\n\t\t\t\t\t<\/div>\n\t\t\t\t<\/div>\n\t\t\t\t<section class=\"elementor-section elementor-top-section elementor-element elementor-element-8cea59d elementor-section-full_width elementor-section-height-default elementor-section-height-default elementor-invisible\" data-id=\"8cea59d\" data-element_type=\"section\" data-settings=\"{&quot;animation&quot;:&quot;fadeInUp&quot;}\">\n\t\t\t\t\t\t<div class=\"elementor-container elementor-column-gap-no\">\n\t\t\t\t\t<div class=\"elementor-column elementor-col-100 elementor-top-column elementor-element elementor-element-1914be3\" data-id=\"1914be3\" data-element_type=\"column\" data-settings=\"{&quot;background_background&quot;:&quot;classic&quot;}\">\n\t\t\t<div class=\"elementor-widget-wrap elementor-element-populated\">\n\t\t\t\t\t\t<div class=\"elementor-element elementor-element-e88d76f elementor-widget__width-auto elementor-absolute elementor-invisible elementor-widget elementor-widget-image\" data-id=\"e88d76f\" data-element_type=\"widget\" data-settings=\"{&quot;_position&quot;:&quot;absolute&quot;,&quot;_animation&quot;:&quot;fadeInLeft&quot;,&quot;_animation_delay&quot;:200}\" data-widget_type=\"image.default\">\n\t\t\t\t<div class=\"elementor-widget-container\">\n\t\t\t\t\t\t\t\t\t\t\t\t\t\t\t<img alt=\"\" decoding=\"async\" width=\"305\" height=\"227\" src=\"https:\/\/tamerbadr.com\/wp-content\/uploads\/2022\/10\/opening-quote-icon.png\" class=\"attachment-full size-full wp-image-1947\" \/>\t\t\t\t\t\t\t\t\t\t\t\t\t\t\t<\/div>\n\t\t\t\t<\/div>\n\t\t\t\t\t<\/div>\n\t\t<\/div>\n\t\t\t\t\t<\/div>\n\t\t<\/section>\n\t\t\t\t<\/div>","protected":false},"excerpt":{"rendered":"<p>\u062a\u0627\u0645\u0631 \u0628\u062f\u0631 \u0633\u064a\u0627\u0633\u0629 \u0627\u0644\u062e\u0635\u0648\u0635\u064a\u0629 \u0633\u064a\u0627\u0633\u0629 \u0627\u0644\u062e\u0635\u0648\u0635\u064a\u0629 \u2013 \u062a\u0627\u0645\u0631 \u0628\u062f\u0631 (tamerbadr.com) \u0622\u062e\u0631 \u062a\u062d\u062f\u064a\u062b: (27 \u0645\u0627\u0631\u0633 2025) \u0645\u0631\u062d\u0628\u064b\u0627 \u0628\u0643 \u0641\u064a \u0645\u0648\u0642\u0639 \u062a\u0627\u0645\u0631 \u0628\u062f\u0631 (tamerbadr.com) (\u201c\u0627\u0644\u0645\u0648\u0642\u0639\u201d\u060c \u201c\u0646\u062d\u0646\u201d\u060c \u201c\u0644\u0646\u0627\u201d \u0623\u0648 \u201c\u062e\u0627\u0635\u062a\u0646\u0627\u201d). \u0646\u062d\u0646 \u0646\u0644\u062a\u0632\u0645 \u0628\u062d\u0645\u0627\u064a\u0629 \u062e\u0635\u0648\u0635\u064a\u062a\u0643 \u0648\u0627\u062d\u062a\u0631\u0627\u0645 \u0628\u064a\u0627\u0646\u0627\u062a\u0643 \u0627\u0644\u0634\u062e\u0635\u064a\u0629. \u062a\u0648\u0636\u062d \u0647\u0630\u0647 \u0627\u0644\u0633\u064a\u0627\u0633\u0629 \u0643\u064a\u0641\u064a\u0629 \u062c\u0645\u0639 \u0645\u0639\u0644\u0648\u0645\u0627\u062a\u0643 \u0648\u0627\u0633\u062a\u062e\u062f\u0627\u0645\u0647\u0627 \u0639\u0646\u062f \u062a\u0635\u0641\u062d \u0645\u0648\u0642\u0639\u0646\u0627 \u0623\u0648 \u0634\u0631\u0627\u0621 \u0627\u0644\u0643\u062a\u0628 \u0627\u0644\u0625\u0644\u0643\u062a\u0631\u0648\u0646\u064a\u0629 \u0645\u0646 \u0645\u062a\u062c\u0631\u0646\u0627. \u2e3b 1. \u0627\u0644\u0645\u0639\u0644\u0648\u0645\u0627\u062a \u0627\u0644\u062a\u064a \u0646\u062c\u0645\u0639\u0647\u0627 [&hellip;]<\/p>","protected":false},"author":1,"featured_media":4468,"parent":0,"menu_order":0,"comment_status":"closed","ping_status":"closed","template":"elementor_header_footer","meta":{"_seopress_robots_primary_cat":"","_seopress_titles_title":"","_seopress_titles_desc":"","_seopress_robots_index":"","inline_featured_image":false,"_uf_show_specific_survey":0,"_uf_disable_surveys":false,"footnotes":""},"class_list":["post-20178","page","type-page","status-publish","has-post-thumbnail"],"_links":{"self":[{"href":"https:\/\/tamerbadr.com\/lv\/wp-json\/wp\/v2\/pages\/20178","targetHints":{"allow":["GET"]}}],"collection":[{"href":"https:\/\/tamerbadr.com\/lv\/wp-json\/wp\/v2\/pages"}],"about":[{"href":"https:\/\/tamerbadr.com\/lv\/wp-json\/wp\/v2\/types\/page"}],"author":[{"embeddable":true,"href":"https:\/\/tamerbadr.com\/lv\/wp-json\/wp\/v2\/users\/1"}],"replies":[{"embeddable":true,"href":"https:\/\/tamerbadr.com\/lv\/wp-json\/wp\/v2\/comments?post=20178"}],"version-history":[{"count":0,"href":"https:\/\/tamerbadr.com\/lv\/wp-json\/wp\/v2\/pages\/20178\/revisions"}],"wp:featuredmedia":[{"embeddable":true,"href":"https:\/\/tamerbadr.com\/lv\/wp-json\/wp\/v2\/media\/4468"}],"wp:attachment":[{"href":"https:\/\/tamerbadr.com\/lv\/wp-json\/wp\/v2\/media?parent=20178"}],"curies":[{"name":"wp","href":"https:\/\/api.w.org\/{rel}","templated":true}]}}