{"id":20107,"date":"2025-03-19T15:25:05","date_gmt":"2025-03-19T15:25:05","guid":{"rendered":"https:\/\/white-ant-267257.hostingersite.com\/?page_id=20107"},"modified":"2025-04-06T08:17:19","modified_gmt":"2025-04-06T08:17:19","slug":"the-book-of-the-characteristics-of-the-shepherd-and-the-flock","status":"publish","type":"page","link":"https:\/\/tamerbadr.com\/lv\/the-book-of-the-characteristics-of-the-shepherd-and-the-flock","title":{"rendered":"Gana un gan\u0101mpulka raksturojumu gr\u0101mata"},"content":{"rendered":"<div data-elementor-type=\"wp-page\" data-elementor-id=\"20107\" class=\"elementor elementor-20107\" data-elementor-post-type=\"page\">\n\t\t\t\t<div class=\"elementor-element elementor-element-c8c7aab e-flex e-con-boxed e-con e-parent\" data-id=\"c8c7aab\" data-element_type=\"container\">\n\t\t\t\t\t<div class=\"e-con-inner\">\n\t\t<div class=\"elementor-element elementor-element-6483b1a e-con-full e-flex e-con e-child\" data-id=\"6483b1a\" data-element_type=\"container\">\n\t\t\t\t<div class=\"elementor-element elementor-element-6058eb2 elementor-widget elementor-widget-wc-elements\" data-id=\"6058eb2\" data-element_type=\"widget\" data-widget_type=\"wc-elements.default\">\n\t\t\t\t<div class=\"elementor-widget-container\">\n\t\t\t\t\t<div class=\"woocommerce\">\t\t\t<div class=\"single-product\" data-product-page-preselected-id=\"0\">\n\t\t\t\t<div class=\"woocommerce-notices-wrapper\"><\/div><div id=\"product-19585\" class=\"product type-product post-19585 status-publish first instock product_cat-187 has-post-thumbnail downloadable shipping-taxable purchasable product-type-simple\">\n\n\t<div class=\"woocommerce-product-gallery woocommerce-product-gallery--with-images woocommerce-product-gallery--columns-4 images\" data-columns=\"4\" style=\"opacity: 0; transition: opacity .25s ease-in-out;\">\n\t<div class=\"woocommerce-product-gallery__wrapper\">\n\t\t<div data-thumb=\"https:\/\/tamerbadr.com\/wp-content\/uploads\/2025\/03\/\u0635\u0641\u0629-\u0627\u0644\u0631\u0627\u0639\u0649-\u0648\u0627\u0644\u0631\u0627\u0639\u064a\u0629-scaled-scaled.jpg\" data-thumb-alt=\"\u0643\u062a\u0627\u0628 \u0635\u0641\u0629 \u0627\u0644\u0631\u0627\u0639\u064a \u0648\u0627\u0644\u0631\u0639\u064a\u0629\" data-thumb-srcset=\"\"  data-thumb-sizes=\"(max-width: 100px) 100vw, 100px\" class=\"woocommerce-product-gallery__image\"><a href=\"https:\/\/tamerbadr.com\/wp-content\/uploads\/2025\/03\/\u0635\u0641\u0629-\u0627\u0644\u0631\u0627\u0639\u0649-\u0648\u0627\u0644\u0631\u0627\u0639\u064a\u0629-scaled-scaled.jpg\"><img fetchpriority=\"high\" decoding=\"async\" width=\"2049\" height=\"1405\" src=\"https:\/\/tamerbadr.com\/wp-content\/uploads\/2025\/03\/\u0635\u0641\u0629-\u0627\u0644\u0631\u0627\u0639\u0649-\u0648\u0627\u0644\u0631\u0627\u0639\u064a\u0629-scaled-scaled.jpg\" class=\"wp-post-image\" alt=\"Gana un gan\u0101mpulka raksturojumu gr\u0101mata\" data-caption=\"\" data-src=\"https:\/\/tamerbadr.com\/wp-content\/uploads\/2025\/03\/\u0635\u0641\u0629-\u0627\u0644\u0631\u0627\u0639\u0649-\u0648\u0627\u0644\u0631\u0627\u0639\u064a\u0629-scaled-scaled.jpg\" data-large_image=\"https:\/\/tamerbadr.com\/wp-content\/uploads\/2025\/03\/\u0635\u0641\u0629-\u0627\u0644\u0631\u0627\u0639\u0649-\u0648\u0627\u0644\u0631\u0627\u0639\u064a\u0629-scaled-scaled.jpg\" data-large_image_width=\"2049\" data-large_image_height=\"1405\" \/><\/a><\/div><div data-thumb=\"https:\/\/tamerbadr.com\/wp-content\/uploads\/2025\/03\/\u0635\u0641\u0629-\u0627\u0644\u0631\u0627\u0639\u0649-\u0648\u0627\u0644\u0631\u0627\u0639\u064a\u0629-Copy-scaled.jpg\" data-thumb-alt=\"\u0643\u062a\u0627\u0628 \u0635\u0641\u0629 \u0627\u0644\u0631\u0627\u0639\u064a \u0648\u0627\u0644\u0631\u0639\u064a\u0629 \u2014 att\u0113ls 2\" data-thumb-srcset=\"\"  data-thumb-sizes=\"(max-width: 71px) 100vw, 71px\" class=\"woocommerce-product-gallery__image\" data-no-translation-data-thumb-alt=\"\"><a href=\"https:\/\/tamerbadr.com\/wp-content\/uploads\/2025\/03\/\u0635\u0641\u0629-\u0627\u0644\u0631\u0627\u0639\u0649-\u0648\u0627\u0644\u0631\u0627\u0639\u064a\u0629-Copy-scaled.jpg\"><img decoding=\"async\" width=\"1808\" height=\"2560\" src=\"https:\/\/tamerbadr.com\/wp-content\/uploads\/2025\/03\/\u0635\u0641\u0629-\u0627\u0644\u0631\u0627\u0639\u0649-\u0648\u0627\u0644\u0631\u0627\u0639\u064a\u0629-Copy-scaled.jpg\" class=\"\" alt=\"\u0643\u062a\u0627\u0628 \u0635\u0641\u0629 \u0627\u0644\u0631\u0627\u0639\u064a \u0648\u0627\u0644\u0631\u0639\u064a\u0629 \u2014 att\u0113ls 2\" data-caption=\"\" data-src=\"https:\/\/tamerbadr.com\/wp-content\/uploads\/2025\/03\/\u0635\u0641\u0629-\u0627\u0644\u0631\u0627\u0639\u0649-\u0648\u0627\u0644\u0631\u0627\u0639\u064a\u0629-Copy-scaled.jpg\" data-large_image=\"https:\/\/tamerbadr.com\/wp-content\/uploads\/2025\/03\/\u0635\u0641\u0629-\u0627\u0644\u0631\u0627\u0639\u0649-\u0648\u0627\u0644\u0631\u0627\u0639\u064a\u0629-Copy-scaled.jpg\" data-large_image_width=\"1808\" data-large_image_height=\"2560\" data-no-translation-alt=\"\" \/><\/a><\/div><div data-thumb=\"https:\/\/tamerbadr.com\/wp-content\/uploads\/2025\/03\/\u0645\u0624\u0644\u0641\u0627\u062a-\u062a\u0627\u0645\u0631-\u0628\u062f\u0631-1-2.jpg\" data-thumb-alt=\"\u0643\u062a\u0627\u0628 \u0635\u0641\u0629 \u0627\u0644\u0631\u0627\u0639\u064a \u0648\u0627\u0644\u0631\u0639\u064a\u0629 \u2014 att\u0113ls 3\" data-thumb-srcset=\"\"  data-thumb-sizes=\"(max-width: 92px) 100vw, 92px\" class=\"woocommerce-product-gallery__image\" data-no-translation-data-thumb-alt=\"\"><a href=\"https:\/\/tamerbadr.com\/wp-content\/uploads\/2025\/03\/\u0645\u0624\u0644\u0641\u0627\u062a-\u062a\u0627\u0645\u0631-\u0628\u062f\u0631-1-2.jpg\"><img decoding=\"async\" width=\"389\" height=\"422\" src=\"https:\/\/tamerbadr.com\/wp-content\/uploads\/2025\/03\/\u0645\u0624\u0644\u0641\u0627\u062a-\u062a\u0627\u0645\u0631-\u0628\u062f\u0631-1-2.jpg\" class=\"\" alt=\"\u0643\u062a\u0627\u0628 \u0635\u0641\u0629 \u0627\u0644\u0631\u0627\u0639\u064a \u0648\u0627\u0644\u0631\u0639\u064a\u0629 \u2014 att\u0113ls 3\" data-caption=\"CREATOR: gd-jpeg v1.0 (using IJG JPEG v62), quality = 90\" data-src=\"https:\/\/tamerbadr.com\/wp-content\/uploads\/2025\/03\/\u0645\u0624\u0644\u0641\u0627\u062a-\u062a\u0627\u0645\u0631-\u0628\u062f\u0631-1-2.jpg\" data-large_image=\"https:\/\/tamerbadr.com\/wp-content\/uploads\/2025\/03\/\u0645\u0624\u0644\u0641\u0627\u062a-\u062a\u0627\u0645\u0631-\u0628\u062f\u0631-1-2.jpg\" data-large_image_width=\"389\" data-large_image_height=\"422\" data-no-translation-alt=\"\" \/><\/a><\/div><div data-thumb=\"https:\/\/tamerbadr.com\/wp-content\/uploads\/2025\/03\/\u0641\u0647\u0631\u0633-\u0635\u0641\u0629-\u0627\u0644\u0631\u0627\u0639\u0649-\u0648\u0627\u0644\u0631\u0639\u064a\u0629-\u0643\u0627\u0645\u0644.jpg\" data-thumb-alt=\"\u0643\u062a\u0627\u0628 \u0635\u0641\u0629 \u0627\u0644\u0631\u0627\u0639\u064a \u0648\u0627\u0644\u0631\u0639\u064a\u0629 \u2014 att\u0113ls 4\" data-thumb-srcset=\"\"  data-thumb-sizes=\"(max-width: 100px) 100vw, 100px\" class=\"woocommerce-product-gallery__image\" data-no-translation-data-thumb-alt=\"\"><a href=\"https:\/\/tamerbadr.com\/wp-content\/uploads\/2025\/03\/\u0641\u0647\u0631\u0633-\u0635\u0641\u0629-\u0627\u0644\u0631\u0627\u0639\u0649-\u0648\u0627\u0644\u0631\u0639\u064a\u0629-\u0643\u0627\u0645\u0644.jpg\"><img loading=\"lazy\" decoding=\"async\" width=\"1921\" height=\"1650\" src=\"https:\/\/tamerbadr.com\/wp-content\/uploads\/2025\/03\/\u0641\u0647\u0631\u0633-\u0635\u0641\u0629-\u0627\u0644\u0631\u0627\u0639\u0649-\u0648\u0627\u0644\u0631\u0639\u064a\u0629-\u0643\u0627\u0645\u0644.jpg\" class=\"\" alt=\"\u0643\u062a\u0627\u0628 \u0635\u0641\u0629 \u0627\u0644\u0631\u0627\u0639\u064a \u0648\u0627\u0644\u0631\u0639\u064a\u0629 \u2014 att\u0113ls 4\" data-caption=\"\" data-src=\"https:\/\/tamerbadr.com\/wp-content\/uploads\/2025\/03\/\u0641\u0647\u0631\u0633-\u0635\u0641\u0629-\u0627\u0644\u0631\u0627\u0639\u0649-\u0648\u0627\u0644\u0631\u0639\u064a\u0629-\u0643\u0627\u0645\u0644.jpg\" data-large_image=\"https:\/\/tamerbadr.com\/wp-content\/uploads\/2025\/03\/\u0641\u0647\u0631\u0633-\u0635\u0641\u0629-\u0627\u0644\u0631\u0627\u0639\u0649-\u0648\u0627\u0644\u0631\u0639\u064a\u0629-\u0643\u0627\u0645\u0644.jpg\" data-large_image_width=\"1921\" data-large_image_height=\"1650\" data-no-translation-alt=\"\" \/><\/a><\/div>\t<\/div>\n<\/div>\n\n\t<div class=\"summary entry-summary\">\n\t\t<h1 class=\"product_title entry-title\">Gana un gan\u0101mpulka raksturojumu gr\u0101mata<\/h1><p class=\"price\"><span class=\"woocommerce-Price-amount amount\"><bdi><span class=\"woocommerce-Price-currencySymbol\">\u0112\u0123iptes m\u0101rci\u0146a<\/span>60.00<\/bdi><\/span><\/p>\n\n\t\n\t<form class=\"cart\" action=\"\" method=\"post\" enctype='multipart\/form-data' data-trp-original-action=\"\">\n\t\t\n\t\t<div class=\"quantity\">\n\t\t<label class=\"screen-reader-text\" for=\"quantity_69fee6d31da64\" data-no-translation=\"\" data-trp-gettext=\"\">\u0643\u062a\u0627\u0628 \u0635\u0641\u0629 \u0627\u0644\u0631\u0627\u0639\u064a \u0648\u0627\u0644\u0631\u0639\u064a\u0629 daudzums<\/label>\n\t<input\n\t\ttype=\"number\"\n\t\t\t\tid=\"quantity_69fee6d31da64\"\n\t\tclass=\"input-text qty text\"\n\t\tname=\"quantity\"\n\t\tvalue=\"1\"\n\t\taria-label=\"Produkta daudzums\"\n\t\t\t\tmin=\"1\"\n\t\t\t\t\t\t\tstep=\"1\"\n\t\t\tplaceholder=\"\"\n\t\t\tinputmode=\"numeric\"\n\t\t\tautocomplete=\"off\" data-no-translation-aria-label=\"\"\n\t\t\t\/>\n\t<\/div>\n\n\t\t<button type=\"submit\" name=\"add-to-cart\" value=\"19585\" class=\"single_add_to_cart_button button alt\" data-no-translation=\"\" data-trp-gettext=\"\">Pievienot grozam<\/button>\n\n\t\t\n        <script>\n            document.addEventListener('DOMContentLoaded', function(){\n                document.addEventListener('click', function(event){\n                    if(!event.target.matches('.single_add_to_cart_button')){\n                        return;\n                    }\n\n                    const quantity = document.querySelector('input.qty').value || '1';\n                    const formProductVariation = document.querySelector('form[data-product_variations]')\n                    const variationItem = document.querySelector('.variation_id')\n\n                    let price = 60\n                    if(formProductVariation && variationItem){\n                        try{\n                            const variations = JSON.parse(formProductVariation.dataset.product_variations)\n                            const variationId = variationItem.value\n                            for(const variation of variations){\n                                if(variation.variation_id == Number(variationId)){\n                                    price = variation.display_price\n                                }\n                            }\n                        }\n                        catch{\n                        }\n                    }\n\n                    gtag('event', 'add_to_cart', {\n                        'items': [ {\n                            'item_id':'19585',\n                            'item_name': '\u0643\u062a\u0627\u0628 \u0635\u0641\u0629 \u0627\u0644\u0631\u0627\u0639\u064a \u0648\u0627\u0644\u0631\u0639\u064a\u0629',\n                            'list_name': '\u0643\u062a\u0627\u0628 \u0635\u0641\u0629 \u0627\u0644\u0631\u0627\u0639\u064a \u0648\u0627\u0644\u0631\u0639\u064a\u0629',\n                            'quantity': quantity,\n                            'price': price,\n                            \"item_category\":\"\u0633\u064a\u0627\u0633\u0629 \u0625\u0633\u0644\u0627\u0645\u064a\u0629\"\n                        }]\n                    });\n                })\n            });\n        <\/script>\n        \t<input type=\"hidden\" name=\"trp-form-language\" value=\"lv\"\/><\/form>\n\n\t\n<div class=\"product_meta\">\n\n\t\n\t\n\t<span class=\"posted_in\">Kategorija: <a href=\"https:\/\/tamerbadr.com\/lv\/produkta-kategorija\/%d8%b3%d9%8a%d8%a7%d8%b3%d8%a9-%d8%a5%d8%b3%d9%84%d8%a7%d9%85%d9%8a%d8%a9\" rel=\"tag\">Isl\u0101ma politika<\/a><\/span>\n\t\n\t\n<\/div>\n\t<\/div>\n\n\t\n\t<div class=\"woocommerce-tabs wc-tabs-wrapper\">\n\t\t<ul class=\"tabs wc-tabs\" role=\"tablist\">\n\t\t\t\t\t\t\t<li role=\"presentation\" class=\"description_tab\" id=\"tab-title-description\">\n\t\t\t\t\t<a href=\"#tab-description\" role=\"tab\" aria-controls=\"tab-description\">\n\t\t\t\t\t\tApraksts\t\t\t\t\t<\/a>\n\t\t\t\t<\/li>\n\t\t\t\t\t\t\t<li role=\"presentation\" class=\"reviews_tab\" id=\"tab-title-reviews\">\n\t\t\t\t\t<a href=\"#tab-reviews\" role=\"tab\" aria-controls=\"tab-reviews\">\n\t\t\t\t\t\tAtsauksmes (0)\t\t\t\t\t<\/a>\n\t\t\t\t<\/li>\n\t\t\t\t\t<\/ul>\n\t\t\t\t\t<div class=\"woocommerce-Tabs-panel woocommerce-Tabs-panel--description panel entry-content wc-tab\" id=\"tab-description\" role=\"tabpanel\" aria-labelledby=\"tab-title-description\">\n\t\t\t\t\n\t<h2 data-no-translation=\"\" data-trp-gettext=\"\">Apraksts<\/h2>\n\n<h1 style=\"text-align: center;\"><strong>Ievads gr\u0101matai &quot;Gana un gan\u0101mpulka raksturojums&quot;<\/strong><\/h1>\n<h1 style=\"text-align: center;\">Isl\u0101ms ir izveidojis skaidru un visaptvero\u0161u pieeju attiec\u012bb\u0101m starp valdnieku un vi\u0146a pavalstniekiem. Zin\u0101tnieki ir apspriedu\u0161i \u0161\u012bs attiec\u012bbas gr\u0101mat\u0101s par isl\u0101ma politiku, tostarp katras puses pien\u0101kumus un ties\u012bbas, par\u0101dot, ka isl\u0101mam ir sava sist\u0113ma k\u0101 dz\u012bvesveids. No politisk\u0101 viedok\u013ca, run\u0101jot par attiec\u012bb\u0101m starp valdnieku un vi\u0146a pavalstniekiem, isl\u0101ma v\u0113stur\u0113 nav zin\u0101ma konkr\u0113ta isl\u0101ma vald\u012bbas sist\u0113ma. Isl\u0101ms, gal\u012bgais dievi\u0161\u0137ais likums, nenoteica konkr\u0113tu sist\u0113mu, kas b\u016btu j\u0101uzspie\u017e musulma\u0146iem visos laikos un viet\u0101s. Dr\u012bz\u0101k tas noteica visp\u0101r\u012bgus principus, kas piem\u0113roti visiem laikiem un viet\u0101m, neiedzi\u013cinoties deta\u013c\u0101s, metod\u0113s un nians\u0113s, kas p\u0113c savas b\u016bt\u012bbas att\u012bst\u0101s un main\u0101s l\u012bdz ar main\u012bgajiem laika un vietas apst\u0101k\u013ciem, lai katra tauta var\u0113tu \u0146emt v\u0113r\u0101 to, kas atbilst t\u0101s apst\u0101k\u013ciem un ko prasa t\u0101s intereses.<\/h1>\n<h1 style=\"text-align: center;\">Attiec\u012bgi, attiec\u012bb\u0101 uz valsts teoriju, isl\u0101ms nenoteica politisko sist\u0113mu, kas nav pak\u013cauta izmai\u0146\u0101m vai p\u0101rveidojumiem, k\u0101 ar\u012b neiedzi\u013cin\u0101j\u0101s deta\u013c\u0101s ar absol\u016bt\u0101m, gal\u012bg\u0101m v\u0113rt\u012bb\u0101m. Dr\u012bz\u0101k tas tikai noteica visp\u0101r\u012bgos principus un visaptvero\u0161us noteikumus, uz kuriem \u0161ai teorijai j\u0101balst\u0101s. Isl\u0101ma valsts teorija (attiec\u012bb\u0101 uz deta\u013c\u0101m un nians\u0113m), t\u0101pat k\u0101 visas p\u0101r\u0113j\u0101s isl\u0101ma politisk\u0101s teorijas, ir pak\u013cauta izmai\u0146\u0101m, p\u0101rveidojumiem un papildin\u0101jumiem. T\u0101s formul\u0113jumi nav ne gal\u012bgi, ne absol\u016bti, un tie nav iestr\u0101d\u0101ti stingr\u0101 veidn\u0113. Isl\u0101ms pie\u013cauj politisko teoriju att\u012bst\u012bbu un modifik\u0101ciju, kuras musulma\u0146u zin\u0101tnieki ir centu\u0161ies formul\u0113t atbilsto\u0161i laikmeta pras\u012bb\u0101m un laika un vietas apst\u0101k\u013ciem.<\/h1>\n<h1 style=\"text-align: center;\">Nav nek\u0101das at\u0161\u0137ir\u012bbas starp run\u0101m par isl\u0101mu un pilsonisko valsti, par isl\u0101mu un pilson\u012bbu, vai par isl\u0101mu un uzskatu un tic\u012bbas br\u012bv\u012bbu. Tie, kas pie\u0146em plaisu starp isl\u0101mu un vis\u0101m \u0161\u012bm m\u016bsdienu idej\u0101m, pa\u0161i nesaprot isl\u0101ma patieso b\u016bt\u012bbu, k\u0101 ar\u012b pareizi vai god\u012bgi nelasa Pravie\u0161a (miers un sv\u0113t\u012bba lai ir p\u0101r vi\u0146u) un vi\u0146a c\u0113lo l\u012bdzgaitnieku (lai All\u0101hs ar vi\u0146iem ir apmierin\u0101ts) v\u0113sturi. T\u0101p\u0113c isl\u0101ma valstij ir savas \u012bpatn\u012bbas, t\u0101pat k\u0101 vald\u012bbas sist\u0113mai ir savi pamati: kalpo\u0161ana Dievam, taisn\u012bgums, konsult\u0113\u0161an\u0101s un t\u0101s pien\u0101kums, vienl\u012bdz\u012bba, paklaus\u012bba tiem, kas ir pie varas, pien\u0101kums konsult\u0113t tos, kas ir pie varas, valdnieka vai gana atbild\u012bba un vi\u0146a pak\u013cau\u0161an\u0101s tiesu varas un tautas uzraudz\u012bbai, tautas politisk\u0101 vienot\u012bba, ties\u012bbu un pien\u0101kumu garantijas un br\u012bv\u012bba. \u0160ie pamati veido isl\u0101ma sist\u0113mas kodolu un pamatus, kas vislab\u0101k izsaka t\u0101s unikalit\u0101ti. Esmu centies, cik vien iesp\u0113jams, to apl\u016bkot sav\u0101 gr\u0101mat\u0101.<\/h1>\n<h1 style=\"text-align: center;\">Visbeidzot, es l\u016bdzu Visvareno Dievu, lai Vi\u0146\u0161 manu darbu dar\u012btu patiesi Vi\u0146a d\u0113\u013c, lai vi\u0146\u0161 atalgotu mani par katru uzrakst\u012bto v\u0101rdu, lai vi\u0146\u0161 to ierindotu manu labo darbu vid\u016b un lai vi\u0146\u0161 atalgotu manus br\u0101\u013cus, kuri man pal\u012bdz\u0113ja ar visu, kas vi\u0146iem bija, lai pabeigtu \u0161o gr\u0101matu.<\/h1>\n<h1 style=\"text-align: center;\">\u201cGods lai Tev, ak Dievs, un slava lai Tev! Es liecinu, ka nav cita dieva k\u0101 vien Tu. Es mekl\u0113ju Tavu piedo\u0161anu un no\u017e\u0113loju gr\u0113kus Tev. M\u016bsu p\u0113d\u0113jais l\u016bgums ir: Visa slava pien\u0101kas Dievam, pasau\u013cu Kungam.\u201d<\/h1>\n<h1 style=\"text-align: center;\">Nabagais, kam nepiecie\u0161ama Kunga piedo\u0161ana un \u017e\u0113last\u012bba<\/h1>\n<h1 style=\"text-align: center;\">Tamers Badrs<\/h1>\n<h1 style=\"text-align: center;\">Sv\u0113tdien, Rad\u017eaba 3. datum\u0101, 14:40 p\u0113c AH<\/h1>\n<h1 style=\"text-align: center;\">2019. gada 10. marts<\/h1>\n\t\t\t<\/div>\n\t\t\t\t\t<div class=\"woocommerce-Tabs-panel woocommerce-Tabs-panel--reviews panel entry-content wc-tab\" id=\"tab-reviews\" role=\"tabpanel\" aria-labelledby=\"tab-title-reviews\">\n\t\t\t\t<div id=\"reviews\" class=\"woocommerce-Reviews\">\n\t<div id=\"comments\">\n\t\t<h2 class=\"woocommerce-Reviews-title\">\n\t\t\tAtsauksmes\t\t<\/h2>\n\n\t\t\t\t\t<p class=\"woocommerce-noreviews\" data-no-translation=\"\" data-trp-gettext=\"\">Pa\u0161laik atsauksmju nav.<\/p>\n\t\t\t<\/div>\n\n\t\t\t<div id=\"review_form_wrapper\">\n\t\t\t<div id=\"review_form\">\n\t\t\t\t\t<div id=\"respond\" class=\"comment-respond\">\n\t\t<span id=\"reply-title\" class=\"comment-reply-title\" role=\"heading\" aria-level=\"3\">Uzraksti atsauksmi pirmais par &ldquo;\u0643\u062a\u0627\u0628 \u0635\u0641\u0629 \u0627\u0644\u0631\u0627\u0639\u064a \u0648\u0627\u0644\u0631\u0639\u064a\u0629&rdquo; <small><a rel=\"nofollow\" id=\"cancel-comment-reply-link\" href=\"\/lv\/wp-json\/wp\/v2\/pages\/20107#respond\" style=\"display:none;\">Atcelts ir paz\u012bstams<\/a><\/small><\/span><p class=\"must-log-in\" data-no-translation=\"\" data-trp-gettext=\"\">You must be <a href=\"https:\/\/tamerbadr.com\/lv\/\">logged in<\/a> to post a review.<\/p>\t<\/div><!-- #respond -->\n\t\t\t\t<\/div>\n\t\t<\/div>\n\t\n\t<div class=\"clear\"><\/div>\n<\/div>\n\t\t\t<\/div>\n\t\t\n\t\t\t<\/div>\n\n<\/div>\n\n\t\t\t<\/div>\n\t\t\t<\/div>\t\t\t\t<\/div>\n\t\t\t\t<\/div>\n\t\t\t\t<\/div>\n\t\t\t\t\t<\/div>\n\t\t\t\t<\/div>\n\t\t\t\t<\/div>","protected":false},"excerpt":{"rendered":"","protected":false},"author":1,"featured_media":0,"parent":0,"menu_order":0,"comment_status":"closed","ping_status":"closed","template":"elementor_header_footer","meta":{"_seopress_robots_primary_cat":"","_seopress_titles_title":"","_seopress_titles_desc":"","_seopress_robots_index":"","inline_featured_image":false,"_uf_show_specific_survey":0,"_uf_disable_surveys":false,"footnotes":""},"class_list":["post-20107","page","type-page","status-publish"],"_links":{"self":[{"href":"https:\/\/tamerbadr.com\/lv\/wp-json\/wp\/v2\/pages\/20107","targetHints":{"allow":["GET"]}}],"collection":[{"href":"https:\/\/tamerbadr.com\/lv\/wp-json\/wp\/v2\/pages"}],"about":[{"href":"https:\/\/tamerbadr.com\/lv\/wp-json\/wp\/v2\/types\/page"}],"author":[{"embeddable":true,"href":"https:\/\/tamerbadr.com\/lv\/wp-json\/wp\/v2\/users\/1"}],"replies":[{"embeddable":true,"href":"https:\/\/tamerbadr.com\/lv\/wp-json\/wp\/v2\/comments?post=20107"}],"version-history":[{"count":0,"href":"https:\/\/tamerbadr.com\/lv\/wp-json\/wp\/v2\/pages\/20107\/revisions"}],"wp:attachment":[{"href":"https:\/\/tamerbadr.com\/lv\/wp-json\/wp\/v2\/media?parent=20107"}],"curies":[{"name":"wp","href":"https:\/\/api.w.org\/{rel}","templated":true}]}}