{"id":19585,"date":"2025-03-16T21:59:57","date_gmt":"2025-03-16T21:59:57","guid":{"rendered":"https:\/\/white-ant-267257.hostingersite.com\/?post_type=product&#038;p=19585"},"modified":"2025-07-13T07:17:53","modified_gmt":"2025-07-13T07:17:53","slug":"the-book-of-the-characteristics-of-the-shepherd-and-the-flock","status":"publish","type":"product","link":"https:\/\/tamerbadr.com\/lt\/produktas\/the-book-of-the-characteristics-of-the-shepherd-and-the-flock","title":{"rendered":"Knyga apie ganytojo ir kaimen\u0117s charakteristikas"},"content":{"rendered":"<h1 style=\"text-align: center;\"><strong>\u012evadas \u012f knyg\u0105 \u201eGanytojo ir kaimen\u0117s charakteristikos\u201c<\/strong><\/h1>\n<h1 style=\"text-align: center;\">Islamas nustat\u0117 ai\u0161k\u0173 ir i\u0161sam\u0173 po\u017ei\u016br\u012f \u012f valdovo ir jo pavaldini\u0173 santykius. Mokslininkai aptar\u0117 \u0161iuos santykius knygose apie islamo politik\u0105, \u012fskaitant kiekvienos \u0161alies pareigas ir teises, parodydami, kad islamas turi savo sistem\u0105 kaip gyvenimo b\u016bd\u0105. Politiniu po\u017ei\u016briu, kalbant apie valdovo ir jo pavaldini\u0173 santykius, islamo istorija ne\u017einojo konkre\u010dios islamo valdymo sistemos. Islamas, galutinis dievi\u0161kasis \u012fstatymas, nenustat\u0117 konkre\u010dios sistemos, kuri b\u016bt\u0173 taikoma musulmonams visais laikais ir vietose. Prie\u0161ingai, jis nustat\u0117 bendruosius principus, tinkamus visiems laikams ir vietoms, nesigilindamas \u012f detales, metodus ir ypatybes, kurios i\u0161 prigimties vystosi ir kei\u010diasi kartu su kintan\u010diomis laiko ir vietos aplinkyb\u0117mis, kad kiekviena tauta gal\u0117t\u0173 atsi\u017evelgti \u012f tai, kas tinka jos aplinkyb\u0117ms ir ko reikalauja jos interesai.<\/h1>\n<h1 style=\"text-align: center;\">Atitinkamai, kalbant apie valstyb\u0117s teorij\u0105, islamas ne\u012fsteig\u0117 politin\u0117s sistemos, kuri neb\u016bt\u0173 kei\u010diama ar taisoma, ir nesigilino \u012f detales su absoliu\u010diomis, galutin\u0117mis vertyb\u0117mis. Jis tiesiog nustat\u0117 bendruosius principus ir i\u0161samias taisykles, kuriomis \u0161i teorija tur\u0117t\u0173 b\u016bti grind\u017eiama. Islamo valstyb\u0117s teorija (detali\u0173 ir ypatybi\u0173 at\u017evilgiu), kaip ir visos kitos islamo politin\u0117s teorijos, gali b\u016bti kei\u010diama, taisoma ir pildoma. Jos formuluot\u0117s n\u0117ra nei galutin\u0117s, nei absoliu\u010dios, nei \u012ftvirtintos grie\u017etame \u0161ablone. Islamas leid\u017eia kurti ir modifikuoti politines teorijas, kurias musulmon\u0173 mokslininkai steng\u0117si suformuluoti pagal epochos reikalavimus ir laiko bei vietos aplinkybes.<\/h1>\n<h1 style=\"text-align: center;\">N\u0117ra jokio skirtumo tarp kalb\u0173 apie islam\u0105 ir pilietin\u0119 valstyb\u0119, apie islam\u0105 ir pilietyb\u0119, apie islam\u0105 ir nuomon\u0117s bei \u012fsitikinim\u0173 laisv\u0119. Tie, kurie mano, kad islamas ir visos \u0161ios modernios id\u0117jos yra nesuprantamos, patys nesupranta tikrosios islamo prigimties ir teisingai ar s\u0105\u017einingai neskaito Prana\u0161o (ramyb\u0117 ir palaima jam) ir jo kilni\u0173 bendra\u017eygi\u0173 (teb\u016bnie jais patenkintas Alachas) istorijos. \u0160tai kod\u0117l valstyb\u0117 islame turi savo i\u0161skirtinius bruo\u017eus, lygiai taip pat, kaip ir valdymo sistema islame turi savo pamatus: tarnyst\u0117 Dievui, teisingumas, konsultacijos ir j\u0173 \u012fsipareigojimai, lygyb\u0117, paklusnumas vald\u017eioje esantiems asmenims, pareiga patarti vald\u017eioje esantiems asmenims, valdovo ar ganytojo atsakomyb\u0117 ir jo paklusnumas teism\u0173 ir tautos prie\u017ei\u016brai, tautos politin\u0117 vienyb\u0117, teisi\u0173 ir pareig\u0173 garantijos bei laisv\u0117. \u0160ie pamatai yra islamo sistemos pagrindas ir labiausiai i\u0161rei\u0161kia jos unikalum\u0105. Savo knygoje stengiausi kuo daugiau tai aptarti.<\/h1>\n<h1 style=\"text-align: center;\">Galiausiai pra\u0161au Visagalio Dievo, kad mano darbas b\u016bt\u0173 atliekamas nuo\u0161ird\u017eiai Jo labui, kad atlygint\u0173 man u\u017e kiekvien\u0105 mano para\u0161yt\u0105 \u017eod\u012f, kad jis b\u016bt\u0173 vienas i\u0161 mano ger\u0173 darb\u0173 ir kad atlygint\u0173 mano broliams, kurie man pad\u0117jo viskuo, k\u0105 tur\u0117jo, kad u\u017ebaig\u010diau \u0161i\u0105 knyg\u0105.<\/h1>\n<h1 style=\"text-align: center;\">\u201eGarb\u0117 Tau, Dieve, ir \u0161lov\u0117 Tau. Liudiju, kad n\u0117ra kito dievo, tik Tu. Pra\u0161au Tavo atleidimo ir atgailauju Tau. M\u016bs\u0173 paskutinis pra\u0161ymas: Visa \u0161lov\u0117 priklauso Dievui, pasauli\u0173 Vie\u0161pa\u010diui.\u201c<\/h1>\n<h1 style=\"text-align: center;\">Varg\u0161as, kuriam reikia Vie\u0161paties atleidimo ir malon\u0117s<\/h1>\n<h1 style=\"text-align: center;\">Tamer Badr<\/h1>\n<h1 style=\"text-align: center;\">Sekmadienis, Rad\u017eabo 3 d., 14:40 AH<\/h1>\n<h1 style=\"text-align: center;\">2019 m. kovo 10 d.<\/h1>","protected":false},"excerpt":{"rendered":"<p>\u0645\u0642\u062f\u0645\u0629 \u0643\u062a\u0627\u0628 \u0635\u0641\u0629 \u0627\u0644\u0631\u0627\u0639\u064a \u0648\u0627\u0644\u0631\u0639\u064a\u0629 \u0644\u0642\u062f \u0648\u0636\u0639 \u0627\u0644\u0625\u0633\u0644\u0627\u0645 \u0645\u0646\u0647\u062c\u064b\u0627 \u0628\u064a\u0651\u0650\u0646\u064b\u0627 \u0648\u0648\u0627\u0641\u064a\u064b\u0627 \u0641\u064a \u0627\u0644\u0639\u0644\u0627\u0642\u0629 \u0628\u064a\u0646 \u0627\u0644\u0631\u0627\u0639\u064a \u0648\u0627\u0644\u0631\u0639\u064a\u0629\u060c \u0648\u0628\u064e\u062d\u064e\u062b\u064e \u0623\u0647\u0644\u064f \u0627\u0644\u0639\u0644\u0645 \u0641\u064a \u0643\u062a\u0628 \u0627\u0644\u0633\u064a\u0627\u0633\u0629 \u0627\u0644\u0634\u0631\u0639\u064a\u0629 \u0645\u0627 \u064a\u062a\u0639\u0644\u0651\u064e\u0642 \u0628\u0647\u0630\u0647 \u0627\u0644\u0639\u0644\u0627\u0642\u0629\u060c \u0648\u0648\u0627\u062c\u0628\u0627\u062a \u0643\u0644 \u0645\u0646 \u0627\u0644\u0637\u0631\u0641\u064a\u0646 \u0648\u062d\u0642\u0648\u0642\u0647 \u0639\u0644\u0649 \u0648\u062c\u0647 \u064a\u064f\u0628\u064e\u064a\u0651\u0650\u0646 \u0623\u0646 \u0627\u0644\u0625\u0633\u0644\u0627\u0645 \u0644\u0647 \u0646\u0638\u0627\u0645\u0647 \u0627\u0644\u062e\u0627\u0635 \u0645\u0646\u0647\u062c\u064b\u0627 \u0644\u0644\u062d\u064a\u0627\u0629\u061b \u0648\u0645\u0646 \u0627\u0644\u0646\u0627\u062d\u064a\u0629 \u0627\u0644\u0633\u064a\u0627\u0633\u064a\u0629 \u0641\u064a\u0645\u0627 \u064a\u062a\u0639\u0644\u0642 \u0628\u0639\u0644\u0627\u0642\u0629 \u0627\u0644\u0625\u0645\u0627\u0645 \u0648\u0631\u0639\u064a\u062a\u0647 \u0645\u0646 \u0627\u0644\u0645\u0648\u0627\u0637\u0646\u064a\u0646 \u0641\u0644\u0645 \u064a\u0639\u0631\u0641 \u0627\u0644\u062a\u0627\u0631\u064a\u062e [&hellip;]<\/p>","protected":false},"featured_media":19692,"comment_status":"open","ping_status":"closed","template":"","meta":{"_seopress_robots_primary_cat":"","_seopress_titles_title":"","_seopress_titles_desc":"","_seopress_robots_index":"","inline_featured_image":false,"_uf_show_specific_survey":0,"_uf_disable_surveys":false},"product_brand":[],"product_cat":[187],"product_tag":[],"class_list":{"0":"post-19585","1":"product","2":"type-product","3":"status-publish","4":"has-post-thumbnail","6":"product_cat-187","8":"first","9":"instock","10":"downloadable","11":"shipping-taxable","12":"purchasable","13":"product-type-simple"},"_links":{"self":[{"href":"https:\/\/tamerbadr.com\/lt\/wp-json\/wp\/v2\/product\/19585","targetHints":{"allow":["GET"]}}],"collection":[{"href":"https:\/\/tamerbadr.com\/lt\/wp-json\/wp\/v2\/product"}],"about":[{"href":"https:\/\/tamerbadr.com\/lt\/wp-json\/wp\/v2\/types\/product"}],"replies":[{"embeddable":true,"href":"https:\/\/tamerbadr.com\/lt\/wp-json\/wp\/v2\/comments?post=19585"}],"wp:featuredmedia":[{"embeddable":true,"href":"https:\/\/tamerbadr.com\/lt\/wp-json\/wp\/v2\/media\/19692"}],"wp:attachment":[{"href":"https:\/\/tamerbadr.com\/lt\/wp-json\/wp\/v2\/media?parent=19585"}],"wp:term":[{"taxonomy":"product_brand","embeddable":true,"href":"https:\/\/tamerbadr.com\/lt\/wp-json\/wp\/v2\/product_brand?post=19585"},{"taxonomy":"product_cat","embeddable":true,"href":"https:\/\/tamerbadr.com\/lt\/wp-json\/wp\/v2\/product_cat?post=19585"},{"taxonomy":"product_tag","embeddable":true,"href":"https:\/\/tamerbadr.com\/lt\/wp-json\/wp\/v2\/product_tag?post=19585"}],"curies":[{"name":"wp","href":"https:\/\/api.w.org\/{rel}","templated":true}]}}