{"id":19581,"date":"2025-03-16T21:53:58","date_gmt":"2025-03-16T21:53:58","guid":{"rendered":"https:\/\/white-ant-267257.hostingersite.com\/?post_type=product&#038;p=19581"},"modified":"2025-07-13T07:21:59","modified_gmt":"2025-07-13T07:21:59","slug":"unforgettable-leaders-book","status":"publish","type":"product","link":"https:\/\/tamerbadr.com\/lt\/produktas\/unforgettable-leaders-book","title":{"rendered":"Knyga \u201eNepamir\u0161tami lyderiai\u201c"},"content":{"rendered":"<h1 style=\"text-align: center;\"><strong>Profesoriaus dr. Raghebo El-Sergany \u012f\u017eanga \u012f knyg\u0105 \u201eNepamir\u0161tami lyderiai\u201c<\/strong><\/h1>\n<h1 style=\"text-align: center;\">Islamo tautos istorijoje yra vyr\u0173, kurie nu\u0161viet\u0117 istorij\u0105 tiems, kurie at\u0117jo po j\u0173, vyr\u0173, kurie i\u0161siskyr\u0117 kiekvienoje srityje.<\/h1>\n<h1 style=\"text-align: center;\">Galb\u016bt jokios tautos istorijoje nerasite tiek daug puiki\u0173 asmenybi\u0173. Remiantis Ibn Umaro, teb\u016bnie juo Dievas patenkintas, autoritetu, kuris pasak\u0117: Dievo Pasiuntinys, teb\u016bnie j\u012f palaimintas ir suteik\u0119s jam ramyb\u0119, pasak\u0117: \u201eRasite \u017emoni\u0173, besirenkan\u010di\u0173 \u0161imte viet\u0173, ir n\u0117 vienas vyras neras tarp j\u0173 kalno.\u201c Papasakojo Al-Bukhari ir Muslim.<\/h1>\n<h1 style=\"text-align: center;\">Taigi, i\u0161kili\u0173 vyr\u0173 bendrojoje istorijoje yra nedaug, ta\u010diau daugelis j\u0173 pasirod\u0117 ir pasi\u017eym\u0117jo islamo istorijoje ir islamo civilizacijoje.<\/h1>\n<h1 style=\"text-align: center;\">Islamo valstyb\u0117 gim\u0117 i\u0161 dr\u0105si\u0173, didvyri\u0161k\u0173 mud\u017eahed\u0173. Islamo istorija \u017eino, kiek lyderi\u0173 i\u0161kilo ir ved\u0117 islamo armijas \u012f dideles pergales Visagalio Dievo, o v\u0117liau ir savo genialumo bei dr\u0105sos d\u0117ka!<\/h1>\n<h1 style=\"text-align: center;\">Islame am\u017eius nebuvo lemiamas veiksnys, lemiantis lyderius, o veikiau kompetencija ir geb\u0117jimai. Dievo Pasiuntinys, telaimina j\u012f Dievas ir suteikia jam ramyb\u0119, pasirinko a\u0161tuoniolikmet\u012f Usam\u0105 bin Zaid\u0105 vadovauti armijai kovai su rom\u0117nais, o jam pavald\u016bs buvo Abu Bakras ir Umaras bin Al-Khattabas.<\/h1>\n<h1 style=\"text-align: center;\">Tai, kad pirmasis pri\u0117m\u0117 islam\u0105, taip pat nebuvo lemiamas veiksnys. Dievo Pasiuntinys, telaimina j\u012f Dievas ir suteikia jam ramyb\u0119, paskyr\u0117 Amr ibn al-Aas\u0105 (teb\u016bnie Dievas juo patenkintas) vadovauti vyresniesiems kompanionams Dhat al-Salasilo m\u016b\u0161yje, nors jis \u012f islam\u0105 atsivert\u0117 tik prie\u0161 kelias dienas. Pana\u0161iai ir Khalidas ibn al-Walidas (teb\u016bnie Dievas juo patenkintas) vadovavo vyresniesiems kompanionams Mu&#039;tah m\u016b\u0161yje, nors \u012f islam\u0105 atsivert\u0117 neseniai.<\/h1>\n<h1 style=\"text-align: center;\">Islamo istorijoje lyderi\u0173 atrankos kriterijai buvo objektyv\u016bs ir susij\u0119 tik su kompetencija. Tod\u0117l per vis\u0105 savo istorij\u0105 islamo civilizacija i\u0161ugd\u0117 i\u0161skirtinius lyderius, kurie netur\u0117jo lygi\u0173.<\/h1>\n<h1 style=\"text-align: center;\">Po to musulmonai su\u017einojo, kad jie turi ruo\u0161ti b\u016bsimus lyderius; taigi ir matome jojimo, d\u017eihado ir \u0161audymo i\u0161 lanko mokym\u0173 plitim\u0105.<\/h1>\n<h1 style=\"text-align: center;\">Islamo lyderyst\u0117s istorija kupina gili\u0173 reik\u0161mi\u0173, s\u0105vok\u0173 ir unikali\u0173 asmenybi\u0173; tod\u0117l \u0161i knyga tokia svarbi.<\/h1>\n<h1 style=\"text-align: center;\">Autorius, brolis Tameras Badras \u2013 te apsaugok j\u012f Dievas \u2013 dom\u0117josi musulmon\u0173 lyderi\u0173 biografij\u0173 atsekimu ir pristat\u0117 jas mums...<\/h1>\n<h1 style=\"text-align: center;\">Lengvas, eleganti\u0161kas ir glaustas stilius, kuriame jis i\u0161skyr\u0117 svarbiausius punktus, kuri\u0173 tautai reikia norint suprasti, kaip ji buvo.<\/h1>\n<h1 style=\"text-align: center;\">Lyderiai yra pasiruo\u0161\u0119, kad gal\u0117tum\u0117te i\u0161ugdyti naujas j\u0173 kartas.<\/h1>\n<h1 style=\"text-align: center;\">Kaip autorius mus \u012fpratino ankstesn\u0117je savo knygoje (\u201eNepamir\u0161tamos dienos\u201c), \u0161i knyga jus sudomins savo stiliumi. Prad\u0117j\u0119 j\u0105 skaityti, pajusite poreik\u012f t\u0119sti iki galo.<\/h1>\n<h1 style=\"text-align: center;\">Pra\u0161au Visagalio Dievo priimti autoriaus pastangas kuriant \u0161i\u0105 knyg\u0105, suteikti jai pripa\u017einim\u0105 ir per j\u0105 pad\u0117ti musulmonams. Jis yra to Glob\u0117jas ir gali tai padaryti.<\/h1>\n<h1 style=\"text-align: center;\">\u00a0Prof. dr. Ragheb Al-Sergani<\/h1>\n<h1 style=\"text-align: center;\">Kairas 2011 m. lapkrit\u012f<\/h1>","protected":false},"excerpt":{"rendered":"<p>\u0645\u0642\u062f\u0645\u0629 \u0627\u0644\u0627\u0633\u062a\u0627\u0630 \u0627\u0644\u062f\u0643\u062a\u0648\u0631 \u0631\u0627\u063a\u0628 \u0627\u0644\u0633\u0631\u062c\u0627\u0646\u064a \u0644\u0643\u062a\u0627\u0628 \u0642\u0627\u062f\u0629 \u0644\u0627 \u062a\u0646\u0633\u0649 \u0641\u064a \u062a\u0627\u0631\u064a\u062e \u0623\u064f\u0645\u0629 \u0627\u0644\u0625\u0633\u0644\u0627\u0645 \u0631\u062c\u0627\u0644 \u0623\u0636\u0627\u0621\u0648\u0627 \u0627\u0644\u062a\u0627\u0631\u064a\u062e \u0644\u0645\u0646 \u062c\u0627\u0621 \u0628\u0639\u062f\u0647\u0645\u060c \u0631\u062c\u0627\u0644 \u062a\u0645\u064a\u0632\u0648\u0627 \u0641\u064a \u0643\u0644 \u0645\u062c\u0627\u0644\u060c \u0648\u0631\u0628\u0645\u0627 \u0644\u0627 \u062a\u062c\u062f \u0641\u064a \u062a\u0627\u0631\u064a\u062e \u0623\u064f\u0645\u0629 \u0645\u0646 \u0627\u0644\u0623\u0645\u0645 \u0647\u0630\u0627 \u0627\u0644\u0639\u062f\u062f \u0645\u0646 \u0627\u0644\u0631\u0645\u0648\u0632 \u0627\u0644\u0644\u0627\u0645\u0639\u0629\u061b \u0641\u0639\u0646 \u0627\u0628\u0646 \u0639\u0645\u0631 \u0631\u0636\u064a \u0627\u0644\u0644\u0647 \u0639\u0646\u0647 \u0642\u0627\u0644: \u0642\u0627\u0644 \u0631\u0633\u0648\u0644 \u0627\u0644\u0644\u0647 \ufdfa: \u00ab\u062a\u064e\u062c\u0650\u062f\u064f\u0648\u0646\u064e \u0627\u0644\u0646\u0651\u064e\u0627\u0633\u064e \u0643\u064e\u0627\u0628\u0650\u0644 \u0645\u0650\u0627\u0626\u064e\u0629\u064d \u0644\u064e\u0627 \u064a\u064e\u062c\u0650\u062f\u064f \u0627\u0644\u0631\u0651\u064e\u062c\u064f\u0644\u064f [&hellip;]<\/p>","protected":false},"featured_media":19693,"comment_status":"open","ping_status":"closed","template":"","meta":{"_seopress_robots_primary_cat":"","_seopress_titles_title":"","_seopress_titles_desc":"","_seopress_robots_index":"","inline_featured_image":false,"_uf_show_specific_survey":0,"_uf_disable_surveys":false},"product_brand":[],"product_cat":[189],"product_tag":[],"class_list":{"0":"post-19581","1":"product","2":"type-product","3":"status-publish","4":"has-post-thumbnail","6":"product_cat-189","8":"first","9":"instock","10":"downloadable","11":"shipping-taxable","12":"purchasable","13":"product-type-simple"},"_links":{"self":[{"href":"https:\/\/tamerbadr.com\/lt\/wp-json\/wp\/v2\/product\/19581","targetHints":{"allow":["GET"]}}],"collection":[{"href":"https:\/\/tamerbadr.com\/lt\/wp-json\/wp\/v2\/product"}],"about":[{"href":"https:\/\/tamerbadr.com\/lt\/wp-json\/wp\/v2\/types\/product"}],"replies":[{"embeddable":true,"href":"https:\/\/tamerbadr.com\/lt\/wp-json\/wp\/v2\/comments?post=19581"}],"wp:featuredmedia":[{"embeddable":true,"href":"https:\/\/tamerbadr.com\/lt\/wp-json\/wp\/v2\/media\/19693"}],"wp:attachment":[{"href":"https:\/\/tamerbadr.com\/lt\/wp-json\/wp\/v2\/media?parent=19581"}],"wp:term":[{"taxonomy":"product_brand","embeddable":true,"href":"https:\/\/tamerbadr.com\/lt\/wp-json\/wp\/v2\/product_brand?post=19581"},{"taxonomy":"product_cat","embeddable":true,"href":"https:\/\/tamerbadr.com\/lt\/wp-json\/wp\/v2\/product_cat?post=19581"},{"taxonomy":"product_tag","embeddable":true,"href":"https:\/\/tamerbadr.com\/lt\/wp-json\/wp\/v2\/product_tag?post=19581"}],"curies":[{"name":"wp","href":"https:\/\/api.w.org\/{rel}","templated":true}]}}