{"id":19575,"date":"2025-03-16T21:38:04","date_gmt":"2025-03-16T21:38:04","guid":{"rendered":"https:\/\/white-ant-267257.hostingersite.com\/?post_type=product&#038;p=19575"},"modified":"2025-07-13T07:22:37","modified_gmt":"2025-07-13T07:22:37","slug":"unforgettable-days-book","status":"publish","type":"product","link":"https:\/\/tamerbadr.com\/lt\/produktas\/unforgettable-days-book","title":{"rendered":"Knyga \u201eNepamir\u0161tamos dienos\u201c"},"content":{"rendered":"<h1 style=\"text-align: center;\"><strong>Profesoriaus dr. Raghebo Al-Sarjani \u012fvadas \u012f knyg\u0105 \u201eNepamir\u0161tamos dienos\u201c<\/strong><\/h1>\n<h1 style=\"text-align: center;\">Islamo istorija per daugel\u012f met\u0173 ir \u0161imtme\u010di\u0173 buvo labai apleista. D\u0117l to daugelis orientalist\u0173 ir vakarie\u010di\u0173 i\u0161kreip\u0117 \u0161i\u0105 istorij\u0105. Tod\u0117l turime istorij\u0105, kuri labai skiriasi nuo tiesos. Dar blogiau, kad tarp \u0161i\u0173 i\u0161kraipym\u0173 buvo prarastos pamokos ir moral\u0117. Taigi istorija tapo akademiniu tyrimu, neturin\u010diu jokios prasm\u0117s skaitytojams. D\u0117l to jie susilaik\u0117 nuo jos skaitymo ir studijavimo.<\/h1>\n<h1 style=\"text-align: center;\">Susid\u016br\u0119 su \u0161ia sunkia situacija, kai kurie uol\u016bs \u017emon\u0117s tur\u0117jo pakilti ir i\u0161gelb\u0117ti \u0161i\u0105 ilg\u0105 istorij\u0105; i\u0161 ties\u0173, i\u0161gelb\u0117ti musulmon\u0173 jaunim\u0105, kuriam nepavyko rasti tinkamo ir patikimo \u0161altinio, kuriame b\u016bt\u0173 galima pasiskaityti apie tautos istorij\u0105. I\u0161 ties\u0173, neperdedu sakydamas: visam pasauliui \u2013 musulmonams ar nemusulmonams \u2013 reikia \u0161ios \u0161lovingos islamo istorijos, nes pasaulis niekada ne\u017einojo nieko tokio nuostabaus ar akinan\u010dio, kok\u012f radome savo did\u017eioje istorijoje.<\/h1>\n<h1 style=\"text-align: center;\">Knyga m\u016bs\u0173 rankose yra savoti\u0161ka tokia pagalbin\u0117 priemon\u0117!<\/h1>\n<h1 style=\"text-align: center;\">Tai vertinga knyga, sumaniai sujungianti daugyb\u0119 svarbiausi\u0173 islamo tautos istorijos dien\u0173. Ta\u010diau \u0161i mil\u017eini\u0161ka kolekcija nesuk\u016br\u0117 pana\u0161aus mil\u017eini\u0161ko puslapi\u0173 skai\u010diaus! Tai rodo i\u0161skirtin\u012f autoriaus meistri\u0161kum\u0105 atrenkant nauding\u0105 i\u0161 kiekvieno m\u016b\u0161io ir svarb\u0173 i\u0161 kiekvieno susid\u016brimo. Galb\u016bt tai vienas ry\u0161kiausi\u0173 bruo\u017e\u0173, skirian\u010di\u0173 \u0161i\u0105 knyg\u0105 nuo kit\u0173, nes autorius i\u0161siskiria puikiu geb\u0117jimu glausti ir sutelkti d\u0117mes\u012f, tod\u0117l perskait\u0119 keturis ar penkis puslapius apie did\u017eiul\u012f m\u016b\u0161\u012f, jau\u010diat\u0117s apr\u0117p\u0119 visk\u0105 ir jums nereikia jokios kitos informacijos, o specialistai \u017eino, kad istorikas apie tokius m\u016b\u0161ius gali para\u0161yti i\u0161tisus tomus!<\/h1>\n<h1 style=\"text-align: center;\">\u0160i knyga taip pat i\u0161siskiria lengvu nar\u0161ymu tarp skirting\u0173 islamo istorijos etap\u0173. Ji prasideda prana\u0161\u0173 era, tada tinkamu grei\u010diu \u0161okin\u0117ja tarp skirting\u0173 istorini\u0173 epoch\u0173, toki\u0173 kaip Ra\u0161id\u016bn\u0173, Umejad\u0173, Abasid\u0173, Aj\u016bbid\u0173, Mamluk\u0173 ir Osman\u0173 imperijos. Ji taip pat neapleid\u017eia geografin\u0117s navigacijos skirtinguose pasaulio kampeliuose. Ji pasiekia Rytus ir pasakoja apie Indijos m\u016b\u0161ius, o palieka Rytus ir pasuka Vakarus ir apra\u0161o Andal\u016bzijos m\u016b\u0161ius!<\/h1>\n<h1 style=\"text-align: center;\">Dar vienas \u0161ios knygos i\u0161skirtinis bruo\u017eas yra tas, kad joje aptariama daug m\u016b\u0161i\u0173, apie kuriuos daugelis musulmon\u0173 ne\u017eino joki\u0173 detali\u0173. Ties\u0105 sakant, neperdedu sakydamas: musulmonai net ne\u017eino j\u0173 vard\u0173! Man pakanka pamin\u0117ti, pavyzd\u017eiui, Ain al-Tamro m\u016b\u0161ius, Dibalo u\u017ekariavim\u0105, Talo m\u016b\u0161\u012f, Somnato u\u017ekariavim\u0105, Nikopolio m\u016b\u0161\u012f, Moha\u010do m\u016b\u0161\u012f ir kitus m\u016b\u0161ius, kuri\u0173 pamin\u0117jimas buvo pamir\u0161tas ir kuri\u0173 puslapiai buvo apdulk\u0117j\u0119, kol \u0161is autorius s\u0105\u017einingai ir r\u016bpestingai \u0117m\u0117si atskleisti ties\u0105 apie \u0161ias lemiamas dienas.<\/h1>\n<h1 style=\"text-align: center;\">Be viso to, kas i\u0161d\u0117styta auk\u0161\u010diau, \u0161i vertinga knyga i\u0161siskiria dviem dalykais, kurie j\u0105 skiria nuo daugelio islamo bibliotek\u0105 u\u017epildan\u010di\u0173 k\u016brini\u0173 ir daro j\u0105 unikalia savo srityje.<\/h1>\n<h1 style=\"text-align: center;\">Pirma, jis neapsiriboja vien musulmon\u0173 pergal\u0117mis, o veikiau, su nuostabiu ne\u0161ali\u0161kumu ir ypatingu tikslumu, mini svarbiausius m\u016b\u0161ius, kuriuose musulmonai buvo nugal\u0117ti! Tokius kaip Uhudo m\u016b\u0161is, T\u016bro m\u016b\u0161is, Al Ukabo m\u016b\u0161is ir kiti pralaim\u0117jimai. Tai i\u0161 ties\u0173 yra ai\u0161kus autoriaus intelekto pavyzdys, nes jis skaitytojui demonstruoja savo s\u0105\u017einingum\u0105 pristatydamas \u012fvykius ir pabr\u0117\u017eia, kad laikas yra ciklas tarp taut\u0173. Jis taip pat neatima i\u0161 skaitytoj\u0173 galimyb\u0117s pasinaudoti svarbiomis pamokomis, i\u0161moktomis \u0161iuose m\u016b\u0161iuose.<\/h1>\n<h1 style=\"text-align: center;\">Antra, autorius neapsiribojo \u012fvyki\u0173 pasakojimu, kaip daro daugelis autori\u0173, bet gilinosi \u012f reikalus, ie\u0161kojo pergal\u0117s veiksni\u0173 ir pralaim\u0117jimo prie\u017eas\u010di\u0173, tod\u0117l knygos skaitytojas gauna gaus\u0173 taut\u0173 i\u0161kilimo ar \u017elugimo prie\u017eas\u010di\u0173 rinkin\u012f, ir taip pasiekiamas istorijos pasakojimo tikslas; kaip mums parod\u0117 m\u016bs\u0173 Vie\u0161pats, sakydamas: {I\u0161 ties\u0173 j\u0173 istorijose yra pamoka supratingiesiems} [Juozafas: 111]... Tiesa ta, kad autorius visa tai suk\u016br\u0117 su auk\u0161tu ir i\u0161skirtiniu meistri\u0161kumu.<\/h1>\n<h1 style=\"text-align: center;\">Galiausiai:<\/h1>\n<h1 style=\"text-align: center;\">\u0160is autoriaus meistri\u0161kumas nesutrukd\u0117 jo stiliui b\u016bti subtiliam ir gra\u017eiam. Knygos i\u0161rai\u0161ka eleganti\u0161ka, \u017eod\u017eiai gra\u017e\u016bs, o pateikimas sklandus ir malonus, o tai suteikia knygai puo\u0161numo ir elegancijos.<\/h1>\n<h1 style=\"text-align: center;\">Nors \u017einau, kad tai pirmasis autoriaus bandymas ra\u0161yti apie kar\u0105, esu tikras, kad tai ne paskutinis. Islamo istorijos m\u016b\u0161iai ir j\u0173 detal\u0117s reikalauja \u0161imt\u0173 tom\u0173 ir t\u016bkstan\u010di\u0173 paai\u0161kinim\u0173 bei analizi\u0173.<\/h1>\n<h1 style=\"text-align: center;\">Telaimina Alachas profesori\u0173 Tamer\u0105 Badr\u0105 u\u017e jo dideles pastangas. Mano patarimas jam \u2013 visada atnaujinti savo ketinimus su kiekviena knyga, kad Visagalis Alachas suteikt\u0173 jo knygoms plat\u0173 paplitim\u0105 ir suteikt\u0173 jam gaus\u0173 atlyg\u012f bei visapusi\u0161k\u0105 atlyginim\u0105.<\/h1>\n<h1 style=\"text-align: center;\">Pra\u0161au Dievo \u0161lovinti islam\u0105 ir musulmonus<\/h1>\n<h1 style=\"text-align: center;\">Prof. dr. Ragheb Al-Sarjani<\/h1>","protected":false},"excerpt":{"rendered":"<p>\u0645\u0642\u062f\u0645\u0629 \u0627\u0644\u0627\u0633\u062a\u0627\u0630 \u0627\u0644\u062f\u0643\u062a\u0648\u0631 \u0631\u0627\u063a\u0628 \u0627\u0644\u0633\u0631\u062c\u0627\u0646\u064a \u0644\u0643\u062a\u0627\u0628 \u0623\u064a\u0627\u0645 \u0644\u0627 \u062a\u0646\u0633\u0649 \u0639\u0627\u0646\u064a \u0627\u0644\u062a\u0627\u0631\u064a\u062e \u0627\u0644\u0625\u0633\u0644\u0627\u0645\u064a \u0643\u062b\u064a\u0631\u064b\u0627 \u0645\u0646 \u0627\u0644\u0625\u0647\u0645\u0627\u0644 \u0639\u0644\u0649 \u0645\u062f\u0627\u0631 \u0627\u0644\u0633\u0646\u0648\u0627\u062a \u0648\u0627\u0644\u0642\u0631\u0648\u0646\u060c \u0648\u0643\u0627\u0646\u062a \u0627\u0644\u0646\u062a\u064a\u062c\u0629 \u0623\u0646 \u0639\u0628\u062b \u0643\u062b\u064a\u0631 \u0645\u0646 \u0627\u0644\u0645\u0633\u062a\u0634\u0631\u0642\u064a\u0646 \u0648\u0627\u0644\u0645\u0633\u062a\u063a\u0631\u0628\u064a\u0646 \u0641\u064a \u0647\u0630\u0627 \u0627\u0644\u062a\u0627\u0631\u064a\u062e\u061b \u0648\u0628\u0627\u0644\u062a\u0627\u0644\u064a \u062e\u0631\u062c \u0644\u0646\u0627 \u0627\u0644\u062a\u0627\u0631\u064a\u062e \u0628\u0635\u0648\u0631\u0629 \u0645\u063a\u0627\u064a\u0631\u0629 \u0643\u062b\u064a\u0631\u064b\u0627 \u0639\u0646 \u0627\u0644\u062d\u0642\u064a\u0642\u0629\u060c \u0648\u0627\u0644\u0623\u0646\u0643\u0649 \u0645\u0646 \u0630\u0644\u0643 \u0623\u0646 \u0627\u0644\u062f\u0631\u0648\u0633 \u0648\u0627\u0644\u0639\u0628\u0631 \u062a\u0627\u0647\u062a \u0648\u0633\u0637 \u0647\u0630\u0647 \u0627\u0644\u062a\u062d\u0631\u064a\u0641\u0627\u062a\u060c \u0641\u0635\u0627\u0631 \u0627\u0644\u062a\u0627\u0631\u064a\u062e \u062f\u0631\u0627\u0633\u0629 \u0623\u0643\u0627\u062f\u064a\u0645\u064a\u0629 \u0644\u0627 \u0645\u0639\u0646\u0649 [&hellip;]<\/p>","protected":false},"featured_media":19689,"comment_status":"open","ping_status":"closed","template":"","meta":{"_seopress_robots_primary_cat":"","_seopress_titles_title":"","_seopress_titles_desc":"","_seopress_robots_index":"","inline_featured_image":false,"_uf_show_specific_survey":0,"_uf_disable_surveys":false},"product_brand":[],"product_cat":[189],"product_tag":[],"class_list":{"0":"post-19575","1":"product","2":"type-product","3":"status-publish","4":"has-post-thumbnail","6":"product_cat-189","8":"first","9":"instock","10":"downloadable","11":"shipping-taxable","12":"purchasable","13":"product-type-simple"},"_links":{"self":[{"href":"https:\/\/tamerbadr.com\/lt\/wp-json\/wp\/v2\/product\/19575","targetHints":{"allow":["GET"]}}],"collection":[{"href":"https:\/\/tamerbadr.com\/lt\/wp-json\/wp\/v2\/product"}],"about":[{"href":"https:\/\/tamerbadr.com\/lt\/wp-json\/wp\/v2\/types\/product"}],"replies":[{"embeddable":true,"href":"https:\/\/tamerbadr.com\/lt\/wp-json\/wp\/v2\/comments?post=19575"}],"wp:featuredmedia":[{"embeddable":true,"href":"https:\/\/tamerbadr.com\/lt\/wp-json\/wp\/v2\/media\/19689"}],"wp:attachment":[{"href":"https:\/\/tamerbadr.com\/lt\/wp-json\/wp\/v2\/media?parent=19575"}],"wp:term":[{"taxonomy":"product_brand","embeddable":true,"href":"https:\/\/tamerbadr.com\/lt\/wp-json\/wp\/v2\/product_brand?post=19575"},{"taxonomy":"product_cat","embeddable":true,"href":"https:\/\/tamerbadr.com\/lt\/wp-json\/wp\/v2\/product_cat?post=19575"},{"taxonomy":"product_tag","embeddable":true,"href":"https:\/\/tamerbadr.com\/lt\/wp-json\/wp\/v2\/product_tag?post=19575"}],"curies":[{"name":"wp","href":"https:\/\/api.w.org\/{rel}","templated":true}]}}