{"id":20178,"date":"2025-03-19T18:42:34","date_gmt":"2025-03-19T18:42:34","guid":{"rendered":"https:\/\/white-ant-267257.hostingersite.com\/?page_id=20178"},"modified":"2025-07-30T19:25:45","modified_gmt":"2025-07-30T19:25:45","slug":"privacy-policy","status":"publish","type":"page","link":"https:\/\/tamerbadr.com\/lt\/privacy-policy","title":{"rendered":"privatumo politika"},"content":{"rendered":"<div data-elementor-type=\"wp-page\" data-elementor-id=\"20178\" class=\"elementor elementor-20178\" data-elementor-post-type=\"page\">\n\t\t\t\t\t\t<section class=\"elementor-section elementor-top-section elementor-element elementor-element-325f7dc elementor-section-full_width elementor-section-height-default elementor-section-height-default\" data-id=\"325f7dc\" data-element_type=\"section\" data-settings=\"{&quot;background_background&quot;:&quot;classic&quot;}\">\n\t\t\t\t\t\t<div class=\"elementor-container elementor-column-gap-no\">\n\t\t\t\t\t<div class=\"elementor-column elementor-col-100 elementor-top-column elementor-element elementor-element-a5ff8d0\" data-id=\"a5ff8d0\" data-element_type=\"column\">\n\t\t\t<div class=\"elementor-widget-wrap elementor-element-populated\">\n\t\t\t\t\t\t<section class=\"elementor-section elementor-inner-section elementor-element elementor-element-dce55a7 elementor-section-content-middle elementor-section-boxed elementor-section-height-default elementor-section-height-default\" data-id=\"dce55a7\" data-element_type=\"section\" data-settings=\"{&quot;background_background&quot;:&quot;classic&quot;}\">\n\t\t\t\t\t\t<div class=\"elementor-container elementor-column-gap-no\">\n\t\t\t\t\t<div class=\"elementor-column elementor-col-50 elementor-inner-column elementor-element elementor-element-07e74d4\" data-id=\"07e74d4\" data-element_type=\"column\">\n\t\t\t<div class=\"elementor-widget-wrap elementor-element-populated\">\n\t\t\t\t\t\t<div class=\"elementor-element elementor-element-edd75c2 elementor-invisible elementor-widget elementor-widget-heading\" data-id=\"edd75c2\" data-element_type=\"widget\" data-settings=\"{&quot;_animation&quot;:&quot;fadeInLeft&quot;}\" data-widget_type=\"heading.default\">\n\t\t\t\t<div class=\"elementor-widget-container\">\n\t\t\t\t\t<h2 class=\"elementor-heading-title elementor-size-default\">Tamer Badr<\/h2>\t\t\t\t<\/div>\n\t\t\t\t<\/div>\n\t\t\t\t<div class=\"elementor-element elementor-element-3f5a13a elementor-invisible elementor-widget elementor-widget-heading\" data-id=\"3f5a13a\" data-element_type=\"widget\" data-settings=\"{&quot;_animation&quot;:&quot;fadeInRight&quot;}\" data-widget_type=\"heading.default\">\n\t\t\t\t<div class=\"elementor-widget-container\">\n\t\t\t\t\t<h2 class=\"elementor-heading-title elementor-size-default\">privatumo politika<\/h2>\t\t\t\t<\/div>\n\t\t\t\t<\/div>\n\t\t\t\t\t<\/div>\n\t\t<\/div>\n\t\t\t\t<div class=\"elementor-column elementor-col-50 elementor-inner-column elementor-element elementor-element-a748cf0\" data-id=\"a748cf0\" data-element_type=\"column\">\n\t\t\t<div class=\"elementor-widget-wrap elementor-element-populated\">\n\t\t\t\t\t\t<div class=\"elementor-element elementor-element-7476b1a elementor-position-left elementor-vertical-align-top elementor-widget elementor-widget-image-box\" data-id=\"7476b1a\" data-element_type=\"widget\" data-widget_type=\"image-box.default\">\n\t\t\t\t<div class=\"elementor-widget-container\">\n\t\t\t\t\t<div class=\"elementor-image-box-wrapper\"><figure class=\"elementor-image-box-img\"><img alt=\"\" decoding=\"async\" width=\"170\" height=\"157\" src=\"https:\/\/tamerbadr.com\/wp-content\/uploads\/2022\/10\/service-1.png\" class=\"elementor-animation-bob attachment-full size-full wp-image-515\" \/><\/figure><\/div>\t\t\t\t<\/div>\n\t\t\t\t<\/div>\n\t\t\t\t\t<\/div>\n\t\t<\/div>\n\t\t\t\t\t<\/div>\n\t\t<\/section>\n\t\t\t\t<div class=\"elementor-element elementor-element-9ae5934 elementor-widget__width-auto elementor-absolute elementor-widget elementor-widget-image\" data-id=\"9ae5934\" data-element_type=\"widget\" data-settings=\"{&quot;_position&quot;:&quot;absolute&quot;}\" data-widget_type=\"image.default\">\n\t\t\t\t<div class=\"elementor-widget-container\">\n\t\t\t\t\t\t\t\t\t\t\t\t\t\t\t<img alt=\"\" fetchpriority=\"high\" decoding=\"async\" width=\"956\" height=\"825\" src=\"https:\/\/tamerbadr.com\/wp-content\/uploads\/2022\/10\/about-dot-vector.png\" class=\"attachment-full size-full wp-image-883\" \/>\t\t\t\t\t\t\t\t\t\t\t\t\t\t\t<\/div>\n\t\t\t\t<\/div>\n\t\t\t\t\t<\/div>\n\t\t<\/div>\n\t\t\t\t\t<\/div>\n\t\t<\/section>\n\t\t\t\t<section class=\"elementor-section elementor-top-section elementor-element elementor-element-b661bd3 elementor-section-full_width elementor-section-height-default elementor-section-height-default\" data-id=\"b661bd3\" data-element_type=\"section\" data-settings=\"{&quot;background_background&quot;:&quot;classic&quot;}\">\n\t\t\t\t\t\t<div class=\"elementor-container elementor-column-gap-no\">\n\t\t\t\t\t<div class=\"elementor-column elementor-col-100 elementor-top-column elementor-element elementor-element-e5c672a\" data-id=\"e5c672a\" data-element_type=\"column\">\n\t\t\t<div class=\"elementor-widget-wrap elementor-element-populated\">\n\t\t\t\t\t\t<div class=\"elementor-element elementor-element-e1053d6 elementor-widget__width-auto elementor-absolute elementor-invisible elementor-widget elementor-widget-image\" data-id=\"e1053d6\" data-element_type=\"widget\" data-settings=\"{&quot;_position&quot;:&quot;absolute&quot;,&quot;_animation&quot;:&quot;fadeInLeft&quot;,&quot;_animation_delay&quot;:200}\" data-widget_type=\"image.default\">\n\t\t\t\t<div class=\"elementor-widget-container\">\n\t\t\t\t\t\t\t\t\t\t\t\t\t\t\t<img alt=\"\" decoding=\"async\" width=\"305\" height=\"227\" src=\"https:\/\/tamerbadr.com\/wp-content\/uploads\/2022\/10\/opening-quote-icon.png\" class=\"attachment-full size-full wp-image-1947\" \/>\t\t\t\t\t\t\t\t\t\t\t\t\t\t\t<\/div>\n\t\t\t\t<\/div>\n\t\t\t\t\t<\/div>\n\t\t<\/div>\n\t\t\t\t\t<\/div>\n\t\t<\/section>\n\t\t<div class=\"elementor-element elementor-element-1a52feb e-flex e-con-boxed e-con e-parent\" data-id=\"1a52feb\" data-element_type=\"container\">\n\t\t\t\t\t<div class=\"e-con-inner\">\n\t\t\t\t<div class=\"elementor-element elementor-element-4b1dd68 elementor-widget elementor-widget-text-editor\" data-id=\"4b1dd68\" data-element_type=\"widget\" data-widget_type=\"text-editor.default\">\n\t\t\t\t<div class=\"elementor-widget-container\">\n\t\t\t\t\t\t\t\t\t<h4>Privatumo politika \u2013 Tamer Badr (tamerbadr.com)<\/h4><h2>Paskutin\u012f kart\u0105 atnaujinta: (2025 m. kovo 27 d.)<\/h2><h1>Sveiki atvyk\u0119 \u012f \u201eTamer Badr\u201c svetain\u0119 (tamerbadr.com) (\u201eSvetain\u0117\u201c, \u201emes\u201c, \u201emus\u201c arba \u201em\u016bs\u0173\u201c). Esame \u012fsipareigoj\u0119 saugoti j\u016bs\u0173 privatum\u0105 ir gerbti j\u016bs\u0173 asmens duomenis. \u0160ioje politikoje paai\u0161kinama, kaip j\u016bs\u0173 informacija renkama ir naudojama, kai nar\u0161ote m\u016bs\u0173 svetain\u0117je arba perkate el. knygas i\u0161 m\u016bs\u0173 parduotuv\u0117s.<\/h1><p>\u2e3b<\/p><h3 class=\"translation-block\">1. M\u016bs\u0173 renkama informacija<\/h3><h2>a) J\u016bs\u0173 mums pateikta informacija<\/h2><h1 class=\"translation-block\">Kai perkate prekes arba bendraujate su mumis, galime rinkti \u0161i\u0105 informacij\u0105:<br> \u2022 vardas ir pavard\u0117<br> \u2022 El. pa\u0161to adresas<br> \u2022 telefono numeris<br> \u2022 Mok\u0117jimo duomenys (mes j\u0173 nesaugome, juos apdoroja saugi\u0173 mok\u0117jimo paslaug\u0173 teik\u0117jai)<\/h1><h2>b) Automati\u0161kai renkama informacija<\/h2><h4 class=\"translation-block\">Kai nar\u0161ote svetain\u0117je, mes galime automati\u0161kai rinkti tam tikr\u0105 informacij\u0105, pavyzd\u017eiui:<\/h4><h1 class=\"translation-block\">\u2022 J\u016bs\u0173 \u012frenginio IP adresas<br> \u2022 Nar\u0161ykl\u0117s tipas ir nustatymai<br> \u2022 Svetain\u0117s puslapiai, kuriuos lankote<br> \u2022 J\u016bs\u0173 apsilankymo laikas ir data<br> \u2022 Slapukai ir kitos sekimo technologijos<\/h1><p>\u2e3b<\/p><h3>2. Kaip naudoti informacij\u0105<\/h3><h2 class=\"translation-block\">J\u016bs\u0173 duomenis naudojame \u0161iais tikslais:<\/h2><h1 class=\"translation-block\">\u2022 U\u017esakym\u0173 apdorojimas ir galimyb\u0117s atsisi\u0173sti el. knygas suteikimas.<br> \u2022 Pagerinti naudotoj\u0173 patirt\u012f ir suasmeninti turin\u012f.<br> \u2022 Rinkodaros prane\u0161im\u0173 siuntimas, jei sutinkate.<br> \u2022 Analizuokite svetain\u0117s na\u0161um\u0105 naudodami tokius \u012frankius kaip \u201eGoogle Analytics\u201c.<br> \u2022 Laikytis \u012fstatym\u0173 ir ginti savo teises.<\/h1><p>\u2e3b<\/p><h3>3. Internetin\u0117s parduotuv\u0117s politika<\/h3><h2>a) Mok\u0117jimas:<\/h2><h1 class=\"translation-block\">\u2022 Mok\u0117jimas atliekamas per \u201eInstapay\u201c, \u201eVisa\u201c, \u201eVodafone Cash\u201c arba bet kur\u012f kit\u0105 elektronin\u012f mok\u0117jimo b\u016bd\u0105.<br> \u2022 Mok\u0117jimo duomen\u0173 nesaugome, nes operacijos atliekamos per \u012fgaliotus mok\u0117jimo paslaug\u0173 teik\u0117jus.<\/h1><h2 class=\"translation-block\">b) Gr\u0105\u017einimas:<\/h2><h1 class=\"translation-block\">\u2022 \u012esigijus ir atsisiuntus el. knygas, pinigai u\u017e jas negr\u0105\u017einami.<br> \u2022 Jei i\u0161kilo technin\u0117 problema, kuri neleid\u017eia atsisi\u0173sti knygos, galite susisiekti su mumis, kad i\u0161spr\u0119stume problem\u0105.<\/h1><h2>c) Atsisi\u0173skite el. knygas:<\/h2><h1>\u2022 S\u0117kmingai atlikus mok\u0117jim\u0105, vartotojas gal\u0117s tiesiogiai atsisi\u0173sti knyg\u0105.<\/h1><h1>\u2022 Jei kyla problem\u0173 atsisiun\u010diant, susisiekite su mumis per kontakt\u0173 puslap\u012f.<\/h1><p>\u2e3b<\/p><h3>4. Reklama ir \u201eGoogle AdSense\u201c naudojimas<\/h3><h1>M\u016bs\u0173 svetain\u0117 naudoja \u201eGoogle AdSense\u201c skelbimams rodyti, o \u201eGoogle\u201c gali naudoti slapukus duomenims apie j\u016bs\u0173 s\u0105veik\u0105 su skelbimais rinkti. Galite atsisakyti suasmenint\u0173 skelbim\u0173 apsilank\u0119 \u201eGoogle\u201c skelbim\u0173 nustatymuose. Daugiau informacijos rasite \u201eGoogle\u201c privatumo politikoje.<\/h1><p>\u2e3b<\/p><h3>5. Duomen\u0173 bendrinimas su tre\u010diosiomis \u0161alimis<\/h3><h2>Mes neparduodame ir nebendriname j\u016bs\u0173 asmens duomen\u0173, i\u0161skyrus:<\/h2><h1>\u2022 Mok\u0117jimo paslaug\u0173 teik\u0117jai: u\u017esakymams apdoroti.<\/h1><h1>\u2022 \u012estatym\u0173 laikymasis: Kai tai b\u016btina norint apsaugoti m\u016bs\u0173 teises arba laikytis \u012fstatym\u0173.<\/h1><p>\u2e3b<\/p><h3>6. Slapukai ir sekimo technologijos<\/h3><h1>Siekdami pagerinti j\u016bs\u0173 naudotojo patirt\u012f, naudojame slapukus, kuriuos galite valdyti savo nar\u0161ykl\u0117s nustatymuose.<\/h1><p>\u2e3b<\/p><h3>7. Informacijos saugumas<\/h3><h1>Mes imam\u0117s saugumo priemoni\u0173 j\u016bs\u0173 duomenims apsaugoti, ta\u010diau negalime garantuoti absoliutaus saugumo internete.<\/h1><p>\u2e3b<\/p><h3>8. J\u016bs\u0173 teis\u0117s<\/h3><h1>Bet kuriuo metu galite papra\u0161yti atnaujinti arba i\u0161trinti savo duomenis arba atsisakyti rinkodaros prane\u0161im\u0173, susisiekdami su mumis.<\/h1><p>\u2e3b<\/p><h3>9. Politikos pakeitimai<\/h3><h1>Mes galime atnaujinti savo privatumo politik\u0105, o visi pakeitimai bus paskelbti \u0161iame puslapyje.<\/h1><p>\u2e3b<\/p><h3>10. Kaip su mumis susisiekti<\/h3><h1><img decoding=\"async\" class=\"emoji\" role=\"img\" draggable=\"false\" src=\"https:\/\/s.w.org\/images\/core\/emoji\/15.0.3\/svg\/1f4e7.svg\" alt=\"\ud83d\udce7\" \/> info@tamerbadr.com<\/h1><h5><img decoding=\"async\" class=\"emoji\" role=\"img\" draggable=\"false\" src=\"https:\/\/s.w.org\/images\/core\/emoji\/15.0.3\/svg\/1f310.svg\" alt=\"\ud83c\udf10\" \/> <a href=\"https:\/\/tamerbadr.com\/lt\/contact-us\/\">tamerbadr.com\/kontaktas<\/a><\/h5><p>\u2e3b<\/p>\t\t\t\t\t\t\t\t<\/div>\n\t\t\t\t<\/div>\n\t\t\t\t\t<\/div>\n\t\t\t\t<\/div>\n\t\t\t\t<section class=\"elementor-section elementor-top-section elementor-element elementor-element-8cea59d elementor-section-full_width elementor-section-height-default elementor-section-height-default elementor-invisible\" data-id=\"8cea59d\" data-element_type=\"section\" data-settings=\"{&quot;animation&quot;:&quot;fadeInUp&quot;}\">\n\t\t\t\t\t\t<div class=\"elementor-container elementor-column-gap-no\">\n\t\t\t\t\t<div class=\"elementor-column elementor-col-100 elementor-top-column elementor-element elementor-element-1914be3\" data-id=\"1914be3\" data-element_type=\"column\" data-settings=\"{&quot;background_background&quot;:&quot;classic&quot;}\">\n\t\t\t<div class=\"elementor-widget-wrap elementor-element-populated\">\n\t\t\t\t\t\t<div class=\"elementor-element elementor-element-e88d76f elementor-widget__width-auto elementor-absolute elementor-invisible elementor-widget elementor-widget-image\" data-id=\"e88d76f\" data-element_type=\"widget\" data-settings=\"{&quot;_position&quot;:&quot;absolute&quot;,&quot;_animation&quot;:&quot;fadeInLeft&quot;,&quot;_animation_delay&quot;:200}\" data-widget_type=\"image.default\">\n\t\t\t\t<div class=\"elementor-widget-container\">\n\t\t\t\t\t\t\t\t\t\t\t\t\t\t\t<img alt=\"\" decoding=\"async\" width=\"305\" height=\"227\" src=\"https:\/\/tamerbadr.com\/wp-content\/uploads\/2022\/10\/opening-quote-icon.png\" class=\"attachment-full size-full wp-image-1947\" \/>\t\t\t\t\t\t\t\t\t\t\t\t\t\t\t<\/div>\n\t\t\t\t<\/div>\n\t\t\t\t\t<\/div>\n\t\t<\/div>\n\t\t\t\t\t<\/div>\n\t\t<\/section>\n\t\t\t\t<\/div>","protected":false},"excerpt":{"rendered":"<p>\u062a\u0627\u0645\u0631 \u0628\u062f\u0631 \u0633\u064a\u0627\u0633\u0629 \u0627\u0644\u062e\u0635\u0648\u0635\u064a\u0629 \u0633\u064a\u0627\u0633\u0629 \u0627\u0644\u062e\u0635\u0648\u0635\u064a\u0629 \u2013 \u062a\u0627\u0645\u0631 \u0628\u062f\u0631 (tamerbadr.com) \u0622\u062e\u0631 \u062a\u062d\u062f\u064a\u062b: (27 \u0645\u0627\u0631\u0633 2025) \u0645\u0631\u062d\u0628\u064b\u0627 \u0628\u0643 \u0641\u064a \u0645\u0648\u0642\u0639 \u062a\u0627\u0645\u0631 \u0628\u062f\u0631 (tamerbadr.com) (\u201c\u0627\u0644\u0645\u0648\u0642\u0639\u201d\u060c \u201c\u0646\u062d\u0646\u201d\u060c \u201c\u0644\u0646\u0627\u201d \u0623\u0648 \u201c\u062e\u0627\u0635\u062a\u0646\u0627\u201d). \u0646\u062d\u0646 \u0646\u0644\u062a\u0632\u0645 \u0628\u062d\u0645\u0627\u064a\u0629 \u062e\u0635\u0648\u0635\u064a\u062a\u0643 \u0648\u0627\u062d\u062a\u0631\u0627\u0645 \u0628\u064a\u0627\u0646\u0627\u062a\u0643 \u0627\u0644\u0634\u062e\u0635\u064a\u0629. \u062a\u0648\u0636\u062d \u0647\u0630\u0647 \u0627\u0644\u0633\u064a\u0627\u0633\u0629 \u0643\u064a\u0641\u064a\u0629 \u062c\u0645\u0639 \u0645\u0639\u0644\u0648\u0645\u0627\u062a\u0643 \u0648\u0627\u0633\u062a\u062e\u062f\u0627\u0645\u0647\u0627 \u0639\u0646\u062f \u062a\u0635\u0641\u062d \u0645\u0648\u0642\u0639\u0646\u0627 \u0623\u0648 \u0634\u0631\u0627\u0621 \u0627\u0644\u0643\u062a\u0628 \u0627\u0644\u0625\u0644\u0643\u062a\u0631\u0648\u0646\u064a\u0629 \u0645\u0646 \u0645\u062a\u062c\u0631\u0646\u0627. \u2e3b 1. \u0627\u0644\u0645\u0639\u0644\u0648\u0645\u0627\u062a \u0627\u0644\u062a\u064a \u0646\u062c\u0645\u0639\u0647\u0627 [&hellip;]<\/p>","protected":false},"author":1,"featured_media":4468,"parent":0,"menu_order":0,"comment_status":"closed","ping_status":"closed","template":"elementor_header_footer","meta":{"_seopress_robots_primary_cat":"","_seopress_titles_title":"","_seopress_titles_desc":"","_seopress_robots_index":"","inline_featured_image":false,"_uf_show_specific_survey":0,"_uf_disable_surveys":false,"footnotes":""},"class_list":["post-20178","page","type-page","status-publish","has-post-thumbnail"],"_links":{"self":[{"href":"https:\/\/tamerbadr.com\/lt\/wp-json\/wp\/v2\/pages\/20178","targetHints":{"allow":["GET"]}}],"collection":[{"href":"https:\/\/tamerbadr.com\/lt\/wp-json\/wp\/v2\/pages"}],"about":[{"href":"https:\/\/tamerbadr.com\/lt\/wp-json\/wp\/v2\/types\/page"}],"author":[{"embeddable":true,"href":"https:\/\/tamerbadr.com\/lt\/wp-json\/wp\/v2\/users\/1"}],"replies":[{"embeddable":true,"href":"https:\/\/tamerbadr.com\/lt\/wp-json\/wp\/v2\/comments?post=20178"}],"version-history":[{"count":0,"href":"https:\/\/tamerbadr.com\/lt\/wp-json\/wp\/v2\/pages\/20178\/revisions"}],"wp:featuredmedia":[{"embeddable":true,"href":"https:\/\/tamerbadr.com\/lt\/wp-json\/wp\/v2\/media\/4468"}],"wp:attachment":[{"href":"https:\/\/tamerbadr.com\/lt\/wp-json\/wp\/v2\/media?parent=20178"}],"curies":[{"name":"wp","href":"https:\/\/api.w.org\/{rel}","templated":true}]}}