{"id":20137,"date":"2025-03-19T15:40:18","date_gmt":"2025-03-19T15:40:18","guid":{"rendered":"https:\/\/white-ant-267257.hostingersite.com\/?page_id=20137"},"modified":"2025-04-06T08:18:15","modified_gmt":"2025-04-06T08:18:15","slug":"the-book-of-the-virtue-of-patience-in-the-face-of-adversity","status":"publish","type":"page","link":"https:\/\/tamerbadr.com\/lt\/the-book-of-the-virtue-of-patience-in-the-face-of-adversity","title":{"rendered":"Kantryb\u0117s doryb\u0117s knyga sunkum\u0173 akivaizdoje"},"content":{"rendered":"<div data-elementor-type=\"wp-page\" data-elementor-id=\"20137\" class=\"elementor elementor-20137\" data-elementor-post-type=\"page\">\n\t\t\t\t<div class=\"elementor-element elementor-element-c8c7aab e-flex e-con-boxed e-con e-parent\" data-id=\"c8c7aab\" data-element_type=\"container\">\n\t\t\t\t\t<div class=\"e-con-inner\">\n\t\t<div class=\"elementor-element elementor-element-6483b1a e-con-full e-flex e-con e-child\" data-id=\"6483b1a\" data-element_type=\"container\">\n\t\t\t\t<div class=\"elementor-element elementor-element-6058eb2 elementor-widget elementor-widget-wc-elements\" data-id=\"6058eb2\" data-element_type=\"widget\" data-widget_type=\"wc-elements.default\">\n\t\t\t\t<div class=\"elementor-widget-container\">\n\t\t\t\t\t<div class=\"woocommerce\">\t\t\t<div class=\"single-product\" data-product-page-preselected-id=\"0\">\n\t\t\t\t<div class=\"woocommerce-notices-wrapper\"><\/div><div id=\"product-19573\" class=\"product type-product post-19573 status-publish first instock product_cat-191 has-post-thumbnail downloadable shipping-taxable purchasable product-type-simple\">\n\n\t<div class=\"woocommerce-product-gallery woocommerce-product-gallery--with-images woocommerce-product-gallery--columns-4 images\" data-columns=\"4\" style=\"opacity: 0; transition: opacity .25s ease-in-out;\">\n\t<div class=\"woocommerce-product-gallery__wrapper\">\n\t\t<div data-thumb=\"https:\/\/tamerbadr.com\/wp-content\/uploads\/2025\/03\/\u0641\u0636\u0644-\u0627\u0644\u0635\u0628\u0631-\u0639\u0644\u0649-\u0627\u0644\u0628\u0644\u0627\u0621.jpg\" data-thumb-alt=\"\u0643\u062a\u0627\u0628 \u0641\u0636\u0644 \u0627\u0644\u0635\u0628\u0631 \u0639\u0644\u064a \u0627\u0644\u0628\u0644\u0627\u0621\" data-thumb-srcset=\"\"  data-thumb-sizes=\"(max-width: 71px) 100vw, 71px\" class=\"woocommerce-product-gallery__image\"><a href=\"https:\/\/tamerbadr.com\/wp-content\/uploads\/2025\/03\/\u0641\u0636\u0644-\u0627\u0644\u0635\u0628\u0631-\u0639\u0644\u0649-\u0627\u0644\u0628\u0644\u0627\u0621.jpg\"><img fetchpriority=\"high\" decoding=\"async\" width=\"480\" height=\"676\" src=\"https:\/\/tamerbadr.com\/wp-content\/uploads\/2025\/03\/\u0641\u0636\u0644-\u0627\u0644\u0635\u0628\u0631-\u0639\u0644\u0649-\u0627\u0644\u0628\u0644\u0627\u0621.jpg\" class=\"wp-post-image\" alt=\"Kantryb\u0117s doryb\u0117s knyga sunkum\u0173 akivaizdoje\" data-caption=\"\" data-src=\"https:\/\/tamerbadr.com\/wp-content\/uploads\/2025\/03\/\u0641\u0636\u0644-\u0627\u0644\u0635\u0628\u0631-\u0639\u0644\u0649-\u0627\u0644\u0628\u0644\u0627\u0621.jpg\" data-large_image=\"https:\/\/tamerbadr.com\/wp-content\/uploads\/2025\/03\/\u0641\u0636\u0644-\u0627\u0644\u0635\u0628\u0631-\u0639\u0644\u0649-\u0627\u0644\u0628\u0644\u0627\u0621.jpg\" data-large_image_width=\"480\" data-large_image_height=\"676\" \/><\/a><\/div><div data-thumb=\"https:\/\/tamerbadr.com\/wp-content\/uploads\/2025\/03\/\u0645\u0624\u0644\u0641\u0627\u062a-\u062a\u0627\u0645\u0631-\u0628\u062f\u0631-1-6.jpg\" data-thumb-alt=\"\u0643\u062a\u0627\u0628 \u0641\u0636\u0644 \u0627\u0644\u0635\u0628\u0631 \u0639\u0644\u064a \u0627\u0644\u0628\u0644\u0627\u0621 - Paveiksl\u0117lis 2\" data-thumb-srcset=\"\"  data-thumb-sizes=\"(max-width: 92px) 100vw, 92px\" class=\"woocommerce-product-gallery__image\" data-no-translation-data-thumb-alt=\"\"><a href=\"https:\/\/tamerbadr.com\/wp-content\/uploads\/2025\/03\/\u0645\u0624\u0644\u0641\u0627\u062a-\u062a\u0627\u0645\u0631-\u0628\u062f\u0631-1-6.jpg\"><img decoding=\"async\" width=\"389\" height=\"422\" src=\"https:\/\/tamerbadr.com\/wp-content\/uploads\/2025\/03\/\u0645\u0624\u0644\u0641\u0627\u062a-\u062a\u0627\u0645\u0631-\u0628\u062f\u0631-1-6.jpg\" class=\"\" alt=\"\u0643\u062a\u0627\u0628 \u0641\u0636\u0644 \u0627\u0644\u0635\u0628\u0631 \u0639\u0644\u064a \u0627\u0644\u0628\u0644\u0627\u0621 - Paveiksl\u0117lis 2\" data-caption=\"CREATOR: gd-jpeg v1.0 (using IJG JPEG v62), quality = 90\" data-src=\"https:\/\/tamerbadr.com\/wp-content\/uploads\/2025\/03\/\u0645\u0624\u0644\u0641\u0627\u062a-\u062a\u0627\u0645\u0631-\u0628\u062f\u0631-1-6.jpg\" data-large_image=\"https:\/\/tamerbadr.com\/wp-content\/uploads\/2025\/03\/\u0645\u0624\u0644\u0641\u0627\u062a-\u062a\u0627\u0645\u0631-\u0628\u062f\u0631-1-6.jpg\" data-large_image_width=\"389\" data-large_image_height=\"422\" data-no-translation-alt=\"\" \/><\/a><\/div>\t<\/div>\n<\/div>\n\n\t<div class=\"summary entry-summary\">\n\t\t<h1 class=\"product_title entry-title\">Kantryb\u0117s doryb\u0117s knyga sunkum\u0173 akivaizdoje<\/h1><p class=\"price\"><span class=\"woocommerce-Price-amount amount\"><bdi><span class=\"woocommerce-Price-currencySymbol\">Egipto svaro<\/span>40.00<\/bdi><\/span><\/p>\n\n\t\n\t<form class=\"cart\" action=\"\" method=\"post\" enctype='multipart\/form-data' data-trp-original-action=\"\">\n\t\t\n\t\t<div class=\"quantity\">\n\t\t<label class=\"screen-reader-text\" for=\"quantity_6a04d9ac485f9\" data-no-translation=\"\" data-trp-gettext=\"\">produkto kiekis: \u0643\u062a\u0627\u0628 \u0641\u0636\u0644 \u0627\u0644\u0635\u0628\u0631 \u0639\u0644\u064a \u0627\u0644\u0628\u0644\u0627\u0621<\/label>\n\t<input\n\t\ttype=\"number\"\n\t\t\t\tid=\"quantity_6a04d9ac485f9\"\n\t\tclass=\"input-text qty text\"\n\t\tname=\"quantity\"\n\t\tvalue=\"1\"\n\t\taria-label=\"Produkto kiekis\"\n\t\t\t\tmin=\"1\"\n\t\t\t\t\t\t\tstep=\"1\"\n\t\t\tplaceholder=\"\"\n\t\t\tinputmode=\"numeric\"\n\t\t\tautocomplete=\"off\" data-no-translation-aria-label=\"\"\n\t\t\t\/>\n\t<\/div>\n\n\t\t<button type=\"submit\" name=\"add-to-cart\" value=\"19573\" class=\"single_add_to_cart_button button alt\" data-no-translation=\"\" data-trp-gettext=\"\">\u012e krep\u0161el\u012f<\/button>\n\n\t\t\n        <script>\n            document.addEventListener('DOMContentLoaded', function(){\n                document.addEventListener('click', function(event){\n                    if(!event.target.matches('.single_add_to_cart_button')){\n                        return;\n                    }\n\n                    const quantity = document.querySelector('input.qty').value || '1';\n                    const formProductVariation = document.querySelector('form[data-product_variations]')\n                    const variationItem = document.querySelector('.variation_id')\n\n                    let price = 40\n                    if(formProductVariation && variationItem){\n                        try{\n                            const variations = JSON.parse(formProductVariation.dataset.product_variations)\n                            const variationId = variationItem.value\n                            for(const variation of variations){\n                                if(variation.variation_id == Number(variationId)){\n                                    price = variation.display_price\n                                }\n                            }\n                        }\n                        catch{\n                        }\n                    }\n\n                    gtag('event', 'add_to_cart', {\n                        'items': [ {\n                            'item_id':'19573',\n                            'item_name': '\u0643\u062a\u0627\u0628 \u0641\u0636\u0644 \u0627\u0644\u0635\u0628\u0631 \u0639\u0644\u064a \u0627\u0644\u0628\u0644\u0627\u0621',\n                            'list_name': '\u0643\u062a\u0627\u0628 \u0641\u0636\u0644 \u0627\u0644\u0635\u0628\u0631 \u0639\u0644\u064a \u0627\u0644\u0628\u0644\u0627\u0621',\n                            'quantity': quantity,\n                            'price': price,\n                            \"item_category\":\"\u062f\u064a\u0646 \u0625\u0633\u0644\u0627\u0645\u064a\"\n                        }]\n                    });\n                })\n            });\n        <\/script>\n        \t<input type=\"hidden\" name=\"trp-form-language\" value=\"lt\"\/><\/form>\n\n\t\n<div class=\"product_meta\">\n\n\t\n\t\n\t<span class=\"posted_in\">Kategorija: <a href=\"https:\/\/tamerbadr.com\/lt\/produkto-kategorija\/%d8%af%d9%8a%d9%86-%d8%a5%d8%b3%d9%84%d8%a7%d9%85%d9%8a\" rel=\"tag\">Islamo religija<\/a><\/span>\n\t\n\t\n<\/div>\n\t<\/div>\n\n\t\n\t<div class=\"woocommerce-tabs wc-tabs-wrapper\">\n\t\t<ul class=\"tabs wc-tabs\" role=\"tablist\">\n\t\t\t\t\t\t\t<li role=\"presentation\" class=\"description_tab\" id=\"tab-title-description\">\n\t\t\t\t\t<a href=\"#tab-description\" role=\"tab\" aria-controls=\"tab-description\">\n\t\t\t\t\t\tApra\u0161ymas\t\t\t\t\t<\/a>\n\t\t\t\t<\/li>\n\t\t\t\t\t\t\t<li role=\"presentation\" class=\"reviews_tab\" id=\"tab-title-reviews\">\n\t\t\t\t\t<a href=\"#tab-reviews\" role=\"tab\" aria-controls=\"tab-reviews\">\n\t\t\t\t\t\tAtsiliepimai (0)\t\t\t\t\t<\/a>\n\t\t\t\t<\/li>\n\t\t\t\t\t<\/ul>\n\t\t\t\t\t<div class=\"woocommerce-Tabs-panel woocommerce-Tabs-panel--description panel entry-content wc-tab\" id=\"tab-description\" role=\"tabpanel\" aria-labelledby=\"tab-title-description\">\n\t\t\t\t\n\t<h2 data-no-translation=\"\" data-trp-gettext=\"\">Apra\u0161ymas<\/h2>\n\n<h1 style=\"text-align: center;\"><strong>\u0160eicho Muhammado Hassano \u012f\u017eanga \u012f knyg\u0105 \u201eKantryb\u0117s doryb\u0117 sunkum\u0173 akivaizdoje\u201c<\/strong><\/h1>\n<h1 style=\"text-align: center;\">Garb\u0117 Dievui, ir tegul Dievo maldos ir ramyb\u0117 b\u016bna su Dievo Pasiuntiniu, tegul Dievas j\u012f laimina ir suteikia jam ramyb\u0119.<\/h1>\n<h1 style=\"text-align: center;\">Visagalis Alachas kantryb\u0119 pavert\u0117 nepalau\u017eiamu \u017eirgu, nenugalima armija ir nesunaikinama tvirtove. Jis, Visagalis, pasak\u0117, kad kantr\u016bs yra Alacho draugijoje ir Jis juos myli. Kokia garb\u0117!!<\/h1>\n<h1 style=\"text-align: center;\">Visagalis Dievas pasak\u0117: \u201eI\u0161 ties\u0173, Alachas yra su kantriaisiais.\u201c (Al-Baqarah: 153)<\/h1>\n<h1 style=\"text-align: center;\">Visagalis Dievas pasak\u0117: \u201eIr Dievas myli kantrius.\u201c (Al Imran: 146)<\/h1>\n<h1 style=\"text-align: center;\">Ir Jis religijos vadovavim\u0105 pavert\u0117 priklausomu nuo kantryb\u0117s ir tikrumo, tod\u0117l Jis, Visagalis, tar\u0117: \u201eIr Mes i\u0161 j\u0173 i\u0161skyr\u0117me lyderius, vedan\u010dius pagal M\u016bs\u0173 \u012fsakymus, kai jie buvo kantr\u016bs ir pasitik\u0117jo M\u016bs\u0173 \u017eenklais.\u201c [As-Sajdah: 24]<\/h1>\n<h1 style=\"text-align: center;\">Ir Jis surinko kantriams \u0161ias d\u017eiugias naujienas, kuri\u0173 nesurinko kitiems, tod\u0117l Jis, Auk\u0161\u010diausiasis, tar\u0117: \u201eIr Mes tikrai i\u0161bandysime jus baime, badu, turto, gyvybi\u0173 ir vaisi\u0173 praradimu, bet prane\u0161kite ger\u0105 \u017eini\u0105 kantriems (155), kurie, kai juos i\u0161tinka nelaim\u0117, sako: \u201eI\u0161 ties\u0173 mes priklausome Dievui ir i\u0161 ties\u0173 pas J\u012f sugr\u012f\u0161ime.\u201c (156) Tie gaus savo Vie\u0161paties palaiminim\u0105 ir gailestingum\u0105. Ir tai yra tie, kurie yra [teisingai] vedami.\u201c (157) [Al-Baqarah]<\/h1>\n<h1 style=\"text-align: center;\">Tada Visagalis paai\u0161kino kantri\u0173j\u0173 garb\u0119 Rojuje angelais, \u012feinan\u010diais j\u0173 pasveikinti ir sveikinan\u010diais juos, kaip Jis, Visagalis, sak\u0117: \u201eIr angelai \u012feis pas juos pro kiekvienus vartus, [sakydami]: \u201eRamyb\u0117 jums u\u017e tai, k\u0105 kantriai i\u0161tv\u0117r\u0117te. Ir puik\u016bs yra paskutiniai namai!\u201c (Al-Ra&#039;d).<\/h1>\n<h1 style=\"text-align: center;\">Jis apibendrino j\u0173 nuopelnus ir berib\u012f atlyg\u012f sakydamas: \u201eTik kantriems bus suteiktas visas atlygis, be jokio atsiskaitymo.\u201c (Az-Zumar: 10)<\/h1>\n<h1 style=\"text-align: center;\">Taip, kantryb\u0117, kaip rodo jos pavadinimas, yra kart\u0173 skonio, bet jos pasekm\u0117s saldesn\u0117s u\u017e med\u0173.<\/h1>\n<h1 style=\"text-align: center;\">Kas yra kantryb\u0117?<\/h1>\n<h1 style=\"text-align: center;\">Kantryb\u0117 kalbant: tai prevencija ir sulaikymas.<\/h1>\n<h1 style=\"text-align: center;\">Kantryb\u0117, pagal islamo \u012fstatymus, rei\u0161kia susilaikym\u0105 nuo nerimo, lie\u017euvio sulaikym\u0105 nuo skund\u0173 ir gal\u016bni\u0173 sulaikym\u0105 nuo nuod\u0117mi\u0173 darymo.<\/h1>\n<h1 style=\"text-align: center;\">* Jis suskirstytas \u012f tris dalis:<\/h1>\n<h1 style=\"text-align: center;\">Kantryb\u0117 \u012fsakymui. Tai yra kantryb\u0117 paklusnumui.<\/h1>\n<h1 style=\"text-align: center;\">- Ir kantryb\u0117s vengiant to, kas draud\u017eiama. Tai yra kantryb\u0117s vengiant nuod\u0117m\u0117s.<\/h1>\n<h1 style=\"text-align: center;\">- Kantryb\u0117 likimo akivaizdoje. Tai yra kantryb\u0117 susid\u016brus su nelaim\u0117mis ir i\u0161bandymais, kuriuos Visagalis Dievas skyr\u0117 tarnui.<\/h1>\n<h1 style=\"text-align: center;\">Gra\u017ei kantryb\u0117 yra ta, kuri siekia Alacho, Auk\u0161\u010diausiojo, Pa\u010dio Did\u017eiojo, malonumo ne i\u0161 baim\u0117s \u017emoni\u0173, kad jie nepasakyt\u0173, jog jis nekantrus, ar i\u0161 pagra\u017einimo, kad \u017emon\u0117s nepasakyt\u0173, jog jis kantrus. Prie\u0161ingai, jis yra kantrus, tik\u0117damas Alacho sprendimu, tiek geru, tiek blogu, pakeldamas vir\u0161 skausmo ir pakeldamas vir\u0161 skund\u0173.<\/h1>\n<h1 style=\"text-align: center;\">Tyrimo metu nustatyta, kad yra dviej\u0173 tip\u0173 skundai:<\/h1>\n<h1 style=\"text-align: center;\">Skundas Dievui ir skundas i\u0161 Dievo!!<\/h1>\n<h1 style=\"text-align: center;\">O sk\u0173stis Dievui neprie\u0161tarauja kantrybei, kaip Dievas pasak\u0117 Jok\u016bbo pasakojime (ramyb\u0117 jam): \u201eTaigi kantryb\u0117 yra pats tinkamiausias dalykas, ir \u012f Diev\u0105 kreipiamasi pagalbos d\u0117l to, k\u0105 apra\u0161ai.\u201c (Juozapas, 18)<\/h1>\n<h1 style=\"text-align: center;\">Ta\u010diau jis pateik\u0117 skund\u0105 Dievui, sakydamas: \u201eA\u0161 skund\u017eiuosi Dievui tik savo kan\u010dia ir sielvartu\u201c (Juozafas, 86).<\/h1>\n<h1 style=\"text-align: center;\">Visagalis Dievas gyr\u0117 Job\u0105, ramyb\u0117 jam, ta\u010diau jis i\u0161k\u0117l\u0117 savo skund\u0105 Dievui, sakydamas: \u201eIr Jobas, kai \u0161auk\u0117si savo Vie\u0161paties, sak\u0117: \u201eI\u0161 ties\u0173 mane u\u017eklupo nelaim\u0117, o Tu esi Gailestingiausias i\u0161 gailesting\u0173j\u0173.\u201c (Al-Anbiya: 83)<\/h1>\n<h1 style=\"text-align: center;\">I\u0161mintingas tikintis tur\u0117t\u0173 \u017einoti, kad \u0161is pasaulis yra i\u0161bandym\u0173 ir i\u0161bandym\u0173 vieta, o jo d\u017eiaugsmas \u2013 sapnai ir trumpalaikis \u0161e\u0161\u0117lis. Jei jis \u0161iek tiek prajuokina, tai ir verkia. Jei prad\u017eiugina dien\u0105, tai ir li\u016bdina vis\u0105 gyvenim\u0105. Jei suteikia \u0161iek tiek malonumo, tai ilgam j\u012f atima. Ir kiekvienam d\u017eiaugsmui ateina li\u016bdesys!!<\/h1>\n<h1 style=\"text-align: center;\">I\u0161mintingas \u017emogus yra tas, kuris \u017evelgia savo \u012f\u017evalgos akimis ir tik\u0117jimo \u0161viesa ir u\u017etikrintai \u017eino, kad tai, kas j\u012f i\u0161tiko, negal\u0117jo jo nepasteb\u0117ti ir kad tai, kas jo neaptiko, negal\u0117jo jo i\u0161tikti. Tod\u0117l jis ie\u0161ko Visagalio Dievo Knygoje ir Jo Pasiuntinio, te Dievas j\u012f laimina ir suteikia jam ramyb\u0119, sunnoje, kad suprast\u0173 kantryb\u0117s atlyg\u012f.<\/h1>\n<h1 style=\"text-align: center;\">Tada tegul jis u\u017egesina nelaimi\u0173 ir i\u0161bandym\u0173 ugn\u012f \u0161altakrauji\u0161kai, sekdamas nukent\u0117jusi\u0173j\u0173, ypa\u010d Pasiuntini\u0173 ir Prana\u0161\u0173, pavyzd\u017eiu.<\/h1>\n<h1 style=\"text-align: center;\">Tada, jei jis ie\u0161kot\u0173 ir ie\u0161kot\u0173 tarp \u017eem\u0117s \u017emoni\u0173, jis tarp j\u0173 nepamatyt\u0173 nieko, i\u0161skyrus tuos, kurie yra i\u0161tikti mylimo \u017emogaus netekties ar ka\u017eko nemalonaus \u012fvykio!!<\/h1>\n<h1 style=\"text-align: center;\">Kaip mums reikia nuolatinio priminimo metu, kai i\u0161bandym\u0173 ir sunkum\u0173 daug, o patys i\u0161bandymai ir sunkumai yra sunk\u016bs.<\/h1>\n<h1 style=\"text-align: center;\">U\u017e kantryb\u0119 susid\u016brus su sunkumais, u\u017e sunkum\u0173 slypin\u010dios i\u0161minties supratim\u0105, apie sunkum\u0173 r\u016b\u0161is, sekim\u0105 pasiuntini\u0173 ir prana\u0161\u0173 pavyzd\u017eiu ir kitais svarbiais klausimais, susijusiais su \u0161ia kilnia tema.<\/h1>\n<h1 style=\"text-align: center;\">Turiu rankose gra\u017ei\u0105 \u017eini\u0105 \u0161iuo klausimu nuo m\u016bs\u0173 brangaus brolio Tamero Badro. Tegul Dievas atlygina jam gerumu ir padaro mus bei j\u012f tarp kantri\u0173j\u0173, ir tegul Jis prad\u017eiugina m\u016bs\u0173 vis\u0173 akis \u0161ios religijos pergale. Tegul Dievo maldos ir ramyb\u0117 b\u016bna su prana\u0161\u0173 vadu, visa jo \u0161eima ir bendra\u017eygiais.<\/h1>\n<h1 style=\"text-align: center;\">Para\u0161\u0117<\/h1>\n\t\t\t<\/div>\n\t\t\t\t\t<div class=\"woocommerce-Tabs-panel woocommerce-Tabs-panel--reviews panel entry-content wc-tab\" id=\"tab-reviews\" role=\"tabpanel\" aria-labelledby=\"tab-title-reviews\">\n\t\t\t\t<div id=\"reviews\" class=\"woocommerce-Reviews\">\n\t<div id=\"comments\">\n\t\t<h2 class=\"woocommerce-Reviews-title\">\n\t\t\tAtsiliepimai\t\t<\/h2>\n\n\t\t\t\t\t<p class=\"woocommerce-noreviews\" data-no-translation=\"\" data-trp-gettext=\"\">Atsiliepim\u0173 dar n\u0117ra.<\/p>\n\t\t\t<\/div>\n\n\t\t\t<div id=\"review_form_wrapper\">\n\t\t\t<div id=\"review_form\">\n\t\t\t\t\t<div id=\"respond\" class=\"comment-respond\">\n\t\t<span id=\"reply-title\" class=\"comment-reply-title\" role=\"heading\" aria-level=\"3\">B\u016bkite pirmas apra\u0161\u0119s &ldquo;\u0643\u062a\u0627\u0628 \u0641\u0636\u0644 \u0627\u0644\u0635\u0628\u0631 \u0639\u0644\u064a \u0627\u0644\u0628\u0644\u0627\u0621&rdquo;  <small><a rel=\"nofollow\" id=\"cancel-comment-reply-link\" href=\"\/lt\/wp-json\/wp\/v2\/pages\/20137#respond\" style=\"display:none;\">A\u0161 tai gausiu<\/a><\/small><\/span><p class=\"must-log-in\" data-no-translation=\"\" data-trp-gettext=\"\">Nor\u0117dami para\u0161yti atsiliepim\u0105, turite <a href=\"https:\/\/tamerbadr.com\/lt\/\">prisijungti<\/a>.<\/p>\t<\/div><!-- #respond -->\n\t\t\t\t<\/div>\n\t\t<\/div>\n\t\n\t<div class=\"clear\"><\/div>\n<\/div>\n\t\t\t<\/div>\n\t\t\n\t\t\t<\/div>\n\n<\/div>\n\n\t\t\t<\/div>\n\t\t\t<\/div>\t\t\t\t<\/div>\n\t\t\t\t<\/div>\n\t\t\t\t<\/div>\n\t\t\t\t\t<\/div>\n\t\t\t\t<\/div>\n\t\t\t\t<\/div>","protected":false},"excerpt":{"rendered":"","protected":false},"author":1,"featured_media":0,"parent":0,"menu_order":0,"comment_status":"closed","ping_status":"closed","template":"elementor_header_footer","meta":{"_seopress_robots_primary_cat":"","_seopress_titles_title":"","_seopress_titles_desc":"","_seopress_robots_index":"","inline_featured_image":false,"_uf_show_specific_survey":0,"_uf_disable_surveys":false,"footnotes":""},"class_list":["post-20137","page","type-page","status-publish"],"_links":{"self":[{"href":"https:\/\/tamerbadr.com\/lt\/wp-json\/wp\/v2\/pages\/20137","targetHints":{"allow":["GET"]}}],"collection":[{"href":"https:\/\/tamerbadr.com\/lt\/wp-json\/wp\/v2\/pages"}],"about":[{"href":"https:\/\/tamerbadr.com\/lt\/wp-json\/wp\/v2\/types\/page"}],"author":[{"embeddable":true,"href":"https:\/\/tamerbadr.com\/lt\/wp-json\/wp\/v2\/users\/1"}],"replies":[{"embeddable":true,"href":"https:\/\/tamerbadr.com\/lt\/wp-json\/wp\/v2\/comments?post=20137"}],"version-history":[{"count":0,"href":"https:\/\/tamerbadr.com\/lt\/wp-json\/wp\/v2\/pages\/20137\/revisions"}],"wp:attachment":[{"href":"https:\/\/tamerbadr.com\/lt\/wp-json\/wp\/v2\/media?parent=20137"}],"curies":[{"name":"wp","href":"https:\/\/api.w.org\/{rel}","templated":true}]}}