{"id":20127,"date":"2025-03-19T15:33:21","date_gmt":"2025-03-19T15:33:21","guid":{"rendered":"https:\/\/white-ant-267257.hostingersite.com\/?page_id=20127"},"modified":"2025-04-06T08:20:50","modified_gmt":"2025-04-06T08:20:50","slug":"unforgettable-leaders-book","status":"publish","type":"page","link":"https:\/\/tamerbadr.com\/lt\/unforgettable-leaders-book","title":{"rendered":"Knyga \u201eNepamir\u0161tami lyderiai\u201c"},"content":{"rendered":"<div data-elementor-type=\"wp-page\" data-elementor-id=\"20127\" class=\"elementor elementor-20127\" data-elementor-post-type=\"page\">\n\t\t\t\t<div class=\"elementor-element elementor-element-c8c7aab e-flex e-con-boxed e-con e-parent\" data-id=\"c8c7aab\" data-element_type=\"container\">\n\t\t\t\t\t<div class=\"e-con-inner\">\n\t\t<div class=\"elementor-element elementor-element-6483b1a e-con-full e-flex e-con e-child\" data-id=\"6483b1a\" data-element_type=\"container\">\n\t\t\t\t<div class=\"elementor-element elementor-element-6058eb2 elementor-widget elementor-widget-wc-elements\" data-id=\"6058eb2\" data-element_type=\"widget\" data-widget_type=\"wc-elements.default\">\n\t\t\t\t<div class=\"elementor-widget-container\">\n\t\t\t\t\t<div class=\"woocommerce\">\t\t\t<div class=\"single-product\" data-product-page-preselected-id=\"0\">\n\t\t\t\t<div class=\"woocommerce-notices-wrapper\"><\/div><div id=\"product-19581\" class=\"product type-product post-19581 status-publish first instock product_cat-189 has-post-thumbnail downloadable shipping-taxable purchasable product-type-simple\">\n\n\t<div class=\"woocommerce-product-gallery woocommerce-product-gallery--with-images woocommerce-product-gallery--columns-4 images\" data-columns=\"4\" style=\"opacity: 0; transition: opacity .25s ease-in-out;\">\n\t<div class=\"woocommerce-product-gallery__wrapper\">\n\t\t<div data-thumb=\"https:\/\/tamerbadr.com\/wp-content\/uploads\/2025\/03\/\u0642\u0627\u062f\u0629-\u0644\u0627-\u062a\u0646\u0633\u0649--scaled-scaled.jpg\" data-thumb-alt=\"\u0643\u062a\u0627\u0628 \u0642\u0627\u062f\u0629 \u0644\u0627 \u062a\u0646\u0633\u0649\" data-thumb-srcset=\"\"  data-thumb-sizes=\"(max-width: 100px) 100vw, 100px\" class=\"woocommerce-product-gallery__image\"><a href=\"https:\/\/tamerbadr.com\/wp-content\/uploads\/2025\/03\/\u0642\u0627\u062f\u0629-\u0644\u0627-\u062a\u0646\u0633\u0649--scaled-scaled.jpg\"><img fetchpriority=\"high\" decoding=\"async\" width=\"2049\" height=\"1453\" src=\"https:\/\/tamerbadr.com\/wp-content\/uploads\/2025\/03\/\u0642\u0627\u062f\u0629-\u0644\u0627-\u062a\u0646\u0633\u0649--scaled-scaled.jpg\" class=\"wp-post-image\" alt=\"Knyga \u201eNepamir\u0161tami lyderiai\u201c\" data-caption=\"\" data-src=\"https:\/\/tamerbadr.com\/wp-content\/uploads\/2025\/03\/\u0642\u0627\u062f\u0629-\u0644\u0627-\u062a\u0646\u0633\u0649--scaled-scaled.jpg\" data-large_image=\"https:\/\/tamerbadr.com\/wp-content\/uploads\/2025\/03\/\u0642\u0627\u062f\u0629-\u0644\u0627-\u062a\u0646\u0633\u0649--scaled-scaled.jpg\" data-large_image_width=\"2049\" data-large_image_height=\"1453\" \/><\/a><\/div><div data-thumb=\"https:\/\/tamerbadr.com\/wp-content\/uploads\/2025\/03\/\u0642\u0627\u062f\u0629-\u0644\u0627-\u062a\u0646\u0633\u0649.jpeg\" data-thumb-alt=\"\u0643\u062a\u0627\u0628 \u0642\u0627\u062f\u0629 \u0644\u0627 \u062a\u0646\u0633\u0649 - Paveiksl\u0117lis 2\" data-thumb-srcset=\"\"  data-thumb-sizes=\"(max-width: 67px) 100vw, 67px\" class=\"woocommerce-product-gallery__image\" data-no-translation-data-thumb-alt=\"\"><a href=\"https:\/\/tamerbadr.com\/wp-content\/uploads\/2025\/03\/\u0642\u0627\u062f\u0629-\u0644\u0627-\u062a\u0646\u0633\u0649.jpeg\"><img decoding=\"async\" width=\"532\" height=\"796\" src=\"https:\/\/tamerbadr.com\/wp-content\/uploads\/2025\/03\/\u0642\u0627\u062f\u0629-\u0644\u0627-\u062a\u0646\u0633\u0649.jpeg\" class=\"\" alt=\"\u0643\u062a\u0627\u0628 \u0642\u0627\u062f\u0629 \u0644\u0627 \u062a\u0646\u0633\u0649 - Paveiksl\u0117lis 2\" data-caption=\"\" data-src=\"https:\/\/tamerbadr.com\/wp-content\/uploads\/2025\/03\/\u0642\u0627\u062f\u0629-\u0644\u0627-\u062a\u0646\u0633\u0649.jpeg\" data-large_image=\"https:\/\/tamerbadr.com\/wp-content\/uploads\/2025\/03\/\u0642\u0627\u062f\u0629-\u0644\u0627-\u062a\u0646\u0633\u0649.jpeg\" data-large_image_width=\"532\" data-large_image_height=\"796\" data-no-translation-alt=\"\" \/><\/a><\/div><div data-thumb=\"https:\/\/tamerbadr.com\/wp-content\/uploads\/2025\/03\/\u0645\u0624\u0644\u0641\u0627\u062a-\u062a\u0627\u0645\u0631-\u0628\u062f\u0631-1-6.jpg\" data-thumb-alt=\"\u0643\u062a\u0627\u0628 \u0642\u0627\u062f\u0629 \u0644\u0627 \u062a\u0646\u0633\u0649 - Paveiksl\u0117lis 3\" data-thumb-srcset=\"\"  data-thumb-sizes=\"(max-width: 92px) 100vw, 92px\" class=\"woocommerce-product-gallery__image\" data-no-translation-data-thumb-alt=\"\"><a href=\"https:\/\/tamerbadr.com\/wp-content\/uploads\/2025\/03\/\u0645\u0624\u0644\u0641\u0627\u062a-\u062a\u0627\u0645\u0631-\u0628\u062f\u0631-1-6.jpg\"><img decoding=\"async\" width=\"389\" height=\"422\" src=\"https:\/\/tamerbadr.com\/wp-content\/uploads\/2025\/03\/\u0645\u0624\u0644\u0641\u0627\u062a-\u062a\u0627\u0645\u0631-\u0628\u062f\u0631-1-6.jpg\" class=\"\" alt=\"\u0643\u062a\u0627\u0628 \u0642\u0627\u062f\u0629 \u0644\u0627 \u062a\u0646\u0633\u0649 - Paveiksl\u0117lis 3\" data-caption=\"CREATOR: gd-jpeg v1.0 (using IJG JPEG v62), quality = 90\" data-src=\"https:\/\/tamerbadr.com\/wp-content\/uploads\/2025\/03\/\u0645\u0624\u0644\u0641\u0627\u062a-\u062a\u0627\u0645\u0631-\u0628\u062f\u0631-1-6.jpg\" data-large_image=\"https:\/\/tamerbadr.com\/wp-content\/uploads\/2025\/03\/\u0645\u0624\u0644\u0641\u0627\u062a-\u062a\u0627\u0645\u0631-\u0628\u062f\u0631-1-6.jpg\" data-large_image_width=\"389\" data-large_image_height=\"422\" data-no-translation-alt=\"\" \/><\/a><\/div>\t<\/div>\n<\/div>\n\n\t<div class=\"summary entry-summary\">\n\t\t<h1 class=\"product_title entry-title\">Knyga \u201eNepamir\u0161tami lyderiai\u201c<\/h1><p class=\"price\"><span class=\"woocommerce-Price-amount amount\"><bdi><span class=\"woocommerce-Price-currencySymbol\">Egipto svaro<\/span>60.00<\/bdi><\/span><\/p>\n\n\t\n\t<form class=\"cart\" action=\"\" method=\"post\" enctype='multipart\/form-data' data-trp-original-action=\"\">\n\t\t\n\t\t<div class=\"quantity\">\n\t\t<label class=\"screen-reader-text\" for=\"quantity_6a04cbf2ab20f\" data-no-translation=\"\" data-trp-gettext=\"\">produkto kiekis: \u0643\u062a\u0627\u0628 \u0642\u0627\u062f\u0629 \u0644\u0627 \u062a\u0646\u0633\u0649<\/label>\n\t<input\n\t\ttype=\"number\"\n\t\t\t\tid=\"quantity_6a04cbf2ab20f\"\n\t\tclass=\"input-text qty text\"\n\t\tname=\"quantity\"\n\t\tvalue=\"1\"\n\t\taria-label=\"Produkto kiekis\"\n\t\t\t\tmin=\"1\"\n\t\t\t\t\t\t\tstep=\"1\"\n\t\t\tplaceholder=\"\"\n\t\t\tinputmode=\"numeric\"\n\t\t\tautocomplete=\"off\" data-no-translation-aria-label=\"\"\n\t\t\t\/>\n\t<\/div>\n\n\t\t<button type=\"submit\" name=\"add-to-cart\" value=\"19581\" class=\"single_add_to_cart_button button alt\" data-no-translation=\"\" data-trp-gettext=\"\">\u012e krep\u0161el\u012f<\/button>\n\n\t\t\n        <script>\n            document.addEventListener('DOMContentLoaded', function(){\n                document.addEventListener('click', function(event){\n                    if(!event.target.matches('.single_add_to_cart_button')){\n                        return;\n                    }\n\n                    const quantity = document.querySelector('input.qty').value || '1';\n                    const formProductVariation = document.querySelector('form[data-product_variations]')\n                    const variationItem = document.querySelector('.variation_id')\n\n                    let price = 60\n                    if(formProductVariation && variationItem){\n                        try{\n                            const variations = JSON.parse(formProductVariation.dataset.product_variations)\n                            const variationId = variationItem.value\n                            for(const variation of variations){\n                                if(variation.variation_id == Number(variationId)){\n                                    price = variation.display_price\n                                }\n                            }\n                        }\n                        catch{\n                        }\n                    }\n\n                    gtag('event', 'add_to_cart', {\n                        'items': [ {\n                            'item_id':'19581',\n                            'item_name': '\u0643\u062a\u0627\u0628 \u0642\u0627\u062f\u0629 \u0644\u0627 \u062a\u0646\u0633\u0649',\n                            'list_name': '\u0643\u062a\u0627\u0628 \u0642\u0627\u062f\u0629 \u0644\u0627 \u062a\u0646\u0633\u0649',\n                            'quantity': quantity,\n                            'price': price,\n                            \"item_category\":\"\u062a\u0627\u0631\u064a\u062e \u0639\u0633\u0643\u0631\u064a\"\n                        }]\n                    });\n                })\n            });\n        <\/script>\n        \t<input type=\"hidden\" name=\"trp-form-language\" value=\"lt\"\/><\/form>\n\n\t\n<div class=\"product_meta\">\n\n\t\n\t\n\t<span class=\"posted_in\">Kategorija: <a href=\"https:\/\/tamerbadr.com\/lt\/produkto-kategorija\/%d8%aa%d8%a7%d8%b1%d9%8a%d8%ae-%d8%b9%d8%b3%d9%83%d8%b1%d9%8a\" rel=\"tag\">karin\u0117 istorija<\/a><\/span>\n\t\n\t\n<\/div>\n\t<\/div>\n\n\t\n\t<div class=\"woocommerce-tabs wc-tabs-wrapper\">\n\t\t<ul class=\"tabs wc-tabs\" role=\"tablist\">\n\t\t\t\t\t\t\t<li role=\"presentation\" class=\"description_tab\" id=\"tab-title-description\">\n\t\t\t\t\t<a href=\"#tab-description\" role=\"tab\" aria-controls=\"tab-description\">\n\t\t\t\t\t\tApra\u0161ymas\t\t\t\t\t<\/a>\n\t\t\t\t<\/li>\n\t\t\t\t\t\t\t<li role=\"presentation\" class=\"reviews_tab\" id=\"tab-title-reviews\">\n\t\t\t\t\t<a href=\"#tab-reviews\" role=\"tab\" aria-controls=\"tab-reviews\">\n\t\t\t\t\t\tAtsiliepimai (0)\t\t\t\t\t<\/a>\n\t\t\t\t<\/li>\n\t\t\t\t\t<\/ul>\n\t\t\t\t\t<div class=\"woocommerce-Tabs-panel woocommerce-Tabs-panel--description panel entry-content wc-tab\" id=\"tab-description\" role=\"tabpanel\" aria-labelledby=\"tab-title-description\">\n\t\t\t\t\n\t<h2 data-no-translation=\"\" data-trp-gettext=\"\">Apra\u0161ymas<\/h2>\n\n<h1 style=\"text-align: center;\"><strong>Profesoriaus dr. Raghebo El-Sergany \u012f\u017eanga \u012f knyg\u0105 \u201eNepamir\u0161tami lyderiai\u201c<\/strong><\/h1>\n<h1 style=\"text-align: center;\">Islamo tautos istorijoje yra vyr\u0173, kurie nu\u0161viet\u0117 istorij\u0105 tiems, kurie at\u0117jo po j\u0173, vyr\u0173, kurie i\u0161siskyr\u0117 kiekvienoje srityje.<\/h1>\n<h1 style=\"text-align: center;\">Galb\u016bt jokios tautos istorijoje nerasite tiek daug puiki\u0173 asmenybi\u0173. Remiantis Ibn Umaro, teb\u016bnie juo Dievas patenkintas, autoritetu, kuris pasak\u0117: Dievo Pasiuntinys, teb\u016bnie j\u012f palaimintas ir suteik\u0119s jam ramyb\u0119, pasak\u0117: \u201eRasite \u017emoni\u0173, besirenkan\u010di\u0173 \u0161imte viet\u0173, ir n\u0117 vienas vyras neras tarp j\u0173 kalno.\u201c Papasakojo Al-Bukhari ir Muslim.<\/h1>\n<h1 style=\"text-align: center;\">Taigi, i\u0161kili\u0173 vyr\u0173 bendrojoje istorijoje yra nedaug, ta\u010diau daugelis j\u0173 pasirod\u0117 ir pasi\u017eym\u0117jo islamo istorijoje ir islamo civilizacijoje.<\/h1>\n<h1 style=\"text-align: center;\">Islamo valstyb\u0117 gim\u0117 i\u0161 dr\u0105si\u0173, didvyri\u0161k\u0173 mud\u017eahed\u0173. Islamo istorija \u017eino, kiek lyderi\u0173 i\u0161kilo ir ved\u0117 islamo armijas \u012f dideles pergales Visagalio Dievo, o v\u0117liau ir savo genialumo bei dr\u0105sos d\u0117ka!<\/h1>\n<h1 style=\"text-align: center;\">Islame am\u017eius nebuvo lemiamas veiksnys, lemiantis lyderius, o veikiau kompetencija ir geb\u0117jimai. Dievo Pasiuntinys, telaimina j\u012f Dievas ir suteikia jam ramyb\u0119, pasirinko a\u0161tuoniolikmet\u012f Usam\u0105 bin Zaid\u0105 vadovauti armijai kovai su rom\u0117nais, o jam pavald\u016bs buvo Abu Bakras ir Umaras bin Al-Khattabas.<\/h1>\n<h1 style=\"text-align: center;\">Tai, kad pirmasis pri\u0117m\u0117 islam\u0105, taip pat nebuvo lemiamas veiksnys. Dievo Pasiuntinys, telaimina j\u012f Dievas ir suteikia jam ramyb\u0119, paskyr\u0117 Amr ibn al-Aas\u0105 (teb\u016bnie Dievas juo patenkintas) vadovauti vyresniesiems kompanionams Dhat al-Salasilo m\u016b\u0161yje, nors jis \u012f islam\u0105 atsivert\u0117 tik prie\u0161 kelias dienas. Pana\u0161iai ir Khalidas ibn al-Walidas (teb\u016bnie Dievas juo patenkintas) vadovavo vyresniesiems kompanionams Mu&#039;tah m\u016b\u0161yje, nors \u012f islam\u0105 atsivert\u0117 neseniai.<\/h1>\n<h1 style=\"text-align: center;\">Islamo istorijoje lyderi\u0173 atrankos kriterijai buvo objektyv\u016bs ir susij\u0119 tik su kompetencija. Tod\u0117l per vis\u0105 savo istorij\u0105 islamo civilizacija i\u0161ugd\u0117 i\u0161skirtinius lyderius, kurie netur\u0117jo lygi\u0173.<\/h1>\n<h1 style=\"text-align: center;\">Po to musulmonai su\u017einojo, kad jie turi ruo\u0161ti b\u016bsimus lyderius; taigi ir matome jojimo, d\u017eihado ir \u0161audymo i\u0161 lanko mokym\u0173 plitim\u0105.<\/h1>\n<h1 style=\"text-align: center;\">Islamo lyderyst\u0117s istorija kupina gili\u0173 reik\u0161mi\u0173, s\u0105vok\u0173 ir unikali\u0173 asmenybi\u0173; tod\u0117l \u0161i knyga tokia svarbi.<\/h1>\n<h1 style=\"text-align: center;\">Autorius, brolis Tameras Badras \u2013 te apsaugok j\u012f Dievas \u2013 dom\u0117josi musulmon\u0173 lyderi\u0173 biografij\u0173 atsekimu ir pristat\u0117 jas mums...<\/h1>\n<h1 style=\"text-align: center;\">Lengvas, eleganti\u0161kas ir glaustas stilius, kuriame jis i\u0161skyr\u0117 svarbiausius punktus, kuri\u0173 tautai reikia norint suprasti, kaip ji buvo.<\/h1>\n<h1 style=\"text-align: center;\">Lyderiai yra pasiruo\u0161\u0119, kad gal\u0117tum\u0117te i\u0161ugdyti naujas j\u0173 kartas.<\/h1>\n<h1 style=\"text-align: center;\">Kaip autorius mus \u012fpratino ankstesn\u0117je savo knygoje (\u201eNepamir\u0161tamos dienos\u201c), \u0161i knyga jus sudomins savo stiliumi. Prad\u0117j\u0119 j\u0105 skaityti, pajusite poreik\u012f t\u0119sti iki galo.<\/h1>\n<h1 style=\"text-align: center;\">Pra\u0161au Visagalio Dievo priimti autoriaus pastangas kuriant \u0161i\u0105 knyg\u0105, suteikti jai pripa\u017einim\u0105 ir per j\u0105 pad\u0117ti musulmonams. Jis yra to Glob\u0117jas ir gali tai padaryti.<\/h1>\n<h1 style=\"text-align: center;\">\u00a0Prof. dr. Ragheb Al-Sergani<\/h1>\n<h1 style=\"text-align: center;\">Kairas 2011 m. lapkrit\u012f<\/h1>\n\t\t\t<\/div>\n\t\t\t\t\t<div class=\"woocommerce-Tabs-panel woocommerce-Tabs-panel--reviews panel entry-content wc-tab\" id=\"tab-reviews\" role=\"tabpanel\" aria-labelledby=\"tab-title-reviews\">\n\t\t\t\t<div id=\"reviews\" class=\"woocommerce-Reviews\">\n\t<div id=\"comments\">\n\t\t<h2 class=\"woocommerce-Reviews-title\">\n\t\t\tAtsiliepimai\t\t<\/h2>\n\n\t\t\t\t\t<p class=\"woocommerce-noreviews\" data-no-translation=\"\" data-trp-gettext=\"\">Atsiliepim\u0173 dar n\u0117ra.<\/p>\n\t\t\t<\/div>\n\n\t\t\t<div id=\"review_form_wrapper\">\n\t\t\t<div id=\"review_form\">\n\t\t\t\t\t<div id=\"respond\" class=\"comment-respond\">\n\t\t<span id=\"reply-title\" class=\"comment-reply-title\" role=\"heading\" aria-level=\"3\">B\u016bkite pirmas apra\u0161\u0119s &ldquo;\u0643\u062a\u0627\u0628 \u0642\u0627\u062f\u0629 \u0644\u0627 \u062a\u0646\u0633\u0649&rdquo;  <small><a rel=\"nofollow\" id=\"cancel-comment-reply-link\" href=\"\/lt\/wp-json\/wp\/v2\/pages\/20127#respond\" style=\"display:none;\">A\u0161 tai gausiu<\/a><\/small><\/span><p class=\"must-log-in\" data-no-translation=\"\" data-trp-gettext=\"\">Nor\u0117dami para\u0161yti atsiliepim\u0105, turite <a href=\"https:\/\/tamerbadr.com\/lt\/\">prisijungti<\/a>.<\/p>\t<\/div><!-- #respond -->\n\t\t\t\t<\/div>\n\t\t<\/div>\n\t\n\t<div class=\"clear\"><\/div>\n<\/div>\n\t\t\t<\/div>\n\t\t\n\t\t\t<\/div>\n\n\n\t<section class=\"related products\">\n\n\t\t\t\t\t<h2 data-no-translation=\"\" data-trp-gettext=\"\">Pana\u0161\u016bs produktai<\/h2>\n\t\t\t\t<ul class=\"products columns-4\">\n\n\t\t\t\n\t\t\t\t\t<li class=\"product type-product post-19583 status-publish first instock product_cat-189 has-post-thumbnail downloadable shipping-taxable purchasable product-type-simple\">\n\t<a href=\"https:\/\/tamerbadr.com\/lt\/produktas\/the-book-of-islam-and-war\" class=\"woocommerce-LoopProduct-link woocommerce-loop-product__link\"><img loading=\"lazy\" decoding=\"async\" width=\"2049\" height=\"1401\" src=\"https:\/\/tamerbadr.com\/wp-content\/uploads\/2025\/03\/\u0627\u0644\u0625\u0633\u0644\u0627\u0645-\u0648\u0627\u0644\u062d\u0631\u0628-\u063a\u0644\u0627\u0641-scaled-scaled.jpg\" class=\"attachment-woocommerce_thumbnail size-woocommerce_thumbnail\" alt=\"Knyga apie islam\u0105 ir kar\u0105\" \/><h2 class=\"woocommerce-loop-product__title\">Knyga apie islam\u0105 ir kar\u0105<\/h2>\n\t<span class=\"price\"><span class=\"woocommerce-Price-amount amount\"><bdi><span class=\"woocommerce-Price-currencySymbol\">Egipto svaro<\/span>60.00<\/bdi><\/span><\/span>\n<\/a><a href=\"\/lt\/wp-json\/wp\/v2\/pages\/20127?add-to-cart=19583\" aria-describedby=\"woocommerce_loop_add_to_cart_link_describedby_19583\" data-quantity=\"1\" class=\"button product_type_simple add_to_cart_button ajax_add_to_cart\" data-product_id=\"19583\" data-product_sku=\"\" aria-label=\"\u012e krep\u0161el\u012f: \u201e\u0643\u062a\u0627\u0628 \u0627\u0644\u0627\u0633\u0644\u0627\u0645 \u0648\u0627\u0644\u062d\u0631\u0628\u201c\" rel=\"nofollow\" data-success_message=\"\u201e\u0643\u062a\u0627\u0628 \u0627\u0644\u0627\u0633\u0644\u0627\u0645 \u0648\u0627\u0644\u062d\u0631\u0628\u201c buvo \u012fd\u0117tas \u012f j\u016bs\u0173 krep\u0161el\u012f\" data-no-translation=\"\" data-trp-gettext=\"\" data-no-translation-aria-label=\"\" data-no-translation-data-success_message=\"\">\u012e krep\u0161el\u012f<\/a>\t<span id=\"woocommerce_loop_add_to_cart_link_describedby_19583\" class=\"screen-reader-text\">\n\t\t\t<\/span>\n\n        <script>\n            document.addEventListener('DOMContentLoaded', function(){\n                function getParameterByName(name, url) {\n                    name = name.replace(\/[\\[\\]]\/g, '\\$&');\n                    var regex = new RegExp('[?&]' + name + '(=([^&#]*)|&|#|$)'),\n                        results = regex.exec(url);\n                    if (!results) return null;\n                    if (!results[2]) return '';\n                    return decodeURIComponent(results[2].replace(\/\\+\/g, ' '));\n                }\n\n                document.addEventListener('click', function(event){\n                    const namedItem = event.target.attributes.getNamedItem('data-product_id')\n                    if(!event.target.matches('.ajax_add_to_cart')){\n                        return;\n                    }\n\n                    var item_id = null;\n\n                    if(!namedItem){\n                        try{\n                            item_id = getParameterByName('add-to-cart', new URL(event.target.href).search)\n                        }\n                        catch(e){}\n                    }\n                    else{\n                        item_id = namedItem.value\n                    }\n\n                    if(item_id != 19583){\n                        return;\n                    }\n\n                    gtag('event', 'add_to_cart', {'items': [ {\"item_id\":\"19583\",\"item_name\":\"\\u0643\\u062a\\u0627\\u0628 \\u0627\\u0644\\u0627\\u0633\\u0644\\u0627\\u0645 \\u0648\\u0627\\u0644\\u062d\\u0631\\u0628\",\"list_name\":\"\\u0643\\u062a\\u0627\\u0628 \\u0627\\u0644\\u0627\\u0633\\u0644\\u0627\\u0645 \\u0648\\u0627\\u0644\\u062d\\u0631\\u0628\",\"quantity\":1,\"price\":60,\"item_category\":\"\\u062a\\u0627\\u0631\\u064a\\u062e \\u0639\\u0633\\u0643\\u0631\\u064a\"} ]});\n                })\n\n            });\n        <\/script>\n        <\/li>\n\n\t\t\t\n\t\t\t\t\t<li class=\"product type-product post-19575 status-publish instock product_cat-189 has-post-thumbnail downloadable shipping-taxable purchasable product-type-simple\">\n\t<a href=\"https:\/\/tamerbadr.com\/lt\/produktas\/unforgettable-days-book\" class=\"woocommerce-LoopProduct-link woocommerce-loop-product__link\"><img loading=\"lazy\" decoding=\"async\" width=\"2049\" height=\"1453\" src=\"https:\/\/tamerbadr.com\/wp-content\/uploads\/2025\/03\/\u0623\u064a\u0627\u0645-\u0644\u0627-\u062a\u0646\u0633\u0649-scaled-scaled.jpg\" class=\"attachment-woocommerce_thumbnail size-woocommerce_thumbnail\" alt=\"Knyga \u201eNepamir\u0161tamos dienos\u201c\" \/><h2 class=\"woocommerce-loop-product__title\">Knyga \u201eNepamir\u0161tamos dienos\u201c<\/h2>\n\t<span class=\"price\"><span class=\"woocommerce-Price-amount amount\"><bdi><span class=\"woocommerce-Price-currencySymbol\">Egipto svaro<\/span>60.00<\/bdi><\/span><\/span>\n<\/a><a href=\"\/lt\/wp-json\/wp\/v2\/pages\/20127?add-to-cart=19575\" aria-describedby=\"woocommerce_loop_add_to_cart_link_describedby_19575\" data-quantity=\"1\" class=\"button product_type_simple add_to_cart_button ajax_add_to_cart\" data-product_id=\"19575\" data-product_sku=\"\" aria-label=\"\u012e krep\u0161el\u012f: \u201e\u0643\u062a\u0627\u0628 \u0623\u064a\u0627\u0645 \u0644\u0627 \u062a\u0646\u0633\u0649\u201c\" rel=\"nofollow\" data-success_message=\"\u201e\u0643\u062a\u0627\u0628 \u0623\u064a\u0627\u0645 \u0644\u0627 \u062a\u0646\u0633\u0649\u201c buvo \u012fd\u0117tas \u012f j\u016bs\u0173 krep\u0161el\u012f\" data-no-translation=\"\" data-trp-gettext=\"\" data-no-translation-aria-label=\"\" data-no-translation-data-success_message=\"\">\u012e krep\u0161el\u012f<\/a>\t<span id=\"woocommerce_loop_add_to_cart_link_describedby_19575\" class=\"screen-reader-text\">\n\t\t\t<\/span>\n\n        <script>\n            document.addEventListener('DOMContentLoaded', function(){\n                function getParameterByName(name, url) {\n                    name = name.replace(\/[\\[\\]]\/g, '\\$&');\n                    var regex = new RegExp('[?&]' + name + '(=([^&#]*)|&|#|$)'),\n                        results = regex.exec(url);\n                    if (!results) return null;\n                    if (!results[2]) return '';\n                    return decodeURIComponent(results[2].replace(\/\\+\/g, ' '));\n                }\n\n                document.addEventListener('click', function(event){\n                    const namedItem = event.target.attributes.getNamedItem('data-product_id')\n                    if(!event.target.matches('.ajax_add_to_cart')){\n                        return;\n                    }\n\n                    var item_id = null;\n\n                    if(!namedItem){\n                        try{\n                            item_id = getParameterByName('add-to-cart', new URL(event.target.href).search)\n                        }\n                        catch(e){}\n                    }\n                    else{\n                        item_id = namedItem.value\n                    }\n\n                    if(item_id != 19575){\n                        return;\n                    }\n\n                    gtag('event', 'add_to_cart', {'items': [ {\"item_id\":\"19575\",\"item_name\":\"\\u0643\\u062a\\u0627\\u0628 \\u0623\\u064a\\u0627\\u0645 \\u0644\\u0627 \\u062a\\u0646\\u0633\\u0649\",\"list_name\":\"\\u0643\\u062a\\u0627\\u0628 \\u0623\\u064a\\u0627\\u0645 \\u0644\\u0627 \\u062a\\u0646\\u0633\\u0649\",\"quantity\":1,\"price\":60,\"item_category\":\"\\u062a\\u0627\\u0631\\u064a\\u062e \\u0639\\u0633\\u0643\\u0631\\u064a\"} ]});\n                })\n\n            });\n        <\/script>\n        <\/li>\n\n\t\t\t\n\t\t<\/ul>\n\n\t<\/section>\n\t<\/div>\n\n\t\t\t<\/div>\n\t\t\t<\/div>\t\t\t\t<\/div>\n\t\t\t\t<\/div>\n\t\t\t\t<\/div>\n\t\t\t\t\t<\/div>\n\t\t\t\t<\/div>\n\t\t\t\t<\/div>","protected":false},"excerpt":{"rendered":"","protected":false},"author":1,"featured_media":0,"parent":0,"menu_order":0,"comment_status":"closed","ping_status":"closed","template":"elementor_header_footer","meta":{"_seopress_robots_primary_cat":"","_seopress_titles_title":"","_seopress_titles_desc":"","_seopress_robots_index":"","inline_featured_image":false,"_uf_show_specific_survey":0,"_uf_disable_surveys":false,"footnotes":""},"class_list":["post-20127","page","type-page","status-publish"],"_links":{"self":[{"href":"https:\/\/tamerbadr.com\/lt\/wp-json\/wp\/v2\/pages\/20127","targetHints":{"allow":["GET"]}}],"collection":[{"href":"https:\/\/tamerbadr.com\/lt\/wp-json\/wp\/v2\/pages"}],"about":[{"href":"https:\/\/tamerbadr.com\/lt\/wp-json\/wp\/v2\/types\/page"}],"author":[{"embeddable":true,"href":"https:\/\/tamerbadr.com\/lt\/wp-json\/wp\/v2\/users\/1"}],"replies":[{"embeddable":true,"href":"https:\/\/tamerbadr.com\/lt\/wp-json\/wp\/v2\/comments?post=20127"}],"version-history":[{"count":0,"href":"https:\/\/tamerbadr.com\/lt\/wp-json\/wp\/v2\/pages\/20127\/revisions"}],"wp:attachment":[{"href":"https:\/\/tamerbadr.com\/lt\/wp-json\/wp\/v2\/media?parent=20127"}],"curies":[{"name":"wp","href":"https:\/\/api.w.org\/{rel}","templated":true}]}}