{"id":20119,"date":"2025-03-19T15:32:12","date_gmt":"2025-03-19T15:32:12","guid":{"rendered":"https:\/\/white-ant-267257.hostingersite.com\/?page_id=20119"},"modified":"2025-04-06T08:15:00","modified_gmt":"2025-04-06T08:15:00","slug":"unforgettable-countries-book","status":"publish","type":"page","link":"https:\/\/tamerbadr.com\/lt\/unforgettable-countries-book","title":{"rendered":"Nepamir\u0161tamos \u0161alys knyga"},"content":{"rendered":"<div data-elementor-type=\"wp-page\" data-elementor-id=\"20119\" class=\"elementor elementor-20119\" data-elementor-post-type=\"page\">\n\t\t\t\t<div class=\"elementor-element elementor-element-c8c7aab e-flex e-con-boxed e-con e-parent\" data-id=\"c8c7aab\" data-element_type=\"container\">\n\t\t\t\t\t<div class=\"e-con-inner\">\n\t\t<div class=\"elementor-element elementor-element-6483b1a e-con-full e-flex e-con e-child\" data-id=\"6483b1a\" data-element_type=\"container\">\n\t\t\t\t<div class=\"elementor-element elementor-element-6058eb2 elementor-widget elementor-widget-wc-elements\" data-id=\"6058eb2\" data-element_type=\"widget\" data-widget_type=\"wc-elements.default\">\n\t\t\t\t<div class=\"elementor-widget-container\">\n\t\t\t\t\t<div class=\"woocommerce\">\t\t\t<div class=\"single-product\" data-product-page-preselected-id=\"0\">\n\t\t\t\t<div class=\"woocommerce-notices-wrapper\"><\/div><div id=\"product-19582\" class=\"product type-product post-19582 status-publish first instock product_cat-190 has-post-thumbnail downloadable shipping-taxable purchasable product-type-simple\">\n\n\t<div class=\"woocommerce-product-gallery woocommerce-product-gallery--with-images woocommerce-product-gallery--columns-4 images\" data-columns=\"4\" style=\"opacity: 0; transition: opacity .25s ease-in-out;\">\n\t<div class=\"woocommerce-product-gallery__wrapper\">\n\t\t<div data-thumb=\"https:\/\/tamerbadr.com\/wp-content\/uploads\/2025\/03\/\u062f\u0648\u0644-\u0644\u0627-\u062a\u0646\u0633\u0649-scaled-scaled.jpg\" data-thumb-alt=\"\u0643\u062a\u0627\u0628 \u062f\u0648\u0644 \u0644\u0627 \u062a\u0646\u0633\u0649\" data-thumb-srcset=\"\"  data-thumb-sizes=\"(max-width: 100px) 100vw, 100px\" class=\"woocommerce-product-gallery__image\"><a href=\"https:\/\/tamerbadr.com\/wp-content\/uploads\/2025\/03\/\u062f\u0648\u0644-\u0644\u0627-\u062a\u0646\u0633\u0649-scaled-scaled.jpg\"><img fetchpriority=\"high\" decoding=\"async\" width=\"2049\" height=\"1434\" src=\"https:\/\/tamerbadr.com\/wp-content\/uploads\/2025\/03\/\u062f\u0648\u0644-\u0644\u0627-\u062a\u0646\u0633\u0649-scaled-scaled.jpg\" class=\"wp-post-image\" alt=\"Nepamir\u0161tamos \u0161alys knyga\" data-caption=\"\" data-src=\"https:\/\/tamerbadr.com\/wp-content\/uploads\/2025\/03\/\u062f\u0648\u0644-\u0644\u0627-\u062a\u0646\u0633\u0649-scaled-scaled.jpg\" data-large_image=\"https:\/\/tamerbadr.com\/wp-content\/uploads\/2025\/03\/\u062f\u0648\u0644-\u0644\u0627-\u062a\u0646\u0633\u0649-scaled-scaled.jpg\" data-large_image_width=\"2049\" data-large_image_height=\"1434\" \/><\/a><\/div><div data-thumb=\"https:\/\/tamerbadr.com\/wp-content\/uploads\/2025\/03\/\u062f\u0648\u0644-\u0644\u0627-\u062a\u0646\u0633\u0649.jpeg\" data-thumb-alt=\"\u0643\u062a\u0627\u0628 \u062f\u0648\u0644 \u0644\u0627 \u062a\u0646\u0633\u0649 - Paveiksl\u0117lis 2\" data-thumb-srcset=\"\"  data-thumb-sizes=\"(max-width: 70px) 100vw, 70px\" class=\"woocommerce-product-gallery__image\" data-no-translation-data-thumb-alt=\"\"><a href=\"https:\/\/tamerbadr.com\/wp-content\/uploads\/2025\/03\/\u062f\u0648\u0644-\u0644\u0627-\u062a\u0646\u0633\u0649.jpeg\"><img decoding=\"async\" width=\"559\" height=\"799\" src=\"https:\/\/tamerbadr.com\/wp-content\/uploads\/2025\/03\/\u062f\u0648\u0644-\u0644\u0627-\u062a\u0646\u0633\u0649.jpeg\" class=\"\" alt=\"\u0643\u062a\u0627\u0628 \u062f\u0648\u0644 \u0644\u0627 \u062a\u0646\u0633\u0649 - Paveiksl\u0117lis 2\" data-caption=\"\" data-src=\"https:\/\/tamerbadr.com\/wp-content\/uploads\/2025\/03\/\u062f\u0648\u0644-\u0644\u0627-\u062a\u0646\u0633\u0649.jpeg\" data-large_image=\"https:\/\/tamerbadr.com\/wp-content\/uploads\/2025\/03\/\u062f\u0648\u0644-\u0644\u0627-\u062a\u0646\u0633\u0649.jpeg\" data-large_image_width=\"559\" data-large_image_height=\"799\" data-no-translation-alt=\"\" \/><\/a><\/div><div data-thumb=\"https:\/\/tamerbadr.com\/wp-content\/uploads\/2025\/03\/\u0645\u0624\u0644\u0641\u0627\u062a-\u062a\u0627\u0645\u0631-\u0628\u062f\u0631-1-5.jpg\" data-thumb-alt=\"\u0643\u062a\u0627\u0628 \u062f\u0648\u0644 \u0644\u0627 \u062a\u0646\u0633\u0649 - Paveiksl\u0117lis 3\" data-thumb-srcset=\"\"  data-thumb-sizes=\"(max-width: 92px) 100vw, 92px\" class=\"woocommerce-product-gallery__image\" data-no-translation-data-thumb-alt=\"\"><a href=\"https:\/\/tamerbadr.com\/wp-content\/uploads\/2025\/03\/\u0645\u0624\u0644\u0641\u0627\u062a-\u062a\u0627\u0645\u0631-\u0628\u062f\u0631-1-5.jpg\"><img decoding=\"async\" width=\"389\" height=\"422\" src=\"https:\/\/tamerbadr.com\/wp-content\/uploads\/2025\/03\/\u0645\u0624\u0644\u0641\u0627\u062a-\u062a\u0627\u0645\u0631-\u0628\u062f\u0631-1-5.jpg\" class=\"\" alt=\"\u0643\u062a\u0627\u0628 \u062f\u0648\u0644 \u0644\u0627 \u062a\u0646\u0633\u0649 - Paveiksl\u0117lis 3\" data-caption=\"CREATOR: gd-jpeg v1.0 (using IJG JPEG v62), quality = 90\" data-src=\"https:\/\/tamerbadr.com\/wp-content\/uploads\/2025\/03\/\u0645\u0624\u0644\u0641\u0627\u062a-\u062a\u0627\u0645\u0631-\u0628\u062f\u0631-1-5.jpg\" data-large_image=\"https:\/\/tamerbadr.com\/wp-content\/uploads\/2025\/03\/\u0645\u0624\u0644\u0641\u0627\u062a-\u062a\u0627\u0645\u0631-\u0628\u062f\u0631-1-5.jpg\" data-large_image_width=\"389\" data-large_image_height=\"422\" data-no-translation-alt=\"\" \/><\/a><\/div>\t<\/div>\n<\/div>\n\n\t<div class=\"summary entry-summary\">\n\t\t<h1 class=\"product_title entry-title\">Nepamir\u0161tamos \u0161alys knyga<\/h1><p class=\"price\"><span class=\"woocommerce-Price-amount amount\"><bdi><span class=\"woocommerce-Price-currencySymbol\">Egipto svaro<\/span>60.00<\/bdi><\/span><\/p>\n\n\t\n\t<form class=\"cart\" action=\"\" method=\"post\" enctype='multipart\/form-data' data-trp-original-action=\"\">\n\t\t\n\t\t<div class=\"quantity\">\n\t\t<label class=\"screen-reader-text\" for=\"quantity_6a04cc005a9fd\" data-no-translation=\"\" data-trp-gettext=\"\">produkto kiekis: \u0643\u062a\u0627\u0628 \u062f\u0648\u0644 \u0644\u0627 \u062a\u0646\u0633\u0649<\/label>\n\t<input\n\t\ttype=\"number\"\n\t\t\t\tid=\"quantity_6a04cc005a9fd\"\n\t\tclass=\"input-text qty text\"\n\t\tname=\"quantity\"\n\t\tvalue=\"1\"\n\t\taria-label=\"Produkto kiekis\"\n\t\t\t\tmin=\"1\"\n\t\t\t\t\t\t\tstep=\"1\"\n\t\t\tplaceholder=\"\"\n\t\t\tinputmode=\"numeric\"\n\t\t\tautocomplete=\"off\" data-no-translation-aria-label=\"\"\n\t\t\t\/>\n\t<\/div>\n\n\t\t<button type=\"submit\" name=\"add-to-cart\" value=\"19582\" class=\"single_add_to_cart_button button alt\" data-no-translation=\"\" data-trp-gettext=\"\">\u012e krep\u0161el\u012f<\/button>\n\n\t\t\n        <script>\n            document.addEventListener('DOMContentLoaded', function(){\n                document.addEventListener('click', function(event){\n                    if(!event.target.matches('.single_add_to_cart_button')){\n                        return;\n                    }\n\n                    const quantity = document.querySelector('input.qty').value || '1';\n                    const formProductVariation = document.querySelector('form[data-product_variations]')\n                    const variationItem = document.querySelector('.variation_id')\n\n                    let price = 60\n                    if(formProductVariation && variationItem){\n                        try{\n                            const variations = JSON.parse(formProductVariation.dataset.product_variations)\n                            const variationId = variationItem.value\n                            for(const variation of variations){\n                                if(variation.variation_id == Number(variationId)){\n                                    price = variation.display_price\n                                }\n                            }\n                        }\n                        catch{\n                        }\n                    }\n\n                    gtag('event', 'add_to_cart', {\n                        'items': [ {\n                            'item_id':'19582',\n                            'item_name': '\u0643\u062a\u0627\u0628 \u062f\u0648\u0644 \u0644\u0627 \u062a\u0646\u0633\u0649',\n                            'list_name': '\u0643\u062a\u0627\u0628 \u062f\u0648\u0644 \u0644\u0627 \u062a\u0646\u0633\u0649',\n                            'quantity': quantity,\n                            'price': price,\n                            \"item_category\":\"\u062a\u0627\u0631\u064a\u062e \u0625\u0633\u0644\u0627\u0645\u064a\"\n                        }]\n                    });\n                })\n            });\n        <\/script>\n        \t<input type=\"hidden\" name=\"trp-form-language\" value=\"lt\"\/><\/form>\n\n\t\n<div class=\"product_meta\">\n\n\t\n\t\n\t<span class=\"posted_in\">Kategorija: <a href=\"https:\/\/tamerbadr.com\/lt\/produkto-kategorija\/%d8%aa%d8%a7%d8%b1%d9%8a%d8%ae-%d8%a5%d8%b3%d9%84%d8%a7%d9%85%d9%8a\" rel=\"tag\">Islamo istorija<\/a><\/span>\n\t\n\t\n<\/div>\n\t<\/div>\n\n\t\n\t<div class=\"woocommerce-tabs wc-tabs-wrapper\">\n\t\t<ul class=\"tabs wc-tabs\" role=\"tablist\">\n\t\t\t\t\t\t\t<li role=\"presentation\" class=\"description_tab\" id=\"tab-title-description\">\n\t\t\t\t\t<a href=\"#tab-description\" role=\"tab\" aria-controls=\"tab-description\">\n\t\t\t\t\t\tApra\u0161ymas\t\t\t\t\t<\/a>\n\t\t\t\t<\/li>\n\t\t\t\t\t\t\t<li role=\"presentation\" class=\"reviews_tab\" id=\"tab-title-reviews\">\n\t\t\t\t\t<a href=\"#tab-reviews\" role=\"tab\" aria-controls=\"tab-reviews\">\n\t\t\t\t\t\tAtsiliepimai (0)\t\t\t\t\t<\/a>\n\t\t\t\t<\/li>\n\t\t\t\t\t<\/ul>\n\t\t\t\t\t<div class=\"woocommerce-Tabs-panel woocommerce-Tabs-panel--description panel entry-content wc-tab\" id=\"tab-description\" role=\"tabpanel\" aria-labelledby=\"tab-title-description\">\n\t\t\t\t\n\t<h2 data-no-translation=\"\" data-trp-gettext=\"\">Apra\u0161ymas<\/h2>\n\n<h1 style=\"text-align: center;\"><strong>Profesoriaus dr. Raghebo El-Sergany \u012f\u017eanga \u012f knyg\u0105 \u201eNepamir\u0161tamos \u0161alys\u201c<\/strong><\/h1>\n<h1 style=\"text-align: center;\">Daugelis i\u0161kraipytoj\u0173 ir klastotoj\u0173 skleid\u017eia mint\u012f, kad islamo istorijoje n\u0117ra \u0161lovingos praeities, i\u0161skyrus Pasiuntinio (tegul Dievas j\u012f laimina ir suteikia jam ramyb\u0119), Abu Bakro ir Umaro (tegul Dievas jais b\u016bna patenkintas) laikotarpius. \u0160is klastojimas skirtas tik skleisti nusivylim\u0105 musulmon\u0173 \u0161irdyse ir priversti juos jaustis taip, kad j\u0173 sukilimo galimyb\u0117 tapo labai menka ir kad islamo po\u017ei\u016bris nepaj\u0117gus sukurti valstyb\u0117s ar atgaivinti tautos. Visa tai prie\u0161tarauja tiesai ir toli nuo tiesos. Tod\u0117l reikia skubiai paai\u0161kinti skirtingus m\u016bs\u0173 tautos istorijos etapus ir tai, kad tauta, kad ir kokia silpna ji tapt\u0173, v\u0117l pakils, ir jei jos v\u0117liava kris vienoje vietoje, jos v\u0117liavos bus i\u0161keltos kitose vietose. Ir kad Dievo \u012fstatymas yra tas, kad liks nuo\u0161ird\u016bs musulmonai, kurie palaikys \u0161ios tautos reikal\u0105 ir i\u0161saugos jos orum\u0105. Tai yra Dievo Pasiuntinio (tegul Dievas j\u012f laimina ir suteikia jam ramyb\u0119) hadiso tiesa: \u201eMano tautos grup\u0117 visada nugal\u0117s t\u0105, kuris...\u201c<\/h1>\n<h1 style=\"text-align: center;\">Jie puls juos, juos u\u017ekariaudami, ir tie, kurie jiems prie\u0161inasi, jiems nepakenks, kol jiems neateis Alacho \u012fsakymas, ir jie tokie ir liks. (Pasakojo Al-Bukhari ir Muslim)<\/h1>\n<h1 style=\"text-align: center;\">Dievo Pasiuntinys, telaimina j\u012f Dievas ir suteikia jam ramyb\u0119, parodykite mums puik\u0173 pavyzd\u012f, kaip \u012fkurti valstyb\u0119 ir kurti taut\u0105. Taip darydamas, jis susid\u016br\u0117 su tuo metu egzistavusiomis priespaudos j\u0117gomis, kurias reprezentavo Arabijos pusiasalio nei\u0161tikimieji, vadovaujami Mekos nei\u0161tikim\u0173, ir \u017eydai su savo \u012fvairiomis gentimis, taip pat su mil\u017eini\u0161ka Romos imperija. Nepaisant \u0161io siaubingo susid\u016brimo, Visagalis Dievas jam skyr\u0117 pergal\u0119 ir s\u0117km\u0119, kol jo valstyb\u0117 buvo \u012fkurta kaip jauna ir i\u0161didi tauta.<\/h1>\n<h1 style=\"text-align: center;\">Po Alacho Pasiuntinio (ramyb\u0117 ir palaima jam) Teisingai Vedantys Kalifai suk\u016br\u0117 stipri\u0105 ir diding\u0105 valstyb\u0119, kuri sugeb\u0117jo nugriauti Khosrau ir Cezario sostus, i\u0161k\u0117l\u0117 musulmonus \u012f pasaulio prie\u0161ak\u012f ir pranoko visus politi\u0161kai, ekonomi\u0161kai, moksli\u0161kai, kult\u016bri\u0161kai ir moraliai. Prie\u0161 visa tai ir po to ji pranoko juos doktrina, tod\u0117l sugeb\u0117jo reformuoti savo pasaul\u012f savo religija ir pakelti gyvenimo lyg\u012f savo valstyb\u0117je savo Vie\u0161paties \u012fstatymu, ir pasiek\u0117 sud\u0117ting\u0105 lygt\u012f, kuri sujungia laim\u0119 abiejuose pasauliuose: \u0161iame pasaulyje ir pomirtiniame gyvenime.<\/h1>\n<h1 style=\"text-align: center;\">Islamo tautos kelion\u0117 nesustojo ties Teisingai Vadovaujam\u0173 Kalif\u0173 laikais, ji t\u0119s\u0117 savo civilizacijos kelion\u0119 su did\u017eiomis ir kilniomis tautomis, kurios pasiek\u0117 \u0161lov\u0119 ir garb\u0119, ir visur i\u0161k\u0117l\u0117 musulmon\u0173 vard\u0105. Buvo Umajad\u0173 ir Abasid\u0173 kalifatai, Ajubid\u0173 ir Mamluk\u0173 valstyb\u0117s, didysis Osman\u0173 kalifatas ir daugyb\u0117 galing\u0173 taut\u0173 Andal\u016bzijos istorijoje. \u010cia ir ten buvo ir kit\u0173 taut\u0173, kurios pakeit\u0117 \u017emonijos keli\u0105 nuostabiais, teigiamais poky\u010diais, kurie didina \u0161ios mil\u017eini\u0161kos tautos, islamo tautos, garb\u0119.<\/h1>\n<h1 style=\"text-align: center;\">\u0160i nuostabi istorija yra geriausia istorija visame pasaulyje, ta\u010diau apie j\u0105 \u017eino tik nedaugelis \u017emoni\u0173. Deja, net patys musulmonai ne\u017eino \u0161ios \u0161lovingos istorijos. Tod\u0117l labai d\u017eiaugiuosi, kai matau knyg\u0105 ar bet kok\u012f literat\u016bros ar meno k\u016brin\u012f, kuris musulmonams atkuria tikr\u0105j\u012f j\u0173 \u0161lovingos istorijos vaizd\u0105 ir sustiprina j\u0173 pasidid\u017eiavim\u0105 bei garb\u0119 \u0161ioje kilnioje tautoje.<\/h1>\n<h1 style=\"text-align: center;\">Prie\u0161 mus yra viena i\u0161 \u0161i\u0173 verting\u0173 knyg\u0173, kurios autorius ponas Tameras Badras uoliai atsek\u0117 \u012fvairius m\u016bs\u0173 istorijos \u0161lov\u0117s etapus nuo prad\u017eios iki pabaigos, pristatydamas mums kai kuriuos did\u017eiuosius \u0161ios istorijos lobius ir papasakodamas apie keli\u0173 islamo \u0161ali\u0173, kurios i\u0161k\u0117l\u0117 musulmon\u0173 vard\u0105 auk\u0161tai danguje, istorij\u0105.<\/h1>\n<h1 style=\"text-align: center;\">Tai gra\u017ei knyga, eleganti\u0161kai para\u0161yta ir gra\u017eiai pateikta, joje gausu tikslios informacijos ir ji papildo m\u016bs\u0173 islamo bibliotek\u0105 gra\u017eia knyga, kuria did\u017eiuosis kiekvienas musulmonas.<\/h1>\n<h1 style=\"text-align: center;\">Dieve, padaryk, kad \u0161ios pastangos b\u016bt\u0173 geras darbas ra\u0161ytojui, o \u0161ios eilut\u0117s \u2013 geras darbas kiekvienam, kuris jas skaito...<\/h1>\n<h1 style=\"text-align: center;\">Pra\u0161au Dievo \u0161lovinti islam\u0105 ir musulmonus<\/h1>\n<h1 style=\"text-align: center;\">Prof. dr. Ragheb Al-Sergani<\/h1>\n<h1 style=\"text-align: center;\">Kairas, 2012 m. gegu\u017e\u0117<\/h1>\n\t\t\t<\/div>\n\t\t\t\t\t<div class=\"woocommerce-Tabs-panel woocommerce-Tabs-panel--reviews panel entry-content wc-tab\" id=\"tab-reviews\" role=\"tabpanel\" aria-labelledby=\"tab-title-reviews\">\n\t\t\t\t<div id=\"reviews\" class=\"woocommerce-Reviews\">\n\t<div id=\"comments\">\n\t\t<h2 class=\"woocommerce-Reviews-title\">\n\t\t\tAtsiliepimai\t\t<\/h2>\n\n\t\t\t\t\t<p class=\"woocommerce-noreviews\" data-no-translation=\"\" data-trp-gettext=\"\">Atsiliepim\u0173 dar n\u0117ra.<\/p>\n\t\t\t<\/div>\n\n\t\t\t<div id=\"review_form_wrapper\">\n\t\t\t<div id=\"review_form\">\n\t\t\t\t\t<div id=\"respond\" class=\"comment-respond\">\n\t\t<span id=\"reply-title\" class=\"comment-reply-title\" role=\"heading\" aria-level=\"3\">B\u016bkite pirmas apra\u0161\u0119s &ldquo;\u0643\u062a\u0627\u0628 \u062f\u0648\u0644 \u0644\u0627 \u062a\u0646\u0633\u0649&rdquo;  <small><a rel=\"nofollow\" id=\"cancel-comment-reply-link\" href=\"\/lt\/wp-json\/wp\/v2\/pages\/20119#respond\" style=\"display:none;\">A\u0161 tai gausiu<\/a><\/small><\/span><p class=\"must-log-in\" data-no-translation=\"\" data-trp-gettext=\"\">Nor\u0117dami para\u0161yti atsiliepim\u0105, turite <a href=\"https:\/\/tamerbadr.com\/lt\/\">prisijungti<\/a>.<\/p>\t<\/div><!-- #respond -->\n\t\t\t\t<\/div>\n\t\t<\/div>\n\t\n\t<div class=\"clear\"><\/div>\n<\/div>\n\t\t\t<\/div>\n\t\t\n\t\t\t<\/div>\n\n<\/div>\n\n\t\t\t<\/div>\n\t\t\t<\/div>\t\t\t\t<\/div>\n\t\t\t\t<\/div>\n\t\t\t\t<\/div>\n\t\t\t\t\t<\/div>\n\t\t\t\t<\/div>\n\t\t\t\t<\/div>","protected":false},"excerpt":{"rendered":"","protected":false},"author":1,"featured_media":0,"parent":0,"menu_order":0,"comment_status":"closed","ping_status":"closed","template":"elementor_header_footer","meta":{"_seopress_robots_primary_cat":"","_seopress_titles_title":"","_seopress_titles_desc":"","_seopress_robots_index":"","inline_featured_image":false,"_uf_show_specific_survey":0,"_uf_disable_surveys":false,"footnotes":""},"class_list":["post-20119","page","type-page","status-publish"],"_links":{"self":[{"href":"https:\/\/tamerbadr.com\/lt\/wp-json\/wp\/v2\/pages\/20119","targetHints":{"allow":["GET"]}}],"collection":[{"href":"https:\/\/tamerbadr.com\/lt\/wp-json\/wp\/v2\/pages"}],"about":[{"href":"https:\/\/tamerbadr.com\/lt\/wp-json\/wp\/v2\/types\/page"}],"author":[{"embeddable":true,"href":"https:\/\/tamerbadr.com\/lt\/wp-json\/wp\/v2\/users\/1"}],"replies":[{"embeddable":true,"href":"https:\/\/tamerbadr.com\/lt\/wp-json\/wp\/v2\/comments?post=20119"}],"version-history":[{"count":0,"href":"https:\/\/tamerbadr.com\/lt\/wp-json\/wp\/v2\/pages\/20119\/revisions"}],"wp:attachment":[{"href":"https:\/\/tamerbadr.com\/lt\/wp-json\/wp\/v2\/media?parent=20119"}],"curies":[{"name":"wp","href":"https:\/\/api.w.org\/{rel}","templated":true}]}}