{"id":19585,"date":"2025-03-16T21:59:57","date_gmt":"2025-03-16T21:59:57","guid":{"rendered":"https:\/\/white-ant-267257.hostingersite.com\/?post_type=product&#038;p=19585"},"modified":"2025-07-13T07:17:53","modified_gmt":"2025-07-13T07:17:53","slug":"the-book-of-the-characteristics-of-the-shepherd-and-the-flock","status":"publish","type":"product","link":"https:\/\/tamerbadr.com\/it\/prodotto\/the-book-of-the-characteristics-of-the-shepherd-and-the-flock","title":{"rendered":"Il libro del pastore e della pastorella"},"content":{"rendered":"<h1 style=\"text-align: center;\"><strong>Introduzione a Il carattere del pastore e della pastora<\/strong><\/h1>\n<h1 style=\"text-align: center;\">L'Islam ha stabilito un approccio chiaro e completo al rapporto tra il pastore e il gregge, e gli studiosi hanno discusso nei libri di politica islamica ci\u00f2 che riguarda questo rapporto e i doveri e i diritti di entrambe le parti in modo da dimostrare che l'Islam ha un proprio sistema come stile di vita; politicamente, per quanto riguarda il rapporto tra l'imam e il suo gregge di cittadini, la storia islamica non ha conosciuto uno specifico sistema di governo islamico. L'Islam, la legge divina definitiva, non \u00e8 arrivato con un sistema specifico da imporre ai musulmani in ogni tempo e luogo, ma piuttosto con principi generali adatti a ogni tempo e luogo, senza occuparsi di dettagli, metodi e particolari che per loro natura si sviluppano e cambiano in base alle circostanze mutevoli del tempo e del luogo, in modo che ogni nazione tenga conto di ci\u00f2 che si adatta alla sua situazione e ai suoi interessi.<\/h1>\n<h1 style=\"text-align: center;\">Di conseguenza, per quanto riguarda la teoria dello Stato, l'Islam non ha legiferato un sistema politico che non accetta cambiamenti o alterazioni, n\u00e9 \u00e8 entrato nei dettagli con valori finali assoluti, ma ha solo stabilito i principi generali e le regole complessive su cui questa teoria dovrebbe basarsi, in modo che la teoria islamica dello Stato (per quanto riguarda le parti e i dettagli), come tutte le altre teorie politiche islamiche, \u00e8 soggetta a cambiamenti, alterazioni e aggiunte, e le sue formule non sono n\u00e9 finali n\u00e9 definitive, n\u00e9 sono fissate in uno stampo rigido. Come tutte le altre teorie politiche islamiche, \u00e8 soggetta a cambiamenti, alterazioni e aggiunte, e le sue formule non sono n\u00e9 definitive n\u00e9 fissate in uno stampo rigido; l'Islam consente lo sviluppo e la modifica delle teorie politiche, che gli studiosi musulmani si sono sforzati di formulare in base alle esigenze dell'epoca e alle circostanze di tempo e luogo.<\/h1>\n<h1 style=\"text-align: center;\">Coloro che ipotizzano una frattura tra l'Islam e tutte queste idee moderne non comprendono la verit\u00e0 dell'Islam, n\u00e9 leggono la storia del Profeta (che la pace sia su di lui) e dei suoi onorevoli compagni (che Allah si compiaccia di loro) in modo corretto o equo. Per questo motivo lo Stato nell'Islam ha le sue caratteristiche distintive e il sistema di governo nell'Islam ha i suoi fondamenti, come la servit\u00f9 a Dio, la giustizia, la shura e i suoi obblighi, l'uguaglianza, l'obbedienza al governante, l'obbligo di consigliarlo, la responsabilit\u00e0 del governante o del patrono e la sua sottomissione al controllo della magistratura e della nazione, l'unit\u00e0 politica della nazione, la garanzia dei diritti e dei doveri e la libert\u00e0; questi fondamenti sono il nucleo del sistema islamico e i pi\u00f9 espressivi della sua specificit\u00e0; ho cercato il pi\u00f9 possibile di affrontare questo aspetto nel mio libro.<\/h1>\n<h1 style=\"text-align: center;\">Infine: Spero che il mio lavoro sia solo per amore di Allah Onnipotente, che Egli mi ricompensi per ogni lettera che ho scritto e che la inserisca nel bilancio delle mie buone azioni, e che ricompensi i miei fratelli che mi hanno aiutato con tutto quello che avevano per completare questo libro.<\/h1>\n<h1 style=\"text-align: center;\">\"Gloria a Te, testimonio che non c'\u00e8 altro dio all'infuori di Te, ti perdono e mi pento verso di Te, e la nostra ultima supplica \u00e8 che tutta la lode \u00e8 dovuta ad Allah, Signore dei mondi\".<\/h1>\n<h1 style=\"text-align: center;\">Povero per il perdono e per il perdono del suo Signore<\/h1>\n<h1 style=\"text-align: center;\">Ordinare con cautela<\/h1>\n<h1 style=\"text-align: center;\">Domenica 3 Rajab 1440 AH<\/h1>\n<h1 style=\"text-align: center;\">10 marzo 2019<\/h1>","protected":false},"excerpt":{"rendered":"<p>\u0645\u0642\u062f\u0645\u0629 \u0643\u062a\u0627\u0628 \u0635\u0641\u0629 \u0627\u0644\u0631\u0627\u0639\u064a \u0648\u0627\u0644\u0631\u0639\u064a\u0629 \u0644\u0642\u062f \u0648\u0636\u0639 \u0627\u0644\u0625\u0633\u0644\u0627\u0645 \u0645\u0646\u0647\u062c\u064b\u0627 \u0628\u064a\u0651\u0650\u0646\u064b\u0627 \u0648\u0648\u0627\u0641\u064a\u064b\u0627 \u0641\u064a \u0627\u0644\u0639\u0644\u0627\u0642\u0629 \u0628\u064a\u0646 \u0627\u0644\u0631\u0627\u0639\u064a \u0648\u0627\u0644\u0631\u0639\u064a\u0629\u060c \u0648\u0628\u064e\u062d\u064e\u062b\u064e \u0623\u0647\u0644\u064f \u0627\u0644\u0639\u0644\u0645 \u0641\u064a \u0643\u062a\u0628 \u0627\u0644\u0633\u064a\u0627\u0633\u0629 \u0627\u0644\u0634\u0631\u0639\u064a\u0629 \u0645\u0627 \u064a\u062a\u0639\u0644\u0651\u064e\u0642 \u0628\u0647\u0630\u0647 \u0627\u0644\u0639\u0644\u0627\u0642\u0629\u060c \u0648\u0648\u0627\u062c\u0628\u0627\u062a \u0643\u0644 \u0645\u0646 \u0627\u0644\u0637\u0631\u0641\u064a\u0646 \u0648\u062d\u0642\u0648\u0642\u0647 \u0639\u0644\u0649 \u0648\u062c\u0647 \u064a\u064f\u0628\u064e\u064a\u0651\u0650\u0646 \u0623\u0646 \u0627\u0644\u0625\u0633\u0644\u0627\u0645 \u0644\u0647 \u0646\u0638\u0627\u0645\u0647 \u0627\u0644\u062e\u0627\u0635 \u0645\u0646\u0647\u062c\u064b\u0627 \u0644\u0644\u062d\u064a\u0627\u0629\u061b \u0648\u0645\u0646 \u0627\u0644\u0646\u0627\u062d\u064a\u0629 \u0627\u0644\u0633\u064a\u0627\u0633\u064a\u0629 \u0641\u064a\u0645\u0627 \u064a\u062a\u0639\u0644\u0642 \u0628\u0639\u0644\u0627\u0642\u0629 \u0627\u0644\u0625\u0645\u0627\u0645 \u0648\u0631\u0639\u064a\u062a\u0647 \u0645\u0646 \u0627\u0644\u0645\u0648\u0627\u0637\u0646\u064a\u0646 \u0641\u0644\u0645 \u064a\u0639\u0631\u0641 \u0627\u0644\u062a\u0627\u0631\u064a\u062e [&hellip;]<\/p>","protected":false},"featured_media":19692,"comment_status":"open","ping_status":"closed","template":"","meta":{"_seopress_robots_primary_cat":"","_seopress_titles_title":"","_seopress_titles_desc":"","_seopress_robots_index":"","inline_featured_image":false,"_uf_show_specific_survey":0,"_uf_disable_surveys":false},"product_brand":[],"product_cat":[187],"product_tag":[],"class_list":{"0":"post-19585","1":"product","2":"type-product","3":"status-publish","4":"has-post-thumbnail","6":"product_cat-187","8":"first","9":"instock","10":"downloadable","11":"shipping-taxable","12":"purchasable","13":"product-type-simple"},"_links":{"self":[{"href":"https:\/\/tamerbadr.com\/it\/wp-json\/wp\/v2\/product\/19585","targetHints":{"allow":["GET"]}}],"collection":[{"href":"https:\/\/tamerbadr.com\/it\/wp-json\/wp\/v2\/product"}],"about":[{"href":"https:\/\/tamerbadr.com\/it\/wp-json\/wp\/v2\/types\/product"}],"replies":[{"embeddable":true,"href":"https:\/\/tamerbadr.com\/it\/wp-json\/wp\/v2\/comments?post=19585"}],"wp:featuredmedia":[{"embeddable":true,"href":"https:\/\/tamerbadr.com\/it\/wp-json\/wp\/v2\/media\/19692"}],"wp:attachment":[{"href":"https:\/\/tamerbadr.com\/it\/wp-json\/wp\/v2\/media?parent=19585"}],"wp:term":[{"taxonomy":"product_brand","embeddable":true,"href":"https:\/\/tamerbadr.com\/it\/wp-json\/wp\/v2\/product_brand?post=19585"},{"taxonomy":"product_cat","embeddable":true,"href":"https:\/\/tamerbadr.com\/it\/wp-json\/wp\/v2\/product_cat?post=19585"},{"taxonomy":"product_tag","embeddable":true,"href":"https:\/\/tamerbadr.com\/it\/wp-json\/wp\/v2\/product_tag?post=19585"}],"curies":[{"name":"wp","href":"https:\/\/api.w.org\/{rel}","templated":true}]}}