{"id":19584,"date":"2025-03-16T21:58:48","date_gmt":"2025-03-16T21:58:48","guid":{"rendered":"https:\/\/white-ant-267257.hostingersite.com\/?post_type=product&#038;p=19584"},"modified":"2025-07-13T07:18:47","modified_gmt":"2025-07-13T07:18:47","slug":"riyad-as-sunnah-book-from-the-authentic-six-books","status":"publish","type":"product","link":"https:\/\/tamerbadr.com\/it\/prodotto\/riyad-as-sunnah-book-from-the-authentic-six-books","title":{"rendered":"Riyadh al-Sunnah dalla Sahih dei sei libri"},"content":{"rendered":"<h1 style=\"text-align: center;\"><strong>Introduzione a Riyadh al-Sunnah dalla Sahih dei Sei Libri<\/strong><\/h1>\n<h1 style=\"text-align: center;\">La biografia del Profeta \u00e8 la migliore biografia in assoluto, le sue parole sono le migliori parole, la sua guida \u00e8 la migliore guida e il suo discorso \u00e8 il discorso pi\u00f9 vero. Per questo Allah ha ordinato alla sua Ummah di seguire la sua legge e ha vietato loro di disobbedire, dicendo: \"O voi che credete, obbedite ad Allah e obbedite al Messaggero e non invalidate le vostre azioni (33)}. [Surah Muhammad].<\/h1>\n<h1 style=\"text-align: center;\">E l'Eccelso disse: {O voi che credete, obbedite a Dio, obbedite al Messaggero e a coloro che hanno autorit\u00e0 su di voi, e se contestate qualcosa, riferitela a Dio e al Messaggero, se credete in Dio e nell'Ultimo Giorno, questa \u00e8 un'interpretazione migliore e migliore (59)}. [Surat al-Nisa].<\/h1>\n<h1 style=\"text-align: center;\">E l'Eccelso disse: \"Chiunque obbedisca a Dio e al Messaggero \u00e8 tra coloro sui quali Dio ha concesso le Sue benedizioni, tra i profeti, gli amici, i martiri, i giusti e i migliori compagni\" (69). [Surat al-Nisa].<\/h1>\n<h1 style=\"text-align: center;\">Il Profeta (pace e benedizioni di Allah siano su di lui) disse: \"Un uomo sar\u00e0 recluso sul suo divano a parlare di uno dei miei hadith, e dir\u00e0: 'Tra noi e voi c'\u00e8 il Libro di Allah, l'Onnipotente, e il Santo Profeta': Tra noi e voi c'\u00e8 il Libro di Allah, l'Onnipotente, e ci\u00f2 che vi troviamo di lecito lo rendiamo lecito, e ci\u00f2 che vi troviamo di proibito lo proibiamo\". Ed egli dir\u00e0: \"Tra noi e voi c'\u00e8 il Libro di Allah, l'Onnipotente e il Glorioso, e ci\u00f2 che vi troviamo di lecito lo rendiamo lecito, e ci\u00f2 che vi troviamo di proibito lo proibiamo\".<\/h1>\n<h1 style=\"text-align: center;\">[Sahih].           Narrato da (H).          [Sahih al-Jami'ah: 8186].<\/h1>\n<h1 style=\"text-align: center;\">Pertanto, l'Hadith \u00e8 la seconda fonte della legislazione islamica dopo il Sacro Corano. Il Sacro Corano ordinava la preghiera, la zakat, il digiuno e il pellegrinaggio senza dettagli e senza chiarimenti, quindi l'Hadith del Profeta li spiegava in dettaglio e con chiarimenti.<\/h1>\n<h1 style=\"text-align: center;\">Gli hadith del Profeta sono inficiati da molti hadith deboli e non provati, ma c'\u00e8 una grande, sufficiente e consistente quantit\u00e0 di hadith autentici e buoni del Messaggero di Allah (pace e benedizioni di Allah siano su di lui) e dei Compagni (che Allah sia soddisfatto di loro); gli hadith buoni sono di rango inferiore agli hadith autentici, ma sono invocati e utilizzati.<\/h1>\n<h1 style=\"text-align: center;\">Pertanto, ho raccolto in questo libro gli hadith autentici e validi dalle dichiarazioni pi\u00f9 autentiche e famose degli studiosi di hadith, con l'aiuto delle seguenti fonti: (Sahih al-Imam al-Bukhari, Sahih al-Imam Muslim, Sunnah Abu Dawud, Sunnah al-Tirmidhi, Sunnah al-Nisa'i, Sunnah Ibn Majah).<\/h1>\n<h1 style=\"text-align: center;\">Ho selezionato dai sei libri gli hadith corretti e validi sulla base di ci\u00f2 che \u00e8 stato corretto dal grande studioso Sheikh Muhammad Nasser al-Din al-Albani, che Allah abbia misericordia di lui, uno dei pi\u00f9 importanti studiosi musulmani dell'era moderna, Sheikh al-Albani \u00e8 considerato uno dei principali studiosi di hadith che \u00e8 unico nella scienza della correzione e dell'indebolimento.<\/h1>\n<h1 style=\"text-align: center;\">Mentre raccoglievo gli hadith in questo libro, ho tenuto presente l'hadith del Profeta (pace e benedizioni di Allah siano su di lui): \"Riferite di me, anche solo un versetto, e raccontate dei figli di Israele senza imbarazzo, e chiunque menta deliberatamente su di me, che prenda posto dal fuoco\".<\/h1>\n<h1 style=\"text-align: center;\">[Sahih].           Narrato da (kh,t).              [Sahih al-Jami'ah: 2837].<\/h1>\n<h1 style=\"text-align: center;\">Perci\u00f2, in questo libro, ho selezionato gli hadith autentici e validi sulla base di quanto segue:<\/h1>\n<h1 style=\"text-align: center;\">a- Se il dato del hadith e il corpo del hadith sono simili in due o pi\u00f9 narrazioni, come ad esempio:<\/h1>\n<h1 style=\"text-align: center;\">Abu Sa'id al-Khudra (che Allah sia soddisfatto di lui) disse: \"Il Messaggero di Allah (pace e benedizioni di Allah siano su di lui) disse: \"Uno dei vostri migliori profumi \u00e8 il muschio\".<\/h1>\n<h1 style=\"text-align: center;\">[Sahih].           Narrato da (N).           [Sahih al-Jami'ah: 5914].<\/h1>\n<h1 style=\"text-align: center;\">Secondo l'autorit\u00e0 di Abu Sa'id al-Khudri (che Allah sia soddisfatto di lui), il Messaggero di Allah (pace e benedizioni di Allah su di lui) disse: \"Il muschio \u00e8 la pi\u00f9 dolce delle cose buone\".<\/h1>\n<h1 style=\"text-align: center;\">[Sahih].           Narrato da (T, M, N).            [Sahih al-Jami'ah:1032].<\/h1>\n<h1 style=\"text-align: center;\">Ho scelto il secondo hadith a causa delle sue molteplici narrazioni.<\/h1>\n<h1 style=\"text-align: center;\">B- Se due o pi\u00f9 hadith onorevoli sono simili, come ad esempio:<\/h1>\n<h1 style=\"text-align: center;\">\u00c8 stato narrato da Abu Huraira (che Allah sia soddisfatto di lui) che il Messaggero di Allah (pace e benedizioni di Allah siano su di lui) disse: \"Quando l'imam dice: Allah ascolta coloro che Lo lodano. Allora dite: O Allah, nostro Signore, a te la lode. Perch\u00e9 chi concorda con le parole degli angeli, sar\u00e0 perdonato per i suoi peccati passati\".<\/h1>\n<h1 style=\"text-align: center;\">[Sahih].           Narrato da (Kh, M, D, N).      [Sahih al-Jami'ah:705].<\/h1>\n<h1 style=\"text-align: center;\">\u00c8 stato narrato da Abu Sa'id al-Khudra (che Allah si compiaccia di lui) di aver sentito il Messaggero di Allah (pace su di lui) dire: \"Quando l'imam dice: Allah ascolta coloro che Lo lodano. Allora dite: O Allah, nostro Signore, a cui appartiene ogni lode\".<\/h1>\n<h1 style=\"text-align: center;\">[Sahih].           Narrato da (H).          [Sahih al-Jami'ah:706].<\/h1>\n<h1 style=\"text-align: center;\">Sceglievo gli hadith che erano completi e chiari nel loro significato, come nel primo hadith.<\/h1>\n<h1 style=\"text-align: center;\">C- Gli hadith citati nella serie Sahih al-Jame'eh al-Saghir e Sahih al-Salih di Al-Albani [della Musnad dell'Imam Ahmad bin Hanbal, di al-Tabarani, di al-Hakim o di al-Bayhaqi] sono stati sostituiti in questo libro con hadith dalla formulazione simile tratti dai sei libri dei sei Imam (Imam).<\/h1>\n<h1 style=\"text-align: center;\">Ad esempio, l'hadith narrato da Buraydah al-Aslamiyyah (che Allah si compiaccia di lui) dal Profeta (la pace sia su di lui): \"Chi aspetta un insolvente, per ogni giorno che lo aspetta, ha ogni giorno che lo aspetta come carit\u00e0 prima che il debito sia dovuto.\" [Sahih]. Narrato da (Ahmad ibn Hanbal, Ibn Majah). \u00c8 menzionato nel Sahih al-Jami'ah n. [6108], quindi sono solito inserire in questo libro la versione dell'hadith trovata nella Sunnah di Ibn Majah, come in questo hadith.<\/h1>\n<h1 style=\"text-align: center;\">Secondo l'autorit\u00e0 di Buraydat al-Aslami (che Allah sia soddisfatto di lui), il Profeta (pace su di lui) disse: \"Chi aspetta un insolvente, ogni giorno \u00e8 una carit\u00e0 per lui, e chi lo aspetta dopo che si \u00e8 risolto, ogni giorno \u00e8 una carit\u00e0 per lui.\"    [Sahih].    Narrato da Ibn Majah.<\/h1>\n<h1 style=\"text-align: center;\">Gli hadith incompleti contenuti nel Sahih Al-Jame'ee Al-Saghir e nell'Al-Salih Al-Salih di Al-Albani, li ho completati dai libri dei sei imam.<\/h1>\n<h1 style=\"text-align: center;\">Ad esempio, l'hadith: \"Digiunare tre giorni di ogni mese e da Ramadan a Ramadan \u00e8 il digiuno e la rottura del mese\".<\/h1>\n<h1 style=\"text-align: center;\">[Sahih].    Narrato da Abu Qatadah (HAM,M) da Abu Qatadah.      [Sahih al-Jami'ah: 3802].<\/h1>\n<h1 style=\"text-align: center;\">Questo hadith proviene dal Musnad dell'imam Ahmad ibn Hanbal ed \u00e8 incompleto, quindi l'ho integrato con la formula che si trova in Sahih Muslim e l'ho inserito nel libro come segue.<\/h1>\n<h1 style=\"text-align: center;\">\u00c8 stato narrato da Abu Qatadad al-Ansari (che Allah si compiaccia di lui) che al Messaggero di Allah (pace e benedizioni di Allah su di lui) fu chiesto del suo digiuno. Egli disse: \"Il Messaggero di Allah, che Allah lo benedica e gli conceda la pace, si arrabbi\u00f2. Umar (che Allah sia soddisfatto di lui) disse: Abbiamo accettato Allah come Signore, l'Islam come nostra religione, Muhammad come nostro messaggero e il nostro giuramento di fedelt\u00e0 come giuramento di fedelt\u00e0\". Disse: \"Gli \u00e8 stato chiesto del digiuno del giorno. Disse: \"Non digiuna e non rompe il digiuno\". Oppure: \"Non digiuna e non rompe il digiuno\". Disse: Gli fu chiesto di digiunare due giorni e di digiunare un giorno. Disse: \"Chi \u00e8 in grado di farlo?\". Disse: \"Gli fu chiesto di digiunare un giorno e di digiunare due giorni. Disse: \"Vorrei che Allah ci avesse rafforzato per questo\". Disse: \"Gli fu chiesto di digiunare un giorno e di digiunare due giorni. Disse: \"Questo \u00e8 il digiuno di mio fratello Davide, la pace sia con lui\". Disse: Gli fu chiesto di digiunare il luned\u00ec. Disse: \"Questo \u00e8 il giorno in cui sono nato e il giorno in cui mi \u00e8 stato inviato o rivelato\". Disse: \"Digiunare tre giorni su ogni mese e da Ramadan a Ramadan \u00e8 il digiuno di una vita\". disse: \"Digiunare tre giorni su ogni mese e da Ramadan a Ramadan \u00e8 il digiuno di una vita\". Disse: \"Gli fu chiesto di digiunare nel giorno di 'Arafat. Disse: \"Espia gli anni passati e quelli futuri\". Disse: Gli fu chiesto di digiunare nel giorno dell'Ashura. Disse: \"Espia l'anno passato\".<\/h1>\n<h1 style=\"text-align: center;\">[Sahih].           Narrato da (M).            [Sahih al-Jami'ah: 3802].<\/h1>\n<h1 style=\"text-align: center;\">E - La formula di qualsiasi hadith nel libro \u00e8 tratta dal nome del narratore dell'hadith, ad esempio se \u00e8 scritto Narrato da (M, M, D, T, N, E). La formula del hadith \u00e8 simile nei sei libri ed \u00e8 disponibile nei libri di Sheikh Al-Albani, ma la formula del hadith in questo libro \u00e8 tratta da Sahih Muslim, quindi \u00e8 scritta con la prima abbreviazione.<\/h1>\n<h1 style=\"text-align: center;\">Non ho menzionato l'attribuzione negli hadith, tranne il nome del compagno che \u00e8 il pi\u00f9 alto narratore dell'hadith, per facilitare al lettore l'esame del libro senza dilungarsi, dato che molti lettori vogliono leggere solo il corpo dell'hadith.<\/h1>\n<h1 style=\"text-align: center;\">In questo libro non ho trattato gli hadith della biografia del Profeta e dei Compagni (che Allah sia soddisfatto di loro).<\/h1>\n<h1 style=\"text-align: center;\">H- I significati di alcune parole difficili che si trovano negli hadith sono stati inseriti alla fine di ogni pagina per facilitare al lettore la comprensione degli hadith stessi.<\/h1>\n<h1 style=\"text-align: center;\">I- Tutti gli hadith di questo libro sono stati evidenziati in modo da poterli leggere correttamente.<\/h1>\n<h1 style=\"text-align: center;\">Questo libro \u00e8 stato iniziato all'inizio del 2009 e completato nel 2019. Sono i nostri tentativi di servire la nostra grande religione e di sostenere il nostro Profeta (pace e benedizioni su di lui) con ci\u00f2 che ha detto e fatto per il bene dei nostri fratelli, in accordo con le parole dell'Onnipotente: {Avete avuto un buon esempio nel Messaggero di Allah per coloro che sperano in Allah e nell'Ultimo Giorno e ricordano molto Allah} [Al-Ahzab22]. Chiediamo ad Allah Onnipotente di trarne beneficio e di rendere il nostro lavoro sincero al Suo cospetto {O Signore, non punirci se dimentichiamo o commettiamo un errore}.<\/h1>\n<h1 style=\"text-align: center;\">Cairo, 18 Sha'ban 1440 AH<\/h1>\n<h1 style=\"text-align: center;\">Corrispondente al 24 aprile 2019<\/h1>\n<h1 style=\"text-align: center;\">\u00a0\u00a0\u00a0\u00a0\u00a0\u00a0 Tamer Badr<\/h1>","protected":false},"excerpt":{"rendered":"<p>\u0645\u0642\u062f\u0645\u0629 \u0643\u062a\u0627\u0628 \u0631\u064a\u0627\u0636 \u0627\u0644\u0633\u0646\u0629 \u0645\u0646 \u0635\u062d\u064a\u062d \u0627\u0644\u0643\u062a\u0628 \u0627\u0644\u0633\u062a\u0629 \u0625\u0646 \u0633\u064a\u0631\u0629 \u0627\u0644\u0646\u0628\u064a \ufdfa \u0647\u064a \u062e\u064a\u0631 \u0627\u0644\u0633\u064a\u0631 \u0639\u0644\u0649 \u0627\u0644\u0625\u0637\u0644\u0627\u0642\u060c \u0648\u0643\u0644\u0627\u0645\u0647 \ufdfa \u0647\u0648 \u0623\u062d\u0633\u0646 \u0627\u0644\u0643\u0644\u0627\u0645\u060c \u0648\u0647\u062f\u064a\u0647 \u0647\u0648 \u062e\u064a\u0631 \u0627\u0644\u0647\u062f\u064a\u060c \u0648\u062d\u062f\u064a\u062b\u0647 \u0623\u0635\u062f\u0642 \u0627\u0644\u062d\u062f\u064a\u062b \u0635\u0644\u0648\u0627\u062a \u0627\u0644\u0644\u0647 \u0648\u0633\u0644\u0627\u0645\u0647 \u0639\u0644\u064a\u0647\u060c \u0648\u0645\u0646 \u062b\u064e\u0645\u0651\u064e \u0623\u0645\u0631 \u0627\u0644\u0644\u0647 \u0633\u0628\u062d\u0627\u0646\u0647 \u0648\u062a\u0639\u0627\u0644\u0649 \u0623\u0645\u062a\u0647 \u0628\u0627\u062a\u0628\u0627\u0639 \u0634\u0631\u0639\u0647\u060c \u0648\u0646\u0647\u0627\u0647\u0645 \u0639\u064e\u0646\u0652 \u0645\u062e\u0627\u0644\u0641\u062a\u0647\u060c \u0641\u0642\u064e\u0627\u0644\u064e \u062a\u064e\u0639\u064e\u0627\u0644\u064e\u0649: {\u064a\u064e\u0627 \u0623\u064e\u064a\u0651\u064f\u0647\u064e\u0627 \u0627\u0644\u0651\u064e\u0630\u0650\u064a\u0646\u064e \u0622\u0645\u064e\u0646\u064f\u0648\u0627 \u0623\u064e\u0637\u0650\u064a\u0639\u064f\u0648\u0627 \u0627\u0644\u0644\u0651\u064e\u0647\u064e \u0648\u064e\u0623\u064e\u0637\u0650\u064a\u0639\u064f\u0648\u0627 \u0627\u0644\u0631\u0651\u064e\u0633\u064f\u0648\u0644\u064e [&hellip;]<\/p>","protected":false},"featured_media":19691,"comment_status":"open","ping_status":"closed","template":"","meta":{"_seopress_robots_primary_cat":"","_seopress_titles_title":"","_seopress_titles_desc":"","_seopress_robots_index":"","inline_featured_image":false,"_uf_show_specific_survey":0,"_uf_disable_surveys":false},"product_brand":[],"product_cat":[188],"product_tag":[],"class_list":{"0":"post-19584","1":"product","2":"type-product","3":"status-publish","4":"has-post-thumbnail","6":"product_cat-188","8":"first","9":"instock","10":"downloadable","11":"shipping-taxable","12":"purchasable","13":"product-type-simple"},"_links":{"self":[{"href":"https:\/\/tamerbadr.com\/it\/wp-json\/wp\/v2\/product\/19584","targetHints":{"allow":["GET"]}}],"collection":[{"href":"https:\/\/tamerbadr.com\/it\/wp-json\/wp\/v2\/product"}],"about":[{"href":"https:\/\/tamerbadr.com\/it\/wp-json\/wp\/v2\/types\/product"}],"replies":[{"embeddable":true,"href":"https:\/\/tamerbadr.com\/it\/wp-json\/wp\/v2\/comments?post=19584"}],"wp:featuredmedia":[{"embeddable":true,"href":"https:\/\/tamerbadr.com\/it\/wp-json\/wp\/v2\/media\/19691"}],"wp:attachment":[{"href":"https:\/\/tamerbadr.com\/it\/wp-json\/wp\/v2\/media?parent=19584"}],"wp:term":[{"taxonomy":"product_brand","embeddable":true,"href":"https:\/\/tamerbadr.com\/it\/wp-json\/wp\/v2\/product_brand?post=19584"},{"taxonomy":"product_cat","embeddable":true,"href":"https:\/\/tamerbadr.com\/it\/wp-json\/wp\/v2\/product_cat?post=19584"},{"taxonomy":"product_tag","embeddable":true,"href":"https:\/\/tamerbadr.com\/it\/wp-json\/wp\/v2\/product_tag?post=19584"}],"curies":[{"name":"wp","href":"https:\/\/api.w.org\/{rel}","templated":true}]}}