{"id":19583,"date":"2025-03-16T21:57:43","date_gmt":"2025-03-16T21:57:43","guid":{"rendered":"https:\/\/white-ant-267257.hostingersite.com\/?post_type=product&#038;p=19583"},"modified":"2025-07-13T07:20:37","modified_gmt":"2025-07-13T07:20:37","slug":"the-book-of-islam-and-war","status":"publish","type":"product","link":"https:\/\/tamerbadr.com\/it\/prodotto\/the-book-of-islam-and-war","title":{"rendered":"Islam e guerra"},"content":{"rendered":"<h1 style=\"text-align: center;\"><strong>Introduzione all'Islam e alla guerra<\/strong><\/h1>\n<h1 style=\"text-align: center;\">Alla vigilia dell'alba dell'Islam, nella societ\u00e0 della Jahiliyah le guerre erano in pieno svolgimento e la guerra era una delle fonti fisse di reddito per gli arabi.<\/h1>\n<h1 style=\"text-align: center;\">Le guerre della Jahiliyyah sono state combattute semplicemente per il desiderio di saccheggiare o umiliare gli altri, o per motivi banali: la decennale guerra di Bassous fu combattuta per un cammello che aveva rotto un uovo, e la guerra di Dahs e Ghubra che divor\u00f2 il bianco e il verde fu causata da una gara tra due cavalli.<\/h1>\n<h1 style=\"text-align: center;\">L'Islam non \u00e8 venuto per contraddire le leggi universali, l'ingiustizia esiste, la giustizia esiste, la falsit\u00e0 esiste e la verit\u00e0 esiste, e non \u00e8 possibile che due opposti esistano e poi non si scontrino, come ha detto Allah Onnipotente: \"Se non fosse per Allah che spinge gli uomini l'uno contro l'altro, ci sarebbero moschee distrutte, sale di preghiera, preghiere e moschee in cui il nome di Allah \u00e8 frequentemente menzionato\" [Al-Hajj: 40].<\/h1>\n<h1 style=\"text-align: center;\">La guerra, nel linguaggio e nella terminologia, significa un allontanamento dall'origine, che \u00e8 la pace, la tranquillit\u00e0, la stabilit\u00e0, la sicurezza e l'incolumit\u00e0 dell'anima, del s\u00e9, dello spirito, del corpo, del denaro, del bambino e di tutto ci\u00f2 che esiste nella vita per svolgere la funzione per la quale \u00e8 stato creato per s\u00e9 o per il beneficio di un'altra creatura di Dio, quindi la guerra include l'attacco all'anima infallibile senza diritto, con l'uccisione o in altro modo, che influisce negativamente sull'infallibilit\u00e0 dell'attaccato e terrorizza la sua sicurezza fisica e la sua dimora psicologica, qualunque sia il grado di questo attacco, se si tratta di aggressione e ingiustizia. Questo include l'attacco illegale all'anima infallibile, con l'uccisione o in altro modo, che influisce negativamente sull'infallibilit\u00e0 della vittima e terrorizza la sua sicurezza fisica e la sua dimora psicologica, qualunque sia il grado di questa aggressione, se \u00e8 un'aggressione e un'ingiustizia, e se \u00e8 originaria di un terzo, pu\u00f2 essere percepita con il s\u00e9 e il s\u00e9 sul s\u00e9 da parte della persona che commette atti e peccati che la portano nel cerchio della corruzione e della distruzione, che sia totale o parziale e che sia positiva o negativa.<\/h1>\n<h1 style=\"text-align: center;\">\u00c8 importante spiegare la visione islamica della guerra e riassumere questo concetto in alcuni punti chiave.<\/h1>\n<h1 style=\"text-align: center;\">Primo: la pace \u00e8 il fine e l'obiettivo, e la guerra \u00e8 uno dei mezzi per raggiungere la pace, come dice il Sacro Corano:<\/h1>\n<h1 style=\"text-align: center;\">- \"O voi che credete, entrate in pace come un tutt'uno\" [Al-Baqarah: 208].<\/h1>\n<h1 style=\"text-align: center;\">- E se propendete per la pace, propendete per essa e affidatevi a Dio, perch\u00e9 Egli \u00e8 Colui che \u00e8 Onnipresente e Onnisciente [Al-Anfal: 61].<\/h1>\n<h1 style=\"text-align: center;\">- Combattete sulla via di Allah contro coloro che vi combattono e non commettete aggressioni, perch\u00e9 Allah non ama gli aggressori.<\/h1>\n<h1 style=\"text-align: center;\">[Al-Baqarah: 190].<\/h1>\n<h1 style=\"text-align: center;\">- Se vi disobbediscono, non vi combattono e non gettano la pace, Allah non vi ha creato una strada.<\/h1>\n<h1 style=\"text-align: center;\">[Donne: 90].<\/h1>\n<h1 style=\"text-align: center;\">In secondo luogo: La guerra nell'Islam \u00e8 di due tipi:<\/h1>\n<h1 style=\"text-align: center;\">1- Difesa: Proteggere la terra dei musulmani e la loro fede, come dice il Corano:<\/h1>\n<h1 style=\"text-align: center;\">- \"Se qualcuno trasgredisce contro di te, vendicati di lui nello stesso modo in cui ha trasgredito contro di te\" [Al-Baqarah: 194].<\/h1>\n<h1 style=\"text-align: center;\">2- Offensivo: L'obiettivo non \u00e8 invadere, colonizzare, conquistare o costringere i popoli ad abbracciare la religione, ma liberare la loro volont\u00e0 e la loro libert\u00e0 di scegliere la religione giusta. L'obiettivo non \u00e8 conquistare, colonizzare, sottomettere i popoli o costringere le nazioni ad abbracciare la religione, ma liberare la loro volont\u00e0 e la loro libert\u00e0 affinch\u00e9 possano scegliere la vera religione:<\/h1>\n<h1 style=\"text-align: center;\">- \"Non c'\u00e8 costrizione nella religione, poich\u00e9 \u00e8 diventato chiaro ci\u00f2 che \u00e8 giusto e ci\u00f2 che \u00e8 sbagliato\" [Al-Baqarah: 256].<\/h1>\n<h1 style=\"text-align: center;\">- \"E se non fosse per Dio che spinge gli uomini gli uni contro gli altri, la terra sarebbe corrotta\" [Al-Baqarah: 251].<\/h1>\n<h1 style=\"text-align: center;\">Terzo: la severit\u00e0 nei combattimenti non significa crudelt\u00e0, brutalit\u00e0 o ingiustizia.<\/h1>\n<h1 style=\"text-align: center;\">1- Ai musulmani fu ordinato di essere severi nel combattimento, nel senso di determinazione, fermezza e non ritiro, dicendo:<\/h1>\n<h1 style=\"text-align: center;\">- \"O voi che credete, quando incontrerete i miscredenti in anticipo, non fateli tornare indietro\" [Al-Anfal: 15].<\/h1>\n<h1 style=\"text-align: center;\">- \"Quando incontrerete i miscredenti, colpiteli sul collo finch\u00e9 non li avrete affaticati, poi stringete i loro legami.<\/h1>\n<h1 style=\"text-align: center;\">[Muhammad: 47].<\/h1>\n<h1 style=\"text-align: center;\">- \"O Profeta, combatti gli infedeli e gli ipocriti e sii duro con loro\" [Al-Tawbah:73].<\/h1>\n<h1 style=\"text-align: center;\">2- Allo stesso tempo, fu loro ordinato di mostrare misericordia, giustizia e compassione dopo la vittoria:<\/h1>\n<h1 style=\"text-align: center;\">- Nutrono i poveri, gli orfani e i prigionieri [Umano: 8].<\/h1>\n<h1 style=\"text-align: center;\">- \"O manna dopo o riscatto finch\u00e9 la guerra non depone il suo fardello\" [Maometto: 47].<\/h1>\n<h1 style=\"text-align: center;\">Questo era l'aspetto dottrinale e ne abbiamo parlato molto brevemente; rimane l'altro aspetto, quello pratico del militarismo islamico.<\/h1>\n<h1 style=\"text-align: center;\">Quando Dio rivel\u00f2 l'ordine ai musulmani di intraprendere la jihad, non li affid\u00f2 solo alla loro fede. Non li affid\u00f2 alla sola fede, n\u00e9 si accontent\u00f2 del loro morale alto, ma disse loro: \"Preparate per loro ci\u00f2 che siete in grado di fare con la forza e con gli speroni dei vostri cavalli, con i quali terrorizzerete il nemico di Allah e il vostro nemico\" [Al-Anfal: 60] Il comando di preparare qui non si limita alle sole armi. Piuttosto, include la continua organizzazione completa della guerra, materialmente e moralmente, dall'insegnamento della disciplina, della disciplina e dell'ordine, all'addestramento continuo su tutte le armi, allo studio dei piani di guerra, alla conoscenza della geografia delle regioni e dei luoghi. Dal primo momento in cui fu impartito l'ordine di compiere il jihad, il Profeta (pace e benedizioni di Allah siano su di lui) inizi\u00f2 a insegnare ai suoi seguaci e a prepararli alla grande partenza per diffondere la religione negli angoli pi\u00f9 remoti della terra, ma i suoi insegnamenti furono una scuola per laureare grandi leader nel corso dei secoli e delle generazioni.<\/h1>\n<h1 style=\"text-align: center;\">In questo libro passeremo in rassegna la teoria della guerra nell'Islam in tutti i suoi aspetti. Spero che quanto ho scritto sia un modello di ci\u00f2 a cui aspiro e di ci\u00f2 a cui aspirano gli studiosi nello studiare gli eventi della nostra storia militare.<\/h1>\n<h1 style=\"text-align: center;\">Non sono indispensabile per nessuna osservazione che colmi una lacuna che \u00e8 la natura del lavoro umano, e ringrazio in anticipo tutti coloro che hanno contribuito con un'osservazione utile o non mi hanno risparmiato una sincera preghiera in fondo all'invisibile, che Allah riformi le condizioni dei musulmani e li protegga dai mali e dalle lotte, e che Allah preghi il nostro maestro Muhammad, che Allah lo benedica e gli conceda la pace.<\/h1>\n<h1 style=\"text-align: center;\">Infine: Spero che il mio lavoro sia solo per amore di Allah e che Egli mi ricompensi per ogni lettera che ho scritto e la faccia entrare nel bilancio delle mie buone azioni e ricompensi i miei fratelli che mi hanno aiutato con tutto quello che avevano per completare questo libro.<\/h1>\n<h1 style=\"text-align: center;\">\"Gloria a te, o Dio, e lode a te, testimonio che non c'\u00e8 altro dio all'infuori di te, ti perdono e mi pento con te, e la nostra ultima supplica \u00e8 che la lode sia a Dio, Signore dei mondi\".<\/h1>\n<h1 style=\"text-align: center;\">Povero per il perdono e per il perdono del suo Signore<\/h1>\n<h1 style=\"text-align: center;\">Tamer Badr<\/h1>\n<h1 style=\"text-align: center;\">8 Ramadan 1440 AH<\/h1>\n<h1 style=\"text-align: center;\">13 maggio 2019<\/h1>","protected":false},"excerpt":{"rendered":"<p>\u0645\u0642\u062f\u0645\u0629 \u0643\u062a\u0627\u0628 \u0627\u0644\u0627\u0633\u0644\u0627\u0645 \u0648\u0627\u0644\u062d\u0631\u0628 \u0625\u0646 \u0627\u0644\u062d\u0631\u0628 \u0633\u0646\u0629 \u0643\u0648\u0646\u064a\u0629 \u0648\u0642\u062f\u0631 \u0625\u0644\u0647\u064a \u0644\u0627 \u064a\u062e\u0644\u0648 \u0645\u0646\u0647 \u0632\u0645\u0627\u0646 \u0623\u0648 \u0645\u0643\u0627\u0646\u060c \u0641\u0627\u0644\u062d\u0642 \u0648\u0627\u0644\u0628\u0627\u0637\u0644 \u0641\u064a \u0635\u0631\u0627\u0639 \u062f\u0627\u0626\u0645 \u0648\u0642\u062f\u064a\u0645 \u0648\u0645\u0633\u062a\u0645\u0631\u060c \u0648\u0639\u0634\u064a\u0629 \u0628\u0632\u0648\u063a \u0641\u062c\u0631 \u0627\u0644\u0625\u0633\u0644\u0627\u0645 \u0643\u0627\u0646\u062a \u0627\u0644\u062d\u0631\u0648\u0628 \u0641\u064a \u0627\u0644\u0645\u062c\u062a\u0645\u0639 \u0627\u0644\u062c\u0627\u0647\u0644\u064a \u0642\u0627\u0626\u0645\u0629 \u0639\u0644\u0649 \u0642\u062f\u0645 \u0648\u0633\u0627\u0642\u060c \u0628\u0644 \u0643\u0627\u0646\u062a \u0627\u0644\u062d\u0631\u0628 \u0645\u0646 \u0645\u0635\u0627\u062f\u0631 \u0627\u0644\u062f\u062e\u0644 \u0627\u0644\u062b\u0627\u0628\u062a\u0629 \u0639\u0646\u062f \u0627\u0644\u0639\u0631\u0628. \u0648\u062d\u0631\u0648\u0628 \u0627\u0644\u062c\u0627\u0647\u0644\u064a\u0629 \u0643\u0627\u0646\u062a \u062a\u0646\u0634\u0628 \u0644\u0645\u062c\u0631\u062f \u0627\u0644\u0631\u063a\u0628\u0629 \u0641\u064a \u0627\u0644\u0633\u0644\u0628 \u0648\u0627\u0644\u0646\u0647\u0628 \u0623\u0648 [&hellip;]<\/p>","protected":false},"featured_media":19687,"comment_status":"open","ping_status":"closed","template":"","meta":{"_seopress_robots_primary_cat":"","_seopress_titles_title":"","_seopress_titles_desc":"","_seopress_robots_index":"","inline_featured_image":false,"_uf_show_specific_survey":0,"_uf_disable_surveys":false},"product_brand":[],"product_cat":[189],"product_tag":[],"class_list":{"0":"post-19583","1":"product","2":"type-product","3":"status-publish","4":"has-post-thumbnail","6":"product_cat-189","8":"first","9":"instock","10":"downloadable","11":"shipping-taxable","12":"purchasable","13":"product-type-simple"},"_links":{"self":[{"href":"https:\/\/tamerbadr.com\/it\/wp-json\/wp\/v2\/product\/19583","targetHints":{"allow":["GET"]}}],"collection":[{"href":"https:\/\/tamerbadr.com\/it\/wp-json\/wp\/v2\/product"}],"about":[{"href":"https:\/\/tamerbadr.com\/it\/wp-json\/wp\/v2\/types\/product"}],"replies":[{"embeddable":true,"href":"https:\/\/tamerbadr.com\/it\/wp-json\/wp\/v2\/comments?post=19583"}],"wp:featuredmedia":[{"embeddable":true,"href":"https:\/\/tamerbadr.com\/it\/wp-json\/wp\/v2\/media\/19687"}],"wp:attachment":[{"href":"https:\/\/tamerbadr.com\/it\/wp-json\/wp\/v2\/media?parent=19583"}],"wp:term":[{"taxonomy":"product_brand","embeddable":true,"href":"https:\/\/tamerbadr.com\/it\/wp-json\/wp\/v2\/product_brand?post=19583"},{"taxonomy":"product_cat","embeddable":true,"href":"https:\/\/tamerbadr.com\/it\/wp-json\/wp\/v2\/product_cat?post=19583"},{"taxonomy":"product_tag","embeddable":true,"href":"https:\/\/tamerbadr.com\/it\/wp-json\/wp\/v2\/product_tag?post=19583"}],"curies":[{"name":"wp","href":"https:\/\/api.w.org\/{rel}","templated":true}]}}