{"id":19581,"date":"2025-03-16T21:53:58","date_gmt":"2025-03-16T21:53:58","guid":{"rendered":"https:\/\/white-ant-267257.hostingersite.com\/?post_type=product&#038;p=19581"},"modified":"2025-07-13T07:21:59","modified_gmt":"2025-07-13T07:21:59","slug":"unforgettable-leaders-book","status":"publish","type":"product","link":"https:\/\/tamerbadr.com\/it\/prodotto\/unforgettable-leaders-book","title":{"rendered":"Leader indimenticabili"},"content":{"rendered":"<h1 style=\"text-align: center;\"><strong>L'introduzione del dottor Ragheb Al-Sarjani a Leader indimenticabili<\/strong><\/h1>\n<h1 style=\"text-align: center;\">Nella storia della Nation of Islam, ci sono uomini che hanno illuminato la storia per coloro che sono venuti dopo di loro, uomini che si sono distinti in ogni campo.<\/h1>\n<h1 style=\"text-align: center;\">Nella storia di una nazione non si trovano tanti simboli splendenti; Ibn Umar (che Allah sia soddisfatto di lui) disse: Il Messaggero di Allah, che Allah lo benedica e gli conceda la pace, disse: \"Troverete gente come cento trib\u00f9 in cui un uomo non pu\u00f2 trovare un cammello\"). Narrato da al-Bahari e Muslim.<\/h1>\n<h1 style=\"text-align: center;\">Pertanto, gli uomini illustri nella storia generale sono pochi, ma molti di questi pochi sono emersi e si sono distinti nella storia e nella civilt\u00e0 islamica.<\/h1>\n<h1 style=\"text-align: center;\">Lo Stato Islamico \u00e8 nato con eroi e mujahidin coraggiosi, e quanti leader sono emersi e hanno condotto gli eserciti islamici a grandi vittorie, grazie ad Allah Onnipotente, e poi grazie al loro genio e al loro coraggio!<\/h1>\n<h1 style=\"text-align: center;\">Il Messaggero di Allah, che Allah lo benedica e gli conceda la pace, scelse Osama ibn Zayd all'et\u00e0 di diciotto anni per guidare un esercito che combatteva contro i Romani, con Abu Bakr e Umar ibn al-Khattab al suo comando.<\/h1>\n<h1 style=\"text-align: center;\">Il Profeta (pace e benedizioni di Allah siano su di lui) comand\u00f2 ad Amr ibn al-'As (che Allah si compiaccia di lui) di guidare i compagni anziani nella Battaglia delle Catene, mentre egli era entrato nell'Islam solo pochi giorni prima, e Khalid ibn al-Walid (che Allah si compiaccia di lui) guid\u00f2 i compagni anziani nella Battaglia di Mu'ata, mentre egli era un nuovo arrivato nell'Islam.<\/h1>\n<h1 style=\"text-align: center;\">I criteri di selezione dei leader nella storia islamica erano oggettivi e legati esclusivamente alla competenza, motivo per cui la civilt\u00e0 islamica ha prodotto leader eccellenti nel corso della sua storia.<\/h1>\n<h1 style=\"text-align: center;\">In seguito, i musulmani impararono che dovevano preparare i futuri leader, cos\u00ec si diffuse l'addestramento all'equitazione, alla jihad e al tiro con l'arco.<\/h1>\n<h1 style=\"text-align: center;\">La storia della leadership nell'Islam \u00e8 ricca di significati, concetti profondi e personalit\u00e0 di spicco; da qui l'importanza di questo libro.<\/h1>\n<h1 style=\"text-align: center;\">L'autore, il fratello Tamer Badr - che Allah lo protegga - si \u00e8 interessato a rintracciare le biografie dei leader musulmani, e ce le ha presentate in<\/h1>\n<h1 style=\"text-align: center;\">In uno stile facile, aggraziato e conciso, egli estrae i punti pi\u00f9 importanti di cui la Ummah ha bisogno per capire cosa sia stato<\/h1>\n<h1 style=\"text-align: center;\">I leader sono fatti, in modo da poterne produrre nuove generazioni.<\/h1>\n<h1 style=\"text-align: center;\">Come per il suo precedente libro, Giorni indimenticabili, troverete il libro coinvolgente nello stile e, una volta iniziato a leggerlo, vi troverete costretti a continuare fino alla fine.<\/h1>\n<h1 style=\"text-align: center;\">Chiedo ad Allah, l'Onnipotente, di accettare lo sforzo dell'autore nel suo libro, di concedere l'accettazione del libro e di beneficiare i musulmani; Egli \u00e8 il custode di ci\u00f2 e colui che \u00e8 in grado di farlo.<\/h1>\n<h1 style=\"text-align: center;\">\u00a0A. Dott. Ragheb Al-Sarjani<\/h1>\n<h1 style=\"text-align: center;\">Cairo, novembre 2011<\/h1>","protected":false},"excerpt":{"rendered":"<p>\u0645\u0642\u062f\u0645\u0629 \u0627\u0644\u0627\u0633\u062a\u0627\u0630 \u0627\u0644\u062f\u0643\u062a\u0648\u0631 \u0631\u0627\u063a\u0628 \u0627\u0644\u0633\u0631\u062c\u0627\u0646\u064a \u0644\u0643\u062a\u0627\u0628 \u0642\u0627\u062f\u0629 \u0644\u0627 \u062a\u0646\u0633\u0649 \u0641\u064a \u062a\u0627\u0631\u064a\u062e \u0623\u064f\u0645\u0629 \u0627\u0644\u0625\u0633\u0644\u0627\u0645 \u0631\u062c\u0627\u0644 \u0623\u0636\u0627\u0621\u0648\u0627 \u0627\u0644\u062a\u0627\u0631\u064a\u062e \u0644\u0645\u0646 \u062c\u0627\u0621 \u0628\u0639\u062f\u0647\u0645\u060c \u0631\u062c\u0627\u0644 \u062a\u0645\u064a\u0632\u0648\u0627 \u0641\u064a \u0643\u0644 \u0645\u062c\u0627\u0644\u060c \u0648\u0631\u0628\u0645\u0627 \u0644\u0627 \u062a\u062c\u062f \u0641\u064a \u062a\u0627\u0631\u064a\u062e \u0623\u064f\u0645\u0629 \u0645\u0646 \u0627\u0644\u0623\u0645\u0645 \u0647\u0630\u0627 \u0627\u0644\u0639\u062f\u062f \u0645\u0646 \u0627\u0644\u0631\u0645\u0648\u0632 \u0627\u0644\u0644\u0627\u0645\u0639\u0629\u061b \u0641\u0639\u0646 \u0627\u0628\u0646 \u0639\u0645\u0631 \u0631\u0636\u064a \u0627\u0644\u0644\u0647 \u0639\u0646\u0647 \u0642\u0627\u0644: \u0642\u0627\u0644 \u0631\u0633\u0648\u0644 \u0627\u0644\u0644\u0647 \ufdfa: \u00ab\u062a\u064e\u062c\u0650\u062f\u064f\u0648\u0646\u064e \u0627\u0644\u0646\u0651\u064e\u0627\u0633\u064e \u0643\u064e\u0627\u0628\u0650\u0644 \u0645\u0650\u0627\u0626\u064e\u0629\u064d \u0644\u064e\u0627 \u064a\u064e\u062c\u0650\u062f\u064f \u0627\u0644\u0631\u0651\u064e\u062c\u064f\u0644\u064f [&hellip;]<\/p>","protected":false},"featured_media":19693,"comment_status":"open","ping_status":"closed","template":"","meta":{"_seopress_robots_primary_cat":"","_seopress_titles_title":"","_seopress_titles_desc":"","_seopress_robots_index":"","inline_featured_image":false,"_uf_show_specific_survey":0,"_uf_disable_surveys":false},"product_brand":[],"product_cat":[189],"product_tag":[],"class_list":{"0":"post-19581","1":"product","2":"type-product","3":"status-publish","4":"has-post-thumbnail","6":"product_cat-189","8":"first","9":"instock","10":"downloadable","11":"shipping-taxable","12":"purchasable","13":"product-type-simple"},"_links":{"self":[{"href":"https:\/\/tamerbadr.com\/it\/wp-json\/wp\/v2\/product\/19581","targetHints":{"allow":["GET"]}}],"collection":[{"href":"https:\/\/tamerbadr.com\/it\/wp-json\/wp\/v2\/product"}],"about":[{"href":"https:\/\/tamerbadr.com\/it\/wp-json\/wp\/v2\/types\/product"}],"replies":[{"embeddable":true,"href":"https:\/\/tamerbadr.com\/it\/wp-json\/wp\/v2\/comments?post=19581"}],"wp:featuredmedia":[{"embeddable":true,"href":"https:\/\/tamerbadr.com\/it\/wp-json\/wp\/v2\/media\/19693"}],"wp:attachment":[{"href":"https:\/\/tamerbadr.com\/it\/wp-json\/wp\/v2\/media?parent=19581"}],"wp:term":[{"taxonomy":"product_brand","embeddable":true,"href":"https:\/\/tamerbadr.com\/it\/wp-json\/wp\/v2\/product_brand?post=19581"},{"taxonomy":"product_cat","embeddable":true,"href":"https:\/\/tamerbadr.com\/it\/wp-json\/wp\/v2\/product_cat?post=19581"},{"taxonomy":"product_tag","embeddable":true,"href":"https:\/\/tamerbadr.com\/it\/wp-json\/wp\/v2\/product_tag?post=19581"}],"curies":[{"name":"wp","href":"https:\/\/api.w.org\/{rel}","templated":true}]}}