{"id":19575,"date":"2025-03-16T21:38:04","date_gmt":"2025-03-16T21:38:04","guid":{"rendered":"https:\/\/white-ant-267257.hostingersite.com\/?post_type=product&#038;p=19575"},"modified":"2025-07-13T07:22:37","modified_gmt":"2025-07-13T07:22:37","slug":"unforgettable-days-book","status":"publish","type":"product","link":"https:\/\/tamerbadr.com\/it\/prodotto\/unforgettable-days-book","title":{"rendered":"Giorni indimenticabili"},"content":{"rendered":"<h1 style=\"text-align: center;\"><strong>Introduzione del dottor Ragheb al-Sarjani a Giorni indimenticabili<\/strong><\/h1>\n<h1 style=\"text-align: center;\">La storia islamica \u00e8 stata molto trascurata nel corso degli anni e dei secoli e, di conseguenza, molti orientalisti e occidentali hanno manomesso questa storia; cos\u00ec, la storia \u00e8 emersa in un modo molto diverso dalla verit\u00e0 e le lezioni e gli insegnamenti sono andati persi in mezzo a queste distorsioni, rendendo la storia uno studio accademico privo di significato per i lettori.<\/h1>\n<h1 style=\"text-align: center;\">Di fronte a questa spiacevole situazione, alcune persone zelanti sono dovute insorgere per salvare questa lunga storia; anzi, per salvare i giovani musulmani che non hanno trovato una fonte adatta e sicura per leggere la storia della Ummah. Non esagero se dico che il mondo intero - musulmano o non musulmano - ha bisogno di questa gloriosa storia islamica, perch\u00e9 il mondo non ha mai conosciuto uno splendore e un fulgore come quello che abbiamo trovato nella nostra grande storia.<\/h1>\n<h1 style=\"text-align: center;\">Questo libro \u00e8 una di quelle novit\u00e0!<\/h1>\n<h1 style=\"text-align: center;\">\u00c8 un libro prezioso che raccoglie magistralmente un numero enorme di giorni decisivi nella storia della nazione islamica, eppure questa enorme raccolta non ha causato un'analoga enormit\u00e0 nel numero di pagine! Ci\u00f2 indica l'eccezionale maestria dell'autore nel selezionare l'utile da ogni battaglia e l'importante da ogni incontro. Questo \u00e8 forse uno degli aspetti pi\u00f9 importanti che distingue questo libro dagli altri, in quanto l'autore ha una magistrale capacit\u00e0 di essere conciso e mirato, cos\u00ec che si ha la sensazione che leggendo quattro o cinque pagine su una grande battaglia si sia appreso tutto e non si abbia bisogno di altre informazioni, mentre gli specialisti sanno che uno storico pu\u00f2 scrivere interi volumi su tali battaglie!<\/h1>\n<h1 style=\"text-align: center;\">Parte dall'epoca del Profeta, poi salta con una velocit\u00e0 appropriata tra le diverse epoche storiche, come quella dei Rashidi, degli Omayyadi, degli Abbasidi, degli Ayyubidi, dei Mamelucchi e degli Ottomani, e non trascura di viaggiare geograficamente in diverse parti del mondo; raggiunge l'Oriente e parla delle battaglie dell'India, e lascia l'Oriente per l'Occidente per descrivere le battaglie dell'Andalusia!<\/h1>\n<h1 style=\"text-align: center;\">Questo libro si distingue anche per il fatto che parla di molte battaglie di cui molti musulmani non conoscono alcun dettaglio, e non esagero se dico che i musulmani non conoscono il nome delle battaglie! Basta citare, ad esempio, le battaglie di Ain al-Tamr, la conquista di Dibel, la battaglia di Talas, la conquista di Sumnat, la battaglia di Nicopoli, la battaglia di Mohawks e altre battaglie la cui menzione \u00e8 stata dimenticata e le cui pagine sono impolverate, fino a quando questo autore non \u00e8 venuto con onest\u00e0 e attenzione a svelare questi giorni intermedi.<\/h1>\n<h1 style=\"text-align: center;\">Soprattutto, questo prezioso libro \u00e8 caratterizzato da due elementi che lo distinguono da molte delle opere che riempivano la biblioteca islamica, rendendolo unico nel suo campo.<\/h1>\n<h1 style=\"text-align: center;\">Per quanto riguarda la prima cosa: La prima cosa \u00e8 che non si \u00e8 limitato alle vittorie dei musulmani, ma ha citato con grande imparzialit\u00e0 e precisione le principali battaglie in cui i musulmani sono stati sconfitti! Come la Battaglia di Uhud, la Battaglia della Corte dei Martiri, la Battaglia di Aqab e altre sconfitte, e questa \u00e8 in realt\u00e0 una chiara intelligenza dell'autore; evidenzia al lettore la sua onest\u00e0 nel presentare gli eventi, e sottolinea che i giorni sono stati tra le nazioni, e non priva i lettori di beneficiare degli importanti insegnamenti di queste battaglie.<\/h1>\n<h1 style=\"text-align: center;\">La seconda cosa \u00e8 che l'autore non si \u00e8 fermato a raccontare gli eventi come fanno molti autori, ma ha approfondito le questioni e ha cercato i fattori della vittoria e le cause della sconfitta, in modo che il lettore esca dal libro con un'abbondante conoscenza delle ragioni dell'ascesa e della caduta delle nazioni, raggiungendo cos\u00ec l'obiettivo di raccontare la storia; come ci ha mostrato nostro Signore quando ha detto: \"C'era nelle loro storie una lezione per coloro che sono saggi\" [Giuseppe: 111]. In effetti, l'autore ha formulato tutto questo con grande professionalit\u00e0.<\/h1>\n<h1 style=\"text-align: center;\">Infine:<\/h1>\n<h1 style=\"text-align: center;\">Il letteralismo dell'autore non ha impedito al suo stile di essere delicato e bello, per cui le frasi del libro sono aggraziate, le parole sono squisite e la presentazione \u00e8 scorrevole e piacevole, il che ha dato al libro uno splendore e una magnificenza.<\/h1>\n<h1 style=\"text-align: center;\">Anche se so che questo \u00e8 il primo tentativo di scrittura militare dell'autore, sono sicuro che non sar\u00e0 mai l'ultimo, perch\u00e9 le battaglie della storia islamica e i loro dettagli richiedono centinaia di volumi e migliaia di spiegazioni e analisi.<\/h1>\n<h1 style=\"text-align: center;\">Il mio consiglio al signor Tamer Badr \u00e8 di rinnovare sempre la sua intenzione ad ogni libro, in modo che Dio Onnipotente scriva i suoi libri per diffonderli, e gli dia una grande ricompensa e un grande premio.<\/h1>\n<h1 style=\"text-align: center;\">Chiedo ad Allah di rafforzare l'Islam e i musulmani<\/h1>\n<h1 style=\"text-align: center;\">Dott. Ragheb Al-Sarjani<\/h1>","protected":false},"excerpt":{"rendered":"<p>\u0645\u0642\u062f\u0645\u0629 \u0627\u0644\u0627\u0633\u062a\u0627\u0630 \u0627\u0644\u062f\u0643\u062a\u0648\u0631 \u0631\u0627\u063a\u0628 \u0627\u0644\u0633\u0631\u062c\u0627\u0646\u064a \u0644\u0643\u062a\u0627\u0628 \u0623\u064a\u0627\u0645 \u0644\u0627 \u062a\u0646\u0633\u0649 \u0639\u0627\u0646\u064a \u0627\u0644\u062a\u0627\u0631\u064a\u062e \u0627\u0644\u0625\u0633\u0644\u0627\u0645\u064a \u0643\u062b\u064a\u0631\u064b\u0627 \u0645\u0646 \u0627\u0644\u0625\u0647\u0645\u0627\u0644 \u0639\u0644\u0649 \u0645\u062f\u0627\u0631 \u0627\u0644\u0633\u0646\u0648\u0627\u062a \u0648\u0627\u0644\u0642\u0631\u0648\u0646\u060c \u0648\u0643\u0627\u0646\u062a \u0627\u0644\u0646\u062a\u064a\u062c\u0629 \u0623\u0646 \u0639\u0628\u062b \u0643\u062b\u064a\u0631 \u0645\u0646 \u0627\u0644\u0645\u0633\u062a\u0634\u0631\u0642\u064a\u0646 \u0648\u0627\u0644\u0645\u0633\u062a\u063a\u0631\u0628\u064a\u0646 \u0641\u064a \u0647\u0630\u0627 \u0627\u0644\u062a\u0627\u0631\u064a\u062e\u061b \u0648\u0628\u0627\u0644\u062a\u0627\u0644\u064a \u062e\u0631\u062c \u0644\u0646\u0627 \u0627\u0644\u062a\u0627\u0631\u064a\u062e \u0628\u0635\u0648\u0631\u0629 \u0645\u063a\u0627\u064a\u0631\u0629 \u0643\u062b\u064a\u0631\u064b\u0627 \u0639\u0646 \u0627\u0644\u062d\u0642\u064a\u0642\u0629\u060c \u0648\u0627\u0644\u0623\u0646\u0643\u0649 \u0645\u0646 \u0630\u0644\u0643 \u0623\u0646 \u0627\u0644\u062f\u0631\u0648\u0633 \u0648\u0627\u0644\u0639\u0628\u0631 \u062a\u0627\u0647\u062a \u0648\u0633\u0637 \u0647\u0630\u0647 \u0627\u0644\u062a\u062d\u0631\u064a\u0641\u0627\u062a\u060c \u0641\u0635\u0627\u0631 \u0627\u0644\u062a\u0627\u0631\u064a\u062e \u062f\u0631\u0627\u0633\u0629 \u0623\u0643\u0627\u062f\u064a\u0645\u064a\u0629 \u0644\u0627 \u0645\u0639\u0646\u0649 [&hellip;]<\/p>","protected":false},"featured_media":19689,"comment_status":"open","ping_status":"closed","template":"","meta":{"_seopress_robots_primary_cat":"","_seopress_titles_title":"","_seopress_titles_desc":"","_seopress_robots_index":"","inline_featured_image":false,"_uf_show_specific_survey":0,"_uf_disable_surveys":false},"product_brand":[],"product_cat":[189],"product_tag":[],"class_list":{"0":"post-19575","1":"product","2":"type-product","3":"status-publish","4":"has-post-thumbnail","6":"product_cat-189","8":"first","9":"instock","10":"downloadable","11":"shipping-taxable","12":"purchasable","13":"product-type-simple"},"_links":{"self":[{"href":"https:\/\/tamerbadr.com\/it\/wp-json\/wp\/v2\/product\/19575","targetHints":{"allow":["GET"]}}],"collection":[{"href":"https:\/\/tamerbadr.com\/it\/wp-json\/wp\/v2\/product"}],"about":[{"href":"https:\/\/tamerbadr.com\/it\/wp-json\/wp\/v2\/types\/product"}],"replies":[{"embeddable":true,"href":"https:\/\/tamerbadr.com\/it\/wp-json\/wp\/v2\/comments?post=19575"}],"wp:featuredmedia":[{"embeddable":true,"href":"https:\/\/tamerbadr.com\/it\/wp-json\/wp\/v2\/media\/19689"}],"wp:attachment":[{"href":"https:\/\/tamerbadr.com\/it\/wp-json\/wp\/v2\/media?parent=19575"}],"wp:term":[{"taxonomy":"product_brand","embeddable":true,"href":"https:\/\/tamerbadr.com\/it\/wp-json\/wp\/v2\/product_brand?post=19575"},{"taxonomy":"product_cat","embeddable":true,"href":"https:\/\/tamerbadr.com\/it\/wp-json\/wp\/v2\/product_cat?post=19575"},{"taxonomy":"product_tag","embeddable":true,"href":"https:\/\/tamerbadr.com\/it\/wp-json\/wp\/v2\/product_tag?post=19575"}],"curies":[{"name":"wp","href":"https:\/\/api.w.org\/{rel}","templated":true}]}}