{"id":19573,"date":"2025-03-16T21:36:30","date_gmt":"2025-03-16T21:36:30","guid":{"rendered":"https:\/\/white-ant-267257.hostingersite.com\/?post_type=product&#038;p=19573"},"modified":"2025-12-22T11:39:34","modified_gmt":"2025-12-22T11:39:34","slug":"the-book-of-the-virtue-of-patience-in-the-face-of-adversity","status":"publish","type":"product","link":"https:\/\/tamerbadr.com\/it\/prodotto\/the-book-of-the-virtue-of-patience-in-the-face-of-adversity","title":{"rendered":"Le virt\u00f9 della pazienza di fronte alle avversit\u00e0"},"content":{"rendered":"<h1 style=\"text-align: center;\"><strong>L'introduzione dello sceicco Mohammed Hassan al libro La virt\u00f9 della pazienza<\/strong><\/h1>\n<h1 style=\"text-align: center;\">Alhamdulillah, pace e benedizioni sul Messaggero di Allah, che Allah lo benedica e gli conceda la pace.<\/h1>\n<h1 style=\"text-align: center;\">Dio ha fatto della pazienza un esercito inarrestabile, un esercito imbattibile e una fortezza che non pu\u00f2 essere distrutta. Ha detto che coloro che sono pazienti sono in compagnia di Allah ed Egli li ama, e che dignit\u00e0!<\/h1>\n<h1 style=\"text-align: center;\">L'Onnipotente ha detto: Allah \u00e8 con il paziente [Al-Baqarah: 153].<\/h1>\n<h1 style=\"text-align: center;\">Allah ama i pazienti [Al-Imran: 146].<\/h1>\n<h1 style=\"text-align: center;\">Ha fatto dipendere la leadership nella religione dalla pazienza e dalla certezza: \"E abbiamo creato tra loro degli imam che guidano per Nostro ordine quando sono pazienti e hanno fede nei Nostri segni\" [Al-Sajda: 24].<\/h1>\n<h1 style=\"text-align: center;\">Egli raccolse per i pazienti queste liete novelle che non raccolse per gli altri, dicendo: \"Vi metteremo alla prova con cose di paura e di fame e con la penuria di beni, di vite e di frutti\": Vi metteremo alla prova con cose di paura e di fame e con la penuria di beni, di vite e di frutti, e con una buona notizia per i pazienti (155) Coloro che, quando una calamit\u00e0 li colpisce, dicono: \"Noi siamo Allah e a Lui ritorniamo\" (156) Quelli sono coloro che hanno preghiere dal loro Signore e misericordia, e quelli sono coloro che sono guidati (157)\" [Al-Baqarah].<\/h1>\n<h1 style=\"text-align: center;\">Ha poi spiegato l'onore delle persone pazienti in Paradiso, con gli angeli che entrano in Paradiso per salutarle e salutarli, dicendo: E gli angeli entreranno in Paradiso da ogni porta (23) La pace sia su di voi per ci\u00f2 che avete sopportato, perch\u00e9 buona \u00e8 la ricompensa per coloro che sono pazienti (24) ([Al-Ra'd]) [Al-Ra'd].<\/h1>\n<h1 style=\"text-align: center;\">Ha riassunto il loro favore e la loro ricompensa illimitata dicendo: Coloro che sono pazienti riceveranno la loro ricompensa senza alcun calcolo [Al-Zamar: 10].<\/h1>\n<h1 style=\"text-align: center;\">S\u00ec, la pazienza, come il suo nome, \u00e8 amara, ma le sue conseguenze sono pi\u00f9 dolci del miele.<\/h1>\n<h1 style=\"text-align: center;\">Che cos'\u00e8 la pazienza?<\/h1>\n<h1 style=\"text-align: center;\">Pazienza nel linguaggio: \u00c8 la prevenzione e il confinamento.<\/h1>\n<h1 style=\"text-align: center;\">La pazienza \u00e8 un termine giuridico: \u00c8 il freno dell'anima dal panico, il freno della lingua dal lamentarsi e il freno delle membra dal peccare.<\/h1>\n<h1 style=\"text-align: center;\">* \u00c8 suddiviso in tre sezioni:<\/h1>\n<h1 style=\"text-align: center;\">- Pazienza per ci\u00f2 che viene comandato. Cio\u00e8, pazienza nell'obbedienza.<\/h1>\n<h1 style=\"text-align: center;\">- La pazienza del proibito. Cio\u00e8, pazienza contro il peccato.<\/h1>\n<h1 style=\"text-align: center;\">- Pazienza per ci\u00f2 che \u00e8 predestinato. Cio\u00e8, pazienza per le calamit\u00e0 e le prove che Allah ha decretato per lo schiavo.<\/h1>\n<h1 style=\"text-align: center;\">La bella pazienza \u00e8 quella che cerca il volto di Allah, non per paura della gente affinch\u00e9 non dica \"jazza'a\", n\u00e9 per abbellire per amore della gente affinch\u00e9 dica \"pazienza\", ma piuttosto per essere paziente, credendo nel destino buono e cattivo di Allah, trascendendo il dolore e innalzandosi al di sopra della lamentela.<\/h1>\n<h1 style=\"text-align: center;\">Esistono due tipi di reclami:<\/h1>\n<h1 style=\"text-align: center;\">Un reclamo a Dio e un reclamo da parte di Dio!<\/h1>\n<h1 style=\"text-align: center;\">Quanto al lamentarsi con Allah, non \u00e8 in contraddizione con la pazienza, come Allah ha detto di Ya'qub, la pace sia su di lui: \"La pazienza \u00e8 bella e Allah \u00e8 il nostro aiuto contro ci\u00f2 che descrivi\" [Yusuf: 18].<\/h1>\n<h1 style=\"text-align: center;\">Ciononostante, egli si rivolse a Dio dicendo: \"Mi lamento del mio dolore e della mia tristezza solo con Allah\" [Yusuf: 86].<\/h1>\n<h1 style=\"text-align: center;\">Dio Onnipotente lod\u00f2 Giobbe, la pace sia su di lui, eppure egli elev\u00f2 il suo reclamo a Dio, dicendo: \"E Ayyub, quando invoc\u00f2 il suo Signore, disse: \"Sono afflitto dall'angoscia e Tu sei il pi\u00f9 misericordioso dei misericordiosi\"\" [Al-Anbiya: 83].<\/h1>\n<h1 style=\"text-align: center;\">Il credente sano di mente deve sapere che il mondo \u00e8 un luogo di prova e di sperimentazione, e la sua felicit\u00e0 \u00e8 un sogno di sonno, e un'ombra fugace, se ti fa ridere un po', ti fa piangere molto, se ti rende felice per un giorno, ti rende triste per tutta la vita, se ti rende felice per poco, ti rende triste per molto tempo, e per ogni gioia c'\u00e8 un dolore!<\/h1>\n<h1 style=\"text-align: center;\">Il saggio \u00e8 colui che guarda con gli occhi della sua visione e la luce della sua fede e sa con certezza che ci\u00f2 che \u00e8 giusto per lui non sarebbe stato sbagliato per lui e ci\u00f2 che \u00e8 sbagliato per lui non sarebbe stato giusto per lui, quindi guarda il Libro di Allah Onnipotente e la Sunnah del Suo Messaggero (la pace sia su di lui) per scoprire la ricompensa per il paziente.<\/h1>\n<h1 style=\"text-align: center;\">Allora si spenga il fuoco delle calamit\u00e0 e delle prove con la freddezza dell'imitazione del popolo delle afflizioni, guidato dai messaggeri e dai profeti.<\/h1>\n<h1 style=\"text-align: center;\">Allora, se guarder\u00e0 e cercher\u00e0 tra i popoli della terra, non vedr\u00e0 nessuno tra loro che non sia afflitto dalla perdita di una cosa amata o dal verificarsi di una cosa odiata!<\/h1>\n<h1 style=\"text-align: center;\">In un'epoca in cui abbondano le prove e le tribolazioni, abbiamo bisogno di un promemoria costante.<\/h1>\n<h1 style=\"text-align: center;\">Grazie alla pazienza con l'afflizione, all'identificazione della saggezza dell'afflizione, al riconoscimento dei tipi di afflizione, all'esempio dei profeti e degli apostoli e ad altre importanti questioni legate a questo venerabile argomento.<\/h1>\n<h1 style=\"text-align: center;\">Che Allah lo ricompensi bene e faccia di noi e di lui uno dei pazienti, e che Allah faccia chiudere gli occhi a tutti noi per sostenere questa religione, e che Allah preghi, pace e benedizioni siano sull'Imam dei Profeti e sulla sua famiglia e i suoi compagni.<\/h1>\n<h1 style=\"text-align: center;\">scritto da lui<\/h1>","protected":false},"excerpt":{"rendered":"<p>\u0645\u0642\u062f\u0645\u0629 \u0627\u0644\u0634\u064a\u062e \u0645\u062d\u0645\u062f \u062d\u0633\u0627\u0646 \u0644\u0643\u062a\u0627\u0628 \u0641\u0636\u0644 \u0627\u0644\u0635\u0628\u0631 \u0639\u0644\u064a \u0627\u0644\u0628\u0644\u0627\u0621 \u0627\u0644\u062d\u0645\u062f \u0644\u0644\u0647 \u0648\u0627\u0644\u0635\u0644\u0627\u0629 \u0648\u0627\u0644\u0633\u0644\u0627\u0645 \u0639\u0644\u0649 \u0631\u0633\u0648\u0644 \u0627\u0644\u0644\u0647 \ufdfa \u0648\u0628\u0639\u062f.. \u0641\u0625\u0646 \u0627\u0644\u0644\u0647 \u062c\u0644 \u0648\u0639\u0644\u0627 \u062c\u0639\u0644 \u0627\u0644\u0635\u0628\u0631 \u062c\u064e\u0648\u064e\u0627\u062f\u064b\u0627 \u0644\u0627 \u064a\u0643\u0628\u0648\u060c \u0648\u062c\u0646\u062f\u064b\u0627 \u0644\u0627 \u064a\u064f\u0647\u0632\u0645\u060c \u0648\u062d\u0635\u0646\u064b\u0627 \u0644\u0627 \u064a\u064f\u0647\u062f\u0645. \u0648\u0623\u062e\u0628\u0631 \u062c\u0644 \u0648\u0639\u0644\u0627 \u0623\u0646 \u0627\u0644\u0635\u0627\u0628\u0631\u064a\u0646 \u0641\u064a \u0645\u0639\u064a\u0629 \u0627\u0644\u0644\u0647 \u0648\u0647\u0648 \u064a\u062d\u0628\u0647\u0645\u060c \u0648\u064a\u0627\u0644\u0647\u0627 \u0645\u0646 \u0643\u0631\u0627\u0645\u0629 !! \u0642\u0627\u0644 \u062a\u0639\u0627\u0644\u0649 : \u0625\u0650\u0646\u064e\u0651 \u0627\u0644\u0644\u064e\u0651\u0647\u064e \u0645\u064e\u0639\u064e \u0627\u0644\u0635\u064e\u0651\u0627\u0628\u0650\u0631\u0650\u064a\u0646\u064e \ufd3e [&hellip;]<\/p>","protected":false},"featured_media":19574,"comment_status":"open","ping_status":"closed","template":"","meta":{"_seopress_robots_primary_cat":"","_seopress_titles_title":"","_seopress_titles_desc":"","_seopress_robots_index":"","inline_featured_image":false,"_uf_show_specific_survey":0,"_uf_disable_surveys":false},"product_brand":[],"product_cat":[191],"product_tag":[],"class_list":{"0":"post-19573","1":"product","2":"type-product","3":"status-publish","4":"has-post-thumbnail","6":"product_cat-191","8":"first","9":"instock","10":"downloadable","11":"shipping-taxable","12":"purchasable","13":"product-type-simple"},"_links":{"self":[{"href":"https:\/\/tamerbadr.com\/it\/wp-json\/wp\/v2\/product\/19573","targetHints":{"allow":["GET"]}}],"collection":[{"href":"https:\/\/tamerbadr.com\/it\/wp-json\/wp\/v2\/product"}],"about":[{"href":"https:\/\/tamerbadr.com\/it\/wp-json\/wp\/v2\/types\/product"}],"replies":[{"embeddable":true,"href":"https:\/\/tamerbadr.com\/it\/wp-json\/wp\/v2\/comments?post=19573"}],"wp:featuredmedia":[{"embeddable":true,"href":"https:\/\/tamerbadr.com\/it\/wp-json\/wp\/v2\/media\/19574"}],"wp:attachment":[{"href":"https:\/\/tamerbadr.com\/it\/wp-json\/wp\/v2\/media?parent=19573"}],"wp:term":[{"taxonomy":"product_brand","embeddable":true,"href":"https:\/\/tamerbadr.com\/it\/wp-json\/wp\/v2\/product_brand?post=19573"},{"taxonomy":"product_cat","embeddable":true,"href":"https:\/\/tamerbadr.com\/it\/wp-json\/wp\/v2\/product_cat?post=19573"},{"taxonomy":"product_tag","embeddable":true,"href":"https:\/\/tamerbadr.com\/it\/wp-json\/wp\/v2\/product_tag?post=19573"}],"curies":[{"name":"wp","href":"https:\/\/api.w.org\/{rel}","templated":true}]}}