{"id":20119,"date":"2025-03-19T15:32:12","date_gmt":"2025-03-19T15:32:12","guid":{"rendered":"https:\/\/white-ant-267257.hostingersite.com\/?page_id=20119"},"modified":"2025-04-06T08:15:00","modified_gmt":"2025-04-06T08:15:00","slug":"unforgettable-countries-book","status":"publish","type":"page","link":"https:\/\/tamerbadr.com\/it\/unforgettable-countries-book","title":{"rendered":"Paesi indimenticabili"},"content":{"rendered":"<div data-elementor-type=\"wp-page\" data-elementor-id=\"20119\" class=\"elementor elementor-20119\" data-elementor-post-type=\"page\">\n\t\t\t\t<div class=\"elementor-element elementor-element-c8c7aab e-flex e-con-boxed e-con e-parent\" data-id=\"c8c7aab\" data-element_type=\"container\">\n\t\t\t\t\t<div class=\"e-con-inner\">\n\t\t<div class=\"elementor-element elementor-element-6483b1a e-con-full e-flex e-con e-child\" data-id=\"6483b1a\" data-element_type=\"container\">\n\t\t\t\t<div class=\"elementor-element elementor-element-6058eb2 elementor-widget elementor-widget-wc-elements\" data-id=\"6058eb2\" data-element_type=\"widget\" data-widget_type=\"wc-elements.default\">\n\t\t\t\t<div class=\"elementor-widget-container\">\n\t\t\t\t\t<div class=\"woocommerce\">\t\t\t<div class=\"single-product\" data-product-page-preselected-id=\"0\">\n\t\t\t\t<div class=\"woocommerce-notices-wrapper\"><\/div><div id=\"product-19582\" class=\"product type-product post-19582 status-publish first instock product_cat-190 has-post-thumbnail downloadable shipping-taxable purchasable product-type-simple\">\n\n\t<div class=\"woocommerce-product-gallery woocommerce-product-gallery--with-images woocommerce-product-gallery--columns-4 images\" data-columns=\"4\" style=\"opacity: 0; transition: opacity .25s ease-in-out;\">\n\t<div class=\"woocommerce-product-gallery__wrapper\">\n\t\t<div data-thumb=\"https:\/\/tamerbadr.com\/wp-content\/uploads\/2025\/03\/\u062f\u0648\u0644-\u0644\u0627-\u062a\u0646\u0633\u0649-scaled-scaled.jpg\" data-thumb-alt=\"\u0643\u062a\u0627\u0628 \u062f\u0648\u0644 \u0644\u0627 \u062a\u0646\u0633\u0649\" data-thumb-srcset=\"\"  data-thumb-sizes=\"(max-width: 100px) 100vw, 100px\" class=\"woocommerce-product-gallery__image\"><a href=\"https:\/\/tamerbadr.com\/wp-content\/uploads\/2025\/03\/\u062f\u0648\u0644-\u0644\u0627-\u062a\u0646\u0633\u0649-scaled-scaled.jpg\"><img fetchpriority=\"high\" decoding=\"async\" width=\"2049\" height=\"1434\" src=\"https:\/\/tamerbadr.com\/wp-content\/uploads\/2025\/03\/\u062f\u0648\u0644-\u0644\u0627-\u062a\u0646\u0633\u0649-scaled-scaled.jpg\" class=\"wp-post-image\" alt=\"Paesi indimenticabili\" data-caption=\"\" data-src=\"https:\/\/tamerbadr.com\/wp-content\/uploads\/2025\/03\/\u062f\u0648\u0644-\u0644\u0627-\u062a\u0646\u0633\u0649-scaled-scaled.jpg\" data-large_image=\"https:\/\/tamerbadr.com\/wp-content\/uploads\/2025\/03\/\u062f\u0648\u0644-\u0644\u0627-\u062a\u0646\u0633\u0649-scaled-scaled.jpg\" data-large_image_width=\"2049\" data-large_image_height=\"1434\" \/><\/a><\/div><div data-thumb=\"https:\/\/tamerbadr.com\/wp-content\/uploads\/2025\/03\/\u062f\u0648\u0644-\u0644\u0627-\u062a\u0646\u0633\u0649.jpeg\" data-thumb-alt=\"\u0643\u062a\u0627\u0628 \u062f\u0648\u0644 \u0644\u0627 \u062a\u0646\u0633\u0649 - immagine 2\" data-thumb-srcset=\"\"  data-thumb-sizes=\"(max-width: 70px) 100vw, 70px\" class=\"woocommerce-product-gallery__image\" data-no-translation-data-thumb-alt=\"\"><a href=\"https:\/\/tamerbadr.com\/wp-content\/uploads\/2025\/03\/\u062f\u0648\u0644-\u0644\u0627-\u062a\u0646\u0633\u0649.jpeg\"><img decoding=\"async\" width=\"559\" height=\"799\" src=\"https:\/\/tamerbadr.com\/wp-content\/uploads\/2025\/03\/\u062f\u0648\u0644-\u0644\u0627-\u062a\u0646\u0633\u0649.jpeg\" class=\"\" alt=\"\u0643\u062a\u0627\u0628 \u062f\u0648\u0644 \u0644\u0627 \u062a\u0646\u0633\u0649 - immagine 2\" data-caption=\"\" data-src=\"https:\/\/tamerbadr.com\/wp-content\/uploads\/2025\/03\/\u062f\u0648\u0644-\u0644\u0627-\u062a\u0646\u0633\u0649.jpeg\" data-large_image=\"https:\/\/tamerbadr.com\/wp-content\/uploads\/2025\/03\/\u062f\u0648\u0644-\u0644\u0627-\u062a\u0646\u0633\u0649.jpeg\" data-large_image_width=\"559\" data-large_image_height=\"799\" data-no-translation-alt=\"\" \/><\/a><\/div><div data-thumb=\"https:\/\/tamerbadr.com\/wp-content\/uploads\/2025\/03\/\u0645\u0624\u0644\u0641\u0627\u062a-\u062a\u0627\u0645\u0631-\u0628\u062f\u0631-1-5.jpg\" data-thumb-alt=\"\u0643\u062a\u0627\u0628 \u062f\u0648\u0644 \u0644\u0627 \u062a\u0646\u0633\u0649 - immagine 3\" data-thumb-srcset=\"\"  data-thumb-sizes=\"(max-width: 92px) 100vw, 92px\" class=\"woocommerce-product-gallery__image\" data-no-translation-data-thumb-alt=\"\"><a href=\"https:\/\/tamerbadr.com\/wp-content\/uploads\/2025\/03\/\u0645\u0624\u0644\u0641\u0627\u062a-\u062a\u0627\u0645\u0631-\u0628\u062f\u0631-1-5.jpg\"><img decoding=\"async\" width=\"389\" height=\"422\" src=\"https:\/\/tamerbadr.com\/wp-content\/uploads\/2025\/03\/\u0645\u0624\u0644\u0641\u0627\u062a-\u062a\u0627\u0645\u0631-\u0628\u062f\u0631-1-5.jpg\" class=\"\" alt=\"\u0643\u062a\u0627\u0628 \u062f\u0648\u0644 \u0644\u0627 \u062a\u0646\u0633\u0649 - immagine 3\" data-caption=\"CREATOR: gd-jpeg v1.0 (using IJG JPEG v62), quality = 90\" data-src=\"https:\/\/tamerbadr.com\/wp-content\/uploads\/2025\/03\/\u0645\u0624\u0644\u0641\u0627\u062a-\u062a\u0627\u0645\u0631-\u0628\u062f\u0631-1-5.jpg\" data-large_image=\"https:\/\/tamerbadr.com\/wp-content\/uploads\/2025\/03\/\u0645\u0624\u0644\u0641\u0627\u062a-\u062a\u0627\u0645\u0631-\u0628\u062f\u0631-1-5.jpg\" data-large_image_width=\"389\" data-large_image_height=\"422\" data-no-translation-alt=\"\" \/><\/a><\/div>\t<\/div>\n<\/div>\n\n\t<div class=\"summary entry-summary\">\n\t\t<h1 class=\"product_title entry-title\">Paesi indimenticabili<\/h1><p class=\"price\"><span class=\"woocommerce-Price-amount amount\"><bdi><span class=\"woocommerce-Price-currencySymbol\">EGP<\/span>60.00<\/bdi><\/span><\/p>\n\n\t\n\t<form class=\"cart\" action=\"\" method=\"post\" enctype='multipart\/form-data' data-trp-original-action=\"\">\n\t\t\n\t\t<div class=\"quantity\">\n\t\t<label class=\"screen-reader-text\" for=\"quantity_6a03a7eeb91f4\" data-no-translation=\"\" data-trp-gettext=\"\">\u0643\u062a\u0627\u0628 \u062f\u0648\u0644 \u0644\u0627 \u062a\u0646\u0633\u0649 quantit\u00e0<\/label>\n\t<input\n\t\ttype=\"number\"\n\t\t\t\tid=\"quantity_6a03a7eeb91f4\"\n\t\tclass=\"input-text qty text\"\n\t\tname=\"quantity\"\n\t\tvalue=\"1\"\n\t\taria-label=\"Quantit\u00e0 prodotto\"\n\t\t\t\tmin=\"1\"\n\t\t\t\t\t\t\tstep=\"1\"\n\t\t\tplaceholder=\"\"\n\t\t\tinputmode=\"numeric\"\n\t\t\tautocomplete=\"off\" data-no-translation-aria-label=\"\"\n\t\t\t\/>\n\t<\/div>\n\n\t\t<button type=\"submit\" name=\"add-to-cart\" value=\"19582\" class=\"single_add_to_cart_button button alt\" data-no-translation=\"\" data-trp-gettext=\"\">Aggiungi al carrello<\/button>\n\n\t\t\n        <script>\n            document.addEventListener('DOMContentLoaded', function(){\n                document.addEventListener('click', function(event){\n                    if(!event.target.matches('.single_add_to_cart_button')){\n                        return;\n                    }\n\n                    const quantity = document.querySelector('input.qty').value || '1';\n                    const formProductVariation = document.querySelector('form[data-product_variations]')\n                    const variationItem = document.querySelector('.variation_id')\n\n                    let price = 60\n                    if(formProductVariation && variationItem){\n                        try{\n                            const variations = JSON.parse(formProductVariation.dataset.product_variations)\n                            const variationId = variationItem.value\n                            for(const variation of variations){\n                                if(variation.variation_id == Number(variationId)){\n                                    price = variation.display_price\n                                }\n                            }\n                        }\n                        catch{\n                        }\n                    }\n\n                    gtag('event', 'add_to_cart', {\n                        'items': [ {\n                            'item_id':'19582',\n                            'item_name': '\u0643\u062a\u0627\u0628 \u062f\u0648\u0644 \u0644\u0627 \u062a\u0646\u0633\u0649',\n                            'list_name': '\u0643\u062a\u0627\u0628 \u062f\u0648\u0644 \u0644\u0627 \u062a\u0646\u0633\u0649',\n                            'quantity': quantity,\n                            'price': price,\n                            \"item_category\":\"\u062a\u0627\u0631\u064a\u062e \u0625\u0633\u0644\u0627\u0645\u064a\"\n                        }]\n                    });\n                })\n            });\n        <\/script>\n        \t<input type=\"hidden\" name=\"trp-form-language\" value=\"it\"\/><\/form>\n\n\t\n<div class=\"product_meta\">\n\n\t\n\t\n\t<span class=\"posted_in\">Categoria: <a href=\"https:\/\/tamerbadr.com\/it\/categoria-prodotto\/%d8%aa%d8%a7%d8%b1%d9%8a%d8%ae-%d8%a5%d8%b3%d9%84%d8%a7%d9%85%d9%8a\" rel=\"tag\">Storia islamica<\/a><\/span>\n\t\n\t\n<\/div>\n\t<\/div>\n\n\t\n\t<div class=\"woocommerce-tabs wc-tabs-wrapper\">\n\t\t<ul class=\"tabs wc-tabs\" role=\"tablist\">\n\t\t\t\t\t\t\t<li role=\"presentation\" class=\"description_tab\" id=\"tab-title-description\">\n\t\t\t\t\t<a href=\"#tab-description\" role=\"tab\" aria-controls=\"tab-description\">\n\t\t\t\t\t\tDescrizione\t\t\t\t\t<\/a>\n\t\t\t\t<\/li>\n\t\t\t\t\t\t\t<li role=\"presentation\" class=\"reviews_tab\" id=\"tab-title-reviews\">\n\t\t\t\t\t<a href=\"#tab-reviews\" role=\"tab\" aria-controls=\"tab-reviews\">\n\t\t\t\t\t\tRecensioni (0)\t\t\t\t\t<\/a>\n\t\t\t\t<\/li>\n\t\t\t\t\t<\/ul>\n\t\t\t\t\t<div class=\"woocommerce-Tabs-panel woocommerce-Tabs-panel--description panel entry-content wc-tab\" id=\"tab-description\" role=\"tabpanel\" aria-labelledby=\"tab-title-description\">\n\t\t\t\t\n\t<h2 data-no-translation=\"\" data-trp-gettext=\"\">Descrizione<\/h2>\n\n<h1 style=\"text-align: center;\"><strong>Introduzione del dottor Ragheb al-Sirjani a Paesi indimenticabili<\/strong><\/h1>\n<h1 style=\"text-align: center;\">Molti distorsori e falsificatori stanno diffondendo la voce che la storia islamica non contiene un passato glorioso, se non durante il periodo del Profeta (pace e benedizioni di Allah siano su di lui), di Abu Bakr e di Umar (che Allah sia soddisfatto di loro). Questa falsificazione serve solo a seminare frustrazione nei cuori dei musulmani e a far loro sentire che la possibilit\u00e0 della loro resurrezione \u00e8 diventata molto lontana e che il metodo islamico non \u00e8 in grado di costruire uno Stato o la rinascita di una nazione, il che \u00e8 tutto falso. Da qui l'urgente necessit\u00e0 di spiegare le diverse fasi della storia della nostra nazione, e che non importa quanto debole sia diventata la nazione, essa risorger\u00e0, e che se un vessillo cade in un luogo, si innalzeranno vessilli in altri luoghi, e che l'anno di Allah \u00e8 che rimangano musulmani sinceri che confortino questa nazione e ne preservino la dignit\u00e0, e questa \u00e8 la verit\u00e0 dell'hadith del Profeta: \"Nessun gruppo della mia Ummah rester\u00e0 a difendere la verit\u00e0 e prevarranno su coloro che si oppongono\".<\/h1>\n<h1 style=\"text-align: center;\">Non saranno danneggiati da coloro che si oppongono a loro, finch\u00e9 non giunger\u00e0 il decreto di Allah su di loro, e saranno cos\u00ec\" (Narrato da Bukhari e Muslim).<\/h1>\n<h1 style=\"text-align: center;\">Il Profeta (pace e benedizioni di Allah siano su di lui) ci ha dato un grande esempio nel fondare uno Stato e costruire una nazione, e si \u00e8 scontrato con le forze di oppressione che esistevano all'epoca, rappresentate dagli infedeli della Penisola arabica, in particolare gli infedeli della Mecca e gli Ebrei con le loro varie trib\u00f9, cos\u00ec come il gigantesco Stato romano, e nonostante questo terribile scontro, Allah Onnipotente gli ha dato la vittoria e il successo fino a quando il suo Stato si \u00e8 affermato come uno Stato giovane e innocente.<\/h1>\n<h1 style=\"text-align: center;\">Dopo il Messaggero di Allah, i Califfi Rashidun costruirono uno Stato forte e grande che fu in grado di distruggere i troni di Kisra e di Cesare, e fu in grado di porre i musulmani all'avanguardia del mondo, e super\u00f2 tutti politicamente, economicamente, scientificamente, civilmente, moralmente e, prima e dopo, li super\u00f2 ideologicamente, cos\u00ec fu in grado di riformare il suo mondo con la sua religione, e di elevare lo standard di vita nel suo Stato con la legge del suo Signore, e raggiunse la difficile equazione che unisce la felicit\u00e0 di entrambi i mondi: Questo mondo e l'Aldil\u00e0.<\/h1>\n<h1 style=\"text-align: center;\">La marcia della nazione islamica non si \u00e8 fermata all'epoca dei califfi Rashidun, ma ha proseguito il suo cammino di civilizzazione con grandi e gloriosi Stati che hanno raggiunto gloria e onore e hanno innalzato il nome dei musulmani ovunque: i califfati omayyade e abbaside, lo Stato ayyubide e i mamelucchi, il grande califfato ottomano, i molti potenti Stati della storia dell'Andalusia e altri Stati qua e l\u00e0 che hanno cambiato la marcia dell'umanit\u00e0 in un cambiamento positivo e meraviglioso che si aggiunge al merito di questa gigantesca nazione, la Nazione dell'Islam.<\/h1>\n<h1 style=\"text-align: center;\">Questa storia gloriosa \u00e8 la migliore storia di tutto il mondo, eppure poche persone la conoscono e, purtroppo, i musulmani stessi ignorano questa storia gloriosa; perci\u00f2 sono molto felice quando vedo un libro o un'opera letteraria o artistica che restituisce ai musulmani la vera immagine della loro storia gloriosa e solleva il loro orgoglio e il loro onore in questa nazione onorevole.<\/h1>\n<h1 style=\"text-align: center;\">Abbiamo tra le mani uno di questi preziosi libri, il cui autore, Tamer Badr, ha voluto ripercorrere le diverse fasi di gloria della nostra storia, dall'inizio alla fine, facendo emergere alcuni grandi tesori di questa storia e aggiornandoci sulla storia di diversi Paesi islamici che hanno portato il nome dei musulmani in alto negli orizzonti.<\/h1>\n<h1 style=\"text-align: center;\">Si tratta di un bel libro, scritto con eleganza e ben presentato, che contiene molte informazioni accurate e che aggiunge alla nostra biblioteca islamica un bel libro di cui ogni musulmano \u00e8 orgoglioso.<\/h1>\n<h1 style=\"text-align: center;\">Possa Allah fare in modo che questo sforzo sia il bilancio delle buone azioni dell'autore e che queste righe siano il bilancio delle buone azioni di tutti coloro che le leggono.<\/h1>\n<h1 style=\"text-align: center;\">Chiedo ad Allah di rafforzare l'Islam e i musulmani<\/h1>\n<h1 style=\"text-align: center;\">A. Dott. Ragheb Al-Sarjani<\/h1>\n<h1 style=\"text-align: center;\">Cairo, maggio 2012<\/h1>\n\t\t\t<\/div>\n\t\t\t\t\t<div class=\"woocommerce-Tabs-panel woocommerce-Tabs-panel--reviews panel entry-content wc-tab\" id=\"tab-reviews\" role=\"tabpanel\" aria-labelledby=\"tab-title-reviews\">\n\t\t\t\t<div id=\"reviews\" class=\"woocommerce-Reviews\">\n\t<div id=\"comments\">\n\t\t<h2 class=\"woocommerce-Reviews-title\">\n\t\t\tRecensioni\t\t<\/h2>\n\n\t\t\t\t\t<p class=\"woocommerce-noreviews\" data-no-translation=\"\" data-trp-gettext=\"\">Ancora non ci sono recensioni.<\/p>\n\t\t\t<\/div>\n\n\t\t\t<div id=\"review_form_wrapper\">\n\t\t\t<div id=\"review_form\">\n\t\t\t\t\t<div id=\"respond\" class=\"comment-respond\">\n\t\t<span id=\"reply-title\" class=\"comment-reply-title\" role=\"heading\" aria-level=\"3\">Recensisci per primo &ldquo;\u0643\u062a\u0627\u0628 \u062f\u0648\u0644 \u0644\u0627 \u062a\u0646\u0633\u0649&rdquo; <small><a rel=\"nofollow\" id=\"cancel-comment-reply-link\" href=\"\/it\/wp-json\/wp\/v2\/pages\/20119#respond\" style=\"display:none;\">Annulla risposta<\/a><\/small><\/span><p class=\"must-log-in\" data-no-translation=\"\" data-trp-gettext=\"\">Devi <a href=\"https:\/\/tamerbadr.com\/it\/\">effettuare l\u2019accesso<\/a> per pubblicare una recensione.<\/p>\t<\/div><!-- #respond -->\n\t\t\t\t<\/div>\n\t\t<\/div>\n\t\n\t<div class=\"clear\"><\/div>\n<\/div>\n\t\t\t<\/div>\n\t\t\n\t\t\t<\/div>\n\n<\/div>\n\n\t\t\t<\/div>\n\t\t\t<\/div>\t\t\t\t<\/div>\n\t\t\t\t<\/div>\n\t\t\t\t<\/div>\n\t\t\t\t\t<\/div>\n\t\t\t\t<\/div>\n\t\t\t\t<\/div>","protected":false},"excerpt":{"rendered":"","protected":false},"author":1,"featured_media":0,"parent":0,"menu_order":0,"comment_status":"closed","ping_status":"closed","template":"elementor_header_footer","meta":{"_seopress_robots_primary_cat":"","_seopress_titles_title":"","_seopress_titles_desc":"","_seopress_robots_index":"","inline_featured_image":false,"_uf_show_specific_survey":0,"_uf_disable_surveys":false,"footnotes":""},"class_list":["post-20119","page","type-page","status-publish"],"_links":{"self":[{"href":"https:\/\/tamerbadr.com\/it\/wp-json\/wp\/v2\/pages\/20119","targetHints":{"allow":["GET"]}}],"collection":[{"href":"https:\/\/tamerbadr.com\/it\/wp-json\/wp\/v2\/pages"}],"about":[{"href":"https:\/\/tamerbadr.com\/it\/wp-json\/wp\/v2\/types\/page"}],"author":[{"embeddable":true,"href":"https:\/\/tamerbadr.com\/it\/wp-json\/wp\/v2\/users\/1"}],"replies":[{"embeddable":true,"href":"https:\/\/tamerbadr.com\/it\/wp-json\/wp\/v2\/comments?post=20119"}],"version-history":[{"count":0,"href":"https:\/\/tamerbadr.com\/it\/wp-json\/wp\/v2\/pages\/20119\/revisions"}],"wp:attachment":[{"href":"https:\/\/tamerbadr.com\/it\/wp-json\/wp\/v2\/media?parent=20119"}],"curies":[{"name":"wp","href":"https:\/\/api.w.org\/{rel}","templated":true}]}}