{"id":19585,"date":"2025-03-16T21:59:57","date_gmt":"2025-03-16T21:59:57","guid":{"rendered":"https:\/\/white-ant-267257.hostingersite.com\/?post_type=product&#038;p=19585"},"modified":"2025-07-13T07:17:53","modified_gmt":"2025-07-13T07:17:53","slug":"the-book-of-the-characteristics-of-the-shepherd-and-the-flock","status":"publish","type":"product","link":"https:\/\/tamerbadr.com\/hu\/termek\/the-book-of-the-characteristics-of-the-shepherd-and-the-flock","title":{"rendered":"A p\u00e1sztor \u00e9s a ny\u00e1j jellemz\u0151inek k\u00f6nyve"},"content":{"rendered":"<h1 style=\"text-align: center;\"><strong>Bevezet\u00e9s a P\u00e1sztor \u00e9s a ny\u00e1j jellemz\u0151i c\u00edm\u0171 k\u00f6nyvh\u00f6z<\/strong><\/h1>\n<h1 style=\"text-align: center;\">Az iszl\u00e1m vil\u00e1gos \u00e9s \u00e1tfog\u00f3 megk\u00f6zel\u00edt\u00e9st alak\u00edtott ki az uralkod\u00f3 \u00e9s alattval\u00f3i k\u00f6z\u00f6tti kapcsolatra vonatkoz\u00f3an. A tud\u00f3sok az iszl\u00e1m politik\u00e1r\u00f3l sz\u00f3l\u00f3 k\u00f6nyveikben t\u00e1rgyalt\u00e1k ezt a kapcsolatot, bele\u00e9rtve mindk\u00e9t f\u00e9l k\u00f6teless\u00e9geit \u00e9s jogait, bemutatva, hogy az iszl\u00e1mnak megvan a saj\u00e1t \u00e9letm\u00f3dja. Politikai szempontb\u00f3l, az uralkod\u00f3 \u00e9s alattval\u00f3i k\u00f6z\u00f6tti kapcsolatot illet\u0151en az iszl\u00e1m t\u00f6rt\u00e9nelem nem ismert konkr\u00e9t iszl\u00e1m korm\u00e1nyzati rendszert. Az iszl\u00e1m, a v\u00e9gs\u0151 isteni t\u00f6rv\u00e9ny, nem hozott l\u00e9tre egy konkr\u00e9t rendszert, amelyet minden id\u0151ben \u00e9s helyen a muszlimokra r\u00e1er\u0151ltetn\u00e9nek. Ink\u00e1bb \u00e1ltal\u00e1nos, minden id\u0151re \u00e9s helyre alkalmazhat\u00f3 elveket hat\u00e1rozott meg an\u00e9lk\u00fcl, hogy belemenne a r\u00e9szletekbe, m\u00f3dszerekbe \u00e9s saj\u00e1toss\u00e1gokba, amelyek term\u00e9szet\u00fckn\u00e9l fogva az id\u0151 \u00e9s a hely v\u00e1ltoz\u00f3 k\u00f6r\u00fclm\u00e9nyeivel egy\u00fctt fejl\u0151dnek \u00e9s v\u00e1ltoznak, \u00edgy minden nemzet figyelembe veheti, mi felel meg a k\u00f6r\u00fclm\u00e9nyeinek \u00e9s mit k\u00edv\u00e1nnak meg \u00e9rdekei.<\/h1>\n<h1 style=\"text-align: center;\">Ennek megfelel\u0151en az \u00e1llamelm\u00e9let tekintet\u00e9ben az iszl\u00e1m nem olyan politikai rendszert alkotott, amely nem v\u00e1ltozhat vagy m\u00f3dos\u00edthat\u00f3, \u00e9s nem is mer\u00fclt el a r\u00e9szletekben abszol\u00fat, v\u00e9gleges \u00e9rt\u00e9kekkel. Ink\u00e1bb csup\u00e1n azokat az \u00e1ltal\u00e1nos elveket \u00e9s \u00e1tfog\u00f3 szab\u00e1lyokat hat\u00e1rozta meg, amelyekre ennek az elm\u00e9letnek \u00e9p\u00fclnie kell. Az iszl\u00e1m \u00e1llamelm\u00e9lete (a r\u00e9szleteket \u00e9s a saj\u00e1toss\u00e1gokat tekintve), mint minden m\u00e1s iszl\u00e1m politikai elm\u00e9let, v\u00e1ltoz\u00e1snak, m\u00f3dos\u00edt\u00e1snak \u00e9s kieg\u00e9sz\u00edt\u00e9snek van kit\u00e9ve. Megfogalmaz\u00e1sai sem nem v\u00e9glegesek, sem nem abszol\u00fatak, \u00e9s nincsenek merev form\u00e1ba \u00f6ntve. Az iszl\u00e1m lehet\u0151v\u00e9 teszi a politikai elm\u00e9letek fejleszt\u00e9s\u00e9t \u00e9s m\u00f3dos\u00edt\u00e1s\u00e1t, amelyeket a muszlim tud\u00f3sok igyekeztek a kor k\u00f6vetelm\u00e9nyeinek \u00e9s az id\u0151 \u00e9s a hely k\u00f6r\u00fclm\u00e9nyeinek megfelel\u0151en megfogalmazni.<\/h1>\n<h1 style=\"text-align: center;\">Nincs semmilyen szakad\u00e9k az iszl\u00e1m \u00e9s a polg\u00e1ri \u00e1llam, az iszl\u00e1m \u00e9s az \u00e1llampolg\u00e1rs\u00e1g, vagy az iszl\u00e1m \u00e9s a v\u00e9lem\u00e9ny- \u00e9s vall\u00e1sszabads\u00e1g k\u00f6z\u00f6tt. Azok, akik szakad\u00e9kot felt\u00e9teleznek az iszl\u00e1m \u00e9s mindezen modern eszm\u00e9k k\u00f6z\u00f6tt, maguk sem \u00e9rtik az iszl\u00e1m val\u00f3di term\u00e9szet\u00e9t, \u00e9s nem olvass\u00e1k helyesen vagy tisztess\u00e9gesen a Pr\u00f3f\u00e9ta (b\u00e9ke \u00e9s \u00e1ld\u00e1s legyen vele) \u00e9s nemes t\u00e1rsai (Allah legyen vel\u00fck el\u00e9gedett) t\u00f6rt\u00e9net\u00e9t. Ez\u00e9rt van az, hogy az iszl\u00e1m \u00e1llam\u00e1nak megvannak a maga jellegzetes jegyei, ahogy a korm\u00e1nyzati rendszernek is megvannak a maga alapjai: Isten ir\u00e1nti szolg\u00e1lat, igazs\u00e1goss\u00e1g, konzult\u00e1ci\u00f3 \u00e9s annak k\u00f6telezetts\u00e9ge, egyenl\u0151s\u00e9g, engedelmess\u00e9g a hatalmon l\u00e9v\u0151k ir\u00e1nt, a hatalmon l\u00e9v\u0151k tan\u00e1csad\u00e1s\u00e1nak k\u00f6telezetts\u00e9ge, az uralkod\u00f3 vagy p\u00e1sztor felel\u0151ss\u00e9ge \u00e9s al\u00e1rendelts\u00e9ge az igazs\u00e1gszolg\u00e1ltat\u00e1s \u00e9s a nemzet fel\u00fcgyelet\u00e9nek, a nemzet politikai egys\u00e9ge, a jogok \u00e9s k\u00f6teless\u00e9gek garant\u00e1l\u00e1sa, valamint a szabads\u00e1g. Ezek az alapok k\u00e9pviselik az iszl\u00e1m rendszer magj\u00e1t, \u00e9s azokat az alapokat, amelyek a legjobban kifejezik egyedis\u00e9g\u00e9t. A k\u00f6nyvemben igyekeztem a lehet\u0151 legnagyobb m\u00e9rt\u00e9kben kit\u00e9rni erre.<\/h1>\n<h1 style=\"text-align: center;\">V\u00e9g\u00fcl arra k\u00e9rem a Mindenhat\u00f3 Istent, hogy munk\u00e1mat \u0151szint\u00e9n v\u00e9gezze az \u0150 \u00e9rdek\u00e9ben, jutalmazzon meg minden le\u00edrt szavamat, helyezze azt j\u00f3 cselekedeteim k\u00f6z\u00e9, \u00e9s jutalmazza meg testv\u00e9reimet, akik mindennel seg\u00edtettek, hogy befejezhessem ezt a k\u00f6nyvet.<\/h1>\n<h1 style=\"text-align: center;\">\u201eDics\u0151s\u00e9g N\u00e9ked, Istenem, \u00e9s h\u00e1la N\u00e9ked! Tan\u00fas\u00e1got teszek, hogy nincs m\u00e1s isten, csak Te. Megbocs\u00e1t\u00e1sodat k\u00e9rem \u00e9s b\u0171nb\u00e1natot tartok N\u00e1lad. Utols\u00f3 k\u00f6ny\u00f6rg\u00e9s\u00fcnk: Minden dics\u00e9ret Istent illeti, a vil\u00e1gok Ur\u00e1t.\u201d<\/h1>\n<h1 style=\"text-align: center;\">A szeg\u00e9ny, akinek sz\u00fcks\u00e9ge van Ura megbocs\u00e1t\u00e1s\u00e1ra \u00e9s kegyelm\u00e9re<\/h1>\n<h1 style=\"text-align: center;\">Tamer Badr<\/h1>\n<h1 style=\"text-align: center;\">Vas\u00e1rnap, Rajab 3, 1440 AH<\/h1>\n<h1 style=\"text-align: center;\">2019. m\u00e1rcius 10.<\/h1>","protected":false},"excerpt":{"rendered":"<p>\u0645\u0642\u062f\u0645\u0629 \u0643\u062a\u0627\u0628 \u0635\u0641\u0629 \u0627\u0644\u0631\u0627\u0639\u064a \u0648\u0627\u0644\u0631\u0639\u064a\u0629 \u0644\u0642\u062f \u0648\u0636\u0639 \u0627\u0644\u0625\u0633\u0644\u0627\u0645 \u0645\u0646\u0647\u062c\u064b\u0627 \u0628\u064a\u0651\u0650\u0646\u064b\u0627 \u0648\u0648\u0627\u0641\u064a\u064b\u0627 \u0641\u064a \u0627\u0644\u0639\u0644\u0627\u0642\u0629 \u0628\u064a\u0646 \u0627\u0644\u0631\u0627\u0639\u064a \u0648\u0627\u0644\u0631\u0639\u064a\u0629\u060c \u0648\u0628\u064e\u062d\u064e\u062b\u064e \u0623\u0647\u0644\u064f \u0627\u0644\u0639\u0644\u0645 \u0641\u064a \u0643\u062a\u0628 \u0627\u0644\u0633\u064a\u0627\u0633\u0629 \u0627\u0644\u0634\u0631\u0639\u064a\u0629 \u0645\u0627 \u064a\u062a\u0639\u0644\u0651\u064e\u0642 \u0628\u0647\u0630\u0647 \u0627\u0644\u0639\u0644\u0627\u0642\u0629\u060c \u0648\u0648\u0627\u062c\u0628\u0627\u062a \u0643\u0644 \u0645\u0646 \u0627\u0644\u0637\u0631\u0641\u064a\u0646 \u0648\u062d\u0642\u0648\u0642\u0647 \u0639\u0644\u0649 \u0648\u062c\u0647 \u064a\u064f\u0628\u064e\u064a\u0651\u0650\u0646 \u0623\u0646 \u0627\u0644\u0625\u0633\u0644\u0627\u0645 \u0644\u0647 \u0646\u0638\u0627\u0645\u0647 \u0627\u0644\u062e\u0627\u0635 \u0645\u0646\u0647\u062c\u064b\u0627 \u0644\u0644\u062d\u064a\u0627\u0629\u061b \u0648\u0645\u0646 \u0627\u0644\u0646\u0627\u062d\u064a\u0629 \u0627\u0644\u0633\u064a\u0627\u0633\u064a\u0629 \u0641\u064a\u0645\u0627 \u064a\u062a\u0639\u0644\u0642 \u0628\u0639\u0644\u0627\u0642\u0629 \u0627\u0644\u0625\u0645\u0627\u0645 \u0648\u0631\u0639\u064a\u062a\u0647 \u0645\u0646 \u0627\u0644\u0645\u0648\u0627\u0637\u0646\u064a\u0646 \u0641\u0644\u0645 \u064a\u0639\u0631\u0641 \u0627\u0644\u062a\u0627\u0631\u064a\u062e [&hellip;]<\/p>","protected":false},"featured_media":19692,"comment_status":"open","ping_status":"closed","template":"","meta":{"_seopress_robots_primary_cat":"","_seopress_titles_title":"","_seopress_titles_desc":"","_seopress_robots_index":"","inline_featured_image":false,"_uf_show_specific_survey":0,"_uf_disable_surveys":false},"product_brand":[],"product_cat":[187],"product_tag":[],"class_list":{"0":"post-19585","1":"product","2":"type-product","3":"status-publish","4":"has-post-thumbnail","6":"product_cat-187","8":"first","9":"instock","10":"downloadable","11":"shipping-taxable","12":"purchasable","13":"product-type-simple"},"_links":{"self":[{"href":"https:\/\/tamerbadr.com\/hu\/wp-json\/wp\/v2\/product\/19585","targetHints":{"allow":["GET"]}}],"collection":[{"href":"https:\/\/tamerbadr.com\/hu\/wp-json\/wp\/v2\/product"}],"about":[{"href":"https:\/\/tamerbadr.com\/hu\/wp-json\/wp\/v2\/types\/product"}],"replies":[{"embeddable":true,"href":"https:\/\/tamerbadr.com\/hu\/wp-json\/wp\/v2\/comments?post=19585"}],"wp:featuredmedia":[{"embeddable":true,"href":"https:\/\/tamerbadr.com\/hu\/wp-json\/wp\/v2\/media\/19692"}],"wp:attachment":[{"href":"https:\/\/tamerbadr.com\/hu\/wp-json\/wp\/v2\/media?parent=19585"}],"wp:term":[{"taxonomy":"product_brand","embeddable":true,"href":"https:\/\/tamerbadr.com\/hu\/wp-json\/wp\/v2\/product_brand?post=19585"},{"taxonomy":"product_cat","embeddable":true,"href":"https:\/\/tamerbadr.com\/hu\/wp-json\/wp\/v2\/product_cat?post=19585"},{"taxonomy":"product_tag","embeddable":true,"href":"https:\/\/tamerbadr.com\/hu\/wp-json\/wp\/v2\/product_tag?post=19585"}],"curies":[{"name":"munkaf\u00fczet","href":"https:\/\/api.w.org\/{rel}","templated":true}]}}