{"id":19584,"date":"2025-03-16T21:58:48","date_gmt":"2025-03-16T21:58:48","guid":{"rendered":"https:\/\/white-ant-267257.hostingersite.com\/?post_type=product&#038;p=19584"},"modified":"2025-07-13T07:18:47","modified_gmt":"2025-07-13T07:18:47","slug":"riyad-as-sunnah-book-from-the-authentic-six-books","status":"publish","type":"product","link":"https:\/\/tamerbadr.com\/hu\/termek\/riyad-as-sunnah-book-from-the-authentic-six-books","title":{"rendered":"Riyad as-Sunnah k\u00f6nyv a hiteles hat k\u00f6nyv k\u00f6z\u00fcl"},"content":{"rendered":"<h1 style=\"text-align: center;\"><strong>Bevezet\u00e9s a Sahih al-Kutub al-Sittah Riyad as-Sunnah c\u00edm\u0171 k\u00f6nyv\u00e9hez<\/strong><\/h1>\n<h1 style=\"text-align: center;\">A Pr\u00f3f\u00e9ta (b\u00e9ke \u00e9s \u00e1ld\u00e1s legyen vele) \u00e9letrajza a valaha volt legjobb \u00e9letrajz, \u00e9s besz\u00e9de (b\u00e9ke \u00e9s \u00e1ld\u00e1s legyen vele) a legjobb besz\u00e9d, \u00e9s \u00fatmutat\u00e1sa a legjobb \u00fatmutat\u00e1s, \u00e9s besz\u00e9de a legigazs\u00e1gosabb besz\u00e9d, Isten im\u00e1i \u00e9s b\u00e9k\u00e9je legyen vele. Ez\u00e9rt a Mindenhat\u00f3 Isten megparancsolta n\u00e9p\u00e9nek, hogy k\u00f6vess\u00e9k t\u00f6rv\u00e9ny\u00e9t, \u00e9s megtiltotta nekik, hogy engedetlenek legyenek, ez\u00e9rt \u0150, a Magass\u00e1gos, azt mondta: {\u00d3, ti, akik hisztek, engedelmeskedjetek Istennek \u00e9s a K\u00fcld\u00f6ttnek, \u00e9s ne \u00e9rv\u00e9nytelen\u00edts\u00e9tek tetteiteket (33)} [Mohamed sz\u00fara].<\/h1>\n<h1 style=\"text-align: center;\">\u00c9s a Magass\u00e1gos azt mondta: {\u00d3, ti h\u00edv\u0151k, engedelmeskedjetek Allahnak, engedelmeskedjetek a K\u00fcld\u00f6ttnek \u00e9s a k\u00f6z\u00f6ttetek l\u00e9v\u0151knek. \u00c9s ha b\u00e1rmiben nem \u00e9rtetek egyet, tegy\u00e9tek azt Allahhoz \u00e9s a K\u00fcld\u00f6tth\u00f6z, ha hisztek Allahban \u00e9s az Utols\u00f3 Napban. Ez a legjobb \u00e9s legmegfelel\u0151bb megold\u00e1s.} (59) [Sz\u00fara An-Nisa\u2019].<\/h1>\n<h1 style=\"text-align: center;\">\u00c9s a Magass\u00e1gos azt mondta: {\u00c9s akik engedelmeskednek Istennek \u00e9s a K\u00fcld\u00f6ttnek, azok azokkal lesznek, akikre Isten kegy\u00e9t adom\u00e1nyozta a pr\u00f3f\u00e9t\u00e1k, az igazs\u00e1g rend\u00edthetetlen hirdet\u0151i, a m\u00e1rt\u00edrok \u00e9s az igazak k\u00f6z\u00fcl. \u00c9s kiv\u00e1l\u00f3ak azok, akik t\u00e1rsak. (69)} [Sz\u00fara An-Nisa\u2019].<\/h1>\n<h1 style=\"text-align: center;\">Amit a Pr\u00f3f\u00e9ta (b\u00e9ke legyen vele) mondott: \u201eHamarosan j\u00f6n egy f\u00e9rfi, a hever\u0151j\u00e9n hever\u00e9szve elmes\u00e9li az egyik had\u00edsomat. Azt fogja mondani: \u00bbK\u00f6zt\u00fcnk \u00e9s k\u00f6ztetek van Allah, a Mindenhat\u00f3 \u00e9s Fens\u00e9ges K\u00f6nyve. Amit t\u00f6rv\u00e9nyesnek tal\u00e1lunk benne, azt t\u00f6rv\u00e9nyesnek tekintj\u00fck, \u00e9s amit tiltottnak tal\u00e1lunk benne, azt tiltottnak tekintj\u00fck. Bizony, amit Allah K\u00fcld\u00f6tte (b\u00e9ke legyen vele) megtiltott, az olyan, mint amit Allah megtiltott.\u00ab\u201d<\/h1>\n<h1 style=\"text-align: center;\">[Sahih]. (H) narr\u00e1lja. [Sahih al-Jami\u2019: 8186].<\/h1>\n<h1 style=\"text-align: center;\">Ez\u00e9rt a Nemes Pr\u00f3f\u00e9tai Had\u00edsz az iszl\u00e1m t\u00f6rv\u00e9nyhoz\u00e1s m\u00e1sodik forr\u00e1sa a Szent Kor\u00e1n ut\u00e1n. A Szent Kor\u00e1n r\u00e9szletek vagy magyar\u00e1zat n\u00e9lk\u00fcl parancsolta meg az im\u00e1t, a zak\u00e1tot, a b\u00f6jt\u00f6t \u00e9s a haddzsot, de a Pr\u00f3f\u00e9tai Had\u00edsz r\u00e9szletesen elmagyar\u00e1zza \u00e9s tiszt\u00e1zza ezeket.<\/h1>\n<h1 style=\"text-align: center;\">A nemes pr\u00f3f\u00e9tai had\u00edszokat sz\u00e1mos gyenge \u00e9s kital\u00e1lt had\u00edsz rontja be, amelyeket nem lehet bizony\u00edtani. Azonban l\u00e9tezik egy nagy, elegend\u0151 \u00e9s bizony\u00edtott mennyis\u00e9g\u0171 hiteles \u00e9s j\u00f3 had\u00edsz Isten K\u00fcld\u00f6ttj\u00e9t\u0151l \u2013 Isten \u00e1ldja meg \u00e9s adjon neki b\u00e9k\u00e9t \u2013, valamint a T\u00e1rsait\u00f3l \u2013 Isten legyen el\u00e9gedett vel\u00fck. A j\u00f3 had\u00edsz alacsonyabb rang\u00fa, mint a hiteles had\u00edsz, de bizony\u00edt\u00e9kk\u00e9nt haszn\u00e1lhat\u00f3 \u00e9s cselekedhet\u0151.<\/h1>\n<h1 style=\"text-align: center;\">Ez\u00e9rt gy\u0171jt\u00f6ttem \u00f6ssze ebben a k\u00f6nyvben a had\u00edsztud\u00f3sok leghitelesebb \u00e9s legh\u00edresebb mond\u00e1saib\u00f3l sz\u00e1rmaz\u00f3 hiteles \u00e9s j\u00f3 had\u00edszokat, \u00e9s ehhez a k\u00f6vetkez\u0151 forr\u00e1sokat haszn\u00e1ltam fel: (Sahih al-Bukhari, Sahih al-Bukhari, Sunan Abu Dawud, Sunan al-Tirmidhi, Sunan al-Nasa\u2019i, Sunan Ibn Majah).<\/h1>\n<h1 style=\"text-align: center;\">A hat k\u00f6nyvb\u0151l kiv\u00e1lasztottam a hiteles \u00e9s j\u00f3 had\u00edszokat, melyeket a nagy tud\u00f3s, Sejk Muhammad Naszir al-Din al-Albani (Allah irgalmazzon neki), a modern kor egyik legkiemelked\u0151bb muszlim tud\u00f3sa hiteles\u00edtett. Sejk al-Albanit az egyik legkiemelked\u0151bb had\u00edsz-tud\u00f3snak tartj\u00e1k, aki egyed\u00fcl\u00e1ll\u00f3 a hiteles\u00edt\u00e9s \u00e9s a gyeng\u00edt\u00e9s tudom\u00e1ny\u00e1ban. Sejk al-Albani a had\u00edsz terminol\u00f3gi\u00e1j\u00e1nak nagy tud\u00f3sa, \u00e9s a modern tud\u00f3sok azt mondj\u00e1k r\u00f3la, hogy \u00fajra\u00e9lesztette a had\u00edsz tudom\u00e1ny\u00e1t, miut\u00e1n az feled\u00e9sbe mer\u00fclt.<\/h1>\n<h1 style=\"text-align: center;\">Mik\u00f6zben a nemes had\u00edszokat gy\u0171jt\u00f6ttem ebbe a k\u00f6nyvbe, a Pr\u00f3f\u00e9ta (b\u00e9ke \u00e9s \u00e1ld\u00e1s legyen vele) had\u00edsz\u00e1t tartottam szem el\u0151tt: \u201eK\u00f6zvet\u00edts t\u0151lem, m\u00e9g ha csak egyetlen verset is, \u00e9s mes\u00e9lj Izrael gyermekeit\u0151l, \u00e9s nem lesz rajtad semmi b\u0171n. \u00c9s aki sz\u00e1nd\u00e9kosan hazudik r\u00f3lam, az foglalja el hely\u00e9t a Pokol t\u00fcz\u00e9ben.\u201d<\/h1>\n<h1 style=\"text-align: center;\">[Sahih]. Elbesz\u00e9lte (Kh. T). [Sahih al-Jami\u2019: 2837].<\/h1>\n<h1 style=\"text-align: center;\">Ez\u00e9rt ebben a k\u00f6nyvben a hiteles \u00e9s j\u00f3 had\u00edszokat v\u00e1lasztottam ki az al\u00e1bbiak alapj\u00e1n:<\/h1>\n<h1 style=\"text-align: center;\">A \u2013 Ha a had\u00edsz \u00e1tad\u00e1si l\u00e1ncolata ugyanaz, \u00e9s a had\u00edsz sz\u00f6vege k\u00e9t vagy t\u00f6bb hasonl\u00f3 elbesz\u00e9l\u00e9sben hasonl\u00f3, p\u00e9ld\u00e1ul:<\/h1>\n<h1 style=\"text-align: center;\">Abu Sza\u00edd Al-Khudri (Allah \u00e1ldja meg \u00e9s adjon neki b\u00e9k\u00e9t) besz\u00e1mol\u00f3ja szerint: \u201eIsten k\u00fcld\u00f6tte (b\u00e9ke legyen vele) azt mondta: \u201eA legjobb illatszered a p\u00e9zsma.\u201d<\/h1>\n<h1 style=\"text-align: center;\">[Sahih]. Narr\u00e1tora (N). [Sahih al-Jami\u2019: 5914].<\/h1>\n<h1 style=\"text-align: center;\">Abu Sza\u00edd Al-Khudri (b\u00e9ke legyen vele) besz\u00e1mol\u00f3ja szerint: \u201eIsten k\u00fcld\u00f6tte (b\u00e9ke legyen vele) azt mondta: \u201eA legjobb illatszer a p\u00e9zsma.\u201d<\/h1>\n<h1 style=\"text-align: center;\">[Sahih]. Narr\u00e1tora (T, M, N). [Sahih al-Jami\u2019: 1032].<\/h1>\n<h1 style=\"text-align: center;\">\u00cdgy a m\u00e1sodik had\u00edszt v\u00e1lasztottam a t\u00f6bbsz\u00f6r\u00f6s elbesz\u00e9l\u00e9se miatt.<\/h1>\n<h1 style=\"text-align: center;\">B- Ha k\u00e9t vagy t\u00f6bb had\u00edsz hasonl\u00f3, p\u00e9ld\u00e1ul:<\/h1>\n<h1 style=\"text-align: center;\">Abu Hurairah (Allah legyen vele el\u00e9gedett) besz\u00e1mol\u00f3ja szerint Allah K\u00fcld\u00f6tte (b\u00e9ke \u00e9s \u00e1ld\u00e1s legyen vele) azt mondta: \u201eAmikor az im\u00e1m azt mondja: \u00bbAllah meghallgatja azokat, akik dics\u00e9rik \u0150t\u00ab, akkor mondd: \u00bb\u00d3, Allah, Urunk, neked legyen dics\u00e9ret.\u00ab Akinek a szavai egyeznek az angyalok szavaival, annak kor\u00e1bbi b\u0171nei megbocs\u00e1ttatnak.\u201d<\/h1>\n<h1 style=\"text-align: center;\">[Sahih]. Narr\u00e1tor (Kh, M, D, T, N). [Sahih al-Dzsami\u2019: 705].<\/h1>\n<h1 style=\"text-align: center;\">Abu Sza\u00edd Al-Khudri (Allah legyen vele el\u00e9gedett) besz\u00e1mol\u00f3ja szerint hallotta Allah K\u00fcld\u00f6tt\u00e9t (b\u00e9ke \u00e9s \u00e1ld\u00e1s legyen vele) ezt mondani: \u201eAmikor az im\u00e1m azt mondja: \u00bbAllah meghallgatja azokat, akik dics\u00e9rik \u0150t\u00ab, akkor mondd: \u00bb\u00d3, Allah, Urunk, \u00e9s T\u00e9ged illet a dics\u00e9ret\u00ab\u201d<\/h1>\n<h1 style=\"text-align: center;\">[Sahih]. (H) narr\u00e1lja. [Sahih al-Jami\u2019: 706].<\/h1>\n<h1 style=\"text-align: center;\">\u00cdgy h\u00e1t az els\u0151 had\u00edszhoz hasonl\u00f3an az \u00e1tfog\u00f3, vil\u00e1gos jelent\u00e9s\u0171 had\u00edszt v\u00e1lasztottam.<\/h1>\n<h1 style=\"text-align: center;\">C- Az al-Albani \u00e1ltal a Sahih al-Jami\u2019 al-Saghir \u00e9s az al-Silsilah al-Sahihah \u00e1ltal eml\u00edtett had\u00edszok [Imam Ahmad ibn Hanbal, vagy al-Tabarani, vagy al-Hakim, vagy al-Bayhaqi musn\u00e1dj\u00e1hoz] hely\u00e9re ebben a k\u00f6nyvben azokat a had\u00edszokat helyeztem el, amelyek megfogalmaz\u00e1sukban hasonl\u00f3ak a hat im\u00e1m k\u00f6nyveib\u0151l.<\/h1>\n<h1 style=\"text-align: center;\">P\u00e9ld\u00e1ul Buraydah al-Aslami (Allah legyen vele el\u00e9gedett) \u00e1ltal a Pr\u00f3f\u00e9t\u00e1t\u00f3l (Allah b\u00e9k\u00e9je \u00e9s \u00e1ld\u00e1sa legyen vele) elbesz\u00e9lt had\u00edsz: \u201eAki halad\u00e9kot ad egy neh\u00e9z helyzetben l\u00e9v\u0151nek, az k\u00e9tszer annyi alamizsn\u00e1t kap minden napra, miel\u0151tt az ad\u00f3ss\u00e1g esed\u00e9kess\u00e9 v\u00e1lik. Amikor az ad\u00f3ss\u00e1g esed\u00e9kess\u00e9 v\u00e1lik, \u00e9s halad\u00e9kot ad neki, az naponta k\u00e9tszer annyi alamizsn\u00e1t kap.\u201d [Sahih]. Elbesz\u00e9lte (Ahmad ibn Hanbal, Ibn Majah). A Sahih al-Jami\u2019-ban a [6108] sz\u00e1m alatt eml\u00edtik. Teh\u00e1t ebbe a k\u00f6nyvbe belefoglaltam a Szunan Ibn Majah-ban tal\u00e1lhat\u00f3 had\u00edsz sz\u00f6veg\u00e9t, ahogyan ebben a had\u00edszban is szerepel.<\/h1>\n<h1 style=\"text-align: center;\">Buraydah al-Aslami (Allah legyen vele el\u00e9gedett) besz\u00e1mol\u00f3ja szerint a Pr\u00f3f\u00e9ta (b\u00e9ke \u00e9s \u00e1ld\u00e1s legyen vele) azt mondta: \u201eAki halad\u00e9kot ad egy fizet\u00e9sk\u00e9ptelennek, annak minden napra jut\u00f3 alamizsna j\u00e1r, \u00e9s aki a fizet\u00e9si hat\u00e1rid\u0151 lej\u00e1rta ut\u00e1n is halad\u00e9kot ad neki, annak minden napra ugyanannyi alamizsna j\u00e1r.\u201d [Szahih]. Elbesz\u00e9lte (Ibn Majah).<\/h1>\n<h1 style=\"text-align: center;\">A \u2013 R\u00e9gebben \u00e9n eg\u00e9sz\u00edtettem ki azokat a befejezetlen had\u00edszokat, amelyeket al-Albani a hat im\u00e1m k\u00f6nyveib\u0151l a Sahih al-Jami\u2019 al-Saghir \u00e9s az al-Silsilah al-Sahihah c\u00edm\u0171 m\u0171vekben eml\u00edt.<\/h1>\n<h1 style=\"text-align: center;\">P\u00e9ld\u00e1ul a had\u00edsz \u00edgy sz\u00f3l: \u201eHa minden h\u00f3napban h\u00e1rom napot b\u00f6jt\u00f6lni, Ramad\u00e1nt\u00f3l Ramad\u00e1nig, az olyan, mint egy \u00e9leten \u00e1t b\u00f6jt\u00f6lni.\u201d<\/h1>\n<h1 style=\"text-align: center;\">[Sahih]. (H.M.M.) narr\u00e1lja Abu Qatada felhatalmaz\u00e1sa alapj\u00e1n. [Sahih al-Jami\u2019: 3802].<\/h1>\n<h1 style=\"text-align: center;\">Ez a had\u00edsz Im\u00e1m Ahmad ibn Hanbal musn\u00e1dj\u00e1b\u00f3l sz\u00e1rmazik \u00e9s hi\u00e1nyos, ez\u00e9rt a Sahih Muslimban tal\u00e1lhat\u00f3 sz\u00f6veggel eg\u00e9sz\u00edtettem ki, \u00e9s a k\u00f6vetkez\u0151k\u00e9ppen helyeztem el a k\u00f6nyvben.<\/h1>\n<h1 style=\"text-align: center;\">Abu Qatada Al-Ansari (Allah legyen vele el\u00e9gedett) besz\u00e1mol\u00f3ja szerint Allah K\u00fcld\u00f6tt\u00e9t (b\u00e9ke \u00e9s \u00e1ld\u00e1s legyen vele) megk\u00e9rdezt\u00e9k a b\u00f6jtj\u00e9r\u0151l. Allah K\u00fcld\u00f6tte (b\u00e9ke \u00e9s \u00e1ld\u00e1s legyen vele) d\u00fch\u00f6s lett. Omar (Allah legyen vele el\u00e9gedett) azt mondta: &quot;Allah a mi Urunk, az iszl\u00e1m a mi vall\u00e1sunk, Mohamed a mi K\u00fcld\u00f6tt\u00fcnk, \u00e9s a h\u0171s\u00e9gesk\u00fcnk a mi fogadalmunk.&quot; Ezut\u00e1n megk\u00e9rdezt\u00e9k az eg\u00e9sz \u00e9let\u00e9ben tart\u00f3 b\u00f6jt\u00f6l\u00e9sr\u0151l. Azt mondta: &quot;Sem b\u00f6jt\u00f6lt, sem nem szegte meg a b\u00f6jtj\u00e9t.&quot; Vagy: &quot;Sem b\u00f6jt\u00f6lt, sem nem szegte meg a b\u00f6jtj\u00e9t.&quot; Azt mondta: Megk\u00e9rdezt\u00e9k a k\u00e9tnapi b\u00f6jt\u00f6l\u00e9sr\u0151l \u00e9s a k\u00f6vetkez\u0151 napi b\u00f6jt megt\u00f6r\u00e9s\u00e9r\u0151l. Azt mondta: &quot;Ki teheti ezt meg?&quot; Azt mondta: Megk\u00e9rdezt\u00e9k az egynapi b\u00f6jt\u00f6l\u00e9sr\u0151l \u00e9s a k\u00e9tnapi b\u00f6jt megt\u00f6r\u00e9s\u00e9r\u0151l. Azt mondta: &quot;B\u00e1rcsak Allah adott volna nek\u00fcnk er\u0151t ehhez.&quot; Azt mondta: Megk\u00e9rdezt\u00e9k az egynapi b\u00f6jt\u00f6l\u00e9sr\u0151l \u00e9s a k\u00f6vetkez\u0151 napi b\u00f6jt megt\u00f6r\u00e9s\u00e9r\u0151l. Azt mondta: &quot;Ez a testv\u00e9rem, D\u00e1vid b\u00f6jtje, b\u00e9ke legyen vele.&quot; Azt mondta: Megk\u00e9rdezt\u00e9k a h\u00e9tf\u0151i b\u00f6jt\u00f6l\u00e9sr\u0151l. Azt mondta: \u201eEz az a nap, amikor megsz\u00fclettem, \u00e9s az a nap, amikor pr\u00f3f\u00e9tak\u00e9nt elk\u00fcldtek, vagyis amikor kinyilatkoztat\u00e1st k\u00fcldtek nekem.\u201d Azt mondta: \u201eHavonta h\u00e1rom napig b\u00f6jt\u00f6lni, \u00e9s egyik ramad\u00e1nt\u00f3l a m\u00e1sikig b\u00f6jt\u00f6lni, az egy \u00e9leten \u00e1t tart\u00f3 b\u00f6jt\u00f6t jelent.\u201d Megk\u00e9rdezt\u00e9k az Arafa napj\u00e1n val\u00f3 b\u00f6jt\u00f6l\u00e9sr\u0151l. Azt mondta: \u201eEz engeszteli az el\u0151z\u0151 \u00e9v \u00e9s a k\u00f6vetkez\u0151 \u00e9v b\u0171neit.\u201d Az \u00c1s\u00fara napj\u00e1n val\u00f3 b\u00f6jt\u00f6l\u00e9sr\u0151l is megk\u00e9rdezt\u00e9k. Azt mondta: \u201eEz engeszteli az elm\u00falt \u00e9v b\u0171neit.\u201d<\/h1>\n<h1 style=\"text-align: center;\">[Sahih]. Narr\u00e1tora (M). [Sahih al-Jami\u2019: 3802].<\/h1>\n<h1 style=\"text-align: center;\">E \u2013 A k\u00f6nyvben tal\u00e1lhat\u00f3 b\u00e1rmely had\u00edsz megfogalmaz\u00e1sa a had\u00edsz narr\u00e1tor\u00e1nak keresztnev\u00e9b\u0151l sz\u00e1rmazik. P\u00e9ld\u00e1ul, ha azt \u00edrt\u00e1k, hogy \u201eElmondta (M, Kh, D, T, N, H)\u201d, akkor a had\u00edsz megfogalmaz\u00e1sa a hat k\u00f6nyvben hasonl\u00f3, \u00e9s szerepel Sejk Al-Albani tud\u00f3s k\u00f6nyveiben is. Azonban a had\u00edsz megfogalmaz\u00e1sa ebben a k\u00f6nyvben a Sahih Muslim-t\u00f3l sz\u00e1rmazik, ez\u00e9rt r\u00f6vid\u00edtve szerepel el\u0151sz\u00f6r.<\/h1>\n<h1 style=\"text-align: center;\">\u00c9s nem eml\u00edtettem a had\u00edszokban az \u00e1tad\u00e1si l\u00e1ncolatot, kiv\u00e9ve annak a t\u00e1rsnak a nev\u00e9t, aki a had\u00edszt a legkiemelked\u0151bben mes\u00e9lte el, hogy az olvas\u00f3 k\u00f6nnyebben megvizsg\u00e1lhassa a k\u00f6nyvet an\u00e9lk\u00fcl, hogy t\u00fal hossz\u00fara ny\u00falna, mivel sok olvas\u00f3 csak a had\u00edsz sz\u00f6veg\u00e9t szeretn\u00e9 elolvasni.<\/h1>\n<h1 style=\"text-align: center;\">Z- Ebben a k\u00f6nyvben nem t\u00e1rgyaltam a Pr\u00f3f\u00e9ta \u00e9letrajz\u00e1nak had\u00edszait, mivel azokat sz\u00e1mos, a Pr\u00f3f\u00e9ta \u00e9letrajz\u00e1r\u00f3l \u00e9s a t\u00e1rsai \u00e9letrajzair\u00f3l sz\u00f3l\u00f3 k\u00f6nyvben eml\u00edtett\u00e9k, Isten legyen vel\u00fck el\u00e9gedett.<\/h1>\n<h1 style=\"text-align: center;\">H- A had\u00edszokban tal\u00e1lhat\u00f3 n\u00e9h\u00e1ny neh\u00e9z sz\u00f3 jelent\u00e9s\u00e9t minden oldal v\u00e9g\u00e9n felt\u00fcntett\u00fck, hogy az olvas\u00f3 a lehet\u0151 legk\u00f6nnyebben meg\u00e9rthesse a had\u00edszokat.<\/h1>\n<h1 style=\"text-align: center;\">T- A k\u00f6nyvben tal\u00e1lhat\u00f3 \u00f6sszes had\u00edsz mell\u00e9kjelekkel van ell\u00e1tva, hogy helyesen olvashat\u00f3k legyenek.<\/h1>\n<h1 style=\"text-align: center;\">Ez a k\u00f6nyv 2009 elej\u00e9n k\u00e9sz\u00fclt el, \u00e9s 2019-ben fejez\u0151d\u00f6tt be. Ezek azok a k\u00eds\u00e9rletek, amelyekkel igyekezt\u00fcnk szolg\u00e1lni nagy vall\u00e1sunkat, \u00e9s t\u00e1mogatni Pr\u00f3f\u00e9t\u00e1nkat, a K\u00fcld\u00f6ttek Pecs\u00e9tj\u00e9t \ufdfa, az\u00e1ltal, amit testv\u00e9reink jav\u00e1ra mondott \u00e9s tett, a Mindenhat\u00f3 Isten szavaival \u00f6sszhangban: {Val\u00f3ban, Isten K\u00fcld\u00f6tt\u00e9ben kiv\u00e1l\u00f3 p\u00e9ldak\u00e9pet tal\u00e1lsz mindazok sz\u00e1m\u00e1ra, akiknek rem\u00e9nye Istenben \u00e9s az Utols\u00f3 Napban van, \u00e9s [akik] gyakran megeml\u00e9keznek Istenr\u0151l.} [Al-Ahzab: 22]. Arra k\u00e9rj\u00fck a Mindenhat\u00f3 Istent, hogy tegye azt hasznoss\u00e1, \u00e9s tegye \u0151szintev\u00e9 munk\u00e1nkat az \u0150 \u00e9rdek\u00e9ben. {Urunk, ne hib\u00e1ztass minket, ha elfelejt\u00fcnk vagy hib\u00e1zunk.} \u0150 elegend\u0151 sz\u00e1munkra, \u00e9s \u0150 a legjobb \u00fcgyint\u00e9z\u0151.<\/h1>\n<h1 style=\"text-align: center;\">Kair\u00f3, 1440 AH, Sha&#039;ban 18.<\/h1>\n<h1 style=\"text-align: center;\">2019. \u00e1prilis 24-i d\u00e1tumnak megfelel\u0151en<\/h1>\n<h1 style=\"text-align: center;\">\u00a0\u00a0\u00a0\u00a0\u00a0\u00a0 Tamer Badr<\/h1>","protected":false},"excerpt":{"rendered":"<p>\u0645\u0642\u062f\u0645\u0629 \u0643\u062a\u0627\u0628 \u0631\u064a\u0627\u0636 \u0627\u0644\u0633\u0646\u0629 \u0645\u0646 \u0635\u062d\u064a\u062d \u0627\u0644\u0643\u062a\u0628 \u0627\u0644\u0633\u062a\u0629 \u0625\u0646 \u0633\u064a\u0631\u0629 \u0627\u0644\u0646\u0628\u064a \ufdfa \u0647\u064a \u062e\u064a\u0631 \u0627\u0644\u0633\u064a\u0631 \u0639\u0644\u0649 \u0627\u0644\u0625\u0637\u0644\u0627\u0642\u060c \u0648\u0643\u0644\u0627\u0645\u0647 \ufdfa \u0647\u0648 \u0623\u062d\u0633\u0646 \u0627\u0644\u0643\u0644\u0627\u0645\u060c \u0648\u0647\u062f\u064a\u0647 \u0647\u0648 \u062e\u064a\u0631 \u0627\u0644\u0647\u062f\u064a\u060c \u0648\u062d\u062f\u064a\u062b\u0647 \u0623\u0635\u062f\u0642 \u0627\u0644\u062d\u062f\u064a\u062b \u0635\u0644\u0648\u0627\u062a \u0627\u0644\u0644\u0647 \u0648\u0633\u0644\u0627\u0645\u0647 \u0639\u0644\u064a\u0647\u060c \u0648\u0645\u0646 \u062b\u064e\u0645\u0651\u064e \u0623\u0645\u0631 \u0627\u0644\u0644\u0647 \u0633\u0628\u062d\u0627\u0646\u0647 \u0648\u062a\u0639\u0627\u0644\u0649 \u0623\u0645\u062a\u0647 \u0628\u0627\u062a\u0628\u0627\u0639 \u0634\u0631\u0639\u0647\u060c \u0648\u0646\u0647\u0627\u0647\u0645 \u0639\u064e\u0646\u0652 \u0645\u062e\u0627\u0644\u0641\u062a\u0647\u060c \u0641\u0642\u064e\u0627\u0644\u064e \u062a\u064e\u0639\u064e\u0627\u0644\u064e\u0649: {\u064a\u064e\u0627 \u0623\u064e\u064a\u0651\u064f\u0647\u064e\u0627 \u0627\u0644\u0651\u064e\u0630\u0650\u064a\u0646\u064e \u0622\u0645\u064e\u0646\u064f\u0648\u0627 \u0623\u064e\u0637\u0650\u064a\u0639\u064f\u0648\u0627 \u0627\u0644\u0644\u0651\u064e\u0647\u064e \u0648\u064e\u0623\u064e\u0637\u0650\u064a\u0639\u064f\u0648\u0627 \u0627\u0644\u0631\u0651\u064e\u0633\u064f\u0648\u0644\u064e [&hellip;]<\/p>","protected":false},"featured_media":19691,"comment_status":"open","ping_status":"closed","template":"","meta":{"_seopress_robots_primary_cat":"","_seopress_titles_title":"","_seopress_titles_desc":"","_seopress_robots_index":"","inline_featured_image":false,"_uf_show_specific_survey":0,"_uf_disable_surveys":false},"product_brand":[],"product_cat":[188],"product_tag":[],"class_list":{"0":"post-19584","1":"product","2":"type-product","3":"status-publish","4":"has-post-thumbnail","6":"product_cat-188","8":"first","9":"instock","10":"downloadable","11":"shipping-taxable","12":"purchasable","13":"product-type-simple"},"_links":{"self":[{"href":"https:\/\/tamerbadr.com\/hu\/wp-json\/wp\/v2\/product\/19584","targetHints":{"allow":["GET"]}}],"collection":[{"href":"https:\/\/tamerbadr.com\/hu\/wp-json\/wp\/v2\/product"}],"about":[{"href":"https:\/\/tamerbadr.com\/hu\/wp-json\/wp\/v2\/types\/product"}],"replies":[{"embeddable":true,"href":"https:\/\/tamerbadr.com\/hu\/wp-json\/wp\/v2\/comments?post=19584"}],"wp:featuredmedia":[{"embeddable":true,"href":"https:\/\/tamerbadr.com\/hu\/wp-json\/wp\/v2\/media\/19691"}],"wp:attachment":[{"href":"https:\/\/tamerbadr.com\/hu\/wp-json\/wp\/v2\/media?parent=19584"}],"wp:term":[{"taxonomy":"product_brand","embeddable":true,"href":"https:\/\/tamerbadr.com\/hu\/wp-json\/wp\/v2\/product_brand?post=19584"},{"taxonomy":"product_cat","embeddable":true,"href":"https:\/\/tamerbadr.com\/hu\/wp-json\/wp\/v2\/product_cat?post=19584"},{"taxonomy":"product_tag","embeddable":true,"href":"https:\/\/tamerbadr.com\/hu\/wp-json\/wp\/v2\/product_tag?post=19584"}],"curies":[{"name":"munkaf\u00fczet","href":"https:\/\/api.w.org\/{rel}","templated":true}]}}