{"id":19582,"date":"2025-03-16T21:56:12","date_gmt":"2025-03-16T21:56:12","guid":{"rendered":"https:\/\/white-ant-267257.hostingersite.com\/?post_type=product&#038;p=19582"},"modified":"2025-07-13T07:21:17","modified_gmt":"2025-07-13T07:21:17","slug":"unforgettable-countries-book","status":"publish","type":"product","link":"https:\/\/tamerbadr.com\/hu\/termek\/unforgettable-countries-book","title":{"rendered":"Felejthetetlen orsz\u00e1gok k\u00f6nyve"},"content":{"rendered":"<h1 style=\"text-align: center;\"><strong>Dr. Ragheb El-Sergany professzor bevezet\u0151je a &quot;Felejthetetlen orsz\u00e1gok&quot; c\u00edm\u0171 k\u00f6nyvh\u00f6z<\/strong><\/h1>\n<h1 style=\"text-align: center;\">Sok torz\u00edt\u00f3 \u00e9s hamis\u00edt\u00f3 terjeszti azt az elk\u00e9pzel\u00e9st, hogy az iszl\u00e1m t\u00f6rt\u00e9nelem nem tartalmaz dics\u0151s\u00e9ges m\u00faltat, kiv\u00e9ve a K\u00fcld\u00f6tt (Isten \u00e1ldja meg \u00e9s adjon neki b\u00e9k\u00e9t), Abu Bakr \u00e9s Umar (Isten legyen el\u00e9gedett vel\u00fck) id\u0151szak\u00e1t. Ez a hamis\u00edt\u00e1s csak arra szolg\u00e1l, hogy frusztr\u00e1ci\u00f3t sz\u00edtson a muszlimok sz\u00edv\u00e9ben, \u00e9s azt az \u00e9rz\u00e9st keltse benn\u00fck, hogy felkel\u00e9s\u00fck lehet\u0151s\u00e9ge nagyon t\u00e1voliv\u00e1 v\u00e1lt, \u00e9s hogy az iszl\u00e1m megk\u00f6zel\u00edt\u00e9s k\u00e9ptelen \u00e1llamot \u00e9p\u00edteni vagy nemzetet \u00fajj\u00e1\u00e9leszteni. Mindez ellent\u00e9tes az igazs\u00e1ggal \u00e9s t\u00e1vol \u00e1ll az igazs\u00e1gt\u00f3l. Ez\u00e9rt s\u00fcrg\u0151sen sz\u00fcks\u00e9g van nemzet\u00fcnk t\u00f6rt\u00e9nelm\u00e9nek k\u00fcl\u00f6nb\u00f6z\u0151 szakaszainak magyar\u00e1zat\u00e1ra, \u00e9s arra, hogy a nemzet, b\u00e1rmilyen gyeng\u00e9v\u00e9 is v\u00e1lik, \u00fajra fel fog emelkedni, \u00e9s ha a z\u00e1szlaja egy helyen lehullik, m\u00e1shol felemelik. \u00c9s hogy Isten t\u00f6rv\u00e9nye az, hogy maradnak \u0151szinte muszlimok, akik ki\u00e1llnak e nemzet \u00fcgye mellett \u00e9s meg\u0151rzik m\u00e9lt\u00f3s\u00e1g\u00e1t. Ez Isten K\u00fcld\u00f6tt\u00e9nek (Isten \u00e1ldja meg \u00e9s adjon neki b\u00e9k\u00e9t) had\u00edsz\u00e1nak igazs\u00e1ga: &quot;Nemzetem egy csoportja mindig gy\u0151zedelmeskedik b\u00e1rki felett, aki...&quot;<\/h1>\n<h1 style=\"text-align: center;\">Megt\u00e1madj\u00e1k \u0151ket, legy\u0151zik \u0151ket, \u00e9s akik szembesz\u00e1llnak vel\u00fck, nem fogj\u00e1k b\u00e1ntani \u0151ket, am\u00edg Allah parancsa el nem \u00e9rkezik hozz\u00e1juk, \u00e9s \u00edgy is maradnak. (Elbesz\u00e9lte Al-Bukhari \u00e9s Muslim)<\/h1>\n<h1 style=\"text-align: center;\">Isten k\u00fcld\u00f6tte, Isten \u00e1ldja meg \u00e9s adjon neki b\u00e9k\u00e9t, mutasson nek\u00fcnk nagyszer\u0171 p\u00e9ld\u00e1t egy \u00e1llam alap\u00edt\u00e1s\u00e1ban \u00e9s egy nemzet fel\u00e9p\u00edt\u00e9s\u00e9ben. Ezzel \u00f6sszecsapott az akkori elnyom\u00f3 er\u0151kkel, amelyeket az Arab-f\u00e9lsziget hitetlenei k\u00e9pviseltek, \u00e9l\u00fck\u00f6n Mekka hitetleneivel, valamint a zsid\u00f3kkal \u00e9s k\u00fcl\u00f6nf\u00e9le t\u00f6rzseikkel, \u00e9s az \u00f3ri\u00e1si R\u00f3mai Birodalommal. E sz\u00f6rny\u0171 \u00f6sszecsap\u00e1s ellen\u00e9re a Mindenhat\u00f3 Isten gy\u0151zelmet \u00e9s sikert rendelt el sz\u00e1m\u00e1ra, am\u00edg \u00e1llama fiatal \u00e9s b\u00fcszke nemzetk\u00e9nt meg nem alakult.<\/h1>\n<h1 style=\"text-align: center;\">Allah K\u00fcld\u00f6tte (b\u00e9ke legyen vele) ut\u00e1n a J\u00f3sz\u00e1nd\u00e9k\u00fa Kalif\u00e1k egy er\u0151s \u00e9s nagyszer\u0171 \u00e1llamot \u00e9p\u00edtettek, amely k\u00e9pes volt led\u00f6nteni Khoszrau \u00e9s Caesar tr\u00f3nj\u00e1t, a muszlimokat a vil\u00e1g \u00e9l\u00e9re helyezte, \u00e9s politikailag, gazdas\u00e1gilag, tudom\u00e1nyosan, kultur\u00e1lisan \u00e9s erk\u00f6lcsileg mindenki felett fel\u00fclm\u00falta \u0151ket. Mindezek el\u0151tt \u00e9s ut\u00e1n is a tan\u00edt\u00e1sban fel\u00fclm\u00falta \u0151ket, \u00edgy k\u00e9pes volt vall\u00e1s\u00e1val megreform\u00e1lni a vil\u00e1g\u00e1t, Ura t\u00f6rv\u00e9ny\u00e9vel emelni az \u00e9letsz\u00ednvonalat \u00e1llam\u00e1ban, \u00e9s el\u00e9rte azt a neh\u00e9z egyenletet, amely mindk\u00e9t vil\u00e1gban, ebben a vil\u00e1gban \u00e9s a t\u00falvil\u00e1gon egyar\u00e1nt, a boldogs\u00e1got \u00f6tv\u00f6zi.<\/h1>\n<h1 style=\"text-align: center;\">Az iszl\u00e1m nemzet \u00fatja nem \u00e1llt meg a helyesen vezetett kalif\u00e1k idej\u00e9ben, hanem folytatta civiliz\u00e1ci\u00f3s \u00fatj\u00e1t nagy \u00e9s nemes nemzetekkel, amelyek dics\u0151s\u00e9get \u00e9s tiszteletet szereztek, \u00e9s mindenhol magasra emelt\u00e9k a muszlimok nev\u00e9t. Ott voltak az Omajj\u00e1d \u00e9s Abb\u00e1szida Kalif\u00e1tusok, az Ajj\u00fabida \u00e9s Mameluk \u00e1llamok, a nagy Oszm\u00e1n Kalif\u00e1tus, \u00e9s Andal\u00fazia t\u00f6rt\u00e9nelm\u00e9nek sz\u00e1mos hatalmas nemzete. Voltak itt m\u00e1s nemzetek is, amelyek csod\u00e1latos, pozit\u00edv v\u00e1ltoz\u00e1ssal v\u00e1ltoztatt\u00e1k meg az emberis\u00e9g \u00fatj\u00e1t, ami n\u00f6veli ennek a hatalmas nemzetnek, az iszl\u00e1m nemzetnek a dics\u0151s\u00e9g\u00e9t.<\/h1>\n<h1 style=\"text-align: center;\">Ez a ragyog\u00f3 t\u00f6rt\u00e9nelem a legjobb t\u00f6rt\u00e9nelem az eg\u00e9sz vil\u00e1gon, m\u00e9gis csak kevesen tudnak r\u00f3la. Sajnos m\u00e9g maguk a muszlimok sem tudnak err\u0151l a dics\u0151s\u00e9ges t\u00f6rt\u00e9nelemr\u0151l. Ez\u00e9rt nagyon \u00f6r\u00fcl\u00f6k, amikor egy k\u00f6nyvet vagy b\u00e1rmilyen irodalmi vagy m\u0171v\u00e9szeti m\u0171vet l\u00e1tok, amely visszaadja a muszlimoknak dics\u0151s\u00e9ges t\u00f6rt\u00e9nelm\u00fck igazi k\u00e9p\u00e9t, \u00e9s n\u00f6veli b\u00fcszkes\u00e9g\u00fcket \u00e9s becs\u00fclet\u00fcket ebben a nemes nemzetben.<\/h1>\n<h1 style=\"text-align: center;\">El\u0151tt\u00fcnk van egy ilyen \u00e9rt\u00e9kes k\u00f6nyv, melynek szerz\u0151je, Tamer Badr \u00far, lelkesen k\u00f6vette nyomon t\u00f6rt\u00e9nelm\u00fcnk dics\u0151s\u00e9g\u00e9nek k\u00fcl\u00f6nb\u00f6z\u0151 szakaszait a kezdetekt\u0151l a v\u00e9g\u00e9ig, bemutatva nek\u00fcnk e t\u00f6rt\u00e9nelem n\u00e9h\u00e1ny nagy kincs\u00e9t, \u00e9s mes\u00e9lve sz\u00e1mos olyan iszl\u00e1m orsz\u00e1g t\u00f6rt\u00e9net\u00e9r\u0151l, amelyek a muszlimok nev\u00e9t magasra emelt\u00e9k az \u00e9gbe.<\/h1>\n<h1 style=\"text-align: center;\">Ez egy gy\u00f6ny\u00f6r\u0171 k\u00f6nyv, eleg\u00e1nsan meg\u00edrva \u00e9s gy\u00f6ny\u00f6r\u0171en bemutatva, rengeteg pontos inform\u00e1ci\u00f3t tartalmaz, \u00e9s egy olyan gy\u00f6ny\u00f6r\u0171 k\u00f6nyvvel gazdag\u00edtja iszl\u00e1m k\u00f6nyvt\u00e1runkat, amelyre minden muszlim b\u00fcszke lesz.<\/h1>\n<h1 style=\"text-align: center;\">\u00d3, Istenem, tedd ezt a f\u00e1radoz\u00e1st j\u00f3 cselekedett\u00e9 az \u00edr\u00f3 sz\u00e1m\u00e1ra, \u00e9s tedd ezeket a sorokat j\u00f3 cselekedett\u00e9 mindenki sz\u00e1m\u00e1ra, aki olvassa \u0151ket.<\/h1>\n<h1 style=\"text-align: center;\">Arra k\u00e9rem Istent, hogy dics\u0151\u00edtse az iszl\u00e1mot \u00e9s a muszlimokat<\/h1>\n<h1 style=\"text-align: center;\">Dr. Ragheb Al-Sergani professzor<\/h1>\n<h1 style=\"text-align: center;\">Kair\u00f3, 2012. m\u00e1jus<\/h1>","protected":false},"excerpt":{"rendered":"<p>\u0645\u0642\u062f\u0645\u0629 \u0627\u0644\u0627\u0633\u062a\u0627\u0630 \u0627\u0644\u062f\u0643\u062a\u0648\u0631 \u0631\u0627\u063a\u0628 \u0627\u0644\u0633\u0631\u062c\u0627\u0646\u064a \u0644\u0643\u062a\u0627\u0628 \u062f\u0648\u0644 \u0644\u0627 \u062a\u0646\u0633\u0649 \u064a\u0634\u064a\u0639 \u0643\u062b\u064a\u0631 \u0645\u0646 \u0627\u0644\u0645\u062d\u0631\u0641\u064a\u0646 \u0648\u0627\u0644\u0645\u0632\u0648\u0631\u064a\u0646 \u0623\u0646 \u0627\u0644\u062a\u0627\u0631\u064a\u062e \u0627\u0644\u0625\u0633\u0644\u0627\u0645\u064a \u0644\u0627 \u064a\u062d\u0648\u064a \u0645\u0627\u0636\u064a\u0627 \u0645\u062c\u064a\u062f\u0627\u061b \u0625\u0644\u0627 \u0641\u064a \u0641\u062a\u0631\u0629 \u0627\u0644\u0631\u0633\u0648\u0644 \ufdfa \u0648\u0623\u0628\u064a \u0628\u0643\u0631 \u0648\u0639\u0645\u0631 \u0631\u0636\u064a \u0627\u0644\u0644\u0647 \u0639\u0646\u0647\u0645\u0627 \u060c \u0648\u0644\u064a\u0633 \u0647\u0630\u0627 \u0627\u0644\u062a\u0632\u0648\u064a\u0631 \u0625\u0644\u0627 \u0644\u0628\u062b \u0627\u0644\u0625\u062d\u0628\u0627\u0637 \u0641\u064a \u0642\u0644\u0648\u0628 \u0627\u0644\u0645\u0633\u0644\u0645\u064a\u0646 \u0648\u0625\u0634\u0639\u0627\u0631\u0647\u0645 \u0623\u0646 \u0627\u062d\u062a\u0645\u0627\u0644\u064a\u0629 \u0642\u064a\u0627\u0645\u0647\u0645 \u0635\u0627\u0631\u062a \u0628\u0639\u064a\u062f\u0629 \u062c\u062f\u0627\u060c \u0648\u0623\u0646 \u0627\u0644\u0645\u0646\u0647\u062c \u0627\u0644\u0625\u0633\u0644\u0627\u0645\u064a \u063a\u064a\u0631 \u0642\u0627\u062f\u0631 \u0639\u0644\u0649 [&hellip;]<\/p>","protected":false},"featured_media":19690,"comment_status":"open","ping_status":"closed","template":"","meta":{"_seopress_robots_primary_cat":"","_seopress_titles_title":"","_seopress_titles_desc":"","_seopress_robots_index":"","inline_featured_image":false,"_uf_show_specific_survey":0,"_uf_disable_surveys":false},"product_brand":[],"product_cat":[190],"product_tag":[],"class_list":{"0":"post-19582","1":"product","2":"type-product","3":"status-publish","4":"has-post-thumbnail","6":"product_cat-190","8":"first","9":"instock","10":"downloadable","11":"shipping-taxable","12":"purchasable","13":"product-type-simple"},"_links":{"self":[{"href":"https:\/\/tamerbadr.com\/hu\/wp-json\/wp\/v2\/product\/19582","targetHints":{"allow":["GET"]}}],"collection":[{"href":"https:\/\/tamerbadr.com\/hu\/wp-json\/wp\/v2\/product"}],"about":[{"href":"https:\/\/tamerbadr.com\/hu\/wp-json\/wp\/v2\/types\/product"}],"replies":[{"embeddable":true,"href":"https:\/\/tamerbadr.com\/hu\/wp-json\/wp\/v2\/comments?post=19582"}],"wp:featuredmedia":[{"embeddable":true,"href":"https:\/\/tamerbadr.com\/hu\/wp-json\/wp\/v2\/media\/19690"}],"wp:attachment":[{"href":"https:\/\/tamerbadr.com\/hu\/wp-json\/wp\/v2\/media?parent=19582"}],"wp:term":[{"taxonomy":"product_brand","embeddable":true,"href":"https:\/\/tamerbadr.com\/hu\/wp-json\/wp\/v2\/product_brand?post=19582"},{"taxonomy":"product_cat","embeddable":true,"href":"https:\/\/tamerbadr.com\/hu\/wp-json\/wp\/v2\/product_cat?post=19582"},{"taxonomy":"product_tag","embeddable":true,"href":"https:\/\/tamerbadr.com\/hu\/wp-json\/wp\/v2\/product_tag?post=19582"}],"curies":[{"name":"munkaf\u00fczet","href":"https:\/\/api.w.org\/{rel}","templated":true}]}}