{"id":19581,"date":"2025-03-16T21:53:58","date_gmt":"2025-03-16T21:53:58","guid":{"rendered":"https:\/\/white-ant-267257.hostingersite.com\/?post_type=product&#038;p=19581"},"modified":"2025-07-13T07:21:59","modified_gmt":"2025-07-13T07:21:59","slug":"unforgettable-leaders-book","status":"publish","type":"product","link":"https:\/\/tamerbadr.com\/hu\/termek\/unforgettable-leaders-book","title":{"rendered":"Felejthetetlen vezet\u0151k k\u00f6nyve"},"content":{"rendered":"<h1 style=\"text-align: center;\"><strong>Dr. Ragheb El-Sergany professzor bevezet\u0151je a Felejthetetlen vezet\u0151k c\u00edm\u0171 k\u00f6nyvh\u00f6z<\/strong><\/h1>\n<h1 style=\"text-align: center;\">Az iszl\u00e1m nemzet t\u00f6rt\u00e9nelm\u00e9ben vannak olyan f\u00e9rfiak, akik bevil\u00e1g\u00edtott\u00e1k az ut\u00e1nuk k\u00f6vetkez\u0151k t\u00f6rt\u00e9net\u00e9t, olyan f\u00e9rfiak, akik minden ter\u00fcleten kit\u0171ntek.<\/h1>\n<h1 style=\"text-align: center;\">Tal\u00e1n egyetlen nemzet t\u00f6rt\u00e9nelm\u00e9ben sem tal\u00e1lsz ennyi ragyog\u00f3 szem\u00e9lyis\u00e9get. Ibn Umar \u2013 Isten legyen vele el\u00e9gedett \u2013 besz\u00e1mol\u00f3ja szerint: Isten K\u00fcld\u00f6tte \u2013 Isten \u00e1ldja meg \u00e9s adjon neki b\u00e9k\u00e9t \u2013 azt mondta: \u201eSz\u00e1z helyen tal\u00e1lsz majd embereket gy\u0171lni, \u00e9s egyetlen ember sem tal\u00e1l k\u00f6z\u00f6tt\u00fck hegyet.\u201d Elbesz\u00e9lte Al-Bukhari \u00e9s Muszlim.<\/h1>\n<h1 style=\"text-align: center;\">Teh\u00e1t az \u00e1ltal\u00e1nos t\u00f6rt\u00e9nelemben kev\u00e9s a jeles ember, de k\u00f6z\u00fcl\u00fck sokan megjelentek \u00e9s kit\u0171ntek az iszl\u00e1m t\u00f6rt\u00e9nelemben \u00e9s az iszl\u00e1m civiliz\u00e1ci\u00f3ban.<\/h1>\n<h1 style=\"text-align: center;\">Az Iszl\u00e1m \u00c1llam b\u00e1tor, h\u0151sies mudzsahedinekb\u0151l sz\u00fcletett. Az iszl\u00e1m t\u00f6rt\u00e9nelem ismeri, hogy h\u00e1ny vezet\u0151 emelkedett ki \u00e9s vezette az iszl\u00e1m seregeket nagy gy\u0151zelmekre, k\u00f6sz\u00f6nhet\u0151en a Mindenhat\u00f3 Istennek, majd zsenialit\u00e1suknak \u00e9s b\u00e1tors\u00e1guknak!<\/h1>\n<h1 style=\"text-align: center;\">Az iszl\u00e1mban a vezet\u0151k kiv\u00e1laszt\u00e1s\u00e1ban nem az \u00e9letkor, hanem a hozz\u00e1\u00e9rt\u00e9s \u00e9s a k\u00e9pess\u00e9g j\u00e1tszott szerepet. Isten k\u00fcld\u00f6tte (\u00e1ldja meg Isten \u00e9s adjon neki b\u00e9k\u00e9t) a tizennyolc \u00e9ves Osz\u00e1ma bin Zaidet v\u00e1lasztotta, hogy vezesse a r\u00f3maiak elleni harcba indul\u00f3 sereget, parancsnoks\u00e1ga alatt Abu Bakr \u00e9s Omar bin Al-Khattab \u00e1llt.<\/h1>\n<h1 style=\"text-align: center;\">Az sem volt szempont, hogy \u0151 volt az els\u0151, aki \u00e1tt\u00e9rt az iszl\u00e1mra. Isten K\u00fcld\u00f6tte (\u00e1ldja meg Isten \u00e9s adjon neki b\u00e9k\u00e9t) Amr ibn al-Aast (Isten legyen vele el\u00e9gedett) nevezte ki a Dhat al-Salasil csat\u00e1ban az id\u0151sebb t\u00e1rsak f\u00f6l\u00e9, annak ellen\u00e9re, hogy csak n\u00e9h\u00e1ny nappal kor\u00e1bban t\u00e9rt \u00e1t az iszl\u00e1mra. Hasonl\u00f3k\u00e9ppen, Khalid ibn al-Walid (Isten legyen vele el\u00e9gedett) vezette az id\u0151sebb t\u00e1rsakat a Mu&#039;tah csat\u00e1ban, annak ellen\u00e9re, hogy nemr\u00e9g t\u00e9rt \u00e1t az iszl\u00e1mra.<\/h1>\n<h1 style=\"text-align: center;\">Az iszl\u00e1m t\u00f6rt\u00e9nelemben a vezet\u0151k kiv\u00e1laszt\u00e1s\u00e1nak krit\u00e9riumai objekt\u00edvek voltak, \u00e9s kiz\u00e1r\u00f3lag a hozz\u00e1\u00e9rt\u00e9sre vonatkoztak. Ez\u00e9rt az iszl\u00e1m civiliz\u00e1ci\u00f3 t\u00f6rt\u00e9nete sor\u00e1n kiv\u00e9teles, p\u00e1ratlan vezet\u0151ket produk\u00e1lt.<\/h1>\n<h1 style=\"text-align: center;\">Ezt k\u00f6vet\u0151en a muszlimok megtudt\u00e1k, hogy fel kell k\u00e9sz\u00edteni\u00fck a j\u00f6v\u0151 vezet\u0151it; \u00edgy terjedt el a lovagl\u00e1s, a dzsih\u00e1d \u00e9s az \u00edj\u00e1szat k\u00e9pz\u00e9se.<\/h1>\n<h1 style=\"text-align: center;\">Az iszl\u00e1m vezet\u00e9s\u00e9nek t\u00f6rt\u00e9nete gazdag m\u00e9ly jelent\u00e9sekben, koncepci\u00f3kban \u00e9s egyedi szem\u00e9lyis\u00e9gekben; ez\u00e9rt fontos ez a k\u00f6nyv.<\/h1>\n<h1 style=\"text-align: center;\">A szerz\u0151, Tamer Badr testv\u00e9r \u2013 Isten \u00f3vja \u2013 a muszlim vezet\u0151k \u00e9letrajzainak felkutat\u00e1sa ir\u00e1nt \u00e9rdekl\u0151d\u00f6tt, \u00e9s azokat bemutatta nek\u00fcnk...<\/h1>\n<h1 style=\"text-align: center;\">K\u00f6nnyed, eleg\u00e1ns \u00e9s t\u00f6m\u00f6r st\u00edlus, amelyben kiemelte a legfontosabb pontokat, amelyekre a nemzetnek sz\u00fcks\u00e9ge van ahhoz, hogy meg\u00e9rtse, hogyan is volt.<\/h1>\n<h1 style=\"text-align: center;\">A vezet\u0151k felk\u00e9sz\u00fcltek, \u00edgy \u00faj gener\u00e1ci\u00f3kat nemzhetsz bel\u0151l\u00fck.<\/h1>\n<h1 style=\"text-align: center;\">Ahogy a szerz\u0151 m\u00e1r el\u0151z\u0151 k\u00f6nyv\u00e9ben (Felejthetetlen napok) megszokhattuk, a k\u00f6nyv st\u00edlusa is lebilincsel\u0151 lesz. Amint elkezdj\u00fck olvasni, musz\u00e1j lesz eg\u00e9szen a v\u00e9g\u00e9ig folytatnunk.<\/h1>\n<h1 style=\"text-align: center;\">Arra k\u00e9rem a Mindenhat\u00f3 Istent, hogy fogadja el a szerz\u0151 er\u0151fesz\u00edt\u00e9seit a k\u00f6nyv\u00e9ben, adja meg a k\u00f6nyv elfogad\u00e1s\u00e1t, \u00e9s tegyen \u00e1ltala a muszlimok jav\u00e1ra. \u0150 ennek az \u0150rz\u0151je, \u00e9s k\u00e9pes r\u00e1.<\/h1>\n<h1 style=\"text-align: center;\">\u00a0Dr. Ragheb Al-Sergani professzor<\/h1>\n<h1 style=\"text-align: center;\">Kair\u00f3, 2011 novembere<\/h1>","protected":false},"excerpt":{"rendered":"<p>\u0645\u0642\u062f\u0645\u0629 \u0627\u0644\u0627\u0633\u062a\u0627\u0630 \u0627\u0644\u062f\u0643\u062a\u0648\u0631 \u0631\u0627\u063a\u0628 \u0627\u0644\u0633\u0631\u062c\u0627\u0646\u064a \u0644\u0643\u062a\u0627\u0628 \u0642\u0627\u062f\u0629 \u0644\u0627 \u062a\u0646\u0633\u0649 \u0641\u064a \u062a\u0627\u0631\u064a\u062e \u0623\u064f\u0645\u0629 \u0627\u0644\u0625\u0633\u0644\u0627\u0645 \u0631\u062c\u0627\u0644 \u0623\u0636\u0627\u0621\u0648\u0627 \u0627\u0644\u062a\u0627\u0631\u064a\u062e \u0644\u0645\u0646 \u062c\u0627\u0621 \u0628\u0639\u062f\u0647\u0645\u060c \u0631\u062c\u0627\u0644 \u062a\u0645\u064a\u0632\u0648\u0627 \u0641\u064a \u0643\u0644 \u0645\u062c\u0627\u0644\u060c \u0648\u0631\u0628\u0645\u0627 \u0644\u0627 \u062a\u062c\u062f \u0641\u064a \u062a\u0627\u0631\u064a\u062e \u0623\u064f\u0645\u0629 \u0645\u0646 \u0627\u0644\u0623\u0645\u0645 \u0647\u0630\u0627 \u0627\u0644\u0639\u062f\u062f \u0645\u0646 \u0627\u0644\u0631\u0645\u0648\u0632 \u0627\u0644\u0644\u0627\u0645\u0639\u0629\u061b \u0641\u0639\u0646 \u0627\u0628\u0646 \u0639\u0645\u0631 \u0631\u0636\u064a \u0627\u0644\u0644\u0647 \u0639\u0646\u0647 \u0642\u0627\u0644: \u0642\u0627\u0644 \u0631\u0633\u0648\u0644 \u0627\u0644\u0644\u0647 \ufdfa: \u00ab\u062a\u064e\u062c\u0650\u062f\u064f\u0648\u0646\u064e \u0627\u0644\u0646\u0651\u064e\u0627\u0633\u064e \u0643\u064e\u0627\u0628\u0650\u0644 \u0645\u0650\u0627\u0626\u064e\u0629\u064d \u0644\u064e\u0627 \u064a\u064e\u062c\u0650\u062f\u064f \u0627\u0644\u0631\u0651\u064e\u062c\u064f\u0644\u064f [&hellip;]<\/p>","protected":false},"featured_media":19693,"comment_status":"open","ping_status":"closed","template":"","meta":{"_seopress_robots_primary_cat":"","_seopress_titles_title":"","_seopress_titles_desc":"","_seopress_robots_index":"","inline_featured_image":false,"_uf_show_specific_survey":0,"_uf_disable_surveys":false},"product_brand":[],"product_cat":[189],"product_tag":[],"class_list":{"0":"post-19581","1":"product","2":"type-product","3":"status-publish","4":"has-post-thumbnail","6":"product_cat-189","8":"first","9":"instock","10":"downloadable","11":"shipping-taxable","12":"purchasable","13":"product-type-simple"},"_links":{"self":[{"href":"https:\/\/tamerbadr.com\/hu\/wp-json\/wp\/v2\/product\/19581","targetHints":{"allow":["GET"]}}],"collection":[{"href":"https:\/\/tamerbadr.com\/hu\/wp-json\/wp\/v2\/product"}],"about":[{"href":"https:\/\/tamerbadr.com\/hu\/wp-json\/wp\/v2\/types\/product"}],"replies":[{"embeddable":true,"href":"https:\/\/tamerbadr.com\/hu\/wp-json\/wp\/v2\/comments?post=19581"}],"wp:featuredmedia":[{"embeddable":true,"href":"https:\/\/tamerbadr.com\/hu\/wp-json\/wp\/v2\/media\/19693"}],"wp:attachment":[{"href":"https:\/\/tamerbadr.com\/hu\/wp-json\/wp\/v2\/media?parent=19581"}],"wp:term":[{"taxonomy":"product_brand","embeddable":true,"href":"https:\/\/tamerbadr.com\/hu\/wp-json\/wp\/v2\/product_brand?post=19581"},{"taxonomy":"product_cat","embeddable":true,"href":"https:\/\/tamerbadr.com\/hu\/wp-json\/wp\/v2\/product_cat?post=19581"},{"taxonomy":"product_tag","embeddable":true,"href":"https:\/\/tamerbadr.com\/hu\/wp-json\/wp\/v2\/product_tag?post=19581"}],"curies":[{"name":"munkaf\u00fczet","href":"https:\/\/api.w.org\/{rel}","templated":true}]}}