{"id":19575,"date":"2025-03-16T21:38:04","date_gmt":"2025-03-16T21:38:04","guid":{"rendered":"https:\/\/white-ant-267257.hostingersite.com\/?post_type=product&#038;p=19575"},"modified":"2025-07-13T07:22:37","modified_gmt":"2025-07-13T07:22:37","slug":"unforgettable-days-book","status":"publish","type":"product","link":"https:\/\/tamerbadr.com\/hu\/termek\/unforgettable-days-book","title":{"rendered":"Felejthetetlen napok k\u00f6nyve"},"content":{"rendered":"<h1 style=\"text-align: center;\"><strong>Dr. Ragheb Al-Sarjani professzor bevezet\u0151je a Felejthetetlen napok k\u00f6nyvbe<\/strong><\/h1>\n<h1 style=\"text-align: center;\">Az iszl\u00e1m t\u00f6rt\u00e9nelmet az \u00e9vek \u00e9s \u00e9vsz\u00e1zadok sor\u00e1n nagy elhanyagol\u00e1s \u00e9rte. Ennek eredm\u00e9nyek\u00e9nt sok orientalista \u00e9s nyugatias manipul\u00e1lta ezt a t\u00f6rt\u00e9nelmet. K\u00f6vetkez\u00e9sk\u00e9ppen egy olyan t\u00f6rt\u00e9nelm\u00fcnk van, amely nagyon elt\u00e9r az igazs\u00e1gt\u00f3l. Ami m\u00e9g rosszabb, a tanuls\u00e1gok \u00e9s az erk\u00f6lcs elveszett ezekben a torz\u00edt\u00e1sokban. \u00cdgy a t\u00f6rt\u00e9nelem egy tudom\u00e1nyos tanulm\u00e1nny\u00e1 v\u00e1lt, amelynek nincs \u00e9rtelme az olvas\u00f3k sz\u00e1m\u00e1ra. K\u00f6vetkez\u00e9sk\u00e9ppen tart\u00f3zkodtak az olvas\u00e1s\u00e1t\u00f3l \u00e9s tanulm\u00e1nyoz\u00e1s\u00e1t\u00f3l.<\/h1>\n<h1 style=\"text-align: center;\">Ezzel a sz\u00f6rny\u0171 helyzettel szembes\u00fclve n\u00e9h\u00e1ny buzg\u00f3 embernek fel kellett kelnie, hogy megmentse ezt a hossz\u00fa t\u00f6rt\u00e9nelmet; s\u0151t, hogy megmentse a muszlim fiatalokat, akik nem tal\u00e1ltak megfelel\u0151 \u00e9s megb\u00edzhat\u00f3 forr\u00e1st, ahol olvashattak volna a nemzet t\u00f6rt\u00e9nelm\u00e9r\u0151l. Val\u00f3ban, nem t\u00falzok, amikor azt mondom: Az eg\u00e9sz vil\u00e1gnak \u2013 muszlimnak vagy nem muszlimnak \u2013 sz\u00fcks\u00e9ge van erre a dics\u0151s\u00e9ges iszl\u00e1m t\u00f6rt\u00e9nelemre, mert a vil\u00e1g soha nem ismert semmi olyan ragyog\u00f3t vagy k\u00e1pr\u00e1zatosat, mint amit mi tal\u00e1ltunk a mi nagyszer\u0171 t\u00f6rt\u00e9nelm\u00fcnkben.<\/h1>\n<h1 style=\"text-align: center;\">A kez\u00fcnkben l\u00e9v\u0151 k\u00f6nyv egyfajta ilyen seg\u00e9deszk\u00f6z!<\/h1>\n<h1 style=\"text-align: center;\">Ez egy \u00e9rt\u00e9kes k\u00f6nyv, amely \u00fcgyesen gy\u0171jti \u00f6ssze az iszl\u00e1m nemzet t\u00f6rt\u00e9nelm\u00e9nek sz\u00e1mos sorsd\u00f6nt\u0151 napj\u00e1t. Ez a hatalmas gy\u0171jtem\u00e9ny azonban nem eredm\u00e9nyezett hasonl\u00f3an hatalmas oldalsz\u00e1mot! Ez a szerz\u0151 kiemelked\u0151 mesteri k\u00e9pess\u00e9g\u00e9t jelzi abban, hogy minden csat\u00e1b\u00f3l kiv\u00e1lassza a hasznosat \u00e9s az egyes \u00f6sszecsap\u00e1sokb\u00f3l a fontosat. Tal\u00e1n ez az egyik legfigyelemrem\u00e9lt\u00f3bb von\u00e1s, ami megk\u00fcl\u00f6nb\u00f6zteti ezt a k\u00f6nyvet a t\u00f6bbit\u0151l, mivel a szerz\u0151t a s\u0171r\u00edt\u00e9s \u00e9s a f\u00f3kusz\u00e1l\u00e1s brili\u00e1ns k\u00e9pess\u00e9ge jellemzi, \u00edgy \u00fagy \u00e9rezhetj\u00fck, hogy n\u00e9gy-\u00f6t oldal elolvas\u00e1sa ut\u00e1n egy hatalmas csat\u00e1r\u00f3l mindent lefedt\u00fcnk, \u00e9s nincs sz\u00fcks\u00e9g\u00fcnk tov\u00e1bbi inform\u00e1ci\u00f3kra, m\u00edg a szakemberek tudj\u00e1k, hogy egy t\u00f6rt\u00e9n\u00e9sz eg\u00e9sz k\u00f6teteket \u00edrhat az ilyen csat\u00e1kr\u00f3l!<\/h1>\n<h1 style=\"text-align: center;\">Ez a k\u00f6nyv az iszl\u00e1m t\u00f6rt\u00e9nelem k\u00fcl\u00f6nb\u00f6z\u0151 szakaszai k\u00f6z\u00f6tti k\u00f6nnyed navig\u00e1ci\u00f3j\u00e1val is megk\u00fcl\u00f6nb\u00f6ztethet\u0151. A pr\u00f3f\u00e9tai korszakkal kezd\u0151dik, majd megfelel\u0151 sebess\u00e9ggel ugr\u00e1l a k\u00fcl\u00f6nb\u00f6z\u0151 t\u00f6rt\u00e9nelmi korszakok, p\u00e9ld\u00e1ul a Rashidun, Omajj\u00e1d, Abb\u00e1szida, Ajj\u00fabida, Mamluk \u00e9s az oszm\u00e1n korszak k\u00f6z\u00f6tt. Nem hanyagolja el a vil\u00e1g k\u00fcl\u00f6nb\u00f6z\u0151 szegleteiben a f\u00f6ldrajzi eligazod\u00e1st sem. Keletre \u00e9r, \u00e9s az indiai csat\u00e1kr\u00f3l besz\u00e9l, majd Keletr\u0151l nyugatra fordulva le\u00edrja az andal\u00faz csat\u00e1kat!<\/h1>\n<h1 style=\"text-align: center;\">A k\u00f6nyv egy m\u00e1sik megk\u00fcl\u00f6nb\u00f6ztet\u0151 jegye, hogy sz\u00e1mos olyan csat\u00e1t t\u00e1rgyal, amelyekr\u0151l sok muszlim nem tud r\u00e9szleteket. S\u0151t, nem t\u00falzok, amikor azt mondom: a muszlimok m\u00e9g a nev\u00fcket sem ismerik! El\u00e9g, ha p\u00e9ld\u00e1ul az Ain al-Tamr csat\u00e1it, Dibal megh\u00f3d\u00edt\u00e1s\u00e1t, a talaszi csat\u00e1t, a szomn\u00e1ti megh\u00f3d\u00edt\u00e1st, a nik\u00e1poliszi csat\u00e1t, a moh\u00e1csi csat\u00e1t \u00e9s m\u00e1s csat\u00e1kat eml\u00edtem, amelyek eml\u00edt\u00e9se feled\u00e9sbe mer\u00fclt, \u00e9s amelyek lapjait por bor\u00edtotta, am\u00edg ez a szerz\u0151 \u0151szintes\u00e9ggel \u00e9s gondoss\u00e1ggal felt\u00e1rta az igazs\u00e1got ezekr\u0151l a d\u00f6nt\u0151 napokr\u00f3l.<\/h1>\n<h1 style=\"text-align: center;\">Mindezen fel\u00fcl ezt az \u00e9rt\u00e9kes k\u00f6nyvet k\u00e9t dolog k\u00fcl\u00f6nb\u00f6zteti meg az iszl\u00e1m k\u00f6nyvt\u00e1rat megt\u00f6lt\u0151 sz\u00e1mos m\u0171t\u0151l, \u00e9s egyed\u00fcl\u00e1ll\u00f3v\u00e1 teszi a maga ter\u00fclet\u00e9n.<\/h1>\n<h1 style=\"text-align: center;\">Az els\u0151 pont az, hogy nem korl\u00e1toz\u00f3dik a muszlimok gy\u0151zelmeire, hanem gy\u00f6ny\u00f6r\u0171 p\u00e1rtatlans\u00e1ggal \u00e9s rendk\u00edv\u00fcli pontoss\u00e1ggal eml\u00edti azokat a nagyobb csat\u00e1kat, amelyekben a muszlimok veres\u00e9get szenvedtek! Mint p\u00e9ld\u00e1ul az uhudi csata, a toursi csata, az al-uqabi csata \u00e9s m\u00e1s veres\u00e9gek. Ez val\u00f3j\u00e1ban a szerz\u0151 intelligenci\u00e1j\u00e1nak egy\u00e9rtelm\u0171 p\u00e9ld\u00e1ja, ahogyan az olvas\u00f3nak bemutatja az esem\u00e9nyek \u0151szintes\u00e9g\u00e9t, \u00e9s hangs\u00falyozza, hogy az id\u0151 egy k\u00f6rforg\u00e1s a nemzetek k\u00f6z\u00f6tt. Azt sem fosztja meg az olvas\u00f3kat att\u00f3l a lehet\u0151s\u00e9gt\u0151l, hogy hasznos\u00edts\u00e1k a csat\u00e1kban tanult fontos tanuls\u00e1gokat.<\/h1>\n<h1 style=\"text-align: center;\">A m\u00e1sodik dolog az, hogy a szerz\u0151 nem \u00e1llt meg az esem\u00e9nyek elmes\u00e9l\u00e9s\u00e9n\u00e9l, ahogy sok szerz\u0151 teszi, hanem elm\u00e9ly\u00fclt a dolgokban, \u00e9s kutatta a gy\u0151zelem t\u00e9nyez\u0151it \u00e9s a veres\u00e9g okait, \u00edgy a k\u00f6nyv olvas\u00f3ja a nemzetek felemelked\u00e9s\u00e9nek vagy buk\u00e1s\u00e1nak okainak b\u0151s\u00e9ges gy\u0171jtem\u00e9ny\u00e9vel gazdagodik, \u00e9s \u00edgy a t\u00f6rt\u00e9net elmes\u00e9l\u00e9s\u00e9nek c\u00e9lja el\u00e9r\u00e9sre ker\u00fcl; ahogyan a mi Urunk megmutatta nek\u00fcnk, amikor azt mondta: {Bizony, t\u00f6rt\u00e9neteikben tanuls\u00e1g van az \u00e9rtelmesek sz\u00e1m\u00e1ra} [Jusz\u00faf: 111]... Az igazs\u00e1g az, hogy a szerz\u0151 mindezt magas \u00e9s kiv\u00e1l\u00f3 mesters\u00e9ggel alkotta meg.<\/h1>\n<h1 style=\"text-align: center;\">V\u00e9g\u00fcl:<\/h1>\n<h1 style=\"text-align: center;\">A szerz\u0151nek ez a mesteri tud\u00e1sa nem akad\u00e1lyozta meg st\u00edlus\u00e1t abban, hogy finom \u00e9s gy\u00f6ny\u00f6r\u0171 legyen. A k\u00f6nyv kifejez\u00e9sei eleg\u00e1nsak, szavai gy\u00f6ny\u00f6r\u0171ek, t\u00e1lal\u00e1sa g\u00f6rd\u00fcl\u00e9keny \u00e9s \u00e9lvezetes, ami pomp\u00e1t \u00e9s eleganci\u00e1t k\u00f6lcs\u00f6n\u00f6z a k\u00f6nyvnek.<\/h1>\n<h1 style=\"text-align: center;\">B\u00e1r tudom, hogy ez a szerz\u0151 els\u0151 pr\u00f3b\u00e1lkoz\u00e1sa katonai t\u00e9m\u00e1j\u00fa \u00edr\u00e1sok k\u00e9sz\u00edt\u00e9s\u00e9re, biztos vagyok benne, hogy nem az utols\u00f3. Az iszl\u00e1m t\u00f6rt\u00e9nelem csat\u00e1i \u00e9s azok r\u00e9szletei t\u00f6bb sz\u00e1z k\u00f6tetet, valamint t\u00f6bb ezer magyar\u00e1zatot \u00e9s elemz\u00e9st ig\u00e9nyeln\u00e9nek.<\/h1>\n<h1 style=\"text-align: center;\">Allah fizesse meg Tamer Badr professzornak a nagy er\u0151fesz\u00edt\u00e9seit! Azt tan\u00e1csolom neki, hogy minden k\u00f6nyv\u00e9vel \u00faj\u00edtsa meg sz\u00e1nd\u00e9k\u00e1t, hogy a Mindenhat\u00f3 Allah sz\u00e9les k\u00f6r\u0171 terjeszt\u00e9st biztos\u00edtson k\u00f6nyveinek, \u00e9s b\u0151s\u00e9ges jutalmat \u00e9s \u00e1tfog\u00f3 k\u00e1rp\u00f3tl\u00e1st adjon neki.<\/h1>\n<h1 style=\"text-align: center;\">Arra k\u00e9rem Istent, hogy dics\u0151\u00edtse az iszl\u00e1mot \u00e9s a muszlimokat<\/h1>\n<h1 style=\"text-align: center;\">Dr. Ragheb Al-Sarjani professzor<\/h1>","protected":false},"excerpt":{"rendered":"<p>\u0645\u0642\u062f\u0645\u0629 \u0627\u0644\u0627\u0633\u062a\u0627\u0630 \u0627\u0644\u062f\u0643\u062a\u0648\u0631 \u0631\u0627\u063a\u0628 \u0627\u0644\u0633\u0631\u062c\u0627\u0646\u064a \u0644\u0643\u062a\u0627\u0628 \u0623\u064a\u0627\u0645 \u0644\u0627 \u062a\u0646\u0633\u0649 \u0639\u0627\u0646\u064a \u0627\u0644\u062a\u0627\u0631\u064a\u062e \u0627\u0644\u0625\u0633\u0644\u0627\u0645\u064a \u0643\u062b\u064a\u0631\u064b\u0627 \u0645\u0646 \u0627\u0644\u0625\u0647\u0645\u0627\u0644 \u0639\u0644\u0649 \u0645\u062f\u0627\u0631 \u0627\u0644\u0633\u0646\u0648\u0627\u062a \u0648\u0627\u0644\u0642\u0631\u0648\u0646\u060c \u0648\u0643\u0627\u0646\u062a \u0627\u0644\u0646\u062a\u064a\u062c\u0629 \u0623\u0646 \u0639\u0628\u062b \u0643\u062b\u064a\u0631 \u0645\u0646 \u0627\u0644\u0645\u0633\u062a\u0634\u0631\u0642\u064a\u0646 \u0648\u0627\u0644\u0645\u0633\u062a\u063a\u0631\u0628\u064a\u0646 \u0641\u064a \u0647\u0630\u0627 \u0627\u0644\u062a\u0627\u0631\u064a\u062e\u061b \u0648\u0628\u0627\u0644\u062a\u0627\u0644\u064a \u062e\u0631\u062c \u0644\u0646\u0627 \u0627\u0644\u062a\u0627\u0631\u064a\u062e \u0628\u0635\u0648\u0631\u0629 \u0645\u063a\u0627\u064a\u0631\u0629 \u0643\u062b\u064a\u0631\u064b\u0627 \u0639\u0646 \u0627\u0644\u062d\u0642\u064a\u0642\u0629\u060c \u0648\u0627\u0644\u0623\u0646\u0643\u0649 \u0645\u0646 \u0630\u0644\u0643 \u0623\u0646 \u0627\u0644\u062f\u0631\u0648\u0633 \u0648\u0627\u0644\u0639\u0628\u0631 \u062a\u0627\u0647\u062a \u0648\u0633\u0637 \u0647\u0630\u0647 \u0627\u0644\u062a\u062d\u0631\u064a\u0641\u0627\u062a\u060c \u0641\u0635\u0627\u0631 \u0627\u0644\u062a\u0627\u0631\u064a\u062e \u062f\u0631\u0627\u0633\u0629 \u0623\u0643\u0627\u062f\u064a\u0645\u064a\u0629 \u0644\u0627 \u0645\u0639\u0646\u0649 [&hellip;]<\/p>","protected":false},"featured_media":19689,"comment_status":"open","ping_status":"closed","template":"","meta":{"_seopress_robots_primary_cat":"","_seopress_titles_title":"","_seopress_titles_desc":"","_seopress_robots_index":"","inline_featured_image":false,"_uf_show_specific_survey":0,"_uf_disable_surveys":false},"product_brand":[],"product_cat":[189],"product_tag":[],"class_list":{"0":"post-19575","1":"product","2":"type-product","3":"status-publish","4":"has-post-thumbnail","6":"product_cat-189","8":"first","9":"instock","10":"downloadable","11":"shipping-taxable","12":"purchasable","13":"product-type-simple"},"_links":{"self":[{"href":"https:\/\/tamerbadr.com\/hu\/wp-json\/wp\/v2\/product\/19575","targetHints":{"allow":["GET"]}}],"collection":[{"href":"https:\/\/tamerbadr.com\/hu\/wp-json\/wp\/v2\/product"}],"about":[{"href":"https:\/\/tamerbadr.com\/hu\/wp-json\/wp\/v2\/types\/product"}],"replies":[{"embeddable":true,"href":"https:\/\/tamerbadr.com\/hu\/wp-json\/wp\/v2\/comments?post=19575"}],"wp:featuredmedia":[{"embeddable":true,"href":"https:\/\/tamerbadr.com\/hu\/wp-json\/wp\/v2\/media\/19689"}],"wp:attachment":[{"href":"https:\/\/tamerbadr.com\/hu\/wp-json\/wp\/v2\/media?parent=19575"}],"wp:term":[{"taxonomy":"product_brand","embeddable":true,"href":"https:\/\/tamerbadr.com\/hu\/wp-json\/wp\/v2\/product_brand?post=19575"},{"taxonomy":"product_cat","embeddable":true,"href":"https:\/\/tamerbadr.com\/hu\/wp-json\/wp\/v2\/product_cat?post=19575"},{"taxonomy":"product_tag","embeddable":true,"href":"https:\/\/tamerbadr.com\/hu\/wp-json\/wp\/v2\/product_tag?post=19575"}],"curies":[{"name":"munkaf\u00fczet","href":"https:\/\/api.w.org\/{rel}","templated":true}]}}