{"id":20137,"date":"2025-03-19T15:40:18","date_gmt":"2025-03-19T15:40:18","guid":{"rendered":"https:\/\/white-ant-267257.hostingersite.com\/?page_id=20137"},"modified":"2025-04-06T08:18:15","modified_gmt":"2025-04-06T08:18:15","slug":"the-book-of-the-virtue-of-patience-in-the-face-of-adversity","status":"publish","type":"page","link":"https:\/\/tamerbadr.com\/hu\/the-book-of-the-virtue-of-patience-in-the-face-of-adversity","title":{"rendered":"A t\u00fcrelem er\u00e9ny\u00e9nek k\u00f6nyve a neh\u00e9zs\u00e9gekkel szemben"},"content":{"rendered":"<div data-elementor-type=\"wp-page\" data-elementor-id=\"20137\" class=\"elementor elementor-20137\" data-elementor-post-type=\"page\">\n\t\t\t\t<div class=\"elementor-element elementor-element-c8c7aab e-flex e-con-boxed e-con e-parent\" data-id=\"c8c7aab\" data-element_type=\"container\">\n\t\t\t\t\t<div class=\"e-con-inner\">\n\t\t<div class=\"elementor-element elementor-element-6483b1a e-con-full e-flex e-con e-child\" data-id=\"6483b1a\" data-element_type=\"container\">\n\t\t\t\t<div class=\"elementor-element elementor-element-6058eb2 elementor-widget elementor-widget-wc-elements\" data-id=\"6058eb2\" data-element_type=\"widget\" data-widget_type=\"wc-elements.default\">\n\t\t\t\t<div class=\"elementor-widget-container\">\n\t\t\t\t\t<div class=\"woocommerce\">\t\t\t<div class=\"single-product\" data-product-page-preselected-id=\"0\">\n\t\t\t\t<div class=\"woocommerce-notices-wrapper\"><\/div><div id=\"product-19573\" class=\"product type-product post-19573 status-publish first instock product_cat-191 has-post-thumbnail downloadable shipping-taxable purchasable product-type-simple\">\n\n\t<div class=\"woocommerce-product-gallery woocommerce-product-gallery--with-images woocommerce-product-gallery--columns-4 images\" data-columns=\"4\" style=\"opacity: 0; transition: opacity .25s ease-in-out;\">\n\t<div class=\"woocommerce-product-gallery__wrapper\">\n\t\t<div data-thumb=\"https:\/\/tamerbadr.com\/wp-content\/uploads\/2025\/03\/\u0641\u0636\u0644-\u0627\u0644\u0635\u0628\u0631-\u0639\u0644\u0649-\u0627\u0644\u0628\u0644\u0627\u0621.jpg\" data-thumb-alt=\"\u0643\u062a\u0627\u0628 \u0641\u0636\u0644 \u0627\u0644\u0635\u0628\u0631 \u0639\u0644\u064a \u0627\u0644\u0628\u0644\u0627\u0621\" data-thumb-srcset=\"\"  data-thumb-sizes=\"(max-width: 71px) 100vw, 71px\" class=\"woocommerce-product-gallery__image\"><a href=\"https:\/\/tamerbadr.com\/wp-content\/uploads\/2025\/03\/\u0641\u0636\u0644-\u0627\u0644\u0635\u0628\u0631-\u0639\u0644\u0649-\u0627\u0644\u0628\u0644\u0627\u0621.jpg\"><img fetchpriority=\"high\" decoding=\"async\" width=\"480\" height=\"676\" src=\"https:\/\/tamerbadr.com\/wp-content\/uploads\/2025\/03\/\u0641\u0636\u0644-\u0627\u0644\u0635\u0628\u0631-\u0639\u0644\u0649-\u0627\u0644\u0628\u0644\u0627\u0621.jpg\" class=\"wp-post-image\" alt=\"A t\u00fcrelem er\u00e9ny\u00e9nek k\u00f6nyve a neh\u00e9zs\u00e9gekkel szemben\" data-caption=\"\" data-src=\"https:\/\/tamerbadr.com\/wp-content\/uploads\/2025\/03\/\u0641\u0636\u0644-\u0627\u0644\u0635\u0628\u0631-\u0639\u0644\u0649-\u0627\u0644\u0628\u0644\u0627\u0621.jpg\" data-large_image=\"https:\/\/tamerbadr.com\/wp-content\/uploads\/2025\/03\/\u0641\u0636\u0644-\u0627\u0644\u0635\u0628\u0631-\u0639\u0644\u0649-\u0627\u0644\u0628\u0644\u0627\u0621.jpg\" data-large_image_width=\"480\" data-large_image_height=\"676\" \/><\/a><\/div><div data-thumb=\"https:\/\/tamerbadr.com\/wp-content\/uploads\/2025\/03\/\u0645\u0624\u0644\u0641\u0627\u062a-\u062a\u0627\u0645\u0631-\u0628\u062f\u0631-1-6.jpg\" data-thumb-alt=\"\u0643\u062a\u0627\u0628 \u0641\u0636\u0644 \u0627\u0644\u0635\u0628\u0631 \u0639\u0644\u064a \u0627\u0644\u0628\u0644\u0627\u0621 - 2 k\u00e9p\" data-thumb-srcset=\"\"  data-thumb-sizes=\"(max-width: 92px) 100vw, 92px\" class=\"woocommerce-product-gallery__image\" data-no-translation-data-thumb-alt=\"\"><a href=\"https:\/\/tamerbadr.com\/wp-content\/uploads\/2025\/03\/\u0645\u0624\u0644\u0641\u0627\u062a-\u062a\u0627\u0645\u0631-\u0628\u062f\u0631-1-6.jpg\"><img decoding=\"async\" width=\"389\" height=\"422\" src=\"https:\/\/tamerbadr.com\/wp-content\/uploads\/2025\/03\/\u0645\u0624\u0644\u0641\u0627\u062a-\u062a\u0627\u0645\u0631-\u0628\u062f\u0631-1-6.jpg\" class=\"\" alt=\"\u0643\u062a\u0627\u0628 \u0641\u0636\u0644 \u0627\u0644\u0635\u0628\u0631 \u0639\u0644\u064a \u0627\u0644\u0628\u0644\u0627\u0621 - 2 k\u00e9p\" data-caption=\"CREATOR: gd-jpeg v1.0 (using IJG JPEG v62), quality = 90\" data-src=\"https:\/\/tamerbadr.com\/wp-content\/uploads\/2025\/03\/\u0645\u0624\u0644\u0641\u0627\u062a-\u062a\u0627\u0645\u0631-\u0628\u062f\u0631-1-6.jpg\" data-large_image=\"https:\/\/tamerbadr.com\/wp-content\/uploads\/2025\/03\/\u0645\u0624\u0644\u0641\u0627\u062a-\u062a\u0627\u0645\u0631-\u0628\u062f\u0631-1-6.jpg\" data-large_image_width=\"389\" data-large_image_height=\"422\" data-no-translation-alt=\"\" \/><\/a><\/div>\t<\/div>\n<\/div>\n\n\t<div class=\"summary entry-summary\">\n\t\t<h1 class=\"product_title entry-title\">A t\u00fcrelem er\u00e9ny\u00e9nek k\u00f6nyve a neh\u00e9zs\u00e9gekkel szemben<\/h1><p class=\"price\"><span class=\"woocommerce-Price-amount amount\"><bdi><span class=\"woocommerce-Price-currencySymbol\">Egyiptomi font<\/span>40.00<\/bdi><\/span><\/p>\n\n\t\n\t<form class=\"cart\" action=\"\" method=\"post\" enctype='multipart\/form-data' data-trp-original-action=\"\">\n\t\t\n\t\t<div class=\"quantity\">\n\t\t<label class=\"screen-reader-text\" for=\"quantity_69fee6fb7d4d2\" data-no-translation=\"\" data-trp-gettext=\"\">\u0643\u062a\u0627\u0628 \u0641\u0636\u0644 \u0627\u0644\u0635\u0628\u0631 \u0639\u0644\u064a \u0627\u0644\u0628\u0644\u0627\u0621 mennyis\u00e9g<\/label>\n\t<input\n\t\ttype=\"number\"\n\t\t\t\tid=\"quantity_69fee6fb7d4d2\"\n\t\tclass=\"input-text qty text\"\n\t\tname=\"quantity\"\n\t\tvalue=\"1\"\n\t\taria-label=\"Term\u00e9k mennyis\u00e9g\"\n\t\t\t\tmin=\"1\"\n\t\t\t\t\t\t\tstep=\"1\"\n\t\t\tplaceholder=\"\"\n\t\t\tinputmode=\"numeric\"\n\t\t\tautocomplete=\"off\" data-no-translation-aria-label=\"\"\n\t\t\t\/>\n\t<\/div>\n\n\t\t<button type=\"submit\" name=\"add-to-cart\" value=\"19573\" class=\"single_add_to_cart_button button alt\" data-no-translation=\"\" data-trp-gettext=\"\">Kos\u00e1rba teszem<\/button>\n\n\t\t\n        <script>\n            document.addEventListener('DOMContentLoaded', function(){\n                document.addEventListener('click', function(event){\n                    if(!event.target.matches('.single_add_to_cart_button')){\n                        return;\n                    }\n\n                    const quantity = document.querySelector('input.qty').value || '1';\n                    const formProductVariation = document.querySelector('form[data-product_variations]')\n                    const variationItem = document.querySelector('.variation_id')\n\n                    let price = 40\n                    if(formProductVariation && variationItem){\n                        try{\n                            const variations = JSON.parse(formProductVariation.dataset.product_variations)\n                            const variationId = variationItem.value\n                            for(const variation of variations){\n                                if(variation.variation_id == Number(variationId)){\n                                    price = variation.display_price\n                                }\n                            }\n                        }\n                        catch{\n                        }\n                    }\n\n                    gtag('event', 'add_to_cart', {\n                        'items': [ {\n                            'item_id':'19573',\n                            'item_name': '\u0643\u062a\u0627\u0628 \u0641\u0636\u0644 \u0627\u0644\u0635\u0628\u0631 \u0639\u0644\u064a \u0627\u0644\u0628\u0644\u0627\u0621',\n                            'list_name': '\u0643\u062a\u0627\u0628 \u0641\u0636\u0644 \u0627\u0644\u0635\u0628\u0631 \u0639\u0644\u064a \u0627\u0644\u0628\u0644\u0627\u0621',\n                            'quantity': quantity,\n                            'price': price,\n                            \"item_category\":\"\u062f\u064a\u0646 \u0625\u0633\u0644\u0627\u0645\u064a\"\n                        }]\n                    });\n                })\n            });\n        <\/script>\n        \t<input type=\"hidden\" name=\"trp-form-language\" value=\"hu\"\/><\/form>\n\n\t\n<div class=\"product_meta\">\n\n\t\n\t\n\t<span class=\"posted_in\">Kateg\u00f3ria: <a href=\"https:\/\/tamerbadr.com\/hu\/termekkategoria\/%d8%af%d9%8a%d9%86-%d8%a5%d8%b3%d9%84%d8%a7%d9%85%d9%8a\" rel=\"tag\">Iszl\u00e1m vall\u00e1s<\/a><\/span>\n\t\n\t\n<\/div>\n\t<\/div>\n\n\t\n\t<div class=\"woocommerce-tabs wc-tabs-wrapper\">\n\t\t<ul class=\"tabs wc-tabs\" role=\"tablist\">\n\t\t\t\t\t\t\t<li role=\"presentation\" class=\"description_tab\" id=\"tab-title-description\">\n\t\t\t\t\t<a href=\"#tab-description\" role=\"tab\" aria-controls=\"tab-description\">\n\t\t\t\t\t\tLe\u00edr\u00e1s\t\t\t\t\t<\/a>\n\t\t\t\t<\/li>\n\t\t\t\t\t\t\t<li role=\"presentation\" class=\"reviews_tab\" id=\"tab-title-reviews\">\n\t\t\t\t\t<a href=\"#tab-reviews\" role=\"tab\" aria-controls=\"tab-reviews\">\n\t\t\t\t\t\tV\u00e9lem\u00e9nyek (0)\t\t\t\t\t<\/a>\n\t\t\t\t<\/li>\n\t\t\t\t\t<\/ul>\n\t\t\t\t\t<div class=\"woocommerce-Tabs-panel woocommerce-Tabs-panel--description panel entry-content wc-tab\" id=\"tab-description\" role=\"tabpanel\" aria-labelledby=\"tab-title-description\">\n\t\t\t\t\n\t<h2 data-no-translation=\"\" data-trp-gettext=\"\">Le\u00edr\u00e1s<\/h2>\n\n<h1 style=\"text-align: center;\"><strong>Sheikh Muhammad Hassan bevezet\u0151je A t\u00fcrelem er\u00e9nye a neh\u00e9zs\u00e9gek k\u00f6zepette c\u00edm\u0171 k\u00f6nyvh\u00f6z<\/strong><\/h1>\n<h1 style=\"text-align: center;\">Dics\u0151s\u00e9g Istennek, \u00e9s Isten im\u00e1i \u00e9s b\u00e9k\u00e9je legyen Isten H\u00edrn\u00f6k\u00e9vel, Isten \u00e1ldja meg \u00e9s adjon neki b\u00e9k\u00e9t.<\/h1>\n<h1 style=\"text-align: center;\">A Mindenhat\u00f3 Allah a t\u00fcrelmet t\u00e9vedhetetlen l\u00f3v\u00e1, legy\u0151zhetetlen seregg\u00e9 \u00e9s rombolhatatlan er\u0151d\u00edtm\u00e9nny\u00e9 tette. \u0150, a Mindenhat\u00f3, azt mondta, hogy a t\u00fcrelmesek Allah t\u00e1rsas\u00e1g\u00e1ban vannak, \u00e9s \u0150 szereti \u0151ket. Micsoda megtiszteltet\u00e9s!!<\/h1>\n<h1 style=\"text-align: center;\">A Mindenhat\u00f3 Allah azt mondta: \u201eBizony, Allah a t\u00fcrelmesekkel van.\u201d (Kor\u00e1n, 153)<\/h1>\n<h1 style=\"text-align: center;\">A Mindenhat\u00f3 Isten azt mondta: \u201e\u00c9s Isten szereti a t\u00fcrelmeseket.\u201d (Al Imran: 146)<\/h1>\n<h1 style=\"text-align: center;\">\u00c9s a vall\u00e1s vezet\u00e9s\u00e9t a t\u00fcrelemt\u0151l \u00e9s a bizonyoss\u00e1gt\u00f3l tette f\u00fcgg\u0151v\u00e9, ez\u00e9rt mondta \u0150, a Mindenhat\u00f3: \u201e\u00c9s k\u00f6z\u00fcl\u00fck tettem vezet\u0151ket, akik a mi parancsunkkal vezettek, amikor t\u00fcrelmesek voltak \u00e9s biztosak voltak a mi jeleinkben.\u201d [Asz-Szadd\u00e1: 24]<\/h1>\n<h1 style=\"text-align: center;\">\u00c9s \u00f6sszegy\u0171jt\u00f6tte a t\u00fcrelmeseknek ezeket az \u00f6r\u00f6mh\u00edreket, amelyeket m\u00e1soknak nem gy\u0171jt\u00f6tt \u00f6ssze, ez\u00e9rt mondta \u0150, a Magass\u00e1gos: \u201e\u00c9s bizony pr\u00f3b\u00e1ra tesz\u00fcnk benneteket f\u00e9lelemmel, \u00e9hs\u00e9ggel, vagyon, \u00e9let \u00e9s gy\u00fcm\u00f6lcs elveszt\u00e9s\u00e9vel, de j\u00f3 h\u00edrt adjunk a t\u00fcrelmeseknek, (155) akik, amikor baj s\u00fajtja \u0151ket, azt mondj\u00e1k: \u201eBizony, Istenhez tartozunk, \u00e9s Hozz\u00e1 fogunk visszat\u00e9rni.\u201d (156) \u0150k r\u00e9szes\u00fclnek Uruk \u00e1ld\u00e1s\u00e1ban \u00e9s irgalm\u00e1ban. \u00c9s \u0151k azok, akik [helyesen] vezettetnek.\u201d (157) [Al-Baqarah]<\/h1>\n<h1 style=\"text-align: center;\">Akkor a Mindenhat\u00f3 elmagyar\u00e1zta a t\u00fcrelmesek tisztelet\u00e9t a Paradicsomban az\u00e1ltal, hogy az angyalok bel\u00e9ptek, hogy \u00fcdv\u00f6z\u00f6lj\u00e9k \u0151ket, \u00e9s \u00fcdv\u00f6z\u00f6lt\u00e9k \u0151ket, ahogy \u0150, a Mindenhat\u00f3 mondta: \u201e\u00c9s az angyalok minden kapun bel\u00e9pnek majd hozz\u00e1juk, [mondv\u00e1n]: \u00bbB\u00e9ke legyen veletek az\u00e9rt, amit t\u00fcrelmesen elviseltetek. \u00c9s kiv\u00e1l\u00f3 a v\u00e9gs\u0151 otthon!\u00ab\u201d (Al-Ra\u2019d)<\/h1>\n<h1 style=\"text-align: center;\">\u00c9rdem\u00fcket \u00e9s korl\u00e1tlan jutalmukat \u00edgy \u00f6sszegezte: \u201eCsak a t\u00fcrelmesek kapj\u00e1k meg a teljes jutalmukat, sz\u00e1monk\u00e9r\u00e9s n\u00e9lk\u00fcl.\u201d (Az-Zumar: 10)<\/h1>\n<h1 style=\"text-align: center;\">Igen, a t\u00fcrelem, ahogy a neve is sugallja, keser\u0171 \u00edz\u0171, de a k\u00f6vetkezm\u00e9nyei \u00e9desebbek a m\u00e9zn\u00e9l.<\/h1>\n<h1 style=\"text-align: center;\">Mi a t\u00fcrelem?<\/h1>\n<h1 style=\"text-align: center;\">A nyelvi t\u00fcrelem: megel\u0151z\u00e9s \u00e9s elszigetel\u00e9s.<\/h1>\n<h1 style=\"text-align: center;\">Az iszl\u00e1m t\u00f6rv\u00e9nyei szerint a t\u00fcrelem azt jelenti, hogy visszatartjuk magunkat az agg\u00f3d\u00e1st\u00f3l, visszatartjuk a nyelv\u00fcnket a panaszkod\u00e1st\u00f3l, \u00e9s megf\u00e9kezz\u00fck a v\u00e9gtagjainkat a b\u0171n\u00f6k elk\u00f6vet\u00e9s\u00e9t\u0151l.<\/h1>\n<h1 style=\"text-align: center;\">* H\u00e1rom r\u00e9szre oszlik:<\/h1>\n<h1 style=\"text-align: center;\">T\u00fcrelem a paranccsal. Vagyis t\u00fcrelem az engedelmess\u00e9ggel.<\/h1>\n<h1 style=\"text-align: center;\">- \u00c9s t\u00fcrelem a tiltott elker\u00fcl\u00e9s\u00e9ben. Vagyis t\u00fcrelem a b\u0171n elker\u00fcl\u00e9s\u00e9ben.<\/h1>\n<h1 style=\"text-align: center;\">- \u00c9s t\u00fcrelem a sorssal szemben. Vagyis t\u00fcrelem a csap\u00e1sokkal \u00e9s megpr\u00f3b\u00e1ltat\u00e1sokkal szemben, amelyeket a Mindenhat\u00f3 Isten a szolg\u00e1nak \u00edt\u00e9lt.<\/h1>\n<h1 style=\"text-align: center;\">A gy\u00f6ny\u00f6r\u0171 t\u00fcrelem az, ami Allah, a Legfels\u0151bb, a Legnagyobb tetsz\u00e9s\u00e9t keresi, nem az\u00e9rt, mert f\u00e9l az emberekt\u0151l, nehogy t\u00fcrelmetlennek mondj\u00e1k, \u00e9s nem is az\u00e9rt, hogy sz\u00e9p\u00edtse az embereket, nehogy t\u00fcrelmesnek mondj\u00e1k. Ink\u00e1bb t\u00fcrelmes, hisz Allah j\u00f3 \u00e9s rossz rendel\u00e9seiben, fel\u00fclemelkedik a f\u00e1jdalmon \u00e9s a panaszon.<\/h1>\n<h1 style=\"text-align: center;\">A vizsg\u00e1lat szerint k\u00e9tf\u00e9le panasz l\u00e9tezik:<\/h1>\n<h1 style=\"text-align: center;\">Panasz Istennek, \u00e9s panasz Istent\u0151l!!<\/h1>\n<h1 style=\"text-align: center;\">Ami az Istenhez val\u00f3 panaszt illeti, az nem mond ellent a t\u00fcrelemnek, ahogy Isten mondta J\u00e1kob egy elbesz\u00e9l\u00e9s\u00e9ben (b\u00e9ke legyen vele): \u201eTeh\u00e1t a t\u00fcrelem a legmegfelel\u0151bb, \u00e9s Istenhez fordulnak seg\u00edts\u00e9g\u00e9rt azzal szemben, amit le\u00edrsz.\u201d (J\u00faz\u00faf: 18)<\/h1>\n<h1 style=\"text-align: center;\">Azonban panasz\u00e1t Istenhez emelte, mondv\u00e1n: \u201eCsak a szenved\u00e9semet \u00e9s a b\u00e1natomat panaszolom Istennek\u201d (Jusz\u00faf: 86).<\/h1>\n<h1 style=\"text-align: center;\">A Mindenhat\u00f3 Isten dics\u00e9rte J\u00f3bot, b\u00e9ke legyen vele, m\u00e9gis panaszkodott Istenhez, mondv\u00e1n: \u201e\u00c9s amikor J\u00f3b az \u0151 Ur\u00e1hoz ki\u00e1ltott: \u00bbBizony, nyomor\u00fas\u00e1g \u00e9rt engem, \u00e9s Te vagy a legirgalmasabb az irgalmasok k\u00f6z\u00f6tt.\u00ab\u201d (Al-Anbiya: 83)<\/h1>\n<h1 style=\"text-align: center;\">A b\u00f6lcs h\u00edv\u0151nek tudnia kell, hogy ez a vil\u00e1g a megpr\u00f3b\u00e1ltat\u00e1sok \u00e9s megpr\u00f3b\u00e1ltat\u00e1sok helye, \u00f6r\u00f6me pedig \u00e1lom \u00e9s m\u00fal\u00f3 \u00e1rny\u00e9k. Ha egy kicsit megnevettet, sokat s\u00edrat. Ha egy napra boldogg\u00e1 tesz, egy \u00e9letre elszomor\u00edt. Ha egy kis \u00f6r\u00f6met okoz, sok\u00e1ig megfoszt. \u00c9s minden \u00f6r\u00f6mre jut egy b\u00e1nat is!!<\/h1>\n<h1 style=\"text-align: center;\">A b\u00f6lcs ember az, aki bel\u00e1t\u00e1s\u00e1nak szem\u00e9vel \u00e9s hit\u00e9nek f\u00e9ny\u00e9vel n\u00e9z, \u00e9s bizonyosan tudja, hogy ami vele t\u00f6rt\u00e9nt, az nem t\u00f6rt\u00e9nhetett meg vele, \u00e9s amivel nem \u00e9rt c\u00e9lt, az nem t\u00f6rt\u00e9nhetett meg vele. Ez\u00e9rt a Mindenhat\u00f3 Isten K\u00f6nyv\u00e9ben \u00e9s K\u00fcld\u00f6tte \u2013 Isten \u00e1ldja meg \u00e9s adjon neki b\u00e9k\u00e9t \u2013 szunn\u00e1j\u00e1ban keresi a t\u00fcrelmesek jutalm\u00e1t.<\/h1>\n<h1 style=\"text-align: center;\">Azt\u00e1n oltsa el a csap\u00e1sok \u00e9s megpr\u00f3b\u00e1ltat\u00e1sok t\u00fcz\u00e9t a s\u00fajtottak, k\u00fcl\u00f6n\u00f6sen a K\u00fcld\u00f6ttek \u00e9s Pr\u00f3f\u00e9t\u00e1k p\u00e9ld\u00e1j\u00e1t k\u00f6vet\u0151 hidegv\u00e9rrel.<\/h1>\n<h1 style=\"text-align: center;\">Akkor, ha k\u00f6r\u00fcln\u00e9zne \u00e9s kutatna a f\u00f6ld n\u00e9pei k\u00f6z\u00f6tt, nem l\u00e1tna k\u00f6zt\u00fck senkit, csak valakit, akit egy szeretett szem\u00e9ly elveszt\u00e9se vagy valami kellemetlen dolog t\u00f6rt\u00e9nt!!<\/h1>\n<h1 style=\"text-align: center;\">Mennyire sz\u00fcks\u00e9g\u00fcnk van egy \u00e1lland\u00f3 eml\u00e9keztet\u0151re egy olyan id\u0151ben, amikor sok a megpr\u00f3b\u00e1ltat\u00e1s \u00e9s a neh\u00e9zs\u00e9g, \u00e9s azok s\u00falyosak.<\/h1>\n<h1 style=\"text-align: center;\">K\u00f6sz\u00f6net a neh\u00e9zs\u00e9gekkel szembeni t\u00fcrelem\u00e9rt, a neh\u00e9zs\u00e9gek m\u00f6g\u00f6tt rejl\u0151 b\u00f6lcsess\u00e9g meg\u00e9rt\u00e9s\u00e9\u00e9rt, a neh\u00e9zs\u00e9gek t\u00edpusainak megismer\u00e9s\u00e9\u00e9rt, a k\u00fcld\u00f6ttek \u00e9s pr\u00f3f\u00e9t\u00e1k p\u00e9ld\u00e1j\u00e1nak k\u00f6vet\u00e9s\u00e9\u00e9rt, valamint m\u00e1s fontos k\u00e9rd\u00e9sek\u00e9rt, amelyek ehhez a nemes t\u00e9m\u00e1hoz kapcsol\u00f3dnak.<\/h1>\n<h1 style=\"text-align: center;\">Egy kedves \u00fczenet van a kezemben szeretett testv\u00e9r\u00fcnkt\u0151l, Tamer Badrt\u00f3l. Isten fizesse meg \u0151t j\u00f3val, tegyen minket \u00e9s \u0151t a t\u00fcrelmesek k\u00f6z\u00e9, \u00e9s \u00f6rvendeztesse meg mindannyiunkat e vall\u00e1s gy\u0151zelm\u00e9vel. Isten im\u00e1i \u00e9s b\u00e9k\u00e9je sz\u00e1lljon a pr\u00f3f\u00e9t\u00e1k vezet\u0151j\u00e9re, minden csal\u00e1dj\u00e1ra \u00e9s t\u00e1rsaira.<\/h1>\n<h1 style=\"text-align: center;\">\u00cdrta<\/h1>\n\t\t\t<\/div>\n\t\t\t\t\t<div class=\"woocommerce-Tabs-panel woocommerce-Tabs-panel--reviews panel entry-content wc-tab\" id=\"tab-reviews\" role=\"tabpanel\" aria-labelledby=\"tab-title-reviews\">\n\t\t\t\t<div id=\"reviews\" class=\"woocommerce-Reviews\">\n\t<div id=\"comments\">\n\t\t<h2 class=\"woocommerce-Reviews-title\">\n\t\t\t\u00c9rt\u00e9kel\u00e9sek\t\t<\/h2>\n\n\t\t\t\t\t<p class=\"woocommerce-noreviews\" data-no-translation=\"\" data-trp-gettext=\"\">M\u00e9g nincsenek \u00e9rt\u00e9kel\u00e9sek.<\/p>\n\t\t\t<\/div>\n\n\t\t\t<div id=\"review_form_wrapper\">\n\t\t\t<div id=\"review_form\">\n\t\t\t\t\t<div id=\"respond\" class=\"comment-respond\">\n\t\t<span id=\"reply-title\" class=\"comment-reply-title\" role=\"heading\" aria-level=\"3\">&bdquo;\u0643\u062a\u0627\u0628 \u0641\u0636\u0644 \u0627\u0644\u0635\u0628\u0631 \u0639\u0644\u064a \u0627\u0644\u0628\u0644\u0627\u0621&rdquo; \u00e9rt\u00e9kel\u00e9se els\u0151k\u00e9nt <small><a rel=\"nofollow\" id=\"cancel-comment-reply-link\" href=\"\/hu\/wp-json\/wp\/v2\/pages\/20137#respond\" style=\"display:none;\">V\u00e1lasz megszak\u00edt\u00e1sa<\/a><\/small><\/span><p class=\"must-log-in\" data-no-translation=\"\" data-trp-gettext=\"\">V\u00e9lem\u00e9ny \u00edr\u00e1s\u00e1hoz <a href=\"https:\/\/tamerbadr.com\/hu\/\">l\u00e9pj be<\/a> el\u0151bb.<\/p>\t<\/div><!-- #respond -->\n\t\t\t\t<\/div>\n\t\t<\/div>\n\t\n\t<div class=\"clear\"><\/div>\n<\/div>\n\t\t\t<\/div>\n\t\t\n\t\t\t<\/div>\n\n<\/div>\n\n\t\t\t<\/div>\n\t\t\t<\/div>\t\t\t\t<\/div>\n\t\t\t\t<\/div>\n\t\t\t\t<\/div>\n\t\t\t\t\t<\/div>\n\t\t\t\t<\/div>\n\t\t\t\t<\/div>","protected":false},"excerpt":{"rendered":"","protected":false},"author":1,"featured_media":0,"parent":0,"menu_order":0,"comment_status":"closed","ping_status":"closed","template":"elementor_header_footer","meta":{"_seopress_robots_primary_cat":"","_seopress_titles_title":"","_seopress_titles_desc":"","_seopress_robots_index":"","inline_featured_image":false,"_uf_show_specific_survey":0,"_uf_disable_surveys":false,"footnotes":""},"class_list":["post-20137","page","type-page","status-publish"],"_links":{"self":[{"href":"https:\/\/tamerbadr.com\/hu\/wp-json\/wp\/v2\/pages\/20137","targetHints":{"allow":["GET"]}}],"collection":[{"href":"https:\/\/tamerbadr.com\/hu\/wp-json\/wp\/v2\/pages"}],"about":[{"href":"https:\/\/tamerbadr.com\/hu\/wp-json\/wp\/v2\/types\/page"}],"author":[{"embeddable":true,"href":"https:\/\/tamerbadr.com\/hu\/wp-json\/wp\/v2\/users\/1"}],"replies":[{"embeddable":true,"href":"https:\/\/tamerbadr.com\/hu\/wp-json\/wp\/v2\/comments?post=20137"}],"version-history":[{"count":0,"href":"https:\/\/tamerbadr.com\/hu\/wp-json\/wp\/v2\/pages\/20137\/revisions"}],"wp:attachment":[{"href":"https:\/\/tamerbadr.com\/hu\/wp-json\/wp\/v2\/media?parent=20137"}],"curies":[{"name":"munkaf\u00fczet","href":"https:\/\/api.w.org\/{rel}","templated":true}]}}