{"id":20107,"date":"2025-03-19T15:25:05","date_gmt":"2025-03-19T15:25:05","guid":{"rendered":"https:\/\/white-ant-267257.hostingersite.com\/?page_id=20107"},"modified":"2025-04-06T08:17:19","modified_gmt":"2025-04-06T08:17:19","slug":"the-book-of-the-characteristics-of-the-shepherd-and-the-flock","status":"publish","type":"page","link":"https:\/\/tamerbadr.com\/hu\/the-book-of-the-characteristics-of-the-shepherd-and-the-flock","title":{"rendered":"A p\u00e1sztor \u00e9s a ny\u00e1j jellemz\u0151inek k\u00f6nyve"},"content":{"rendered":"<div data-elementor-type=\"wp-page\" data-elementor-id=\"20107\" class=\"elementor elementor-20107\" data-elementor-post-type=\"page\">\n\t\t\t\t<div class=\"elementor-element elementor-element-c8c7aab e-flex e-con-boxed e-con e-parent\" data-id=\"c8c7aab\" data-element_type=\"container\">\n\t\t\t\t\t<div class=\"e-con-inner\">\n\t\t<div class=\"elementor-element elementor-element-6483b1a e-con-full e-flex e-con e-child\" data-id=\"6483b1a\" data-element_type=\"container\">\n\t\t\t\t<div class=\"elementor-element elementor-element-6058eb2 elementor-widget elementor-widget-wc-elements\" data-id=\"6058eb2\" data-element_type=\"widget\" data-widget_type=\"wc-elements.default\">\n\t\t\t\t<div class=\"elementor-widget-container\">\n\t\t\t\t\t<div class=\"woocommerce\">\t\t\t<div class=\"single-product\" data-product-page-preselected-id=\"0\">\n\t\t\t\t<div class=\"woocommerce-notices-wrapper\"><\/div><div id=\"product-19585\" class=\"product type-product post-19585 status-publish first instock product_cat-187 has-post-thumbnail downloadable shipping-taxable purchasable product-type-simple\">\n\n\t<div class=\"woocommerce-product-gallery woocommerce-product-gallery--with-images woocommerce-product-gallery--columns-4 images\" data-columns=\"4\" style=\"opacity: 0; transition: opacity .25s ease-in-out;\">\n\t<div class=\"woocommerce-product-gallery__wrapper\">\n\t\t<div data-thumb=\"https:\/\/tamerbadr.com\/wp-content\/uploads\/2025\/03\/\u0635\u0641\u0629-\u0627\u0644\u0631\u0627\u0639\u0649-\u0648\u0627\u0644\u0631\u0627\u0639\u064a\u0629-scaled-scaled.jpg\" data-thumb-alt=\"\u0643\u062a\u0627\u0628 \u0635\u0641\u0629 \u0627\u0644\u0631\u0627\u0639\u064a \u0648\u0627\u0644\u0631\u0639\u064a\u0629\" data-thumb-srcset=\"\"  data-thumb-sizes=\"(max-width: 100px) 100vw, 100px\" class=\"woocommerce-product-gallery__image\"><a href=\"https:\/\/tamerbadr.com\/wp-content\/uploads\/2025\/03\/\u0635\u0641\u0629-\u0627\u0644\u0631\u0627\u0639\u0649-\u0648\u0627\u0644\u0631\u0627\u0639\u064a\u0629-scaled-scaled.jpg\"><img fetchpriority=\"high\" decoding=\"async\" width=\"2049\" height=\"1405\" src=\"https:\/\/tamerbadr.com\/wp-content\/uploads\/2025\/03\/\u0635\u0641\u0629-\u0627\u0644\u0631\u0627\u0639\u0649-\u0648\u0627\u0644\u0631\u0627\u0639\u064a\u0629-scaled-scaled.jpg\" class=\"wp-post-image\" alt=\"A p\u00e1sztor \u00e9s a ny\u00e1j jellemz\u0151inek k\u00f6nyve\" data-caption=\"\" data-src=\"https:\/\/tamerbadr.com\/wp-content\/uploads\/2025\/03\/\u0635\u0641\u0629-\u0627\u0644\u0631\u0627\u0639\u0649-\u0648\u0627\u0644\u0631\u0627\u0639\u064a\u0629-scaled-scaled.jpg\" data-large_image=\"https:\/\/tamerbadr.com\/wp-content\/uploads\/2025\/03\/\u0635\u0641\u0629-\u0627\u0644\u0631\u0627\u0639\u0649-\u0648\u0627\u0644\u0631\u0627\u0639\u064a\u0629-scaled-scaled.jpg\" data-large_image_width=\"2049\" data-large_image_height=\"1405\" \/><\/a><\/div><div data-thumb=\"https:\/\/tamerbadr.com\/wp-content\/uploads\/2025\/03\/\u0635\u0641\u0629-\u0627\u0644\u0631\u0627\u0639\u0649-\u0648\u0627\u0644\u0631\u0627\u0639\u064a\u0629-Copy-scaled.jpg\" data-thumb-alt=\"\u0643\u062a\u0627\u0628 \u0635\u0641\u0629 \u0627\u0644\u0631\u0627\u0639\u064a \u0648\u0627\u0644\u0631\u0639\u064a\u0629 - 2 k\u00e9p\" data-thumb-srcset=\"\"  data-thumb-sizes=\"(max-width: 71px) 100vw, 71px\" class=\"woocommerce-product-gallery__image\" data-no-translation-data-thumb-alt=\"\"><a href=\"https:\/\/tamerbadr.com\/wp-content\/uploads\/2025\/03\/\u0635\u0641\u0629-\u0627\u0644\u0631\u0627\u0639\u0649-\u0648\u0627\u0644\u0631\u0627\u0639\u064a\u0629-Copy-scaled.jpg\"><img decoding=\"async\" width=\"1808\" height=\"2560\" src=\"https:\/\/tamerbadr.com\/wp-content\/uploads\/2025\/03\/\u0635\u0641\u0629-\u0627\u0644\u0631\u0627\u0639\u0649-\u0648\u0627\u0644\u0631\u0627\u0639\u064a\u0629-Copy-scaled.jpg\" class=\"\" alt=\"\u0643\u062a\u0627\u0628 \u0635\u0641\u0629 \u0627\u0644\u0631\u0627\u0639\u064a \u0648\u0627\u0644\u0631\u0639\u064a\u0629 - 2 k\u00e9p\" data-caption=\"\" data-src=\"https:\/\/tamerbadr.com\/wp-content\/uploads\/2025\/03\/\u0635\u0641\u0629-\u0627\u0644\u0631\u0627\u0639\u0649-\u0648\u0627\u0644\u0631\u0627\u0639\u064a\u0629-Copy-scaled.jpg\" data-large_image=\"https:\/\/tamerbadr.com\/wp-content\/uploads\/2025\/03\/\u0635\u0641\u0629-\u0627\u0644\u0631\u0627\u0639\u0649-\u0648\u0627\u0644\u0631\u0627\u0639\u064a\u0629-Copy-scaled.jpg\" data-large_image_width=\"1808\" data-large_image_height=\"2560\" data-no-translation-alt=\"\" \/><\/a><\/div><div data-thumb=\"https:\/\/tamerbadr.com\/wp-content\/uploads\/2025\/03\/\u0645\u0624\u0644\u0641\u0627\u062a-\u062a\u0627\u0645\u0631-\u0628\u062f\u0631-1-2.jpg\" data-thumb-alt=\"\u0643\u062a\u0627\u0628 \u0635\u0641\u0629 \u0627\u0644\u0631\u0627\u0639\u064a \u0648\u0627\u0644\u0631\u0639\u064a\u0629 - 3 k\u00e9p\" data-thumb-srcset=\"\"  data-thumb-sizes=\"(max-width: 92px) 100vw, 92px\" class=\"woocommerce-product-gallery__image\" data-no-translation-data-thumb-alt=\"\"><a href=\"https:\/\/tamerbadr.com\/wp-content\/uploads\/2025\/03\/\u0645\u0624\u0644\u0641\u0627\u062a-\u062a\u0627\u0645\u0631-\u0628\u062f\u0631-1-2.jpg\"><img decoding=\"async\" width=\"389\" height=\"422\" src=\"https:\/\/tamerbadr.com\/wp-content\/uploads\/2025\/03\/\u0645\u0624\u0644\u0641\u0627\u062a-\u062a\u0627\u0645\u0631-\u0628\u062f\u0631-1-2.jpg\" class=\"\" alt=\"\u0643\u062a\u0627\u0628 \u0635\u0641\u0629 \u0627\u0644\u0631\u0627\u0639\u064a \u0648\u0627\u0644\u0631\u0639\u064a\u0629 - 3 k\u00e9p\" data-caption=\"CREATOR: gd-jpeg v1.0 (using IJG JPEG v62), quality = 90\" data-src=\"https:\/\/tamerbadr.com\/wp-content\/uploads\/2025\/03\/\u0645\u0624\u0644\u0641\u0627\u062a-\u062a\u0627\u0645\u0631-\u0628\u062f\u0631-1-2.jpg\" data-large_image=\"https:\/\/tamerbadr.com\/wp-content\/uploads\/2025\/03\/\u0645\u0624\u0644\u0641\u0627\u062a-\u062a\u0627\u0645\u0631-\u0628\u062f\u0631-1-2.jpg\" data-large_image_width=\"389\" data-large_image_height=\"422\" data-no-translation-alt=\"\" \/><\/a><\/div><div data-thumb=\"https:\/\/tamerbadr.com\/wp-content\/uploads\/2025\/03\/\u0641\u0647\u0631\u0633-\u0635\u0641\u0629-\u0627\u0644\u0631\u0627\u0639\u0649-\u0648\u0627\u0644\u0631\u0639\u064a\u0629-\u0643\u0627\u0645\u0644.jpg\" data-thumb-alt=\"\u0643\u062a\u0627\u0628 \u0635\u0641\u0629 \u0627\u0644\u0631\u0627\u0639\u064a \u0648\u0627\u0644\u0631\u0639\u064a\u0629 - 4 k\u00e9p\" data-thumb-srcset=\"\"  data-thumb-sizes=\"(max-width: 100px) 100vw, 100px\" class=\"woocommerce-product-gallery__image\" data-no-translation-data-thumb-alt=\"\"><a href=\"https:\/\/tamerbadr.com\/wp-content\/uploads\/2025\/03\/\u0641\u0647\u0631\u0633-\u0635\u0641\u0629-\u0627\u0644\u0631\u0627\u0639\u0649-\u0648\u0627\u0644\u0631\u0639\u064a\u0629-\u0643\u0627\u0645\u0644.jpg\"><img loading=\"lazy\" decoding=\"async\" width=\"1921\" height=\"1650\" src=\"https:\/\/tamerbadr.com\/wp-content\/uploads\/2025\/03\/\u0641\u0647\u0631\u0633-\u0635\u0641\u0629-\u0627\u0644\u0631\u0627\u0639\u0649-\u0648\u0627\u0644\u0631\u0639\u064a\u0629-\u0643\u0627\u0645\u0644.jpg\" class=\"\" alt=\"\u0643\u062a\u0627\u0628 \u0635\u0641\u0629 \u0627\u0644\u0631\u0627\u0639\u064a \u0648\u0627\u0644\u0631\u0639\u064a\u0629 - 4 k\u00e9p\" data-caption=\"\" data-src=\"https:\/\/tamerbadr.com\/wp-content\/uploads\/2025\/03\/\u0641\u0647\u0631\u0633-\u0635\u0641\u0629-\u0627\u0644\u0631\u0627\u0639\u0649-\u0648\u0627\u0644\u0631\u0639\u064a\u0629-\u0643\u0627\u0645\u0644.jpg\" data-large_image=\"https:\/\/tamerbadr.com\/wp-content\/uploads\/2025\/03\/\u0641\u0647\u0631\u0633-\u0635\u0641\u0629-\u0627\u0644\u0631\u0627\u0639\u0649-\u0648\u0627\u0644\u0631\u0639\u064a\u0629-\u0643\u0627\u0645\u0644.jpg\" data-large_image_width=\"1921\" data-large_image_height=\"1650\" data-no-translation-alt=\"\" \/><\/a><\/div>\t<\/div>\n<\/div>\n\n\t<div class=\"summary entry-summary\">\n\t\t<h1 class=\"product_title entry-title\">A p\u00e1sztor \u00e9s a ny\u00e1j jellemz\u0151inek k\u00f6nyve<\/h1><p class=\"price\"><span class=\"woocommerce-Price-amount amount\"><bdi><span class=\"woocommerce-Price-currencySymbol\">Egyiptomi font<\/span>60.00<\/bdi><\/span><\/p>\n\n\t\n\t<form class=\"cart\" action=\"\" method=\"post\" enctype='multipart\/form-data' data-trp-original-action=\"\">\n\t\t\n\t\t<div class=\"quantity\">\n\t\t<label class=\"screen-reader-text\" for=\"quantity_69fee74cc107f\" data-no-translation=\"\" data-trp-gettext=\"\">\u0643\u062a\u0627\u0628 \u0635\u0641\u0629 \u0627\u0644\u0631\u0627\u0639\u064a \u0648\u0627\u0644\u0631\u0639\u064a\u0629 mennyis\u00e9g<\/label>\n\t<input\n\t\ttype=\"number\"\n\t\t\t\tid=\"quantity_69fee74cc107f\"\n\t\tclass=\"input-text qty text\"\n\t\tname=\"quantity\"\n\t\tvalue=\"1\"\n\t\taria-label=\"Term\u00e9k mennyis\u00e9g\"\n\t\t\t\tmin=\"1\"\n\t\t\t\t\t\t\tstep=\"1\"\n\t\t\tplaceholder=\"\"\n\t\t\tinputmode=\"numeric\"\n\t\t\tautocomplete=\"off\" data-no-translation-aria-label=\"\"\n\t\t\t\/>\n\t<\/div>\n\n\t\t<button type=\"submit\" name=\"add-to-cart\" value=\"19585\" class=\"single_add_to_cart_button button alt\" data-no-translation=\"\" data-trp-gettext=\"\">Kos\u00e1rba teszem<\/button>\n\n\t\t\n        <script>\n            document.addEventListener('DOMContentLoaded', function(){\n                document.addEventListener('click', function(event){\n                    if(!event.target.matches('.single_add_to_cart_button')){\n                        return;\n                    }\n\n                    const quantity = document.querySelector('input.qty').value || '1';\n                    const formProductVariation = document.querySelector('form[data-product_variations]')\n                    const variationItem = document.querySelector('.variation_id')\n\n                    let price = 60\n                    if(formProductVariation && variationItem){\n                        try{\n                            const variations = JSON.parse(formProductVariation.dataset.product_variations)\n                            const variationId = variationItem.value\n                            for(const variation of variations){\n                                if(variation.variation_id == Number(variationId)){\n                                    price = variation.display_price\n                                }\n                            }\n                        }\n                        catch{\n                        }\n                    }\n\n                    gtag('event', 'add_to_cart', {\n                        'items': [ {\n                            'item_id':'19585',\n                            'item_name': '\u0643\u062a\u0627\u0628 \u0635\u0641\u0629 \u0627\u0644\u0631\u0627\u0639\u064a \u0648\u0627\u0644\u0631\u0639\u064a\u0629',\n                            'list_name': '\u0643\u062a\u0627\u0628 \u0635\u0641\u0629 \u0627\u0644\u0631\u0627\u0639\u064a \u0648\u0627\u0644\u0631\u0639\u064a\u0629',\n                            'quantity': quantity,\n                            'price': price,\n                            \"item_category\":\"\u0633\u064a\u0627\u0633\u0629 \u0625\u0633\u0644\u0627\u0645\u064a\u0629\"\n                        }]\n                    });\n                })\n            });\n        <\/script>\n        \t<input type=\"hidden\" name=\"trp-form-language\" value=\"hu\"\/><\/form>\n\n\t\n<div class=\"product_meta\">\n\n\t\n\t\n\t<span class=\"posted_in\">Kateg\u00f3ria: <a href=\"https:\/\/tamerbadr.com\/hu\/termekkategoria\/%d8%b3%d9%8a%d8%a7%d8%b3%d8%a9-%d8%a5%d8%b3%d9%84%d8%a7%d9%85%d9%8a%d8%a9\" rel=\"tag\">Iszl\u00e1m politika<\/a><\/span>\n\t\n\t\n<\/div>\n\t<\/div>\n\n\t\n\t<div class=\"woocommerce-tabs wc-tabs-wrapper\">\n\t\t<ul class=\"tabs wc-tabs\" role=\"tablist\">\n\t\t\t\t\t\t\t<li role=\"presentation\" class=\"description_tab\" id=\"tab-title-description\">\n\t\t\t\t\t<a href=\"#tab-description\" role=\"tab\" aria-controls=\"tab-description\">\n\t\t\t\t\t\tLe\u00edr\u00e1s\t\t\t\t\t<\/a>\n\t\t\t\t<\/li>\n\t\t\t\t\t\t\t<li role=\"presentation\" class=\"reviews_tab\" id=\"tab-title-reviews\">\n\t\t\t\t\t<a href=\"#tab-reviews\" role=\"tab\" aria-controls=\"tab-reviews\">\n\t\t\t\t\t\tV\u00e9lem\u00e9nyek (0)\t\t\t\t\t<\/a>\n\t\t\t\t<\/li>\n\t\t\t\t\t<\/ul>\n\t\t\t\t\t<div class=\"woocommerce-Tabs-panel woocommerce-Tabs-panel--description panel entry-content wc-tab\" id=\"tab-description\" role=\"tabpanel\" aria-labelledby=\"tab-title-description\">\n\t\t\t\t\n\t<h2 data-no-translation=\"\" data-trp-gettext=\"\">Le\u00edr\u00e1s<\/h2>\n\n<h1 style=\"text-align: center;\"><strong>Bevezet\u00e9s a P\u00e1sztor \u00e9s a ny\u00e1j jellemz\u0151i c\u00edm\u0171 k\u00f6nyvh\u00f6z<\/strong><\/h1>\n<h1 style=\"text-align: center;\">Az iszl\u00e1m vil\u00e1gos \u00e9s \u00e1tfog\u00f3 megk\u00f6zel\u00edt\u00e9st alak\u00edtott ki az uralkod\u00f3 \u00e9s alattval\u00f3i k\u00f6z\u00f6tti kapcsolatra vonatkoz\u00f3an. A tud\u00f3sok az iszl\u00e1m politik\u00e1r\u00f3l sz\u00f3l\u00f3 k\u00f6nyveikben t\u00e1rgyalt\u00e1k ezt a kapcsolatot, bele\u00e9rtve mindk\u00e9t f\u00e9l k\u00f6teless\u00e9geit \u00e9s jogait, bemutatva, hogy az iszl\u00e1mnak megvan a saj\u00e1t \u00e9letm\u00f3dja. Politikai szempontb\u00f3l, az uralkod\u00f3 \u00e9s alattval\u00f3i k\u00f6z\u00f6tti kapcsolatot illet\u0151en az iszl\u00e1m t\u00f6rt\u00e9nelem nem ismert konkr\u00e9t iszl\u00e1m korm\u00e1nyzati rendszert. Az iszl\u00e1m, a v\u00e9gs\u0151 isteni t\u00f6rv\u00e9ny, nem hozott l\u00e9tre egy konkr\u00e9t rendszert, amelyet minden id\u0151ben \u00e9s helyen a muszlimokra r\u00e1er\u0151ltetn\u00e9nek. Ink\u00e1bb \u00e1ltal\u00e1nos, minden id\u0151re \u00e9s helyre alkalmazhat\u00f3 elveket hat\u00e1rozott meg an\u00e9lk\u00fcl, hogy belemenne a r\u00e9szletekbe, m\u00f3dszerekbe \u00e9s saj\u00e1toss\u00e1gokba, amelyek term\u00e9szet\u00fckn\u00e9l fogva az id\u0151 \u00e9s a hely v\u00e1ltoz\u00f3 k\u00f6r\u00fclm\u00e9nyeivel egy\u00fctt fejl\u0151dnek \u00e9s v\u00e1ltoznak, \u00edgy minden nemzet figyelembe veheti, mi felel meg a k\u00f6r\u00fclm\u00e9nyeinek \u00e9s mit k\u00edv\u00e1nnak meg \u00e9rdekei.<\/h1>\n<h1 style=\"text-align: center;\">Ennek megfelel\u0151en az \u00e1llamelm\u00e9let tekintet\u00e9ben az iszl\u00e1m nem olyan politikai rendszert alkotott, amely nem v\u00e1ltozhat vagy m\u00f3dos\u00edthat\u00f3, \u00e9s nem is mer\u00fclt el a r\u00e9szletekben abszol\u00fat, v\u00e9gleges \u00e9rt\u00e9kekkel. Ink\u00e1bb csup\u00e1n azokat az \u00e1ltal\u00e1nos elveket \u00e9s \u00e1tfog\u00f3 szab\u00e1lyokat hat\u00e1rozta meg, amelyekre ennek az elm\u00e9letnek \u00e9p\u00fclnie kell. Az iszl\u00e1m \u00e1llamelm\u00e9lete (a r\u00e9szleteket \u00e9s a saj\u00e1toss\u00e1gokat tekintve), mint minden m\u00e1s iszl\u00e1m politikai elm\u00e9let, v\u00e1ltoz\u00e1snak, m\u00f3dos\u00edt\u00e1snak \u00e9s kieg\u00e9sz\u00edt\u00e9snek van kit\u00e9ve. Megfogalmaz\u00e1sai sem nem v\u00e9glegesek, sem nem abszol\u00fatak, \u00e9s nincsenek merev form\u00e1ba \u00f6ntve. Az iszl\u00e1m lehet\u0151v\u00e9 teszi a politikai elm\u00e9letek fejleszt\u00e9s\u00e9t \u00e9s m\u00f3dos\u00edt\u00e1s\u00e1t, amelyeket a muszlim tud\u00f3sok igyekeztek a kor k\u00f6vetelm\u00e9nyeinek \u00e9s az id\u0151 \u00e9s a hely k\u00f6r\u00fclm\u00e9nyeinek megfelel\u0151en megfogalmazni.<\/h1>\n<h1 style=\"text-align: center;\">Nincs semmilyen szakad\u00e9k az iszl\u00e1m \u00e9s a polg\u00e1ri \u00e1llam, az iszl\u00e1m \u00e9s az \u00e1llampolg\u00e1rs\u00e1g, vagy az iszl\u00e1m \u00e9s a v\u00e9lem\u00e9ny- \u00e9s vall\u00e1sszabads\u00e1g k\u00f6z\u00f6tt. Azok, akik szakad\u00e9kot felt\u00e9teleznek az iszl\u00e1m \u00e9s mindezen modern eszm\u00e9k k\u00f6z\u00f6tt, maguk sem \u00e9rtik az iszl\u00e1m val\u00f3di term\u00e9szet\u00e9t, \u00e9s nem olvass\u00e1k helyesen vagy tisztess\u00e9gesen a Pr\u00f3f\u00e9ta (b\u00e9ke \u00e9s \u00e1ld\u00e1s legyen vele) \u00e9s nemes t\u00e1rsai (Allah legyen vel\u00fck el\u00e9gedett) t\u00f6rt\u00e9net\u00e9t. Ez\u00e9rt van az, hogy az iszl\u00e1m \u00e1llam\u00e1nak megvannak a maga jellegzetes jegyei, ahogy a korm\u00e1nyzati rendszernek is megvannak a maga alapjai: Isten ir\u00e1nti szolg\u00e1lat, igazs\u00e1goss\u00e1g, konzult\u00e1ci\u00f3 \u00e9s annak k\u00f6telezetts\u00e9ge, egyenl\u0151s\u00e9g, engedelmess\u00e9g a hatalmon l\u00e9v\u0151k ir\u00e1nt, a hatalmon l\u00e9v\u0151k tan\u00e1csad\u00e1s\u00e1nak k\u00f6telezetts\u00e9ge, az uralkod\u00f3 vagy p\u00e1sztor felel\u0151ss\u00e9ge \u00e9s al\u00e1rendelts\u00e9ge az igazs\u00e1gszolg\u00e1ltat\u00e1s \u00e9s a nemzet fel\u00fcgyelet\u00e9nek, a nemzet politikai egys\u00e9ge, a jogok \u00e9s k\u00f6teless\u00e9gek garant\u00e1l\u00e1sa, valamint a szabads\u00e1g. Ezek az alapok k\u00e9pviselik az iszl\u00e1m rendszer magj\u00e1t, \u00e9s azokat az alapokat, amelyek a legjobban kifejezik egyedis\u00e9g\u00e9t. A k\u00f6nyvemben igyekeztem a lehet\u0151 legnagyobb m\u00e9rt\u00e9kben kit\u00e9rni erre.<\/h1>\n<h1 style=\"text-align: center;\">V\u00e9g\u00fcl arra k\u00e9rem a Mindenhat\u00f3 Istent, hogy munk\u00e1mat \u0151szint\u00e9n v\u00e9gezze az \u0150 \u00e9rdek\u00e9ben, jutalmazzon meg minden le\u00edrt szavamat, helyezze azt j\u00f3 cselekedeteim k\u00f6z\u00e9, \u00e9s jutalmazza meg testv\u00e9reimet, akik mindennel seg\u00edtettek, hogy befejezhessem ezt a k\u00f6nyvet.<\/h1>\n<h1 style=\"text-align: center;\">\u201eDics\u0151s\u00e9g N\u00e9ked, Istenem, \u00e9s h\u00e1la N\u00e9ked! Tan\u00fas\u00e1got teszek, hogy nincs m\u00e1s isten, csak Te. Megbocs\u00e1t\u00e1sodat k\u00e9rem \u00e9s b\u0171nb\u00e1natot tartok N\u00e1lad. Utols\u00f3 k\u00f6ny\u00f6rg\u00e9s\u00fcnk: Minden dics\u00e9ret Istent illeti, a vil\u00e1gok Ur\u00e1t.\u201d<\/h1>\n<h1 style=\"text-align: center;\">A szeg\u00e9ny, akinek sz\u00fcks\u00e9ge van Ura megbocs\u00e1t\u00e1s\u00e1ra \u00e9s kegyelm\u00e9re<\/h1>\n<h1 style=\"text-align: center;\">Tamer Badr<\/h1>\n<h1 style=\"text-align: center;\">Vas\u00e1rnap, Rajab 3, 1440 AH<\/h1>\n<h1 style=\"text-align: center;\">2019. m\u00e1rcius 10.<\/h1>\n\t\t\t<\/div>\n\t\t\t\t\t<div class=\"woocommerce-Tabs-panel woocommerce-Tabs-panel--reviews panel entry-content wc-tab\" id=\"tab-reviews\" role=\"tabpanel\" aria-labelledby=\"tab-title-reviews\">\n\t\t\t\t<div id=\"reviews\" class=\"woocommerce-Reviews\">\n\t<div id=\"comments\">\n\t\t<h2 class=\"woocommerce-Reviews-title\">\n\t\t\t\u00c9rt\u00e9kel\u00e9sek\t\t<\/h2>\n\n\t\t\t\t\t<p class=\"woocommerce-noreviews\" data-no-translation=\"\" data-trp-gettext=\"\">M\u00e9g nincsenek \u00e9rt\u00e9kel\u00e9sek.<\/p>\n\t\t\t<\/div>\n\n\t\t\t<div id=\"review_form_wrapper\">\n\t\t\t<div id=\"review_form\">\n\t\t\t\t\t<div id=\"respond\" class=\"comment-respond\">\n\t\t<span id=\"reply-title\" class=\"comment-reply-title\" role=\"heading\" aria-level=\"3\">&bdquo;\u0643\u062a\u0627\u0628 \u0635\u0641\u0629 \u0627\u0644\u0631\u0627\u0639\u064a \u0648\u0627\u0644\u0631\u0639\u064a\u0629&rdquo; \u00e9rt\u00e9kel\u00e9se els\u0151k\u00e9nt <small><a rel=\"nofollow\" id=\"cancel-comment-reply-link\" href=\"\/hu\/wp-json\/wp\/v2\/pages\/20107#respond\" style=\"display:none;\">V\u00e1lasz megszak\u00edt\u00e1sa<\/a><\/small><\/span><p class=\"must-log-in\" data-no-translation=\"\" data-trp-gettext=\"\">V\u00e9lem\u00e9ny \u00edr\u00e1s\u00e1hoz <a href=\"https:\/\/tamerbadr.com\/hu\/\">l\u00e9pj be<\/a> el\u0151bb.<\/p>\t<\/div><!-- #respond -->\n\t\t\t\t<\/div>\n\t\t<\/div>\n\t\n\t<div class=\"clear\"><\/div>\n<\/div>\n\t\t\t<\/div>\n\t\t\n\t\t\t<\/div>\n\n<\/div>\n\n\t\t\t<\/div>\n\t\t\t<\/div>\t\t\t\t<\/div>\n\t\t\t\t<\/div>\n\t\t\t\t<\/div>\n\t\t\t\t\t<\/div>\n\t\t\t\t<\/div>\n\t\t\t\t<\/div>","protected":false},"excerpt":{"rendered":"","protected":false},"author":1,"featured_media":0,"parent":0,"menu_order":0,"comment_status":"closed","ping_status":"closed","template":"elementor_header_footer","meta":{"_seopress_robots_primary_cat":"","_seopress_titles_title":"","_seopress_titles_desc":"","_seopress_robots_index":"","inline_featured_image":false,"_uf_show_specific_survey":0,"_uf_disable_surveys":false,"footnotes":""},"class_list":["post-20107","page","type-page","status-publish"],"_links":{"self":[{"href":"https:\/\/tamerbadr.com\/hu\/wp-json\/wp\/v2\/pages\/20107","targetHints":{"allow":["GET"]}}],"collection":[{"href":"https:\/\/tamerbadr.com\/hu\/wp-json\/wp\/v2\/pages"}],"about":[{"href":"https:\/\/tamerbadr.com\/hu\/wp-json\/wp\/v2\/types\/page"}],"author":[{"embeddable":true,"href":"https:\/\/tamerbadr.com\/hu\/wp-json\/wp\/v2\/users\/1"}],"replies":[{"embeddable":true,"href":"https:\/\/tamerbadr.com\/hu\/wp-json\/wp\/v2\/comments?post=20107"}],"version-history":[{"count":0,"href":"https:\/\/tamerbadr.com\/hu\/wp-json\/wp\/v2\/pages\/20107\/revisions"}],"wp:attachment":[{"href":"https:\/\/tamerbadr.com\/hu\/wp-json\/wp\/v2\/media?parent=20107"}],"curies":[{"name":"munkaf\u00fczet","href":"https:\/\/api.w.org\/{rel}","templated":true}]}}