{"id":19584,"date":"2025-03-16T21:58:48","date_gmt":"2025-03-16T21:58:48","guid":{"rendered":"https:\/\/white-ant-267257.hostingersite.com\/?post_type=product&#038;p=19584"},"modified":"2025-07-13T07:18:47","modified_gmt":"2025-07-13T07:18:47","slug":"riyad-as-sunnah-book-from-the-authentic-six-books","status":"publish","type":"product","link":"https:\/\/tamerbadr.com\/hr\/proizvod\/riyad-as-sunnah-book-from-the-authentic-six-books","title":{"rendered":"Knjiga Rijad as-Sunnet iz \u0161est autenti\u010dnih knjiga"},"content":{"rendered":"<h1 style=\"text-align: center;\"><strong>Uvod u knjigu Rijad as-Sunnet iz Sahih al-Kutub as-Sittaha<\/strong><\/h1>\n<h1 style=\"text-align: center;\">Biografija Poslanika, mir i blagoslov neka je na njega, najbolja je biografija ikad, a njegov govor, mir i blagoslov neka je na njega, najbolji je govor, a njegova uputa najbolja je uputa, a njegov govor najistinitiji je govor, neka su Bo\u017eje molitve i mir na njega. Stoga je Svemogu\u0107i Bog naredio svom narodu da slijedi njegov zakon i zabranio im da ga ne po\u0161tuju, pa je On, Uzvi\u0161eni, rekao: {O vjernici, pokoravajte se Bogu i pokoravajte se Poslaniku i ne poni\u0161tavajte svoja djela (33)} [Sura Muhammed].<\/h1>\n<h1 style=\"text-align: center;\">I re\u010de Uzvi\u0161eni: {O vjernici, pokoravajte se Allahu i pokoravajte se Poslaniku i onima me\u0111u vama koji imaju mo\u0107. A ako se oko ne\u010dega ne sla\u017eete, obratite se Allahu i Poslaniku, ako vjerujete u Allaha i u onaj svijet. To je najbolji i najprikladniji ishod.} (59) [En-Nisa\u2019].<\/h1>\n<h1 style=\"text-align: center;\">I re\u010de Uzvi\u0161eni: {A oni koji se pokoravaju Allahu i Poslaniku bit \u0107e s onima kojima je Bog darovao milost, me\u0111u prorocima, i me\u0111u onima koji istinu vjeruju, i me\u0111u \u0161ehidima i me\u0111u pravednicima. A divni su oni koji su drugovi. (69)} [En-Nisa&#039;]<\/h1>\n<h1 style=\"text-align: center;\">Ono \u0161to je Poslanik, mir i blagoslov na njega, rekao: \u201eUskoro \u0107e do\u0107i \u010dovjek, zavaljen na svojoj sofi, i prenijeti jedan od mojih hadisa. Re\u0107i \u0107e: \u2018Izme\u0111u nas i vas je Knjiga Allaha, Svemogu\u0107eg i Veli\u010danstvenog. Ono \u0161to u njoj na\u0111emo da je dozvoljeno, smatramo dozvoljenim, a ono \u0161to u njoj na\u0111emo da je zabranjeno, smatramo zabranjenim. Zaista, ono \u0161to je Allahov Poslanik, mir i blagoslov na njega, zabranio, sli\u010dno je onome \u0161to je Allah zabranio.\u2019\u201c<\/h1>\n<h1 style=\"text-align: center;\">[Sahih]. Prenosi (H). [Sahih al-D\u017eami\u2019: 8186].<\/h1>\n<h1 style=\"text-align: center;\">Dakle, Plemeniti Poslanikov hadis je drugi izvor islamskog zakonodavstva nakon \u010casnog Kur&#039;ana. \u010casni Kur&#039;an je nare\u0111ivao molitvu, zekat, post i had\u017e bez detalja ili obja\u0161njenja, ali Poslanikov hadis je to detaljno objasnio i razjasnio.<\/h1>\n<h1 style=\"text-align: center;\">Plemenite proro\u010dke hadise kvare mnogi slabi i izmi\u0161ljeni hadisi koji se ne mogu dokazati. Me\u0111utim, postoji veliki, dovoljan i dokazan skup autenti\u010dnih i dobrih hadisa od Bo\u017eijeg Poslanika, s.a.v.s., i od ashaba, s.a.v.s., neka je Bog zadovoljan s njima. Dobar hadis je ni\u017eeg ranga od autenti\u010dnog hadisa, ali se mo\u017ee koristiti kao dokaz i na temelju njega se mo\u017ee djelovati.<\/h1>\n<h1 style=\"text-align: center;\">Stoga sam u ovoj knjizi sakupio autenti\u010dne i dobre hadise od najautenti\u010dnijih i najpoznatijih izreka u\u010denjaka hadisa, a za to sam koristio sljede\u0107e izvore: (Sahih el-Buhari, Sahih el-Buhari, Sunen Ebu Dawud, Sunen et-Tirmizi, Sunen el-Nesa\u2019i, Sunen Ibn Mad\u017ee).<\/h1>\n<h1 style=\"text-align: center;\">Iz \u0161est knjiga odabrao sam autenti\u010dne i dobre hadise na temelju onoga \u0161to je potvrdio veliki u\u010denjak \u0160ejh Muhammed Nasir al-Din al-Albani (neka mu se Allah smiluje), jedan od najistaknutijih muslimanskih u\u010denjaka modernog doba. \u0160ejh al-Albani se smatra jednim od najistaknutijih hadiskih u\u010denjaka koji je jedinstven u znanosti o autentifikaciji i slabljenju. \u0160ejh al-Albani je veliki u\u010denjak u terminologiji hadisa, a moderni u\u010denjaci su za njega rekli da je o\u017eivio znanost hadisa nakon \u0161to je bila zaboravljena.<\/h1>\n<h1 style=\"text-align: center;\">Dok sam prikupljao plemenite hadise u ovoj knjizi, imao sam na umu hadis Poslanika, s.a.v.s.: &quot;Prenosi od mene \u010dak i ako je to samo jedan ajet, i prenosi od sinova Izraelovih, i nema na tebi grijeha. A ko namjerno la\u017ee o meni, neka sjedne u D\u017eehennem.&quot;<\/h1>\n<h1 style=\"text-align: center;\">[Sahih]. Prenosi (H. T). [Sahih al-D\u017eami\u2019: 2837].<\/h1>\n<h1 style=\"text-align: center;\">Stoga sam u ovoj knjizi odabrao vjerodostojne i dobre hadise na temelju sljede\u0107eg:<\/h1>\n<h1 style=\"text-align: center;\">A - Ako je lanac preno\u0161enja hadisa isti i tekst hadisa je sli\u010dan u dva ili vi\u0161e sli\u010dnih predaja, kao \u0161to su:<\/h1>\n<h1 style=\"text-align: center;\">Od Ebu Seeda El-Hudrija, radijallahu anhuma, koji je rekao: Bo\u017eiji Poslanik, s.a.v.s., rekao je: &quot;Najbolji od va\u0161ih mirisa je mo\u0161us.&quot;<\/h1>\n<h1 style=\"text-align: center;\">[Sahih]. Prenosi (N). [Sahih al-D\u017eami\u2019: 5914].<\/h1>\n<h1 style=\"text-align: center;\">Od Ebu Seeda El-Hudrija, radijallahu anhuma, koji je rekao: Bo\u017eiji Poslanik, s.a.v.s., rekao je: &quot;Najbolji parfem je mo\u0161us.&quot;<\/h1>\n<h1 style=\"text-align: center;\">[Sahih]. Prenosi (T, M, N). [Sahih al-D\u017eami\u2019: 1032].<\/h1>\n<h1 style=\"text-align: center;\">Dakle, odabrao sam drugi hadis zbog njegovih vi\u0161estrukih predaja.<\/h1>\n<h1 style=\"text-align: center;\">B- Ako su dva ili vi\u0161e hadisa sli\u010dna, kao \u0161to su:<\/h1>\n<h1 style=\"text-align: center;\">Od Ebu Hurejre, radijallahu anhuma, da je Allahov Poslanik, sallallahu alejhi ve sellem, rekao: \u201eKada imam ka\u017ee: \u2018Allah \u010duje one koji Ga hvale\u2019, onda reci: \u2018O Allahu, Gospodaru na\u0161, hvala Tebi!\u2019 Jer \u010dije se rije\u010di poklapaju s rije\u010dima meleka, bit \u0107e mu opro\u0161teni prija\u0161nji grijesi.\u201c<\/h1>\n<h1 style=\"text-align: center;\">[Sahih]. Prepri\u010dao (Kh, M, D, T, N). [Sahihul-D\u017eami\u2019: 705].<\/h1>\n<h1 style=\"text-align: center;\">Ebu Se&#039;id El-Hudrij, radijallahu anhu, navodi da je \u010duo Allahovog Poslanika, sallallahu alejhi ve sellem, kako ka\u017ee: \u201eKada imam ka\u017ee: \u2018Allah \u010duje one koji Ga hvale\u2019, onda reci: \u2018O Allahu, Gospodaru na\u0161, i Tebi pripada hvala.\u2019\u201c<\/h1>\n<h1 style=\"text-align: center;\">[Sahih]. Prenosi (H). [Sahih al-D\u017eami\u2019: 706].<\/h1>\n<h1 style=\"text-align: center;\">Stoga sam odabrao sveobuhvatni hadis s jasnim zna\u010denjem, kao u prvom hadisu.<\/h1>\n<h1 style=\"text-align: center;\">C- Hadise spomenute u Sahih al-Jami\u2019 al-Saghir i al-Silsilah al-Sahihah od al-Albanija [za Musned imama Ahmeda ibn Hanbala, ili al-Tabaranija, ili al-Hakima, ili al-Bejhakija], u ovoj knjizi sam stavljao na njihovo mjesto hadise koji su im sli\u010dni po tekstu iz knjiga \u0161estorice imama.<\/h1>\n<h1 style=\"text-align: center;\">Na primjer, hadis koji prenosi Burejda el-Eslami (neka je Allah zadovoljan s njim) od Poslanika (s.a.v.s.): \u201eKo odobri odgodu onome ko je u nevolji, dobit \u0107e dvostruku sadaku za svaki dan prije dospije\u0107a duga. Kada dug dospije i on mu odobri odgodu, dobit \u0107e dvostruku sadaku za svaki dan.\u201c [Sahih]. Prenosi (Ahmed ibn Hanbel, Ibn Mad\u017ee). Spominje se u Sahihu el-D\u017eamiju pod brojem [6108]. Dakle, u ovu knjigu sam uklju\u010dio formulaciju hadisa koja se nalazi u Sunenu Ibn Mad\u017ee, kao u ovom hadisu.<\/h1>\n<h1 style=\"text-align: center;\">Od Burejde el-Eslamija, radijallahu anhuma, da je Poslanik, sallallahu alejhi ve sellem, rekao: \u201eKo odobri odgodu nesolventnom, dobit \u0107e zekat za svaki dan, a ko mu odobri odgodu nakon isteka roka, dobit \u0107e istu zekat za svaki dan.\u201c [Sahih]. Prenosi (Ibn Mad\u017ee).<\/h1>\n<h1 style=\"text-align: center;\">O - Dopunjavao sam nepotpune hadise spomenute u Sahih al-Jami\u2019 al-Saghir i al-Silsilah al-Sahihah od al-Albanija iz knjiga \u0161est imama.<\/h1>\n<h1 style=\"text-align: center;\">Na primjer, hadis: \u201ePost tri dana svakog mjeseca, od ramazana do ramazana, je kao post cijeli \u017eivot.\u201c<\/h1>\n<h1 style=\"text-align: center;\">[Sahih]. Prenosi (H.M.M.) od Ebu Katade. [Sahih al-D\u017eami\u2019: 3802].<\/h1>\n<h1 style=\"text-align: center;\">Ovaj hadis je iz Musneda imama Ahmeda ibn Hanbela i nepotpun je, pa sam ga dopunio rije\u010dima iz Sahih Muslima i smjestio ga u knjigu na sljede\u0107i na\u010din.<\/h1>\n<h1 style=\"text-align: center;\">Prema Ebu Katadi El-Ensarija, radijallahu alejhi ve sellem, da je Allahov Poslanik, sallallahu alejhi ve sellem, upitan o svom postu. Allahov Poslanik, sallallahu alejhi ve sellem, se naljutio. Omer, sallallahu alejhi ve sellem, rekao je: &quot;Zadovoljni smo Allahom kao na\u0161im Gospodarom, islamom kao na\u0161om vjerom, Muhammedom kao na\u0161im Poslanikom i na\u0161im zavjetom vjernosti kao na\u0161im zavjetom.&quot; Zatim je upitan o postu tijekom cijelog svog \u017eivota. Rekao je: &quot;Niti je postio niti je prekidao post.&quot; Ili: &quot;Niti je postio niti je prekidao post.&quot; Rekao je: Upitan je o postu dva dana i postu sljede\u0107eg dana. Rekao je: &quot;Ko to mo\u017ee u\u010diniti?&quot; Rekao je: Upitan je o postu jedan dan i postu dva dana. Rekao je: &quot;Kad bi nam samo Allah dao snagu da to u\u010dinimo.&quot; Rekao je: Upitan je o postu jedan dan i postu sljede\u0107eg dana. Rekao je: &quot;To je post mog brata Davuda, sallallahu alejhi ve sellem.&quot; Rekao je: Upitan je o postu ponedjeljkom. Rekao je: \u201eTo je dan kada sam ro\u0111en i dan kada sam poslan kao prorok ili kada mi je objavljena objava.\u201c Rekao je: \u201ePost tri dana svakog mjeseca i post od jednog ramazana do drugog je post cijelog \u017eivota.\u201c Upitan je o postu na Dan Arefata. Rekao je: \u201eTo iskupljuje grijehe prethodne godine i godine koja dolazi.\u201c Tako\u0111er je upitan o postu na Dan A\u0161ure. Rekao je: \u201eTo iskupljuje grijehe pro\u0161le godine.\u201c<\/h1>\n<h1 style=\"text-align: center;\">[Sahih]. Prenosi (M). [Sahih al-D\u017eami\u2019: 3802].<\/h1>\n<h1 style=\"text-align: center;\">E - Formulacija bilo kojeg hadisa u knjizi preuzeta je od imena prenosioca hadisa. Na primjer, ako je napisano &quot;Prenosi (M, Kh, D, T, N, H)&quot;, tada je formulacija hadisa sli\u010dna u \u0161est knjiga i prisutna je u knjigama u\u010denjaka \u0161ejha El-Albanija. Me\u0111utim, formulacija hadisa u ovoj knjizi preuzeta je iz Sahih Muslima, te je stoga prva napisana skra\u0107eno.<\/h1>\n<h1 style=\"text-align: center;\">I nisam spomenuo lanac preno\u0161enja u hadisima, osim imena ashaba koji je najistaknutije prenio hadis, kako bih \u010ditatelju olak\u0161ao ispitivanje knjige bez da je preduga\u010dak, jer mnogi \u010ditatelji \u017eele pro\u010ditati samo tekst hadisa.<\/h1>\n<h1 style=\"text-align: center;\">Z - Nisam raspravljao o hadisima iz Poslanikove biografije u ovoj knjizi, budu\u0107i da su spomenuti u mnogim knjigama o Poslanikovoj biografiji i biografijama ashaba, neka je Bog zadovoljan s njima.<\/h1>\n<h1 style=\"text-align: center;\">H - Zna\u010denja nekih te\u0161kih rije\u010di u hadisima stavljena su na kraj svake stranice kako bi \u010ditatelju bilo \u0161to lak\u0161e razumjeti hadise.<\/h1>\n<h1 style=\"text-align: center;\">T - Svi hadisi u ovoj knjizi su ozna\u010deni dijakriti\u010dkim znakovima kako bi se mogli ispravno \u010ditati.<\/h1>\n<h1 style=\"text-align: center;\">Ova knjiga je zapo\u010deta po\u010detkom 2009. godine, a zavr\u0161ena 2019. godine. Ovo su poku\u0161aji kojima smo nastojali slu\u017eiti na\u0161oj velikoj vjeri i podr\u017eati na\u0161eg Poslanika, Pe\u010dat Poslanika, s.a.v.s., kroz ono \u0161to je rekao i u\u010dinio za dobrobit na\u0161e bra\u0107e, u skladu s rije\u010dima Uzvi\u0161enog Boga: {U Poslaniku Bo\u017eijem imate divan uzor za svakoga tko se nada u Allaha i Onaj svijet i [ko] \u010desto spominje Allaha.} [El-Ahzab: 22]. Molimo Uzvi\u0161enog Boga da to u\u010dini korisnim i da na\u0161 rad u\u010dini iskrenim radi Njega. {Gospodaru na\u0161, ne optu\u017euj nas ako zaboravimo ili pogrije\u0161imo.} On nam je dovoljan i On je najbolji Upravitelj stvari.<\/h1>\n<h1 style=\"text-align: center;\">Kairo, 18. \u0161a&#039;ban 1440. AH<\/h1>\n<h1 style=\"text-align: center;\">Odgovara 24. travnja 2019.<\/h1>\n<h1 style=\"text-align: center;\">\u00a0\u00a0\u00a0\u00a0\u00a0\u00a0 Tamer Badr<\/h1>","protected":false},"excerpt":{"rendered":"<p>\u0645\u0642\u062f\u0645\u0629 \u0643\u062a\u0627\u0628 \u0631\u064a\u0627\u0636 \u0627\u0644\u0633\u0646\u0629 \u0645\u0646 \u0635\u062d\u064a\u062d \u0627\u0644\u0643\u062a\u0628 \u0627\u0644\u0633\u062a\u0629 \u0625\u0646 \u0633\u064a\u0631\u0629 \u0627\u0644\u0646\u0628\u064a \ufdfa \u0647\u064a \u062e\u064a\u0631 \u0627\u0644\u0633\u064a\u0631 \u0639\u0644\u0649 \u0627\u0644\u0625\u0637\u0644\u0627\u0642\u060c \u0648\u0643\u0644\u0627\u0645\u0647 \ufdfa \u0647\u0648 \u0623\u062d\u0633\u0646 \u0627\u0644\u0643\u0644\u0627\u0645\u060c \u0648\u0647\u062f\u064a\u0647 \u0647\u0648 \u062e\u064a\u0631 \u0627\u0644\u0647\u062f\u064a\u060c \u0648\u062d\u062f\u064a\u062b\u0647 \u0623\u0635\u062f\u0642 \u0627\u0644\u062d\u062f\u064a\u062b \u0635\u0644\u0648\u0627\u062a \u0627\u0644\u0644\u0647 \u0648\u0633\u0644\u0627\u0645\u0647 \u0639\u0644\u064a\u0647\u060c \u0648\u0645\u0646 \u062b\u064e\u0645\u0651\u064e \u0623\u0645\u0631 \u0627\u0644\u0644\u0647 \u0633\u0628\u062d\u0627\u0646\u0647 \u0648\u062a\u0639\u0627\u0644\u0649 \u0623\u0645\u062a\u0647 \u0628\u0627\u062a\u0628\u0627\u0639 \u0634\u0631\u0639\u0647\u060c \u0648\u0646\u0647\u0627\u0647\u0645 \u0639\u064e\u0646\u0652 \u0645\u062e\u0627\u0644\u0641\u062a\u0647\u060c \u0641\u0642\u064e\u0627\u0644\u064e \u062a\u064e\u0639\u064e\u0627\u0644\u064e\u0649: {\u064a\u064e\u0627 \u0623\u064e\u064a\u0651\u064f\u0647\u064e\u0627 \u0627\u0644\u0651\u064e\u0630\u0650\u064a\u0646\u064e \u0622\u0645\u064e\u0646\u064f\u0648\u0627 \u0623\u064e\u0637\u0650\u064a\u0639\u064f\u0648\u0627 \u0627\u0644\u0644\u0651\u064e\u0647\u064e \u0648\u064e\u0623\u064e\u0637\u0650\u064a\u0639\u064f\u0648\u0627 \u0627\u0644\u0631\u0651\u064e\u0633\u064f\u0648\u0644\u064e [&hellip;]<\/p>","protected":false},"featured_media":19691,"comment_status":"open","ping_status":"closed","template":"","meta":{"_seopress_robots_primary_cat":"","_seopress_titles_title":"","_seopress_titles_desc":"","_seopress_robots_index":"","inline_featured_image":false,"_uf_show_specific_survey":0,"_uf_disable_surveys":false},"product_brand":[],"product_cat":[188],"product_tag":[],"class_list":{"0":"post-19584","1":"product","2":"type-product","3":"status-publish","4":"has-post-thumbnail","6":"product_cat-188","8":"first","9":"instock","10":"downloadable","11":"shipping-taxable","12":"purchasable","13":"product-type-simple"},"_links":{"self":[{"href":"https:\/\/tamerbadr.com\/hr\/wp-json\/wp\/v2\/product\/19584","targetHints":{"allow":["GET"]}}],"collection":[{"href":"https:\/\/tamerbadr.com\/hr\/wp-json\/wp\/v2\/product"}],"about":[{"href":"https:\/\/tamerbadr.com\/hr\/wp-json\/wp\/v2\/types\/product"}],"replies":[{"embeddable":true,"href":"https:\/\/tamerbadr.com\/hr\/wp-json\/wp\/v2\/comments?post=19584"}],"wp:featuredmedia":[{"embeddable":true,"href":"https:\/\/tamerbadr.com\/hr\/wp-json\/wp\/v2\/media\/19691"}],"wp:attachment":[{"href":"https:\/\/tamerbadr.com\/hr\/wp-json\/wp\/v2\/media?parent=19584"}],"wp:term":[{"taxonomy":"product_brand","embeddable":true,"href":"https:\/\/tamerbadr.com\/hr\/wp-json\/wp\/v2\/product_brand?post=19584"},{"taxonomy":"product_cat","embeddable":true,"href":"https:\/\/tamerbadr.com\/hr\/wp-json\/wp\/v2\/product_cat?post=19584"},{"taxonomy":"product_tag","embeddable":true,"href":"https:\/\/tamerbadr.com\/hr\/wp-json\/wp\/v2\/product_tag?post=19584"}],"curies":[{"name":"radni list","href":"https:\/\/api.w.org\/{rel}","templated":true}]}}