{"id":19582,"date":"2025-03-16T21:56:12","date_gmt":"2025-03-16T21:56:12","guid":{"rendered":"https:\/\/white-ant-267257.hostingersite.com\/?post_type=product&#038;p=19582"},"modified":"2025-07-13T07:21:17","modified_gmt":"2025-07-13T07:21:17","slug":"unforgettable-countries-book","status":"publish","type":"product","link":"https:\/\/tamerbadr.com\/hr\/proizvod\/unforgettable-countries-book","title":{"rendered":"Knjiga Nezaboravne zemlje"},"content":{"rendered":"<h1 style=\"text-align: center;\"><strong>Uvod profesora dr. Ragheba El-Serganyja u knjigu &quot;Nezaboravne zemlje&quot;<\/strong><\/h1>\n<h1 style=\"text-align: center;\">Mnogi iskrivljiva\u010di i krivotvoritelji \u0161ire ideju da islamska povijest ne sadr\u017ei slavnu pro\u0161lost, osim u vrijeme Poslanika, s.a.v.s., Ebu Bekra i Omera, s.a.v.s. Ovo krivotvorenje slu\u017ei samo za \u0161irenje frustracije u srcima muslimana i stvaranje osje\u0107aja da je mogu\u0107nost njihovog ustanka postala vrlo mala i da islamski pristup nije sposoban izgraditi dr\u017eavu ili o\u017eivjeti naciju. Sve je to suprotno istini i daleko od istine. Stoga postoji hitna potreba da se objasne razli\u010dite faze povijesti na\u0161e nacije i da \u0107e se nacija, bez obzira koliko slaba postala, ponovno uzdi\u0107i, a ako joj zastava padne na jednom mjestu, njene zastave \u0107e se podi\u0107i na drugim mjestima. I da je Bo\u017eji zakon da \u0107e ostati iskreni muslimani koji podr\u017eavaju stvar ove nacije i \u010duvaju njeno dostojanstvo. Ovo je istina hadisa Bo\u017ejeg Poslanika, s.a.v.s.: &quot;Skupina moje nacije uvijek \u0107e biti pobjedni\u010dka nad onim tko...&quot;<\/h1>\n<h1 style=\"text-align: center;\">Oni \u0107e ih napasti i osvojiti, a oni koji im se protive ne\u0107e im nauditi sve dok im ne do\u0111e Allahova naredba, i oni \u0107e takvi ostati. (Buhari i Muslim)<\/h1>\n<h1 style=\"text-align: center;\">Bo\u017eji Poslanik, neka ga Bog blagoslovi i mir podari, dao nam je veliki primjer u uspostavljanju dr\u017eave i izgradnji nacije. Pritom se sukobio sa silama ugnjetavanja koje su postojale u to vrijeme, a koje su predstavljali nevjernici Arapskog poluotoka, predvo\u0111eni nevjernicima iz Meke, te \u017didovi sa svojim raznim plemenima, kao i divovsko Rimsko Carstvo. Unato\u010d ovom stra\u0161nom sukobu, Svemogu\u0107i Bog odredio mu je pobjedu i uspjeh sve dok se njegova dr\u017eava nije uspostavila kao mlada i ponosna nacija.<\/h1>\n<h1 style=\"text-align: center;\">Nakon Allahovog Poslanika, mir i blagoslov na njega, Pravedni kalifi su izgradili sna\u017enu i veliku dr\u017eavu koja je bila u stanju uni\u0161titi prijestolja Hosreua i Cezara, te je bila u stanju postaviti muslimane na \u010delo svijeta, te je nadma\u0161ila sve politi\u010dki, ekonomski, znanstveno, kulturno i moralno. Prije i poslije svega toga, nadma\u0161ila ih je u doktrini, pa je bila u stanju reformirati svoj svijet svojom religijom i podi\u0107i standard \u017eivota u svojoj dr\u017eavi zakonom svog Gospodara, te je postigla te\u0161ku jednad\u017ebu koja spaja sre\u0107u na oba svijeta: ovom i zagrobnom.<\/h1>\n<h1 style=\"text-align: center;\">Putovanje islamske nacije nije se zaustavilo u vrijeme Pravednih Kalifa, ve\u0107 je nastavilo svoje civilizacijsko putovanje s velikim i plemenitim nacijama koje su postigle slavu i \u010dast te uzdigle ime muslimana posvuda. Tu su bili Omejidski i Abasidski kalifati, Ajubidske i Mamelu\u010dke dr\u017eave, veliki Osmanski kalifat i mnoge mo\u0107ne nacije u povijesti Andaluzije. Bilo je i drugih nacija tu i tamo koje su promijenile tijek \u010dovje\u010danstva divnom, pozitivnom promjenom koja doprinosi zaslugama ove divovske nacije, nacije islama.<\/h1>\n<h1 style=\"text-align: center;\">Ova briljantna povijest je najbolja povijest na cijelom svijetu, a ipak samo malo ljudi zna za nju. Na\u017ealost, \u010dak ni sami muslimani ne znaju za ovu slavnu povijest. Stoga sam jako sretan kada vidim knjigu ili bilo koje knji\u017eevno ili umjetni\u010dko djelo koje muslimanima vra\u0107a pravu sliku njihove slavne povijesti i pove\u0107ava njihov ponos i \u010dast u ovoj plemenitoj naciji.<\/h1>\n<h1 style=\"text-align: center;\">Pred nama je jedna od ovih vrijednih knjiga, \u010diji je autor, gospodin Tamer Badr, \u017eelio pratiti razli\u010dite faze slave u na\u0161oj povijesti od po\u010detka do kraja, predstavljaju\u0107i nam neka od velikih blaga te povijesti i govore\u0107i nam o povijesti nekoliko islamskih zemalja koje su uzdigle ime muslimana visoko u nebo.<\/h1>\n<h1 style=\"text-align: center;\">To je prekrasna knjiga, elegantno napisana i lijepo prezentirana, koja sadr\u017ei obilje to\u010dnih informacija i predstavlja prekrasan dodatak na\u0161oj islamskoj knji\u017enici na koji \u0107e svaki musliman biti ponosan.<\/h1>\n<h1 style=\"text-align: center;\">Bo\u017ee, u\u010dini ovaj trud dobrim djelom za pisca, a ove retke dobrim djelom za svakoga tko ih \u010dita...<\/h1>\n<h1 style=\"text-align: center;\">Molim Boga da proslavi islam i muslimane<\/h1>\n<h1 style=\"text-align: center;\">Prof. dr. Ragheb Al-Sergani<\/h1>\n<h1 style=\"text-align: center;\">Kairo, svibanj 2012.<\/h1>","protected":false},"excerpt":{"rendered":"<p>\u0645\u0642\u062f\u0645\u0629 \u0627\u0644\u0627\u0633\u062a\u0627\u0630 \u0627\u0644\u062f\u0643\u062a\u0648\u0631 \u0631\u0627\u063a\u0628 \u0627\u0644\u0633\u0631\u062c\u0627\u0646\u064a \u0644\u0643\u062a\u0627\u0628 \u062f\u0648\u0644 \u0644\u0627 \u062a\u0646\u0633\u0649 \u064a\u0634\u064a\u0639 \u0643\u062b\u064a\u0631 \u0645\u0646 \u0627\u0644\u0645\u062d\u0631\u0641\u064a\u0646 \u0648\u0627\u0644\u0645\u0632\u0648\u0631\u064a\u0646 \u0623\u0646 \u0627\u0644\u062a\u0627\u0631\u064a\u062e \u0627\u0644\u0625\u0633\u0644\u0627\u0645\u064a \u0644\u0627 \u064a\u062d\u0648\u064a \u0645\u0627\u0636\u064a\u0627 \u0645\u062c\u064a\u062f\u0627\u061b \u0625\u0644\u0627 \u0641\u064a \u0641\u062a\u0631\u0629 \u0627\u0644\u0631\u0633\u0648\u0644 \ufdfa \u0648\u0623\u0628\u064a \u0628\u0643\u0631 \u0648\u0639\u0645\u0631 \u0631\u0636\u064a \u0627\u0644\u0644\u0647 \u0639\u0646\u0647\u0645\u0627 \u060c \u0648\u0644\u064a\u0633 \u0647\u0630\u0627 \u0627\u0644\u062a\u0632\u0648\u064a\u0631 \u0625\u0644\u0627 \u0644\u0628\u062b \u0627\u0644\u0625\u062d\u0628\u0627\u0637 \u0641\u064a \u0642\u0644\u0648\u0628 \u0627\u0644\u0645\u0633\u0644\u0645\u064a\u0646 \u0648\u0625\u0634\u0639\u0627\u0631\u0647\u0645 \u0623\u0646 \u0627\u062d\u062a\u0645\u0627\u0644\u064a\u0629 \u0642\u064a\u0627\u0645\u0647\u0645 \u0635\u0627\u0631\u062a \u0628\u0639\u064a\u062f\u0629 \u062c\u062f\u0627\u060c \u0648\u0623\u0646 \u0627\u0644\u0645\u0646\u0647\u062c \u0627\u0644\u0625\u0633\u0644\u0627\u0645\u064a \u063a\u064a\u0631 \u0642\u0627\u062f\u0631 \u0639\u0644\u0649 [&hellip;]<\/p>","protected":false},"featured_media":19690,"comment_status":"open","ping_status":"closed","template":"","meta":{"_seopress_robots_primary_cat":"","_seopress_titles_title":"","_seopress_titles_desc":"","_seopress_robots_index":"","inline_featured_image":false,"_uf_show_specific_survey":0,"_uf_disable_surveys":false},"product_brand":[],"product_cat":[190],"product_tag":[],"class_list":{"0":"post-19582","1":"product","2":"type-product","3":"status-publish","4":"has-post-thumbnail","6":"product_cat-190","8":"first","9":"instock","10":"downloadable","11":"shipping-taxable","12":"purchasable","13":"product-type-simple"},"_links":{"self":[{"href":"https:\/\/tamerbadr.com\/hr\/wp-json\/wp\/v2\/product\/19582","targetHints":{"allow":["GET"]}}],"collection":[{"href":"https:\/\/tamerbadr.com\/hr\/wp-json\/wp\/v2\/product"}],"about":[{"href":"https:\/\/tamerbadr.com\/hr\/wp-json\/wp\/v2\/types\/product"}],"replies":[{"embeddable":true,"href":"https:\/\/tamerbadr.com\/hr\/wp-json\/wp\/v2\/comments?post=19582"}],"wp:featuredmedia":[{"embeddable":true,"href":"https:\/\/tamerbadr.com\/hr\/wp-json\/wp\/v2\/media\/19690"}],"wp:attachment":[{"href":"https:\/\/tamerbadr.com\/hr\/wp-json\/wp\/v2\/media?parent=19582"}],"wp:term":[{"taxonomy":"product_brand","embeddable":true,"href":"https:\/\/tamerbadr.com\/hr\/wp-json\/wp\/v2\/product_brand?post=19582"},{"taxonomy":"product_cat","embeddable":true,"href":"https:\/\/tamerbadr.com\/hr\/wp-json\/wp\/v2\/product_cat?post=19582"},{"taxonomy":"product_tag","embeddable":true,"href":"https:\/\/tamerbadr.com\/hr\/wp-json\/wp\/v2\/product_tag?post=19582"}],"curies":[{"name":"radni list","href":"https:\/\/api.w.org\/{rel}","templated":true}]}}