{"id":20132,"date":"2025-03-19T15:34:42","date_gmt":"2025-03-19T15:34:42","guid":{"rendered":"https:\/\/white-ant-267257.hostingersite.com\/?page_id=20132"},"modified":"2025-04-06T08:14:03","modified_gmt":"2025-04-06T08:14:03","slug":"unforgettable-days-book","status":"publish","type":"page","link":"https:\/\/tamerbadr.com\/hr\/unforgettable-days-book","title":{"rendered":"Knjiga Nezaboravni dani"},"content":{"rendered":"<div data-elementor-type=\"wp-page\" data-elementor-id=\"20132\" class=\"elementor elementor-20132\" data-elementor-post-type=\"page\">\n\t\t\t\t<div class=\"elementor-element elementor-element-c8c7aab e-flex e-con-boxed e-con e-parent\" data-id=\"c8c7aab\" data-element_type=\"container\">\n\t\t\t\t\t<div class=\"e-con-inner\">\n\t\t<div class=\"elementor-element elementor-element-6483b1a e-con-full e-flex e-con e-child\" data-id=\"6483b1a\" data-element_type=\"container\">\n\t\t\t\t<div class=\"elementor-element elementor-element-6058eb2 elementor-widget elementor-widget-wc-elements\" data-id=\"6058eb2\" data-element_type=\"widget\" data-widget_type=\"wc-elements.default\">\n\t\t\t\t<div class=\"elementor-widget-container\">\n\t\t\t\t\t<div class=\"woocommerce\">\t\t\t<div class=\"single-product\" data-product-page-preselected-id=\"0\">\n\t\t\t\t<div class=\"woocommerce-notices-wrapper\"><\/div><div id=\"product-19575\" class=\"product type-product post-19575 status-publish first instock product_cat-189 has-post-thumbnail downloadable shipping-taxable purchasable product-type-simple\">\n\n\t<div class=\"woocommerce-product-gallery woocommerce-product-gallery--with-images woocommerce-product-gallery--columns-4 images\" data-columns=\"4\" style=\"opacity: 0; transition: opacity .25s ease-in-out;\">\n\t<div class=\"woocommerce-product-gallery__wrapper\">\n\t\t<div data-thumb=\"https:\/\/tamerbadr.com\/wp-content\/uploads\/2025\/03\/\u0623\u064a\u0627\u0645-\u0644\u0627-\u062a\u0646\u0633\u0649-scaled-scaled.jpg\" data-thumb-alt=\"\u0643\u062a\u0627\u0628 \u0623\u064a\u0627\u0645 \u0644\u0627 \u062a\u0646\u0633\u0649\" data-thumb-srcset=\"\"  data-thumb-sizes=\"(max-width: 100px) 100vw, 100px\" class=\"woocommerce-product-gallery__image\"><a href=\"https:\/\/tamerbadr.com\/wp-content\/uploads\/2025\/03\/\u0623\u064a\u0627\u0645-\u0644\u0627-\u062a\u0646\u0633\u0649-scaled-scaled.jpg\"><img fetchpriority=\"high\" decoding=\"async\" width=\"2049\" height=\"1453\" src=\"https:\/\/tamerbadr.com\/wp-content\/uploads\/2025\/03\/\u0623\u064a\u0627\u0645-\u0644\u0627-\u062a\u0646\u0633\u0649-scaled-scaled.jpg\" class=\"wp-post-image\" alt=\"Knjiga Nezaboravni dani\" data-caption=\"\" data-src=\"https:\/\/tamerbadr.com\/wp-content\/uploads\/2025\/03\/\u0623\u064a\u0627\u0645-\u0644\u0627-\u062a\u0646\u0633\u0649-scaled-scaled.jpg\" data-large_image=\"https:\/\/tamerbadr.com\/wp-content\/uploads\/2025\/03\/\u0623\u064a\u0627\u0645-\u0644\u0627-\u062a\u0646\u0633\u0649-scaled-scaled.jpg\" data-large_image_width=\"2049\" data-large_image_height=\"1453\" \/><\/a><\/div><div data-thumb=\"https:\/\/tamerbadr.com\/wp-content\/uploads\/2025\/03\/\u0627\u064a\u0627\u0645-\u0644\u0627-\u062a\u0646\u0633\u0649.jpg\" data-thumb-alt=\"\u0643\u062a\u0627\u0628 \u0623\u064a\u0627\u0645 \u0644\u0627 \u062a\u0646\u0633\u0649 - Slika 2\" data-thumb-srcset=\"\"  data-thumb-sizes=\"(max-width: 73px) 100vw, 73px\" class=\"woocommerce-product-gallery__image\" data-no-translation-data-thumb-alt=\"\"><a href=\"https:\/\/tamerbadr.com\/wp-content\/uploads\/2025\/03\/\u0627\u064a\u0627\u0645-\u0644\u0627-\u062a\u0646\u0633\u0649.jpg\"><img decoding=\"async\" width=\"740\" height=\"1020\" src=\"https:\/\/tamerbadr.com\/wp-content\/uploads\/2025\/03\/\u0627\u064a\u0627\u0645-\u0644\u0627-\u062a\u0646\u0633\u0649.jpg\" class=\"\" alt=\"\u0643\u062a\u0627\u0628 \u0623\u064a\u0627\u0645 \u0644\u0627 \u062a\u0646\u0633\u0649 - Slika 2\" data-caption=\"\" data-src=\"https:\/\/tamerbadr.com\/wp-content\/uploads\/2025\/03\/\u0627\u064a\u0627\u0645-\u0644\u0627-\u062a\u0646\u0633\u0649.jpg\" data-large_image=\"https:\/\/tamerbadr.com\/wp-content\/uploads\/2025\/03\/\u0627\u064a\u0627\u0645-\u0644\u0627-\u062a\u0646\u0633\u0649.jpg\" data-large_image_width=\"740\" data-large_image_height=\"1020\" data-no-translation-alt=\"\" \/><\/a><\/div><div data-thumb=\"https:\/\/tamerbadr.com\/wp-content\/uploads\/2025\/03\/\u0645\u0624\u0644\u0641\u0627\u062a-\u062a\u0627\u0645\u0631-\u0628\u062f\u0631-1-6.jpg\" data-thumb-alt=\"\u0643\u062a\u0627\u0628 \u0623\u064a\u0627\u0645 \u0644\u0627 \u062a\u0646\u0633\u0649 - Slika 3\" data-thumb-srcset=\"\"  data-thumb-sizes=\"(max-width: 92px) 100vw, 92px\" class=\"woocommerce-product-gallery__image\" data-no-translation-data-thumb-alt=\"\"><a href=\"https:\/\/tamerbadr.com\/wp-content\/uploads\/2025\/03\/\u0645\u0624\u0644\u0641\u0627\u062a-\u062a\u0627\u0645\u0631-\u0628\u062f\u0631-1-6.jpg\"><img decoding=\"async\" width=\"389\" height=\"422\" src=\"https:\/\/tamerbadr.com\/wp-content\/uploads\/2025\/03\/\u0645\u0624\u0644\u0641\u0627\u062a-\u062a\u0627\u0645\u0631-\u0628\u062f\u0631-1-6.jpg\" class=\"\" alt=\"\u0643\u062a\u0627\u0628 \u0623\u064a\u0627\u0645 \u0644\u0627 \u062a\u0646\u0633\u0649 - Slika 3\" data-caption=\"CREATOR: gd-jpeg v1.0 (using IJG JPEG v62), quality = 90\" data-src=\"https:\/\/tamerbadr.com\/wp-content\/uploads\/2025\/03\/\u0645\u0624\u0644\u0641\u0627\u062a-\u062a\u0627\u0645\u0631-\u0628\u062f\u0631-1-6.jpg\" data-large_image=\"https:\/\/tamerbadr.com\/wp-content\/uploads\/2025\/03\/\u0645\u0624\u0644\u0641\u0627\u062a-\u062a\u0627\u0645\u0631-\u0628\u062f\u0631-1-6.jpg\" data-large_image_width=\"389\" data-large_image_height=\"422\" data-no-translation-alt=\"\" \/><\/a><\/div>\t<\/div>\n<\/div>\n\n\t<div class=\"summary entry-summary\">\n\t\t<h1 class=\"product_title entry-title\">Knjiga Nezaboravni dani<\/h1><p class=\"price\"><span class=\"woocommerce-Price-amount amount\"><bdi><span class=\"woocommerce-Price-currencySymbol\">EGP<\/span>60.00<\/bdi><\/span><\/p>\n\n\t\n\t<form class=\"cart\" action=\"\" method=\"post\" enctype='multipart\/form-data' data-trp-original-action=\"\">\n\t\t\n\t\t<div class=\"quantity\">\n\t\t<label class=\"screen-reader-text\" for=\"quantity_6a0693ca7f4e3\" data-no-translation=\"\" data-trp-gettext=\"\">\u0643\u062a\u0627\u0628 \u0623\u064a\u0627\u0645 \u0644\u0627 \u062a\u0646\u0633\u0649 koli\u010dina<\/label>\n\t<input\n\t\ttype=\"number\"\n\t\t\t\tid=\"quantity_6a0693ca7f4e3\"\n\t\tclass=\"input-text qty text\"\n\t\tname=\"quantity\"\n\t\tvalue=\"1\"\n\t\taria-label=\"Koli\u010dina proizvoda\"\n\t\t\t\tmin=\"1\"\n\t\t\t\t\t\t\tstep=\"1\"\n\t\t\tplaceholder=\"\"\n\t\t\tinputmode=\"numeric\"\n\t\t\tautocomplete=\"off\" data-no-translation-aria-label=\"\"\n\t\t\t\/>\n\t<\/div>\n\n\t\t<button type=\"submit\" name=\"add-to-cart\" value=\"19575\" class=\"single_add_to_cart_button button alt\" data-no-translation=\"\" data-trp-gettext=\"\">Dodaj u ko\u0161aricu<\/button>\n\n\t\t\n        <script>\n            document.addEventListener('DOMContentLoaded', function(){\n                document.addEventListener('click', function(event){\n                    if(!event.target.matches('.single_add_to_cart_button')){\n                        return;\n                    }\n\n                    const quantity = document.querySelector('input.qty').value || '1';\n                    const formProductVariation = document.querySelector('form[data-product_variations]')\n                    const variationItem = document.querySelector('.variation_id')\n\n                    let price = 60\n                    if(formProductVariation && variationItem){\n                        try{\n                            const variations = JSON.parse(formProductVariation.dataset.product_variations)\n                            const variationId = variationItem.value\n                            for(const variation of variations){\n                                if(variation.variation_id == Number(variationId)){\n                                    price = variation.display_price\n                                }\n                            }\n                        }\n                        catch{\n                        }\n                    }\n\n                    gtag('event', 'add_to_cart', {\n                        'items': [ {\n                            'item_id':'19575',\n                            'item_name': '\u0643\u062a\u0627\u0628 \u0623\u064a\u0627\u0645 \u0644\u0627 \u062a\u0646\u0633\u0649',\n                            'list_name': '\u0643\u062a\u0627\u0628 \u0623\u064a\u0627\u0645 \u0644\u0627 \u062a\u0646\u0633\u0649',\n                            'quantity': quantity,\n                            'price': price,\n                            \"item_category\":\"\u062a\u0627\u0631\u064a\u062e \u0639\u0633\u0643\u0631\u064a\"\n                        }]\n                    });\n                })\n            });\n        <\/script>\n        \t<input type=\"hidden\" name=\"trp-form-language\" value=\"hr\"\/><\/form>\n\n\t\n<div class=\"product_meta\">\n\n\t\n\t\n\t<span class=\"posted_in\">Kategorija: <a href=\"https:\/\/tamerbadr.com\/hr\/kategorija-proizvoda\/%d8%aa%d8%a7%d8%b1%d9%8a%d8%ae-%d8%b9%d8%b3%d9%83%d8%b1%d9%8a\" rel=\"tag\">vojna povijest<\/a><\/span>\n\t\n\t\n<\/div>\n\t<\/div>\n\n\t\n\t<div class=\"woocommerce-tabs wc-tabs-wrapper\">\n\t\t<ul class=\"tabs wc-tabs\" role=\"tablist\">\n\t\t\t\t\t\t\t<li role=\"presentation\" class=\"description_tab\" id=\"tab-title-description\">\n\t\t\t\t\t<a href=\"#tab-description\" role=\"tab\" aria-controls=\"tab-description\">\n\t\t\t\t\t\tOpis\t\t\t\t\t<\/a>\n\t\t\t\t<\/li>\n\t\t\t\t\t\t\t<li role=\"presentation\" class=\"reviews_tab\" id=\"tab-title-reviews\">\n\t\t\t\t\t<a href=\"#tab-reviews\" role=\"tab\" aria-controls=\"tab-reviews\">\n\t\t\t\t\t\tRecenzije (0)\t\t\t\t\t<\/a>\n\t\t\t\t<\/li>\n\t\t\t\t\t<\/ul>\n\t\t\t\t\t<div class=\"woocommerce-Tabs-panel woocommerce-Tabs-panel--description panel entry-content wc-tab\" id=\"tab-description\" role=\"tabpanel\" aria-labelledby=\"tab-title-description\">\n\t\t\t\t\n\t<h2 data-no-translation=\"\" data-trp-gettext=\"\">Opis<\/h2>\n\n<h1 style=\"text-align: center;\"><strong>Uvodna rije\u010d profesora dr. Ragheba Al-Sarjanija o knjizi Nezaboravni dani<\/strong><\/h1>\n<h1 style=\"text-align: center;\">Islamska povijest je tijekom godina i stolje\u0107a patila od velikog zanemarivanja. Rezultat je bio da su mnogi orijentalisti i zapadnjaci mijenjali tu povijest. Posljedi\u010dno, imamo povijest koja se uvelike razlikuje od istine. Jo\u0161 gore, pouke i moral izgubljeni su usred tih iskrivljenja. Tako je povijest postala akademski studij bez zna\u010denja za \u010ditatelje. Posljedi\u010dno, suzdr\u017eavali su se od \u010ditanja i prou\u010davanja.<\/h1>\n<h1 style=\"text-align: center;\">Suo\u010deni s ovom te\u0161kom situacijom, neki revnosni ljudi morali su se ustati kako bi spasili ovu dugu povijest; doista, kako bi spasili muslimansku mlade\u017e koja nije uspjela prona\u0107i prikladan i pouzdan izvor za \u010ditanje o povijesti nacije. Doista, ne pretjerujem kada ka\u017eem: Cijeli svijet - muslimanski ili nemuslimanski - treba ovu slavnu islamsku povijest, jer svijet nikada nije upoznao ni\u0161ta tako sjajno ili blistavo kao \u0161to smo mi prona\u0161li u na\u0161oj velikoj povijesti.<\/h1>\n<h1 style=\"text-align: center;\">Knjiga u na\u0161im rukama je svojevrsno pomagalo!<\/h1>\n<h1 style=\"text-align: center;\">Ovo je vrijedna knjiga koja vje\u0161to okuplja ogroman broj klju\u010dnih dana u povijesti islamske nacije. Me\u0111utim, ova ogromna zbirka nije rezultirala sli\u010dno ogromnim brojem stranica! To ukazuje na autorovo izvanredno majstorstvo u odabiru korisnog iz svake bitke i va\u017enog iz svakog susreta. Mo\u017eda je ovo jedna od najzna\u010dajnijih zna\u010dajki koja razlikuje ovu knjigu od drugih, jer se autor odlikuje briljantnom sposobno\u0161\u0107u sa\u017eetosti i fokusiranja, tako da osje\u0107ate da ste nakon \u010ditanja \u010detiri ili pet stranica o velikoj bitci pokrili sve i da vam ne trebaju nikakve druge informacije, dok stru\u010dnjaci znaju da povjesni\u010dar mo\u017ee napisati cijele tomove o takvim bitkama!<\/h1>\n<h1 style=\"text-align: center;\">Ova knjiga se tako\u0111er odlikuje laganom navigacijom izme\u0111u razli\u010ditih faza islamske povijesti. Po\u010dinje s proro\u010danskim dobom, a zatim odgovaraju\u0107om brzinom ska\u010de izme\u0111u razli\u010ditih povijesnih razdoblja, kao \u0161to su ra\u0161idunsko, umajadsko, abasidsko, ajubidsko, mamelu\u010dko i osmansko doba. Tako\u0111er ne zanemaruje geografsku navigaciju u razli\u010ditim krajevima svijeta. Dolazi do Istoka i govori o bitkama u Indiji, a s Istoka prelazi na Zapad i opisuje bitke u Andaluziji!<\/h1>\n<h1 style=\"text-align: center;\">Jo\u0161 jedna karakteristi\u010dna zna\u010dajka ove knjige je ta \u0161to raspravlja o mnogim bitkama o kojima mnogi muslimani ne znaju nikakve detalje. Zapravo, ne pretjerujem kada ka\u017eem: muslimani ne znaju ni njihova imena! Dovoljno mi je istaknuti, na primjer, bitke kod Ain al-Tamra, osvajanje Dibala, bitku kod Talasa, osvajanje Somnatha, bitku kod Nikopolja, bitku kod Moha\u010da i druge bitke \u010diji je spomen zaboravljen i \u010dije su stranice bile prekrivene pra\u0161inom, sve dok ovaj autor nije s iskreno\u0161\u0107u i pa\u017enjom otkrio istinu o tim odlu\u010duju\u0107im danima.<\/h1>\n<h1 style=\"text-align: center;\">Iznad svega navedenog, ovu vrijednu knjigu odlikuju dvije stvari koje je izdvajaju od mnogih djela koja ispunjavaju islamsku knji\u017enicu, \u010dine\u0107i je jedinstvenom u svom podru\u010dju.<\/h1>\n<h1 style=\"text-align: center;\">Prva stvar je da se ne ograni\u010dava samo na pobjede muslimana, ve\u0107 s prekrasnom nepristrano\u0161\u0107u i iznimnom precizno\u0161\u0107u spominje glavne bitke u kojima su muslimani pora\u017eeni! Kao \u0161to su Bitka kod Uhuda, Bitka kod Toursa, Bitka kod Al-Uqaba i drugi porazi. Ovo je, zapravo, jasan primjer autorove inteligencije, jer \u010ditatelju pokazuje svoju iskrenost u predstavljanju doga\u0111aja i nagla\u0161ava da je vrijeme ciklus izme\u0111u naroda. Tako\u0111er ne li\u0161ava \u010ditatelje prilike da imaju koristi od va\u017enih lekcija nau\u010denih u tim bitkama.<\/h1>\n<h1 style=\"text-align: center;\">Druga stvar je da se autor nije zaustavio na pripovijedanju doga\u0111aja kao \u0161to to \u010dine mnogi autori, ve\u0107 je udubio u stvari i tra\u017eio faktore pobjede i razloge poraza, tako da \u010ditatelj knjige izlazi s obilnom zbirkom razloga za uspon ili pad naroda, te je tako cilj pri\u010danja pri\u010de postignut; kao \u0161to nam je na\u0161 Gospodar pokazao kada je rekao: {U njihovim pri\u010dama je, doista, pouka za one koji imaju razum} [Jusuf: 111]... Istina je da je autor sve to izradio s visokom i istaknutom vje\u0161tinom.<\/h1>\n<h1 style=\"text-align: center;\">Kona\u010dno:<\/h1>\n<h1 style=\"text-align: center;\">Ova autorova vje\u0161tina nije sprije\u010dila da njegov stil bude nje\u017ean i lijep. Izrazi u knjizi su elegantni, rije\u010di prekrasne, a prezentacija glatka i ugodna, \u0161to knjizi dodaje sjaj i eleganciju.<\/h1>\n<h1 style=\"text-align: center;\">Iako znam da je ovo autorov prvi poku\u0161aj pisanja o vojnoj tematici, siguran sam da ne\u0107e biti i posljednji. Bitke islamske povijesti i njihovi detalji zahtijevaju stotine svezaka i tisu\u0107e obja\u0161njenja i analiza.<\/h1>\n<h1 style=\"text-align: center;\">Neka Allah nagradi profesora Tamera Badra za njegov veliki trud. Moj savjet mu je da uvijek obnavlja svoju namjeru sa svakom knjigom, kako bi Allah, d\u017e.\u0161., podario njegovim knjigama \u0161iroku distribuciju i obilnu nagradu i sveobuhvatno priznanje.<\/h1>\n<h1 style=\"text-align: center;\">Molim Boga da proslavi islam i muslimane<\/h1>\n<h1 style=\"text-align: center;\">Prof. dr. Ragheb Al-Sarjani<\/h1>\n\t\t\t<\/div>\n\t\t\t\t\t<div class=\"woocommerce-Tabs-panel woocommerce-Tabs-panel--reviews panel entry-content wc-tab\" id=\"tab-reviews\" role=\"tabpanel\" aria-labelledby=\"tab-title-reviews\">\n\t\t\t\t<div id=\"reviews\" class=\"woocommerce-Reviews\">\n\t<div id=\"comments\">\n\t\t<h2 class=\"woocommerce-Reviews-title\">\n\t\t\tRecenzije\t\t<\/h2>\n\n\t\t\t\t\t<p class=\"woocommerce-noreviews\" data-no-translation=\"\" data-trp-gettext=\"\">Jo\u0161 nema recenzija.<\/p>\n\t\t\t<\/div>\n\n\t\t\t<div id=\"review_form_wrapper\">\n\t\t\t<div id=\"review_form\">\n\t\t\t\t\t<div id=\"respond\" class=\"comment-respond\">\n\t\t<span id=\"reply-title\" class=\"comment-reply-title\" role=\"heading\" aria-level=\"3\">Budite prvi koji \u0107e recenzirati &ldquo;\u0643\u062a\u0627\u0628 \u0623\u064a\u0627\u0645 \u0644\u0627 \u062a\u0646\u0633\u0649&rdquo; <small><a rel=\"nofollow\" id=\"cancel-comment-reply-link\" href=\"\/hr\/wp-json\/wp\/v2\/pages\/20132#respond\" style=\"display:none;\">Otka\u017ei odgovor<\/a><\/small><\/span><p class=\"must-log-in\" data-no-translation=\"\" data-trp-gettext=\"\">Morate biti <a href=\"https:\/\/tamerbadr.com\/hr\/\">ulogirani<\/a> da biste objavili recenziju.<\/p>\t<\/div><!-- #respond -->\n\t\t\t\t<\/div>\n\t\t<\/div>\n\t\n\t<div class=\"clear\"><\/div>\n<\/div>\n\t\t\t<\/div>\n\t\t\n\t\t\t<\/div>\n\n\n\t<section class=\"related products\">\n\n\t\t\t\t\t<h2 data-no-translation=\"\" data-trp-gettext=\"\">Povezani proizvodi<\/h2>\n\t\t\t\t<ul class=\"products columns-4\">\n\n\t\t\t\n\t\t\t\t\t<li class=\"product type-product post-19581 status-publish first instock product_cat-189 has-post-thumbnail downloadable shipping-taxable purchasable product-type-simple\">\n\t<a href=\"https:\/\/tamerbadr.com\/hr\/proizvod\/unforgettable-leaders-book\" class=\"woocommerce-LoopProduct-link woocommerce-loop-product__link\"><img loading=\"lazy\" decoding=\"async\" width=\"2049\" height=\"1453\" src=\"https:\/\/tamerbadr.com\/wp-content\/uploads\/2025\/03\/\u0642\u0627\u062f\u0629-\u0644\u0627-\u062a\u0646\u0633\u0649--scaled-scaled.jpg\" class=\"attachment-woocommerce_thumbnail size-woocommerce_thumbnail\" alt=\"Knjiga Nezaboravni Vo\u0111e\" \/><h2 class=\"woocommerce-loop-product__title\">Knjiga Nezaboravni Vo\u0111e<\/h2>\n\t<span class=\"price\"><span class=\"woocommerce-Price-amount amount\"><bdi><span class=\"woocommerce-Price-currencySymbol\">EGP<\/span>60.00<\/bdi><\/span><\/span>\n<\/a><a href=\"\/hr\/wp-json\/wp\/v2\/pages\/20132?add-to-cart=19581\" aria-describedby=\"woocommerce_loop_add_to_cart_link_describedby_19581\" data-quantity=\"1\" class=\"button product_type_simple add_to_cart_button ajax_add_to_cart\" data-product_id=\"19581\" data-product_sku=\"\" aria-label=\"Dodaj u ko\u0161aricu: &quot;\u0643\u062a\u0627\u0628 \u0642\u0627\u062f\u0629 \u0644\u0627 \u062a\u0646\u0633\u0649&quot;\" rel=\"nofollow\" data-success_message=\"&quot;\u0643\u062a\u0627\u0628 \u0642\u0627\u062f\u0629 \u0644\u0627 \u062a\u0646\u0633\u0649&quot; je dodan u va\u0161u ko\u0161aricu\" data-no-translation=\"\" data-trp-gettext=\"\" data-no-translation-aria-label=\"\" data-no-translation-data-success_message=\"\">Dodaj u ko\u0161aricu<\/a>\t<span id=\"woocommerce_loop_add_to_cart_link_describedby_19581\" class=\"screen-reader-text\">\n\t\t\t<\/span>\n\n        <script>\n            document.addEventListener('DOMContentLoaded', function(){\n                function getParameterByName(name, url) {\n                    name = name.replace(\/[\\[\\]]\/g, '\\$&');\n                    var regex = new RegExp('[?&]' + name + '(=([^&#]*)|&|#|$)'),\n                        results = regex.exec(url);\n                    if (!results) return null;\n                    if (!results[2]) return '';\n                    return decodeURIComponent(results[2].replace(\/\\+\/g, ' '));\n                }\n\n                document.addEventListener('click', function(event){\n                    const namedItem = event.target.attributes.getNamedItem('data-product_id')\n                    if(!event.target.matches('.ajax_add_to_cart')){\n                        return;\n                    }\n\n                    var item_id = null;\n\n                    if(!namedItem){\n                        try{\n                            item_id = getParameterByName('add-to-cart', new URL(event.target.href).search)\n                        }\n                        catch(e){}\n                    }\n                    else{\n                        item_id = namedItem.value\n                    }\n\n                    if(item_id != 19581){\n                        return;\n                    }\n\n                    gtag('event', 'add_to_cart', {'items': [ {\"item_id\":\"19581\",\"item_name\":\"\\u0643\\u062a\\u0627\\u0628 \\u0642\\u0627\\u062f\\u0629 \\u0644\\u0627 \\u062a\\u0646\\u0633\\u0649\",\"list_name\":\"\\u0643\\u062a\\u0627\\u0628 \\u0642\\u0627\\u062f\\u0629 \\u0644\\u0627 \\u062a\\u0646\\u0633\\u0649\",\"quantity\":1,\"price\":60,\"item_category\":\"\\u062a\\u0627\\u0631\\u064a\\u062e \\u0639\\u0633\\u0643\\u0631\\u064a\"} ]});\n                })\n\n            });\n        <\/script>\n        <\/li>\n\n\t\t\t\n\t\t\t\t\t<li class=\"product type-product post-19583 status-publish instock product_cat-189 has-post-thumbnail downloadable shipping-taxable purchasable product-type-simple\">\n\t<a href=\"https:\/\/tamerbadr.com\/hr\/proizvod\/the-book-of-islam-and-war\" class=\"woocommerce-LoopProduct-link woocommerce-loop-product__link\"><img loading=\"lazy\" decoding=\"async\" width=\"2049\" height=\"1401\" src=\"https:\/\/tamerbadr.com\/wp-content\/uploads\/2025\/03\/\u0627\u0644\u0625\u0633\u0644\u0627\u0645-\u0648\u0627\u0644\u062d\u0631\u0628-\u063a\u0644\u0627\u0641-scaled-scaled.jpg\" class=\"attachment-woocommerce_thumbnail size-woocommerce_thumbnail\" alt=\"Knjiga o islamu i ratu\" \/><h2 class=\"woocommerce-loop-product__title\">Knjiga o islamu i ratu<\/h2>\n\t<span class=\"price\"><span class=\"woocommerce-Price-amount amount\"><bdi><span class=\"woocommerce-Price-currencySymbol\">EGP<\/span>60.00<\/bdi><\/span><\/span>\n<\/a><a href=\"\/hr\/wp-json\/wp\/v2\/pages\/20132?add-to-cart=19583\" aria-describedby=\"woocommerce_loop_add_to_cart_link_describedby_19583\" data-quantity=\"1\" class=\"button product_type_simple add_to_cart_button ajax_add_to_cart\" data-product_id=\"19583\" data-product_sku=\"\" aria-label=\"Dodaj u ko\u0161aricu: &quot;\u0643\u062a\u0627\u0628 \u0627\u0644\u0627\u0633\u0644\u0627\u0645 \u0648\u0627\u0644\u062d\u0631\u0628&quot;\" rel=\"nofollow\" data-success_message=\"&quot;\u0643\u062a\u0627\u0628 \u0627\u0644\u0627\u0633\u0644\u0627\u0645 \u0648\u0627\u0644\u062d\u0631\u0628&quot; je dodan u va\u0161u ko\u0161aricu\" data-no-translation=\"\" data-trp-gettext=\"\" data-no-translation-aria-label=\"\" data-no-translation-data-success_message=\"\">Dodaj u ko\u0161aricu<\/a>\t<span id=\"woocommerce_loop_add_to_cart_link_describedby_19583\" class=\"screen-reader-text\">\n\t\t\t<\/span>\n\n        <script>\n            document.addEventListener('DOMContentLoaded', function(){\n                function getParameterByName(name, url) {\n                    name = name.replace(\/[\\[\\]]\/g, '\\$&');\n                    var regex = new RegExp('[?&]' + name + '(=([^&#]*)|&|#|$)'),\n                        results = regex.exec(url);\n                    if (!results) return null;\n                    if (!results[2]) return '';\n                    return decodeURIComponent(results[2].replace(\/\\+\/g, ' '));\n                }\n\n                document.addEventListener('click', function(event){\n                    const namedItem = event.target.attributes.getNamedItem('data-product_id')\n                    if(!event.target.matches('.ajax_add_to_cart')){\n                        return;\n                    }\n\n                    var item_id = null;\n\n                    if(!namedItem){\n                        try{\n                            item_id = getParameterByName('add-to-cart', new URL(event.target.href).search)\n                        }\n                        catch(e){}\n                    }\n                    else{\n                        item_id = namedItem.value\n                    }\n\n                    if(item_id != 19583){\n                        return;\n                    }\n\n                    gtag('event', 'add_to_cart', {'items': [ {\"item_id\":\"19583\",\"item_name\":\"\\u0643\\u062a\\u0627\\u0628 \\u0627\\u0644\\u0627\\u0633\\u0644\\u0627\\u0645 \\u0648\\u0627\\u0644\\u062d\\u0631\\u0628\",\"list_name\":\"\\u0643\\u062a\\u0627\\u0628 \\u0627\\u0644\\u0627\\u0633\\u0644\\u0627\\u0645 \\u0648\\u0627\\u0644\\u062d\\u0631\\u0628\",\"quantity\":1,\"price\":60,\"item_category\":\"\\u062a\\u0627\\u0631\\u064a\\u062e \\u0639\\u0633\\u0643\\u0631\\u064a\"} ]});\n                })\n\n            });\n        <\/script>\n        <\/li>\n\n\t\t\t\n\t\t<\/ul>\n\n\t<\/section>\n\t<\/div>\n\n\t\t\t<\/div>\n\t\t\t<\/div>\t\t\t\t<\/div>\n\t\t\t\t<\/div>\n\t\t\t\t<\/div>\n\t\t\t\t\t<\/div>\n\t\t\t\t<\/div>\n\t\t\t\t<\/div>","protected":false},"excerpt":{"rendered":"","protected":false},"author":1,"featured_media":0,"parent":0,"menu_order":0,"comment_status":"closed","ping_status":"closed","template":"elementor_header_footer","meta":{"_seopress_robots_primary_cat":"","_seopress_titles_title":"","_seopress_titles_desc":"","_seopress_robots_index":"","inline_featured_image":false,"_uf_show_specific_survey":0,"_uf_disable_surveys":false,"footnotes":""},"class_list":["post-20132","page","type-page","status-publish"],"_links":{"self":[{"href":"https:\/\/tamerbadr.com\/hr\/wp-json\/wp\/v2\/pages\/20132","targetHints":{"allow":["GET"]}}],"collection":[{"href":"https:\/\/tamerbadr.com\/hr\/wp-json\/wp\/v2\/pages"}],"about":[{"href":"https:\/\/tamerbadr.com\/hr\/wp-json\/wp\/v2\/types\/page"}],"author":[{"embeddable":true,"href":"https:\/\/tamerbadr.com\/hr\/wp-json\/wp\/v2\/users\/1"}],"replies":[{"embeddable":true,"href":"https:\/\/tamerbadr.com\/hr\/wp-json\/wp\/v2\/comments?post=20132"}],"version-history":[{"count":0,"href":"https:\/\/tamerbadr.com\/hr\/wp-json\/wp\/v2\/pages\/20132\/revisions"}],"wp:attachment":[{"href":"https:\/\/tamerbadr.com\/hr\/wp-json\/wp\/v2\/media?parent=20132"}],"curies":[{"name":"radni list","href":"https:\/\/api.w.org\/{rel}","templated":true}]}}