{"id":20112,"date":"2025-03-19T15:27:38","date_gmt":"2025-03-19T15:27:38","guid":{"rendered":"https:\/\/white-ant-267257.hostingersite.com\/?page_id=20112"},"modified":"2025-04-06T08:15:33","modified_gmt":"2025-04-06T08:15:33","slug":"riyad-as-sunnah-book-from-the-authentic-six-books","status":"publish","type":"page","link":"https:\/\/tamerbadr.com\/hr\/riyad-as-sunnah-book-from-the-authentic-six-books","title":{"rendered":"Knjiga Rijad as-Sunnet iz \u0161est autenti\u010dnih knjiga"},"content":{"rendered":"<div data-elementor-type=\"wp-page\" data-elementor-id=\"20112\" class=\"elementor elementor-20112\" data-elementor-post-type=\"page\">\n\t\t\t\t<div class=\"elementor-element elementor-element-c8c7aab e-flex e-con-boxed e-con e-parent\" data-id=\"c8c7aab\" data-element_type=\"container\">\n\t\t\t\t\t<div class=\"e-con-inner\">\n\t\t<div class=\"elementor-element elementor-element-6483b1a e-con-full e-flex e-con e-child\" data-id=\"6483b1a\" data-element_type=\"container\">\n\t\t\t\t<div class=\"elementor-element elementor-element-6058eb2 elementor-widget elementor-widget-wc-elements\" data-id=\"6058eb2\" data-element_type=\"widget\" data-widget_type=\"wc-elements.default\">\n\t\t\t\t<div class=\"elementor-widget-container\">\n\t\t\t\t\t<div class=\"woocommerce\">\t\t\t<div class=\"single-product\" data-product-page-preselected-id=\"0\">\n\t\t\t\t<div class=\"woocommerce-notices-wrapper\"><\/div><div id=\"product-19584\" class=\"product type-product post-19584 status-publish first instock product_cat-188 has-post-thumbnail downloadable shipping-taxable purchasable product-type-simple\">\n\n\t<div class=\"woocommerce-product-gallery woocommerce-product-gallery--with-images woocommerce-product-gallery--columns-4 images\" data-columns=\"4\" style=\"opacity: 0; transition: opacity .25s ease-in-out;\">\n\t<div class=\"woocommerce-product-gallery__wrapper\">\n\t\t<div data-thumb=\"https:\/\/tamerbadr.com\/wp-content\/uploads\/2025\/03\/\u0631\u064a\u0627\u0636-\u0627\u0644\u0633\u0646\u0629-\u063a\u0644\u0627\u0641-scaled-scaled.jpg\" data-thumb-alt=\"\u0643\u062a\u0627\u0628 \u0631\u064a\u0627\u0636 \u0627\u0644\u0633\u0646\u0629 \u0645\u0646 \u0635\u062d\u064a\u062d \u0627\u0644\u0643\u062a\u0628 \u0627\u0644\u0633\u062a\u0629\" data-thumb-srcset=\"\"  data-thumb-sizes=\"(max-width: 100px) 100vw, 100px\" class=\"woocommerce-product-gallery__image\"><a href=\"https:\/\/tamerbadr.com\/wp-content\/uploads\/2025\/03\/\u0631\u064a\u0627\u0636-\u0627\u0644\u0633\u0646\u0629-\u063a\u0644\u0627\u0641-scaled-scaled.jpg\"><img fetchpriority=\"high\" decoding=\"async\" width=\"2049\" height=\"1329\" src=\"https:\/\/tamerbadr.com\/wp-content\/uploads\/2025\/03\/\u0631\u064a\u0627\u0636-\u0627\u0644\u0633\u0646\u0629-\u063a\u0644\u0627\u0641-scaled-scaled.jpg\" class=\"wp-post-image\" alt=\"Knjiga Rijad as-Sunnet iz \u0161est autenti\u010dnih knjiga\" data-caption=\"\" data-src=\"https:\/\/tamerbadr.com\/wp-content\/uploads\/2025\/03\/\u0631\u064a\u0627\u0636-\u0627\u0644\u0633\u0646\u0629-\u063a\u0644\u0627\u0641-scaled-scaled.jpg\" data-large_image=\"https:\/\/tamerbadr.com\/wp-content\/uploads\/2025\/03\/\u0631\u064a\u0627\u0636-\u0627\u0644\u0633\u0646\u0629-\u063a\u0644\u0627\u0641-scaled-scaled.jpg\" data-large_image_width=\"2049\" data-large_image_height=\"1329\" \/><\/a><\/div><div data-thumb=\"https:\/\/tamerbadr.com\/wp-content\/uploads\/2025\/03\/\u0631\u064a\u0627\u0636-\u0627\u0644\u0633\u0646\u0629-1\u063a\u0644\u0627\u0641-\u0627\u0644\u0644\u0624\u0644\u0624\u0629-scaled.jpg\" data-thumb-alt=\"\u0643\u062a\u0627\u0628 \u0631\u064a\u0627\u0636 \u0627\u0644\u0633\u0646\u0629 \u0645\u0646 \u0635\u062d\u064a\u062d \u0627\u0644\u0643\u062a\u0628 \u0627\u0644\u0633\u062a\u0629 - Slika 2\" data-thumb-srcset=\"\"  data-thumb-sizes=\"(max-width: 75px) 100vw, 75px\" class=\"woocommerce-product-gallery__image\" data-no-translation-data-thumb-alt=\"\"><a href=\"https:\/\/tamerbadr.com\/wp-content\/uploads\/2025\/03\/\u0631\u064a\u0627\u0636-\u0627\u0644\u0633\u0646\u0629-1\u063a\u0644\u0627\u0641-\u0627\u0644\u0644\u0624\u0644\u0624\u0629-scaled.jpg\"><img decoding=\"async\" width=\"1928\" height=\"2560\" src=\"https:\/\/tamerbadr.com\/wp-content\/uploads\/2025\/03\/\u0631\u064a\u0627\u0636-\u0627\u0644\u0633\u0646\u0629-1\u063a\u0644\u0627\u0641-\u0627\u0644\u0644\u0624\u0644\u0624\u0629-scaled.jpg\" class=\"\" alt=\"\u0643\u062a\u0627\u0628 \u0631\u064a\u0627\u0636 \u0627\u0644\u0633\u0646\u0629 \u0645\u0646 \u0635\u062d\u064a\u062d \u0627\u0644\u0643\u062a\u0628 \u0627\u0644\u0633\u062a\u0629 - Slika 2\" data-caption=\"\" data-src=\"https:\/\/tamerbadr.com\/wp-content\/uploads\/2025\/03\/\u0631\u064a\u0627\u0636-\u0627\u0644\u0633\u0646\u0629-1\u063a\u0644\u0627\u0641-\u0627\u0644\u0644\u0624\u0644\u0624\u0629-scaled.jpg\" data-large_image=\"https:\/\/tamerbadr.com\/wp-content\/uploads\/2025\/03\/\u0631\u064a\u0627\u0636-\u0627\u0644\u0633\u0646\u0629-1\u063a\u0644\u0627\u0641-\u0627\u0644\u0644\u0624\u0644\u0624\u0629-scaled.jpg\" data-large_image_width=\"1928\" data-large_image_height=\"2560\" data-no-translation-alt=\"\" \/><\/a><\/div><div data-thumb=\"https:\/\/tamerbadr.com\/wp-content\/uploads\/2025\/03\/\u0645\u0624\u0644\u0641\u0627\u062a-\u062a\u0627\u0645\u0631-\u0628\u062f\u0631-1-3.jpg\" data-thumb-alt=\"\u0643\u062a\u0627\u0628 \u0631\u064a\u0627\u0636 \u0627\u0644\u0633\u0646\u0629 \u0645\u0646 \u0635\u062d\u064a\u062d \u0627\u0644\u0643\u062a\u0628 \u0627\u0644\u0633\u062a\u0629 - Slika 3\" data-thumb-srcset=\"\"  data-thumb-sizes=\"(max-width: 92px) 100vw, 92px\" class=\"woocommerce-product-gallery__image\" data-no-translation-data-thumb-alt=\"\"><a href=\"https:\/\/tamerbadr.com\/wp-content\/uploads\/2025\/03\/\u0645\u0624\u0644\u0641\u0627\u062a-\u062a\u0627\u0645\u0631-\u0628\u062f\u0631-1-3.jpg\"><img decoding=\"async\" width=\"389\" height=\"422\" src=\"https:\/\/tamerbadr.com\/wp-content\/uploads\/2025\/03\/\u0645\u0624\u0644\u0641\u0627\u062a-\u062a\u0627\u0645\u0631-\u0628\u062f\u0631-1-3.jpg\" class=\"\" alt=\"\u0643\u062a\u0627\u0628 \u0631\u064a\u0627\u0636 \u0627\u0644\u0633\u0646\u0629 \u0645\u0646 \u0635\u062d\u064a\u062d \u0627\u0644\u0643\u062a\u0628 \u0627\u0644\u0633\u062a\u0629 - Slika 3\" data-caption=\"CREATOR: gd-jpeg v1.0 (using IJG JPEG v62), quality = 90\" data-src=\"https:\/\/tamerbadr.com\/wp-content\/uploads\/2025\/03\/\u0645\u0624\u0644\u0641\u0627\u062a-\u062a\u0627\u0645\u0631-\u0628\u062f\u0631-1-3.jpg\" data-large_image=\"https:\/\/tamerbadr.com\/wp-content\/uploads\/2025\/03\/\u0645\u0624\u0644\u0641\u0627\u062a-\u062a\u0627\u0645\u0631-\u0628\u062f\u0631-1-3.jpg\" data-large_image_width=\"389\" data-large_image_height=\"422\" data-no-translation-alt=\"\" \/><\/a><\/div>\t<\/div>\n<\/div>\n\n\t<div class=\"summary entry-summary\">\n\t\t<h1 class=\"product_title entry-title\">Knjiga Rijad as-Sunnet iz \u0161est autenti\u010dnih knjiga<\/h1><p class=\"price\"><span class=\"woocommerce-Price-amount amount\"><bdi><span class=\"woocommerce-Price-currencySymbol\">EGP<\/span>80.00<\/bdi><\/span><\/p>\n\n\t\n\t<form class=\"cart\" action=\"\" method=\"post\" enctype='multipart\/form-data' data-trp-original-action=\"\">\n\t\t\n\t\t<div class=\"quantity\">\n\t\t<label class=\"screen-reader-text\" for=\"quantity_69fee70ab1e58\" data-no-translation=\"\" data-trp-gettext=\"\">\u0643\u062a\u0627\u0628 \u0631\u064a\u0627\u0636 \u0627\u0644\u0633\u0646\u0629 \u0645\u0646 \u0635\u062d\u064a\u062d \u0627\u0644\u0643\u062a\u0628 \u0627\u0644\u0633\u062a\u0629 koli\u010dina<\/label>\n\t<input\n\t\ttype=\"number\"\n\t\t\t\tid=\"quantity_69fee70ab1e58\"\n\t\tclass=\"input-text qty text\"\n\t\tname=\"quantity\"\n\t\tvalue=\"1\"\n\t\taria-label=\"Koli\u010dina proizvoda\"\n\t\t\t\tmin=\"1\"\n\t\t\t\t\t\t\tstep=\"1\"\n\t\t\tplaceholder=\"\"\n\t\t\tinputmode=\"numeric\"\n\t\t\tautocomplete=\"off\" data-no-translation-aria-label=\"\"\n\t\t\t\/>\n\t<\/div>\n\n\t\t<button type=\"submit\" name=\"add-to-cart\" value=\"19584\" class=\"single_add_to_cart_button button alt\" data-no-translation=\"\" data-trp-gettext=\"\">Dodaj u ko\u0161aricu<\/button>\n\n\t\t\n        <script>\n            document.addEventListener('DOMContentLoaded', function(){\n                document.addEventListener('click', function(event){\n                    if(!event.target.matches('.single_add_to_cart_button')){\n                        return;\n                    }\n\n                    const quantity = document.querySelector('input.qty').value || '1';\n                    const formProductVariation = document.querySelector('form[data-product_variations]')\n                    const variationItem = document.querySelector('.variation_id')\n\n                    let price = 80\n                    if(formProductVariation && variationItem){\n                        try{\n                            const variations = JSON.parse(formProductVariation.dataset.product_variations)\n                            const variationId = variationItem.value\n                            for(const variation of variations){\n                                if(variation.variation_id == Number(variationId)){\n                                    price = variation.display_price\n                                }\n                            }\n                        }\n                        catch{\n                        }\n                    }\n\n                    gtag('event', 'add_to_cart', {\n                        'items': [ {\n                            'item_id':'19584',\n                            'item_name': '\u0643\u062a\u0627\u0628 \u0631\u064a\u0627\u0636 \u0627\u0644\u0633\u0646\u0629 \u0645\u0646 \u0635\u062d\u064a\u062d \u0627\u0644\u0643\u062a\u0628 \u0627\u0644\u0633\u062a\u0629',\n                            'list_name': '\u0643\u062a\u0627\u0628 \u0631\u064a\u0627\u0636 \u0627\u0644\u0633\u0646\u0629 \u0645\u0646 \u0635\u062d\u064a\u062d \u0627\u0644\u0643\u062a\u0628 \u0627\u0644\u0633\u062a\u0629',\n                            'quantity': quantity,\n                            'price': price,\n                            \"item_category\":\"\u0623\u062d\u0627\u062f\u064a\u062b \u0646\u0628\u0648\u064a\u0629\"\n                        }]\n                    });\n                })\n            });\n        <\/script>\n        \t<input type=\"hidden\" name=\"trp-form-language\" value=\"hr\"\/><\/form>\n\n\t\n<div class=\"product_meta\">\n\n\t\n\t\n\t<span class=\"posted_in\">Kategorija: <a href=\"https:\/\/tamerbadr.com\/hr\/kategorija-proizvoda\/%d8%a3%d8%ad%d8%a7%d8%af%d9%8a%d8%ab-%d9%86%d8%a8%d9%88%d9%8a%d8%a9\" rel=\"tag\">Hadisi<\/a><\/span>\n\t\n\t\n<\/div>\n\t<\/div>\n\n\t\n\t<div class=\"woocommerce-tabs wc-tabs-wrapper\">\n\t\t<ul class=\"tabs wc-tabs\" role=\"tablist\">\n\t\t\t\t\t\t\t<li role=\"presentation\" class=\"description_tab\" id=\"tab-title-description\">\n\t\t\t\t\t<a href=\"#tab-description\" role=\"tab\" aria-controls=\"tab-description\">\n\t\t\t\t\t\tOpis\t\t\t\t\t<\/a>\n\t\t\t\t<\/li>\n\t\t\t\t\t\t\t<li role=\"presentation\" class=\"reviews_tab\" id=\"tab-title-reviews\">\n\t\t\t\t\t<a href=\"#tab-reviews\" role=\"tab\" aria-controls=\"tab-reviews\">\n\t\t\t\t\t\tRecenzije (0)\t\t\t\t\t<\/a>\n\t\t\t\t<\/li>\n\t\t\t\t\t<\/ul>\n\t\t\t\t\t<div class=\"woocommerce-Tabs-panel woocommerce-Tabs-panel--description panel entry-content wc-tab\" id=\"tab-description\" role=\"tabpanel\" aria-labelledby=\"tab-title-description\">\n\t\t\t\t\n\t<h2 data-no-translation=\"\" data-trp-gettext=\"\">Opis<\/h2>\n\n<h1 style=\"text-align: center;\"><strong>Uvod u knjigu Rijad as-Sunnet iz Sahih al-Kutub as-Sittaha<\/strong><\/h1>\n<h1 style=\"text-align: center;\">Biografija Poslanika, mir i blagoslov neka je na njega, najbolja je biografija ikad, a njegov govor, mir i blagoslov neka je na njega, najbolji je govor, a njegova uputa najbolja je uputa, a njegov govor najistinitiji je govor, neka su Bo\u017eje molitve i mir na njega. Stoga je Svemogu\u0107i Bog naredio svom narodu da slijedi njegov zakon i zabranio im da ga ne po\u0161tuju, pa je On, Uzvi\u0161eni, rekao: {O vjernici, pokoravajte se Bogu i pokoravajte se Poslaniku i ne poni\u0161tavajte svoja djela (33)} [Sura Muhammed].<\/h1>\n<h1 style=\"text-align: center;\">I re\u010de Uzvi\u0161eni: {O vjernici, pokoravajte se Allahu i pokoravajte se Poslaniku i onima me\u0111u vama koji imaju mo\u0107. A ako se oko ne\u010dega ne sla\u017eete, obratite se Allahu i Poslaniku, ako vjerujete u Allaha i u onaj svijet. To je najbolji i najprikladniji ishod.} (59) [En-Nisa\u2019].<\/h1>\n<h1 style=\"text-align: center;\">I re\u010de Uzvi\u0161eni: {A oni koji se pokoravaju Allahu i Poslaniku bit \u0107e s onima kojima je Bog darovao milost, me\u0111u prorocima, i me\u0111u onima koji istinu vjeruju, i me\u0111u \u0161ehidima i me\u0111u pravednicima. A divni su oni koji su drugovi. (69)} [En-Nisa&#039;]<\/h1>\n<h1 style=\"text-align: center;\">Ono \u0161to je Poslanik, mir i blagoslov na njega, rekao: \u201eUskoro \u0107e do\u0107i \u010dovjek, zavaljen na svojoj sofi, i prenijeti jedan od mojih hadisa. Re\u0107i \u0107e: \u2018Izme\u0111u nas i vas je Knjiga Allaha, Svemogu\u0107eg i Veli\u010danstvenog. Ono \u0161to u njoj na\u0111emo da je dozvoljeno, smatramo dozvoljenim, a ono \u0161to u njoj na\u0111emo da je zabranjeno, smatramo zabranjenim. Zaista, ono \u0161to je Allahov Poslanik, mir i blagoslov na njega, zabranio, sli\u010dno je onome \u0161to je Allah zabranio.\u2019\u201c<\/h1>\n<h1 style=\"text-align: center;\">[Sahih]. Prenosi (H). [Sahih al-D\u017eami\u2019: 8186].<\/h1>\n<h1 style=\"text-align: center;\">Dakle, Plemeniti Poslanikov hadis je drugi izvor islamskog zakonodavstva nakon \u010casnog Kur&#039;ana. \u010casni Kur&#039;an je nare\u0111ivao molitvu, zekat, post i had\u017e bez detalja ili obja\u0161njenja, ali Poslanikov hadis je to detaljno objasnio i razjasnio.<\/h1>\n<h1 style=\"text-align: center;\">Plemenite proro\u010dke hadise kvare mnogi slabi i izmi\u0161ljeni hadisi koji se ne mogu dokazati. Me\u0111utim, postoji veliki, dovoljan i dokazan skup autenti\u010dnih i dobrih hadisa od Bo\u017eijeg Poslanika, s.a.v.s., i od ashaba, s.a.v.s., neka je Bog zadovoljan s njima. Dobar hadis je ni\u017eeg ranga od autenti\u010dnog hadisa, ali se mo\u017ee koristiti kao dokaz i na temelju njega se mo\u017ee djelovati.<\/h1>\n<h1 style=\"text-align: center;\">Stoga sam u ovoj knjizi sakupio autenti\u010dne i dobre hadise od najautenti\u010dnijih i najpoznatijih izreka u\u010denjaka hadisa, a za to sam koristio sljede\u0107e izvore: (Sahih el-Buhari, Sahih el-Buhari, Sunen Ebu Dawud, Sunen et-Tirmizi, Sunen el-Nesa\u2019i, Sunen Ibn Mad\u017ee).<\/h1>\n<h1 style=\"text-align: center;\">Iz \u0161est knjiga odabrao sam autenti\u010dne i dobre hadise na temelju onoga \u0161to je potvrdio veliki u\u010denjak \u0160ejh Muhammed Nasir al-Din al-Albani (neka mu se Allah smiluje), jedan od najistaknutijih muslimanskih u\u010denjaka modernog doba. \u0160ejh al-Albani se smatra jednim od najistaknutijih hadiskih u\u010denjaka koji je jedinstven u znanosti o autentifikaciji i slabljenju. \u0160ejh al-Albani je veliki u\u010denjak u terminologiji hadisa, a moderni u\u010denjaci su za njega rekli da je o\u017eivio znanost hadisa nakon \u0161to je bila zaboravljena.<\/h1>\n<h1 style=\"text-align: center;\">Dok sam prikupljao plemenite hadise u ovoj knjizi, imao sam na umu hadis Poslanika, s.a.v.s.: &quot;Prenosi od mene \u010dak i ako je to samo jedan ajet, i prenosi od sinova Izraelovih, i nema na tebi grijeha. A ko namjerno la\u017ee o meni, neka sjedne u D\u017eehennem.&quot;<\/h1>\n<h1 style=\"text-align: center;\">[Sahih]. Prenosi (H. T). [Sahih al-D\u017eami\u2019: 2837].<\/h1>\n<h1 style=\"text-align: center;\">Stoga sam u ovoj knjizi odabrao vjerodostojne i dobre hadise na temelju sljede\u0107eg:<\/h1>\n<h1 style=\"text-align: center;\">A - Ako je lanac preno\u0161enja hadisa isti i tekst hadisa je sli\u010dan u dva ili vi\u0161e sli\u010dnih predaja, kao \u0161to su:<\/h1>\n<h1 style=\"text-align: center;\">Od Ebu Seeda El-Hudrija, radijallahu anhuma, koji je rekao: Bo\u017eiji Poslanik, s.a.v.s., rekao je: &quot;Najbolji od va\u0161ih mirisa je mo\u0161us.&quot;<\/h1>\n<h1 style=\"text-align: center;\">[Sahih]. Prenosi (N). [Sahih al-D\u017eami\u2019: 5914].<\/h1>\n<h1 style=\"text-align: center;\">Od Ebu Seeda El-Hudrija, radijallahu anhuma, koji je rekao: Bo\u017eiji Poslanik, s.a.v.s., rekao je: &quot;Najbolji parfem je mo\u0161us.&quot;<\/h1>\n<h1 style=\"text-align: center;\">[Sahih]. Prenosi (T, M, N). [Sahih al-D\u017eami\u2019: 1032].<\/h1>\n<h1 style=\"text-align: center;\">Dakle, odabrao sam drugi hadis zbog njegovih vi\u0161estrukih predaja.<\/h1>\n<h1 style=\"text-align: center;\">B- Ako su dva ili vi\u0161e hadisa sli\u010dna, kao \u0161to su:<\/h1>\n<h1 style=\"text-align: center;\">Od Ebu Hurejre, radijallahu anhuma, da je Allahov Poslanik, sallallahu alejhi ve sellem, rekao: \u201eKada imam ka\u017ee: \u2018Allah \u010duje one koji Ga hvale\u2019, onda reci: \u2018O Allahu, Gospodaru na\u0161, hvala Tebi!\u2019 Jer \u010dije se rije\u010di poklapaju s rije\u010dima meleka, bit \u0107e mu opro\u0161teni prija\u0161nji grijesi.\u201c<\/h1>\n<h1 style=\"text-align: center;\">[Sahih]. Prepri\u010dao (Kh, M, D, T, N). [Sahihul-D\u017eami\u2019: 705].<\/h1>\n<h1 style=\"text-align: center;\">Ebu Se&#039;id El-Hudrij, radijallahu anhu, navodi da je \u010duo Allahovog Poslanika, sallallahu alejhi ve sellem, kako ka\u017ee: \u201eKada imam ka\u017ee: \u2018Allah \u010duje one koji Ga hvale\u2019, onda reci: \u2018O Allahu, Gospodaru na\u0161, i Tebi pripada hvala.\u2019\u201c<\/h1>\n<h1 style=\"text-align: center;\">[Sahih]. Prenosi (H). [Sahih al-D\u017eami\u2019: 706].<\/h1>\n<h1 style=\"text-align: center;\">Stoga sam odabrao sveobuhvatni hadis s jasnim zna\u010denjem, kao u prvom hadisu.<\/h1>\n<h1 style=\"text-align: center;\">C- Hadise spomenute u Sahih al-Jami\u2019 al-Saghir i al-Silsilah al-Sahihah od al-Albanija [za Musned imama Ahmeda ibn Hanbala, ili al-Tabaranija, ili al-Hakima, ili al-Bejhakija], u ovoj knjizi sam stavljao na njihovo mjesto hadise koji su im sli\u010dni po tekstu iz knjiga \u0161estorice imama.<\/h1>\n<h1 style=\"text-align: center;\">Na primjer, hadis koji prenosi Burejda el-Eslami (neka je Allah zadovoljan s njim) od Poslanika (s.a.v.s.): \u201eKo odobri odgodu onome ko je u nevolji, dobit \u0107e dvostruku sadaku za svaki dan prije dospije\u0107a duga. Kada dug dospije i on mu odobri odgodu, dobit \u0107e dvostruku sadaku za svaki dan.\u201c [Sahih]. Prenosi (Ahmed ibn Hanbel, Ibn Mad\u017ee). Spominje se u Sahihu el-D\u017eamiju pod brojem [6108]. Dakle, u ovu knjigu sam uklju\u010dio formulaciju hadisa koja se nalazi u Sunenu Ibn Mad\u017ee, kao u ovom hadisu.<\/h1>\n<h1 style=\"text-align: center;\">Od Burejde el-Eslamija, radijallahu anhuma, da je Poslanik, sallallahu alejhi ve sellem, rekao: \u201eKo odobri odgodu nesolventnom, dobit \u0107e zekat za svaki dan, a ko mu odobri odgodu nakon isteka roka, dobit \u0107e istu zekat za svaki dan.\u201c [Sahih]. Prenosi (Ibn Mad\u017ee).<\/h1>\n<h1 style=\"text-align: center;\">O - Dopunjavao sam nepotpune hadise spomenute u Sahih al-Jami\u2019 al-Saghir i al-Silsilah al-Sahihah od al-Albanija iz knjiga \u0161est imama.<\/h1>\n<h1 style=\"text-align: center;\">Na primjer, hadis: \u201ePost tri dana svakog mjeseca, od ramazana do ramazana, je kao post cijeli \u017eivot.\u201c<\/h1>\n<h1 style=\"text-align: center;\">[Sahih]. Prenosi (H.M.M.) od Ebu Katade. [Sahih al-D\u017eami\u2019: 3802].<\/h1>\n<h1 style=\"text-align: center;\">Ovaj hadis je iz Musneda imama Ahmeda ibn Hanbela i nepotpun je, pa sam ga dopunio rije\u010dima iz Sahih Muslima i smjestio ga u knjigu na sljede\u0107i na\u010din.<\/h1>\n<h1 style=\"text-align: center;\">Prema Ebu Katadi El-Ensarija, radijallahu alejhi ve sellem, da je Allahov Poslanik, sallallahu alejhi ve sellem, upitan o svom postu. Allahov Poslanik, sallallahu alejhi ve sellem, se naljutio. Omer, sallallahu alejhi ve sellem, rekao je: &quot;Zadovoljni smo Allahom kao na\u0161im Gospodarom, islamom kao na\u0161om vjerom, Muhammedom kao na\u0161im Poslanikom i na\u0161im zavjetom vjernosti kao na\u0161im zavjetom.&quot; Zatim je upitan o postu tijekom cijelog svog \u017eivota. Rekao je: &quot;Niti je postio niti je prekidao post.&quot; Ili: &quot;Niti je postio niti je prekidao post.&quot; Rekao je: Upitan je o postu dva dana i postu sljede\u0107eg dana. Rekao je: &quot;Ko to mo\u017ee u\u010diniti?&quot; Rekao je: Upitan je o postu jedan dan i postu dva dana. Rekao je: &quot;Kad bi nam samo Allah dao snagu da to u\u010dinimo.&quot; Rekao je: Upitan je o postu jedan dan i postu sljede\u0107eg dana. Rekao je: &quot;To je post mog brata Davuda, sallallahu alejhi ve sellem.&quot; Rekao je: Upitan je o postu ponedjeljkom. Rekao je: \u201eTo je dan kada sam ro\u0111en i dan kada sam poslan kao prorok ili kada mi je objavljena objava.\u201c Rekao je: \u201ePost tri dana svakog mjeseca i post od jednog ramazana do drugog je post cijelog \u017eivota.\u201c Upitan je o postu na Dan Arefata. Rekao je: \u201eTo iskupljuje grijehe prethodne godine i godine koja dolazi.\u201c Tako\u0111er je upitan o postu na Dan A\u0161ure. Rekao je: \u201eTo iskupljuje grijehe pro\u0161le godine.\u201c<\/h1>\n<h1 style=\"text-align: center;\">[Sahih]. Prenosi (M). [Sahih al-D\u017eami\u2019: 3802].<\/h1>\n<h1 style=\"text-align: center;\">E - Formulacija bilo kojeg hadisa u knjizi preuzeta je od imena prenosioca hadisa. Na primjer, ako je napisano &quot;Prenosi (M, Kh, D, T, N, H)&quot;, tada je formulacija hadisa sli\u010dna u \u0161est knjiga i prisutna je u knjigama u\u010denjaka \u0161ejha El-Albanija. Me\u0111utim, formulacija hadisa u ovoj knjizi preuzeta je iz Sahih Muslima, te je stoga prva napisana skra\u0107eno.<\/h1>\n<h1 style=\"text-align: center;\">I nisam spomenuo lanac preno\u0161enja u hadisima, osim imena ashaba koji je najistaknutije prenio hadis, kako bih \u010ditatelju olak\u0161ao ispitivanje knjige bez da je preduga\u010dak, jer mnogi \u010ditatelji \u017eele pro\u010ditati samo tekst hadisa.<\/h1>\n<h1 style=\"text-align: center;\">Z - Nisam raspravljao o hadisima iz Poslanikove biografije u ovoj knjizi, budu\u0107i da su spomenuti u mnogim knjigama o Poslanikovoj biografiji i biografijama ashaba, neka je Bog zadovoljan s njima.<\/h1>\n<h1 style=\"text-align: center;\">H - Zna\u010denja nekih te\u0161kih rije\u010di u hadisima stavljena su na kraj svake stranice kako bi \u010ditatelju bilo \u0161to lak\u0161e razumjeti hadise.<\/h1>\n<h1 style=\"text-align: center;\">T - Svi hadisi u ovoj knjizi su ozna\u010deni dijakriti\u010dkim znakovima kako bi se mogli ispravno \u010ditati.<\/h1>\n<h1 style=\"text-align: center;\">Ova knjiga je zapo\u010deta po\u010detkom 2009. godine, a zavr\u0161ena 2019. godine. Ovo su poku\u0161aji kojima smo nastojali slu\u017eiti na\u0161oj velikoj vjeri i podr\u017eati na\u0161eg Poslanika, Pe\u010dat Poslanika, s.a.v.s., kroz ono \u0161to je rekao i u\u010dinio za dobrobit na\u0161e bra\u0107e, u skladu s rije\u010dima Uzvi\u0161enog Boga: {U Poslaniku Bo\u017eijem imate divan uzor za svakoga tko se nada u Allaha i Onaj svijet i [ko] \u010desto spominje Allaha.} [El-Ahzab: 22]. Molimo Uzvi\u0161enog Boga da to u\u010dini korisnim i da na\u0161 rad u\u010dini iskrenim radi Njega. {Gospodaru na\u0161, ne optu\u017euj nas ako zaboravimo ili pogrije\u0161imo.} On nam je dovoljan i On je najbolji Upravitelj stvari.<\/h1>\n<h1 style=\"text-align: center;\">Kairo, 18. \u0161a&#039;ban 1440. AH<\/h1>\n<h1 style=\"text-align: center;\">Odgovara 24. travnja 2019.<\/h1>\n<h1 style=\"text-align: center;\">\u00a0\u00a0\u00a0\u00a0\u00a0\u00a0 Tamer Badr<\/h1>\n\t\t\t<\/div>\n\t\t\t\t\t<div class=\"woocommerce-Tabs-panel woocommerce-Tabs-panel--reviews panel entry-content wc-tab\" id=\"tab-reviews\" role=\"tabpanel\" aria-labelledby=\"tab-title-reviews\">\n\t\t\t\t<div id=\"reviews\" class=\"woocommerce-Reviews\">\n\t<div id=\"comments\">\n\t\t<h2 class=\"woocommerce-Reviews-title\">\n\t\t\tRecenzije\t\t<\/h2>\n\n\t\t\t\t\t<p class=\"woocommerce-noreviews\" data-no-translation=\"\" data-trp-gettext=\"\">Jo\u0161 nema recenzija.<\/p>\n\t\t\t<\/div>\n\n\t\t\t<div id=\"review_form_wrapper\">\n\t\t\t<div id=\"review_form\">\n\t\t\t\t\t<div id=\"respond\" class=\"comment-respond\">\n\t\t<span id=\"reply-title\" class=\"comment-reply-title\" role=\"heading\" aria-level=\"3\">Budite prvi koji \u0107e recenzirati &ldquo;\u0643\u062a\u0627\u0628 \u0631\u064a\u0627\u0636 \u0627\u0644\u0633\u0646\u0629 \u0645\u0646 \u0635\u062d\u064a\u062d \u0627\u0644\u0643\u062a\u0628 \u0627\u0644\u0633\u062a\u0629&rdquo; <small><a rel=\"nofollow\" id=\"cancel-comment-reply-link\" href=\"\/hr\/wp-json\/wp\/v2\/pages\/20112#respond\" style=\"display:none;\">Otka\u017ei odgovor<\/a><\/small><\/span><p class=\"must-log-in\" data-no-translation=\"\" data-trp-gettext=\"\">Morate biti <a href=\"https:\/\/tamerbadr.com\/hr\/\">ulogirani<\/a> da biste objavili recenziju.<\/p>\t<\/div><!-- #respond -->\n\t\t\t\t<\/div>\n\t\t<\/div>\n\t\n\t<div class=\"clear\"><\/div>\n<\/div>\n\t\t\t<\/div>\n\t\t\n\t\t\t<\/div>\n\n<\/div>\n\n\t\t\t<\/div>\n\t\t\t<\/div>\t\t\t\t<\/div>\n\t\t\t\t<\/div>\n\t\t\t\t<\/div>\n\t\t\t\t\t<\/div>\n\t\t\t\t<\/div>\n\t\t\t\t<\/div>","protected":false},"excerpt":{"rendered":"","protected":false},"author":1,"featured_media":0,"parent":0,"menu_order":0,"comment_status":"closed","ping_status":"closed","template":"elementor_header_footer","meta":{"_seopress_robots_primary_cat":"","_seopress_titles_title":"","_seopress_titles_desc":"","_seopress_robots_index":"","inline_featured_image":false,"_uf_show_specific_survey":0,"_uf_disable_surveys":false,"footnotes":""},"class_list":["post-20112","page","type-page","status-publish"],"_links":{"self":[{"href":"https:\/\/tamerbadr.com\/hr\/wp-json\/wp\/v2\/pages\/20112","targetHints":{"allow":["GET"]}}],"collection":[{"href":"https:\/\/tamerbadr.com\/hr\/wp-json\/wp\/v2\/pages"}],"about":[{"href":"https:\/\/tamerbadr.com\/hr\/wp-json\/wp\/v2\/types\/page"}],"author":[{"embeddable":true,"href":"https:\/\/tamerbadr.com\/hr\/wp-json\/wp\/v2\/users\/1"}],"replies":[{"embeddable":true,"href":"https:\/\/tamerbadr.com\/hr\/wp-json\/wp\/v2\/comments?post=20112"}],"version-history":[{"count":0,"href":"https:\/\/tamerbadr.com\/hr\/wp-json\/wp\/v2\/pages\/20112\/revisions"}],"wp:attachment":[{"href":"https:\/\/tamerbadr.com\/hr\/wp-json\/wp\/v2\/media?parent=20112"}],"curies":[{"name":"radni list","href":"https:\/\/api.w.org\/{rel}","templated":true}]}}