{"id":20107,"date":"2025-03-19T15:25:05","date_gmt":"2025-03-19T15:25:05","guid":{"rendered":"https:\/\/white-ant-267257.hostingersite.com\/?page_id=20107"},"modified":"2025-04-06T08:17:19","modified_gmt":"2025-04-06T08:17:19","slug":"the-book-of-the-characteristics-of-the-shepherd-and-the-flock","status":"publish","type":"page","link":"https:\/\/tamerbadr.com\/hr\/the-book-of-the-characteristics-of-the-shepherd-and-the-flock","title":{"rendered":"Knjiga o osobinama pastira i stada"},"content":{"rendered":"<div data-elementor-type=\"wp-page\" data-elementor-id=\"20107\" class=\"elementor elementor-20107\" data-elementor-post-type=\"page\">\n\t\t\t\t<div class=\"elementor-element elementor-element-c8c7aab e-flex e-con-boxed e-con e-parent\" data-id=\"c8c7aab\" data-element_type=\"container\">\n\t\t\t\t\t<div class=\"e-con-inner\">\n\t\t<div class=\"elementor-element elementor-element-6483b1a e-con-full e-flex e-con e-child\" data-id=\"6483b1a\" data-element_type=\"container\">\n\t\t\t\t<div class=\"elementor-element elementor-element-6058eb2 elementor-widget elementor-widget-wc-elements\" data-id=\"6058eb2\" data-element_type=\"widget\" data-widget_type=\"wc-elements.default\">\n\t\t\t\t<div class=\"elementor-widget-container\">\n\t\t\t\t\t<div class=\"woocommerce\">\t\t\t<div class=\"single-product\" data-product-page-preselected-id=\"0\">\n\t\t\t\t<div class=\"woocommerce-notices-wrapper\"><\/div><div id=\"product-19585\" class=\"product type-product post-19585 status-publish first instock product_cat-187 has-post-thumbnail downloadable shipping-taxable purchasable product-type-simple\">\n\n\t<div class=\"woocommerce-product-gallery woocommerce-product-gallery--with-images woocommerce-product-gallery--columns-4 images\" data-columns=\"4\" style=\"opacity: 0; transition: opacity .25s ease-in-out;\">\n\t<div class=\"woocommerce-product-gallery__wrapper\">\n\t\t<div data-thumb=\"https:\/\/tamerbadr.com\/wp-content\/uploads\/2025\/03\/\u0635\u0641\u0629-\u0627\u0644\u0631\u0627\u0639\u0649-\u0648\u0627\u0644\u0631\u0627\u0639\u064a\u0629-scaled-scaled.jpg\" data-thumb-alt=\"\u0643\u062a\u0627\u0628 \u0635\u0641\u0629 \u0627\u0644\u0631\u0627\u0639\u064a \u0648\u0627\u0644\u0631\u0639\u064a\u0629\" data-thumb-srcset=\"\"  data-thumb-sizes=\"(max-width: 100px) 100vw, 100px\" class=\"woocommerce-product-gallery__image\"><a href=\"https:\/\/tamerbadr.com\/wp-content\/uploads\/2025\/03\/\u0635\u0641\u0629-\u0627\u0644\u0631\u0627\u0639\u0649-\u0648\u0627\u0644\u0631\u0627\u0639\u064a\u0629-scaled-scaled.jpg\"><img fetchpriority=\"high\" decoding=\"async\" width=\"2049\" height=\"1405\" src=\"https:\/\/tamerbadr.com\/wp-content\/uploads\/2025\/03\/\u0635\u0641\u0629-\u0627\u0644\u0631\u0627\u0639\u0649-\u0648\u0627\u0644\u0631\u0627\u0639\u064a\u0629-scaled-scaled.jpg\" class=\"wp-post-image\" alt=\"Knjiga o osobinama pastira i stada\" data-caption=\"\" data-src=\"https:\/\/tamerbadr.com\/wp-content\/uploads\/2025\/03\/\u0635\u0641\u0629-\u0627\u0644\u0631\u0627\u0639\u0649-\u0648\u0627\u0644\u0631\u0627\u0639\u064a\u0629-scaled-scaled.jpg\" data-large_image=\"https:\/\/tamerbadr.com\/wp-content\/uploads\/2025\/03\/\u0635\u0641\u0629-\u0627\u0644\u0631\u0627\u0639\u0649-\u0648\u0627\u0644\u0631\u0627\u0639\u064a\u0629-scaled-scaled.jpg\" data-large_image_width=\"2049\" data-large_image_height=\"1405\" \/><\/a><\/div><div data-thumb=\"https:\/\/tamerbadr.com\/wp-content\/uploads\/2025\/03\/\u0635\u0641\u0629-\u0627\u0644\u0631\u0627\u0639\u0649-\u0648\u0627\u0644\u0631\u0627\u0639\u064a\u0629-Copy-scaled.jpg\" data-thumb-alt=\"\u0643\u062a\u0627\u0628 \u0635\u0641\u0629 \u0627\u0644\u0631\u0627\u0639\u064a \u0648\u0627\u0644\u0631\u0639\u064a\u0629 - Slika 2\" data-thumb-srcset=\"\"  data-thumb-sizes=\"(max-width: 71px) 100vw, 71px\" class=\"woocommerce-product-gallery__image\" data-no-translation-data-thumb-alt=\"\"><a href=\"https:\/\/tamerbadr.com\/wp-content\/uploads\/2025\/03\/\u0635\u0641\u0629-\u0627\u0644\u0631\u0627\u0639\u0649-\u0648\u0627\u0644\u0631\u0627\u0639\u064a\u0629-Copy-scaled.jpg\"><img decoding=\"async\" width=\"1808\" height=\"2560\" src=\"https:\/\/tamerbadr.com\/wp-content\/uploads\/2025\/03\/\u0635\u0641\u0629-\u0627\u0644\u0631\u0627\u0639\u0649-\u0648\u0627\u0644\u0631\u0627\u0639\u064a\u0629-Copy-scaled.jpg\" class=\"\" alt=\"\u0643\u062a\u0627\u0628 \u0635\u0641\u0629 \u0627\u0644\u0631\u0627\u0639\u064a \u0648\u0627\u0644\u0631\u0639\u064a\u0629 - Slika 2\" data-caption=\"\" data-src=\"https:\/\/tamerbadr.com\/wp-content\/uploads\/2025\/03\/\u0635\u0641\u0629-\u0627\u0644\u0631\u0627\u0639\u0649-\u0648\u0627\u0644\u0631\u0627\u0639\u064a\u0629-Copy-scaled.jpg\" data-large_image=\"https:\/\/tamerbadr.com\/wp-content\/uploads\/2025\/03\/\u0635\u0641\u0629-\u0627\u0644\u0631\u0627\u0639\u0649-\u0648\u0627\u0644\u0631\u0627\u0639\u064a\u0629-Copy-scaled.jpg\" data-large_image_width=\"1808\" data-large_image_height=\"2560\" data-no-translation-alt=\"\" \/><\/a><\/div><div data-thumb=\"https:\/\/tamerbadr.com\/wp-content\/uploads\/2025\/03\/\u0645\u0624\u0644\u0641\u0627\u062a-\u062a\u0627\u0645\u0631-\u0628\u062f\u0631-1-2.jpg\" data-thumb-alt=\"\u0643\u062a\u0627\u0628 \u0635\u0641\u0629 \u0627\u0644\u0631\u0627\u0639\u064a \u0648\u0627\u0644\u0631\u0639\u064a\u0629 - Slika 3\" data-thumb-srcset=\"\"  data-thumb-sizes=\"(max-width: 92px) 100vw, 92px\" class=\"woocommerce-product-gallery__image\" data-no-translation-data-thumb-alt=\"\"><a href=\"https:\/\/tamerbadr.com\/wp-content\/uploads\/2025\/03\/\u0645\u0624\u0644\u0641\u0627\u062a-\u062a\u0627\u0645\u0631-\u0628\u062f\u0631-1-2.jpg\"><img decoding=\"async\" width=\"389\" height=\"422\" src=\"https:\/\/tamerbadr.com\/wp-content\/uploads\/2025\/03\/\u0645\u0624\u0644\u0641\u0627\u062a-\u062a\u0627\u0645\u0631-\u0628\u062f\u0631-1-2.jpg\" class=\"\" alt=\"\u0643\u062a\u0627\u0628 \u0635\u0641\u0629 \u0627\u0644\u0631\u0627\u0639\u064a \u0648\u0627\u0644\u0631\u0639\u064a\u0629 - Slika 3\" data-caption=\"CREATOR: gd-jpeg v1.0 (using IJG JPEG v62), quality = 90\" data-src=\"https:\/\/tamerbadr.com\/wp-content\/uploads\/2025\/03\/\u0645\u0624\u0644\u0641\u0627\u062a-\u062a\u0627\u0645\u0631-\u0628\u062f\u0631-1-2.jpg\" data-large_image=\"https:\/\/tamerbadr.com\/wp-content\/uploads\/2025\/03\/\u0645\u0624\u0644\u0641\u0627\u062a-\u062a\u0627\u0645\u0631-\u0628\u062f\u0631-1-2.jpg\" data-large_image_width=\"389\" data-large_image_height=\"422\" data-no-translation-alt=\"\" \/><\/a><\/div><div data-thumb=\"https:\/\/tamerbadr.com\/wp-content\/uploads\/2025\/03\/\u0641\u0647\u0631\u0633-\u0635\u0641\u0629-\u0627\u0644\u0631\u0627\u0639\u0649-\u0648\u0627\u0644\u0631\u0639\u064a\u0629-\u0643\u0627\u0645\u0644.jpg\" data-thumb-alt=\"\u0643\u062a\u0627\u0628 \u0635\u0641\u0629 \u0627\u0644\u0631\u0627\u0639\u064a \u0648\u0627\u0644\u0631\u0639\u064a\u0629 - Slika 4\" data-thumb-srcset=\"\"  data-thumb-sizes=\"(max-width: 100px) 100vw, 100px\" class=\"woocommerce-product-gallery__image\" data-no-translation-data-thumb-alt=\"\"><a href=\"https:\/\/tamerbadr.com\/wp-content\/uploads\/2025\/03\/\u0641\u0647\u0631\u0633-\u0635\u0641\u0629-\u0627\u0644\u0631\u0627\u0639\u0649-\u0648\u0627\u0644\u0631\u0639\u064a\u0629-\u0643\u0627\u0645\u0644.jpg\"><img loading=\"lazy\" decoding=\"async\" width=\"1921\" height=\"1650\" src=\"https:\/\/tamerbadr.com\/wp-content\/uploads\/2025\/03\/\u0641\u0647\u0631\u0633-\u0635\u0641\u0629-\u0627\u0644\u0631\u0627\u0639\u0649-\u0648\u0627\u0644\u0631\u0639\u064a\u0629-\u0643\u0627\u0645\u0644.jpg\" class=\"\" alt=\"\u0643\u062a\u0627\u0628 \u0635\u0641\u0629 \u0627\u0644\u0631\u0627\u0639\u064a \u0648\u0627\u0644\u0631\u0639\u064a\u0629 - Slika 4\" data-caption=\"\" data-src=\"https:\/\/tamerbadr.com\/wp-content\/uploads\/2025\/03\/\u0641\u0647\u0631\u0633-\u0635\u0641\u0629-\u0627\u0644\u0631\u0627\u0639\u0649-\u0648\u0627\u0644\u0631\u0639\u064a\u0629-\u0643\u0627\u0645\u0644.jpg\" data-large_image=\"https:\/\/tamerbadr.com\/wp-content\/uploads\/2025\/03\/\u0641\u0647\u0631\u0633-\u0635\u0641\u0629-\u0627\u0644\u0631\u0627\u0639\u0649-\u0648\u0627\u0644\u0631\u0639\u064a\u0629-\u0643\u0627\u0645\u0644.jpg\" data-large_image_width=\"1921\" data-large_image_height=\"1650\" data-no-translation-alt=\"\" \/><\/a><\/div>\t<\/div>\n<\/div>\n\n\t<div class=\"summary entry-summary\">\n\t\t<h1 class=\"product_title entry-title\">Knjiga o osobinama pastira i stada<\/h1><p class=\"price\"><span class=\"woocommerce-Price-amount amount\"><bdi><span class=\"woocommerce-Price-currencySymbol\">EGP<\/span>60.00<\/bdi><\/span><\/p>\n\n\t\n\t<form class=\"cart\" action=\"\" method=\"post\" enctype='multipart\/form-data' data-trp-original-action=\"\">\n\t\t\n\t\t<div class=\"quantity\">\n\t\t<label class=\"screen-reader-text\" for=\"quantity_69fee965ab886\" data-no-translation=\"\" data-trp-gettext=\"\">\u0643\u062a\u0627\u0628 \u0635\u0641\u0629 \u0627\u0644\u0631\u0627\u0639\u064a \u0648\u0627\u0644\u0631\u0639\u064a\u0629 koli\u010dina<\/label>\n\t<input\n\t\ttype=\"number\"\n\t\t\t\tid=\"quantity_69fee965ab886\"\n\t\tclass=\"input-text qty text\"\n\t\tname=\"quantity\"\n\t\tvalue=\"1\"\n\t\taria-label=\"Koli\u010dina proizvoda\"\n\t\t\t\tmin=\"1\"\n\t\t\t\t\t\t\tstep=\"1\"\n\t\t\tplaceholder=\"\"\n\t\t\tinputmode=\"numeric\"\n\t\t\tautocomplete=\"off\" data-no-translation-aria-label=\"\"\n\t\t\t\/>\n\t<\/div>\n\n\t\t<button type=\"submit\" name=\"add-to-cart\" value=\"19585\" class=\"single_add_to_cart_button button alt\" data-no-translation=\"\" data-trp-gettext=\"\">Dodaj u ko\u0161aricu<\/button>\n\n\t\t\n        <script>\n            document.addEventListener('DOMContentLoaded', function(){\n                document.addEventListener('click', function(event){\n                    if(!event.target.matches('.single_add_to_cart_button')){\n                        return;\n                    }\n\n                    const quantity = document.querySelector('input.qty').value || '1';\n                    const formProductVariation = document.querySelector('form[data-product_variations]')\n                    const variationItem = document.querySelector('.variation_id')\n\n                    let price = 60\n                    if(formProductVariation && variationItem){\n                        try{\n                            const variations = JSON.parse(formProductVariation.dataset.product_variations)\n                            const variationId = variationItem.value\n                            for(const variation of variations){\n                                if(variation.variation_id == Number(variationId)){\n                                    price = variation.display_price\n                                }\n                            }\n                        }\n                        catch{\n                        }\n                    }\n\n                    gtag('event', 'add_to_cart', {\n                        'items': [ {\n                            'item_id':'19585',\n                            'item_name': '\u0643\u062a\u0627\u0628 \u0635\u0641\u0629 \u0627\u0644\u0631\u0627\u0639\u064a \u0648\u0627\u0644\u0631\u0639\u064a\u0629',\n                            'list_name': '\u0643\u062a\u0627\u0628 \u0635\u0641\u0629 \u0627\u0644\u0631\u0627\u0639\u064a \u0648\u0627\u0644\u0631\u0639\u064a\u0629',\n                            'quantity': quantity,\n                            'price': price,\n                            \"item_category\":\"\u0633\u064a\u0627\u0633\u0629 \u0625\u0633\u0644\u0627\u0645\u064a\u0629\"\n                        }]\n                    });\n                })\n            });\n        <\/script>\n        \t<input type=\"hidden\" name=\"trp-form-language\" value=\"hr\"\/><\/form>\n\n\t\n<div class=\"product_meta\">\n\n\t\n\t\n\t<span class=\"posted_in\">Kategorija: <a href=\"https:\/\/tamerbadr.com\/hr\/kategorija-proizvoda\/%d8%b3%d9%8a%d8%a7%d8%b3%d8%a9-%d8%a5%d8%b3%d9%84%d8%a7%d9%85%d9%8a%d8%a9\" rel=\"tag\">Islamska politika<\/a><\/span>\n\t\n\t\n<\/div>\n\t<\/div>\n\n\t\n\t<div class=\"woocommerce-tabs wc-tabs-wrapper\">\n\t\t<ul class=\"tabs wc-tabs\" role=\"tablist\">\n\t\t\t\t\t\t\t<li role=\"presentation\" class=\"description_tab\" id=\"tab-title-description\">\n\t\t\t\t\t<a href=\"#tab-description\" role=\"tab\" aria-controls=\"tab-description\">\n\t\t\t\t\t\tOpis\t\t\t\t\t<\/a>\n\t\t\t\t<\/li>\n\t\t\t\t\t\t\t<li role=\"presentation\" class=\"reviews_tab\" id=\"tab-title-reviews\">\n\t\t\t\t\t<a href=\"#tab-reviews\" role=\"tab\" aria-controls=\"tab-reviews\">\n\t\t\t\t\t\tRecenzije (0)\t\t\t\t\t<\/a>\n\t\t\t\t<\/li>\n\t\t\t\t\t<\/ul>\n\t\t\t\t\t<div class=\"woocommerce-Tabs-panel woocommerce-Tabs-panel--description panel entry-content wc-tab\" id=\"tab-description\" role=\"tabpanel\" aria-labelledby=\"tab-title-description\">\n\t\t\t\t\n\t<h2 data-no-translation=\"\" data-trp-gettext=\"\">Opis<\/h2>\n\n<h1 style=\"text-align: center;\"><strong>Uvod u knjigu Osobine pastira i stada<\/strong><\/h1>\n<h1 style=\"text-align: center;\">Islam je uspostavio jasan i sveobuhvatan pristup odnosu izme\u0111u vladara i njegovih podanika. Znanstvenici su raspravljali o ovom odnosu u knjigama o islamskoj politici, uklju\u010duju\u0107i du\u017enosti i prava svake strane, pokazuju\u0107i da islam ima svoj vlastiti sustav kao na\u010din \u017eivota. Iz politi\u010dke perspektive, u pogledu odnosa izme\u0111u vladara i njegovih podanika, islamska povijest ne poznaje specifi\u010dan islamski sustav vlasti. Islam, kona\u010dni bo\u017eanski zakon, nije uspostavio specifi\u010dan sustav koji bi se nametnuo muslimanima u svim vremenima i mjestima. Umjesto toga, uspostavio je op\u0107e principe prikladne za sva vremena i mjesta, bez ulaska u detalje, metode i pojedinosti koje se, po svojoj prirodi, razvijaju i mijenjaju s promjenjivim okolnostima vremena i mjesta, tako da svaka nacija mo\u017ee uzeti u obzir \u0161to odgovara njezinim okolnostima i \u0161to njezini interesi zahtijevaju.<\/h1>\n<h1 style=\"text-align: center;\">Sukladno tome, \u0161to se ti\u010de teorije dr\u017eave, islam nije ozakonio politi\u010dki sustav koji nije podlo\u017ean promjenama ili izmjenama, niti je ulazio u detalje s apsolutnim, kona\u010dnim vrijednostima. Umjesto toga, on je samo uspostavio op\u0107e principe i sveobuhvatna pravila na kojima bi se ta teorija trebala temeljiti. Islamska teorija dr\u017eave (u pogledu detalja i pojedinosti), kao i sve druge islamske politi\u010dke teorije, podlo\u017ena je promjenama, izmjenama i dopunama. Njene formulacije nisu ni kona\u010dne ni apsolutne, niti su postavljene u kruti kalup. Islam dopu\u0161ta razvoj i modifikaciju politi\u010dkih teorija, koje su muslimanski u\u010denjaci nastojali formulirati u skladu sa zahtjevima ere i okolnostima vremena i mjesta.<\/h1>\n<h1 style=\"text-align: center;\">Nema nikakvog raskola izme\u0111u razgovora o islamu i gra\u0111anskoj dr\u017eavi, ili o islamu i gra\u0111anstvu, ili o islamu i slobodi mi\u0161ljenja i vjerovanja. Oni koji pretpostavljaju raskol izme\u0111u islama i svih ovih modernih ideja ne razumiju pravu prirodu islama, niti ispravno ili pravedno \u010ditaju povijest Poslanika (mir i blagoslov neka je na njega) i njegovih plemenitih ashaba (neka Allah bude zadovoljan s njima). Zato dr\u017eava u islamu ima svoje karakteristi\u010dne karakteristike, ba\u0161 kao \u0161to sustav vlasti u islamu ima svoje temelje: slu\u017eenje Bogu, pravda, savjetovanje i njegova obveza, jednakost, poslu\u0161nost onima na vlasti, obveza savjetovanja onih na vlasti, odgovornost vladara ili pastira i njegova podlo\u017enost nadzoru sudstva i nacije, politi\u010dko jedinstvo nacije, jamstvo prava i du\u017enosti te sloboda. Ovi temelji predstavljaju sr\u017e islamskog sustava i temelje koji najvi\u0161e izra\u017eavaju njegovu jedinstvenost. Poku\u0161ao sam, koliko god je to mogu\u0107e, obraditi ovo u svojoj knjizi.<\/h1>\n<h1 style=\"text-align: center;\">Kona\u010dno, molim Svemogu\u0107eg Boga da moje djelo u\u010dini iskreno za Njega, da me nagradi za svaku rije\u010d koju sam napisao, da je stavi na vagu mojih dobrih djela i da nagradi moju bra\u0107u koja su mi pomogla sa svime \u0161to su imali kako bih dovr\u0161io ovu knjigu.<\/h1>\n<h1 style=\"text-align: center;\">&quot;Slava neka je Tebi, Bo\u017ee, i hvala neka je Tebi. Svjedo\u010dim da nema boga osim Tebe. Tra\u017eim oprosta od Tebe i kajem se Tebi. Na\u0161a posljednja dova je: Sva hvala pripada Bogu, Gospodaru svjetova.&quot;<\/h1>\n<h1 style=\"text-align: center;\">Siromah koji treba oprost i pomilovanje svoga Gospodara<\/h1>\n<h1 style=\"text-align: center;\">Tamer Badr<\/h1>\n<h1 style=\"text-align: center;\">Nedjelja, 3. red\u017eeba 1440. po hid\u017eri<\/h1>\n<h1 style=\"text-align: center;\">10. o\u017eujka 2019.<\/h1>\n\t\t\t<\/div>\n\t\t\t\t\t<div class=\"woocommerce-Tabs-panel woocommerce-Tabs-panel--reviews panel entry-content wc-tab\" id=\"tab-reviews\" role=\"tabpanel\" aria-labelledby=\"tab-title-reviews\">\n\t\t\t\t<div id=\"reviews\" class=\"woocommerce-Reviews\">\n\t<div id=\"comments\">\n\t\t<h2 class=\"woocommerce-Reviews-title\">\n\t\t\tRecenzije\t\t<\/h2>\n\n\t\t\t\t\t<p class=\"woocommerce-noreviews\" data-no-translation=\"\" data-trp-gettext=\"\">Jo\u0161 nema recenzija.<\/p>\n\t\t\t<\/div>\n\n\t\t\t<div id=\"review_form_wrapper\">\n\t\t\t<div id=\"review_form\">\n\t\t\t\t\t<div id=\"respond\" class=\"comment-respond\">\n\t\t<span id=\"reply-title\" class=\"comment-reply-title\" role=\"heading\" aria-level=\"3\">Budite prvi koji \u0107e recenzirati &ldquo;\u0643\u062a\u0627\u0628 \u0635\u0641\u0629 \u0627\u0644\u0631\u0627\u0639\u064a \u0648\u0627\u0644\u0631\u0639\u064a\u0629&rdquo; <small><a rel=\"nofollow\" id=\"cancel-comment-reply-link\" href=\"\/hr\/wp-json\/wp\/v2\/pages\/20107#respond\" style=\"display:none;\">Otka\u017ei odgovor<\/a><\/small><\/span><p class=\"must-log-in\" data-no-translation=\"\" data-trp-gettext=\"\">Morate biti <a href=\"https:\/\/tamerbadr.com\/hr\/\">ulogirani<\/a> da biste objavili recenziju.<\/p>\t<\/div><!-- #respond -->\n\t\t\t\t<\/div>\n\t\t<\/div>\n\t\n\t<div class=\"clear\"><\/div>\n<\/div>\n\t\t\t<\/div>\n\t\t\n\t\t\t<\/div>\n\n<\/div>\n\n\t\t\t<\/div>\n\t\t\t<\/div>\t\t\t\t<\/div>\n\t\t\t\t<\/div>\n\t\t\t\t<\/div>\n\t\t\t\t\t<\/div>\n\t\t\t\t<\/div>\n\t\t\t\t<\/div>","protected":false},"excerpt":{"rendered":"","protected":false},"author":1,"featured_media":0,"parent":0,"menu_order":0,"comment_status":"closed","ping_status":"closed","template":"elementor_header_footer","meta":{"_seopress_robots_primary_cat":"","_seopress_titles_title":"","_seopress_titles_desc":"","_seopress_robots_index":"","inline_featured_image":false,"_uf_show_specific_survey":0,"_uf_disable_surveys":false,"footnotes":""},"class_list":["post-20107","page","type-page","status-publish"],"_links":{"self":[{"href":"https:\/\/tamerbadr.com\/hr\/wp-json\/wp\/v2\/pages\/20107","targetHints":{"allow":["GET"]}}],"collection":[{"href":"https:\/\/tamerbadr.com\/hr\/wp-json\/wp\/v2\/pages"}],"about":[{"href":"https:\/\/tamerbadr.com\/hr\/wp-json\/wp\/v2\/types\/page"}],"author":[{"embeddable":true,"href":"https:\/\/tamerbadr.com\/hr\/wp-json\/wp\/v2\/users\/1"}],"replies":[{"embeddable":true,"href":"https:\/\/tamerbadr.com\/hr\/wp-json\/wp\/v2\/comments?post=20107"}],"version-history":[{"count":0,"href":"https:\/\/tamerbadr.com\/hr\/wp-json\/wp\/v2\/pages\/20107\/revisions"}],"wp:attachment":[{"href":"https:\/\/tamerbadr.com\/hr\/wp-json\/wp\/v2\/media?parent=20107"}],"curies":[{"name":"radni list","href":"https:\/\/api.w.org\/{rel}","templated":true}]}}