{"id":19581,"date":"2025-03-16T21:53:58","date_gmt":"2025-03-16T21:53:58","guid":{"rendered":"https:\/\/white-ant-267257.hostingersite.com\/?post_type=product&#038;p=19581"},"modified":"2025-07-13T07:21:59","modified_gmt":"2025-07-13T07:21:59","slug":"unforgettable-leaders-book","status":"publish","type":"product","link":"https:\/\/tamerbadr.com\/fr\/produit\/unforgettable-leaders-book","title":{"rendered":"Des leaders inoubliables"},"content":{"rendered":"<h1 style=\"text-align: center;\"><strong>Introduction du Dr Ragheb Al-Sarjani aux Leaders inoubliables<\/strong><\/h1>\n<h1 style=\"text-align: center;\">Dans l'histoire de la Nation de l'Islam, il y a des hommes qui ont illumin\u00e9 l'histoire pour ceux qui sont venus apr\u00e8s eux, des hommes qui se sont distingu\u00e9s dans tous les domaines.<\/h1>\n<h1 style=\"text-align: center;\">Dans l'histoire d'une nation, vous ne trouverez pas autant de symboles brillants ; Ibn Umar (qu'Allah soit satisfait de lui) a dit : Le Messager d'Allah, qu'Allah le b\u00e9nisse et lui accorde la paix, a dit : \"Vous trouverez des gens comme cent tribus dans lesquelles un homme ne peut pas trouver un chameau : \"Vous trouverez des gens comme cent tribus dans lesquelles un homme ne peut trouver un chameau.) Rapport\u00e9 par al-Bahari et Muslim.<\/h1>\n<h1 style=\"text-align: center;\">Par cons\u00e9quent, les hommes distingu\u00e9s dans l'histoire g\u00e9n\u00e9rale sont peu nombreux, mais beaucoup d'entre eux ont \u00e9merg\u00e9 et excell\u00e9 dans l'histoire et la civilisation islamiques.<\/h1>\n<h1 style=\"text-align: center;\">L'\u00c9tat islamique est n\u00e9 avec des h\u00e9ros courageux et des moudjahidines, et combien de chefs ont \u00e9merg\u00e9 et ont conduit les arm\u00e9es islamiques \u00e0 de grandes victoires, gr\u00e2ce \u00e0 Allah Tout-Puissant, puis gr\u00e2ce \u00e0 leur g\u00e9nie et \u00e0 leur courage !<\/h1>\n<h1 style=\"text-align: center;\">Le Messager d'Allah, qu'Allah le b\u00e9nisse et lui accorde la paix, a choisi Oussama ibn Zayd \u00e0 l'\u00e2ge de dix-huit ans pour diriger une arm\u00e9e combattant les Romains, avec Abu Bakr et Umar ibn al-Khattab sous son commandement.<\/h1>\n<h1 style=\"text-align: center;\">Le Proph\u00e8te (paix et b\u00e9n\u00e9dictions d'Allah soient sur lui) a ordonn\u00e9 \u00e0 Amr ibn al-'As (qu'Allah soit satisfait de lui) de diriger les compagnons les plus \u00e2g\u00e9s lors de la bataille des cha\u00eenes, alors qu'il n'\u00e9tait entr\u00e9 dans l'islam que quelques jours auparavant, et Khalid ibn al-Walid (qu'Allah soit satisfait de lui) a dirig\u00e9 les compagnons les plus \u00e2g\u00e9s lors de la bataille de Mu'ata, alors qu'il \u00e9tait un nouveau converti \u00e0 l'islam.<\/h1>\n<h1 style=\"text-align: center;\">Les crit\u00e8res de s\u00e9lection des dirigeants dans l'histoire islamique \u00e9taient objectifs et li\u00e9s uniquement \u00e0 la comp\u00e9tence, ce qui explique pourquoi la civilisation islamique a produit des dirigeants exceptionnels tout au long de son histoire.<\/h1>\n<h1 style=\"text-align: center;\">Par la suite, les musulmans ont appris qu'ils devaient pr\u00e9parer les futurs dirigeants, et c'est ainsi que se sont r\u00e9pandues les formations \u00e0 l'\u00e9quitation, au jihad et au tir \u00e0 l'arc.<\/h1>\n<h1 style=\"text-align: center;\">L'histoire du leadership dans l'islam est riche de significations, de concepts profonds et de personnalit\u00e9s remarquables, d'o\u00f9 l'importance de ce livre.<\/h1>\n<h1 style=\"text-align: center;\">L'auteur, le fr\u00e8re Tamer Badr - qu'Allah le prot\u00e8ge - s'est attach\u00e9 \u00e0 retracer les biographies des leaders musulmans et nous les a pr\u00e9sent\u00e9es en<\/h1>\n<h1 style=\"text-align: center;\">Dans un style facile, gracieux et concis, il extrait les points les plus importants dont la Oumma a besoin pour comprendre ce que c'\u00e9tait<\/h1>\n<h1 style=\"text-align: center;\">Les leaders sont faits pour qu'on puisse en produire de nouvelles g\u00e9n\u00e9rations.<\/h1>\n<h1 style=\"text-align: center;\">Comme pour son pr\u00e9c\u00e9dent livre, Unforgettable Days, vous trouverez ce livre attachant et, une fois que vous aurez commenc\u00e9 \u00e0 le lire, vous vous sentirez oblig\u00e9 de continuer jusqu'\u00e0 la fin.<\/h1>\n<h1 style=\"text-align: center;\">Je demande \u00e0 Allah, le Tout-Puissant, d'accepter l'effort de l'auteur dans son livre, d'accorder l'acceptation du livre et d'en faire b\u00e9n\u00e9ficier les musulmans ; Il est le gardien de cela et celui qui est capable de le faire.<\/h1>\n<h1 style=\"text-align: center;\">\u00a0A. Dr Ragheb Al-Sarjani<\/h1>\n<h1 style=\"text-align: center;\">Le Caire, novembre 2011<\/h1>","protected":false},"excerpt":{"rendered":"<p>\u0645\u0642\u062f\u0645\u0629 \u0627\u0644\u0627\u0633\u062a\u0627\u0630 \u0627\u0644\u062f\u0643\u062a\u0648\u0631 \u0631\u0627\u063a\u0628 \u0627\u0644\u0633\u0631\u062c\u0627\u0646\u064a \u0644\u0643\u062a\u0627\u0628 \u0642\u0627\u062f\u0629 \u0644\u0627 \u062a\u0646\u0633\u0649 \u0641\u064a \u062a\u0627\u0631\u064a\u062e \u0623\u064f\u0645\u0629 \u0627\u0644\u0625\u0633\u0644\u0627\u0645 \u0631\u062c\u0627\u0644 \u0623\u0636\u0627\u0621\u0648\u0627 \u0627\u0644\u062a\u0627\u0631\u064a\u062e \u0644\u0645\u0646 \u062c\u0627\u0621 \u0628\u0639\u062f\u0647\u0645\u060c \u0631\u062c\u0627\u0644 \u062a\u0645\u064a\u0632\u0648\u0627 \u0641\u064a \u0643\u0644 \u0645\u062c\u0627\u0644\u060c \u0648\u0631\u0628\u0645\u0627 \u0644\u0627 \u062a\u062c\u062f \u0641\u064a \u062a\u0627\u0631\u064a\u062e \u0623\u064f\u0645\u0629 \u0645\u0646 \u0627\u0644\u0623\u0645\u0645 \u0647\u0630\u0627 \u0627\u0644\u0639\u062f\u062f \u0645\u0646 \u0627\u0644\u0631\u0645\u0648\u0632 \u0627\u0644\u0644\u0627\u0645\u0639\u0629\u061b \u0641\u0639\u0646 \u0627\u0628\u0646 \u0639\u0645\u0631 \u0631\u0636\u064a \u0627\u0644\u0644\u0647 \u0639\u0646\u0647 \u0642\u0627\u0644: \u0642\u0627\u0644 \u0631\u0633\u0648\u0644 \u0627\u0644\u0644\u0647 \ufdfa: \u00ab\u062a\u064e\u062c\u0650\u062f\u064f\u0648\u0646\u064e \u0627\u0644\u0646\u0651\u064e\u0627\u0633\u064e \u0643\u064e\u0627\u0628\u0650\u0644 \u0645\u0650\u0627\u0626\u064e\u0629\u064d \u0644\u064e\u0627 \u064a\u064e\u062c\u0650\u062f\u064f \u0627\u0644\u0631\u0651\u064e\u062c\u064f\u0644\u064f [&hellip;]<\/p>","protected":false},"featured_media":19693,"comment_status":"open","ping_status":"closed","template":"","meta":{"_seopress_robots_primary_cat":"","_seopress_titles_title":"","_seopress_titles_desc":"","_seopress_robots_index":"","inline_featured_image":false,"_uf_show_specific_survey":0,"_uf_disable_surveys":false},"product_brand":[],"product_cat":[189],"product_tag":[],"class_list":{"0":"post-19581","1":"product","2":"type-product","3":"status-publish","4":"has-post-thumbnail","6":"product_cat-189","8":"first","9":"instock","10":"downloadable","11":"shipping-taxable","12":"purchasable","13":"product-type-simple"},"_links":{"self":[{"href":"https:\/\/tamerbadr.com\/fr\/wp-json\/wp\/v2\/product\/19581","targetHints":{"allow":["GET"]}}],"collection":[{"href":"https:\/\/tamerbadr.com\/fr\/wp-json\/wp\/v2\/product"}],"about":[{"href":"https:\/\/tamerbadr.com\/fr\/wp-json\/wp\/v2\/types\/product"}],"replies":[{"embeddable":true,"href":"https:\/\/tamerbadr.com\/fr\/wp-json\/wp\/v2\/comments?post=19581"}],"wp:featuredmedia":[{"embeddable":true,"href":"https:\/\/tamerbadr.com\/fr\/wp-json\/wp\/v2\/media\/19693"}],"wp:attachment":[{"href":"https:\/\/tamerbadr.com\/fr\/wp-json\/wp\/v2\/media?parent=19581"}],"wp:term":[{"taxonomy":"product_brand","embeddable":true,"href":"https:\/\/tamerbadr.com\/fr\/wp-json\/wp\/v2\/product_brand?post=19581"},{"taxonomy":"product_cat","embeddable":true,"href":"https:\/\/tamerbadr.com\/fr\/wp-json\/wp\/v2\/product_cat?post=19581"},{"taxonomy":"product_tag","embeddable":true,"href":"https:\/\/tamerbadr.com\/fr\/wp-json\/wp\/v2\/product_tag?post=19581"}],"curies":[{"name":"wp","href":"https:\/\/api.w.org\/{rel}","templated":true}]}}