{"id":19575,"date":"2025-03-16T21:38:04","date_gmt":"2025-03-16T21:38:04","guid":{"rendered":"https:\/\/white-ant-267257.hostingersite.com\/?post_type=product&#038;p=19575"},"modified":"2025-07-13T07:22:37","modified_gmt":"2025-07-13T07:22:37","slug":"unforgettable-days-book","status":"publish","type":"product","link":"https:\/\/tamerbadr.com\/fr\/produit\/unforgettable-days-book","title":{"rendered":"Des journ\u00e9es inoubliables"},"content":{"rendered":"<h1 style=\"text-align: center;\"><strong>Introduction du Dr Ragheb al-Sarjani aux Journ\u00e9es inoubliables<\/strong><\/h1>\n<h1 style=\"text-align: center;\">L'histoire islamique a \u00e9t\u00e9 tr\u00e8s n\u00e9glig\u00e9e au fil des ann\u00e9es et des si\u00e8cles, ce qui a conduit de nombreux orientalistes et occidentaux \u00e0 alt\u00e9rer cette histoire ; ainsi, l'histoire a \u00e9merg\u00e9 d'une mani\u00e8re tr\u00e8s diff\u00e9rente de la v\u00e9rit\u00e9, et les le\u00e7ons et les enseignements ont \u00e9t\u00e9 perdus au milieu de ces distorsions, faisant de l'histoire une \u00e9tude acad\u00e9mique d\u00e9nu\u00e9e de sens pour les lecteurs.<\/h1>\n<h1 style=\"text-align: center;\">Face \u00e0 cette situation malheureuse, des personnes z\u00e9l\u00e9es ont d\u00fb se lever pour sauver cette longue histoire ; en fait, pour sauver la jeunesse musulmane qui n'a pas trouv\u00e9 de source appropri\u00e9e et s\u00fbre pour lire l'histoire de l'Ummah. Je n'exag\u00e8re pas en disant que le monde entier - musulman ou non musulman - a besoin de cette glorieuse histoire islamique, car le monde n'a jamais connu une telle splendeur que celle que nous avons trouv\u00e9e dans notre grande histoire.<\/h1>\n<h1 style=\"text-align: center;\">Ce livre fait partie de ces nouveaut\u00e9s !<\/h1>\n<h1 style=\"text-align: center;\">Il s'agit d'un livre pr\u00e9cieux qui rassemble de mani\u00e8re magistrale un grand nombre de jours d\u00e9cisifs dans l'histoire de la nation islamique, et pourtant cette \u00e9norme collection n'a pas entra\u00een\u00e9 une \u00e9normit\u00e9 similaire dans le nombre de pages ! Cela t\u00e9moigne de la grande ma\u00eetrise de l'auteur, qui a su s\u00e9lectionner les \u00e9l\u00e9ments utiles de chaque bataille et les \u00e9l\u00e9ments importants de chaque rencontre. C'est peut-\u00eatre l'un des principaux \u00e9l\u00e9ments qui distinguent ce livre des autres, car l'auteur a une capacit\u00e9 magistrale \u00e0 \u00eatre concis et cibl\u00e9, de sorte que vous avez l'impression qu'en lisant quatre ou cinq pages sur une grande bataille, vous avez tout appris et que vous n'avez pas besoin d'autres informations, alors que les sp\u00e9cialistes savent qu'un historien peut \u00e9crire des volumes entiers sur de telles batailles !<\/h1>\n<h1 style=\"text-align: center;\">Il commence \u00e0 l'\u00e9poque du Proph\u00e8te, puis saute \u00e0 une vitesse appropri\u00e9e entre les diff\u00e9rentes \u00e9poques historiques, telles que les \u00e9poques Rachidi, Omeyyade, Abbasside, Ayyoubide, Mamelouke et Ottomane, et ne n\u00e9glige pas de voyager g\u00e9ographiquement dans diff\u00e9rentes parties du monde ; il atteint l'Est et parle des batailles de l'Inde, et quitte l'Est pour l'Ouest afin de d\u00e9crire les batailles de l'Andalousie !<\/h1>\n<h1 style=\"text-align: center;\">Ce livre se distingue \u00e9galement par le fait qu'il parle de nombreuses batailles dont beaucoup de musulmans ne connaissent pas les d\u00e9tails, et je n'exag\u00e8re pas si je dis que les musulmans ne connaissent pas le nom des batailles ! Il suffit de mentionner, par exemple, les batailles d'Ain al-Tamr, la conqu\u00eate de Dibel, la bataille de Talas, la conqu\u00eate de Sumnat, la bataille de Nicopolis, la bataille de Mohawks, et d'autres batailles dont la mention a \u00e9t\u00e9 oubli\u00e9e et dont les pages sont poussi\u00e9reuses, jusqu'\u00e0 ce que cet auteur vienne honn\u00eatement et soigneusement d\u00e9voiler ces jours interm\u00e9diaires.<\/h1>\n<h1 style=\"text-align: center;\">Ce livre pr\u00e9cieux se caract\u00e9rise avant tout par deux \u00e9l\u00e9ments qui le distinguent des nombreux ouvrages qui ont rempli la biblioth\u00e8que islamique et qui le rendent unique dans son domaine.<\/h1>\n<h1 style=\"text-align: center;\">Pour ce qui est de la premi\u00e8re chose : La premi\u00e8re chose est qu'il ne s'est pas limit\u00e9 aux victoires des musulmans, mais qu'il a mentionn\u00e9 avec beaucoup d'impartialit\u00e9 et de pr\u00e9cision les principales batailles au cours desquelles les musulmans ont \u00e9t\u00e9 vaincus ! Il s'agit l\u00e0 d'une intelligence claire de la part de l'auteur, qui met en \u00e9vidence son honn\u00eatet\u00e9 dans la pr\u00e9sentation des \u00e9v\u00e9nements, et souligne que les jours sont des \u00e9tats entre les nations, et ne prive pas les lecteurs de b\u00e9n\u00e9ficier des le\u00e7ons importantes de ces batailles.<\/h1>\n<h1 style=\"text-align: center;\">La deuxi\u00e8me chose est que l'auteur ne s'est pas content\u00e9 de raconter les \u00e9v\u00e9nements comme le font beaucoup d'auteurs, mais qu'il a approfondi les choses et recherch\u00e9 les facteurs de victoire et les causes de d\u00e9faite, de sorte que le lecteur sort du livre avec une connaissance abondante des raisons de l'ascension et de la chute des nations, atteignant ainsi le but de raconter l'histoire ; comme notre Seigneur nous l'a montr\u00e9 lorsqu'il a dit : \" Il y avait dans leurs histoires une le\u00e7on pour les sages \" [Joseph : 111]. En effet, l'auteur a formul\u00e9 tout cela avec un grand professionnalisme.<\/h1>\n<h1 style=\"text-align: center;\">Enfin :<\/h1>\n<h1 style=\"text-align: center;\">Le litt\u00e9ralisme de l'auteur n'a pas emp\u00each\u00e9 son style d'\u00eatre d\u00e9licat et beau, de sorte que les phrases du livre sont gracieuses, ses mots sont exquis, et sa pr\u00e9sentation est douce et agr\u00e9able, ce qui a donn\u00e9 au livre une splendeur et un \u00e9clat.<\/h1>\n<h1 style=\"text-align: center;\">Bien que je sache qu'il s'agit de la premi\u00e8re tentative de l'auteur en mati\u00e8re d'\u00e9criture militaire, je suis certain que ce ne sera jamais la derni\u00e8re, car les batailles de l'histoire islamique et leurs d\u00e9tails n\u00e9cessitent des centaines de volumes et des milliers d'explications et d'analyses.<\/h1>\n<h1 style=\"text-align: center;\">Je conseille \u00e0 M. Tamer Badr de toujours renouveler son intention \u00e0 chaque livre, afin que Dieu tout-puissant \u00e9crive ses livres pour qu'ils se r\u00e9pandent, et qu'il lui donne une grande r\u00e9compense.<\/h1>\n<h1 style=\"text-align: center;\">Je demande \u00e0 Allah de renforcer l'islam et les musulmans<\/h1>\n<h1 style=\"text-align: center;\">Dr Ragheb Al-Sarjani<\/h1>","protected":false},"excerpt":{"rendered":"<p>\u0645\u0642\u062f\u0645\u0629 \u0627\u0644\u0627\u0633\u062a\u0627\u0630 \u0627\u0644\u062f\u0643\u062a\u0648\u0631 \u0631\u0627\u063a\u0628 \u0627\u0644\u0633\u0631\u062c\u0627\u0646\u064a \u0644\u0643\u062a\u0627\u0628 \u0623\u064a\u0627\u0645 \u0644\u0627 \u062a\u0646\u0633\u0649 \u0639\u0627\u0646\u064a \u0627\u0644\u062a\u0627\u0631\u064a\u062e \u0627\u0644\u0625\u0633\u0644\u0627\u0645\u064a \u0643\u062b\u064a\u0631\u064b\u0627 \u0645\u0646 \u0627\u0644\u0625\u0647\u0645\u0627\u0644 \u0639\u0644\u0649 \u0645\u062f\u0627\u0631 \u0627\u0644\u0633\u0646\u0648\u0627\u062a \u0648\u0627\u0644\u0642\u0631\u0648\u0646\u060c \u0648\u0643\u0627\u0646\u062a \u0627\u0644\u0646\u062a\u064a\u062c\u0629 \u0623\u0646 \u0639\u0628\u062b \u0643\u062b\u064a\u0631 \u0645\u0646 \u0627\u0644\u0645\u0633\u062a\u0634\u0631\u0642\u064a\u0646 \u0648\u0627\u0644\u0645\u0633\u062a\u063a\u0631\u0628\u064a\u0646 \u0641\u064a \u0647\u0630\u0627 \u0627\u0644\u062a\u0627\u0631\u064a\u062e\u061b \u0648\u0628\u0627\u0644\u062a\u0627\u0644\u064a \u062e\u0631\u062c \u0644\u0646\u0627 \u0627\u0644\u062a\u0627\u0631\u064a\u062e \u0628\u0635\u0648\u0631\u0629 \u0645\u063a\u0627\u064a\u0631\u0629 \u0643\u062b\u064a\u0631\u064b\u0627 \u0639\u0646 \u0627\u0644\u062d\u0642\u064a\u0642\u0629\u060c \u0648\u0627\u0644\u0623\u0646\u0643\u0649 \u0645\u0646 \u0630\u0644\u0643 \u0623\u0646 \u0627\u0644\u062f\u0631\u0648\u0633 \u0648\u0627\u0644\u0639\u0628\u0631 \u062a\u0627\u0647\u062a \u0648\u0633\u0637 \u0647\u0630\u0647 \u0627\u0644\u062a\u062d\u0631\u064a\u0641\u0627\u062a\u060c \u0641\u0635\u0627\u0631 \u0627\u0644\u062a\u0627\u0631\u064a\u062e \u062f\u0631\u0627\u0633\u0629 \u0623\u0643\u0627\u062f\u064a\u0645\u064a\u0629 \u0644\u0627 \u0645\u0639\u0646\u0649 [&hellip;]<\/p>","protected":false},"featured_media":19689,"comment_status":"open","ping_status":"closed","template":"","meta":{"_seopress_robots_primary_cat":"","_seopress_titles_title":"","_seopress_titles_desc":"","_seopress_robots_index":"","inline_featured_image":false,"_uf_show_specific_survey":0,"_uf_disable_surveys":false},"product_brand":[],"product_cat":[189],"product_tag":[],"class_list":{"0":"post-19575","1":"product","2":"type-product","3":"status-publish","4":"has-post-thumbnail","6":"product_cat-189","8":"first","9":"instock","10":"downloadable","11":"shipping-taxable","12":"purchasable","13":"product-type-simple"},"_links":{"self":[{"href":"https:\/\/tamerbadr.com\/fr\/wp-json\/wp\/v2\/product\/19575","targetHints":{"allow":["GET"]}}],"collection":[{"href":"https:\/\/tamerbadr.com\/fr\/wp-json\/wp\/v2\/product"}],"about":[{"href":"https:\/\/tamerbadr.com\/fr\/wp-json\/wp\/v2\/types\/product"}],"replies":[{"embeddable":true,"href":"https:\/\/tamerbadr.com\/fr\/wp-json\/wp\/v2\/comments?post=19575"}],"wp:featuredmedia":[{"embeddable":true,"href":"https:\/\/tamerbadr.com\/fr\/wp-json\/wp\/v2\/media\/19689"}],"wp:attachment":[{"href":"https:\/\/tamerbadr.com\/fr\/wp-json\/wp\/v2\/media?parent=19575"}],"wp:term":[{"taxonomy":"product_brand","embeddable":true,"href":"https:\/\/tamerbadr.com\/fr\/wp-json\/wp\/v2\/product_brand?post=19575"},{"taxonomy":"product_cat","embeddable":true,"href":"https:\/\/tamerbadr.com\/fr\/wp-json\/wp\/v2\/product_cat?post=19575"},{"taxonomy":"product_tag","embeddable":true,"href":"https:\/\/tamerbadr.com\/fr\/wp-json\/wp\/v2\/product_tag?post=19575"}],"curies":[{"name":"wp","href":"https:\/\/api.w.org\/{rel}","templated":true}]}}