{"id":33241,"date":"2025-04-30T06:46:02","date_gmt":"2025-04-30T06:46:02","guid":{"rendered":"https:\/\/tamerbadr.com\/user\/"},"modified":"2025-04-30T06:46:02","modified_gmt":"2025-04-30T06:46:02","slug":"user","status":"publish","type":"page","link":"https:\/\/tamerbadr.com\/fr\/user","title":{"rendered":"Utilisateur"},"content":{"rendered":"<div class=\"um um-profile um-33239 um-role-\">\n\t<div class=\"um-form\" data-mode=\"profile\" data-form_id=\"33239\">\n\t\t\t<div class=\"um-cover\"\n\t\tdata-user_id=\"0\" data-ratio=\"2.7:1\">\n\t\t\n\t\t\t<div class=\"um-dropdown\" data-element=\"div.um-cover\" data-position=\"bc\" data-trigger=\"click\">\n\t\t\t\t<div class=\"um-dropdown-b\">\n\t\t\t\t\t<div class=\"um-dropdown-arr\"><i class=\"\"><\/i><\/div>\n\t\t\t\t\t<ul>\n\t\t\t\t\t\t\t\t\t\t\t\t\t<li><a href=\"javascript:void(0);\" class=\"um-manual-trigger\" data-parent=\".um-cover\" data-child=\".um-btn-auto-width\">Prendre une photo de couverture<\/a><\/li>\n\t\t\t\t\t\t\t\t\t\t\t\t\t<li><a href=\"javascript:void(0);\" class=\"um-dropdown-hide\">Annuler<\/a><\/li>\n\t\t\t\t\t\t\t\t\t\t\t<\/ul>\n\t\t\t\t<\/div>\n\t\t\t<\/div>\n\n\t\t\t<div style=\"display: none !important;\"><div  id=\"um_field_33239_cover_photo\" class=\"um-field um-field-image  um-field-cover_photo um-field-image um-field-type_image\" data-key=\"cover_photo\" data-mode=\"\" data-upload-label=\"T\u00e9l\u00e9verser\"><input type=\"hidden\" name=\"cover_photo\" id=\"cover_photo\" value=\"\"  aria-invalid=\"false\" \/><div class=\"um-field-label\"><label for=\"cover_photo\">Modifier votre photo de couverture<\/label><div class=\"um-clear\"><\/div><\/div><div class=\"um-field-area\" style=\"text-align: center;\"><div class=\"um-single-image-preview crop\" data-crop=\"cover\" data-key=\"cover_photo\"><a href=\"javascript:void(0);\" class=\"cancel\"><i class=\"um-icon-close\"><\/i><\/a><img decoding=\"async\" class=\"fusion-lazyload-ignore\" src=\"\" alt=\"\" \/><div class=\"um-clear\"><\/div><\/div><a href=\"javascript:void(0);\" data-modal=\"um_upload_single\" data-modal-size=\"large\" data-modal-copy=\"1\" class=\"um-button um-btn-auto-width\">T\u00e9l\u00e9charger<\/a><\/div><div class=\"um-modal-hidden-content\"><div class=\"um-modal-header\"> Modifier votre photo de couverture<\/div><div class=\"um-modal-body\"><div class=\"um-single-image-preview crop\"  data-crop=\"cover\" data-ratio=\"2.7\" data-min_width=\"1000\" data-min_height=\"\" data-coord=\"\"><a href=\"javascript:void(0);\" class=\"cancel\"><i class=\"um-icon-close\"><\/i><\/a><img decoding=\"async\" class=\"fusion-lazyload-ignore\" src=\"\" alt=\"\" \/><div class=\"um-clear\"><\/div><\/div><div class=\"um-clear\"><\/div><div class=\"um-single-image-upload\" data-user_id=\"\" data-nonce=\"146bb10894\" data-timestamp=\"1778634406\"  data-set_id=\"33239\" data-set_mode=\"\" data-type=\"image\" data-key=\"cover_photo\" data-max_size=\"999999999\" data-max_size_error=\"Cette image est trop volumineuse\u00a0!\" data-min_size_error=\"Cette image est trop petite\u00a0!\" data-extension_error=\"D\u00e9sole, cette image n\u2019est pas valide.\"  data-allowed_types=\"gif,jpg,jpeg,png,webp\" data-upload_text=\"T\u00e9l\u00e9verser ici la photo de couverture du profil&lt;small class=&quot;um-max-filesize&quot;&gt;( max: &lt;span&gt;953.7MB&lt;\/span&gt; )&lt;\/small&gt;\" data-max_files_error=\"Vous ne pouvez t\u00e9l\u00e9verser qu\u2019une seule image\" data-upload_help_text=\"\">T\u00e9l\u00e9charger<\/div><div class=\"um-modal-footer\">\n\t\t\t\t\t\t\t\t\t<div class=\"um-modal-right\">\n\t\t\t\t\t\t\t\t\t\t<a href=\"javascript:void(0);\" class=\"um-modal-btn um-finish-upload image disabled\" data-key=\"cover_photo\" data-change=\"Modifier la photo\" data-processing=\"En cours\u2026\">Appliquer<\/a>\n\t\t\t\t\t\t\t\t\t\t<a href=\"javascript:void(0);\" class=\"um-modal-btn alt\" data-action=\"um_remove_modal\"> Annuler<\/a>\n\t\t\t\t\t\t\t\t\t<\/div>\n\t\t\t\t\t\t\t\t\t<div class=\"um-clear\"><\/div>\n\t\t\t\t\t\t\t\t<\/div><\/div><\/div><\/div><\/div>\t\t<div class=\"um-cover-e\" data-ratio=\"2.7:1\">\n\t\t\t\t\t\t\t<a href=\"javascript:void(0);\" class=\"um-cover-add\"><span class=\"um-cover-add-i\"><i\n\t\t\t\t\tclass=\"um-icon-plus um-tip-n\"\n\t\t\t\t\ttitle=\"Prendre une photo de couverture\"><\/i><\/span><\/a>\n\t\t\t\t\t\t<\/div>\n\t\t\t<\/div>\n\t\n\t<div class=\"um-header\">\n\n\t\t\n\t\t<div class=\"um-profile-photo\" data-user_id=\"0\"  aria-invalid=\"false\" >\n\n\t\t\t<a href=\"\" class=\"um-profile-photo-img\" title=\"\">\n\t\t\t\t<span class=\"um-profile-photo-overlay\">\n\t\t\t<span class=\"um-profile-photo-overlay-s\">\n\t\t\t\t<ins>\n\t\t\t\t\t<i class=\"um-faicon-camera\"><\/i>\n\t\t\t\t<\/ins>\n\t\t\t<\/span>\n\t\t<\/span>\t\t\t<\/a>\n\n\t\t\t<div style=\"display: none !important;\"><div  id=\"um_field_33239_profile_photo\" class=\"um-field um-field-image  um-field-profile_photo um-field-image um-field-type_image\" data-key=\"profile_photo\" data-mode=\"\" data-upload-label=\"T\u00e9l\u00e9verser\"><input type=\"hidden\" name=\"profile_photo\" id=\"profile_photo\" value=\"\"  aria-invalid=\"false\" \/><div class=\"um-field-label\"><label for=\"profile_photo\">Modifiez votre photo de profil<\/label><div class=\"um-clear\"><\/div><\/div><div class=\"um-field-area\" style=\"text-align: center;\"><div class=\"um-single-image-preview crop\" data-crop=\"square\" data-key=\"profile_photo\"><a href=\"javascript:void(0);\" class=\"cancel\"><i class=\"um-icon-close\"><\/i><\/a><img decoding=\"async\" class=\"fusion-lazyload-ignore\" src=\"\" alt=\"\" \/><div class=\"um-clear\"><\/div><\/div><a href=\"javascript:void(0);\" data-modal=\"um_upload_single\" data-modal-size=\"normal\" data-modal-copy=\"1\" class=\"um-button um-btn-auto-width\">T\u00e9l\u00e9charger<\/a><\/div><div class=\"um-modal-hidden-content\"><div class=\"um-modal-header\"> Modifiez votre photo de profil<\/div><div class=\"um-modal-body\"><div class=\"um-single-image-preview crop\"  data-crop=\"square\" data-ratio=\"1\" data-min_width=\"190\" data-min_height=\"190\" data-coord=\"\"><a href=\"javascript:void(0);\" class=\"cancel\"><i class=\"um-icon-close\"><\/i><\/a><img decoding=\"async\" class=\"fusion-lazyload-ignore\" src=\"\" alt=\"\" \/><div class=\"um-clear\"><\/div><\/div><div class=\"um-clear\"><\/div><div class=\"um-single-image-upload\" data-user_id=\"\" data-nonce=\"146bb10894\" data-timestamp=\"1778634406\"  data-set_id=\"33239\" data-set_mode=\"\" data-type=\"image\" data-key=\"profile_photo\" data-max_size=\"999999999\" data-max_size_error=\"Cette image est trop volumineuse\u00a0!\" data-min_size_error=\"Cette image est trop petite\u00a0!\" data-extension_error=\"D\u00e9sole, cette image n\u2019est pas valide.\"  data-allowed_types=\"gif,jpg,jpeg,png,webp\" data-upload_text=\"T\u00e9l\u00e9verser votre photo ici&lt;small class=&quot;um-max-filesize&quot;&gt;( max: &lt;span&gt;953.7MB&lt;\/span&gt; )&lt;\/small&gt;\" data-max_files_error=\"Vous ne pouvez t\u00e9l\u00e9verser qu\u2019une seule image\" data-upload_help_text=\"\">T\u00e9l\u00e9charger<\/div><div class=\"um-modal-footer\">\n\t\t\t\t\t\t\t\t\t<div class=\"um-modal-right\">\n\t\t\t\t\t\t\t\t\t\t<a href=\"javascript:void(0);\" class=\"um-modal-btn um-finish-upload image disabled\" data-key=\"profile_photo\" data-change=\"Modifier la photo\" data-processing=\"En cours\u2026\">Appliquer<\/a>\n\t\t\t\t\t\t\t\t\t\t<a href=\"javascript:void(0);\" class=\"um-modal-btn alt\" data-action=\"um_remove_modal\"> Annuler<\/a>\n\t\t\t\t\t\t\t\t\t<\/div>\n\t\t\t\t\t\t\t\t\t<div class=\"um-clear\"><\/div>\n\t\t\t\t\t\t\t\t<\/div><\/div><\/div><\/div><\/div>\n\t\t\t<div class=\"um-dropdown\" data-element=\"div.um-profile-photo\" data-position=\"bc\" data-trigger=\"click\">\n\t\t\t\t<div class=\"um-dropdown-b\">\n\t\t\t\t\t<div class=\"um-dropdown-arr\"><i class=\"\"><\/i><\/div>\n\t\t\t\t\t<ul>\n\t\t\t\t\t\t\t\t\t\t\t\t\t<li><a href=\"javascript:void(0);\" class=\"um-manual-trigger\" data-parent=\".um-profile-photo\" data-child=\".um-btn-auto-width\" data-alt_text=\"Modifier la photo\">T\u00e9l\u00e9charger une photo<\/a><\/li>\n\t\t\t\t\t\t\t\t\t\t\t\t\t<li><a href=\"javascript:void(0);\" class=\"um-reset-profile-photo\" data-user_id=\"0\" data-default_src=\"https:\/\/tamerbadr.com\/wp-content\/plugins\/ultimate-member\/assets\/img\/default_avatar.jpg\" style=\"display:none;\">Retirer la photo<\/a><\/li>\n\t\t\t\t\t\t\t\t\t\t\t\t\t<li><a href=\"javascript:void(0);\" class=\"um-dropdown-hide\">Annuler<\/a><\/li>\n\t\t\t\t\t\t\t\t\t\t\t<\/ul>\n\t\t\t\t<\/div>\n\t\t\t<\/div>\n\n\t\t\t\n\t\t<\/div>\n\n\t\t<div class=\"um-profile-meta\">\n\n\t\t\t\n\t\t\t<div class=\"um-main-meta\">\n\n\t\t\t\t\t\t\t\t\t<div class=\"um-name\">\n\n\t\t\t\t\t\t<a href=\"\"\n\t\t\t\t\t\t   title=\"\"><\/a>\n\n\t\t\t\t\t\t\t\t\t\t\t<\/div>\n\t\t\t\t\n\t\t\t\t<div class=\"um-clear\"><\/div>\n\n\t\t\t\t\t\t\t<\/div>\n\n\t\t\t\n\t\t\t<div class=\"um-profile-status\">\n\t\t\t\t<span>\n\t\t\t\t\tCe compte est \u00ab\u00a0Individuel\u00a0\u00bb\t\t\t\t<\/span>\n\t\t\t<\/div>\n\n\t\t\t\t\t<\/div>\n\t\t<div class=\"um-clear\"><\/div>\n\n\t\t\n\t<\/div>\n\n\t\n\t\t<div class=\"um-profile-navbar\">\n\t\t\t\t\t\t<div class=\"um-clear\"><\/div>\n\t\t<\/div>\n\n\t\t\n\t\t\t<div class=\"um-profile-nav\">\n\n\t\t\t\t\n\t\t\t\t\t<div class=\"um-profile-nav-item um-profile-nav-posts  active\">\n\t\t\t\t\t\t\t\t\t\t\t\t\t<a href=\"https:\/\/tamerbadr.com\/fr\/wp-json\/wp\/v2\/pages\/33241?profiletab=posts\" class=\"uimob800-show uimob500-show uimob340-show um-tip-n\"\n\t\t\t\t\t\t\t   title=\"Publications\" original-title=\"Publications\" >\n\n\t\t\t\t\t\t\t\t<i class=\"um-faicon-pencil\"><\/i>\n\n\t\t\t\t\t\t\t\t\n\t\t\t\t\t\t\t\t<span class=\"uimob800-hide uimob500-hide uimob340-hide title\">Publications<\/span>\n\t\t\t\t\t\t\t<\/a>\n\t\t\t\t\t\t\t<a href=\"https:\/\/tamerbadr.com\/fr\/wp-json\/wp\/v2\/pages\/33241?profiletab=posts\" class=\"uimob800-hide uimob500-hide uimob340-hide\"\n\t\t\t\t\t\t\t   title=\"Publications\" >\n\n\t\t\t\t\t\t\t\t<i class=\"um-faicon-pencil\"><\/i>\n\n\t\t\t\t\t\t\t\t\n\t\t\t\t\t\t\t\t<span class=\"title\">Publications<\/span>\n\t\t\t\t\t\t\t<\/a>\n\t\t\t\t\t\t\t\t\t\t\t<\/div>\n\n\t\t\t\t\n\t\t\t\t\t<div class=\"um-profile-nav-item um-profile-nav-main\">\n\t\t\t\t\t\t\t\t\t\t\t\t\t<a href=\"https:\/\/tamerbadr.com\/fr\/wp-json\/wp\/v2\/pages\/33241?profiletab=main\" class=\"uimob800-show uimob500-show uimob340-show um-tip-n\"\n\t\t\t\t\t\t\t   title=\"\u00c0 propos\" original-title=\"\u00c0 propos\" >\n\n\t\t\t\t\t\t\t\t<i class=\"um-faicon-user\"><\/i>\n\n\t\t\t\t\t\t\t\t\n\t\t\t\t\t\t\t\t<span class=\"uimob800-hide uimob500-hide uimob340-hide title\">\u00c0 propos<\/span>\n\t\t\t\t\t\t\t<\/a>\n\t\t\t\t\t\t\t<a href=\"https:\/\/tamerbadr.com\/fr\/wp-json\/wp\/v2\/pages\/33241?profiletab=main\" class=\"uimob800-hide uimob500-hide uimob340-hide\"\n\t\t\t\t\t\t\t   title=\"\u00c0 propos\" >\n\n\t\t\t\t\t\t\t\t<i class=\"um-faicon-user\"><\/i>\n\n\t\t\t\t\t\t\t\t\n\t\t\t\t\t\t\t\t<span class=\"title\">\u00c0 propos<\/span>\n\t\t\t\t\t\t\t<\/a>\n\t\t\t\t\t\t\t\t\t\t\t<\/div>\n\n\t\t\t\t\n\t\t\t\t\t<div class=\"um-profile-nav-item um-profile-nav-comments\">\n\t\t\t\t\t\t\t\t\t\t\t\t\t<a href=\"https:\/\/tamerbadr.com\/fr\/wp-json\/wp\/v2\/pages\/33241?profiletab=comments\" class=\"uimob800-show uimob500-show uimob340-show um-tip-n\"\n\t\t\t\t\t\t\t   title=\"Commentaires\" original-title=\"Commentaires\" >\n\n\t\t\t\t\t\t\t\t<i class=\"um-faicon-comment\"><\/i>\n\n\t\t\t\t\t\t\t\t\n\t\t\t\t\t\t\t\t<span class=\"uimob800-hide uimob500-hide uimob340-hide title\">Commentaires<\/span>\n\t\t\t\t\t\t\t<\/a>\n\t\t\t\t\t\t\t<a href=\"https:\/\/tamerbadr.com\/fr\/wp-json\/wp\/v2\/pages\/33241?profiletab=comments\" class=\"uimob800-hide uimob500-hide uimob340-hide\"\n\t\t\t\t\t\t\t   title=\"Commentaires\" >\n\n\t\t\t\t\t\t\t\t<i class=\"um-faicon-comment\"><\/i>\n\n\t\t\t\t\t\t\t\t\n\t\t\t\t\t\t\t\t<span class=\"title\">Commentaires<\/span>\n\t\t\t\t\t\t\t<\/a>\n\t\t\t\t\t\t\t\t\t\t\t<\/div>\n\n\t\t\t\t\n\t\t\t\t<div class=\"um-clear\"><\/div>\n\n\t\t\t<\/div>\n\n\t\t\t\t\t\t<div class=\"um-profile-body posts posts-default\">\n\n\t\t\t\t\t\t\t<div class=\"um-ajax-items\">\n\n\t\t\t\n<div class=\"um-item\">\n\t<div class=\"um-item-link\">\n\t\t<i class=\"um-icon-ios-paper\"><\/i>\n\t\t<a href=\"https:\/\/tamerbadr.com\/fr\/archives\/39728\">\u0631\u0624\u064a\u0627 \u062a\u0627\u0628\u0648\u062a \u0627\u0644\u0633\u0643\u064a\u0646\u0629 \u0641\u064a \u0645\u0633\u062c\u062f \u0627\u0644\u0641\u0631\u062f\u0648\u0633 \u064a\u0648\u0645 29 \u0623\u0643\u062a\u0648\u0628\u0631 2025<\/a>\n\t<\/div>\n\n\t\t\t<div class=\"um-item-img\">\n\t\t\t<a href=\"https:\/\/tamerbadr.com\/fr\/archives\/39728\">\n\t\t\t\t<img fetchpriority=\"high\" decoding=\"async\" width=\"300\" height=\"225\" src=\"https:\/\/tamerbadr.com\/wp-content\/uploads\/2025\/12\/572918940_24888313430825226_4204237295229198283_n-300x225.jpg\" class=\"attachment-medium size-medium wp-post-image\" alt=\"\" srcset=\"https:\/\/tamerbadr.com\/wp-content\/uploads\/2025\/12\/572918940_24888313430825226_4204237295229198283_n-300x225.jpg 300w, https:\/\/tamerbadr.com\/wp-content\/uploads\/2025\/12\/572918940_24888313430825226_4204237295229198283_n-1024x768.jpg 1024w, https:\/\/tamerbadr.com\/wp-content\/uploads\/2025\/12\/572918940_24888313430825226_4204237295229198283_n-768x576.jpg 768w, https:\/\/tamerbadr.com\/wp-content\/uploads\/2025\/12\/572918940_24888313430825226_4204237295229198283_n-16x12.jpg 16w, https:\/\/tamerbadr.com\/wp-content\/uploads\/2025\/12\/572918940_24888313430825226_4204237295229198283_n.jpg 1280w\" sizes=\"(max-width: 300px) 100vw, 300px\" \/>\t\t\t<\/a>\n\t\t<\/div>\n\t\t\n\t<div class=\"um-item-meta\">\n\t\t\t\t\t<span>\n\t\t\t\tIl y a 5 mois\t\t\t<\/span>\n\t\t\t\t\t\t\t<span>\n\t\t\t\tdans: <a href=\"https:\/\/tamerbadr.com\/fr\/archives\/%d8%b1%d8%a4%d9%89-2021-%d8%a7%d9%84%d8%a2%d9%86\" rel=\"category tag\">Visions 2021-maintenant<\/a>\t\t\t<\/span>\n\t\t\t\t<span>\n\t\t\t\t\t\t<a href=\"https:\/\/tamerbadr.com\/fr\/archives\/39728#respond\">aucun commentaire<\/a>\n\t\t<\/span>\n\t<\/div>\n<\/div>\n\n<div class=\"um-item\">\n\t<div class=\"um-item-link\">\n\t\t<i class=\"um-icon-ios-paper\"><\/i>\n\t\t<a href=\"https:\/\/tamerbadr.com\/fr\/archives\/39621\">\u0631\u0624\u064a\u0627 \u0627\u062d\u062a\u0636\u0627\u0646 \u062c\u0628\u0631\u064a\u0644 \u0639\u0644\u064a\u0647 \u0627\u0644\u0633\u0644\u0627\u0645 \u0644\u0631\u062c\u0644 \u064a\u0648\u0645 22 \u0633\u0628\u062a\u0645\u0628\u0631 2025<\/a>\n\t<\/div>\n\n\t\t\t<div class=\"um-item-img\">\n\t\t\t<a href=\"https:\/\/tamerbadr.com\/fr\/archives\/39621\">\n\t\t\t\t<img decoding=\"async\" width=\"300\" height=\"143\" src=\"https:\/\/tamerbadr.com\/wp-content\/uploads\/2025\/12\/550549829_24525109657145607_6624231098575571498_n-300x143.jpg\" class=\"attachment-medium size-medium wp-post-image\" alt=\"\" srcset=\"https:\/\/tamerbadr.com\/wp-content\/uploads\/2025\/12\/550549829_24525109657145607_6624231098575571498_n-300x143.jpg 300w, https:\/\/tamerbadr.com\/wp-content\/uploads\/2025\/12\/550549829_24525109657145607_6624231098575571498_n-18x9.jpg 18w, https:\/\/tamerbadr.com\/wp-content\/uploads\/2025\/12\/550549829_24525109657145607_6624231098575571498_n.jpg 630w\" sizes=\"(max-width: 300px) 100vw, 300px\" \/>\t\t\t<\/a>\n\t\t<\/div>\n\t\t\n\t<div class=\"um-item-meta\">\n\t\t\t\t\t<span>\n\t\t\t\tIl y a 5 mois\t\t\t<\/span>\n\t\t\t\t\t\t\t<span>\n\t\t\t\tdans: <a href=\"https:\/\/tamerbadr.com\/fr\/archives\/%d8%b1%d8%a4%d9%89-2021-%d8%a7%d9%84%d8%a2%d9%86\" rel=\"category tag\">Visions 2021-maintenant<\/a>\t\t\t<\/span>\n\t\t\t\t<span>\n\t\t\t\t\t\t<a href=\"https:\/\/tamerbadr.com\/fr\/archives\/39621#respond\">aucun commentaire<\/a>\n\t\t<\/span>\n\t<\/div>\n<\/div>\n\n<div class=\"um-item\">\n\t<div class=\"um-item-link\">\n\t\t<i class=\"um-icon-ios-paper\"><\/i>\n\t\t<a href=\"https:\/\/tamerbadr.com\/fr\/archives\/36924\">Statistiques de trafic pour tamerbadr.com \u00e0 propos de l'islam<\/a>\n\t<\/div>\n\n\t\t\t<div class=\"um-item-img\">\n\t\t\t<a href=\"https:\/\/tamerbadr.com\/fr\/archives\/36924\">\n\t\t\t\t<img decoding=\"async\" width=\"300\" height=\"196\" src=\"https:\/\/tamerbadr.com\/wp-content\/uploads\/2025\/07\/ScreenShot001.jpg\" class=\"attachment-medium size-medium wp-post-image\" alt=\"\" \/>\t\t\t<\/a>\n\t\t<\/div>\n\t\t\n\t<div class=\"um-item-meta\">\n\t\t\t\t\t<span>\n\t\t\t\tIl y a 10 mois\t\t\t<\/span>\n\t\t\t\t\t\t\t<span>\n\t\t\t\tdans: <a href=\"https:\/\/tamerbadr.com\/fr\/archives\/%d8%a7%d9%84%d8%ad%d9%8a%d8%a7%d8%a9\" rel=\"category tag\">La vie<\/a>\t\t\t<\/span>\n\t\t\t\t<span>\n\t\t\t\t\t\t<a href=\"https:\/\/tamerbadr.com\/fr\/archives\/36924#respond\">aucun commentaire<\/a>\n\t\t<\/span>\n\t<\/div>\n<\/div>\n\n<div class=\"um-item\">\n\t<div class=\"um-item-link\">\n\t\t<i class=\"um-icon-ios-paper\"><\/i>\n\t\t<a href=\"https:\/\/tamerbadr.com\/fr\/archives\/36894\">Signification du nom Tamer<\/a>\n\t<\/div>\n\n\t\t\t<div class=\"um-item-img\">\n\t\t\t<a href=\"https:\/\/tamerbadr.com\/fr\/archives\/36894\">\n\t\t\t\t<img loading=\"lazy\" decoding=\"async\" width=\"300\" height=\"106\" src=\"https:\/\/tamerbadr.com\/wp-content\/uploads\/2025\/07\/4566.jpg\" class=\"attachment-medium size-medium wp-post-image\" alt=\"\" \/>\t\t\t<\/a>\n\t\t<\/div>\n\t\t\n\t<div class=\"um-item-meta\">\n\t\t\t\t\t<span>\n\t\t\t\tIl y a 10 mois\t\t\t<\/span>\n\t\t\t\t\t\t\t<span>\n\t\t\t\tdans: <a href=\"https:\/\/tamerbadr.com\/fr\/archives\/%d8%b4%d8%ae%d8%b5%d9%8a\" rel=\"category tag\">Personnel<\/a>\t\t\t<\/span>\n\t\t\t\t<span>\n\t\t\t\t\t\t<a href=\"https:\/\/tamerbadr.com\/fr\/archives\/36894#respond\">aucun commentaire<\/a>\n\t\t<\/span>\n\t<\/div>\n<\/div>\n\n<div class=\"um-item\">\n\t<div class=\"um-item-link\">\n\t\t<i class=\"um-icon-ios-paper\"><\/i>\n\t\t<a href=\"https:\/\/tamerbadr.com\/fr\/archives\/36729\">Vision de mes fun\u00e9railles le 19 juin 2025<\/a>\n\t<\/div>\n\n\t\t\t<div class=\"um-item-img\">\n\t\t\t<a href=\"https:\/\/tamerbadr.com\/fr\/archives\/36729\">\n\t\t\t\t<img loading=\"lazy\" decoding=\"async\" width=\"300\" height=\"200\" src=\"https:\/\/tamerbadr.com\/wp-content\/uploads\/2025\/06\/1-1-3.jpg\" class=\"attachment-medium size-medium wp-post-image\" alt=\"\" \/>\t\t\t<\/a>\n\t\t<\/div>\n\t\t\n\t<div class=\"um-item-meta\">\n\t\t\t\t\t<span>\n\t\t\t\tIl y a 11 mois\t\t\t<\/span>\n\t\t\t\t\t\t\t<span>\n\t\t\t\tdans: <a href=\"https:\/\/tamerbadr.com\/fr\/archives\/%d8%b1%d8%a4%d9%89-2021-%d8%a7%d9%84%d8%a2%d9%86\" rel=\"category tag\">Visions 2021-maintenant<\/a>\t\t\t<\/span>\n\t\t\t\t<span>\n\t\t\t\t\t\t<a href=\"https:\/\/tamerbadr.com\/fr\/archives\/36729#respond\">aucun commentaire<\/a>\n\t\t<\/span>\n\t<\/div>\n<\/div>\n\n<div class=\"um-item\">\n\t<div class=\"um-item-link\">\n\t\t<i class=\"um-icon-ios-paper\"><\/i>\n\t\t<a href=\"https:\/\/tamerbadr.com\/fr\/archives\/36658\">Attention, ce sera le tour de l'\u00c9gypte lorsqu'ils en auront fini avec l'Iran, que cela nous plaise ou non.<\/a>\n\t<\/div>\n\n\t\t\t<div class=\"um-item-img\">\n\t\t\t<a href=\"https:\/\/tamerbadr.com\/fr\/archives\/36658\">\n\t\t\t\t<img loading=\"lazy\" decoding=\"async\" width=\"300\" height=\"169\" src=\"https:\/\/tamerbadr.com\/wp-content\/uploads\/2025\/06\/65.webp\" class=\"attachment-medium size-medium wp-post-image\" alt=\"\" \/>\t\t\t<\/a>\n\t\t<\/div>\n\t\t\n\t<div class=\"um-item-meta\">\n\t\t\t\t\t<span>\n\t\t\t\tIl y a 11 mois\t\t\t<\/span>\n\t\t\t\t\t\t\t<span>\n\t\t\t\tdans: <a href=\"https:\/\/tamerbadr.com\/fr\/archives\/%d8%a7%d9%84%d8%ad%d9%8a%d8%a7%d8%a9\" rel=\"category tag\">La vie<\/a>\t\t\t<\/span>\n\t\t\t\t<span>\n\t\t\t\t\t\t<a href=\"https:\/\/tamerbadr.com\/fr\/archives\/36658#respond\">aucun commentaire<\/a>\n\t\t<\/span>\n\t<\/div>\n<\/div>\n\n<div class=\"um-item\">\n\t<div class=\"um-item-link\">\n\t\t<i class=\"um-icon-ios-paper\"><\/i>\n\t\t<a href=\"https:\/\/tamerbadr.com\/fr\/archives\/27026\">Islam et terrorisme<\/a>\n\t<\/div>\n\n\t\t\t<div class=\"um-item-img\">\n\t\t\t<a href=\"https:\/\/tamerbadr.com\/fr\/archives\/27026\">\n\t\t\t\t<img loading=\"lazy\" decoding=\"async\" width=\"300\" height=\"128\" src=\"https:\/\/tamerbadr.com\/wp-content\/uploads\/2025\/04\/2344.jpg\" class=\"attachment-medium size-medium wp-post-image\" alt=\"\" \/>\t\t\t<\/a>\n\t\t<\/div>\n\t\t\n\t<div class=\"um-item-meta\">\n\t\t\t\t\t<span>\n\t\t\t\tIl y a 1 an\t\t\t<\/span>\n\t\t\t\t\t\t\t<span>\n\t\t\t\tdans: <a href=\"https:\/\/tamerbadr.com\/fr\/archives\/%d8%a7%d9%84%d8%a5%d8%b3%d9%84%d8%a7%d9%85\" rel=\"category tag\">L'Islam<\/a>\t\t\t<\/span>\n\t\t\t\t<span>\n\t\t\t\t\t\t<a href=\"https:\/\/tamerbadr.com\/fr\/archives\/27026#comments\">1 commentaire<\/a>\n\t\t<\/span>\n\t<\/div>\n<\/div>\n\n<div class=\"um-item\">\n\t<div class=\"um-item-link\">\n\t\t<i class=\"um-icon-ios-paper\"><\/i>\n\t\t<a href=\"https:\/\/tamerbadr.com\/fr\/archives\/27021\">Il est clair que Trump a la m\u00eame mentalit\u00e9 que ses anc\u00eatres en ce qui concerne l'extermination ou le d\u00e9placement de la population am\u00e9rindienne indig\u00e8ne et qu'il traite les Palestiniens avec la m\u00eame mentalit\u00e9.<\/a>\n\t<\/div>\n\n\t\t\t<div class=\"um-item-img\">\n\t\t\t<a href=\"https:\/\/tamerbadr.com\/fr\/archives\/27021\">\n\t\t\t\t<img loading=\"lazy\" decoding=\"async\" width=\"260\" height=\"264\" src=\"https:\/\/tamerbadr.com\/wp-content\/uploads\/2025\/04\/15122.jpg\" class=\"attachment-medium size-medium wp-post-image\" alt=\"\" \/>\t\t\t<\/a>\n\t\t<\/div>\n\t\t\n\t<div class=\"um-item-meta\">\n\t\t\t\t\t<span>\n\t\t\t\tIl y a 1 an\t\t\t<\/span>\n\t\t\t\t\t\t\t<span>\n\t\t\t\tdans: <a href=\"https:\/\/tamerbadr.com\/fr\/archives\/%d8%a7%d9%84%d8%ac%d9%87%d8%a7%d8%af\" rel=\"category tag\">Jihad<\/a>, <a href=\"https:\/\/tamerbadr.com\/fr\/archives\/%d8%a7%d9%84%d8%ad%d9%8a%d8%a7%d8%a9\" rel=\"category tag\">La vie<\/a>\t\t\t<\/span>\n\t\t\t\t<span>\n\t\t\t\t\t\t<a href=\"https:\/\/tamerbadr.com\/fr\/archives\/27021#comments\">1 commentaire<\/a>\n\t\t<\/span>\n\t<\/div>\n<\/div>\n\n<div class=\"um-item\">\n\t<div class=\"um-item-link\">\n\t\t<i class=\"um-icon-ios-paper\"><\/i>\n\t\t<a href=\"https:\/\/tamerbadr.com\/fr\/archives\/27018\">F\u00e9licitations au peuple syrien fr\u00e8re, terre de la prochaine grande \u00e9pop\u00e9e.<\/a>\n\t<\/div>\n\n\t\t\t<div class=\"um-item-img\">\n\t\t\t<a href=\"https:\/\/tamerbadr.com\/fr\/archives\/27018\">\n\t\t\t\t<img loading=\"lazy\" decoding=\"async\" width=\"300\" height=\"168\" src=\"https:\/\/tamerbadr.com\/wp-content\/uploads\/2025\/04\/32455.jpg\" class=\"attachment-medium size-medium wp-post-image\" alt=\"\" \/>\t\t\t<\/a>\n\t\t<\/div>\n\t\t\n\t<div class=\"um-item-meta\">\n\t\t\t\t\t<span>\n\t\t\t\tIl y a 1 an\t\t\t<\/span>\n\t\t\t\t\t\t\t<span>\n\t\t\t\tdans: <a href=\"https:\/\/tamerbadr.com\/fr\/archives\/%d8%a7%d9%84%d8%ad%d9%8a%d8%a7%d8%a9\" rel=\"category tag\">La vie<\/a>\t\t\t<\/span>\n\t\t\t\t<span>\n\t\t\t\t\t\t<a href=\"https:\/\/tamerbadr.com\/fr\/archives\/27018#comments\">1 commentaire<\/a>\n\t\t<\/span>\n\t<\/div>\n<\/div>\n\n<div class=\"um-item\">\n\t<div class=\"um-item-link\">\n\t\t<i class=\"um-icon-ios-paper\"><\/i>\n\t\t<a href=\"https:\/\/tamerbadr.com\/fr\/archives\/27015\">Ils ont supprim\u00e9 mon compte et rejet\u00e9 ma photo, car ils me consid\u00e8rent comme une personne dangereuse. Dieu nous suffit et Il est le meilleur Ma\u00eetre de nos affaires.<\/a>\n\t<\/div>\n\n\t\t\t<div class=\"um-item-img\">\n\t\t\t<a href=\"https:\/\/tamerbadr.com\/fr\/archives\/27015\">\n\t\t\t\t<img loading=\"lazy\" decoding=\"async\" width=\"199\" height=\"300\" src=\"https:\/\/tamerbadr.com\/wp-content\/uploads\/2025\/04\/6-9.jpg\" class=\"attachment-medium size-medium wp-post-image\" alt=\"\" \/>\t\t\t<\/a>\n\t\t<\/div>\n\t\t\n\t<div class=\"um-item-meta\">\n\t\t\t\t\t<span>\n\t\t\t\tIl y a 1 an\t\t\t<\/span>\n\t\t\t\t\t\t\t<span>\n\t\t\t\tdans: <a href=\"https:\/\/tamerbadr.com\/fr\/archives\/%d8%b4%d8%ae%d8%b5%d9%8a\" rel=\"category tag\">Personnel<\/a>\t\t\t<\/span>\n\t\t\t\t<span>\n\t\t\t\t\t\t<a href=\"https:\/\/tamerbadr.com\/fr\/archives\/27015#comments\">1 commentaire<\/a>\n\t\t<\/span>\n\t<\/div>\n<\/div>\n\t\t\t\t<div class=\"um-load-items\">\n\t\t\t\t\t<a href=\"javascript:void(0);\" class=\"um-ajax-paginate um-button\" data-hook=\"um_load_posts\"\n\t\t\t\t\t   data-author=\"\" data-page=\"1\"\n\t\t\t\t\t   data-pages=\"101\">\n\t\t\t\t\t\tpublications sur le chargeur plus\t\t\t\t\t<\/a>\n\t\t\t\t<\/div>\n\t\t\t\n\t\t<\/div>\n\n\t\t\t\t\t\t<div class=\"clear\"><\/div>\n\t\t\t\t<\/div>\n\t\t\t\t\t<\/div>\n<\/div>\n<style>\n\t\t\t.um-33239.um {\n\t\t\tmax-width: 1000px;\n\t\t}\n\t\t<\/style>\n<style>\n\t\t\t.um-33239.um .um-profile-body {\n\t\t\tmax-width: 600px;\n\t\t}\n\t\t.um-33239.um .um-profile-photo a.um-profile-photo-img {\n\t\twidth: 190px;\n\t\theight: 190px;\n\t}\n\t.um-33239.um .um-profile-photo a.um-profile-photo-img {\n\t\ttop: -105px;\n\t}\n\t\t\t.um-33239.um .um-profile-meta {\n\t\t\tpadding-left: 250px;\n\t\t}\n\t<\/style>","protected":false},"excerpt":{"rendered":"","protected":false},"author":2,"featured_media":0,"parent":0,"menu_order":0,"comment_status":"closed","ping_status":"closed","template":"","meta":{"_seopress_robots_primary_cat":"","_seopress_titles_title":"","_seopress_titles_desc":"","_seopress_robots_index":"","inline_featured_image":false,"_uf_show_specific_survey":0,"_uf_disable_surveys":false,"footnotes":""},"class_list":["post-33241","page","type-page","status-publish"],"_links":{"self":[{"href":"https:\/\/tamerbadr.com\/fr\/wp-json\/wp\/v2\/pages\/33241","targetHints":{"allow":["GET"]}}],"collection":[{"href":"https:\/\/tamerbadr.com\/fr\/wp-json\/wp\/v2\/pages"}],"about":[{"href":"https:\/\/tamerbadr.com\/fr\/wp-json\/wp\/v2\/types\/page"}],"author":[{"embeddable":true,"href":"https:\/\/tamerbadr.com\/fr\/wp-json\/wp\/v2\/users\/2"}],"replies":[{"embeddable":true,"href":"https:\/\/tamerbadr.com\/fr\/wp-json\/wp\/v2\/comments?post=33241"}],"version-history":[{"count":0,"href":"https:\/\/tamerbadr.com\/fr\/wp-json\/wp\/v2\/pages\/33241\/revisions"}],"wp:attachment":[{"href":"https:\/\/tamerbadr.com\/fr\/wp-json\/wp\/v2\/media?parent=33241"}],"curies":[{"name":"wp","href":"https:\/\/api.w.org\/{rel}","templated":true}]}}