{"id":20178,"date":"2025-03-19T18:42:34","date_gmt":"2025-03-19T18:42:34","guid":{"rendered":"https:\/\/white-ant-267257.hostingersite.com\/?page_id=20178"},"modified":"2025-07-30T19:25:45","modified_gmt":"2025-07-30T19:25:45","slug":"privacy-policy","status":"publish","type":"page","link":"https:\/\/tamerbadr.com\/fr\/privacy-policy","title":{"rendered":"Politique de confidentialit\u00e9"},"content":{"rendered":"<div data-elementor-type=\"wp-page\" data-elementor-id=\"20178\" class=\"elementor elementor-20178\" data-elementor-post-type=\"page\">\n\t\t\t\t\t\t<section class=\"elementor-section elementor-top-section elementor-element elementor-element-325f7dc elementor-section-full_width elementor-section-height-default elementor-section-height-default\" data-id=\"325f7dc\" data-element_type=\"section\" data-settings=\"{&quot;background_background&quot;:&quot;classic&quot;}\">\n\t\t\t\t\t\t<div class=\"elementor-container elementor-column-gap-no\">\n\t\t\t\t\t<div class=\"elementor-column elementor-col-100 elementor-top-column elementor-element elementor-element-a5ff8d0\" data-id=\"a5ff8d0\" data-element_type=\"column\">\n\t\t\t<div class=\"elementor-widget-wrap elementor-element-populated\">\n\t\t\t\t\t\t<section class=\"elementor-section elementor-inner-section elementor-element elementor-element-dce55a7 elementor-section-content-middle elementor-section-boxed elementor-section-height-default elementor-section-height-default\" data-id=\"dce55a7\" data-element_type=\"section\" data-settings=\"{&quot;background_background&quot;:&quot;classic&quot;}\">\n\t\t\t\t\t\t<div class=\"elementor-container elementor-column-gap-no\">\n\t\t\t\t\t<div class=\"elementor-column elementor-col-50 elementor-inner-column elementor-element elementor-element-07e74d4\" data-id=\"07e74d4\" data-element_type=\"column\">\n\t\t\t<div class=\"elementor-widget-wrap elementor-element-populated\">\n\t\t\t\t\t\t<div class=\"elementor-element elementor-element-edd75c2 elementor-invisible elementor-widget elementor-widget-heading\" data-id=\"edd75c2\" data-element_type=\"widget\" data-settings=\"{&quot;_animation&quot;:&quot;fadeInLeft&quot;}\" data-widget_type=\"heading.default\">\n\t\t\t\t<div class=\"elementor-widget-container\">\n\t\t\t\t\t<h2 class=\"elementor-heading-title elementor-size-default\">Tamer Badr<\/h2>\t\t\t\t<\/div>\n\t\t\t\t<\/div>\n\t\t\t\t<div class=\"elementor-element elementor-element-3f5a13a elementor-invisible elementor-widget elementor-widget-heading\" data-id=\"3f5a13a\" data-element_type=\"widget\" data-settings=\"{&quot;_animation&quot;:&quot;fadeInRight&quot;}\" data-widget_type=\"heading.default\">\n\t\t\t\t<div class=\"elementor-widget-container\">\n\t\t\t\t\t<h2 class=\"elementor-heading-title elementor-size-default\">Politique de confidentialit\u00e9<\/h2>\t\t\t\t<\/div>\n\t\t\t\t<\/div>\n\t\t\t\t\t<\/div>\n\t\t<\/div>\n\t\t\t\t<div class=\"elementor-column elementor-col-50 elementor-inner-column elementor-element elementor-element-a748cf0\" data-id=\"a748cf0\" data-element_type=\"column\">\n\t\t\t<div class=\"elementor-widget-wrap elementor-element-populated\">\n\t\t\t\t\t\t<div class=\"elementor-element elementor-element-7476b1a elementor-position-left elementor-vertical-align-top elementor-widget elementor-widget-image-box\" data-id=\"7476b1a\" data-element_type=\"widget\" data-widget_type=\"image-box.default\">\n\t\t\t\t<div class=\"elementor-widget-container\">\n\t\t\t\t\t<div class=\"elementor-image-box-wrapper\"><figure class=\"elementor-image-box-img\"><img alt=\"\" decoding=\"async\" width=\"170\" height=\"157\" src=\"https:\/\/tamerbadr.com\/wp-content\/uploads\/2022\/10\/service-1.png\" class=\"elementor-animation-bob attachment-full size-full wp-image-515\" \/><\/figure><\/div>\t\t\t\t<\/div>\n\t\t\t\t<\/div>\n\t\t\t\t\t<\/div>\n\t\t<\/div>\n\t\t\t\t\t<\/div>\n\t\t<\/section>\n\t\t\t\t<div class=\"elementor-element elementor-element-9ae5934 elementor-widget__width-auto elementor-absolute elementor-widget elementor-widget-image\" data-id=\"9ae5934\" data-element_type=\"widget\" data-settings=\"{&quot;_position&quot;:&quot;absolute&quot;}\" data-widget_type=\"image.default\">\n\t\t\t\t<div class=\"elementor-widget-container\">\n\t\t\t\t\t\t\t\t\t\t\t\t\t\t\t<img alt=\"\" fetchpriority=\"high\" decoding=\"async\" width=\"956\" height=\"825\" src=\"https:\/\/tamerbadr.com\/wp-content\/uploads\/2022\/10\/about-dot-vector.png\" class=\"attachment-full size-full wp-image-883\" \/>\t\t\t\t\t\t\t\t\t\t\t\t\t\t\t<\/div>\n\t\t\t\t<\/div>\n\t\t\t\t\t<\/div>\n\t\t<\/div>\n\t\t\t\t\t<\/div>\n\t\t<\/section>\n\t\t\t\t<section class=\"elementor-section elementor-top-section elementor-element elementor-element-b661bd3 elementor-section-full_width elementor-section-height-default elementor-section-height-default\" data-id=\"b661bd3\" data-element_type=\"section\" data-settings=\"{&quot;background_background&quot;:&quot;classic&quot;}\">\n\t\t\t\t\t\t<div class=\"elementor-container elementor-column-gap-no\">\n\t\t\t\t\t<div class=\"elementor-column elementor-col-100 elementor-top-column elementor-element elementor-element-e5c672a\" data-id=\"e5c672a\" data-element_type=\"column\">\n\t\t\t<div class=\"elementor-widget-wrap elementor-element-populated\">\n\t\t\t\t\t\t<div class=\"elementor-element elementor-element-e1053d6 elementor-widget__width-auto elementor-absolute elementor-invisible elementor-widget elementor-widget-image\" data-id=\"e1053d6\" data-element_type=\"widget\" data-settings=\"{&quot;_position&quot;:&quot;absolute&quot;,&quot;_animation&quot;:&quot;fadeInLeft&quot;,&quot;_animation_delay&quot;:200}\" data-widget_type=\"image.default\">\n\t\t\t\t<div class=\"elementor-widget-container\">\n\t\t\t\t\t\t\t\t\t\t\t\t\t\t\t<img alt=\"\" decoding=\"async\" width=\"305\" height=\"227\" src=\"https:\/\/tamerbadr.com\/wp-content\/uploads\/2022\/10\/opening-quote-icon.png\" class=\"attachment-full size-full wp-image-1947\" \/>\t\t\t\t\t\t\t\t\t\t\t\t\t\t\t<\/div>\n\t\t\t\t<\/div>\n\t\t\t\t\t<\/div>\n\t\t<\/div>\n\t\t\t\t\t<\/div>\n\t\t<\/section>\n\t\t<div class=\"elementor-element elementor-element-1a52feb e-flex e-con-boxed e-con e-parent\" data-id=\"1a52feb\" data-element_type=\"container\">\n\t\t\t\t\t<div class=\"e-con-inner\">\n\t\t\t\t<div class=\"elementor-element elementor-element-4b1dd68 elementor-widget elementor-widget-text-editor\" data-id=\"4b1dd68\" data-element_type=\"widget\" data-widget_type=\"text-editor.default\">\n\t\t\t\t<div class=\"elementor-widget-container\">\n\t\t\t\t\t\t\t\t\t<h4>Politique de confidentialit\u00e9 - Tamer Badr (tamerbadr.com)<\/h4><h2>Derni\u00e8re mise \u00e0 jour : (27 mars 2025)<\/h2><h1>Bienvenue sur le site web de Tamer Badr (tamerbadr.com) (le \"Site\", \"nous\", \"notre\" ou \"nos\"). Nous nous engageons \u00e0 prot\u00e9ger votre vie priv\u00e9e et \u00e0 respecter vos donn\u00e9es personnelles. La pr\u00e9sente politique explique comment nous recueillons et utilisons les informations vous concernant lorsque vous naviguez sur notre site web ou achetez des livres \u00e9lectroniques dans notre boutique.<\/h1><p>\u2e3b<\/p><h3>1. Les informations que nous collectons<\/h3><h2>a) Les informations que vous fournissez<\/h2><h1 class=\"translation-block\">Lorsque vous effectuez des achats ou communiquez avec nous, nous pouvons recueillir les informations suivantes:<br>- Nom complet<br>- Adresse \u00e9lectronique<br>- Num\u00e9ro de t\u00e9l\u00e9phone<br>- Donn\u00e9es de paiement (nous ne les stockons pas, elles sont trait\u00e9es par des prestataires de services de paiement s\u00e9curis\u00e9s).<\/h1><h2>b) Informations collect\u00e9es automatiquement<\/h2><h4>Lorsque vous naviguez sur le site, nous pouvons collecter automatiquement certaines informations, telles que<\/h4><h1 class=\"translation-block\">- L'adresse IP de votre appareil<br> - Le type et les param\u00e8tres du navigateur<br> - Les pages que vous visitez sur le site web<br> - L'heure et la date de votre visite<br> - Les cookies et autres technologies de suivi.<\/h1><p>\u2e3b<\/p><h3>2. Comment utiliser les informations<\/h3><h2>Nous utilisons vos donn\u00e9es pour :<\/h2><h1 class=\"translation-block\">- Traiter les commandes et fournir des t\u00e9l\u00e9chargements de livres \u00e9lectroniques.<br>- Am\u00e9liorer l'exp\u00e9rience de l'utilisateur et personnaliser le contenu.<br>- Envoyer des notifications marketing si vous y consentez.<br>- Analyser les performances du site \u00e0 l'aide d'outils tels que Google Analytics.<br>- Se conformer aux lois et prot\u00e9ger nos droits.<\/h1><p>\u2e3b<\/p><h3>3. Politique relative aux boutiques en ligne<\/h3><h2>a) Paiement :<\/h2><h1 class=\"translation-block\">- Le paiement est effectu\u00e9 par Instapay, Visa, Vodafone Cash ou toute autre m\u00e9thode de paiement \u00e9lectronique. <br>- Nous ne conservons pas les donn\u00e9es de paiement, les transactions \u00e9tant g\u00e9r\u00e9es par des prestataires de services de paiement agr\u00e9\u00e9s.<\/h1><h2>b) le remboursement :<\/h2><h1 class=\"translation-block\">- Les livres \u00e9lectroniques ne sont pas remboursables apr\u00e8s l'achat et le t\u00e9l\u00e9chargement. <br>- Si un probl\u00e8me technique vous emp\u00eache de t\u00e9l\u00e9charger le livre, vous pouvez nous contacter pour r\u00e9soudre le probl\u00e8me.<\/h1><h2>c) T\u00e9l\u00e9charger les e-books :<\/h2><h1>- Une fois le paiement effectu\u00e9, l'utilisateur pourra t\u00e9l\u00e9charger le livre directement.<\/h1><h1>- Si vous avez des difficult\u00e9s \u00e0 t\u00e9l\u00e9charger, veuillez nous contacter via la page de contact.<\/h1><p>\u2e3b<\/p><h3>4. Annonces publicitaires et utilisation de Google AdSense<\/h3><h1>Notre site utilise Google AdSense pour diffuser des annonces et Google peut utiliser des cookies pour collecter des donn\u00e9es sur votre interaction avec les annonces. Vous pouvez d\u00e9sactiver les annonces personnalis\u00e9es en consultant vos param\u00e8tres Google Ads. Pour plus d'informations, consultez la politique de confidentialit\u00e9 de Google.<\/h1><p>\u2e3b<\/p><h3>5. Partage des donn\u00e9es avec des tiers<\/h3><h2>Nous ne vendons ni ne partageons vos donn\u00e9es personnelles, sauf :<\/h2><h1>- Prestataires de services de paiement : Pour traiter les commandes.<\/h1><h1>- Pour se conformer \u00e0 la loi : Lorsque cela est n\u00e9cessaire pour prot\u00e9ger nos droits ou se conformer \u00e0 la loi.<\/h1><p>\u2e3b<\/p><h3>6. Cookies et technologies de suivi<\/h3><h1>Nous utilisons des cookies pour optimiser votre exp\u00e9rience d'utilisateur et vous pouvez les contr\u00f4ler via les param\u00e8tres de votre navigateur.<\/h1><p>\u2e3b<\/p><h3>7. S\u00e9curit\u00e9 de l'information<\/h3><h1>Nous prenons des mesures de s\u00e9curit\u00e9 pour prot\u00e9ger vos donn\u00e9es, mais nous ne pouvons pas garantir une s\u00e9curit\u00e9 absolue en ligne.<\/h1><p>\u2e3b<\/p><h3>8. Vos droits<\/h3><h1>Vous pouvez \u00e0 tout moment demander la mise \u00e0 jour ou la suppression de vos donn\u00e9es ou vous d\u00e9sinscrire des messages marketing en nous contactant.<\/h1><p>\u2e3b<\/p><h3>9. Amendements \u00e0 la politique<\/h3><h1>Nous pouvons mettre \u00e0 jour la pr\u00e9sente politique de confidentialit\u00e9 et toute modification sera publi\u00e9e sur cette page.<\/h1><p>\u2e3b<\/p><h3>10. Comment nous contacter<\/h3><h1><img decoding=\"async\" class=\"emoji\" role=\"img\" draggable=\"false\" src=\"https:\/\/s.w.org\/images\/core\/emoji\/15.0.3\/svg\/1f4e7.svg\" alt=\"\ud83d\udce7\" \/> info@tamerbadr.com<\/h1><h5><img decoding=\"async\" class=\"emoji\" role=\"img\" draggable=\"false\" src=\"https:\/\/s.w.org\/images\/core\/emoji\/15.0.3\/svg\/1f310.svg\" alt=\"\ud83c\udf10\" \/> <a href=\"https:\/\/tamerbadr.com\/fr\/contact-us\/\">tamerbadr.com\/contact<\/a><\/h5><p>\u2e3b<\/p>\t\t\t\t\t\t\t\t<\/div>\n\t\t\t\t<\/div>\n\t\t\t\t\t<\/div>\n\t\t\t\t<\/div>\n\t\t\t\t<section class=\"elementor-section elementor-top-section elementor-element elementor-element-8cea59d elementor-section-full_width elementor-section-height-default elementor-section-height-default elementor-invisible\" data-id=\"8cea59d\" data-element_type=\"section\" data-settings=\"{&quot;animation&quot;:&quot;fadeInUp&quot;}\">\n\t\t\t\t\t\t<div class=\"elementor-container elementor-column-gap-no\">\n\t\t\t\t\t<div class=\"elementor-column elementor-col-100 elementor-top-column elementor-element elementor-element-1914be3\" data-id=\"1914be3\" data-element_type=\"column\" data-settings=\"{&quot;background_background&quot;:&quot;classic&quot;}\">\n\t\t\t<div class=\"elementor-widget-wrap elementor-element-populated\">\n\t\t\t\t\t\t<div class=\"elementor-element elementor-element-e88d76f elementor-widget__width-auto elementor-absolute elementor-invisible elementor-widget elementor-widget-image\" data-id=\"e88d76f\" data-element_type=\"widget\" data-settings=\"{&quot;_position&quot;:&quot;absolute&quot;,&quot;_animation&quot;:&quot;fadeInLeft&quot;,&quot;_animation_delay&quot;:200}\" data-widget_type=\"image.default\">\n\t\t\t\t<div class=\"elementor-widget-container\">\n\t\t\t\t\t\t\t\t\t\t\t\t\t\t\t<img alt=\"\" decoding=\"async\" width=\"305\" height=\"227\" src=\"https:\/\/tamerbadr.com\/wp-content\/uploads\/2022\/10\/opening-quote-icon.png\" class=\"attachment-full size-full wp-image-1947\" \/>\t\t\t\t\t\t\t\t\t\t\t\t\t\t\t<\/div>\n\t\t\t\t<\/div>\n\t\t\t\t\t<\/div>\n\t\t<\/div>\n\t\t\t\t\t<\/div>\n\t\t<\/section>\n\t\t\t\t<\/div>","protected":false},"excerpt":{"rendered":"<p>\u062a\u0627\u0645\u0631 \u0628\u062f\u0631 \u0633\u064a\u0627\u0633\u0629 \u0627\u0644\u062e\u0635\u0648\u0635\u064a\u0629 \u0633\u064a\u0627\u0633\u0629 \u0627\u0644\u062e\u0635\u0648\u0635\u064a\u0629 \u2013 \u062a\u0627\u0645\u0631 \u0628\u062f\u0631 (tamerbadr.com) \u0622\u062e\u0631 \u062a\u062d\u062f\u064a\u062b: (27 \u0645\u0627\u0631\u0633 2025) \u0645\u0631\u062d\u0628\u064b\u0627 \u0628\u0643 \u0641\u064a \u0645\u0648\u0642\u0639 \u062a\u0627\u0645\u0631 \u0628\u062f\u0631 (tamerbadr.com) (\u201c\u0627\u0644\u0645\u0648\u0642\u0639\u201d\u060c \u201c\u0646\u062d\u0646\u201d\u060c \u201c\u0644\u0646\u0627\u201d \u0623\u0648 \u201c\u062e\u0627\u0635\u062a\u0646\u0627\u201d). \u0646\u062d\u0646 \u0646\u0644\u062a\u0632\u0645 \u0628\u062d\u0645\u0627\u064a\u0629 \u062e\u0635\u0648\u0635\u064a\u062a\u0643 \u0648\u0627\u062d\u062a\u0631\u0627\u0645 \u0628\u064a\u0627\u0646\u0627\u062a\u0643 \u0627\u0644\u0634\u062e\u0635\u064a\u0629. \u062a\u0648\u0636\u062d \u0647\u0630\u0647 \u0627\u0644\u0633\u064a\u0627\u0633\u0629 \u0643\u064a\u0641\u064a\u0629 \u062c\u0645\u0639 \u0645\u0639\u0644\u0648\u0645\u0627\u062a\u0643 \u0648\u0627\u0633\u062a\u062e\u062f\u0627\u0645\u0647\u0627 \u0639\u0646\u062f \u062a\u0635\u0641\u062d \u0645\u0648\u0642\u0639\u0646\u0627 \u0623\u0648 \u0634\u0631\u0627\u0621 \u0627\u0644\u0643\u062a\u0628 \u0627\u0644\u0625\u0644\u0643\u062a\u0631\u0648\u0646\u064a\u0629 \u0645\u0646 \u0645\u062a\u062c\u0631\u0646\u0627. \u2e3b 1. \u0627\u0644\u0645\u0639\u0644\u0648\u0645\u0627\u062a \u0627\u0644\u062a\u064a \u0646\u062c\u0645\u0639\u0647\u0627 [&hellip;]<\/p>","protected":false},"author":1,"featured_media":4468,"parent":0,"menu_order":0,"comment_status":"closed","ping_status":"closed","template":"elementor_header_footer","meta":{"_seopress_robots_primary_cat":"","_seopress_titles_title":"","_seopress_titles_desc":"","_seopress_robots_index":"","inline_featured_image":false,"_uf_show_specific_survey":0,"_uf_disable_surveys":false,"footnotes":""},"class_list":["post-20178","page","type-page","status-publish","has-post-thumbnail"],"_links":{"self":[{"href":"https:\/\/tamerbadr.com\/fr\/wp-json\/wp\/v2\/pages\/20178","targetHints":{"allow":["GET"]}}],"collection":[{"href":"https:\/\/tamerbadr.com\/fr\/wp-json\/wp\/v2\/pages"}],"about":[{"href":"https:\/\/tamerbadr.com\/fr\/wp-json\/wp\/v2\/types\/page"}],"author":[{"embeddable":true,"href":"https:\/\/tamerbadr.com\/fr\/wp-json\/wp\/v2\/users\/1"}],"replies":[{"embeddable":true,"href":"https:\/\/tamerbadr.com\/fr\/wp-json\/wp\/v2\/comments?post=20178"}],"version-history":[{"count":0,"href":"https:\/\/tamerbadr.com\/fr\/wp-json\/wp\/v2\/pages\/20178\/revisions"}],"wp:featuredmedia":[{"embeddable":true,"href":"https:\/\/tamerbadr.com\/fr\/wp-json\/wp\/v2\/media\/4468"}],"wp:attachment":[{"href":"https:\/\/tamerbadr.com\/fr\/wp-json\/wp\/v2\/media?parent=20178"}],"curies":[{"name":"wp","href":"https:\/\/api.w.org\/{rel}","templated":true}]}}