{"id":20137,"date":"2025-03-19T15:40:18","date_gmt":"2025-03-19T15:40:18","guid":{"rendered":"https:\/\/white-ant-267257.hostingersite.com\/?page_id=20137"},"modified":"2025-04-06T08:18:15","modified_gmt":"2025-04-06T08:18:15","slug":"the-book-of-the-virtue-of-patience-in-the-face-of-adversity","status":"publish","type":"page","link":"https:\/\/tamerbadr.com\/fr\/the-book-of-the-virtue-of-patience-in-the-face-of-adversity","title":{"rendered":"Les vertus de la patience face \u00e0 l'adversit\u00e9"},"content":{"rendered":"<div data-elementor-type=\"wp-page\" data-elementor-id=\"20137\" class=\"elementor elementor-20137\" data-elementor-post-type=\"page\">\n\t\t\t\t<div class=\"elementor-element elementor-element-c8c7aab e-flex e-con-boxed e-con e-parent\" data-id=\"c8c7aab\" data-element_type=\"container\">\n\t\t\t\t\t<div class=\"e-con-inner\">\n\t\t<div class=\"elementor-element elementor-element-6483b1a e-con-full e-flex e-con e-child\" data-id=\"6483b1a\" data-element_type=\"container\">\n\t\t\t\t<div class=\"elementor-element elementor-element-6058eb2 elementor-widget elementor-widget-wc-elements\" data-id=\"6058eb2\" data-element_type=\"widget\" data-widget_type=\"wc-elements.default\">\n\t\t\t\t<div class=\"elementor-widget-container\">\n\t\t\t\t\t<div class=\"woocommerce\">\t\t\t<div class=\"single-product\" data-product-page-preselected-id=\"0\">\n\t\t\t\t<div class=\"woocommerce-notices-wrapper\"><\/div><div id=\"product-19573\" class=\"product type-product post-19573 status-publish first instock product_cat-191 has-post-thumbnail downloadable shipping-taxable purchasable product-type-simple\">\n\n\t<div class=\"woocommerce-product-gallery woocommerce-product-gallery--with-images woocommerce-product-gallery--columns-4 images\" data-columns=\"4\" style=\"opacity: 0; transition: opacity .25s ease-in-out;\">\n\t<div class=\"woocommerce-product-gallery__wrapper\">\n\t\t<div data-thumb=\"https:\/\/tamerbadr.com\/wp-content\/uploads\/2025\/03\/\u0641\u0636\u0644-\u0627\u0644\u0635\u0628\u0631-\u0639\u0644\u0649-\u0627\u0644\u0628\u0644\u0627\u0621.jpg\" data-thumb-alt=\"\u0643\u062a\u0627\u0628 \u0641\u0636\u0644 \u0627\u0644\u0635\u0628\u0631 \u0639\u0644\u064a \u0627\u0644\u0628\u0644\u0627\u0621\" data-thumb-srcset=\"\"  data-thumb-sizes=\"(max-width: 71px) 100vw, 71px\" class=\"woocommerce-product-gallery__image\"><a href=\"https:\/\/tamerbadr.com\/wp-content\/uploads\/2025\/03\/\u0641\u0636\u0644-\u0627\u0644\u0635\u0628\u0631-\u0639\u0644\u0649-\u0627\u0644\u0628\u0644\u0627\u0621.jpg\"><img fetchpriority=\"high\" decoding=\"async\" width=\"480\" height=\"676\" src=\"https:\/\/tamerbadr.com\/wp-content\/uploads\/2025\/03\/\u0641\u0636\u0644-\u0627\u0644\u0635\u0628\u0631-\u0639\u0644\u0649-\u0627\u0644\u0628\u0644\u0627\u0621.jpg\" class=\"wp-post-image\" alt=\"Les vertus de la patience face \u00e0 l&#039;adversit\u00e9\" data-caption=\"\" data-src=\"https:\/\/tamerbadr.com\/wp-content\/uploads\/2025\/03\/\u0641\u0636\u0644-\u0627\u0644\u0635\u0628\u0631-\u0639\u0644\u0649-\u0627\u0644\u0628\u0644\u0627\u0621.jpg\" data-large_image=\"https:\/\/tamerbadr.com\/wp-content\/uploads\/2025\/03\/\u0641\u0636\u0644-\u0627\u0644\u0635\u0628\u0631-\u0639\u0644\u0649-\u0627\u0644\u0628\u0644\u0627\u0621.jpg\" data-large_image_width=\"480\" data-large_image_height=\"676\" \/><\/a><\/div><div data-thumb=\"https:\/\/tamerbadr.com\/wp-content\/uploads\/2025\/03\/\u0645\u0624\u0644\u0641\u0627\u062a-\u062a\u0627\u0645\u0631-\u0628\u062f\u0631-1-6.jpg\" data-thumb-alt=\"\u0643\u062a\u0627\u0628 \u0641\u0636\u0644 \u0627\u0644\u0635\u0628\u0631 \u0639\u0644\u064a \u0627\u0644\u0628\u0644\u0627\u0621 \u2013 Image 2\" data-thumb-srcset=\"\"  data-thumb-sizes=\"(max-width: 92px) 100vw, 92px\" class=\"woocommerce-product-gallery__image\" data-no-translation-data-thumb-alt=\"\"><a href=\"https:\/\/tamerbadr.com\/wp-content\/uploads\/2025\/03\/\u0645\u0624\u0644\u0641\u0627\u062a-\u062a\u0627\u0645\u0631-\u0628\u062f\u0631-1-6.jpg\"><img decoding=\"async\" width=\"389\" height=\"422\" src=\"https:\/\/tamerbadr.com\/wp-content\/uploads\/2025\/03\/\u0645\u0624\u0644\u0641\u0627\u062a-\u062a\u0627\u0645\u0631-\u0628\u062f\u0631-1-6.jpg\" class=\"\" alt=\"\u0643\u062a\u0627\u0628 \u0641\u0636\u0644 \u0627\u0644\u0635\u0628\u0631 \u0639\u0644\u064a \u0627\u0644\u0628\u0644\u0627\u0621 \u2013 Image 2\" data-caption=\"CREATOR: gd-jpeg v1.0 (using IJG JPEG v62), quality = 90\" data-src=\"https:\/\/tamerbadr.com\/wp-content\/uploads\/2025\/03\/\u0645\u0624\u0644\u0641\u0627\u062a-\u062a\u0627\u0645\u0631-\u0628\u062f\u0631-1-6.jpg\" data-large_image=\"https:\/\/tamerbadr.com\/wp-content\/uploads\/2025\/03\/\u0645\u0624\u0644\u0641\u0627\u062a-\u062a\u0627\u0645\u0631-\u0628\u062f\u0631-1-6.jpg\" data-large_image_width=\"389\" data-large_image_height=\"422\" data-no-translation-alt=\"\" \/><\/a><\/div>\t<\/div>\n<\/div>\n\n\t<div class=\"summary entry-summary\">\n\t\t<h1 class=\"product_title entry-title\">Les vertus de la patience face \u00e0 l'adversit\u00e9<\/h1><p class=\"price\"><span class=\"woocommerce-Price-amount amount\"><bdi><span class=\"woocommerce-Price-currencySymbol\">EGP<\/span>40.00<\/bdi><\/span><\/p>\n\n\t\n\t<form class=\"cart\" action=\"\" method=\"post\" enctype='multipart\/form-data' data-trp-original-action=\"\">\n\t\t\n\t\t<div class=\"quantity\">\n\t\t<label class=\"screen-reader-text\" for=\"quantity_69fef9594c192\" data-no-translation=\"\" data-trp-gettext=\"\">quantit\u00e9 de \u0643\u062a\u0627\u0628 \u0641\u0636\u0644 \u0627\u0644\u0635\u0628\u0631 \u0639\u0644\u064a \u0627\u0644\u0628\u0644\u0627\u0621<\/label>\n\t<input\n\t\ttype=\"number\"\n\t\t\t\tid=\"quantity_69fef9594c192\"\n\t\tclass=\"input-text qty text\"\n\t\tname=\"quantity\"\n\t\tvalue=\"1\"\n\t\taria-label=\"Quantit\u00e9 de produits\"\n\t\t\t\tmin=\"1\"\n\t\t\t\t\t\t\tstep=\"1\"\n\t\t\tplaceholder=\"\"\n\t\t\tinputmode=\"numeric\"\n\t\t\tautocomplete=\"off\" data-no-translation-aria-label=\"\"\n\t\t\t\/>\n\t<\/div>\n\n\t\t<button type=\"submit\" name=\"add-to-cart\" value=\"19573\" class=\"single_add_to_cart_button button alt\" data-no-translation=\"\" data-trp-gettext=\"\">Ajouter au panier<\/button>\n\n\t\t\n        <script>\n            document.addEventListener('DOMContentLoaded', function(){\n                document.addEventListener('click', function(event){\n                    if(!event.target.matches('.single_add_to_cart_button')){\n                        return;\n                    }\n\n                    const quantity = document.querySelector('input.qty').value || '1';\n                    const formProductVariation = document.querySelector('form[data-product_variations]')\n                    const variationItem = document.querySelector('.variation_id')\n\n                    let price = 40\n                    if(formProductVariation && variationItem){\n                        try{\n                            const variations = JSON.parse(formProductVariation.dataset.product_variations)\n                            const variationId = variationItem.value\n                            for(const variation of variations){\n                                if(variation.variation_id == Number(variationId)){\n                                    price = variation.display_price\n                                }\n                            }\n                        }\n                        catch{\n                        }\n                    }\n\n                    gtag('event', 'add_to_cart', {\n                        'items': [ {\n                            'item_id':'19573',\n                            'item_name': '\u0643\u062a\u0627\u0628 \u0641\u0636\u0644 \u0627\u0644\u0635\u0628\u0631 \u0639\u0644\u064a \u0627\u0644\u0628\u0644\u0627\u0621',\n                            'list_name': '\u0643\u062a\u0627\u0628 \u0641\u0636\u0644 \u0627\u0644\u0635\u0628\u0631 \u0639\u0644\u064a \u0627\u0644\u0628\u0644\u0627\u0621',\n                            'quantity': quantity,\n                            'price': price,\n                            \"item_category\":\"\u062f\u064a\u0646 \u0625\u0633\u0644\u0627\u0645\u064a\"\n                        }]\n                    });\n                })\n            });\n        <\/script>\n        \t<input type=\"hidden\" name=\"trp-form-language\" value=\"fr\"\/><\/form>\n\n\t\n<div class=\"product_meta\">\n\n\t\n\t\n\t<span class=\"posted_in\">Cat\u00e9gorie\u00a0: <a href=\"https:\/\/tamerbadr.com\/fr\/categorie-produit\/%d8%af%d9%8a%d9%86-%d8%a5%d8%b3%d9%84%d8%a7%d9%85%d9%8a\" rel=\"tag\">Religion islamique<\/a><\/span>\n\t\n\t\n<\/div>\n\t<\/div>\n\n\t\n\t<div class=\"woocommerce-tabs wc-tabs-wrapper\">\n\t\t<ul class=\"tabs wc-tabs\" role=\"tablist\">\n\t\t\t\t\t\t\t<li role=\"presentation\" class=\"description_tab\" id=\"tab-title-description\">\n\t\t\t\t\t<a href=\"#tab-description\" role=\"tab\" aria-controls=\"tab-description\">\n\t\t\t\t\t\tDescription\t\t\t\t\t<\/a>\n\t\t\t\t<\/li>\n\t\t\t\t\t\t\t<li role=\"presentation\" class=\"reviews_tab\" id=\"tab-title-reviews\">\n\t\t\t\t\t<a href=\"#tab-reviews\" role=\"tab\" aria-controls=\"tab-reviews\">\n\t\t\t\t\t\tAvis (0)\t\t\t\t\t<\/a>\n\t\t\t\t<\/li>\n\t\t\t\t\t<\/ul>\n\t\t\t\t\t<div class=\"woocommerce-Tabs-panel woocommerce-Tabs-panel--description panel entry-content wc-tab\" id=\"tab-description\" role=\"tabpanel\" aria-labelledby=\"tab-title-description\">\n\t\t\t\t\n\t<h2 data-no-translation=\"\" data-trp-gettext=\"\">Description<\/h2>\n\n<h1 style=\"text-align: center;\"><strong>Introduction du Cheikh Mohammed Hassan au livre La vertu de la patience<\/strong><\/h1>\n<h1 style=\"text-align: center;\">Alhamdulillah, que la paix et les b\u00e9n\u00e9dictions soient sur le Messager d'Allah, qu'Allah le b\u00e9nisse et lui accorde la paix.<\/h1>\n<h1 style=\"text-align: center;\">Dieu a fait de la patience une arm\u00e9e inarr\u00eatable, une arm\u00e9e invincible et une forteresse qui ne peut \u00eatre d\u00e9truite. Il a dit que ceux qui sont patients sont en compagnie d'Allah et qu'Il les aime, et quelle dignit\u00e9 !<\/h1>\n<h1 style=\"text-align: center;\">Le Tout-Puissant a dit : Allah est avec le patient [Al-Baqarah : 153].<\/h1>\n<h1 style=\"text-align: center;\">Et Allah aime les patients [Al-Imran : 146].<\/h1>\n<h1 style=\"text-align: center;\">Il a subordonn\u00e9 la direction de la religion \u00e0 la patience et \u00e0 la certitude : \"Et Nous avons fait parmi eux des imams qui guidaient par Notre ordre lorsqu'ils \u00e9taient patients et avaient foi en Nos r\u00e9v\u00e9lations\" [Al-Sajdah : 24].<\/h1>\n<h1 style=\"text-align: center;\">Il rassembla pour les patients ces bonnes nouvelles qu'il n'avait pas rassembl\u00e9es pour les autres, en disant : \"Nous vous \u00e9prouverons par des choses de peur et de faim, et par une p\u00e9nurie de biens, de vies et de fruits : Et Nous vous \u00e9prouverons par la peur, la faim, la p\u00e9nurie de biens, de vies et de fruits, et une bonne nouvelle pour les patients (155) Ceux qui, lorsqu'un malheur les atteint, disent : \"Nous sommes Allah, et c'est vers Lui que nous retournerons (156) Ceux-l\u00e0 sont les invocateurs de leur Seigneur et les mis\u00e9ricordieux, et ceux-l\u00e0 sont les bien-guid\u00e9s (157)\" [Al-Baqarah].<\/h1>\n<h1 style=\"text-align: center;\">Il a ensuite expliqu\u00e9 l'honneur des personnes patientes au Paradis, avec les anges entrant au Paradis pour les saluer et les accueillir, en disant : Les anges entreront sur eux par toutes les portes (23) La paix soit sur vous pour votre patience, car il y a une bonne r\u00e9compense pour ceux qui sont patients (24) [Al-Ra'd].<\/h1>\n<h1 style=\"text-align: center;\">Il a r\u00e9sum\u00e9 leur faveur et leur r\u00e9compense illimit\u00e9es en disant : \"Ceux qui sont patients recevront leur r\u00e9compense sans compter\" [Al-Zamar : 10] : Ceux qui sont patients recevront leur r\u00e9compense sans compter [Al-Zamar : 10].<\/h1>\n<h1 style=\"text-align: center;\">Oui, la patience, comme son nom l'indique, a un go\u00fbt amer, mais ses cons\u00e9quences sont plus douces que le miel.<\/h1>\n<h1 style=\"text-align: center;\">Qu'est-ce que la patience ?<\/h1>\n<h1 style=\"text-align: center;\">La patience dans le langage : C'est la pr\u00e9vention et l'enfermement.<\/h1>\n<h1 style=\"text-align: center;\">La patience est un terme juridique : Elle consiste \u00e0 emp\u00eacher l'\u00e2me de paniquer, la langue de se plaindre et les membres de p\u00e9cher.<\/h1>\n<h1 style=\"text-align: center;\">* Il est divis\u00e9 en trois sections :<\/h1>\n<h1 style=\"text-align: center;\">- La patience pour ce qui est ordonn\u00e9. C'est-\u00e0-dire la patience dans l'ob\u00e9issance.<\/h1>\n<h1 style=\"text-align: center;\">- La patience de l'interdit. C'est-\u00e0-dire la patience contre le p\u00e9ch\u00e9.<\/h1>\n<h1 style=\"text-align: center;\">- La patience \u00e0 l'\u00e9gard de ce qui est pr\u00e9vu. C'est-\u00e0-dire la patience \u00e0 l'\u00e9gard des calamit\u00e9s et des \u00e9preuves qu'Allah a d\u00e9cr\u00e9t\u00e9es pour l'esclave.<\/h1>\n<h1 style=\"text-align: center;\">La belle patience est celle qui cherche le visage de Dieu, non par peur des gens pour qu'ils ne disent pas \"j'ai peur\", ni pour s'embellir par amour des gens pour qu'ils disent \"je suis patient\", mais elle est patiente en croyant au bon et au mauvais destin de Dieu, en transcendant la douleur et en s'\u00e9levant au-dessus de la plainte.<\/h1>\n<h1 style=\"text-align: center;\">Il existe deux types de plaintes :<\/h1>\n<h1 style=\"text-align: center;\">Une plainte \u00e0 Dieu, et une plainte de Dieu !<\/h1>\n<h1 style=\"text-align: center;\">Quant au fait de se plaindre \u00e0 Allah, cela ne contredit pas la patience, comme Allah l'a dit \u00e0 propos de Ya'qub, que la paix soit sur lui : \" La patience est belle, et Allah est notre secours contre ce que vous d\u00e9crivez \" [Yusuf : 18].<\/h1>\n<h1 style=\"text-align: center;\">N\u00e9anmoins, il s'est plaint \u00e0 Dieu en disant : \"Je ne me plains de ma peine et de mon chagrin qu'\u00e0 Allah\" : \"Je ne me plains de ma peine et de mon chagrin qu'aupr\u00e8s d'Allah\" [Yusuf : 86].<\/h1>\n<h1 style=\"text-align: center;\">Dieu tout-puissant a fait l'\u00e9loge de Job, que la paix soit sur lui, mais il s'est plaint \u00e0 Dieu en disant : Et Ayyub, lorsqu'il invoqua son Seigneur : \"Je suis afflig\u00e9 par la d\u00e9tresse, et Tu es le plus mis\u00e9ricordieux des mis\u00e9ricordieux\"\" [Al-Anbiya : 83].<\/h1>\n<h1 style=\"text-align: center;\">Le croyant doit savoir que le monde est un lieu d'\u00e9preuve et de test, et que son bonheur est un r\u00eave de sommeil, une ombre fugace, s'il rit un peu, il en fait pleurer beaucoup, s'il pla\u00eet un jour, il attriste pour toute la vie, s'il donne du plaisir pour un peu, il l'emp\u00eache pour longtemps, et toute joie a son revers !<\/h1>\n<h1 style=\"text-align: center;\">Le sage est celui qui regarde avec les yeux de sa vision et la lumi\u00e8re de sa foi et qui sait avec certitude que ce qui est bon pour lui n'aurait pas \u00e9t\u00e9 mauvais pour lui et que ce qui est mauvais pour lui n'aurait pas \u00e9t\u00e9 bon pour lui, alors il regarde le Livre d'Allah Tout-Puissant et la Sunnah de Son Messager (que la paix soit sur lui) pour trouver la r\u00e9compense pour le patient.<\/h1>\n<h1 style=\"text-align: center;\">Qu'il \u00e9teigne donc le feu des calamit\u00e9s et des \u00e9preuves par la fra\u00eecheur de l'imitation des gens d'affliction, \u00e0 la t\u00eate desquels se trouvent les messagers et les proph\u00e8tes.<\/h1>\n<h1 style=\"text-align: center;\">Alors, s'il regarde et cherche parmi les habitants de la terre, il ne verra personne parmi eux qui ne soit afflig\u00e9 par la perte d'une chose aim\u00e9e ou par la survenue d'une chose ha\u00efe !<\/h1>\n<h1 style=\"text-align: center;\">\u00c0 une \u00e9poque o\u00f9 les \u00e9preuves et les tribulations abondent, nous avons besoin de rappels constants.<\/h1>\n<h1 style=\"text-align: center;\">Gr\u00e2ce \u00e0 la patience dans l'affliction, \u00e0 l'identification de la sagesse de l'affliction, \u00e0 la reconnaissance des types d'affliction, \u00e0 l'exemple des proph\u00e8tes et des ap\u00f4tres, et \u00e0 d'autres questions importantes li\u00e9es \u00e0 ce v\u00e9n\u00e9rable sujet.<\/h1>\n<h1 style=\"text-align: center;\">Qu'Allah le r\u00e9compense bien et fasse de nous et de lui l'un des patients, et qu'Allah fasse briller nos yeux de la victoire de cette religion, et qu'Allah prie, que la paix et les b\u00e9n\u00e9dictions soient sur l'Imam des Proph\u00e8tes, sur sa famille et sur ses compagnons.<\/h1>\n<h1 style=\"text-align: center;\">\u00e9crit par lui<\/h1>\n\t\t\t<\/div>\n\t\t\t\t\t<div class=\"woocommerce-Tabs-panel woocommerce-Tabs-panel--reviews panel entry-content wc-tab\" id=\"tab-reviews\" role=\"tabpanel\" aria-labelledby=\"tab-title-reviews\">\n\t\t\t\t<div id=\"reviews\" class=\"woocommerce-Reviews\">\n\t<div id=\"comments\">\n\t\t<h2 class=\"woocommerce-Reviews-title\">\n\t\t\tAvis\t\t<\/h2>\n\n\t\t\t\t\t<p class=\"woocommerce-noreviews\" data-no-translation=\"\" data-trp-gettext=\"\">Il n\u2019y a pas encore d\u2019avis.<\/p>\n\t\t\t<\/div>\n\n\t\t\t<div id=\"review_form_wrapper\">\n\t\t\t<div id=\"review_form\">\n\t\t\t\t\t<div id=\"respond\" class=\"comment-respond\">\n\t\t<span id=\"reply-title\" class=\"comment-reply-title\" role=\"heading\" aria-level=\"3\">Soyez le premier \u00e0 laisser votre avis sur &ldquo;\u0643\u062a\u0627\u0628 \u0641\u0636\u0644 \u0627\u0644\u0635\u0628\u0631 \u0639\u0644\u064a \u0627\u0644\u0628\u0644\u0627\u0621&rdquo; <small><a rel=\"nofollow\" id=\"cancel-comment-reply-link\" href=\"\/fr\/wp-json\/wp\/v2\/pages\/20137#respond\" style=\"display:none;\">Annuler la r\u00e9ponse<\/a><\/small><\/span><p class=\"must-log-in\" data-no-translation=\"\" data-trp-gettext=\"\">Vous devez \u00eatre <a href=\"https:\/\/tamerbadr.com\/fr\/\">connect\u00e9<\/a> pour publier un avis.<\/p>\t<\/div><!-- #respond -->\n\t\t\t\t<\/div>\n\t\t<\/div>\n\t\n\t<div class=\"clear\"><\/div>\n<\/div>\n\t\t\t<\/div>\n\t\t\n\t\t\t<\/div>\n\n<\/div>\n\n\t\t\t<\/div>\n\t\t\t<\/div>\t\t\t\t<\/div>\n\t\t\t\t<\/div>\n\t\t\t\t<\/div>\n\t\t\t\t\t<\/div>\n\t\t\t\t<\/div>\n\t\t\t\t<\/div>","protected":false},"excerpt":{"rendered":"","protected":false},"author":1,"featured_media":0,"parent":0,"menu_order":0,"comment_status":"closed","ping_status":"closed","template":"elementor_header_footer","meta":{"_seopress_robots_primary_cat":"","_seopress_titles_title":"","_seopress_titles_desc":"","_seopress_robots_index":"","inline_featured_image":false,"_uf_show_specific_survey":0,"_uf_disable_surveys":false,"footnotes":""},"class_list":["post-20137","page","type-page","status-publish"],"_links":{"self":[{"href":"https:\/\/tamerbadr.com\/fr\/wp-json\/wp\/v2\/pages\/20137","targetHints":{"allow":["GET"]}}],"collection":[{"href":"https:\/\/tamerbadr.com\/fr\/wp-json\/wp\/v2\/pages"}],"about":[{"href":"https:\/\/tamerbadr.com\/fr\/wp-json\/wp\/v2\/types\/page"}],"author":[{"embeddable":true,"href":"https:\/\/tamerbadr.com\/fr\/wp-json\/wp\/v2\/users\/1"}],"replies":[{"embeddable":true,"href":"https:\/\/tamerbadr.com\/fr\/wp-json\/wp\/v2\/comments?post=20137"}],"version-history":[{"count":0,"href":"https:\/\/tamerbadr.com\/fr\/wp-json\/wp\/v2\/pages\/20137\/revisions"}],"wp:attachment":[{"href":"https:\/\/tamerbadr.com\/fr\/wp-json\/wp\/v2\/media?parent=20137"}],"curies":[{"name":"wp","href":"https:\/\/api.w.org\/{rel}","templated":true}]}}