{"id":20119,"date":"2025-03-19T15:32:12","date_gmt":"2025-03-19T15:32:12","guid":{"rendered":"https:\/\/white-ant-267257.hostingersite.com\/?page_id=20119"},"modified":"2025-04-06T08:15:00","modified_gmt":"2025-04-06T08:15:00","slug":"unforgettable-countries-book","status":"publish","type":"page","link":"https:\/\/tamerbadr.com\/fr\/unforgettable-countries-book","title":{"rendered":"Pays inoubliables"},"content":{"rendered":"<div data-elementor-type=\"wp-page\" data-elementor-id=\"20119\" class=\"elementor elementor-20119\" data-elementor-post-type=\"page\">\n\t\t\t\t<div class=\"elementor-element elementor-element-c8c7aab e-flex e-con-boxed e-con e-parent\" data-id=\"c8c7aab\" data-element_type=\"container\">\n\t\t\t\t\t<div class=\"e-con-inner\">\n\t\t<div class=\"elementor-element elementor-element-6483b1a e-con-full e-flex e-con e-child\" data-id=\"6483b1a\" data-element_type=\"container\">\n\t\t\t\t<div class=\"elementor-element elementor-element-6058eb2 elementor-widget elementor-widget-wc-elements\" data-id=\"6058eb2\" data-element_type=\"widget\" data-widget_type=\"wc-elements.default\">\n\t\t\t\t<div class=\"elementor-widget-container\">\n\t\t\t\t\t<div class=\"woocommerce\">\t\t\t<div class=\"single-product\" data-product-page-preselected-id=\"0\">\n\t\t\t\t<div class=\"woocommerce-notices-wrapper\"><\/div><div id=\"product-19582\" class=\"product type-product post-19582 status-publish first instock product_cat-190 has-post-thumbnail downloadable shipping-taxable purchasable product-type-simple\">\n\n\t<div class=\"woocommerce-product-gallery woocommerce-product-gallery--with-images woocommerce-product-gallery--columns-4 images\" data-columns=\"4\" style=\"opacity: 0; transition: opacity .25s ease-in-out;\">\n\t<div class=\"woocommerce-product-gallery__wrapper\">\n\t\t<div data-thumb=\"https:\/\/tamerbadr.com\/wp-content\/uploads\/2025\/03\/\u062f\u0648\u0644-\u0644\u0627-\u062a\u0646\u0633\u0649-scaled-scaled.jpg\" data-thumb-alt=\"\u0643\u062a\u0627\u0628 \u062f\u0648\u0644 \u0644\u0627 \u062a\u0646\u0633\u0649\" data-thumb-srcset=\"\"  data-thumb-sizes=\"(max-width: 100px) 100vw, 100px\" class=\"woocommerce-product-gallery__image\"><a href=\"https:\/\/tamerbadr.com\/wp-content\/uploads\/2025\/03\/\u062f\u0648\u0644-\u0644\u0627-\u062a\u0646\u0633\u0649-scaled-scaled.jpg\"><img fetchpriority=\"high\" decoding=\"async\" width=\"2049\" height=\"1434\" src=\"https:\/\/tamerbadr.com\/wp-content\/uploads\/2025\/03\/\u062f\u0648\u0644-\u0644\u0627-\u062a\u0646\u0633\u0649-scaled-scaled.jpg\" class=\"wp-post-image\" alt=\"Pays inoubliables\" data-caption=\"\" data-src=\"https:\/\/tamerbadr.com\/wp-content\/uploads\/2025\/03\/\u062f\u0648\u0644-\u0644\u0627-\u062a\u0646\u0633\u0649-scaled-scaled.jpg\" data-large_image=\"https:\/\/tamerbadr.com\/wp-content\/uploads\/2025\/03\/\u062f\u0648\u0644-\u0644\u0627-\u062a\u0646\u0633\u0649-scaled-scaled.jpg\" data-large_image_width=\"2049\" data-large_image_height=\"1434\" \/><\/a><\/div><div data-thumb=\"https:\/\/tamerbadr.com\/wp-content\/uploads\/2025\/03\/\u062f\u0648\u0644-\u0644\u0627-\u062a\u0646\u0633\u0649.jpeg\" data-thumb-alt=\"\u0643\u062a\u0627\u0628 \u062f\u0648\u0644 \u0644\u0627 \u062a\u0646\u0633\u0649 \u2013 Image 2\" data-thumb-srcset=\"\"  data-thumb-sizes=\"(max-width: 70px) 100vw, 70px\" class=\"woocommerce-product-gallery__image\" data-no-translation-data-thumb-alt=\"\"><a href=\"https:\/\/tamerbadr.com\/wp-content\/uploads\/2025\/03\/\u062f\u0648\u0644-\u0644\u0627-\u062a\u0646\u0633\u0649.jpeg\"><img decoding=\"async\" width=\"559\" height=\"799\" src=\"https:\/\/tamerbadr.com\/wp-content\/uploads\/2025\/03\/\u062f\u0648\u0644-\u0644\u0627-\u062a\u0646\u0633\u0649.jpeg\" class=\"\" alt=\"\u0643\u062a\u0627\u0628 \u062f\u0648\u0644 \u0644\u0627 \u062a\u0646\u0633\u0649 \u2013 Image 2\" data-caption=\"\" data-src=\"https:\/\/tamerbadr.com\/wp-content\/uploads\/2025\/03\/\u062f\u0648\u0644-\u0644\u0627-\u062a\u0646\u0633\u0649.jpeg\" data-large_image=\"https:\/\/tamerbadr.com\/wp-content\/uploads\/2025\/03\/\u062f\u0648\u0644-\u0644\u0627-\u062a\u0646\u0633\u0649.jpeg\" data-large_image_width=\"559\" data-large_image_height=\"799\" data-no-translation-alt=\"\" \/><\/a><\/div><div data-thumb=\"https:\/\/tamerbadr.com\/wp-content\/uploads\/2025\/03\/\u0645\u0624\u0644\u0641\u0627\u062a-\u062a\u0627\u0645\u0631-\u0628\u062f\u0631-1-5.jpg\" data-thumb-alt=\"\u0643\u062a\u0627\u0628 \u062f\u0648\u0644 \u0644\u0627 \u062a\u0646\u0633\u0649 \u2013 Image 3\" data-thumb-srcset=\"\"  data-thumb-sizes=\"(max-width: 92px) 100vw, 92px\" class=\"woocommerce-product-gallery__image\" data-no-translation-data-thumb-alt=\"\"><a href=\"https:\/\/tamerbadr.com\/wp-content\/uploads\/2025\/03\/\u0645\u0624\u0644\u0641\u0627\u062a-\u062a\u0627\u0645\u0631-\u0628\u062f\u0631-1-5.jpg\"><img decoding=\"async\" width=\"389\" height=\"422\" src=\"https:\/\/tamerbadr.com\/wp-content\/uploads\/2025\/03\/\u0645\u0624\u0644\u0641\u0627\u062a-\u062a\u0627\u0645\u0631-\u0628\u062f\u0631-1-5.jpg\" class=\"\" alt=\"\u0643\u062a\u0627\u0628 \u062f\u0648\u0644 \u0644\u0627 \u062a\u0646\u0633\u0649 \u2013 Image 3\" data-caption=\"CREATOR: gd-jpeg v1.0 (using IJG JPEG v62), quality = 90\" data-src=\"https:\/\/tamerbadr.com\/wp-content\/uploads\/2025\/03\/\u0645\u0624\u0644\u0641\u0627\u062a-\u062a\u0627\u0645\u0631-\u0628\u062f\u0631-1-5.jpg\" data-large_image=\"https:\/\/tamerbadr.com\/wp-content\/uploads\/2025\/03\/\u0645\u0624\u0644\u0641\u0627\u062a-\u062a\u0627\u0645\u0631-\u0628\u062f\u0631-1-5.jpg\" data-large_image_width=\"389\" data-large_image_height=\"422\" data-no-translation-alt=\"\" \/><\/a><\/div>\t<\/div>\n<\/div>\n\n\t<div class=\"summary entry-summary\">\n\t\t<h1 class=\"product_title entry-title\">Pays inoubliables<\/h1><p class=\"price\"><span class=\"woocommerce-Price-amount amount\"><bdi><span class=\"woocommerce-Price-currencySymbol\">EGP<\/span>60.00<\/bdi><\/span><\/p>\n\n\t\n\t<form class=\"cart\" action=\"\" method=\"post\" enctype='multipart\/form-data' data-trp-original-action=\"\">\n\t\t\n\t\t<div class=\"quantity\">\n\t\t<label class=\"screen-reader-text\" for=\"quantity_69fee784a6a8c\" data-no-translation=\"\" data-trp-gettext=\"\">quantit\u00e9 de \u0643\u062a\u0627\u0628 \u062f\u0648\u0644 \u0644\u0627 \u062a\u0646\u0633\u0649<\/label>\n\t<input\n\t\ttype=\"number\"\n\t\t\t\tid=\"quantity_69fee784a6a8c\"\n\t\tclass=\"input-text qty text\"\n\t\tname=\"quantity\"\n\t\tvalue=\"1\"\n\t\taria-label=\"Quantit\u00e9 de produits\"\n\t\t\t\tmin=\"1\"\n\t\t\t\t\t\t\tstep=\"1\"\n\t\t\tplaceholder=\"\"\n\t\t\tinputmode=\"numeric\"\n\t\t\tautocomplete=\"off\" data-no-translation-aria-label=\"\"\n\t\t\t\/>\n\t<\/div>\n\n\t\t<button type=\"submit\" name=\"add-to-cart\" value=\"19582\" class=\"single_add_to_cart_button button alt\" data-no-translation=\"\" data-trp-gettext=\"\">Ajouter au panier<\/button>\n\n\t\t\n        <script>\n            document.addEventListener('DOMContentLoaded', function(){\n                document.addEventListener('click', function(event){\n                    if(!event.target.matches('.single_add_to_cart_button')){\n                        return;\n                    }\n\n                    const quantity = document.querySelector('input.qty').value || '1';\n                    const formProductVariation = document.querySelector('form[data-product_variations]')\n                    const variationItem = document.querySelector('.variation_id')\n\n                    let price = 60\n                    if(formProductVariation && variationItem){\n                        try{\n                            const variations = JSON.parse(formProductVariation.dataset.product_variations)\n                            const variationId = variationItem.value\n                            for(const variation of variations){\n                                if(variation.variation_id == Number(variationId)){\n                                    price = variation.display_price\n                                }\n                            }\n                        }\n                        catch{\n                        }\n                    }\n\n                    gtag('event', 'add_to_cart', {\n                        'items': [ {\n                            'item_id':'19582',\n                            'item_name': '\u0643\u062a\u0627\u0628 \u062f\u0648\u0644 \u0644\u0627 \u062a\u0646\u0633\u0649',\n                            'list_name': '\u0643\u062a\u0627\u0628 \u062f\u0648\u0644 \u0644\u0627 \u062a\u0646\u0633\u0649',\n                            'quantity': quantity,\n                            'price': price,\n                            \"item_category\":\"\u062a\u0627\u0631\u064a\u062e \u0625\u0633\u0644\u0627\u0645\u064a\"\n                        }]\n                    });\n                })\n            });\n        <\/script>\n        \t<input type=\"hidden\" name=\"trp-form-language\" value=\"fr\"\/><\/form>\n\n\t\n<div class=\"product_meta\">\n\n\t\n\t\n\t<span class=\"posted_in\">Cat\u00e9gorie\u00a0: <a href=\"https:\/\/tamerbadr.com\/fr\/categorie-produit\/%d8%aa%d8%a7%d8%b1%d9%8a%d8%ae-%d8%a5%d8%b3%d9%84%d8%a7%d9%85%d9%8a\" rel=\"tag\">Histoire de l'Islam<\/a><\/span>\n\t\n\t\n<\/div>\n\t<\/div>\n\n\t\n\t<div class=\"woocommerce-tabs wc-tabs-wrapper\">\n\t\t<ul class=\"tabs wc-tabs\" role=\"tablist\">\n\t\t\t\t\t\t\t<li role=\"presentation\" class=\"description_tab\" id=\"tab-title-description\">\n\t\t\t\t\t<a href=\"#tab-description\" role=\"tab\" aria-controls=\"tab-description\">\n\t\t\t\t\t\tDescription\t\t\t\t\t<\/a>\n\t\t\t\t<\/li>\n\t\t\t\t\t\t\t<li role=\"presentation\" class=\"reviews_tab\" id=\"tab-title-reviews\">\n\t\t\t\t\t<a href=\"#tab-reviews\" role=\"tab\" aria-controls=\"tab-reviews\">\n\t\t\t\t\t\tAvis (0)\t\t\t\t\t<\/a>\n\t\t\t\t<\/li>\n\t\t\t\t\t<\/ul>\n\t\t\t\t\t<div class=\"woocommerce-Tabs-panel woocommerce-Tabs-panel--description panel entry-content wc-tab\" id=\"tab-description\" role=\"tabpanel\" aria-labelledby=\"tab-title-description\">\n\t\t\t\t\n\t<h2 data-no-translation=\"\" data-trp-gettext=\"\">Description<\/h2>\n\n<h1 style=\"text-align: center;\"><strong>Introduction du Dr Ragheb al-Sirjani aux Pays inoubliables<\/strong><\/h1>\n<h1 style=\"text-align: center;\">De nombreux d\u00e9formateurs et falsificateurs r\u00e9pandent la rumeur selon laquelle l'histoire islamique ne contient pas de pass\u00e9 glorieux, sauf \u00e0 l'\u00e9poque du Proph\u00e8te (que la paix et les b\u00e9n\u00e9dictions d'Allah soient sur lui), d'Abu Bakr et d'Umar (qu'Allah soit satisfait d'eux). Cette falsification ne vise qu'\u00e0 semer la frustration dans le c\u0153ur des musulmans et \u00e0 leur faire sentir que la possibilit\u00e9 de leur r\u00e9surrection est devenue tr\u00e8s lointaine, et que la m\u00e9thode islamique est incapable de construire un \u00c9tat ou de faire rena\u00eetre une nation, ce qui est tout \u00e0 fait faux. D'o\u00f9 la n\u00e9cessit\u00e9 urgente d'expliquer les diff\u00e9rentes \u00e9tapes de l'histoire de notre nation, et que, quel que soit le degr\u00e9 d'affaiblissement de la nation, elle se rel\u00e8vera, et que si une banni\u00e8re tombe \u00e0 un endroit, des banni\u00e8res seront lev\u00e9es \u00e0 d'autres endroits, et que l'ann\u00e9e d'Allah est qu'il restera des musulmans sinc\u00e8res qui r\u00e9conforteront cette nation et pr\u00e9serveront sa dignit\u00e9, et que c'est la v\u00e9rit\u00e9 du hadith du Proph\u00e8te : \"Aucun groupe de ma Oumma ne d\u00e9fendra plus la v\u00e9rit\u00e9, et ils l'emporteront sur ceux qui s'opposent \u00e0 eux.<\/h1>\n<h1 style=\"text-align: center;\">Ils seront invincibles et ne seront pas touch\u00e9s par ceux qui s'opposent \u00e0 eux, jusqu'\u00e0 ce que l'ordre d'Allah vienne sur eux, et ils seront ainsi\" (rapport\u00e9 par Boukhari et Mouslim).<\/h1>\n<h1 style=\"text-align: center;\">Le Proph\u00e8te (que la paix et les b\u00e9n\u00e9dictions d'Allah soient sur lui) nous a donn\u00e9 un grand exemple en \u00e9tablissant un \u00c9tat, en construisant une nation et en se heurtant aux forces d'oppression qui existaient \u00e0 l'\u00e9poque, repr\u00e9sent\u00e9es par les infid\u00e8les de la p\u00e9ninsule arabique, en particulier les infid\u00e8les de la Mecque et les juifs avec leurs diff\u00e9rentes tribus, ainsi que par le gigantesque \u00c9tat romain.<\/h1>\n<h1 style=\"text-align: center;\">Apr\u00e8s le Messager d'Allah, les califes Rashidun ont construit un \u00c9tat fort et grand qui a pu d\u00e9truire les tr\u00f4nes de Kisra et de C\u00e9sar, et a pu placer les musulmans \u00e0 l'avant-garde du monde, et a surpass\u00e9 tout le monde politiquement, \u00e9conomiquement, scientifiquement, civilement, moralement, et avant et apr\u00e8s tout cela, il les a surpass\u00e9s id\u00e9ologiquement, de sorte qu'il a pu r\u00e9former son monde avec sa religion, et \u00e9lever le niveau de vie dans son \u00c9tat avec la loi de son Seigneur, et a r\u00e9alis\u00e9 l'\u00e9quation difficile qui combine le bonheur des deux mondes : Ce monde et l'au-del\u00e0.<\/h1>\n<h1 style=\"text-align: center;\">La marche de la nation islamique ne s'est pas arr\u00eat\u00e9e \u00e0 l'\u00e9poque des califes Rashidun, mais a continu\u00e9 son voyage civilisationnel avec de grands et glorieux \u00c9tats qui ont atteint la gloire et l'honneur, et ont port\u00e9 haut le nom des musulmans partout : les califats Omeyyades et Abbassides, l'\u00c9tat Ayyubide et les Mamelouks, le grand califat ottoman, les nombreux \u00c9tats puissants dans l'histoire de l'Andalousie, et d'autres \u00c9tats ici et l\u00e0 qui ont chang\u00e9 la marche de l'humanit\u00e9 dans un changement positif et merveilleux qui ajoute au cr\u00e9dit de cette nation g\u00e9ante, la Nation de l'Islam.<\/h1>\n<h1 style=\"text-align: center;\">Cette histoire glorieuse est la meilleure histoire du monde entier, mais peu de gens la connaissent et, malheureusement, les musulmans eux-m\u00eames l'ignorent. C'est pourquoi je suis tr\u00e8s heureux lorsque je vois un livre ou toute autre \u0153uvre litt\u00e9raire ou artistique qui redonne aux musulmans la v\u00e9ritable image de leur histoire glorieuse et qui rehausse leur fiert\u00e9 et leur honneur dans cette honorable nation.<\/h1>\n<h1 style=\"text-align: center;\">Nous avons entre les mains l'un de ces pr\u00e9cieux ouvrages, dont l'auteur, M. Tamer Badr, s'est attach\u00e9 \u00e0 retracer les diff\u00e9rentes \u00e9tapes de gloire de notre histoire, du d\u00e9but \u00e0 la fin, en faisant ressortir quelques grands tr\u00e9sors de cette histoire, et en nous mettant \u00e0 jour sur l'histoire de plusieurs pays islamiques qui ont hiss\u00e9 le nom des musulmans au plus haut des horizons.<\/h1>\n<h1 style=\"text-align: center;\">Il s'agit d'un beau livre, \u00e9l\u00e9gamment \u00e9crit et magnifiquement pr\u00e9sent\u00e9, qui contient de nombreuses informations pr\u00e9cises et qui vient enrichir notre biblioth\u00e8que islamique d'un beau livre dont tout musulman peut \u00eatre fier.<\/h1>\n<h1 style=\"text-align: center;\">Qu'Allah mette cet effort dans la balance des bonnes actions de l'auteur, et ces lignes dans la balance des bonnes actions de tous ceux qui les liront.<\/h1>\n<h1 style=\"text-align: center;\">Je demande \u00e0 Allah de renforcer l'islam et les musulmans<\/h1>\n<h1 style=\"text-align: center;\">A. Dr Ragheb Al-Sarjani<\/h1>\n<h1 style=\"text-align: center;\">Le Caire, mai 2012<\/h1>\n\t\t\t<\/div>\n\t\t\t\t\t<div class=\"woocommerce-Tabs-panel woocommerce-Tabs-panel--reviews panel entry-content wc-tab\" id=\"tab-reviews\" role=\"tabpanel\" aria-labelledby=\"tab-title-reviews\">\n\t\t\t\t<div id=\"reviews\" class=\"woocommerce-Reviews\">\n\t<div id=\"comments\">\n\t\t<h2 class=\"woocommerce-Reviews-title\">\n\t\t\tAvis\t\t<\/h2>\n\n\t\t\t\t\t<p class=\"woocommerce-noreviews\" data-no-translation=\"\" data-trp-gettext=\"\">Il n\u2019y a pas encore d\u2019avis.<\/p>\n\t\t\t<\/div>\n\n\t\t\t<div id=\"review_form_wrapper\">\n\t\t\t<div id=\"review_form\">\n\t\t\t\t\t<div id=\"respond\" class=\"comment-respond\">\n\t\t<span id=\"reply-title\" class=\"comment-reply-title\" role=\"heading\" aria-level=\"3\">Soyez le premier \u00e0 laisser votre avis sur &ldquo;\u0643\u062a\u0627\u0628 \u062f\u0648\u0644 \u0644\u0627 \u062a\u0646\u0633\u0649&rdquo; <small><a rel=\"nofollow\" id=\"cancel-comment-reply-link\" href=\"\/fr\/wp-json\/wp\/v2\/pages\/20119#respond\" style=\"display:none;\">Annuler la r\u00e9ponse<\/a><\/small><\/span><p class=\"must-log-in\" data-no-translation=\"\" data-trp-gettext=\"\">Vous devez \u00eatre <a href=\"https:\/\/tamerbadr.com\/fr\/\">connect\u00e9<\/a> pour publier un avis.<\/p>\t<\/div><!-- #respond -->\n\t\t\t\t<\/div>\n\t\t<\/div>\n\t\n\t<div class=\"clear\"><\/div>\n<\/div>\n\t\t\t<\/div>\n\t\t\n\t\t\t<\/div>\n\n<\/div>\n\n\t\t\t<\/div>\n\t\t\t<\/div>\t\t\t\t<\/div>\n\t\t\t\t<\/div>\n\t\t\t\t<\/div>\n\t\t\t\t\t<\/div>\n\t\t\t\t<\/div>\n\t\t\t\t<\/div>","protected":false},"excerpt":{"rendered":"","protected":false},"author":1,"featured_media":0,"parent":0,"menu_order":0,"comment_status":"closed","ping_status":"closed","template":"elementor_header_footer","meta":{"_seopress_robots_primary_cat":"","_seopress_titles_title":"","_seopress_titles_desc":"","_seopress_robots_index":"","inline_featured_image":false,"_uf_show_specific_survey":0,"_uf_disable_surveys":false,"footnotes":""},"class_list":["post-20119","page","type-page","status-publish"],"_links":{"self":[{"href":"https:\/\/tamerbadr.com\/fr\/wp-json\/wp\/v2\/pages\/20119","targetHints":{"allow":["GET"]}}],"collection":[{"href":"https:\/\/tamerbadr.com\/fr\/wp-json\/wp\/v2\/pages"}],"about":[{"href":"https:\/\/tamerbadr.com\/fr\/wp-json\/wp\/v2\/types\/page"}],"author":[{"embeddable":true,"href":"https:\/\/tamerbadr.com\/fr\/wp-json\/wp\/v2\/users\/1"}],"replies":[{"embeddable":true,"href":"https:\/\/tamerbadr.com\/fr\/wp-json\/wp\/v2\/comments?post=20119"}],"version-history":[{"count":0,"href":"https:\/\/tamerbadr.com\/fr\/wp-json\/wp\/v2\/pages\/20119\/revisions"}],"wp:attachment":[{"href":"https:\/\/tamerbadr.com\/fr\/wp-json\/wp\/v2\/media?parent=20119"}],"curies":[{"name":"wp","href":"https:\/\/api.w.org\/{rel}","templated":true}]}}