{"id":20112,"date":"2025-03-19T15:27:38","date_gmt":"2025-03-19T15:27:38","guid":{"rendered":"https:\/\/white-ant-267257.hostingersite.com\/?page_id=20112"},"modified":"2025-04-06T08:15:33","modified_gmt":"2025-04-06T08:15:33","slug":"riyad-as-sunnah-book-from-the-authentic-six-books","status":"publish","type":"page","link":"https:\/\/tamerbadr.com\/fr\/riyad-as-sunnah-book-from-the-authentic-six-books","title":{"rendered":"Riyadh al-Sunnah du Sahih des six livres"},"content":{"rendered":"<div data-elementor-type=\"wp-page\" data-elementor-id=\"20112\" class=\"elementor elementor-20112\" data-elementor-post-type=\"page\">\n\t\t\t\t<div class=\"elementor-element elementor-element-c8c7aab e-flex e-con-boxed e-con e-parent\" data-id=\"c8c7aab\" data-element_type=\"container\">\n\t\t\t\t\t<div class=\"e-con-inner\">\n\t\t<div class=\"elementor-element elementor-element-6483b1a e-con-full e-flex e-con e-child\" data-id=\"6483b1a\" data-element_type=\"container\">\n\t\t\t\t<div class=\"elementor-element elementor-element-6058eb2 elementor-widget elementor-widget-wc-elements\" data-id=\"6058eb2\" data-element_type=\"widget\" data-widget_type=\"wc-elements.default\">\n\t\t\t\t<div class=\"elementor-widget-container\">\n\t\t\t\t\t<div class=\"woocommerce\">\t\t\t<div class=\"single-product\" data-product-page-preselected-id=\"0\">\n\t\t\t\t<div class=\"woocommerce-notices-wrapper\"><\/div><div id=\"product-19584\" class=\"product type-product post-19584 status-publish first instock product_cat-188 has-post-thumbnail downloadable shipping-taxable purchasable product-type-simple\">\n\n\t<div class=\"woocommerce-product-gallery woocommerce-product-gallery--with-images woocommerce-product-gallery--columns-4 images\" data-columns=\"4\" style=\"opacity: 0; transition: opacity .25s ease-in-out;\">\n\t<div class=\"woocommerce-product-gallery__wrapper\">\n\t\t<div data-thumb=\"https:\/\/tamerbadr.com\/wp-content\/uploads\/2025\/03\/\u0631\u064a\u0627\u0636-\u0627\u0644\u0633\u0646\u0629-\u063a\u0644\u0627\u0641-scaled-scaled.jpg\" data-thumb-alt=\"\u0643\u062a\u0627\u0628 \u0631\u064a\u0627\u0636 \u0627\u0644\u0633\u0646\u0629 \u0645\u0646 \u0635\u062d\u064a\u062d \u0627\u0644\u0643\u062a\u0628 \u0627\u0644\u0633\u062a\u0629\" data-thumb-srcset=\"\"  data-thumb-sizes=\"(max-width: 100px) 100vw, 100px\" class=\"woocommerce-product-gallery__image\"><a href=\"https:\/\/tamerbadr.com\/wp-content\/uploads\/2025\/03\/\u0631\u064a\u0627\u0636-\u0627\u0644\u0633\u0646\u0629-\u063a\u0644\u0627\u0641-scaled-scaled.jpg\"><img fetchpriority=\"high\" decoding=\"async\" width=\"2049\" height=\"1329\" src=\"https:\/\/tamerbadr.com\/wp-content\/uploads\/2025\/03\/\u0631\u064a\u0627\u0636-\u0627\u0644\u0633\u0646\u0629-\u063a\u0644\u0627\u0641-scaled-scaled.jpg\" class=\"wp-post-image\" alt=\"Riyadh al-Sunnah du Sahih des six livres\" data-caption=\"\" data-src=\"https:\/\/tamerbadr.com\/wp-content\/uploads\/2025\/03\/\u0631\u064a\u0627\u0636-\u0627\u0644\u0633\u0646\u0629-\u063a\u0644\u0627\u0641-scaled-scaled.jpg\" data-large_image=\"https:\/\/tamerbadr.com\/wp-content\/uploads\/2025\/03\/\u0631\u064a\u0627\u0636-\u0627\u0644\u0633\u0646\u0629-\u063a\u0644\u0627\u0641-scaled-scaled.jpg\" data-large_image_width=\"2049\" data-large_image_height=\"1329\" \/><\/a><\/div><div data-thumb=\"https:\/\/tamerbadr.com\/wp-content\/uploads\/2025\/03\/\u0631\u064a\u0627\u0636-\u0627\u0644\u0633\u0646\u0629-1\u063a\u0644\u0627\u0641-\u0627\u0644\u0644\u0624\u0644\u0624\u0629-scaled.jpg\" data-thumb-alt=\"\u0643\u062a\u0627\u0628 \u0631\u064a\u0627\u0636 \u0627\u0644\u0633\u0646\u0629 \u0645\u0646 \u0635\u062d\u064a\u062d \u0627\u0644\u0643\u062a\u0628 \u0627\u0644\u0633\u062a\u0629 \u2013 Image 2\" data-thumb-srcset=\"\"  data-thumb-sizes=\"(max-width: 75px) 100vw, 75px\" class=\"woocommerce-product-gallery__image\" data-no-translation-data-thumb-alt=\"\"><a href=\"https:\/\/tamerbadr.com\/wp-content\/uploads\/2025\/03\/\u0631\u064a\u0627\u0636-\u0627\u0644\u0633\u0646\u0629-1\u063a\u0644\u0627\u0641-\u0627\u0644\u0644\u0624\u0644\u0624\u0629-scaled.jpg\"><img decoding=\"async\" width=\"1928\" height=\"2560\" src=\"https:\/\/tamerbadr.com\/wp-content\/uploads\/2025\/03\/\u0631\u064a\u0627\u0636-\u0627\u0644\u0633\u0646\u0629-1\u063a\u0644\u0627\u0641-\u0627\u0644\u0644\u0624\u0644\u0624\u0629-scaled.jpg\" class=\"\" alt=\"\u0643\u062a\u0627\u0628 \u0631\u064a\u0627\u0636 \u0627\u0644\u0633\u0646\u0629 \u0645\u0646 \u0635\u062d\u064a\u062d \u0627\u0644\u0643\u062a\u0628 \u0627\u0644\u0633\u062a\u0629 \u2013 Image 2\" data-caption=\"\" data-src=\"https:\/\/tamerbadr.com\/wp-content\/uploads\/2025\/03\/\u0631\u064a\u0627\u0636-\u0627\u0644\u0633\u0646\u0629-1\u063a\u0644\u0627\u0641-\u0627\u0644\u0644\u0624\u0644\u0624\u0629-scaled.jpg\" data-large_image=\"https:\/\/tamerbadr.com\/wp-content\/uploads\/2025\/03\/\u0631\u064a\u0627\u0636-\u0627\u0644\u0633\u0646\u0629-1\u063a\u0644\u0627\u0641-\u0627\u0644\u0644\u0624\u0644\u0624\u0629-scaled.jpg\" data-large_image_width=\"1928\" data-large_image_height=\"2560\" data-no-translation-alt=\"\" \/><\/a><\/div><div data-thumb=\"https:\/\/tamerbadr.com\/wp-content\/uploads\/2025\/03\/\u0645\u0624\u0644\u0641\u0627\u062a-\u062a\u0627\u0645\u0631-\u0628\u062f\u0631-1-3.jpg\" data-thumb-alt=\"\u0643\u062a\u0627\u0628 \u0631\u064a\u0627\u0636 \u0627\u0644\u0633\u0646\u0629 \u0645\u0646 \u0635\u062d\u064a\u062d \u0627\u0644\u0643\u062a\u0628 \u0627\u0644\u0633\u062a\u0629 \u2013 Image 3\" data-thumb-srcset=\"\"  data-thumb-sizes=\"(max-width: 92px) 100vw, 92px\" class=\"woocommerce-product-gallery__image\" data-no-translation-data-thumb-alt=\"\"><a href=\"https:\/\/tamerbadr.com\/wp-content\/uploads\/2025\/03\/\u0645\u0624\u0644\u0641\u0627\u062a-\u062a\u0627\u0645\u0631-\u0628\u062f\u0631-1-3.jpg\"><img decoding=\"async\" width=\"389\" height=\"422\" src=\"https:\/\/tamerbadr.com\/wp-content\/uploads\/2025\/03\/\u0645\u0624\u0644\u0641\u0627\u062a-\u062a\u0627\u0645\u0631-\u0628\u062f\u0631-1-3.jpg\" class=\"\" alt=\"\u0643\u062a\u0627\u0628 \u0631\u064a\u0627\u0636 \u0627\u0644\u0633\u0646\u0629 \u0645\u0646 \u0635\u062d\u064a\u062d \u0627\u0644\u0643\u062a\u0628 \u0627\u0644\u0633\u062a\u0629 \u2013 Image 3\" data-caption=\"CREATOR: gd-jpeg v1.0 (using IJG JPEG v62), quality = 90\" data-src=\"https:\/\/tamerbadr.com\/wp-content\/uploads\/2025\/03\/\u0645\u0624\u0644\u0641\u0627\u062a-\u062a\u0627\u0645\u0631-\u0628\u062f\u0631-1-3.jpg\" data-large_image=\"https:\/\/tamerbadr.com\/wp-content\/uploads\/2025\/03\/\u0645\u0624\u0644\u0641\u0627\u062a-\u062a\u0627\u0645\u0631-\u0628\u062f\u0631-1-3.jpg\" data-large_image_width=\"389\" data-large_image_height=\"422\" data-no-translation-alt=\"\" \/><\/a><\/div>\t<\/div>\n<\/div>\n\n\t<div class=\"summary entry-summary\">\n\t\t<h1 class=\"product_title entry-title\">Riyadh al-Sunnah du Sahih des six livres<\/h1><p class=\"price\"><span class=\"woocommerce-Price-amount amount\"><bdi><span class=\"woocommerce-Price-currencySymbol\">EGP<\/span>80.00<\/bdi><\/span><\/p>\n\n\t\n\t<form class=\"cart\" action=\"\" method=\"post\" enctype='multipart\/form-data' data-trp-original-action=\"\">\n\t\t\n\t\t<div class=\"quantity\">\n\t\t<label class=\"screen-reader-text\" for=\"quantity_69ffc9c956ab8\" data-no-translation=\"\" data-trp-gettext=\"\">quantit\u00e9 de \u0643\u062a\u0627\u0628 \u0631\u064a\u0627\u0636 \u0627\u0644\u0633\u0646\u0629 \u0645\u0646 \u0635\u062d\u064a\u062d \u0627\u0644\u0643\u062a\u0628 \u0627\u0644\u0633\u062a\u0629<\/label>\n\t<input\n\t\ttype=\"number\"\n\t\t\t\tid=\"quantity_69ffc9c956ab8\"\n\t\tclass=\"input-text qty text\"\n\t\tname=\"quantity\"\n\t\tvalue=\"1\"\n\t\taria-label=\"Quantit\u00e9 de produits\"\n\t\t\t\tmin=\"1\"\n\t\t\t\t\t\t\tstep=\"1\"\n\t\t\tplaceholder=\"\"\n\t\t\tinputmode=\"numeric\"\n\t\t\tautocomplete=\"off\" data-no-translation-aria-label=\"\"\n\t\t\t\/>\n\t<\/div>\n\n\t\t<button type=\"submit\" name=\"add-to-cart\" value=\"19584\" class=\"single_add_to_cart_button button alt\" data-no-translation=\"\" data-trp-gettext=\"\">Ajouter au panier<\/button>\n\n\t\t\n        <script>\n            document.addEventListener('DOMContentLoaded', function(){\n                document.addEventListener('click', function(event){\n                    if(!event.target.matches('.single_add_to_cart_button')){\n                        return;\n                    }\n\n                    const quantity = document.querySelector('input.qty').value || '1';\n                    const formProductVariation = document.querySelector('form[data-product_variations]')\n                    const variationItem = document.querySelector('.variation_id')\n\n                    let price = 80\n                    if(formProductVariation && variationItem){\n                        try{\n                            const variations = JSON.parse(formProductVariation.dataset.product_variations)\n                            const variationId = variationItem.value\n                            for(const variation of variations){\n                                if(variation.variation_id == Number(variationId)){\n                                    price = variation.display_price\n                                }\n                            }\n                        }\n                        catch{\n                        }\n                    }\n\n                    gtag('event', 'add_to_cart', {\n                        'items': [ {\n                            'item_id':'19584',\n                            'item_name': '\u0643\u062a\u0627\u0628 \u0631\u064a\u0627\u0636 \u0627\u0644\u0633\u0646\u0629 \u0645\u0646 \u0635\u062d\u064a\u062d \u0627\u0644\u0643\u062a\u0628 \u0627\u0644\u0633\u062a\u0629',\n                            'list_name': '\u0643\u062a\u0627\u0628 \u0631\u064a\u0627\u0636 \u0627\u0644\u0633\u0646\u0629 \u0645\u0646 \u0635\u062d\u064a\u062d \u0627\u0644\u0643\u062a\u0628 \u0627\u0644\u0633\u062a\u0629',\n                            'quantity': quantity,\n                            'price': price,\n                            \"item_category\":\"\u0623\u062d\u0627\u062f\u064a\u062b \u0646\u0628\u0648\u064a\u0629\"\n                        }]\n                    });\n                })\n            });\n        <\/script>\n        \t<input type=\"hidden\" name=\"trp-form-language\" value=\"fr\"\/><\/form>\n\n\t\n<div class=\"product_meta\">\n\n\t\n\t\n\t<span class=\"posted_in\">Cat\u00e9gorie\u00a0: <a href=\"https:\/\/tamerbadr.com\/fr\/categorie-produit\/%d8%a3%d8%ad%d8%a7%d8%af%d9%8a%d8%ab-%d9%86%d8%a8%d9%88%d9%8a%d8%a9\" rel=\"tag\">Dictions proph\u00e9tiques<\/a><\/span>\n\t\n\t\n<\/div>\n\t<\/div>\n\n\t\n\t<div class=\"woocommerce-tabs wc-tabs-wrapper\">\n\t\t<ul class=\"tabs wc-tabs\" role=\"tablist\">\n\t\t\t\t\t\t\t<li role=\"presentation\" class=\"description_tab\" id=\"tab-title-description\">\n\t\t\t\t\t<a href=\"#tab-description\" role=\"tab\" aria-controls=\"tab-description\">\n\t\t\t\t\t\tDescription\t\t\t\t\t<\/a>\n\t\t\t\t<\/li>\n\t\t\t\t\t\t\t<li role=\"presentation\" class=\"reviews_tab\" id=\"tab-title-reviews\">\n\t\t\t\t\t<a href=\"#tab-reviews\" role=\"tab\" aria-controls=\"tab-reviews\">\n\t\t\t\t\t\tAvis (0)\t\t\t\t\t<\/a>\n\t\t\t\t<\/li>\n\t\t\t\t\t<\/ul>\n\t\t\t\t\t<div class=\"woocommerce-Tabs-panel woocommerce-Tabs-panel--description panel entry-content wc-tab\" id=\"tab-description\" role=\"tabpanel\" aria-labelledby=\"tab-title-description\">\n\t\t\t\t\n\t<h2 data-no-translation=\"\" data-trp-gettext=\"\">Description<\/h2>\n\n<h1 style=\"text-align: center;\"><strong>Introduction \u00e0 Riyadh al-Sunnah \u00e0 partir du Sahih des Six Livres<\/strong><\/h1>\n<h1 style=\"text-align: center;\">La biographie du Proph\u00e8te est la meilleure biographie qui soit, ses paroles sont les meilleures, sa guidance est la meilleure et son discours est le plus vrai. C'est pourquoi Allah a ordonn\u00e9 \u00e0 son Ummah de suivre sa loi et lui a interdit d'y d\u00e9sob\u00e9ir en disant : {Ou vous qui croyez, ob\u00e9issez \u00e0 Allah et ob\u00e9issez au messager et n'invalidez pas vos actes (33) }. [Sourate Mohammed].<\/h1>\n<h1 style=\"text-align: center;\">Et l'Exalt\u00e9 dit : {O vous qui croyez, ob\u00e9issez \u00e0 Dieu, ob\u00e9issez au Messager et \u00e0 ceux qui sont en autorit\u00e9 sur vous, et si vous contestez quelque chose, renvoyez-le \u00e0 Dieu et au Messager, si vous croyez en Dieu et au Jour dernier, c'est une meilleure et meilleure interpr\u00e9tation (59)}. [Sourate al-Nisa].<\/h1>\n<h1 style=\"text-align: center;\">Et l'Exalt\u00e9 dit : {Quiconque ob\u00e9it \u00e0 Dieu et au Messager, ceux-l\u00e0 font partie de ceux que Dieu a combl\u00e9s de Ses bienfaits parmi les proph\u00e8tes, les amis, les martyrs, les justes et les meilleurs des compagnons (69)}. [Sourate al-Nisa].<\/h1>\n<h1 style=\"text-align: center;\">Le Proph\u00e8te (paix et b\u00e9n\u00e9dictions d'Allah soient sur lui) a dit : \"Un homme sera allong\u00e9 sur son divan et parlera de l'un de mes hadiths : Un homme, allong\u00e9 sur son divan, parlera d'un de mes hadiths et dira : \"Entre nous et vous, il y a le Livre d'Allah, le Tout-Puissant, et le Saint Proph\u00e8te : Entre nous et vous, il y a le Livre d'Allah, le Tout-Puissant, et ce que nous y trouvons de licite, nous le rendons licite, et ce que nous y trouvons d'interdit, nous l'interdisons. Et il dira : \"Entre nous et vous, il y a le Livre d'Allah, le Tout-Puissant et le Glorieux, et ce que nous y trouvons de licite, nous le rendons licite, et ce que nous y trouvons d'interdit, nous l'interdisons\".<\/h1>\n<h1 style=\"text-align: center;\">[Sahih].           Racont\u00e9 par (H).          [Sahih al-Jami'ah : 8186].<\/h1>\n<h1 style=\"text-align: center;\">Le Saint Coran ordonnait la pri\u00e8re, la zakat, le je\u00fbne et le p\u00e8lerinage sans d\u00e9tails et sans pr\u00e9cisions, de sorte que les hadiths du Proph\u00e8te les expliquent en d\u00e9tail et avec des pr\u00e9cisions.<\/h1>\n<h1 style=\"text-align: center;\">Les hadiths du Proph\u00e8te sont entach\u00e9s de nombreux hadiths faibles et non prouv\u00e9s, mais il existe un nombre important, suffisant et constant de hadiths authentiques et bons du Messager d'Allah (paix et b\u00e9n\u00e9diction d'Allah soient sur lui) et des Compagnons (qu'Allah soit satisfait d'eux), les bons hadiths sont de rang inf\u00e9rieur aux hadiths authentiques, mais ils sont invoqu\u00e9s et utilis\u00e9s.<\/h1>\n<h1 style=\"text-align: center;\">C'est pourquoi j'ai rassembl\u00e9 dans ce livre les hadiths authentiques et bons \u00e0 partir des d\u00e9clarations les plus authentiques et les plus c\u00e9l\u00e8bres des savants du hadith, avec l'aide des sources suivantes : (Sahih al-Imam al-Bukhari, Sahih al-Imam Muslim, Sunan Abu Dawud, Sunan al-Tirmidhi, Sunan al-Nisa'i, Sunan Ibn Majah).<\/h1>\n<h1 style=\"text-align: center;\">J'ai s\u00e9lectionn\u00e9 dans les six livres les hadiths corrects et bons sur la base de ce qui a \u00e9t\u00e9 corrig\u00e9 par le grand \u00e9rudit Sheikh Muhammad Nasser al-Din al-Albani, qu'Allah lui fasse mis\u00e9ricorde, l'un des plus \u00e9minents \u00e9rudits musulmans de l'\u00e8re moderne, Sheikh al-Albani est consid\u00e9r\u00e9 comme l'un des principaux \u00e9rudits du hadith qui est unique dans la science de la correction et de l'affaiblissement.<\/h1>\n<h1 style=\"text-align: center;\">En rassemblant les hadiths dans ce livre, j'ai gard\u00e9 \u00e0 l'esprit le hadith du Proph\u00e8te (paix et b\u00e9n\u00e9dictions d'Allah soient sur lui) : \"Rapportez sur moi ne serait-ce qu'un verset, et parlez des enfants d'Isra\u00ebl sans g\u00eane, et quiconque ment d\u00e9lib\u00e9r\u00e9ment \u00e0 mon sujet, qu'il prenne place dans le feu\".<\/h1>\n<h1 style=\"text-align: center;\">[Sahih].           Racont\u00e9 par (kh,t).              [Sahih al-Jami'ah : 2837].<\/h1>\n<h1 style=\"text-align: center;\">C'est pourquoi, dans ce livre, j'ai s\u00e9lectionn\u00e9 les hadiths authentiques et bons sur la base des \u00e9l\u00e9ments suivants :<\/h1>\n<h1 style=\"text-align: center;\">a- Si les donn\u00e9es du hadith et le corps du hadith sont similaires dans deux narrations ou plus, comme par exemple :<\/h1>\n<h1 style=\"text-align: center;\">Abu Sa'id al-Khudra (qu'Allah soit satisfait de lui) a dit : Le Messager d'Allah (paix et b\u00e9n\u00e9dictions d'Allah soient sur lui) a dit : \"L'un de vos meilleurs parfums est le musc\" : \"L'un de vos meilleurs parfums est le musc\".<\/h1>\n<h1 style=\"text-align: center;\">[Sahih].           Racont\u00e9 par (N).           [Sahih al-Jami'ah : 5914].<\/h1>\n<h1 style=\"text-align: center;\">D'apr\u00e8s Abu Sa'id al-Khudri (qu'Allah soit satisfait de lui), le Messager d'Allah (que la paix et les b\u00e9n\u00e9dictions d'Allah soient sur lui) a dit : \" Le musc est la plus douce des bonnes choses : \"Le musc est la plus douce des bonnes choses\".<\/h1>\n<h1 style=\"text-align: center;\">[Sahih].           Rapport\u00e9 par (T, M, N).            [Sahih al-Jami'ah:1032].<\/h1>\n<h1 style=\"text-align: center;\">J'ai choisi le second hadith en raison de ses multiples narrations.<\/h1>\n<h1 style=\"text-align: center;\">B- Si deux ou plusieurs hadiths honorables sont similaires, comme par exemple :<\/h1>\n<h1 style=\"text-align: center;\">Il a \u00e9t\u00e9 rapport\u00e9 d'Abu Huraira (qu'Allah soit satisfait de lui) que le Messager d'Allah (que la paix et les b\u00e9n\u00e9dictions d'Allah soient sur lui) a dit : \"Lorsque l'imam dit : Allah entend ceux qui Le louent. Dites alors : \u00d4 Allah, notre Seigneur, c'est \u00e0 toi que revient l'\u00e9loge. Quiconque s'accorde avec les paroles des anges sera pardonn\u00e9 de ses p\u00e9ch\u00e9s pass\u00e9s.<\/h1>\n<h1 style=\"text-align: center;\">[Sahih].           Rapport\u00e9 par (Kh, M, D, N).      [Sahih al-Jami'ah:705].<\/h1>\n<h1 style=\"text-align: center;\">Il a \u00e9t\u00e9 rapport\u00e9 d'Abu Sa'id al-Khudra (qu'Allah soit satisfait de lui) qu'il a entendu le Messager d'Allah (que la paix soit sur lui) dire : \"Lorsque l'imam dit : Allah entend ceux qui Le louent. Dites alors : \u00d4 Allah, notre Seigneur, \u00e0 qui appartiennent toutes les louanges\".<\/h1>\n<h1 style=\"text-align: center;\">[Sahih].           Racont\u00e9 par (H).          [Sahih al-Jami'ah:706].<\/h1>\n<h1 style=\"text-align: center;\">J'avais l'habitude de choisir les hadiths qui \u00e9taient complets et clairs dans leur signification, comme dans le premier hadith.<\/h1>\n<h1 style=\"text-align: center;\">C- Les hadiths mentionn\u00e9s dans Sahih al-Jame'eh al-Saghir et la s\u00e9rie Sahih al-Salih d'Al-Albani [du Musnad de l'imam Ahmad bin Hanbal, d'al-Tabarani, d'al-Hakim ou d'al-Bayhaqi] ont \u00e9t\u00e9 remplac\u00e9s dans ce livre par des hadiths formul\u00e9s de la m\u00eame mani\u00e8re dans les six livres des six Imams (Imams).<\/h1>\n<h1 style=\"text-align: center;\">Par exemple, le hadith rapport\u00e9 par Buraydah al-Aslamiyyah (qu'Allah soit satisfait de lui) du Proph\u00e8te (que la pri\u00e8re et la paix d'Allah soient sur lui), \"Quiconque attend une personne insolvable, pour chaque jour o\u00f9 il l'attend, il a chaque jour o\u00f9 il l'attend comme une charit\u00e9 avant que la dette ne soit due.\" [Sahih]. Rapport\u00e9 par (Ahmad ibn Hanbal, Ibn Majah). Il est mentionn\u00e9 dans le Sahih al-Jami'ah n\u00b0 [6108], c'est pourquoi j'avais l'habitude de mettre dans ce livre la version du hadith trouv\u00e9e dans la Sunnah d'Ibn Majah, comme dans ce hadith.<\/h1>\n<h1 style=\"text-align: center;\">D'apr\u00e8s Buraydat al-Aslami (qu'Allah soit satisfait de lui), le Proph\u00e8te (que la pri\u00e8re et la paix d'Allah soient sur lui) a dit : \"Quiconque attend une personne insolvable, chaque jour est une charit\u00e9 pour elle, et quiconque l'attend une fois qu'elle est r\u00e9solue, chaque jour est une charit\u00e9 pour elle.\"    [Sahih].    Rapport\u00e9 par Ibn Majah.<\/h1>\n<h1 style=\"text-align: center;\">Les hadiths incomplets contenus dans Sahih Al-Jame'ee Al-Saghir et Al-Albani's Al-Salih Al-Salih, je les compl\u00e9tais \u00e0 partir des livres des six imams.<\/h1>\n<h1 style=\"text-align: center;\">Par exemple, le hadith : \"Je\u00fbner trois jours de chaque mois et Ramadan \u00e0 Ramadan est le je\u00fbne et la rupture du mois\".<\/h1>\n<h1 style=\"text-align: center;\">[Sahih].    Rapport\u00e9 par Abu Qatadah (HAM,M) d'Abu Qatadah.      [Sahih al-Jami'ah : 3802].<\/h1>\n<h1 style=\"text-align: center;\">Ce hadith est tir\u00e9 du Musnad de l'imam Ahmad ibn Hanbal et est incomplet. Je l'ai donc compl\u00e9t\u00e9 avec la formule trouv\u00e9e dans Sahih Muslim et l'ai plac\u00e9 dans le livre comme suit.<\/h1>\n<h1 style=\"text-align: center;\">On rapporte d'Abu Qatadad al-Ansari (qu'Allah soit satisfait de lui) que le Messager d'Allah (que la paix et les b\u00e9n\u00e9dictions d'Allah soient sur lui) a \u00e9t\u00e9 interrog\u00e9 sur son je\u00fbne. Il dit : Le Messager d'Allah, qu'Allah le b\u00e9nisse et lui accorde la paix, se mit en col\u00e8re. Umar (qu'Allah soit satisfait de lui) dit : \" Nous avons accept\u00e9 Allah comme Seigneur : Nous avons accept\u00e9 Allah comme Seigneur, l'islam comme religion, Muhammad comme messager, et notre serment d'all\u00e9geance comme serment d'all\u00e9geance. Il dit : On l'a interrog\u00e9 sur le je\u00fbne de la journ\u00e9e. Il dit : \"Il ne je\u00fbne pas et ne rompt pas son je\u00fbne\". Ou bien : \"Il ne je\u00fbne pas et ne rompt pas son je\u00fbne.\" Il dit : On l'interrogea sur le fait de je\u00fbner deux jours et de je\u00fbner un jour. Il dit : \"Qui est capable de faire cela ?\" Il dit : On l'interrogea sur le fait de je\u00fbner un jour et de je\u00fbner deux jours. Il dit : \"J'aurais aim\u00e9 qu'Allah nous renforce pour cela.\" Il dit : On l'interrogea sur le fait de je\u00fbner un jour et de je\u00fbner deux jours. Il dit : \"C'est le je\u00fbne de mon fr\u00e8re David, que la paix soit sur lui.\" Il dit : \"On l'a interrog\u00e9 sur le fait de je\u00fbner le lundi. Il dit : \"C'est le jour o\u00f9 je suis n\u00e9 et le jour o\u00f9 l'on m'a envoy\u00e9 ou r\u00e9v\u00e9l\u00e9\". Il a dit : \"Je\u00fbner trois jours par mois et de ramadan en ramadan, c'est le je\u00fbne de toute une vie\". Il dit : \"On l'a interrog\u00e9 sur le je\u00fbne du jour de 'Arafat. Il dit : \"Il expie les ann\u00e9es pass\u00e9es et futures.\" Il a dit : \"On l'a interrog\u00e9 sur le je\u00fbne du jour de l'Achoura. Il dit : \"Cela expie l'ann\u00e9e \u00e9coul\u00e9e.\"<\/h1>\n<h1 style=\"text-align: center;\">[Sahih].           Racont\u00e9 par (M).            [Sahih al-Jami'ah : 3802].<\/h1>\n<h1 style=\"text-align: center;\">E - La formule de tout hadith dans le livre est tir\u00e9e du pr\u00e9nom du narrateur du hadith, par exemple s'il est \u00e9crit Narr\u00e9 par (M, M, D, T, N, E). La formule du hadith est similaire dans les six livres et est disponible dans les livres de Sheikh Al-Albani, mais la formule du hadith dans ce livre est tir\u00e9e de Sahih Muslim, elle est donc \u00e9crite avec la premi\u00e8re abr\u00e9viation.<\/h1>\n<h1 style=\"text-align: center;\">Je n'ai pas mentionn\u00e9 l'attribution dans les hadiths, \u00e0 l'exception du nom du compagnon qui est le plus grand narrateur du hadith, afin de faciliter l'examen du livre par le lecteur sans le prolonger, car de nombreux lecteurs ne veulent lire que le corps du hadith.<\/h1>\n<h1 style=\"text-align: center;\">Dans ce livre, je n'ai pas abord\u00e9 les hadiths relatifs \u00e0 la biographie du Proph\u00e8te et \u00e0 celle des Compagnons (qu'Allah soit satisfait d'eux).<\/h1>\n<h1 style=\"text-align: center;\">H- Les significations de certains mots difficiles trouv\u00e9s dans les hadiths ont \u00e9t\u00e9 plac\u00e9es \u00e0 la fin de chaque page afin de faciliter la compr\u00e9hension des hadiths par le lecteur.<\/h1>\n<h1 style=\"text-align: center;\">I- Tous les hadiths de ce livre ont \u00e9t\u00e9 surlign\u00e9s afin d'en faciliter la lecture.<\/h1>\n<h1 style=\"text-align: center;\">Ce livre a \u00e9t\u00e9 commenc\u00e9 au d\u00e9but de l'ann\u00e9e 2009 et achev\u00e9 en 2019. Ce sont nos tentatives de servir notre grande religion et de soutenir notre Proph\u00e8te (paix et b\u00e9n\u00e9dictions sur lui) par ce qu'il a dit et fait pour le b\u00e9n\u00e9fice de nos fr\u00e8res, conform\u00e9ment aux paroles du Tout-Puissant : {Vous avez eu un bon exemple dans le Messager d'Allah pour ceux qui esp\u00e8rent en Allah et au Jour dernier et se souviennent beaucoup d'Allah} [Al-Ahzab 22] [Al-Ahzab 22]. Nous demandons \u00e0 Allah Tout-Puissant d'en tirer profit et de faire en sorte que notre travail soit purement pour Sa face honorable {O Seigneur, ne nous punissez pas si nous oublions ou faisons une erreur}.<\/h1>\n<h1 style=\"text-align: center;\">Le Caire, 18 Sha'ban 1440 de l'H\u00e9gire<\/h1>\n<h1 style=\"text-align: center;\">Correspondant au 24 avril 2019<\/h1>\n<h1 style=\"text-align: center;\">\u00a0\u00a0\u00a0\u00a0\u00a0\u00a0 Tamer Badr<\/h1>\n\t\t\t<\/div>\n\t\t\t\t\t<div class=\"woocommerce-Tabs-panel woocommerce-Tabs-panel--reviews panel entry-content wc-tab\" id=\"tab-reviews\" role=\"tabpanel\" aria-labelledby=\"tab-title-reviews\">\n\t\t\t\t<div id=\"reviews\" class=\"woocommerce-Reviews\">\n\t<div id=\"comments\">\n\t\t<h2 class=\"woocommerce-Reviews-title\">\n\t\t\tAvis\t\t<\/h2>\n\n\t\t\t\t\t<p class=\"woocommerce-noreviews\" data-no-translation=\"\" data-trp-gettext=\"\">Il n\u2019y a pas encore d\u2019avis.<\/p>\n\t\t\t<\/div>\n\n\t\t\t<div id=\"review_form_wrapper\">\n\t\t\t<div id=\"review_form\">\n\t\t\t\t\t<div id=\"respond\" class=\"comment-respond\">\n\t\t<span id=\"reply-title\" class=\"comment-reply-title\" role=\"heading\" aria-level=\"3\">Soyez le premier \u00e0 laisser votre avis sur &ldquo;\u0643\u062a\u0627\u0628 \u0631\u064a\u0627\u0636 \u0627\u0644\u0633\u0646\u0629 \u0645\u0646 \u0635\u062d\u064a\u062d \u0627\u0644\u0643\u062a\u0628 \u0627\u0644\u0633\u062a\u0629&rdquo; <small><a rel=\"nofollow\" id=\"cancel-comment-reply-link\" href=\"\/fr\/wp-json\/wp\/v2\/pages\/20112#respond\" style=\"display:none;\">Annuler la r\u00e9ponse<\/a><\/small><\/span><p class=\"must-log-in\" data-no-translation=\"\" data-trp-gettext=\"\">Vous devez \u00eatre <a href=\"https:\/\/tamerbadr.com\/fr\/\">connect\u00e9<\/a> pour publier un avis.<\/p>\t<\/div><!-- #respond -->\n\t\t\t\t<\/div>\n\t\t<\/div>\n\t\n\t<div class=\"clear\"><\/div>\n<\/div>\n\t\t\t<\/div>\n\t\t\n\t\t\t<\/div>\n\n<\/div>\n\n\t\t\t<\/div>\n\t\t\t<\/div>\t\t\t\t<\/div>\n\t\t\t\t<\/div>\n\t\t\t\t<\/div>\n\t\t\t\t\t<\/div>\n\t\t\t\t<\/div>\n\t\t\t\t<\/div>","protected":false},"excerpt":{"rendered":"","protected":false},"author":1,"featured_media":0,"parent":0,"menu_order":0,"comment_status":"closed","ping_status":"closed","template":"elementor_header_footer","meta":{"_seopress_robots_primary_cat":"","_seopress_titles_title":"","_seopress_titles_desc":"","_seopress_robots_index":"","inline_featured_image":false,"_uf_show_specific_survey":0,"_uf_disable_surveys":false,"footnotes":""},"class_list":["post-20112","page","type-page","status-publish"],"_links":{"self":[{"href":"https:\/\/tamerbadr.com\/fr\/wp-json\/wp\/v2\/pages\/20112","targetHints":{"allow":["GET"]}}],"collection":[{"href":"https:\/\/tamerbadr.com\/fr\/wp-json\/wp\/v2\/pages"}],"about":[{"href":"https:\/\/tamerbadr.com\/fr\/wp-json\/wp\/v2\/types\/page"}],"author":[{"embeddable":true,"href":"https:\/\/tamerbadr.com\/fr\/wp-json\/wp\/v2\/users\/1"}],"replies":[{"embeddable":true,"href":"https:\/\/tamerbadr.com\/fr\/wp-json\/wp\/v2\/comments?post=20112"}],"version-history":[{"count":0,"href":"https:\/\/tamerbadr.com\/fr\/wp-json\/wp\/v2\/pages\/20112\/revisions"}],"wp:attachment":[{"href":"https:\/\/tamerbadr.com\/fr\/wp-json\/wp\/v2\/media?parent=20112"}],"curies":[{"name":"wp","href":"https:\/\/api.w.org\/{rel}","templated":true}]}}