{"id":19585,"date":"2025-03-16T21:59:57","date_gmt":"2025-03-16T21:59:57","guid":{"rendered":"https:\/\/white-ant-267257.hostingersite.com\/?post_type=product&#038;p=19585"},"modified":"2025-07-13T07:17:53","modified_gmt":"2025-07-13T07:17:53","slug":"the-book-of-the-characteristics-of-the-shepherd-and-the-flock","status":"publish","type":"product","link":"https:\/\/tamerbadr.com\/fi\/tuote\/the-book-of-the-characteristics-of-the-shepherd-and-the-flock","title":{"rendered":"Paimenen ja lauman ominaisuuksien kirja"},"content":{"rendered":"<h1 style=\"text-align: center;\"><strong>Johdanto kirjaan Paimenen ja lauman ominaisuudet<\/strong><\/h1>\n<h1 style=\"text-align: center;\">Islamilla on selke\u00e4 ja kattava l\u00e4hestymistapa hallitsijan ja h\u00e4nen alamaistensa v\u00e4liseen suhteeseen. Tutkijat ovat k\u00e4sitelleet t\u00e4t\u00e4 suhdetta islamilaista politiikkaa k\u00e4sitteleviss\u00e4 kirjoissa, mukaan lukien kummankin osapuolen velvollisuudet ja oikeudet, osoittaen, ett\u00e4 islamilla on oma el\u00e4m\u00e4ntapansa. Poliittisesta n\u00e4k\u00f6kulmasta, hallitsijan ja h\u00e4nen alamaistensa v\u00e4lisen suhteen osalta, islamin historiassa ei ole tunnettu tietty\u00e4 islamilaista hallintoj\u00e4rjestelm\u00e4\u00e4. Islam, lopullinen jumalallinen laki, ei luonut tietty\u00e4 j\u00e4rjestelm\u00e4\u00e4, joka olisi pakotettu muslimeille kaikkina aikoina ja paikoissa. Sen sijaan se loi yleisi\u00e4 periaatteita, jotka sopivat kaikkiin aikoihin ja paikkoihin, syventym\u00e4tt\u00e4 yksityiskohtiin, menetelmiin ja yksityiskohtiin, jotka luonteensa vuoksi kehittyv\u00e4t ja muuttuvat ajan ja paikan muuttuvien olosuhteiden mukana, jotta jokainen kansakunta voi ottaa huomioon, mik\u00e4 sopii sen olosuhteisiin ja mit\u00e4 sen edut vaativat.<\/h1>\n<h1 style=\"text-align: center;\">N\u00e4in ollen, mit\u00e4 tulee valtioteoriaan, islam ei s\u00e4\u00e4t\u00e4nyt poliittista j\u00e4rjestelm\u00e4\u00e4, jota ei voisi muuttaa tai muokata, eik\u00e4 se syventynyt yksityiskohtiin absoluuttisten, lopullisten arvojen pohjalta. Sen sijaan se ainoastaan loi yleiset periaatteet ja kattavat s\u00e4\u00e4nn\u00f6t, joille t\u00e4m\u00e4n teorian tulisi perustua. Islamilainen valtioteoria (yksityiskohtien ja yksityiskohtien osalta), kuten kaikki muutkin islamilaiset poliittiset teoriat, on muutoksen, muutoksen ja lis\u00e4yksen alainen. Sen muotoilut eiv\u00e4t ole lopullisia eiv\u00e4tk\u00e4 absoluuttisia, eiv\u00e4tk\u00e4 ne ole j\u00e4yk\u00e4lle muottiin asetettuja. Islam sallii poliittisten teorioiden kehitt\u00e4misen ja muokkaamisen, ja muslimioppineet ovat pyrkineet muotoilemaan n\u00e4it\u00e4 teorioita aikakauden vaatimusten ja ajan ja paikan olosuhteiden mukaisesti.<\/h1>\n<h1 style=\"text-align: center;\">Islamin ja yhteiskuntavaltion, kansalaisuuden tai mielipiteen- ja uskonvapauden v\u00e4lill\u00e4 ei ole mink\u00e4\u00e4nlaista kuilua. Ne, jotka olettavat islamin ja kaikkien n\u00e4iden nykyaikaisten ajatusten olevan ristiriidassa, eiv\u00e4t itse ymm\u00e4rr\u00e4 islamin todellista luonnetta eiv\u00e4tk\u00e4 he lue profeetan (rauha ja siunaukset h\u00e4nelle) ja h\u00e4nen jalojen seuralaistensa (olkoon Allah heihin tyytyv\u00e4inen) historiaa oikein tai oikeudenmukaisesti. T\u00e4st\u00e4 syyst\u00e4 islamilaisella valtiolla on omat erityispiirteens\u00e4, aivan kuten islamilaisella hallintoj\u00e4rjestelm\u00e4ll\u00e4 on omat perustansa: Jumalan palveleminen, oikeudenmukaisuus, neuvottelu ja sen velvollisuus, tasa-arvo, kuuliaisuus vallanpit\u00e4jille, velvollisuus neuvoa vallanpit\u00e4ji\u00e4, hallitsijan tai paimenen vastuu ja h\u00e4nen alistuvuutensa oikeuslaitoksen ja kansakunnan valvontaan, kansakunnan poliittinen yhten\u00e4isyys, oikeuksien ja velvollisuuksien takaaminen sek\u00e4 vapaus. N\u00e4m\u00e4 perustat edustavat islamilaisen j\u00e4rjestelm\u00e4n ydint\u00e4 ja niit\u00e4 perustaa, jotka parhaiten ilment\u00e4v\u00e4t sen ainutlaatuisuutta. Olen yritt\u00e4nyt k\u00e4sitell\u00e4 t\u00e4t\u00e4 kirjassani niin paljon kuin mahdollista.<\/h1>\n<h1 style=\"text-align: center;\">Lopuksi pyyd\u00e4n Kaikkivaltiasta Jumalaa tekem\u00e4\u00e4n ty\u00f6ni vilpitt\u00f6m\u00e4sti H\u00e4nen t\u00e4htens\u00e4, palkitsemaan minut jokaisesta kirjoittamastani sanasta, sijoittamaan sen hyvien tekojeni joukkoon ja palkitsemaan veljeni, jotka auttoivat minua kaikella, mit\u00e4 heill\u00e4 oli t\u00e4m\u00e4n kirjan loppuun saattamiseksi.<\/h1>\n<h1 style=\"text-align: center;\">\u201dKunnia olkoon Sinulle, oi Jumala, ja ylistys olkoon Sinulle. Todistan, ettei ole muuta jumalaa kuin Sin\u00e4. Pyyd\u00e4n anteeksiantoasi ja kadun Sinua. Viimeinen rukouksemme on: Kaikki ylistys kuuluu Jumalalle, maailmojen Herralle.\u201d<\/h1>\n<h1 style=\"text-align: center;\">K\u00f6yh\u00e4, joka tarvitsee Herransa anteeksiantoa ja armoa<\/h1>\n<h1 style=\"text-align: center;\">Tamer Badr<\/h1>\n<h1 style=\"text-align: center;\">Sunnuntai, Rajab 3, 1440 AH<\/h1>\n<h1 style=\"text-align: center;\">10. maaliskuuta 2019<\/h1>","protected":false},"excerpt":{"rendered":"<p>\u0645\u0642\u062f\u0645\u0629 \u0643\u062a\u0627\u0628 \u0635\u0641\u0629 \u0627\u0644\u0631\u0627\u0639\u064a \u0648\u0627\u0644\u0631\u0639\u064a\u0629 \u0644\u0642\u062f \u0648\u0636\u0639 \u0627\u0644\u0625\u0633\u0644\u0627\u0645 \u0645\u0646\u0647\u062c\u064b\u0627 \u0628\u064a\u0651\u0650\u0646\u064b\u0627 \u0648\u0648\u0627\u0641\u064a\u064b\u0627 \u0641\u064a \u0627\u0644\u0639\u0644\u0627\u0642\u0629 \u0628\u064a\u0646 \u0627\u0644\u0631\u0627\u0639\u064a \u0648\u0627\u0644\u0631\u0639\u064a\u0629\u060c \u0648\u0628\u064e\u062d\u064e\u062b\u064e \u0623\u0647\u0644\u064f \u0627\u0644\u0639\u0644\u0645 \u0641\u064a \u0643\u062a\u0628 \u0627\u0644\u0633\u064a\u0627\u0633\u0629 \u0627\u0644\u0634\u0631\u0639\u064a\u0629 \u0645\u0627 \u064a\u062a\u0639\u0644\u0651\u064e\u0642 \u0628\u0647\u0630\u0647 \u0627\u0644\u0639\u0644\u0627\u0642\u0629\u060c \u0648\u0648\u0627\u062c\u0628\u0627\u062a \u0643\u0644 \u0645\u0646 \u0627\u0644\u0637\u0631\u0641\u064a\u0646 \u0648\u062d\u0642\u0648\u0642\u0647 \u0639\u0644\u0649 \u0648\u062c\u0647 \u064a\u064f\u0628\u064e\u064a\u0651\u0650\u0646 \u0623\u0646 \u0627\u0644\u0625\u0633\u0644\u0627\u0645 \u0644\u0647 \u0646\u0638\u0627\u0645\u0647 \u0627\u0644\u062e\u0627\u0635 \u0645\u0646\u0647\u062c\u064b\u0627 \u0644\u0644\u062d\u064a\u0627\u0629\u061b \u0648\u0645\u0646 \u0627\u0644\u0646\u0627\u062d\u064a\u0629 \u0627\u0644\u0633\u064a\u0627\u0633\u064a\u0629 \u0641\u064a\u0645\u0627 \u064a\u062a\u0639\u0644\u0642 \u0628\u0639\u0644\u0627\u0642\u0629 \u0627\u0644\u0625\u0645\u0627\u0645 \u0648\u0631\u0639\u064a\u062a\u0647 \u0645\u0646 \u0627\u0644\u0645\u0648\u0627\u0637\u0646\u064a\u0646 \u0641\u0644\u0645 \u064a\u0639\u0631\u0641 \u0627\u0644\u062a\u0627\u0631\u064a\u062e [&hellip;]<\/p>","protected":false},"featured_media":19692,"comment_status":"open","ping_status":"closed","template":"","meta":{"_seopress_robots_primary_cat":"","_seopress_titles_title":"","_seopress_titles_desc":"","_seopress_robots_index":"","inline_featured_image":false,"_uf_show_specific_survey":0,"_uf_disable_surveys":false},"product_brand":[],"product_cat":[187],"product_tag":[],"class_list":{"0":"post-19585","1":"product","2":"type-product","3":"status-publish","4":"has-post-thumbnail","6":"product_cat-187","8":"first","9":"instock","10":"downloadable","11":"shipping-taxable","12":"purchasable","13":"product-type-simple"},"_links":{"self":[{"href":"https:\/\/tamerbadr.com\/fi\/wp-json\/wp\/v2\/product\/19585","targetHints":{"allow":["GET"]}}],"collection":[{"href":"https:\/\/tamerbadr.com\/fi\/wp-json\/wp\/v2\/product"}],"about":[{"href":"https:\/\/tamerbadr.com\/fi\/wp-json\/wp\/v2\/types\/product"}],"replies":[{"embeddable":true,"href":"https:\/\/tamerbadr.com\/fi\/wp-json\/wp\/v2\/comments?post=19585"}],"wp:featuredmedia":[{"embeddable":true,"href":"https:\/\/tamerbadr.com\/fi\/wp-json\/wp\/v2\/media\/19692"}],"wp:attachment":[{"href":"https:\/\/tamerbadr.com\/fi\/wp-json\/wp\/v2\/media?parent=19585"}],"wp:term":[{"taxonomy":"product_brand","embeddable":true,"href":"https:\/\/tamerbadr.com\/fi\/wp-json\/wp\/v2\/product_brand?post=19585"},{"taxonomy":"product_cat","embeddable":true,"href":"https:\/\/tamerbadr.com\/fi\/wp-json\/wp\/v2\/product_cat?post=19585"},{"taxonomy":"product_tag","embeddable":true,"href":"https:\/\/tamerbadr.com\/fi\/wp-json\/wp\/v2\/product_tag?post=19585"}],"curies":[{"name":"wp","href":"https:\/\/api.w.org\/{rel}","templated":true}]}}