{"id":19583,"date":"2025-03-16T21:57:43","date_gmt":"2025-03-16T21:57:43","guid":{"rendered":"https:\/\/white-ant-267257.hostingersite.com\/?post_type=product&#038;p=19583"},"modified":"2025-07-13T07:20:37","modified_gmt":"2025-07-13T07:20:37","slug":"the-book-of-islam-and-war","status":"publish","type":"product","link":"https:\/\/tamerbadr.com\/fi\/tuote\/the-book-of-islam-and-war","title":{"rendered":"Kirja islamista ja sodasta"},"content":{"rendered":"<h1 style=\"text-align: center;\"><strong>Johdanto kirjaan Islam ja sota<\/strong><\/h1>\n<h1 style=\"text-align: center;\">Sota on yleismaailmallinen laki ja jumalallinen s\u00e4\u00e4d\u00f6s, jolta mik\u00e4\u00e4n aika tai paikka ei ole vailla. Totuus ja valhe k\u00e4yv\u00e4t jatkuvaa, ikivanhaa ja jatkuvaa taistelua. Islamin aamunkoiton aattona sodat olivat islamia edelt\u00e4neess\u00e4 yhteiskunnassa t\u00e4ydess\u00e4 vauhdissa. Sota oli itse asiassa arabien jatkuva tulonl\u00e4hde.<\/h1>\n<h1 style=\"text-align: center;\">Islamia edelt\u00e4v\u00e4t sodat puhkesivat yksinkertaisesti halusta ry\u00f6st\u00e4\u00e4 ja ry\u00f6st\u00e4\u00e4, n\u00f6yryytt\u00e4\u00e4 muita tai mit\u00e4tt\u00f6mist\u00e4 syist\u00e4. Vuosikymmeni\u00e4 kest\u00e4nyt Basuksen sota puhkesi kamelin munan rikkomisen vuoksi, ja kaiken tuhonnut Dahisin ja Ghabran sota johtui kahden hevosen v\u00e4lisest\u00e4 kilpailusta.<\/h1>\n<h1 style=\"text-align: center;\">N\u00e4ist\u00e4 ja vastaavista syist\u00e4 sota puhkesi islamia edelt\u00e4v\u00e4ll\u00e4 aikakaudella. Islam muutti tuon yhteiskunnan kulkua, pahensi verenvuodatusta siin\u00e4 ja teki sodasta sen vihaaman. Islam ei tullut kumoamaan kosmisia lakeja. Ep\u00e4oikeudenmukaisuus on olemassa, oikeus on olemassa, valhe on olemassa ja totuus on olemassa. Vastakohdat eiv\u00e4t voi olla olemassa ilman, ett\u00e4 ne taistelevat toisiaan vastaan. Kaikkivaltias Allah sanoi: {Ja ellei Allah hillitsisi joitakin ihmisi\u00e4 toisten avulla, luostarit, kirkot, synagogat ja moskeijat, joissa Allahin nime\u00e4 paljon mainitaan, olisi tuhottu.} [Al-Hajj: 40]<\/h1>\n<h1 style=\"text-align: center;\">Sota tarkoittaa kielell\u00e4 ja terminologialla poikkeamista alkuper\u00e4isest\u00e4 periaatteesta, joka on rauha, tyyneys, vakaus, turvallisuus ja suoja sielulle, itselle, hengelle, ruumiille, vauraudelle, lapsille ja kaikelle el\u00e4m\u00e4ss\u00e4 olevalle, jotta se voi suorittaa teht\u00e4v\u00e4ns\u00e4, jota varten se on luotu itselleen tai muiden Jumalan luomakuntien hy\u00f6dyksi. N\u00e4in ollen sotaan kuuluu erehtym\u00e4tt\u00f6m\u00e4n itsen hy\u00f6kk\u00e4\u00e4minen ilman syyt\u00e4, joko tappamalla tai muulla tavoin, tavalla, joka vaikuttaa kielteisesti hy\u00f6kk\u00e4yksen kohteen erehtym\u00e4tt\u00f6myyteen ja terrorisoi h\u00e4nen aineellista turvallisuuttaan ja psykologista rauhaansa riippumatta t\u00e4m\u00e4n hy\u00f6kk\u00e4yksen asteesta, olipa se aggressiota tai ep\u00e4oikeudenmukaisuutta. Jos se on alun perin per\u00e4isin muilta, se voidaan kuvitella itsen ja itsen ollessa itse\u00e4 vastaan, jolloin henkil\u00f6 tekee tekoja ja syntej\u00e4, jotka saavat h\u00e4net putoamaan turmeluksen ja tuhon keh\u00e4\u00e4n, olipa se sitten t\u00e4ydellist\u00e4 tai osittaista ja olipa se sitten positiivista tai negatiivista.<\/h1>\n<h1 style=\"text-align: center;\">T\u00e4ss\u00e4 on t\u00e4rke\u00e4\u00e4 selitt\u00e4\u00e4 islamin n\u00e4kemys sodasta ja tiivist\u00e4\u00e4 t\u00e4m\u00e4 k\u00e4site useisiin p\u00e4\u00e4kohtiin:<\/h1>\n<h1 style=\"text-align: center;\">Ensinn\u00e4kin: Rauha on p\u00e4\u00e4m\u00e4\u00e4r\u00e4 ja tavoite. Sota on yksi keinoista saavuttaa rauha. Pyh\u00e4 Koraani sanoo t\u00e4st\u00e4:<\/h1>\n<h1 style=\"text-align: center;\">- &quot;Te, jotka uskotte, k\u00e4\u00e4ntyk\u00e4\u00e4 t\u00e4ysin islamiin.&quot; [Al-Baqarah: 208]<\/h1>\n<h1 style=\"text-align: center;\">- \u201dMutta jos he taipuvat rauhaan, niin taipukaa siihen ja turvautukaa Allahiin. Totisesti, H\u00e4n on kuuleva, tiet\u00e4v\u00e4.\u201d [Al-Anfal: 61]<\/h1>\n<h1 style=\"text-align: center;\">- &quot;Ja taistelkaa Allahin tiell\u00e4 niit\u00e4 vastaan, jotka taistelevat teit\u00e4 vastaan, mutta eiv\u00e4t riko. Totisesti, Allah ei pid\u00e4 rikollisista.&quot;<\/h1>\n<h1 style=\"text-align: center;\">[Al-Baqarah: 190].<\/h1>\n<h1 style=\"text-align: center;\">\u2013 \ufd3fMutta jos he vet\u00e4ytyv\u00e4t teist\u00e4 eiv\u00e4tk\u00e4 taistele teit\u00e4 vastaan ja tarjoa teille rauhaa, niin Allah ei ole antanut teille mit\u00e4\u00e4n keinoa heit\u00e4 vastaan.\ufd3e<\/h1>\n<h1 style=\"text-align: center;\">[Naiset: 90].<\/h1>\n<h1 style=\"text-align: center;\">Toiseksi: Islamissa on kahdenlaisia sotia:<\/h1>\n<h1 style=\"text-align: center;\">1. Puolustus: suojella muslimien maata ja heid\u00e4n uskoaan. Koraani sanoo t\u00e4st\u00e4:<\/h1>\n<h1 style=\"text-align: center;\">- &quot;Joka siis rikkoo sinua vastaan, rikkokaa h\u00e4nt\u00e4 vastaan h\u00e4nen rikkomuksensa verran sinua vastaan.&quot; [Al-Baqarah: 194]<\/h1>\n<h1 style=\"text-align: center;\">2. Hy\u00f6kk\u00e4ys: Sen tavoitteena ei ole hy\u00f6k\u00e4t\u00e4, asuttaa, alistaa kansoja tai pakottaa kansakuntia omaksumaan uskontoa, vaan pikemminkin vapauttaa heid\u00e4n tahtonsa ja vapautensa, jotta he voivat valita tosi uskonnon... ilman hallitsijoiden tai hy\u00f6kk\u00e4\u00e4jien pakkoa. T\u00e4ss\u00e4 suhteessa Kaikkivaltias Jumala sanoo:<\/h1>\n<h1 style=\"text-align: center;\">- \u201dUskonnossa ei ole pakkoa. Oikea tie on erotettu v\u00e4\u00e4r\u00e4st\u00e4.\u201d [Al-Baqarah: 256]<\/h1>\n<h1 style=\"text-align: center;\">- &quot;Ja ellei Allah hillitsisi joitakin ihmisi\u00e4 toisten kautta, maa olisi turmeltunut.&quot; [Al-Baqarah: 251]<\/h1>\n<h1 style=\"text-align: center;\">Kolmanneksi: Taistelun intensiteetti ei tarkoita julmuutta, raakuutta tai ep\u00e4oikeudenmukaisuutta.<\/h1>\n<h1 style=\"text-align: center;\">1. Muslimeille annettiin k\u00e4sky taistella kiivaasti, mik\u00e4 tarkoittaa p\u00e4\u00e4tt\u00e4v\u00e4isyytt\u00e4, lujuutta ja per\u00e4\u00e4ntym\u00e4tt\u00f6myysvaatimusta. Kaikkivaltias Jumala sanoi:<\/h1>\n<h1 style=\"text-align: center;\">- \u201dTe uskoneet, kun kohtaatte uskottomien l\u00e4hestyv\u00e4n [taistelussa], \u00e4lk\u00e4\u00e4 k\u00e4\u00e4nt\u00e4k\u00f6 heille selk\u00e4\u00e4nne.\u201d [Al-Anfal: 15]<\/h1>\n<h1 style=\"text-align: center;\">-- Kun siis kohtaatte uskottomia [taistelussa], ly\u00f6k\u00e4\u00e4 [heid\u00e4n] niskaansa, kunnes olette aiheuttaneet heille teurastuksen ja sitten sitokaa [heid\u00e4n] siteens\u00e4.<\/h1>\n<h1 style=\"text-align: center;\">[Muhammed: 47].<\/h1>\n<h1 style=\"text-align: center;\">- &quot;Oi Profeetta, taistele uskottomia ja tekopyhi\u00e4 vastaan ja ole heille ankara.&quot; [At-Tawbah: 73]<\/h1>\n<h1 style=\"text-align: center;\">2. Samaan aikaan heit\u00e4 k\u00e4skettiin olemaan armollisia, oikeudenmukaisia ja yst\u00e4v\u00e4llisi\u00e4 voiton j\u00e4lkeen. Kaikkivaltias Jumala sanoi:<\/h1>\n<h1 style=\"text-align: center;\">- \u201dJa he antavat ruokaa, rakkaudestaan huolimatta, k\u00f6yhille, orvoille ja vangeille.\u201d [Al-Insan: 8]<\/h1>\n<h1 style=\"text-align: center;\">- \u201dSitten joko palvelus j\u00e4lkeenp\u00e4in tai lunnaat, kunnes sota on luopunut taakastaan.\u201d [Muhammed: 47]<\/h1>\n<h1 style=\"text-align: center;\">T\u00e4m\u00e4 oli ideologinen puoli, ja puhuimme siit\u00e4 hyvin lyhyesti. Toinen puoli on j\u00e4ljell\u00e4, eli islamilaisen sotilaallisen toiminnan k\u00e4yt\u00e4nn\u00f6n puoli.<\/h1>\n<h1 style=\"text-align: center;\">Kun Allahin k\u00e4sky k\u00e4yd\u00e4 jihadia paljastettiin muslimeille, H\u00e4n ei j\u00e4tt\u00e4nyt heit\u00e4 yksin uskonsa varaan eik\u00e4 tyytynyt heid\u00e4n korkeaan moraaliinsa. Sen sijaan H\u00e4n sanoi heille: &quot;Ja valmistakaa heit\u00e4 vastaan kaikki voima ja sotaratsut, joihin pystytte, joilla voitte pelotella Allahin vihollista ja omaa vihollistanne.&quot; [Al-Anfal: 60] K\u00e4sky valmistautua ei rajoitu t\u00e4ss\u00e4 pelk\u00e4st\u00e4\u00e4n aseisiin. Se sis\u00e4lt\u00e4\u00e4 pikemminkin sodank\u00e4ynnin kattavan ja jatkuvan organisoinnin, sek\u00e4 aineellisesti ett\u00e4 moraalisesti, alkaen kurin, organisoinnin ja j\u00e4rjestyksen opettamisesta jatkuvaan koulutukseen kaikilla aseilla, sotasuunnitelmien opiskeluun, alueiden ja paikkakuntien maantieteen tuntemiseen. Sitten halu hankkia moderneja ja edistyneit\u00e4 aseita ja harjoitella niill\u00e4. Ensimm\u00e4isest\u00e4 hetkest\u00e4 l\u00e4htien, kun k\u00e4sky k\u00e4yd\u00e4 jihadia paljastettiin, L\u00e4hettil\u00e4s (rauha ja siunaus olkoon h\u00e4nen p\u00e4\u00e4ll\u00e4\u00e4n) alkoi opettaa seuraajiaan ja valmistaa heit\u00e4 suureen l\u00e4ht\u00f6\u00f6n levitt\u00e4\u00e4 uskontoa maan syvimpiin kolkkiin. Todellakin, h\u00e4nen opetuksensa (rauha ja siunaus olkoon h\u00e4nen p\u00e4\u00e4ll\u00e4\u00e4n) olivat kuin koulu valmistuville johtajille. Luita l\u00e4pi aikojen ja sukupolvien.<\/h1>\n<h1 style=\"text-align: center;\">T\u00e4ss\u00e4 kirjassa tarkastelemme islamin sodan teoriaa kaikissa sen aspekteissa. Toivon, ett\u00e4 kirjoittamani toimii mallina sille, mihin pyrin ja mihin tutkijat pyrkiv\u00e4t tutkiessaan sotahistoriamme tapahtumia.<\/h1>\n<h1 style=\"text-align: center;\">En tarvitse kommentteja, jotka t\u00e4ytt\u00e4isiv\u00e4t ihmisluontoon kuuluvan aukon. Kiit\u00e4n etuk\u00e4teen kaikkia, jotka ovat antaneet hy\u00f6dyllisen kommentin tai jotka eiv\u00e4t ole kitsastelleet vilpitt\u00f6m\u00e4ss\u00e4 rukouksessani poissaolevana. Jumala parantakoon muslimien olosuhteita ja suojelkoon heit\u00e4 pahalta ja ahdistuksilta. Jumalan rukoukset ja rauha olkoon is\u00e4nt\u00e4mme Muhammadin yll\u00e4, Jumala siunatkoon ja suokoon h\u00e4nelle rauhan.<\/h1>\n<h1 style=\"text-align: center;\">Lopuksi pyyd\u00e4n Kaikkivaltiasta Jumalaa tekem\u00e4\u00e4n ty\u00f6ni vilpitt\u00f6m\u00e4sti H\u00e4nen t\u00e4htens\u00e4 ja palkitsemaan minut jokaisesta kirjoittamastani sanasta, sijoittamaan sen hyvien tekojeni joukkoon ja palkitsemaan veljeni, jotka auttoivat minua kaikella, mit\u00e4 heill\u00e4 oli t\u00e4m\u00e4n kirjan loppuun saattamiseksi.<\/h1>\n<h1 style=\"text-align: center;\">\u201dKunnia olkoon Sinulle, oi Jumala, ja ylistys olkoon Sinulle. Todistan, ettei ole muuta jumalaa kuin Sin\u00e4. Pyyd\u00e4n anteeksiantoasi ja kadun Sinua. Ja viimeinen rukouksemme on: Kaikki ylistys kuuluu Jumalalle, maailmojen Herralle.\u201d<\/h1>\n<h1 style=\"text-align: center;\">K\u00f6yh\u00e4, joka tarvitsee Herransa anteeksiantoa ja armoa<\/h1>\n<h1 style=\"text-align: center;\">Tamer Badr<\/h1>\n<h1 style=\"text-align: center;\">8. ramadania 1440 AH<\/h1>\n<h1 style=\"text-align: center;\">13. toukokuuta 2019<\/h1>","protected":false},"excerpt":{"rendered":"<p>\u0645\u0642\u062f\u0645\u0629 \u0643\u062a\u0627\u0628 \u0627\u0644\u0627\u0633\u0644\u0627\u0645 \u0648\u0627\u0644\u062d\u0631\u0628 \u0625\u0646 \u0627\u0644\u062d\u0631\u0628 \u0633\u0646\u0629 \u0643\u0648\u0646\u064a\u0629 \u0648\u0642\u062f\u0631 \u0625\u0644\u0647\u064a \u0644\u0627 \u064a\u062e\u0644\u0648 \u0645\u0646\u0647 \u0632\u0645\u0627\u0646 \u0623\u0648 \u0645\u0643\u0627\u0646\u060c \u0641\u0627\u0644\u062d\u0642 \u0648\u0627\u0644\u0628\u0627\u0637\u0644 \u0641\u064a \u0635\u0631\u0627\u0639 \u062f\u0627\u0626\u0645 \u0648\u0642\u062f\u064a\u0645 \u0648\u0645\u0633\u062a\u0645\u0631\u060c \u0648\u0639\u0634\u064a\u0629 \u0628\u0632\u0648\u063a \u0641\u062c\u0631 \u0627\u0644\u0625\u0633\u0644\u0627\u0645 \u0643\u0627\u0646\u062a \u0627\u0644\u062d\u0631\u0648\u0628 \u0641\u064a \u0627\u0644\u0645\u062c\u062a\u0645\u0639 \u0627\u0644\u062c\u0627\u0647\u0644\u064a \u0642\u0627\u0626\u0645\u0629 \u0639\u0644\u0649 \u0642\u062f\u0645 \u0648\u0633\u0627\u0642\u060c \u0628\u0644 \u0643\u0627\u0646\u062a \u0627\u0644\u062d\u0631\u0628 \u0645\u0646 \u0645\u0635\u0627\u062f\u0631 \u0627\u0644\u062f\u062e\u0644 \u0627\u0644\u062b\u0627\u0628\u062a\u0629 \u0639\u0646\u062f \u0627\u0644\u0639\u0631\u0628. \u0648\u062d\u0631\u0648\u0628 \u0627\u0644\u062c\u0627\u0647\u0644\u064a\u0629 \u0643\u0627\u0646\u062a \u062a\u0646\u0634\u0628 \u0644\u0645\u062c\u0631\u062f \u0627\u0644\u0631\u063a\u0628\u0629 \u0641\u064a \u0627\u0644\u0633\u0644\u0628 \u0648\u0627\u0644\u0646\u0647\u0628 \u0623\u0648 [&hellip;]<\/p>","protected":false},"featured_media":19687,"comment_status":"open","ping_status":"closed","template":"","meta":{"_seopress_robots_primary_cat":"","_seopress_titles_title":"","_seopress_titles_desc":"","_seopress_robots_index":"","inline_featured_image":false,"_uf_show_specific_survey":0,"_uf_disable_surveys":false},"product_brand":[],"product_cat":[189],"product_tag":[],"class_list":{"0":"post-19583","1":"product","2":"type-product","3":"status-publish","4":"has-post-thumbnail","6":"product_cat-189","8":"first","9":"instock","10":"downloadable","11":"shipping-taxable","12":"purchasable","13":"product-type-simple"},"_links":{"self":[{"href":"https:\/\/tamerbadr.com\/fi\/wp-json\/wp\/v2\/product\/19583","targetHints":{"allow":["GET"]}}],"collection":[{"href":"https:\/\/tamerbadr.com\/fi\/wp-json\/wp\/v2\/product"}],"about":[{"href":"https:\/\/tamerbadr.com\/fi\/wp-json\/wp\/v2\/types\/product"}],"replies":[{"embeddable":true,"href":"https:\/\/tamerbadr.com\/fi\/wp-json\/wp\/v2\/comments?post=19583"}],"wp:featuredmedia":[{"embeddable":true,"href":"https:\/\/tamerbadr.com\/fi\/wp-json\/wp\/v2\/media\/19687"}],"wp:attachment":[{"href":"https:\/\/tamerbadr.com\/fi\/wp-json\/wp\/v2\/media?parent=19583"}],"wp:term":[{"taxonomy":"product_brand","embeddable":true,"href":"https:\/\/tamerbadr.com\/fi\/wp-json\/wp\/v2\/product_brand?post=19583"},{"taxonomy":"product_cat","embeddable":true,"href":"https:\/\/tamerbadr.com\/fi\/wp-json\/wp\/v2\/product_cat?post=19583"},{"taxonomy":"product_tag","embeddable":true,"href":"https:\/\/tamerbadr.com\/fi\/wp-json\/wp\/v2\/product_tag?post=19583"}],"curies":[{"name":"wp","href":"https:\/\/api.w.org\/{rel}","templated":true}]}}