{"id":19582,"date":"2025-03-16T21:56:12","date_gmt":"2025-03-16T21:56:12","guid":{"rendered":"https:\/\/white-ant-267257.hostingersite.com\/?post_type=product&#038;p=19582"},"modified":"2025-07-13T07:21:17","modified_gmt":"2025-07-13T07:21:17","slug":"unforgettable-countries-book","status":"publish","type":"product","link":"https:\/\/tamerbadr.com\/fi\/tuote\/unforgettable-countries-book","title":{"rendered":"Unohtumattomien maiden kirja"},"content":{"rendered":"<h1 style=\"text-align: center;\"><strong>Professori Dr. Ragheb El-Serganyn johdanto kirjaan &quot;Unforgettable Countries&quot;<\/strong><\/h1>\n<h1 style=\"text-align: center;\">Monet v\u00e4\u00e4ristelij\u00e4t ja valehtelijat levitt\u00e4v\u00e4t ajatusta, ett\u00e4 islamilaisessa historiassa ei ole loistavaa menneisyytt\u00e4, paitsi L\u00e4hettil\u00e4\u00e4n (rauha h\u00e4nelle), Abu Bakrin ja Umarin (rauha h\u00e4nelle) aikana. T\u00e4m\u00e4 valehtelu on tarkoitettu vain levitt\u00e4m\u00e4\u00e4n turhautumista muslimien syd\u00e4miin ja saamaan heid\u00e4t tuntemaan, ett\u00e4 heid\u00e4n kansannousunsa mahdollisuus on k\u00e4ynyt hyvin kaukaiseksi ja ett\u00e4 islamilainen l\u00e4hestymistapa ei kykene rakentamaan valtiota tai elvytt\u00e4m\u00e4\u00e4n kansakuntaa. Kaikki t\u00e4m\u00e4 on vastoin totuutta ja kaukana totuudesta. Siksi on kiireellisesti selitett\u00e4v\u00e4 kansakuntamme historian eri vaiheet ja ett\u00e4 kansakunta, olipa se kuinka heikko tahansa, nousee j\u00e4lleen, ja jos sen lippu putoaa yhdess\u00e4 paikassa, sen liput nostetaan muualla. Ja ett\u00e4 Jumalan laki on, ett\u00e4 j\u00e4ljelle j\u00e4\u00e4 vilpitt\u00f6mi\u00e4 muslimeja, jotka puolustavat t\u00e4m\u00e4n kansakunnan asiaa ja s\u00e4ilytt\u00e4v\u00e4t sen arvokkuuden. T\u00e4m\u00e4 on Jumalan L\u00e4hettil\u00e4\u00e4n (rauha h\u00e4nelle) hadithin totuus: &quot;Ryhm\u00e4 kansakuntaani on aina voitokas kenest\u00e4 tahansa...&quot;<\/h1>\n<h1 style=\"text-align: center;\">He hy\u00f6kk\u00e4\u00e4v\u00e4t heid\u00e4n kimppuunsa ja valloittavat heid\u00e4t, eiv\u00e4tk\u00e4 heit\u00e4 vastustavat vahingoita heit\u00e4, ennen kuin Allahin k\u00e4sky tulee heille, ja he pysyv\u00e4t sellaisina. (Kertoneet Al-Bukhari ja Muslim)<\/h1>\n<h1 style=\"text-align: center;\">Jumalan l\u00e4hettil\u00e4s, siunatkoon Jumala h\u00e4nt\u00e4 ja suokoon h\u00e4nelle rauhan, antoi meille suuren esimerkin valtion perustamisessa ja kansakunnan rakentamisessa. N\u00e4in tehdess\u00e4\u00e4n h\u00e4n kohtasi tuolloin vallinneita sorron voimia, joita edustivat Arabian niemimaan uskottomat, joita johtivat Mekan uskottomat, ja juutalaiset eri heimoineen, sek\u00e4 j\u00e4ttim\u00e4inen Rooman valtakunta. T\u00e4st\u00e4 kauhistuttavasta yhteenotosta huolimatta Kaikkivaltias Jumala m\u00e4\u00e4r\u00e4si h\u00e4nelle voiton ja menestyksen, kunnes h\u00e4nen valtionsa vakiintui nuoreksi ja ylpe\u00e4ksi kansakunnaksi.<\/h1>\n<h1 style=\"text-align: center;\">Allahin l\u00e4hettil\u00e4\u00e4n (rauha ja siunaukset olkoot h\u00e4nen p\u00e4\u00e4ll\u00e4\u00e4n) j\u00e4lkeen oikeamieliset kalifit rakensivat vahvan ja mahtavan valtion, joka kykeni tuhoamaan Khosraun ja Caesarin valtaistuimet ja asettamaan muslimit maailman eturintamaan. Sek\u00e4 ennen ett\u00e4 j\u00e4lkeen kaiken t\u00e4m\u00e4n se oli heit\u00e4 parempi oppien suhteen, joten se kykeni uudistamaan maailmaansa uskonnollaan ja nostamaan el\u00e4m\u00e4ntasoa valtiossaan Herransa lain avulla. Se saavutti vaikean yht\u00e4l\u00f6n, joka yhdist\u00e4\u00e4 onnen molemmissa maailmoissa: t\u00e4ss\u00e4 maailmassa ja tuonpuoleisessa.<\/h1>\n<h1 style=\"text-align: center;\">Islamilaisen kansakunnan matka ei pys\u00e4htynyt oikeamielisten kalifien aikaan, vaan se jatkoi sivilisaationsa matkaa suurten ja jalojen kansojen kanssa, jotka saavuttivat mainetta ja kunniaa ja nostivat muslimien nimen korkealle kaikkialla. Oli Umayya- ja Abbasidien kalifaatit, Ayyubidien ja Mamlukien valtiot, suuri ottomaanien kalifaatti ja monet Andalusian historian mahtavat kansakunnat. Siell\u00e4 t\u00e4\u00e4ll\u00e4 oli muita kansoja, jotka muuttivat ihmiskunnan kulkua ihmeellisell\u00e4, my\u00f6nteisell\u00e4 muutoksella, joka lis\u00e4\u00e4 t\u00e4m\u00e4n j\u00e4ttil\u00e4iskansakunnan, islamilaisen kansakunnan, mainetta.<\/h1>\n<h1 style=\"text-align: center;\">T\u00e4m\u00e4 loistava historia on koko maailman parasta historiaa, mutta vain harvat tiet\u00e4v\u00e4t siit\u00e4. Valitettavasti edes muslimit itse ovat tiet\u00e4m\u00e4tt\u00f6mi\u00e4 t\u00e4st\u00e4 loistavasta historiasta. Siksi olen eritt\u00e4in iloinen, kun n\u00e4en kirjan tai mink\u00e4 tahansa kirjallisen tai taiteellisen teoksen, joka palauttaa muslimeille heid\u00e4n loistavan historiansa todellisen kuvan ja lis\u00e4\u00e4 heid\u00e4n ylpeytt\u00e4\u00e4n ja kunniaansa t\u00e4ss\u00e4 jalossa kansakunnassa.<\/h1>\n<h1 style=\"text-align: center;\">Edess\u00e4mme on yksi n\u00e4ist\u00e4 arvokkaista kirjoista, jonka kirjoittaja, herra Tamer Badr, oli innokas j\u00e4ljitt\u00e4m\u00e4\u00e4n historiamme loiston eri vaiheita alusta loppuun, esittelem\u00e4ll\u00e4 meille joitakin t\u00e4m\u00e4n historian suurista aarteista ja kertomalla meille useiden islamilaisten maiden historiasta, jotka ovat nostaneet muslimien nimen korkealle taivaisiin.<\/h1>\n<h1 style=\"text-align: center;\">Se on kaunis kirja, tyylikk\u00e4\u00e4sti kirjoitettu ja kauniisti esitetty, sis\u00e4lt\u00e4en runsaasti tarkkaa tietoa ja lis\u00e4\u00e4m\u00e4ll\u00e4 kauniin kirjan islamilaiseen kirjastoomme, josta jokainen muslimi on ylpe\u00e4.<\/h1>\n<h1 style=\"text-align: center;\">Oi Jumala, tee t\u00e4st\u00e4 ponnistelusta hyv\u00e4 teko kirjoittajalle ja tee n\u00e4ist\u00e4 riveist\u00e4 hyv\u00e4 teko jokaiselle, joka ne lukee...<\/h1>\n<h1 style=\"text-align: center;\">Pyyd\u00e4n Jumalaa kirkastamaan islamia ja muslimeja<\/h1>\n<h1 style=\"text-align: center;\">Professori Dr. Ragheb Al-Sergani<\/h1>\n<h1 style=\"text-align: center;\">Kairo, toukokuu 2012<\/h1>","protected":false},"excerpt":{"rendered":"<p>\u0645\u0642\u062f\u0645\u0629 \u0627\u0644\u0627\u0633\u062a\u0627\u0630 \u0627\u0644\u062f\u0643\u062a\u0648\u0631 \u0631\u0627\u063a\u0628 \u0627\u0644\u0633\u0631\u062c\u0627\u0646\u064a \u0644\u0643\u062a\u0627\u0628 \u062f\u0648\u0644 \u0644\u0627 \u062a\u0646\u0633\u0649 \u064a\u0634\u064a\u0639 \u0643\u062b\u064a\u0631 \u0645\u0646 \u0627\u0644\u0645\u062d\u0631\u0641\u064a\u0646 \u0648\u0627\u0644\u0645\u0632\u0648\u0631\u064a\u0646 \u0623\u0646 \u0627\u0644\u062a\u0627\u0631\u064a\u062e \u0627\u0644\u0625\u0633\u0644\u0627\u0645\u064a \u0644\u0627 \u064a\u062d\u0648\u064a \u0645\u0627\u0636\u064a\u0627 \u0645\u062c\u064a\u062f\u0627\u061b \u0625\u0644\u0627 \u0641\u064a \u0641\u062a\u0631\u0629 \u0627\u0644\u0631\u0633\u0648\u0644 \ufdfa \u0648\u0623\u0628\u064a \u0628\u0643\u0631 \u0648\u0639\u0645\u0631 \u0631\u0636\u064a \u0627\u0644\u0644\u0647 \u0639\u0646\u0647\u0645\u0627 \u060c \u0648\u0644\u064a\u0633 \u0647\u0630\u0627 \u0627\u0644\u062a\u0632\u0648\u064a\u0631 \u0625\u0644\u0627 \u0644\u0628\u062b \u0627\u0644\u0625\u062d\u0628\u0627\u0637 \u0641\u064a \u0642\u0644\u0648\u0628 \u0627\u0644\u0645\u0633\u0644\u0645\u064a\u0646 \u0648\u0625\u0634\u0639\u0627\u0631\u0647\u0645 \u0623\u0646 \u0627\u062d\u062a\u0645\u0627\u0644\u064a\u0629 \u0642\u064a\u0627\u0645\u0647\u0645 \u0635\u0627\u0631\u062a \u0628\u0639\u064a\u062f\u0629 \u062c\u062f\u0627\u060c \u0648\u0623\u0646 \u0627\u0644\u0645\u0646\u0647\u062c \u0627\u0644\u0625\u0633\u0644\u0627\u0645\u064a \u063a\u064a\u0631 \u0642\u0627\u062f\u0631 \u0639\u0644\u0649 [&hellip;]<\/p>","protected":false},"featured_media":19690,"comment_status":"open","ping_status":"closed","template":"","meta":{"_seopress_robots_primary_cat":"","_seopress_titles_title":"","_seopress_titles_desc":"","_seopress_robots_index":"","inline_featured_image":false,"_uf_show_specific_survey":0,"_uf_disable_surveys":false},"product_brand":[],"product_cat":[190],"product_tag":[],"class_list":{"0":"post-19582","1":"product","2":"type-product","3":"status-publish","4":"has-post-thumbnail","6":"product_cat-190","8":"first","9":"instock","10":"downloadable","11":"shipping-taxable","12":"purchasable","13":"product-type-simple"},"_links":{"self":[{"href":"https:\/\/tamerbadr.com\/fi\/wp-json\/wp\/v2\/product\/19582","targetHints":{"allow":["GET"]}}],"collection":[{"href":"https:\/\/tamerbadr.com\/fi\/wp-json\/wp\/v2\/product"}],"about":[{"href":"https:\/\/tamerbadr.com\/fi\/wp-json\/wp\/v2\/types\/product"}],"replies":[{"embeddable":true,"href":"https:\/\/tamerbadr.com\/fi\/wp-json\/wp\/v2\/comments?post=19582"}],"wp:featuredmedia":[{"embeddable":true,"href":"https:\/\/tamerbadr.com\/fi\/wp-json\/wp\/v2\/media\/19690"}],"wp:attachment":[{"href":"https:\/\/tamerbadr.com\/fi\/wp-json\/wp\/v2\/media?parent=19582"}],"wp:term":[{"taxonomy":"product_brand","embeddable":true,"href":"https:\/\/tamerbadr.com\/fi\/wp-json\/wp\/v2\/product_brand?post=19582"},{"taxonomy":"product_cat","embeddable":true,"href":"https:\/\/tamerbadr.com\/fi\/wp-json\/wp\/v2\/product_cat?post=19582"},{"taxonomy":"product_tag","embeddable":true,"href":"https:\/\/tamerbadr.com\/fi\/wp-json\/wp\/v2\/product_tag?post=19582"}],"curies":[{"name":"wp","href":"https:\/\/api.w.org\/{rel}","templated":true}]}}