{"id":19575,"date":"2025-03-16T21:38:04","date_gmt":"2025-03-16T21:38:04","guid":{"rendered":"https:\/\/white-ant-267257.hostingersite.com\/?post_type=product&#038;p=19575"},"modified":"2025-07-13T07:22:37","modified_gmt":"2025-07-13T07:22:37","slug":"unforgettable-days-book","status":"publish","type":"product","link":"https:\/\/tamerbadr.com\/fi\/tuote\/unforgettable-days-book","title":{"rendered":"Unohtumattomien p\u00e4ivien kirja"},"content":{"rendered":"<h1 style=\"text-align: center;\"><strong>Professori tohtori Ragheb Al-Sarjanin esittely kirjaan Unohtumattomat p\u00e4iv\u00e4t<\/strong><\/h1>\n<h1 style=\"text-align: center;\">Islamilaista historiaa on laiminly\u00f6ty suuresti vuosien ja vuosisatojen ajan. Seurauksena on, ett\u00e4 monet orientalistit ja l\u00e4nsimaalaiset ovat v\u00e4\u00e4ristelleet t\u00e4t\u00e4 historiaa. T\u00e4m\u00e4n seurauksena meill\u00e4 on historia, joka on hyvin erilainen kuin totuus. Mik\u00e4 pahinta, opetukset ja moraali ovat kadonneet n\u00e4iden v\u00e4\u00e4ristymien keskelle. N\u00e4in ollen historiasta on tullut akateeminen tutkimus, jolla ei ole merkityst\u00e4 lukijoille. T\u00e4m\u00e4n seurauksena he ovat pid\u00e4tt\u00e4ytyneet sen lukemisesta ja tutkimisesta.<\/h1>\n<h1 style=\"text-align: center;\">T\u00e4m\u00e4n vakavan tilanteen edess\u00e4 joidenkin innokkaiden ihmisten oli noustava pelastamaan t\u00e4m\u00e4 pitk\u00e4 historia; itse asiassa pelastamaan musliminuoret, jotka eiv\u00e4t olleet l\u00f6yt\u00e4neet sopivaa ja luotettavaa l\u00e4hdett\u00e4 lukeakseen kansakunnan historiasta. En todellakaan liioittele sanoessani: Koko maailma \u2013 muslimi tai ei-muslimi \u2013 tarvitsee t\u00e4t\u00e4 loistavaa islamilaista historiaa, sill\u00e4 maailma ei ole koskaan tuntenut mit\u00e4\u00e4n niin loistavaa tai h\u00e4ik\u00e4isev\u00e4\u00e4 kuin se, mit\u00e4 olemme l\u00f6yt\u00e4neet suuresta historiastamme.<\/h1>\n<h1 style=\"text-align: center;\">K\u00e4siss\u00e4mme oleva kirja on er\u00e4\u00e4nlainen apuv\u00e4line!<\/h1>\n<h1 style=\"text-align: center;\">T\u00e4m\u00e4 on arvokas kirja, joka kokoaa taitavasti yhteen valtavan m\u00e4\u00e4r\u00e4n islamilaisen kansakunnan historian k\u00e4\u00e4nnekohtia. T\u00e4m\u00e4 valtava kokoelma ei kuitenkaan johtanut yht\u00e4 valtavaan sivum\u00e4\u00e4r\u00e4\u00e4n! T\u00e4m\u00e4 osoittaa tekij\u00e4n erinomaisen kyvyn valita hy\u00f6dylliset asiat jokaisesta taistelusta ja t\u00e4rke\u00e4t asiat jokaisesta kohtaamisesta. Ehk\u00e4 t\u00e4m\u00e4 on yksi merkitt\u00e4vimmist\u00e4 piirteist\u00e4, jotka erottavat t\u00e4m\u00e4n kirjan muista, sill\u00e4 tekij\u00e4lle on ominaista loistava kyky tiivist\u00e4\u00e4 ja fokusoida, niin ett\u00e4 nelj\u00e4n tai viiden sivun luettuasi valtavasta taistelusta tunnet, ett\u00e4 olet k\u00e4sitellyt kaiken etk\u00e4 tarvitse muita tietoja, kun taas asiantuntijat tiet\u00e4v\u00e4t, ett\u00e4 historioitsija voi kirjoittaa kokonaisia kirjoja t\u00e4llaisista taisteluista!<\/h1>\n<h1 style=\"text-align: center;\">Kirjalle on ominaista my\u00f6s kevyt navigointi islamilaisen historian eri vaiheiden v\u00e4lill\u00e4. Se alkaa profeettojen aikakaudella ja hypp\u00e4\u00e4 sitten sopivalla vauhdilla eri historiallisten aikakausien, kuten Rashidun-, Umayya-, Abbasidien-, Ayyubid-, Mamluk- ja Ottomaanien aikakausien, v\u00e4lill\u00e4. Se ei my\u00f6sk\u00e4\u00e4n unohda maantieteellist\u00e4 navigointia maailman eri kolkissa. Se ulottuu it\u00e4\u00e4n ja kertoo Intian taisteluista ja j\u00e4tt\u00e4\u00e4 id\u00e4n l\u00e4nteen ja kuvailee Andalusian taisteluita!<\/h1>\n<h1 style=\"text-align: center;\">T\u00e4m\u00e4n kirjan toinen erottuva piirre on se, ett\u00e4 se k\u00e4sittelee monia taisteluita, joista monet muslimit eiv\u00e4t tied\u00e4 yksityiskohtia. Itse asiassa en liioittele sanoessani: muslimit eiv\u00e4t edes tied\u00e4 niiden nimi\u00e4! Minulle riitt\u00e4\u00e4, kun mainitsen esimerkiksi Ain al-Tamrin taistelut, Dibalin valloituksen, Talasin taistelun, Somnathin valloituksen, Nikopoliin taistelun, Moh\u00e1csin taistelun ja muita taisteluita, joiden maininta unohdettiin ja joiden sivut peittyiv\u00e4t p\u00f6lyyn, kunnes t\u00e4m\u00e4 kirjoittaja tuli rehellisesti ja huolellisesti paljastamaan totuuden n\u00e4ist\u00e4 ratkaisevista p\u00e4ivist\u00e4.<\/h1>\n<h1 style=\"text-align: center;\">Kaiken edell\u00e4 mainitun lis\u00e4ksi t\u00e4m\u00e4 arvokas kirja erottuu kahdesta asiasta, jotka erottavat sen monista islamilaisen kirjaston teoksista ja tekev\u00e4t siit\u00e4 ainutlaatuisen alallaan.<\/h1>\n<h1 style=\"text-align: center;\">Ensimm\u00e4inen huomio on, ett\u00e4 se ei rajoitu muslimien voittoihin, vaan mainitsee kauniin puolueettomasti ja \u00e4\u00e4rimm\u00e4isen tarkasti t\u00e4rkeimm\u00e4t taistelut, joissa muslimit k\u00e4rsiv\u00e4t tappion! Kuten Uhudin taistelu, Toursin taistelu, Al-Uqabin taistelu ja muut tappiot. T\u00e4m\u00e4 on itse asiassa selke\u00e4 esimerkki kirjoittajan \u00e4lykkyydest\u00e4, sill\u00e4 h\u00e4n osoittaa lukijalle rehellisyytens\u00e4 tapahtumien esittelyss\u00e4 ja korostaa, ett\u00e4 aika on kuin kiertokulku kansojen v\u00e4lill\u00e4. H\u00e4n ei my\u00f6sk\u00e4\u00e4n kiell\u00e4 lukijoilta mahdollisuutta hy\u00f6ty\u00e4 n\u00e4iss\u00e4 taisteluissa opituista t\u00e4rkeist\u00e4 l\u00e4ksyist\u00e4.<\/h1>\n<h1 style=\"text-align: center;\">Toinen asia on, ett\u00e4 kirjoittaja ei pys\u00e4htynyt tapahtumien kertomiseen kuten monet kirjoittajat tekev\u00e4t, vaan h\u00e4n pikemminkin perehtyi asioihin ja etsi voiton tekij\u00f6it\u00e4 ja tappion syit\u00e4, joten kirjan lukija saa mukaansa runsaan kokoelman kansojen nousun tai tuhon syit\u00e4, ja n\u00e4in tarinan kertomisen tavoite saavutetaan; kuten Herramme osoitti meille sanoessaan: {Heid\u00e4n tarinoissaan on todellakin opetus ymm\u00e4rt\u00e4v\u00e4isille} [Yusuf: 111]... Totuus on, ett\u00e4 kirjoittaja loi kaiken t\u00e4m\u00e4n korkealla ja erinomaisella ammattitaidolla.<\/h1>\n<h1 style=\"text-align: center;\">Lopuksi:<\/h1>\n<h1 style=\"text-align: center;\">Kirjailijan t\u00e4m\u00e4 k\u00e4sity\u00f6taito ei est\u00e4nyt h\u00e4nen tyyli\u00e4\u00e4n olemasta herkk\u00e4\u00e4 ja kaunista. Kirjan ilmaisu on eleganttia, sanat kauniita ja esitystapa sulavaa ja nautinnollista, mik\u00e4 lis\u00e4\u00e4 kirjaan loistoa ja eleganssia.<\/h1>\n<h1 style=\"text-align: center;\">Vaikka tied\u00e4nkin, ett\u00e4 t\u00e4m\u00e4 on kirjailijan ensimm\u00e4inen yritys kirjoittaa sotilasaiheista, olen varma, ettei se j\u00e4\u00e4 h\u00e4nen viimeiseksi. Islamilaisen historian taistelut ja niiden yksityiskohdat vaativat satoja niteit\u00e4 ja tuhansia selityksi\u00e4 ja analyysej\u00e4.<\/h1>\n<h1 style=\"text-align: center;\">Allah palkitkoon professori Tamer Badria h\u00e4nen suurista ponnisteluistaan. Neuvoisin h\u00e4nt\u00e4 aina uudistamaan aikomuksensa jokaisen kirjan kohdalla, jotta Allah, Kaikkivaltias, suo h\u00e4nen kirjoilleen laajan levityksen ja suo h\u00e4nelle runsaan palkkion ja kattavan korvauksen.<\/h1>\n<h1 style=\"text-align: center;\">Pyyd\u00e4n Jumalaa kirkastamaan islamia ja muslimeja<\/h1>\n<h1 style=\"text-align: center;\">Professori Dr. Ragheb Al-Sarjani<\/h1>","protected":false},"excerpt":{"rendered":"<p>\u0645\u0642\u062f\u0645\u0629 \u0627\u0644\u0627\u0633\u062a\u0627\u0630 \u0627\u0644\u062f\u0643\u062a\u0648\u0631 \u0631\u0627\u063a\u0628 \u0627\u0644\u0633\u0631\u062c\u0627\u0646\u064a \u0644\u0643\u062a\u0627\u0628 \u0623\u064a\u0627\u0645 \u0644\u0627 \u062a\u0646\u0633\u0649 \u0639\u0627\u0646\u064a \u0627\u0644\u062a\u0627\u0631\u064a\u062e \u0627\u0644\u0625\u0633\u0644\u0627\u0645\u064a \u0643\u062b\u064a\u0631\u064b\u0627 \u0645\u0646 \u0627\u0644\u0625\u0647\u0645\u0627\u0644 \u0639\u0644\u0649 \u0645\u062f\u0627\u0631 \u0627\u0644\u0633\u0646\u0648\u0627\u062a \u0648\u0627\u0644\u0642\u0631\u0648\u0646\u060c \u0648\u0643\u0627\u0646\u062a \u0627\u0644\u0646\u062a\u064a\u062c\u0629 \u0623\u0646 \u0639\u0628\u062b \u0643\u062b\u064a\u0631 \u0645\u0646 \u0627\u0644\u0645\u0633\u062a\u0634\u0631\u0642\u064a\u0646 \u0648\u0627\u0644\u0645\u0633\u062a\u063a\u0631\u0628\u064a\u0646 \u0641\u064a \u0647\u0630\u0627 \u0627\u0644\u062a\u0627\u0631\u064a\u062e\u061b \u0648\u0628\u0627\u0644\u062a\u0627\u0644\u064a \u062e\u0631\u062c \u0644\u0646\u0627 \u0627\u0644\u062a\u0627\u0631\u064a\u062e \u0628\u0635\u0648\u0631\u0629 \u0645\u063a\u0627\u064a\u0631\u0629 \u0643\u062b\u064a\u0631\u064b\u0627 \u0639\u0646 \u0627\u0644\u062d\u0642\u064a\u0642\u0629\u060c \u0648\u0627\u0644\u0623\u0646\u0643\u0649 \u0645\u0646 \u0630\u0644\u0643 \u0623\u0646 \u0627\u0644\u062f\u0631\u0648\u0633 \u0648\u0627\u0644\u0639\u0628\u0631 \u062a\u0627\u0647\u062a \u0648\u0633\u0637 \u0647\u0630\u0647 \u0627\u0644\u062a\u062d\u0631\u064a\u0641\u0627\u062a\u060c \u0641\u0635\u0627\u0631 \u0627\u0644\u062a\u0627\u0631\u064a\u062e \u062f\u0631\u0627\u0633\u0629 \u0623\u0643\u0627\u062f\u064a\u0645\u064a\u0629 \u0644\u0627 \u0645\u0639\u0646\u0649 [&hellip;]<\/p>","protected":false},"featured_media":19689,"comment_status":"open","ping_status":"closed","template":"","meta":{"_seopress_robots_primary_cat":"","_seopress_titles_title":"","_seopress_titles_desc":"","_seopress_robots_index":"","inline_featured_image":false,"_uf_show_specific_survey":0,"_uf_disable_surveys":false},"product_brand":[],"product_cat":[189],"product_tag":[],"class_list":{"0":"post-19575","1":"product","2":"type-product","3":"status-publish","4":"has-post-thumbnail","6":"product_cat-189","8":"first","9":"instock","10":"downloadable","11":"shipping-taxable","12":"purchasable","13":"product-type-simple"},"_links":{"self":[{"href":"https:\/\/tamerbadr.com\/fi\/wp-json\/wp\/v2\/product\/19575","targetHints":{"allow":["GET"]}}],"collection":[{"href":"https:\/\/tamerbadr.com\/fi\/wp-json\/wp\/v2\/product"}],"about":[{"href":"https:\/\/tamerbadr.com\/fi\/wp-json\/wp\/v2\/types\/product"}],"replies":[{"embeddable":true,"href":"https:\/\/tamerbadr.com\/fi\/wp-json\/wp\/v2\/comments?post=19575"}],"wp:featuredmedia":[{"embeddable":true,"href":"https:\/\/tamerbadr.com\/fi\/wp-json\/wp\/v2\/media\/19689"}],"wp:attachment":[{"href":"https:\/\/tamerbadr.com\/fi\/wp-json\/wp\/v2\/media?parent=19575"}],"wp:term":[{"taxonomy":"product_brand","embeddable":true,"href":"https:\/\/tamerbadr.com\/fi\/wp-json\/wp\/v2\/product_brand?post=19575"},{"taxonomy":"product_cat","embeddable":true,"href":"https:\/\/tamerbadr.com\/fi\/wp-json\/wp\/v2\/product_cat?post=19575"},{"taxonomy":"product_tag","embeddable":true,"href":"https:\/\/tamerbadr.com\/fi\/wp-json\/wp\/v2\/product_tag?post=19575"}],"curies":[{"name":"wp","href":"https:\/\/api.w.org\/{rel}","templated":true}]}}