{"id":20178,"date":"2025-03-19T18:42:34","date_gmt":"2025-03-19T18:42:34","guid":{"rendered":"https:\/\/white-ant-267257.hostingersite.com\/?page_id=20178"},"modified":"2025-07-30T19:25:45","modified_gmt":"2025-07-30T19:25:45","slug":"privacy-policy","status":"publish","type":"page","link":"https:\/\/tamerbadr.com\/fi\/privacy-policy","title":{"rendered":"tietosuojak\u00e4yt\u00e4nt\u00f6"},"content":{"rendered":"<div data-elementor-type=\"wp-page\" data-elementor-id=\"20178\" class=\"elementor elementor-20178\" data-elementor-post-type=\"page\">\n\t\t\t\t\t\t<section class=\"elementor-section elementor-top-section elementor-element elementor-element-325f7dc elementor-section-full_width elementor-section-height-default elementor-section-height-default\" data-id=\"325f7dc\" data-element_type=\"section\" data-settings=\"{&quot;background_background&quot;:&quot;classic&quot;}\">\n\t\t\t\t\t\t<div class=\"elementor-container elementor-column-gap-no\">\n\t\t\t\t\t<div class=\"elementor-column elementor-col-100 elementor-top-column elementor-element elementor-element-a5ff8d0\" data-id=\"a5ff8d0\" data-element_type=\"column\">\n\t\t\t<div class=\"elementor-widget-wrap elementor-element-populated\">\n\t\t\t\t\t\t<section class=\"elementor-section elementor-inner-section elementor-element elementor-element-dce55a7 elementor-section-content-middle elementor-section-boxed elementor-section-height-default elementor-section-height-default\" data-id=\"dce55a7\" data-element_type=\"section\" data-settings=\"{&quot;background_background&quot;:&quot;classic&quot;}\">\n\t\t\t\t\t\t<div class=\"elementor-container elementor-column-gap-no\">\n\t\t\t\t\t<div class=\"elementor-column elementor-col-50 elementor-inner-column elementor-element elementor-element-07e74d4\" data-id=\"07e74d4\" data-element_type=\"column\">\n\t\t\t<div class=\"elementor-widget-wrap elementor-element-populated\">\n\t\t\t\t\t\t<div class=\"elementor-element elementor-element-edd75c2 elementor-invisible elementor-widget elementor-widget-heading\" data-id=\"edd75c2\" data-element_type=\"widget\" data-settings=\"{&quot;_animation&quot;:&quot;fadeInLeft&quot;}\" data-widget_type=\"heading.default\">\n\t\t\t\t<div class=\"elementor-widget-container\">\n\t\t\t\t\t<h2 class=\"elementor-heading-title elementor-size-default\">Tamer Badr<\/h2>\t\t\t\t<\/div>\n\t\t\t\t<\/div>\n\t\t\t\t<div class=\"elementor-element elementor-element-3f5a13a elementor-invisible elementor-widget elementor-widget-heading\" data-id=\"3f5a13a\" data-element_type=\"widget\" data-settings=\"{&quot;_animation&quot;:&quot;fadeInRight&quot;}\" data-widget_type=\"heading.default\">\n\t\t\t\t<div class=\"elementor-widget-container\">\n\t\t\t\t\t<h2 class=\"elementor-heading-title elementor-size-default\">tietosuojak\u00e4yt\u00e4nt\u00f6<\/h2>\t\t\t\t<\/div>\n\t\t\t\t<\/div>\n\t\t\t\t\t<\/div>\n\t\t<\/div>\n\t\t\t\t<div class=\"elementor-column elementor-col-50 elementor-inner-column elementor-element elementor-element-a748cf0\" data-id=\"a748cf0\" data-element_type=\"column\">\n\t\t\t<div class=\"elementor-widget-wrap elementor-element-populated\">\n\t\t\t\t\t\t<div class=\"elementor-element elementor-element-7476b1a elementor-position-left elementor-vertical-align-top elementor-widget elementor-widget-image-box\" data-id=\"7476b1a\" data-element_type=\"widget\" data-widget_type=\"image-box.default\">\n\t\t\t\t<div class=\"elementor-widget-container\">\n\t\t\t\t\t<div class=\"elementor-image-box-wrapper\"><figure class=\"elementor-image-box-img\"><img alt=\"\" decoding=\"async\" width=\"170\" height=\"157\" src=\"https:\/\/tamerbadr.com\/wp-content\/uploads\/2022\/10\/service-1.png\" class=\"elementor-animation-bob attachment-full size-full wp-image-515\" \/><\/figure><\/div>\t\t\t\t<\/div>\n\t\t\t\t<\/div>\n\t\t\t\t\t<\/div>\n\t\t<\/div>\n\t\t\t\t\t<\/div>\n\t\t<\/section>\n\t\t\t\t<div class=\"elementor-element elementor-element-9ae5934 elementor-widget__width-auto elementor-absolute elementor-widget elementor-widget-image\" data-id=\"9ae5934\" data-element_type=\"widget\" data-settings=\"{&quot;_position&quot;:&quot;absolute&quot;}\" data-widget_type=\"image.default\">\n\t\t\t\t<div class=\"elementor-widget-container\">\n\t\t\t\t\t\t\t\t\t\t\t\t\t\t\t<img alt=\"\" fetchpriority=\"high\" decoding=\"async\" width=\"956\" height=\"825\" src=\"https:\/\/tamerbadr.com\/wp-content\/uploads\/2022\/10\/about-dot-vector.png\" class=\"attachment-full size-full wp-image-883\" \/>\t\t\t\t\t\t\t\t\t\t\t\t\t\t\t<\/div>\n\t\t\t\t<\/div>\n\t\t\t\t\t<\/div>\n\t\t<\/div>\n\t\t\t\t\t<\/div>\n\t\t<\/section>\n\t\t\t\t<section class=\"elementor-section elementor-top-section elementor-element elementor-element-b661bd3 elementor-section-full_width elementor-section-height-default elementor-section-height-default\" data-id=\"b661bd3\" data-element_type=\"section\" data-settings=\"{&quot;background_background&quot;:&quot;classic&quot;}\">\n\t\t\t\t\t\t<div class=\"elementor-container elementor-column-gap-no\">\n\t\t\t\t\t<div class=\"elementor-column elementor-col-100 elementor-top-column elementor-element elementor-element-e5c672a\" data-id=\"e5c672a\" data-element_type=\"column\">\n\t\t\t<div class=\"elementor-widget-wrap elementor-element-populated\">\n\t\t\t\t\t\t<div class=\"elementor-element elementor-element-e1053d6 elementor-widget__width-auto elementor-absolute elementor-invisible elementor-widget elementor-widget-image\" data-id=\"e1053d6\" data-element_type=\"widget\" data-settings=\"{&quot;_position&quot;:&quot;absolute&quot;,&quot;_animation&quot;:&quot;fadeInLeft&quot;,&quot;_animation_delay&quot;:200}\" data-widget_type=\"image.default\">\n\t\t\t\t<div class=\"elementor-widget-container\">\n\t\t\t\t\t\t\t\t\t\t\t\t\t\t\t<img alt=\"\" decoding=\"async\" width=\"305\" height=\"227\" src=\"https:\/\/tamerbadr.com\/wp-content\/uploads\/2022\/10\/opening-quote-icon.png\" class=\"attachment-full size-full wp-image-1947\" \/>\t\t\t\t\t\t\t\t\t\t\t\t\t\t\t<\/div>\n\t\t\t\t<\/div>\n\t\t\t\t\t<\/div>\n\t\t<\/div>\n\t\t\t\t\t<\/div>\n\t\t<\/section>\n\t\t<div class=\"elementor-element elementor-element-1a52feb e-flex e-con-boxed e-con e-parent\" data-id=\"1a52feb\" data-element_type=\"container\">\n\t\t\t\t\t<div class=\"e-con-inner\">\n\t\t\t\t<div class=\"elementor-element elementor-element-4b1dd68 elementor-widget elementor-widget-text-editor\" data-id=\"4b1dd68\" data-element_type=\"widget\" data-widget_type=\"text-editor.default\">\n\t\t\t\t<div class=\"elementor-widget-container\">\n\t\t\t\t\t\t\t\t\t<h4>Tietosuojak\u00e4yt\u00e4nt\u00f6 - Tamer Badr (tamerbadr.com)<\/h4><h2>Viimeksi p\u00e4ivitetty: (27. maaliskuuta 2025)<\/h2><h1>Tervetuloa Tamer Badrin verkkosivustolle (tamerbadr.com) (\u201dSivusto\u201d, \u201dme\u201d, \u201dmeit\u00e4\u201d tai \u201dmeid\u00e4n\u201d). Olemme sitoutuneet suojelemaan yksityisyytt\u00e4si ja kunnioittamaan henkil\u00f6tietojasi. T\u00e4ss\u00e4 k\u00e4yt\u00e4nn\u00f6ss\u00e4 selitet\u00e4\u00e4n, miten tietojasi ker\u00e4t\u00e4\u00e4n ja k\u00e4ytet\u00e4\u00e4n, kun selaat sivustoamme tai ostat e-kirjoja kaupastamme.<\/h1><p>\u2e3b<\/p><h3 class=\"translation-block\">1. Ker\u00e4\u00e4m\u00e4mme tiedot<\/h3><h2>a) Tiedot, jotka annat meille<\/h2><h1 class=\"translation-block\">Kun teet ostoksia tai olet meihin yhteydess\u00e4, voimme ker\u00e4t\u00e4 seuraavia tietoja:<br> \u2022 koko nimi<br> \u2022 S\u00e4hk\u00f6postiosoite<br> \u2022 puhelinnumero<br> \u2022 Maksutiedot (emme tallenna niit\u00e4, ne k\u00e4sitell\u00e4\u00e4n turvallisten maksupalveluntarjoajien kautta)<\/h1><h2>b) Automaattisesti ker\u00e4tyt tiedot<\/h2><h4 class=\"translation-block\">Kun selaat sivustoamme, saatamme automaattisesti ker\u00e4t\u00e4 joitakin tietoja, kuten:<\/h4><h1 class=\"translation-block\">\u2022 Laitteesi IP-osoite<br> \u2022 Selaintyyppi ja asetukset<br> \u2022 Sivustolla vierailemasi sivut<br> \u2022 Vierailusi kellonaika ja p\u00e4iv\u00e4m\u00e4\u00e4r\u00e4<br> \u2022 Ev\u00e4steet ja muut seurantatekniikat<\/h1><p>\u2e3b<\/p><h3>2. Tietojen k\u00e4ytt\u00f6<\/h3><h2 class=\"translation-block\">K\u00e4yt\u00e4mme tietojasi seuraaviin tarkoituksiin:<\/h2><h1 class=\"translation-block\">\u2022 Tilausten k\u00e4sittely ja e-kirjojen latausmahdollisuuden tarjoaminen.<br> \u2022 Paranna k\u00e4ytt\u00e4j\u00e4kokemusta ja personoi sis\u00e4lt\u00f6\u00e4.<br> \u2022 Markkinointi-ilmoitusten l\u00e4hett\u00e4minen, jos suostut siihen.<br> \u2022 Analysoi sivuston suorituskyky\u00e4 ty\u00f6kaluilla, kuten Google Analyticsilla.<br> \u2022 Noudattaa lakeja ja suojella oikeuksiamme.<\/h1><p>\u2e3b<\/p><h3>3. Verkkokaupan k\u00e4yt\u00e4nt\u00f6<\/h3><h2>a) Maksu:<\/h2><h1 class=\"translation-block\">\u2022 Maksu suoritetaan Instapaylla, Visalla, Vodafone Cashilla tai mill\u00e4 tahansa muulla s\u00e4hk\u00f6isell\u00e4 maksutavalla.<br> \u2022 Emme tallenna maksutietoja, koska maksutapahtumat tehd\u00e4\u00e4n valtuutettujen maksupalveluntarjoajien kautta.<\/h1><h2 class=\"translation-block\">b) Hyvitys:<\/h2><h1 class=\"translation-block\">\u2022 E-kirjoista ei voi hyvitt\u00e4\u00e4 rahaa oston ja latauksen j\u00e4lkeen.<br> \u2022 Jos kirjan lataaminen teknisen ongelman vuoksi estyy, voit ottaa meihin yhteytt\u00e4 ongelman ratkaisemiseksi.<\/h1><h2>c) Lataa e-kirjoja:<\/h2><h1>\u2022 Maksun suorittamisen j\u00e4lkeen k\u00e4ytt\u00e4j\u00e4 voi ladata kirjan suoraan.<\/h1><h1>\u2022 Jos lataamisessa on ongelmia, ota meihin yhteytt\u00e4 yhteydenottosivun kautta.<\/h1><p>\u2e3b<\/p><h3>4. Mainonta ja Google AdSensen k\u00e4ytt\u00f6<\/h3><h1>Sivustomme k\u00e4ytt\u00e4\u00e4 Google AdSense\u00e4 mainosten n\u00e4ytt\u00e4miseen, ja Google voi k\u00e4ytt\u00e4\u00e4 ev\u00e4steit\u00e4 ker\u00e4t\u00e4kseen tietoja vuorovaikutuksestasi mainosten kanssa. Voit kielt\u00e4yty\u00e4 personoiduista mainoksista k\u00e4ym\u00e4ll\u00e4 Googlen mainosasetuksissa. Lis\u00e4tietoja on Googlen tietosuojak\u00e4yt\u00e4nn\u00f6ss\u00e4.<\/h1><p>\u2e3b<\/p><h3>5. Tietojen jakaminen kolmansille osapuolille<\/h3><h2>Emme myy tai jaa henkil\u00f6tietojasi, paitsi:<\/h2><h1>\u2022 Maksupalveluntarjoajat: tilausten k\u00e4sittely\u00e4 varten.<\/h1><h1>\u2022 Lakien noudattaminen: Kun se on tarpeen oikeuksiemme suojelemiseksi tai lain noudattamiseksi.<\/h1><p>\u2e3b<\/p><h3>6. Ev\u00e4steet ja seurantatekniikat<\/h3><h1>K\u00e4yt\u00e4mme ev\u00e4steit\u00e4 k\u00e4ytt\u00f6kokemuksesi parantamiseksi, mit\u00e4 voit hallita selaimesi asetuksista.<\/h1><p>\u2e3b<\/p><h3>7. Tietoturva<\/h3><h1>Toteutamme turvatoimia tietojesi suojaamiseksi, mutta emme voi taata t\u00e4ydellist\u00e4 turvallisuutta verkossa.<\/h1><p>\u2e3b<\/p><h3>8. Oikeutesi<\/h3><h1>Voit pyyt\u00e4\u00e4 tietojesi p\u00e4ivitt\u00e4mist\u00e4 tai poistamista tai markkinointiviestien tilauksen peruuttamista milloin tahansa ottamalla meihin yhteytt\u00e4.<\/h1><p>\u2e3b<\/p><h3>9. K\u00e4yt\u00e4nn\u00f6n muutokset<\/h3><h1>Saatamme p\u00e4ivitt\u00e4\u00e4 tietosuojak\u00e4yt\u00e4nt\u00f6\u00e4mme, ja kaikki muutokset julkaistaan t\u00e4ll\u00e4 sivulla.<\/h1><p>\u2e3b<\/p><h3>10. Yhteydenottoohjeet<\/h3><h1><img decoding=\"async\" class=\"emoji\" role=\"img\" draggable=\"false\" src=\"https:\/\/s.w.org\/images\/core\/emoji\/15.0.3\/svg\/1f4e7.svg\" alt=\"\ud83d\udce7\" \/> info@tamerbadr.com<\/h1><h5><img decoding=\"async\" class=\"emoji\" role=\"img\" draggable=\"false\" src=\"https:\/\/s.w.org\/images\/core\/emoji\/15.0.3\/svg\/1f310.svg\" alt=\"\ud83c\udf10\" \/> <a href=\"https:\/\/tamerbadr.com\/fi\/contact-us\/\">tamerbadr.com\/yhteystiedot<\/a><\/h5><p>\u2e3b<\/p>\t\t\t\t\t\t\t\t<\/div>\n\t\t\t\t<\/div>\n\t\t\t\t\t<\/div>\n\t\t\t\t<\/div>\n\t\t\t\t<section class=\"elementor-section elementor-top-section elementor-element elementor-element-8cea59d elementor-section-full_width elementor-section-height-default elementor-section-height-default elementor-invisible\" data-id=\"8cea59d\" data-element_type=\"section\" data-settings=\"{&quot;animation&quot;:&quot;fadeInUp&quot;}\">\n\t\t\t\t\t\t<div class=\"elementor-container elementor-column-gap-no\">\n\t\t\t\t\t<div class=\"elementor-column elementor-col-100 elementor-top-column elementor-element elementor-element-1914be3\" data-id=\"1914be3\" data-element_type=\"column\" data-settings=\"{&quot;background_background&quot;:&quot;classic&quot;}\">\n\t\t\t<div class=\"elementor-widget-wrap elementor-element-populated\">\n\t\t\t\t\t\t<div class=\"elementor-element elementor-element-e88d76f elementor-widget__width-auto elementor-absolute elementor-invisible elementor-widget elementor-widget-image\" data-id=\"e88d76f\" data-element_type=\"widget\" data-settings=\"{&quot;_position&quot;:&quot;absolute&quot;,&quot;_animation&quot;:&quot;fadeInLeft&quot;,&quot;_animation_delay&quot;:200}\" data-widget_type=\"image.default\">\n\t\t\t\t<div class=\"elementor-widget-container\">\n\t\t\t\t\t\t\t\t\t\t\t\t\t\t\t<img alt=\"\" decoding=\"async\" width=\"305\" height=\"227\" src=\"https:\/\/tamerbadr.com\/wp-content\/uploads\/2022\/10\/opening-quote-icon.png\" class=\"attachment-full size-full wp-image-1947\" \/>\t\t\t\t\t\t\t\t\t\t\t\t\t\t\t<\/div>\n\t\t\t\t<\/div>\n\t\t\t\t\t<\/div>\n\t\t<\/div>\n\t\t\t\t\t<\/div>\n\t\t<\/section>\n\t\t\t\t<\/div>","protected":false},"excerpt":{"rendered":"<p>\u062a\u0627\u0645\u0631 \u0628\u062f\u0631 \u0633\u064a\u0627\u0633\u0629 \u0627\u0644\u062e\u0635\u0648\u0635\u064a\u0629 \u0633\u064a\u0627\u0633\u0629 \u0627\u0644\u062e\u0635\u0648\u0635\u064a\u0629 \u2013 \u062a\u0627\u0645\u0631 \u0628\u062f\u0631 (tamerbadr.com) \u0622\u062e\u0631 \u062a\u062d\u062f\u064a\u062b: (27 \u0645\u0627\u0631\u0633 2025) \u0645\u0631\u062d\u0628\u064b\u0627 \u0628\u0643 \u0641\u064a \u0645\u0648\u0642\u0639 \u062a\u0627\u0645\u0631 \u0628\u062f\u0631 (tamerbadr.com) (\u201c\u0627\u0644\u0645\u0648\u0642\u0639\u201d\u060c \u201c\u0646\u062d\u0646\u201d\u060c \u201c\u0644\u0646\u0627\u201d \u0623\u0648 \u201c\u062e\u0627\u0635\u062a\u0646\u0627\u201d). \u0646\u062d\u0646 \u0646\u0644\u062a\u0632\u0645 \u0628\u062d\u0645\u0627\u064a\u0629 \u062e\u0635\u0648\u0635\u064a\u062a\u0643 \u0648\u0627\u062d\u062a\u0631\u0627\u0645 \u0628\u064a\u0627\u0646\u0627\u062a\u0643 \u0627\u0644\u0634\u062e\u0635\u064a\u0629. \u062a\u0648\u0636\u062d \u0647\u0630\u0647 \u0627\u0644\u0633\u064a\u0627\u0633\u0629 \u0643\u064a\u0641\u064a\u0629 \u062c\u0645\u0639 \u0645\u0639\u0644\u0648\u0645\u0627\u062a\u0643 \u0648\u0627\u0633\u062a\u062e\u062f\u0627\u0645\u0647\u0627 \u0639\u0646\u062f \u062a\u0635\u0641\u062d \u0645\u0648\u0642\u0639\u0646\u0627 \u0623\u0648 \u0634\u0631\u0627\u0621 \u0627\u0644\u0643\u062a\u0628 \u0627\u0644\u0625\u0644\u0643\u062a\u0631\u0648\u0646\u064a\u0629 \u0645\u0646 \u0645\u062a\u062c\u0631\u0646\u0627. \u2e3b 1. \u0627\u0644\u0645\u0639\u0644\u0648\u0645\u0627\u062a \u0627\u0644\u062a\u064a \u0646\u062c\u0645\u0639\u0647\u0627 [&hellip;]<\/p>","protected":false},"author":1,"featured_media":4468,"parent":0,"menu_order":0,"comment_status":"closed","ping_status":"closed","template":"elementor_header_footer","meta":{"_seopress_robots_primary_cat":"","_seopress_titles_title":"","_seopress_titles_desc":"","_seopress_robots_index":"","inline_featured_image":false,"_uf_show_specific_survey":0,"_uf_disable_surveys":false,"footnotes":""},"class_list":["post-20178","page","type-page","status-publish","has-post-thumbnail"],"_links":{"self":[{"href":"https:\/\/tamerbadr.com\/fi\/wp-json\/wp\/v2\/pages\/20178","targetHints":{"allow":["GET"]}}],"collection":[{"href":"https:\/\/tamerbadr.com\/fi\/wp-json\/wp\/v2\/pages"}],"about":[{"href":"https:\/\/tamerbadr.com\/fi\/wp-json\/wp\/v2\/types\/page"}],"author":[{"embeddable":true,"href":"https:\/\/tamerbadr.com\/fi\/wp-json\/wp\/v2\/users\/1"}],"replies":[{"embeddable":true,"href":"https:\/\/tamerbadr.com\/fi\/wp-json\/wp\/v2\/comments?post=20178"}],"version-history":[{"count":0,"href":"https:\/\/tamerbadr.com\/fi\/wp-json\/wp\/v2\/pages\/20178\/revisions"}],"wp:featuredmedia":[{"embeddable":true,"href":"https:\/\/tamerbadr.com\/fi\/wp-json\/wp\/v2\/media\/4468"}],"wp:attachment":[{"href":"https:\/\/tamerbadr.com\/fi\/wp-json\/wp\/v2\/media?parent=20178"}],"curies":[{"name":"wp","href":"https:\/\/api.w.org\/{rel}","templated":true}]}}