{"id":20137,"date":"2025-03-19T15:40:18","date_gmt":"2025-03-19T15:40:18","guid":{"rendered":"https:\/\/white-ant-267257.hostingersite.com\/?page_id=20137"},"modified":"2025-04-06T08:18:15","modified_gmt":"2025-04-06T08:18:15","slug":"the-book-of-the-virtue-of-patience-in-the-face-of-adversity","status":"publish","type":"page","link":"https:\/\/tamerbadr.com\/fi\/the-book-of-the-virtue-of-patience-in-the-face-of-adversity","title":{"rendered":"Kirja k\u00e4rsiv\u00e4llisyyden hyveest\u00e4 vastoink\u00e4ymisten edess\u00e4"},"content":{"rendered":"<div data-elementor-type=\"wp-page\" data-elementor-id=\"20137\" class=\"elementor elementor-20137\" data-elementor-post-type=\"page\">\n\t\t\t\t<div class=\"elementor-element elementor-element-c8c7aab e-flex e-con-boxed e-con e-parent\" data-id=\"c8c7aab\" data-element_type=\"container\">\n\t\t\t\t\t<div class=\"e-con-inner\">\n\t\t<div class=\"elementor-element elementor-element-6483b1a e-con-full e-flex e-con e-child\" data-id=\"6483b1a\" data-element_type=\"container\">\n\t\t\t\t<div class=\"elementor-element elementor-element-6058eb2 elementor-widget elementor-widget-wc-elements\" data-id=\"6058eb2\" data-element_type=\"widget\" data-widget_type=\"wc-elements.default\">\n\t\t\t\t<div class=\"elementor-widget-container\">\n\t\t\t\t\t<div class=\"woocommerce\">\t\t\t<div class=\"single-product\" data-product-page-preselected-id=\"0\">\n\t\t\t\t<div class=\"woocommerce-notices-wrapper\"><\/div><div id=\"product-19573\" class=\"product type-product post-19573 status-publish first instock product_cat-191 has-post-thumbnail downloadable shipping-taxable purchasable product-type-simple\">\n\n\t<div class=\"woocommerce-product-gallery woocommerce-product-gallery--with-images woocommerce-product-gallery--columns-4 images\" data-columns=\"4\" style=\"opacity: 0; transition: opacity .25s ease-in-out;\">\n\t<div class=\"woocommerce-product-gallery__wrapper\">\n\t\t<div data-thumb=\"https:\/\/tamerbadr.com\/wp-content\/uploads\/2025\/03\/\u0641\u0636\u0644-\u0627\u0644\u0635\u0628\u0631-\u0639\u0644\u0649-\u0627\u0644\u0628\u0644\u0627\u0621.jpg\" data-thumb-alt=\"\u0643\u062a\u0627\u0628 \u0641\u0636\u0644 \u0627\u0644\u0635\u0628\u0631 \u0639\u0644\u064a \u0627\u0644\u0628\u0644\u0627\u0621\" data-thumb-srcset=\"\"  data-thumb-sizes=\"(max-width: 71px) 100vw, 71px\" class=\"woocommerce-product-gallery__image\"><a href=\"https:\/\/tamerbadr.com\/wp-content\/uploads\/2025\/03\/\u0641\u0636\u0644-\u0627\u0644\u0635\u0628\u0631-\u0639\u0644\u0649-\u0627\u0644\u0628\u0644\u0627\u0621.jpg\"><img fetchpriority=\"high\" decoding=\"async\" width=\"480\" height=\"676\" src=\"https:\/\/tamerbadr.com\/wp-content\/uploads\/2025\/03\/\u0641\u0636\u0644-\u0627\u0644\u0635\u0628\u0631-\u0639\u0644\u0649-\u0627\u0644\u0628\u0644\u0627\u0621.jpg\" class=\"wp-post-image\" alt=\"Kirja k\u00e4rsiv\u00e4llisyyden hyveest\u00e4 vastoink\u00e4ymisten edess\u00e4\" data-caption=\"\" data-src=\"https:\/\/tamerbadr.com\/wp-content\/uploads\/2025\/03\/\u0641\u0636\u0644-\u0627\u0644\u0635\u0628\u0631-\u0639\u0644\u0649-\u0627\u0644\u0628\u0644\u0627\u0621.jpg\" data-large_image=\"https:\/\/tamerbadr.com\/wp-content\/uploads\/2025\/03\/\u0641\u0636\u0644-\u0627\u0644\u0635\u0628\u0631-\u0639\u0644\u0649-\u0627\u0644\u0628\u0644\u0627\u0621.jpg\" data-large_image_width=\"480\" data-large_image_height=\"676\" \/><\/a><\/div><div data-thumb=\"https:\/\/tamerbadr.com\/wp-content\/uploads\/2025\/03\/\u0645\u0624\u0644\u0641\u0627\u062a-\u062a\u0627\u0645\u0631-\u0628\u062f\u0631-1-6.jpg\" data-thumb-alt=\"\u0643\u062a\u0627\u0628 \u0641\u0636\u0644 \u0627\u0644\u0635\u0628\u0631 \u0639\u0644\u064a \u0627\u0644\u0628\u0644\u0627\u0621 - Kuva 2\" data-thumb-srcset=\"\"  data-thumb-sizes=\"(max-width: 92px) 100vw, 92px\" class=\"woocommerce-product-gallery__image\" data-no-translation-data-thumb-alt=\"\"><a href=\"https:\/\/tamerbadr.com\/wp-content\/uploads\/2025\/03\/\u0645\u0624\u0644\u0641\u0627\u062a-\u062a\u0627\u0645\u0631-\u0628\u062f\u0631-1-6.jpg\"><img decoding=\"async\" width=\"389\" height=\"422\" src=\"https:\/\/tamerbadr.com\/wp-content\/uploads\/2025\/03\/\u0645\u0624\u0644\u0641\u0627\u062a-\u062a\u0627\u0645\u0631-\u0628\u062f\u0631-1-6.jpg\" class=\"\" alt=\"\u0643\u062a\u0627\u0628 \u0641\u0636\u0644 \u0627\u0644\u0635\u0628\u0631 \u0639\u0644\u064a \u0627\u0644\u0628\u0644\u0627\u0621 - Kuva 2\" data-caption=\"CREATOR: gd-jpeg v1.0 (using IJG JPEG v62), quality = 90\" data-src=\"https:\/\/tamerbadr.com\/wp-content\/uploads\/2025\/03\/\u0645\u0624\u0644\u0641\u0627\u062a-\u062a\u0627\u0645\u0631-\u0628\u062f\u0631-1-6.jpg\" data-large_image=\"https:\/\/tamerbadr.com\/wp-content\/uploads\/2025\/03\/\u0645\u0624\u0644\u0641\u0627\u062a-\u062a\u0627\u0645\u0631-\u0628\u062f\u0631-1-6.jpg\" data-large_image_width=\"389\" data-large_image_height=\"422\" data-no-translation-alt=\"\" \/><\/a><\/div>\t<\/div>\n<\/div>\n\n\t<div class=\"summary entry-summary\">\n\t\t<h1 class=\"product_title entry-title\">Kirja k\u00e4rsiv\u00e4llisyyden hyveest\u00e4 vastoink\u00e4ymisten edess\u00e4<\/h1><p class=\"price\"><span class=\"woocommerce-Price-amount amount\"><bdi><span class=\"woocommerce-Price-currencySymbol\">Egyptin punta<\/span>40.00<\/bdi><\/span><\/p>\n\n\t\n\t<form class=\"cart\" action=\"\" method=\"post\" enctype='multipart\/form-data' data-trp-original-action=\"\">\n\t\t\n\t\t<div class=\"quantity\">\n\t\t<label class=\"screen-reader-text\" for=\"quantity_69ff8d52829ae\" data-no-translation=\"\" data-trp-gettext=\"\">\u0643\u062a\u0627\u0628 \u0641\u0636\u0644 \u0627\u0644\u0635\u0628\u0631 \u0639\u0644\u064a \u0627\u0644\u0628\u0644\u0627\u0621 m\u00e4\u00e4r\u00e4<\/label>\n\t<input\n\t\ttype=\"number\"\n\t\t\t\tid=\"quantity_69ff8d52829ae\"\n\t\tclass=\"input-text qty text\"\n\t\tname=\"quantity\"\n\t\tvalue=\"1\"\n\t\taria-label=\"Tuotem\u00e4\u00e4r\u00e4\"\n\t\t\t\tmin=\"1\"\n\t\t\t\t\t\t\tstep=\"1\"\n\t\t\tplaceholder=\"\"\n\t\t\tinputmode=\"numeric\"\n\t\t\tautocomplete=\"off\" data-no-translation-aria-label=\"\"\n\t\t\t\/>\n\t<\/div>\n\n\t\t<button type=\"submit\" name=\"add-to-cart\" value=\"19573\" class=\"single_add_to_cart_button button alt\" data-no-translation=\"\" data-trp-gettext=\"\">Lis\u00e4\u00e4 ostoskoriin<\/button>\n\n\t\t\n        <script>\n            document.addEventListener('DOMContentLoaded', function(){\n                document.addEventListener('click', function(event){\n                    if(!event.target.matches('.single_add_to_cart_button')){\n                        return;\n                    }\n\n                    const quantity = document.querySelector('input.qty').value || '1';\n                    const formProductVariation = document.querySelector('form[data-product_variations]')\n                    const variationItem = document.querySelector('.variation_id')\n\n                    let price = 40\n                    if(formProductVariation && variationItem){\n                        try{\n                            const variations = JSON.parse(formProductVariation.dataset.product_variations)\n                            const variationId = variationItem.value\n                            for(const variation of variations){\n                                if(variation.variation_id == Number(variationId)){\n                                    price = variation.display_price\n                                }\n                            }\n                        }\n                        catch{\n                        }\n                    }\n\n                    gtag('event', 'add_to_cart', {\n                        'items': [ {\n                            'item_id':'19573',\n                            'item_name': '\u0643\u062a\u0627\u0628 \u0641\u0636\u0644 \u0627\u0644\u0635\u0628\u0631 \u0639\u0644\u064a \u0627\u0644\u0628\u0644\u0627\u0621',\n                            'list_name': '\u0643\u062a\u0627\u0628 \u0641\u0636\u0644 \u0627\u0644\u0635\u0628\u0631 \u0639\u0644\u064a \u0627\u0644\u0628\u0644\u0627\u0621',\n                            'quantity': quantity,\n                            'price': price,\n                            \"item_category\":\"\u062f\u064a\u0646 \u0625\u0633\u0644\u0627\u0645\u064a\"\n                        }]\n                    });\n                })\n            });\n        <\/script>\n        \t<input type=\"hidden\" name=\"trp-form-language\" value=\"fi\"\/><\/form>\n\n\t\n<div class=\"product_meta\">\n\n\t\n\t\n\t<span class=\"posted_in\">Osasto: <a href=\"https:\/\/tamerbadr.com\/fi\/tuote-osasto\/%d8%af%d9%8a%d9%86-%d8%a5%d8%b3%d9%84%d8%a7%d9%85%d9%8a\" rel=\"tag\">Islamilainen uskonto<\/a><\/span>\n\t\n\t\n<\/div>\n\t<\/div>\n\n\t\n\t<div class=\"woocommerce-tabs wc-tabs-wrapper\">\n\t\t<ul class=\"tabs wc-tabs\" role=\"tablist\">\n\t\t\t\t\t\t\t<li role=\"presentation\" class=\"description_tab\" id=\"tab-title-description\">\n\t\t\t\t\t<a href=\"#tab-description\" role=\"tab\" aria-controls=\"tab-description\">\n\t\t\t\t\t\tKuvaus\t\t\t\t\t<\/a>\n\t\t\t\t<\/li>\n\t\t\t\t\t\t\t<li role=\"presentation\" class=\"reviews_tab\" id=\"tab-title-reviews\">\n\t\t\t\t\t<a href=\"#tab-reviews\" role=\"tab\" aria-controls=\"tab-reviews\">\n\t\t\t\t\t\tArviot (0)\t\t\t\t\t<\/a>\n\t\t\t\t<\/li>\n\t\t\t\t\t<\/ul>\n\t\t\t\t\t<div class=\"woocommerce-Tabs-panel woocommerce-Tabs-panel--description panel entry-content wc-tab\" id=\"tab-description\" role=\"tabpanel\" aria-labelledby=\"tab-title-description\">\n\t\t\t\t\n\t<h2 data-no-translation=\"\" data-trp-gettext=\"\">Kuvaus<\/h2>\n\n<h1 style=\"text-align: center;\"><strong>\u0160eikki Muhammad Hassanin johdanto kirjaan K\u00e4rsiv\u00e4llisyyden hyve vastoink\u00e4ymisten edess\u00e4<\/strong><\/h1>\n<h1 style=\"text-align: center;\">Ylistys olkoon Jumalalle, ja Jumalan rukoukset ja rauha olkoot Jumalan sanansaattajan yll\u00e4, Jumala siunatkoon h\u00e4nt\u00e4 ja suokoon h\u00e4nelle rauhan.<\/h1>\n<h1 style=\"text-align: center;\">Kaikkivaltias Allah teki k\u00e4rsiv\u00e4llisyydest\u00e4 pett\u00e4m\u00e4tt\u00f6m\u00e4n hevosen, voittamattoman armeijan ja tuhoutumattoman linnoituksen. H\u00e4n, Kaikkivaltias, sanoi, ett\u00e4 k\u00e4rsiv\u00e4lliset ovat Allahin seurassa ja H\u00e4n rakastaa heit\u00e4. Mik\u00e4 kunnia!!<\/h1>\n<h1 style=\"text-align: center;\">Kaikkivaltias Jumala sanoi: &quot;Totisesti, Allah on k\u00e4rsiv\u00e4llisten kanssa.&quot; (Al-Baqarah: 153)<\/h1>\n<h1 style=\"text-align: center;\">Kaikkivaltias Jumala sanoi: &quot;Ja Jumala rakastaa k\u00e4rsiv\u00e4llisi\u00e4.&quot; (Al Imran: 146)<\/h1>\n<h1 style=\"text-align: center;\">Ja H\u00e4n teki uskonnon johtajuuden riippuvaiseksi k\u00e4rsiv\u00e4llisyydest\u00e4 ja varmuudesta, joten H\u00e4n, Kaikkivaltias, sanoi: &quot;Ja Me teimme heid\u00e4n keskuudestaan johtajia, jotka opastivat k\u00e4skymme mukaan, kun he olivat k\u00e4rsiv\u00e4llisi\u00e4 ja varmoja merkeist\u00e4mme.&quot; [As-Sajdah: 24]<\/h1>\n<h1 style=\"text-align: center;\">Ja H\u00e4n on koonnut k\u00e4rsiv\u00e4llisille n\u00e4m\u00e4 ilosanomat, joita H\u00e4n ei ole koonnut toisille, joten H\u00e4n, Korkein, sanoi: &quot;Ja Me koettelemme teit\u00e4 varmasti pelolla ja n\u00e4l\u00e4ll\u00e4 sek\u00e4 vaurauden, hengen ja hedelmien menetyksell\u00e4, mutta kertokaa ilosanomia k\u00e4rsiv\u00e4llisille, (155) jotka onnettomuuden iskiess\u00e4 sanovat: &quot;Totisesti, me kuulumme Jumalalle, ja totisesti H\u00e4nen luokseen me palaamme.&quot; (156) Heill\u00e4 on Herransa siunaus ja armo. Ja juuri ne ovat [oikeaan] johdatettuja.&quot; (157) [Al-Baqarah]<\/h1>\n<h1 style=\"text-align: center;\">Sitten Kaikkivaltias selitti k\u00e4rsiv\u00e4llisten kunnian Paratiisissa enkelien astuessa sis\u00e4\u00e4n tervehtim\u00e4\u00e4n heit\u00e4, kuten H\u00e4n, Kaikkivaltias, sanoi: &quot;Ja enkelit k\u00e4yv\u00e4t heid\u00e4n luokseen jokaisesta portista [sanoen]: &#039;Rauha olkoon teille siit\u00e4, mit\u00e4 olette k\u00e4rsiv\u00e4llisesti kest\u00e4neet. Ja ihana on lopullinen koti!&#039;&quot; (Al-Ra&#039;d).<\/h1>\n<h1 style=\"text-align: center;\">H\u00e4n tiivisti heid\u00e4n ansiot ja rajattoman palkkionsa sanoen: &quot;Vain k\u00e4rsiv\u00e4lliselle annetaan heid\u00e4n palkkionsa kokonaisuudessaan, ilman tili\u00e4.&quot; (Az-Zumar: 10)<\/h1>\n<h1 style=\"text-align: center;\">Kyll\u00e4, k\u00e4rsiv\u00e4llisyys on nimens\u00e4 mukaisesti karvas, mutta sen seuraukset makeampia kuin hunaja.<\/h1>\n<h1 style=\"text-align: center;\">Mit\u00e4 on k\u00e4rsiv\u00e4llisyys?<\/h1>\n<h1 style=\"text-align: center;\">K\u00e4rsiv\u00e4llisyys kieless\u00e4: on ennaltaehk\u00e4isy\u00e4 ja rajoittamista.<\/h1>\n<h1 style=\"text-align: center;\">Islamilaisen lain mukaan k\u00e4rsiv\u00e4llisyys tarkoittaa itsens\u00e4 pid\u00e4tt\u00e4ytymist\u00e4 murehtimisesta, kielen pid\u00e4tt\u00e4ytymist\u00e4 valittamisesta ja raajojen pid\u00e4tt\u00e4ytymist\u00e4 syntien tekemisest\u00e4.<\/h1>\n<h1 style=\"text-align: center;\">* Se on jaettu kolmeen osaan:<\/h1>\n<h1 style=\"text-align: center;\">K\u00e4rsiv\u00e4llisyytt\u00e4 k\u00e4skyjen kanssa. Eli k\u00e4rsiv\u00e4llisyytt\u00e4 tottelevaisuuden kanssa.<\/h1>\n<h1 style=\"text-align: center;\">- Ja k\u00e4rsiv\u00e4llisyytt\u00e4 kielletyn v\u00e4ltt\u00e4misess\u00e4. Eli k\u00e4rsiv\u00e4llisyytt\u00e4 synnin v\u00e4ltt\u00e4misess\u00e4.<\/h1>\n<h1 style=\"text-align: center;\">- K\u00e4rsiv\u00e4llisyys kohtalon edess\u00e4. Eli k\u00e4rsiv\u00e4llisyytt\u00e4 niiden onnettomuuksien ja koettelemusten edess\u00e4, jotka Kaikkivaltias Jumala on m\u00e4\u00e4r\u00e4nnyt palvelijalle.<\/h1>\n<h1 style=\"text-align: center;\">Kaunista k\u00e4rsiv\u00e4llisyytt\u00e4 on se, jonka omistaja pyrkii Allahin, Korkeimman, Suurimman, mielisuosioon, ei pel\u00e4ten ihmisi\u00e4, jottei he sanoisi h\u00e4nen olevan k\u00e4rsim\u00e4t\u00f6n, eik\u00e4 kaunistellakseen ihmisten vuoksi, jottei he sanoisi h\u00e4nen olevan k\u00e4rsiv\u00e4llinen. Pikemminkin h\u00e4n on k\u00e4rsiv\u00e4llinen, uskoen Allahin s\u00e4\u00e4d\u00f6kseen, sek\u00e4 hyv\u00e4\u00e4n ett\u00e4 pahaan, nousten tuskan ja valituksen yl\u00e4puolelle.<\/h1>\n<h1 style=\"text-align: center;\">Selvityksen mukaan valituksia on kahdenlaisia:<\/h1>\n<h1 style=\"text-align: center;\">Valitus Jumalalle ja valitus Jumalalta!!<\/h1>\n<h1 style=\"text-align: center;\">Mit\u00e4 tulee valittamiseen Jumalalle, se ei ole ristiriidassa k\u00e4rsiv\u00e4llisyyden kanssa, kuten Jumala sanoi Jaakobin kertomuksessa (rauha olkoon h\u00e4nen p\u00e4\u00e4ll\u00e4\u00e4n): &quot;Joten k\u00e4rsiv\u00e4llisyys on eritt\u00e4in sopivaa, ja Jumalalta haetaan apua kuvailemaasi vastaan.&quot; (Jousuf: 18)<\/h1>\n<h1 style=\"text-align: center;\">H\u00e4n kuitenkin esitti valituksensa Jumalalle sanoen: &quot;Valitan vain k\u00e4rsimyksest\u00e4ni ja surustani Jumalalle&quot; (Juusuf: 86).<\/h1>\n<h1 style=\"text-align: center;\">Kaikkivaltias Jumala ylisti Jobia, rauha olkoon h\u00e4nen p\u00e4\u00e4ll\u00e4\u00e4n, mutta h\u00e4n nosti valituksensa Jumalalle sanoen: &quot;Ja kun Job huusi Herraansa: &#039;Totisesti, vastoink\u00e4ymiset ovat kohdanneet minua, ja sin\u00e4 olet armollisimmista armollisin.&#039;&quot; (Al-Anbiya: 83)<\/h1>\n<h1 style=\"text-align: center;\">Viisaan uskovan tulisi tiet\u00e4\u00e4, ett\u00e4 t\u00e4m\u00e4 maailma on koettelemusten ja testausten paikka, ja sen ilo on unia ja ohikiit\u00e4v\u00e4 varjo. Jos se saa sinut nauramaan v\u00e4h\u00e4n, se saa sinut itkem\u00e4\u00e4n paljon. Jos se tekee sinut iloiseksi p\u00e4iv\u00e4n, se tekee sinut surulliseksi koko el\u00e4m\u00e4n ajan. Jos se antaa sinulle v\u00e4h\u00e4n nautintoa, se riist\u00e4\u00e4 sinulta sit\u00e4 pitk\u00e4ksi aikaa. Ja jokaista iloa kohden on suru!!<\/h1>\n<h1 style=\"text-align: center;\">Viisas ihminen katsoo ymm\u00e4rryksens\u00e4 ja uskonsa valossa ja tiet\u00e4\u00e4 varmasti, ettei se, mik\u00e4 h\u00e4nt\u00e4 kohtasi, voinut sattua h\u00e4nelle ik\u00e4v\u00e4sti ja ett\u00e4 se, mik\u00e4 h\u00e4nt\u00e4 kohtasi, ei voinut sattua h\u00e4nelle. Niinp\u00e4 h\u00e4n katsoo Kaikkivaltiaan Jumalan Kirjaan ja H\u00e4nen L\u00e4hettil\u00e4\u00e4ns\u00e4, Jumala siunatkoon h\u00e4nt\u00e4 ja antakoon h\u00e4nelle rauhan, sunnaan ymm\u00e4rt\u00e4\u00e4kseen k\u00e4rsiv\u00e4llisyyden palkinnon.<\/h1>\n<h1 style=\"text-align: center;\">Sitten h\u00e4n sammuttakoon onnettomuuksien ja koettelemusten tulen seuraamalla kylm\u00e4sti niiden esimerkki\u00e4, joita on koettu, erityisesti l\u00e4hettil\u00e4iden ja profeettojen.<\/h1>\n<h1 style=\"text-align: center;\">Sitten, jos h\u00e4n katsoisi ja etsisi maan ihmisten joukosta, h\u00e4n ei n\u00e4kisi heid\u00e4n joukossaan ket\u00e4\u00e4n muuta kuin jonkun, joka on k\u00e4rsinyt rakkaan ihmisen menetyksest\u00e4 tai jostain ep\u00e4miellytt\u00e4v\u00e4st\u00e4!<\/h1>\n<h1 style=\"text-align: center;\">Kuinka paljon tarvitsemmekaan jatkuvaa muistutusta aikana, jolloin koettelemuksia ja vastoink\u00e4ymisi\u00e4 on paljon ja ne ovat vakavia.<\/h1>\n<h1 style=\"text-align: center;\">Kiitos k\u00e4rsiv\u00e4llisyydest\u00e4 vastoink\u00e4ymisten edess\u00e4, vastoink\u00e4ymisten taustalla olevan viisauden ymm\u00e4rt\u00e4misest\u00e4, vastoink\u00e4ymisten tyyppien oppimisesta, sanansaattajien ja profeettojen esimerkin seuraamisesta sek\u00e4 muista t\u00e4h\u00e4n jaloon aiheeseen liittyvist\u00e4 t\u00e4rkeist\u00e4 asioista.<\/h1>\n<h1 style=\"text-align: center;\">Minulla on k\u00e4siss\u00e4ni mukava viesti t\u00e4st\u00e4 asiasta rakkaalta veljelt\u00e4mme Tamer Badrilta. Jumala palkitkoon h\u00e4net hyv\u00e4ll\u00e4 ja tehk\u00f6\u00f6n meist\u00e4 ja h\u00e4nest\u00e4 k\u00e4rsiv\u00e4llisten joukkoon ja ilahduttakoon H\u00e4n meid\u00e4n kaikkien silmi\u00e4 t\u00e4m\u00e4n uskonnon voitolla. Jumalan rukoukset ja rauha olkoon profeettojen johtajan ja kaikkien h\u00e4nen perheidens\u00e4 ja kumppaneidensa yll\u00e4.<\/h1>\n<h1 style=\"text-align: center;\">Kirjoittanut<\/h1>\n\t\t\t<\/div>\n\t\t\t\t\t<div class=\"woocommerce-Tabs-panel woocommerce-Tabs-panel--reviews panel entry-content wc-tab\" id=\"tab-reviews\" role=\"tabpanel\" aria-labelledby=\"tab-title-reviews\">\n\t\t\t\t<div id=\"reviews\" class=\"woocommerce-Reviews\">\n\t<div id=\"comments\">\n\t\t<h2 class=\"woocommerce-Reviews-title\">\n\t\t\tArviot\t\t<\/h2>\n\n\t\t\t\t\t<p class=\"woocommerce-noreviews\" data-no-translation=\"\" data-trp-gettext=\"\">Tuotearvioita ei viel\u00e4 ole.<\/p>\n\t\t\t<\/div>\n\n\t\t\t<div id=\"review_form_wrapper\">\n\t\t\t<div id=\"review_form\">\n\t\t\t\t\t<div id=\"respond\" class=\"comment-respond\">\n\t\t<span id=\"reply-title\" class=\"comment-reply-title\" role=\"heading\" aria-level=\"3\">Kirjoita ensimm\u00e4inen arvio tuotteelle &ldquo;\u0643\u062a\u0627\u0628 \u0641\u0636\u0644 \u0627\u0644\u0635\u0628\u0631 \u0639\u0644\u064a \u0627\u0644\u0628\u0644\u0627\u0621&rdquo; <small><a rel=\"nofollow\" id=\"cancel-comment-reply-link\" href=\"\/fi\/wp-json\/wp\/v2\/pages\/20137#respond\" style=\"display:none;\">Peruuta vastaus<\/a><\/small><\/span><p class=\"must-log-in\" data-no-translation=\"\" data-trp-gettext=\"\">Sinun on <a href=\"https:\/\/tamerbadr.com\/fi\/\">kirjauduttava sis\u00e4\u00e4n<\/a> kun haluat kirjoittaa arvioinnin.<\/p>\t<\/div><!-- #respond -->\n\t\t\t\t<\/div>\n\t\t<\/div>\n\t\n\t<div class=\"clear\"><\/div>\n<\/div>\n\t\t\t<\/div>\n\t\t\n\t\t\t<\/div>\n\n<\/div>\n\n\t\t\t<\/div>\n\t\t\t<\/div>\t\t\t\t<\/div>\n\t\t\t\t<\/div>\n\t\t\t\t<\/div>\n\t\t\t\t\t<\/div>\n\t\t\t\t<\/div>\n\t\t\t\t<\/div>","protected":false},"excerpt":{"rendered":"","protected":false},"author":1,"featured_media":0,"parent":0,"menu_order":0,"comment_status":"closed","ping_status":"closed","template":"elementor_header_footer","meta":{"_seopress_robots_primary_cat":"","_seopress_titles_title":"","_seopress_titles_desc":"","_seopress_robots_index":"","inline_featured_image":false,"_uf_show_specific_survey":0,"_uf_disable_surveys":false,"footnotes":""},"class_list":["post-20137","page","type-page","status-publish"],"_links":{"self":[{"href":"https:\/\/tamerbadr.com\/fi\/wp-json\/wp\/v2\/pages\/20137","targetHints":{"allow":["GET"]}}],"collection":[{"href":"https:\/\/tamerbadr.com\/fi\/wp-json\/wp\/v2\/pages"}],"about":[{"href":"https:\/\/tamerbadr.com\/fi\/wp-json\/wp\/v2\/types\/page"}],"author":[{"embeddable":true,"href":"https:\/\/tamerbadr.com\/fi\/wp-json\/wp\/v2\/users\/1"}],"replies":[{"embeddable":true,"href":"https:\/\/tamerbadr.com\/fi\/wp-json\/wp\/v2\/comments?post=20137"}],"version-history":[{"count":0,"href":"https:\/\/tamerbadr.com\/fi\/wp-json\/wp\/v2\/pages\/20137\/revisions"}],"wp:attachment":[{"href":"https:\/\/tamerbadr.com\/fi\/wp-json\/wp\/v2\/media?parent=20137"}],"curies":[{"name":"wp","href":"https:\/\/api.w.org\/{rel}","templated":true}]}}